{"id":10100,"date":"2020-10-05T09:53:21","date_gmt":"2020-10-05T07:53:21","guid":{"rendered":"https:\/\/sinedjib.com\/?page_id=10100"},"modified":"2023-05-08T12:05:01","modified_gmt":"2023-05-08T10:05:01","slug":"quatrieme-internationale","status":"publish","type":"page","link":"https:\/\/sinedjib.com\/index.php\/quatrieme-internationale\/","title":{"rendered":"Quatri\u00e8me Internationale"},"content":{"rendered":"\n<div class=\"wp-block-media-text alignwide is-stacked-on-mobile is-image-fill\"><figure class=\"wp-block-media-text__media\" style=\"background-image:url(https:\/\/sinedjib.com\/wp-content\/uploads\/2020\/09\/Quatrieme-Internationale-juillet-1965.png);background-position:55.00000000000001% 17%\"><img data-recalc-dims=\"1\" loading=\"lazy\" decoding=\"async\" width=\"397\" height=\"627\" data-attachment-id=\"10018\" data-permalink=\"https:\/\/sinedjib.com\/index.php\/2020\/09\/27\/defense-revolution-algerienne\/quatrieme-internationale-juillet-1965\/\" data-orig-file=\"https:\/\/i0.wp.com\/sinedjib.com\/wp-content\/uploads\/2020\/09\/Quatrieme-Internationale-juillet-1965.png?fit=397%2C627&amp;ssl=1\" data-orig-size=\"397,627\" data-comments-opened=\"1\" data-image-meta=\"{&quot;aperture&quot;:&quot;0&quot;,&quot;credit&quot;:&quot;&quot;,&quot;camera&quot;:&quot;&quot;,&quot;caption&quot;:&quot;&quot;,&quot;created_timestamp&quot;:&quot;0&quot;,&quot;copyright&quot;:&quot;&quot;,&quot;focal_length&quot;:&quot;0&quot;,&quot;iso&quot;:&quot;0&quot;,&quot;shutter_speed&quot;:&quot;0&quot;,&quot;title&quot;:&quot;&quot;,&quot;orientation&quot;:&quot;0&quot;}\" data-image-title=\"Quatrieme-Internationale-juillet-1965\" data-image-description=\"\" data-image-caption=\"\" data-large-file=\"https:\/\/i0.wp.com\/sinedjib.com\/wp-content\/uploads\/2020\/09\/Quatrieme-Internationale-juillet-1965.png?fit=397%2C627&amp;ssl=1\" src=\"https:\/\/i0.wp.com\/sinedjib.com\/wp-content\/uploads\/2020\/09\/Quatrieme-Internationale-juillet-1965.png?resize=397%2C627&#038;ssl=1\" alt=\"\" class=\"wp-image-10018 size-full\" srcset=\"https:\/\/i0.wp.com\/sinedjib.com\/wp-content\/uploads\/2020\/09\/Quatrieme-Internationale-juillet-1965.png?w=397&amp;ssl=1 397w, https:\/\/i0.wp.com\/sinedjib.com\/wp-content\/uploads\/2020\/09\/Quatrieme-Internationale-juillet-1965.png?resize=190%2C300&amp;ssl=1 190w\" sizes=\"auto, (max-width: 397px) 100vw, 397px\" \/><\/figure><div class=\"wp-block-media-text__content\">\n<p class=\"has-large-font-size\"><strong>Cette page recense les 26 articles de <em>Quatri\u00e8me Internationale<\/em> publi\u00e9s sur ce site depuis le 27 septembre 2020.<\/strong> <strong>Cette revue trotskiste a paru de 1942 \u00e0 1992.<\/strong> <strong>Les sommaires sont consultables sur le site <a rel=\"noreferrer noopener\" href=\"http:\/\/association-radar.org\/?-Revue-\" target=\"_blank\">RaDAR<\/a>.<\/strong><\/p>\n<\/div><\/div>\n\n\n\n<p>Pierre Frank, \u00ab\u00a0\u00ab&nbsp;J\u2019ai choisi la libert\u00e9&nbsp;\u00bb de V. A. Kravchenko\u00a0\u00bb, paru dans <em>Quatri\u00e8me Internationale<\/em>, juillet-ao\u00fbt 1947. <a href=\"https:\/\/sinedjib.com\/index.php\/2022\/07\/11\/pierre-frank-jai-choisi-la-liberte-de-v-a-kravchenko\/\">Lien<\/a><\/p>\n\n\n\n<p>Ernest Mandel alias Henri Vallin, \u00ab\u00a0Un excellent roman r\u00e9volutionnaire\u00a0\u00bb,<strong> <\/strong>paru dans <em>Quatri\u00e8me Internationale<\/em>, n\u00b0 46, mars-juin 1949. <a href=\"https:\/\/sinedjib.com\/index.php\/2022\/07\/13\/ernest-mandel-un-excellent-roman-revolutionnaire\/\">Lien<\/a><\/p>\n\n\n\n<p>Ernest Mandel alias E. Germain, \u00ab\u00a0Quelques aspects de la critique et de l\u2019autocritique en U.R.S.S. par M. Bace\u00a0\u00bb, paru dans <em>Quatri\u00e8me Internationale<\/em>, 8\u00e8me ann\u00e9e, Volume 8, nos 8-10, ao\u00fbt-octobre 1950. <a href=\"https:\/\/sinedjib.com\/index.php\/2023\/04\/16\/ernest-mandel-quelques-aspects-de-la-critique-et-de-lautocritique-en-u-r-s-s-par-m-bace\/\">Lien<\/a><\/p>\n\n\n\n<div class=\"wp-block-media-text alignwide has-media-on-the-right is-stacked-on-mobile is-image-fill\"><figure class=\"wp-block-media-text__media\" style=\"background-image:url(https:\/\/sinedjib.com\/wp-content\/uploads\/2022\/07\/Quatrieme-Internationale-juillet-1953.png);background-position:57.99999999999999% 54%\"><img data-recalc-dims=\"1\" loading=\"lazy\" decoding=\"async\" width=\"387\" height=\"602\" data-attachment-id=\"16590\" data-permalink=\"https:\/\/sinedjib.com\/index.php\/quatrieme-internationale\/quatrieme-internationale-juillet-1953-2\/\" data-orig-file=\"https:\/\/i0.wp.com\/sinedjib.com\/wp-content\/uploads\/2022\/07\/Quatrieme-Internationale-juillet-1953.png?fit=387%2C602&amp;ssl=1\" data-orig-size=\"387,602\" data-comments-opened=\"1\" data-image-meta=\"{&quot;aperture&quot;:&quot;0&quot;,&quot;credit&quot;:&quot;&quot;,&quot;camera&quot;:&quot;&quot;,&quot;caption&quot;:&quot;&quot;,&quot;created_timestamp&quot;:&quot;0&quot;,&quot;copyright&quot;:&quot;&quot;,&quot;focal_length&quot;:&quot;0&quot;,&quot;iso&quot;:&quot;0&quot;,&quot;shutter_speed&quot;:&quot;0&quot;,&quot;title&quot;:&quot;&quot;,&quot;orientation&quot;:&quot;0&quot;}\" data-image-title=\"Quatrieme-Internationale-juillet-1953\" data-image-description=\"\" data-image-caption=\"\" data-large-file=\"https:\/\/i0.wp.com\/sinedjib.com\/wp-content\/uploads\/2022\/07\/Quatrieme-Internationale-juillet-1953.png?fit=387%2C602&amp;ssl=1\" src=\"https:\/\/i0.wp.com\/sinedjib.com\/wp-content\/uploads\/2022\/07\/Quatrieme-Internationale-juillet-1953.png?resize=387%2C602&#038;ssl=1\" alt=\"\" class=\"wp-image-16590 size-full\" srcset=\"https:\/\/i0.wp.com\/sinedjib.com\/wp-content\/uploads\/2022\/07\/Quatrieme-Internationale-juillet-1953.png?w=387&amp;ssl=1 387w, https:\/\/i0.wp.com\/sinedjib.com\/wp-content\/uploads\/2022\/07\/Quatrieme-Internationale-juillet-1953.png?resize=193%2C300&amp;ssl=1 193w\" sizes=\"auto, (max-width: 387px) 100vw, 387px\" \/><\/figure><div class=\"wp-block-media-text__content\">\n<p class=\"has-normal-font-size\"> \u00ab\u00a0Les perspectives de la \u00ab&nbsp;guerre froide&nbsp;\u00bb\u00a0\u00bb, paru dans <em>Quatri\u00e8me Internationale<\/em>, n\u00b0 5-7, juillet 1953. <a href=\"https:\/\/sinedjib.com\/index.php\/2021\/10\/07\/les-perspectives-de-la-guerre-froide\/\">Lien<\/a><\/p>\n\n\n\n<p> Mikhalis Raptis dit Michel Pablo, \u00ab\u00a0L\u2019accus\u00e9, par Alexandre Weissberg\u00a0\u00bb, paru dans <em>Quatri\u00e8me Internationale<\/em>, n\u00b0 5-7, juillet 1953. <a href=\"https:\/\/sinedjib.com\/index.php\/2022\/07\/16\/mikhalis-raptis-laccuse-par-alexandre-weissberg\/\">Lien<\/a> <\/p>\n<\/div><\/div>\n\n\n\n<p>Mikhalis Raptis dit Michel Pablo, \u00ab\u00a0Les \u00e2mes mortes d\u2019une intelligenzia d\u00e9sempar\u00e9e (\u00c0 propos des \u00ab\u00a0Mandarins\u00a0\u00bb)\u00a0\u00bb, paru dans <em>Quatri\u00e8me Internationale<\/em>, mars 1955. <a href=\"https:\/\/sinedjib.com\/index.php\/2022\/07\/20\/mikhalis-raptis-les-ames-mortes-dune-intelligenzia-desemparee-a-propos-des-mandarins\/\">Lien<\/a><\/p>\n\n\n\n<p>Mikhalis Raptis dit Michel Pablo, \u00ab\u00a0L\u2019Opium des intellectuels de R. Aron\u00a0\u00bb, paru dans <em>Quatri\u00e8me Internationale<\/em>, 13e ann\u00e9e, Vol. 13, nos 7-10, octobre 1955. <a href=\"https:\/\/sinedjib.com\/index.php\/2023\/04\/15\/mikhalis-raptis-lopium-des-intellectuels-de-r-aron\/\">Lien<\/a><\/p>\n\n\n\n<p>\u00ab\u00a0Les Antilles d\u00e9colonis\u00e9es, de Daniel Gu\u00e9rin\u00a0\u00bb, paru dans <em>Quatri\u00e8me Internationale<\/em>, n\u00b0 1-3, mars 1957. <a href=\"https:\/\/sinedjib.com\/index.php\/2022\/07\/09\/les-antilles-decolonisees-de-daniel-guerin\/\">Lien<\/a><\/p>\n\n\n\n<p>Pierre Frank, \u00ab\u00a0L\u2019homme ne vit pas seulement de pain, de Vladimir Doudintsev\u00a0\u00bb, paru dans <em>Quatri\u00e8me Internationale<\/em>, n\u00b0 4-6, juin-juillet 1957. <a href=\"https:\/\/sinedjib.com\/index.php\/2022\/07\/22\/pierre-frank-lhomme-ne-vit-pas-seulement-de-pain-de-vladimir-doudintsev\/\">Lien<\/a><\/p>\n\n\n\n<p>Pierre Frank, \u00ab\u00a0La nouvelle classe, de M. Djilas\u00a0\u00bb, paru dans <em>Quatri\u00e8me Internationale<\/em>, 15e ann\u00e9e, Vol. 15, n\u00b0 7-10, octobre-novembre 1957. <a href=\"https:\/\/sinedjib.com\/index.php\/2022\/08\/23\/pierre-frank-la-nouvelle-classe-de-m-djilas\/\">Lien<\/a><\/p>\n\n\n\n<p> Mikhalis Raptis dit Michel Pablo, \u00ab\u00a0Lettre polonaise sur la mis\u00e8re intellectuelle en France, de Dionys Mascolo\u00a0\u00bb, paru dans <em>Quatri\u00e8me Internationale<\/em>, n\u00b0 1, janvier 1958. <a href=\"https:\/\/sinedjib.com\/index.php\/2022\/07\/18\/mikhalis-raptis-lettre-polonaise-sur-la-misere-intellectuelle-en-france-de-dionys-mascolo\/\">Lien<\/a><\/p>\n\n\n\n<p>Pierre Frank, \u00ab\u00a0De quelques \u00ab&nbsp;autocritiques&nbsp;\u00bb\u00a0\u00bb, paru dans <em>Quatri\u00e8me Internationale<\/em>, 17e ann\u00e9e, n\u00b0 7, septembre-octobre 1959. <a href=\"https:\/\/sinedjib.com\/index.php\/2022\/08\/14\/pierre-frank-de-quelques-autocritiques\/\">Lien<\/a><\/p>\n\n\n\n<div class=\"wp-block-media-text alignwide is-stacked-on-mobile is-image-fill\"><figure class=\"wp-block-media-text__media\" style=\"background-image:url(https:\/\/sinedjib.com\/wp-content\/uploads\/2022\/04\/Quatrieme-Internationale-avril-1962.png);background-position:66% 70%\"><img data-recalc-dims=\"1\" loading=\"lazy\" decoding=\"async\" width=\"351\" height=\"539\" data-attachment-id=\"16036\" data-permalink=\"https:\/\/sinedjib.com\/index.php\/2022\/04\/20\/mikhalis-raptis-les-damnes-de-la-terre-de-frantz-fanon\/quatrieme-internationale-avril-1962\/\" data-orig-file=\"https:\/\/i0.wp.com\/sinedjib.com\/wp-content\/uploads\/2022\/04\/Quatrieme-Internationale-avril-1962.png?fit=351%2C539&amp;ssl=1\" data-orig-size=\"351,539\" data-comments-opened=\"1\" data-image-meta=\"{&quot;aperture&quot;:&quot;0&quot;,&quot;credit&quot;:&quot;&quot;,&quot;camera&quot;:&quot;&quot;,&quot;caption&quot;:&quot;&quot;,&quot;created_timestamp&quot;:&quot;0&quot;,&quot;copyright&quot;:&quot;&quot;,&quot;focal_length&quot;:&quot;0&quot;,&quot;iso&quot;:&quot;0&quot;,&quot;shutter_speed&quot;:&quot;0&quot;,&quot;title&quot;:&quot;&quot;,&quot;orientation&quot;:&quot;0&quot;}\" data-image-title=\"Quatrieme-Internationale-avril-1962\" data-image-description=\"\" data-image-caption=\"\" data-large-file=\"https:\/\/i0.wp.com\/sinedjib.com\/wp-content\/uploads\/2022\/04\/Quatrieme-Internationale-avril-1962.png?fit=351%2C539&amp;ssl=1\" src=\"https:\/\/i0.wp.com\/sinedjib.com\/wp-content\/uploads\/2022\/04\/Quatrieme-Internationale-avril-1962.png?resize=351%2C539&#038;ssl=1\" alt=\"\" class=\"wp-image-16036 size-full\" srcset=\"https:\/\/i0.wp.com\/sinedjib.com\/wp-content\/uploads\/2022\/04\/Quatrieme-Internationale-avril-1962.png?w=351&amp;ssl=1 351w, https:\/\/i0.wp.com\/sinedjib.com\/wp-content\/uploads\/2022\/04\/Quatrieme-Internationale-avril-1962.png?resize=195%2C300&amp;ssl=1 195w\" sizes=\"auto, (max-width: 351px) 100vw, 351px\" \/><\/figure><div class=\"wp-block-media-text__content\">\n<p>\u00ab\u00a0La R\u00e9volution Alg\u00e9rienne aborde sa phase sociale\u00a0\u00bb, paru dans <em>Quatri\u00e8me Internationale<\/em>, n\u00b0 15, avril 1962. <a href=\"https:\/\/sinedjib.com\/index.php\/2022\/04\/21\/la-revolution-algerienne-aborde-sa-phase-sociale\/\">Lien<\/a><\/p>\n\n\n\n<p>J. Regnaud, \u00ab\u00a0Apr\u00e8s la signature des accords d\u2019Evian\u00a0\u00bb, paru dans <em>Quatri\u00e8me Internationale<\/em>, n\u00b0 15, avril 1962. <a href=\"https:\/\/sinedjib.com\/index.php\/2022\/04\/22\/j-regnaud-apres-la-signature-des-accords-devian\/\">Lien<\/a><\/p>\n\n\n\n<p>Mikhalis Raptis dit Michel Pablo, \u00ab\u00a0Les damn\u00e9s de la terre de Frantz Fanon\u00a0\u00bb, paru dans <em>Quatri\u00e8me Internationale<\/em>, n\u00b0 15, avril 1962. <a href=\"https:\/\/sinedjib.com\/index.php\/2022\/04\/20\/mikhalis-raptis-les-damnes-de-la-terre-de-frantz-fanon\/\">Lien<\/a><\/p>\n<\/div><\/div>\n\n\n\n<p>\u00ab\u00a0Salut \u00e0 l\u2019Alg\u00e9rie ind\u00e9pendante !\u00a0\u00bb, paru dans <em>Quatri\u00e8me Internationale<\/em>, n\u00b0 16, juillet 1962. <a href=\"https:\/\/sinedjib.com\/index.php\/2022\/07\/01\/salut-a-lalgerie-independante\/\">Lien<\/a><\/p>\n\n\n\n<p>\u00ab\u00a0A la d\u00e9fense de la r\u00e9volution alg\u00e9rienne !\u00a0\u00bb, paru dans&nbsp;<em>Quatri\u00e8me internationale<\/em>, n\u00b0 25, juillet 1965. <a href=\"https:\/\/sinedjib.com\/index.php\/2020\/09\/27\/defense-revolution-algerienne\/\">Lien<\/a><\/p>\n\n\n\n<p>\u00ab\u00a0Le coup d\u2019Etat militaire en Alg\u00e9rie et le r\u00e9gime de Boumedienne\u00a0\u00bb, paru dans&nbsp;<em>Quatri\u00e8me Internationale<\/em>, n\u00b0 26, novembre 1965. <a href=\"https:\/\/sinedjib.com\/index.php\/2020\/09\/29\/coup-etat-militaire-algerie-regime-boumedienne\/\">Lien<\/a><\/p>\n\n\n\n<p>\u00ab\u00a0Progr\u00e8s et probl\u00e8me de la r\u00e9volution africaine\u00a0\u00bb, paru dans&nbsp;<em>Quatri\u00e8me Internationale<\/em>, n\u00b0 27, f\u00e9vrier 1966. <a href=\"https:\/\/sinedjib.com\/index.php\/2020\/10\/13\/progres-et-probleme-de-la-revolution-africaine\/\">Lien<\/a><\/p>\n\n\n\n<p>Larbi Hamdane, \u00ab\u00a0La crise en Alg\u00e9rie (signification et perspectives)\u00a0\u00bb, paru dans&nbsp;<em>Quatri\u00e8me Internationale<\/em>, n\u00b0 33, avril 1968. <a href=\"https:\/\/sinedjib.com\/index.php\/2020\/10\/01\/larbi-hamdane-crise-algerie\/\">Lien<\/a><\/p>\n\n\n\n<p>Robert Langston, \u00ab\u00a0Herbert Marcuse et le marxisme\u00a0\u00bb, paru dans <em>Quatri\u00e8me Internationale<\/em>, 27e ann\u00e9e, n\u00b0 36, mars 1969. <a href=\"https:\/\/sinedjib.com\/index.php\/2022\/08\/19\/robert-langston-herbert-marcuse-et-le-marxisme\/\">Lien<\/a><\/p>\n\n\n\n<p>F. C., \u00ab\u00a0En Alg\u00e9rie, le syndicat instrument de l\u2019Etat\u00a0\u00bb, paru dans&nbsp;<em>Quatri\u00e8me Internationale<\/em>, n\u00b0 38, juillet 1969. <a href=\"https:\/\/sinedjib.com\/index.php\/2020\/10\/03\/algerie-syndicat-instrument-etat\/\">Lien<\/a><\/p>\n\n\n\n<p>\u00ab\u00a0La r\u00e9volution alg\u00e9rienne de 1962 \u00e0 1969\u00a0\u00bb, paru dans&nbsp;<em>Quatri\u00e8me Internationale<\/em>, n\u00b0 42, mars 1970. <a href=\"https:\/\/sinedjib.com\/index.php\/2020\/10\/05\/revolution-algerienne-1962-1969\/\">Lien<\/a><\/p>\n\n\n\n<p>Larbi Hamdane, \u00ab\u00a0Alg\u00e9rie, planification et deuxi\u00e8me r\u00e9forme agraire\u00a0\u00bb, paru dans&nbsp;<em>Quatri\u00e8me Internationale<\/em>, n\u00b0 44, juillet 1970. <a href=\"https:\/\/sinedjib.com\/index.php\/2020\/10\/08\/larbi-hamdane-algerie-planification-reforme-agraire\/\">Lien<\/a><\/p>\n\n\n\n<p>\u00ab\u00a0Les gr\u00e8ves de Pologne : premi\u00e8re mont\u00e9e prol\u00e9tarienne dans les \u00c9tats ouvriers\u00a0\u00bb, paru dans <em>Quatri\u00e8me Internationale<\/em>, 29e ann\u00e9e, n\u00b0 48, mars 1971. <a href=\"https:\/\/sinedjib.com\/index.php\/2023\/04\/27\/les-greves-de-pologne\/\">Lien<\/a><\/p>\n\n\n\n<p>Edwy Plenel (alias Joseph Krasny), \u00ab\u00a0Autogestion ouvri\u00e8re et pouvoir politique en Alg\u00e9rie de 1962 \u00e0 1965\u00a0\u00bb, paru dans&nbsp;<em>Quatri\u00e8me Internationale<\/em>,&nbsp;n\u00b0 1,&nbsp;15 janvier 1972. <a href=\"https:\/\/sinedjib.com\/index.php\/2020\/10\/10\/edwy-plenel-autogestion-ouvriere-pouvoir-politique-algerie\/\">Lien<\/a><\/p>\n","protected":false},"excerpt":{"rendered":"<p>Cette page recense les 26 articles de Quatri\u00e8me Internationale publi\u00e9s sur ce site depuis le 27 septembre 2020. Cette revue trotskiste a paru de 1942 \u00e0 1992. Les sommaires sont consultables sur le site RaDAR. Pierre Frank, \u00ab\u00a0\u00ab&nbsp;J\u2019ai choisi la libert\u00e9&nbsp;\u00bb de V. A. Kravchenko\u00a0\u00bb, paru dans Quatri\u00e8me Internationale, juillet-ao\u00fbt 1947. Lien Ernest Mandel alias [&hellip;]<\/p>\n","protected":false},"author":1,"featured_media":0,"parent":0,"menu_order":0,"comment_status":"closed","ping_status":"closed","template":"","meta":{"jetpack_post_was_ever_published":false,"footnotes":""},"class_list":["post-10100","page","type-page","status-publish","hentry"],"jetpack_sharing_enabled":true,"jetpack_shortlink":"https:\/\/wp.me\/P9lTYU-2CU","jetpack_likes_enabled":true,"jetpack-related-posts":[{"id":22341,"url":"https:\/\/sinedjib.com\/index.php\/la-quatrieme-internationale\/","url_meta":{"origin":10100,"position":0},"title":"La Quatri\u00e8me Internationale","author":"SiNedjib","date":"17\/03\/2024","format":false,"excerpt":"Cette page recense les 5 articles de La Quatri\u00e8me Internationale publi\u00e9s sur ce site depuis le 3 mai 2021. L'organe du Parti communiste internationaliste (PCI) a paru de 1965 \u00e0 1968. Les exemplaires sont disponibles sur RaDAR. Albert Roux, \"Contre la r\u00e9pression en Alg\u00e9rie\", paru dans\u00a0La Quatri\u00e8me Internationale, n\u00b0 2,\u2026","rel":"","context":"Article similaire","block_context":{"text":"Article similaire","link":""},"img":{"alt_text":"","src":"https:\/\/i0.wp.com\/sinedjib.com\/wp-content\/uploads\/2024\/03\/La-Quatrieme-Internationale-decembre-1965.png?resize=350%2C200&ssl=1","width":350,"height":200,"srcset":"https:\/\/i0.wp.com\/sinedjib.com\/wp-content\/uploads\/2024\/03\/La-Quatrieme-Internationale-decembre-1965.png?resize=350%2C200&ssl=1 1x, https:\/\/i0.wp.com\/sinedjib.com\/wp-content\/uploads\/2024\/03\/La-Quatrieme-Internationale-decembre-1965.png?resize=525%2C300&ssl=1 1.5x, https:\/\/i0.wp.com\/sinedjib.com\/wp-content\/uploads\/2024\/03\/La-Quatrieme-Internationale-decembre-1965.png?resize=700%2C400&ssl=1 2x"},"classes":[]},{"id":22345,"url":"https:\/\/sinedjib.com\/index.php\/index-des-publications\/","url_meta":{"origin":10100,"position":1},"title":"Index des publications","author":"SiNedjib","date":"17\/03\/2024","format":false,"excerpt":"Cette page pr\u00e9sente un index des publications (bulletins, journaux, revues, etc.) dont cinq textes \u2013 ou plus \u2013 ont \u00e9t\u00e9 retranscrits sur ce site depuis 2012. La liste sera progressivement compl\u00e9t\u00e9e avec l\u2019ensemble des autres r\u00e9f\u00e9rences. A Alarme ; Alger R\u00e9publicain ; Alternative libertaire ; Arguments ; B Le Bolch\u00e9vik\u2026","rel":"","context":"Article similaire","block_context":{"text":"Article similaire","link":""},"img":{"alt_text":"","src":"","width":0,"height":0},"classes":[]},{"id":22302,"url":"https:\/\/sinedjib.com\/index.php\/correspondance-socialiste-internationale\/","url_meta":{"origin":10100,"position":2},"title":"Correspondance Socialiste Internationale","author":"SiNedjib","date":"17\/03\/2024","format":false,"excerpt":"Cette page recense les 6 articles de Correspondance Socialiste Internationale publi\u00e9s sur ce site depuis le 5 janvier 2024. La revue, fond\u00e9e par Marceau Pivert, a paru de 1950 \u00e0 1960. Marceau Pivert, \"Albert Camus, \u00ab\u00a0L\u2019Homme r\u00e9volt\u00e9\u00a0\u00bb (Gallimard)\", paru dans\u00a0Correspondance Socialiste Internationale, mai 1952. Lien Marceau Pivert, \"Assez de crimes\u2026","rel":"","context":"Article similaire","block_context":{"text":"Article similaire","link":""},"img":{"alt_text":"","src":"https:\/\/i0.wp.com\/sinedjib.com\/wp-content\/uploads\/2024\/03\/CSI-novembre-1957.png?resize=350%2C200&ssl=1","width":350,"height":200,"srcset":"https:\/\/i0.wp.com\/sinedjib.com\/wp-content\/uploads\/2024\/03\/CSI-novembre-1957.png?resize=350%2C200&ssl=1 1x, https:\/\/i0.wp.com\/sinedjib.com\/wp-content\/uploads\/2024\/03\/CSI-novembre-1957.png?resize=525%2C300&ssl=1 1.5x"},"classes":[]},{"id":13832,"url":"https:\/\/sinedjib.com\/index.php\/gavroche\/","url_meta":{"origin":10100,"position":3},"title":"Gavroche","author":"SiNedjib","date":"05\/09\/2021","format":false,"excerpt":"Cette page recense les 9 articles de\u00a0Gavroche publi\u00e9s sur ce site depuis le 27 juillet 2021. L'organe du Front patriotique de la jeunesse parisienne a paru de 1944 \u00e0 1948 sous la direction de Marcel Bidoux. Cet hebdomadaire est consultable sur le site\u00a0RetroNews. Pierre Champromis, \"De la r\u00e9volte \u00e0 la\u2026","rel":"","context":"Article similaire","block_context":{"text":"Article similaire","link":""},"img":{"alt_text":"","src":"https:\/\/i0.wp.com\/sinedjib.com\/wp-content\/uploads\/2021\/09\/Gavroche-7-decembre-1944.png?resize=350%2C200&ssl=1","width":350,"height":200},"classes":[]},{"id":11279,"url":"https:\/\/sinedjib.com\/index.php\/le-bolchevik\/","url_meta":{"origin":10100,"position":4},"title":"Le Bolch\u00e9vik","author":"SiNedjib","date":"18\/01\/2021","format":false,"excerpt":"Cette page recense les 11 articles du Bolch\u00e9vik\u00a0publi\u00e9s sur ce site depuis le 15 d\u00e9cembre 2020. L\u2019organe de la Tendance spartaciste internationale\u00a0a \u00e9t\u00e9 lanc\u00e9 en 1976.\u00a0Les exemplaires du journal (jusqu'en 2011) sont t\u00e9l\u00e9chargeables sur le site\u00a0Marxists Internet Archive. \"Le massacre d\u2019octobre \u00e0 Alger\", paru dans Le Bolch\u00e9vik, n\u00b0 88, novembre\u2026","rel":"","context":"Article similaire","block_context":{"text":"Article similaire","link":""},"img":{"alt_text":"","src":"https:\/\/i0.wp.com\/sinedjib.com\/wp-content\/uploads\/2020\/12\/Le-Bolchevik-mars-1989.png?resize=350%2C200&ssl=1","width":350,"height":200},"classes":[]},{"id":14477,"url":"https:\/\/sinedjib.com\/index.php\/dissidences-algeriennes-une-anthologie-de-lindependance-au-hirak-echos\/","url_meta":{"origin":10100,"position":5},"title":"Dissidences alg\u00e9riennes. Une anthologie, de l&rsquo;ind\u00e9pendance au hirak : \u00e9chos","author":"SiNedjib","date":"25\/10\/2021","format":false,"excerpt":"Suite \u00e0 la parution de mon quatri\u00e8me livre\u00a0Dissidences alg\u00e9riennes. Une anthologie, de l'ind\u00e9pendance au hirak (\u00e9ditions de l'Asym\u00e9trie, 2021), cette page en recense les pr\u00e9sentations,\u00a0recensions, entretiens ou\u00a0\u00e9vocations. Pour commander cet ouvrage, cliquez sur ce lien. Pr\u00e9sentations et d\u00e9bats Pr\u00e9sentation, le 25 mai 2022, \u00e0 18h30 au local ASAP R\u00e9volution \u00e0\u2026","rel":"","context":"Article similaire","block_context":{"text":"Article similaire","link":""},"img":{"alt_text":"","src":"https:\/\/i0.wp.com\/sinedjib.com\/wp-content\/uploads\/2021\/05\/dissidences-algeriennes.png?resize=350%2C200&ssl=1","width":350,"height":200},"classes":[]}],"_links":{"self":[{"href":"https:\/\/sinedjib.com\/index.php\/wp-json\/wp\/v2\/pages\/10100","targetHints":{"allow":["GET"]}}],"collection":[{"href":"https:\/\/sinedjib.com\/index.php\/wp-json\/wp\/v2\/pages"}],"about":[{"href":"https:\/\/sinedjib.com\/index.php\/wp-json\/wp\/v2\/types\/page"}],"author":[{"embeddable":true,"href":"https:\/\/sinedjib.com\/index.php\/wp-json\/wp\/v2\/users\/1"}],"replies":[{"embeddable":true,"href":"https:\/\/sinedjib.com\/index.php\/wp-json\/wp\/v2\/comments?post=10100"}],"version-history":[{"count":21,"href":"https:\/\/sinedjib.com\/index.php\/wp-json\/wp\/v2\/pages\/10100\/revisions"}],"predecessor-version":[{"id":18692,"href":"https:\/\/sinedjib.com\/index.php\/wp-json\/wp\/v2\/pages\/10100\/revisions\/18692"}],"wp:attachment":[{"href":"https:\/\/sinedjib.com\/index.php\/wp-json\/wp\/v2\/media?parent=10100"}],"curies":[{"name":"wp","href":"https:\/\/api.w.org\/{rel}","templated":true}]}}