{"id":10697,"date":"2020-11-18T10:18:39","date_gmt":"2020-11-18T09:18:39","guid":{"rendered":"https:\/\/sinedjib.com\/?page_id=10697"},"modified":"2026-01-27T22:48:14","modified_gmt":"2026-01-27T21:48:14","slug":"abonnement","status":"publish","type":"page","link":"https:\/\/sinedjib.com\/index.php\/abonnement\/","title":{"rendered":"Abonnement"},"content":{"rendered":"\n<div class=\"wp-block-media-text alignwide is-stacked-on-mobile is-image-fill-element\"><figure class=\"wp-block-media-text__media\"><img data-recalc-dims=\"1\" loading=\"lazy\" decoding=\"async\" width=\"404\" height=\"409\" data-attachment-id=\"10701\" data-permalink=\"https:\/\/sinedjib.com\/index.php\/abonnement\/icone-courriel\/\" data-orig-file=\"https:\/\/i0.wp.com\/sinedjib.com\/wp-content\/uploads\/2020\/11\/icone-courriel.png?fit=404%2C409&amp;ssl=1\" data-orig-size=\"404,409\" data-comments-opened=\"1\" data-image-meta=\"{&quot;aperture&quot;:&quot;0&quot;,&quot;credit&quot;:&quot;&quot;,&quot;camera&quot;:&quot;&quot;,&quot;caption&quot;:&quot;&quot;,&quot;created_timestamp&quot;:&quot;0&quot;,&quot;copyright&quot;:&quot;&quot;,&quot;focal_length&quot;:&quot;0&quot;,&quot;iso&quot;:&quot;0&quot;,&quot;shutter_speed&quot;:&quot;0&quot;,&quot;title&quot;:&quot;&quot;,&quot;orientation&quot;:&quot;0&quot;}\" data-image-title=\"icone-courriel\" data-image-description=\"\" data-image-caption=\"\" data-large-file=\"https:\/\/i0.wp.com\/sinedjib.com\/wp-content\/uploads\/2020\/11\/icone-courriel.png?fit=404%2C409&amp;ssl=1\" src=\"https:\/\/i0.wp.com\/sinedjib.com\/wp-content\/uploads\/2020\/11\/icone-courriel.png?resize=404%2C409&#038;ssl=1\" alt=\"\" class=\"wp-image-10701 size-full\" style=\"object-position:47% 31%\" srcset=\"https:\/\/i0.wp.com\/sinedjib.com\/wp-content\/uploads\/2020\/11\/icone-courriel.png?w=404&amp;ssl=1 404w, https:\/\/i0.wp.com\/sinedjib.com\/wp-content\/uploads\/2020\/11\/icone-courriel.png?resize=296%2C300&amp;ssl=1 296w\" sizes=\"auto, (max-width: 404px) 100vw, 404px\" \/><\/figure><div class=\"wp-block-media-text__content\">\n<p class=\"has-large-font-size\">Si vous souhaitez \u00eatre tenus inform\u00e9s de mon actualit\u00e9 et des publications du site, je vous invite \u00e0 saisir votre adresse \u00e9lectronique ci-dessous. <\/p>\n<\/div><\/div>\n\n\n<div class=\"wp-block-jetpack-subscriptions__supports-newline wp-block-jetpack-subscriptions\">\n\t\t<div>\n\t\t\t<div>\n\t\t\t\t<div>\n\t\t\t\t\t<p >\n\t\t\t\t\t\t<a href=\"https:\/\/sinedjib.com\/?post_type=page&#038;p=10697\" style=\"font-size: 16px;padding: 15px 23px 15px 23px;margin: 0; margin-left: 10px;border-radius: 0px;border-width: 1px; background-color: #113AF5; color: #FFFFFF; text-decoration: none; white-space: nowrap; margin-left: 0\">Sign Up<\/a>\n\t\t\t\t\t<\/p>\n\t\t\t\t<\/div>\n\t\t\t<\/div>\n\t\t<\/div>\n\t<\/div>","protected":false},"excerpt":{"rendered":"<p>Si vous souhaitez \u00eatre tenus inform\u00e9s de mon actualit\u00e9 et des publications du site, je vous invite \u00e0 saisir votre adresse \u00e9lectronique ci-dessous.<\/p>\n","protected":false},"author":1,"featured_media":0,"parent":0,"menu_order":0,"comment_status":"closed","ping_status":"closed","template":"","meta":{"jetpack_post_was_ever_published":false,"footnotes":""},"class_list":["post-10697","page","type-page","status-publish","hentry"],"jetpack_sharing_enabled":true,"jetpack_shortlink":"https:\/\/wp.me\/P9lTYU-2Mx","jetpack_likes_enabled":true,"jetpack-related-posts":[{"id":7,"url":"https:\/\/sinedjib.com\/index.php\/apropos\/","url_meta":{"origin":10697,"position":0},"title":"Pr\u00e9sentation","author":"Nedjib Sidi Moussa","date":"28\/10\/2012","format":false,"excerpt":"Je m'appelle Nedjib SIDI MOUSSA et je suis n\u00e9 en 1982 \u00e0 Valenciennes. Docteur en science politique (Universit\u00e9 Paris 1 Panth\u00e9on-Sorbonne), je me consacre \u00e0 l'\u00e9criture et \u00e0 l'enseignement en r\u00e9gion parisienne. Pour de plus amples informations, je vous invite \u00e0 consulter mon CV scientifique. On trouvera sur ce site\u2026","rel":"","context":"Article similaire","block_context":{"text":"Article similaire","link":""},"img":{"alt_text":"","src":"https:\/\/i0.wp.com\/sinedjib.com\/wp-content\/uploads\/2026\/01\/2026-01-17-Alger.jpeg?resize=350%2C200&ssl=1","width":350,"height":200,"srcset":"https:\/\/i0.wp.com\/sinedjib.com\/wp-content\/uploads\/2026\/01\/2026-01-17-Alger.jpeg?resize=350%2C200&ssl=1 1x, https:\/\/i0.wp.com\/sinedjib.com\/wp-content\/uploads\/2026\/01\/2026-01-17-Alger.jpeg?resize=525%2C300&ssl=1 1.5x, https:\/\/i0.wp.com\/sinedjib.com\/wp-content\/uploads\/2026\/01\/2026-01-17-Alger.jpeg?resize=700%2C400&ssl=1 2x"},"classes":[]},{"id":8266,"url":"https:\/\/sinedjib.com\/index.php\/medias\/","url_meta":{"origin":10697,"position":1},"title":"M\u00e9dias","author":"SiNedjib","date":"06\/05\/2020","format":false,"excerpt":"Cette page recense les articles ou r\u00e9alisations faisant \u00e9cho \u00e0 mes publications et interventions ainsi que mes entretiens accord\u00e9s aux m\u00e9dias, \u00e0 l'exception de ceux concernant mes livres. Rokeya Ayman Saad, \"Boualem Sansal : l\u2019\u00e9crivain de toutes les controverses\", Al-Ahram Hebdo, 1er avril 2026. En ligne Loris Gu\u00e9mart et Pauline\u2026","rel":"","context":"Article similaire","block_context":{"text":"Article similaire","link":""},"img":{"alt_text":"","src":"https:\/\/i0.wp.com\/sinedjib.com\/wp-content\/uploads\/2026\/01\/RFI-750x430-1.jpg?resize=350%2C200&ssl=1","width":350,"height":200,"srcset":"https:\/\/i0.wp.com\/sinedjib.com\/wp-content\/uploads\/2026\/01\/RFI-750x430-1.jpg?resize=350%2C200&ssl=1 1x, https:\/\/i0.wp.com\/sinedjib.com\/wp-content\/uploads\/2026\/01\/RFI-750x430-1.jpg?resize=525%2C300&ssl=1 1.5x, https:\/\/i0.wp.com\/sinedjib.com\/wp-content\/uploads\/2026\/01\/RFI-750x430-1.jpg?resize=700%2C400&ssl=1 2x"},"classes":[]},{"id":13893,"url":"https:\/\/sinedjib.com\/index.php\/autres-references\/","url_meta":{"origin":10697,"position":2},"title":"Autres r\u00e9f\u00e9rences","author":"SiNedjib","date":"10\/09\/2021","format":false,"excerpt":"Cette page recense des textes publi\u00e9s sur ce site depuis le 3 mai 2015 et provenant de 176 bulletins, journaux, magazines, revues... qui ne font pas encore l'objet d'une rubrique sp\u00e9cifique. Action \"Les nouveaux mandarins : lib\u00e9raux et progressistes au service de la carotte\", paru dans Action, n\u00b0 35, 12\u2026","rel":"","context":"Article similaire","block_context":{"text":"Article similaire","link":""},"img":{"alt_text":"","src":"https:\/\/i0.wp.com\/sinedjib.com\/wp-content\/uploads\/2019\/12\/LAnarchie-30-d%C3%A9cembre-1909.png?resize=350%2C200&ssl=1","width":350,"height":200},"classes":[]},{"id":2815,"url":"https:\/\/sinedjib.com\/index.php\/la-fabrique-du-musulman-echos\/","url_meta":{"origin":10697,"position":3},"title":"La Fabrique du Musulman : \u00e9chos","author":"Nedjib Sidi Moussa","date":"01\/03\/2017","format":false,"excerpt":"Suite \u00e0 la parution de mon premier livre La Fabrique du Musulman (Paris, Libertalia, 2017), cette page en recense les pr\u00e9sentations, recensions, entretiens ou \u00e9vocations.Pour commander cet essai, cliquez sur ce lien Pr\u00e9sentations et d\u00e9bats Pr\u00e9sentation et d\u00e9bat \u00e0 l'invitation du groupe Proudhon de la F\u00e9d\u00e9ration anarchiste, 25 septembre 2020,\u2026","rel":"","context":"Dans &quot;publications&quot;","block_context":{"text":"publications","link":"https:\/\/sinedjib.com\/index.php\/category\/publications\/"},"img":{"alt_text":"","src":"https:\/\/i0.wp.com\/sinedjib.com\/wp-content\/uploads\/2017\/12\/libertalia-lafabriquedumusulman-couv_web_rvb.jpg?resize=350%2C200&ssl=1","width":350,"height":200,"srcset":"https:\/\/i0.wp.com\/sinedjib.com\/wp-content\/uploads\/2017\/12\/libertalia-lafabriquedumusulman-couv_web_rvb.jpg?resize=350%2C200&ssl=1 1x, https:\/\/i0.wp.com\/sinedjib.com\/wp-content\/uploads\/2017\/12\/libertalia-lafabriquedumusulman-couv_web_rvb.jpg?resize=525%2C300&ssl=1 1.5x"},"classes":[]}],"_links":{"self":[{"href":"https:\/\/sinedjib.com\/index.php\/wp-json\/wp\/v2\/pages\/10697","targetHints":{"allow":["GET"]}}],"collection":[{"href":"https:\/\/sinedjib.com\/index.php\/wp-json\/wp\/v2\/pages"}],"about":[{"href":"https:\/\/sinedjib.com\/index.php\/wp-json\/wp\/v2\/types\/page"}],"author":[{"embeddable":true,"href":"https:\/\/sinedjib.com\/index.php\/wp-json\/wp\/v2\/users\/1"}],"replies":[{"embeddable":true,"href":"https:\/\/sinedjib.com\/index.php\/wp-json\/wp\/v2\/comments?post=10697"}],"version-history":[{"count":11,"href":"https:\/\/sinedjib.com\/index.php\/wp-json\/wp\/v2\/pages\/10697\/revisions"}],"predecessor-version":[{"id":27972,"href":"https:\/\/sinedjib.com\/index.php\/wp-json\/wp\/v2\/pages\/10697\/revisions\/27972"}],"wp:attachment":[{"href":"https:\/\/sinedjib.com\/index.php\/wp-json\/wp\/v2\/media?parent=10697"}],"curies":[{"name":"wp","href":"https:\/\/api.w.org\/{rel}","templated":true}]}}