{"id":11279,"date":"2021-01-18T18:25:57","date_gmt":"2021-01-18T17:25:57","guid":{"rendered":"https:\/\/sinedjib.com\/?page_id=11279"},"modified":"2021-01-31T11:36:58","modified_gmt":"2021-01-31T10:36:58","slug":"le-bolchevik","status":"publish","type":"page","link":"https:\/\/sinedjib.com\/index.php\/le-bolchevik\/","title":{"rendered":"Le Bolch\u00e9vik"},"content":{"rendered":"\n<div class=\"wp-block-media-text alignwide is-stacked-on-mobile is-image-fill\"><figure class=\"wp-block-media-text__media\" style=\"background-image:url(https:\/\/sinedjib.com\/wp-content\/uploads\/2020\/12\/Le-Bolchevik-mars-1989.png);background-position:46% 2%\"><img data-recalc-dims=\"1\" loading=\"lazy\" decoding=\"async\" width=\"373\" height=\"533\" data-attachment-id=\"10962\" data-permalink=\"https:\/\/sinedjib.com\/index.php\/2020\/12\/15\/les-versets-sataniques-doivent-etre-traduits-et-publies\/le-bolchevik-mars-1989\/\" data-orig-file=\"https:\/\/i0.wp.com\/sinedjib.com\/wp-content\/uploads\/2020\/12\/Le-Bolchevik-mars-1989.png?fit=373%2C533&amp;ssl=1\" data-orig-size=\"373,533\" data-comments-opened=\"1\" data-image-meta=\"{&quot;aperture&quot;:&quot;0&quot;,&quot;credit&quot;:&quot;&quot;,&quot;camera&quot;:&quot;&quot;,&quot;caption&quot;:&quot;&quot;,&quot;created_timestamp&quot;:&quot;0&quot;,&quot;copyright&quot;:&quot;&quot;,&quot;focal_length&quot;:&quot;0&quot;,&quot;iso&quot;:&quot;0&quot;,&quot;shutter_speed&quot;:&quot;0&quot;,&quot;title&quot;:&quot;&quot;,&quot;orientation&quot;:&quot;0&quot;}\" data-image-title=\"Le-Bolchevik-mars-1989\" data-image-description=\"\" data-image-caption=\"\" data-large-file=\"https:\/\/i0.wp.com\/sinedjib.com\/wp-content\/uploads\/2020\/12\/Le-Bolchevik-mars-1989.png?fit=373%2C533&amp;ssl=1\" src=\"https:\/\/i0.wp.com\/sinedjib.com\/wp-content\/uploads\/2020\/12\/Le-Bolchevik-mars-1989.png?resize=373%2C533&#038;ssl=1\" alt=\"\" class=\"wp-image-10962 size-full\" srcset=\"https:\/\/i0.wp.com\/sinedjib.com\/wp-content\/uploads\/2020\/12\/Le-Bolchevik-mars-1989.png?w=373&amp;ssl=1 373w, https:\/\/i0.wp.com\/sinedjib.com\/wp-content\/uploads\/2020\/12\/Le-Bolchevik-mars-1989.png?resize=210%2C300&amp;ssl=1 210w\" sizes=\"auto, (max-width: 373px) 100vw, 373px\" \/><\/figure><div class=\"wp-block-media-text__content\">\n<p class=\"has-large-font-size\"><strong>Cette page recense les 11 articles du <em>Bolch\u00e9vik\u00a0<\/em>publi\u00e9s sur ce site depuis le 15 d\u00e9cembre 2020. L\u2019organe de la Tendance spartaciste internationale\u00a0a \u00e9t\u00e9 lanc\u00e9 en 1976.<\/strong>\u00a0<strong>Les exemplaires du journal (jusqu&rsquo;en 2011) sont t\u00e9l\u00e9chargeables sur le site\u00a0<a rel=\"noreferrer noopener\" href=\"https:\/\/www.marxists.org\/history\/etol\/document\/icl-spartacists\/periodicals\/le-bolchevik\/le-bolchevik.htm\" target=\"_blank\">Marxists Internet Archive<\/a>.<\/strong><\/p>\n<\/div><\/div>\n\n\n\n<p>\u00ab\u00a0Le massacre d\u2019octobre \u00e0 Alger\u00a0\u00bb, paru dans <em>Le Bolch\u00e9vik<\/em>, n\u00b0 88, novembre 1988. <a href=\"https:\/\/sinedjib.com\/index.php\/2021\/01\/11\/le-massacre-doctobre-a-alger\/\">Lien<\/a><\/p>\n\n\n\n<p>\u00ab\u00a0\u201cLes Versets sataniques\u201d doivent \u00eatre traduits et publi\u00e9s !\u00a0\u00bb, paru dans <em>Le Bolch\u00e9vik<\/em>, n\u00b0 91, mars 1989. <a href=\"https:\/\/sinedjib.com\/index.php\/2020\/12\/15\/les-versets-sataniques-doivent-etre-traduits-et-publies\/\">Lien<\/a><\/p>\n\n\n\n<p>\u00ab\u00a0Rushdie ne doit pas \u00eatre r\u00e9duit au silence ! Marxisme et religions\u00a0\u00bb, paru dans <em>Le Bolch\u00e9vik<\/em>, n\u00b0 92, avril 1989. <a href=\"https:\/\/sinedjib.com\/index.php\/2020\/12\/17\/rushdie-ne-doit-pas-etre-reduit-au-silence-marxisme-et-religions\/\">Lien<\/a><\/p>\n\n\n\n<p>\u00ab\u00a0Faillite du nationalisme du FLN, pouss\u00e9e de la r\u00e9action islamiste en Alg\u00e9rie\u00a0\u00bb, paru dans <em>Le Bolch\u00e9vik<\/em>, n\u00b0 103, juillet-ao\u00fbt 1990. <a href=\"https:\/\/sinedjib.com\/index.php\/2021\/01\/14\/faillite-du-nationalisme-du-fln-poussee-de-la-reaction-islamiste-en-algerie\/\">Lien<\/a><\/p>\n\n\n\n<p>\u00ab\u00a0Les travailleurs doivent \u00e9craser le FIS et renverser le FLN. Pour un gouvernement ouvrier et paysan en Alg\u00e9rie !\u00a0\u00bb, paru dans <em>Le Bolch\u00e9vik<\/em>, n\u00b0 112, juillet-ao\u00fbt 1991. <a href=\"https:\/\/sinedjib.com\/index.php\/2021\/01\/16\/les-travailleurs-doivent-ecraser-le-fis-et-renverser-le-fln\/\">Lien<\/a><\/p>\n\n\n\n<p>\u00ab\u00a0O\u00f9 va l\u2019Alg\u00e9rie ? Pas d\u2019illusion dans les massacreurs d\u2019octobre 88 ! La classe ouvri\u00e8re doit \u00e9craser le FIS !\u00a0\u00bb, paru dans&nbsp;<em>Le Bolch\u00e9vik<\/em>, n\u00b0 116, janvier-f\u00e9vrier 1992. <a href=\"https:\/\/sinedjib.com\/index.php\/2021\/01\/19\/ou-va-lalgerie-pas-dillusion-dans-les-massacreurs-doctobre-88-la-classe-ouvriere-doit-ecraser-le-fis\/\">Lien<\/a><\/p>\n\n\n\n<p>\u00ab\u00a0La gr\u00e8ve des dockers en juillet secoue Alger : L\u2019Alg\u00e9rie en \u00e9bullition\u00a0\u00bb, paru dans&nbsp;<em>Le Bolch\u00e9vik<\/em>, n\u00b0 125, novembre 1993. <a href=\"https:\/\/sinedjib.com\/index.php\/2021\/01\/21\/la-greve-des-dockers-en-juillet-secoue-alger-lalgerie-en-ebullition\/\">Lien<\/a><\/p>\n\n\n\n<p>\u00ab\u00a0Les femmes, les militants de gauche, les travailleurs en danger ! L\u2019arm\u00e9e alg\u00e9rienne en qu\u00eate d\u2019un accord avec les islamistes\u00a0\u00bb, paru dans\u00a0<em>Le Bolch\u00e9vik<\/em>, n\u00b0 130, septembre-octobre 1994. <a href=\"https:\/\/sinedjib.com\/index.php\/2021\/01\/23\/les-femmes-les-militants-de-gauche-les-travailleurs-en-danger-larmee-algerienne-en-quete-dun-accord-avec-les-islamistes\/\">Lien<\/a><\/p>\n\n\n\n<p>\u00ab\u00a0Socialisme international et le voile : Les sociaux-d\u00e9mocrates du \u00ab troisi\u00e8me camp \u00bb \u00e0 la tra\u00eene des islamistes\u00a0\u00bb, paru dans\u00a0<em>Le Bolch\u00e9vik<\/em>, n\u00b0 132, mars-avril 1995. <a href=\"https:\/\/sinedjib.com\/index.php\/2021\/01\/31\/socialisme-international-et-le-voile-les-sociaux-democrates-du-troisieme-camp-a-la-traine-des-islamistes\/\">Lien<\/a><\/p>\n\n\n\n<p>\u00ab\u00a0Terreur militaire, r\u00e9action islamique, aust\u00e9rit\u00e9 du FMI : La guerre civile saigne l\u2019Alg\u00e9rie\u00a0\u00bb, paru dans&nbsp;<em>Le Bolch\u00e9vik<\/em>, n\u00b0 145, printemps 1998. <a href=\"https:\/\/sinedjib.com\/index.php\/2021\/01\/25\/terreur-militaire-reaction-islamique-austerite-du-fmi-la-guerre-civile-saigne-lalgerie\/\">Lien<\/a><\/p>\n\n\n\n<p>\u00ab\u00a0La r\u00e9bellion berb\u00e8re secoue le r\u00e9gime militaire de Bouteflika\u00a0\u00bb, paru dans&nbsp;<em>Le Bolch\u00e9vik<\/em>, n\u00b0 157, automne 2001. <a href=\"https:\/\/sinedjib.com\/index.php\/2021\/01\/27\/la-rebellion-berbere-secoue-le-regime-militaire-de-bouteflika\/\">Lien<\/a><\/p>\n","protected":false},"excerpt":{"rendered":"<p>Cette page recense les 11 articles du Bolch\u00e9vik\u00a0publi\u00e9s sur ce site depuis le 15 d\u00e9cembre 2020. L\u2019organe de la Tendance spartaciste internationale\u00a0a \u00e9t\u00e9 lanc\u00e9 en 1976.\u00a0Les exemplaires du journal (jusqu&rsquo;en 2011) sont t\u00e9l\u00e9chargeables sur le site\u00a0Marxists Internet Archive. \u00ab\u00a0Le massacre d\u2019octobre \u00e0 Alger\u00a0\u00bb, paru dans Le Bolch\u00e9vik, n\u00b0 88, novembre 1988. Lien \u00ab\u00a0\u201cLes Versets sataniques\u201d [&hellip;]<\/p>\n","protected":false},"author":1,"featured_media":0,"parent":0,"menu_order":0,"comment_status":"closed","ping_status":"closed","template":"","meta":{"jetpack_post_was_ever_published":false,"footnotes":""},"class_list":["post-11279","page","type-page","status-publish","hentry"],"jetpack_sharing_enabled":true,"jetpack_shortlink":"https:\/\/wp.me\/P9lTYU-2VV","jetpack_likes_enabled":true,"jetpack-related-posts":[{"id":22345,"url":"https:\/\/sinedjib.com\/index.php\/index-des-publications\/","url_meta":{"origin":11279,"position":0},"title":"Index des publications","author":"SiNedjib","date":"17\/03\/2024","format":false,"excerpt":"Cette page pr\u00e9sente un index des publications (bulletins, journaux, revues, etc.) dont cinq textes \u2013 ou plus \u2013 ont \u00e9t\u00e9 retranscrits sur ce site depuis 2012. La liste sera progressivement compl\u00e9t\u00e9e avec l\u2019ensemble des autres r\u00e9f\u00e9rences. A Alarme ; Alger R\u00e9publicain ; Alternative libertaire ; Arguments ; B Le Bolch\u00e9vik\u2026","rel":"","context":"Article similaire","block_context":{"text":"Article similaire","link":""},"img":{"alt_text":"","src":"","width":0,"height":0},"classes":[]},{"id":6832,"url":"https:\/\/sinedjib.com\/index.php\/ressources\/le-reveil\/","url_meta":{"origin":11279,"position":1},"title":"Le R\u00e9veil","author":"SiNedjib","date":"25\/01\/2020","format":false,"excerpt":"Cette page recense les 10 articles du R\u00e9veil publi\u00e9s sur ce site depuis le 8 juin 2019. Le journal, d'abord intitul\u00e9 Le R\u00e9veil socialiste-anarchiste, a paru de 1900 \u00e0 1946. Les sommaires sont consultables sur le site Archives Autonomies. Les textes d'Errico Malatesta sont disponibles via ce lien. Georges Herzig,\u2026","rel":"","context":"Article similaire","block_context":{"text":"Article similaire","link":""},"img":{"alt_text":"","src":"","width":0,"height":0},"classes":[]},{"id":7328,"url":"https:\/\/sinedjib.com\/index.php\/ressources\/alarme\/","url_meta":{"origin":11279,"position":2},"title":"Alarme","author":"SiNedjib","date":"16\/03\/2020","format":false,"excerpt":"Cette page recense les 11 articles d'Alarme publi\u00e9s sur ce site depuis le 21 juillet 2018. L'organe du Ferment ouvrier r\u00e9volutionnaire a paru de 1978 \u00e0 1993. Les sommaires du journal sont consultables sur le site Archives Autonomies. \"Ni racisme, ni anti-racisme, communisme !\", paru dans Alarme, n\u00b0 6, octobre-novembre-d\u00e9cembre\u2026","rel":"","context":"Article similaire","block_context":{"text":"Article similaire","link":""},"img":{"alt_text":"","src":"https:\/\/i0.wp.com\/sinedjib.com\/wp-content\/uploads\/2020\/03\/Alarme-octobre-1979.png?resize=350%2C200&ssl=1","width":350,"height":200},"classes":[]},{"id":12945,"url":"https:\/\/sinedjib.com\/index.php\/linternationale\/","url_meta":{"origin":11279,"position":3},"title":"L&rsquo;Internationale","author":"SiNedjib","date":"13\/06\/2021","format":false,"excerpt":"Cette page recense les 13 articles de\u00a0L'Internationale\u00a0publi\u00e9s sur ce site depuis le 28 f\u00e9vrier 2021.\u00a0Ce journal du Parti communiste internationaliste a paru de 1962 \u00e0 1965.\u00a0Les sommaires sont consultables sur le site\u00a0RaDAR. \"Vive l\u2019Alg\u00e9rie ind\u00e9pendante\", paru dans L\u2019Internationale, n\u00b0 1, juin 1962. Lien \"Le C.N.R.A. envisage l\u2019avenir\", paru dans L\u2019Internationale,\u2026","rel":"","context":"Article similaire","block_context":{"text":"Article similaire","link":""},"img":{"alt_text":"","src":"https:\/\/i0.wp.com\/sinedjib.com\/wp-content\/uploads\/2021\/06\/LInternationale-mars-1965.png?resize=350%2C200&ssl=1","width":350,"height":200,"srcset":"https:\/\/i0.wp.com\/sinedjib.com\/wp-content\/uploads\/2021\/06\/LInternationale-mars-1965.png?resize=350%2C200&ssl=1 1x, https:\/\/i0.wp.com\/sinedjib.com\/wp-content\/uploads\/2021\/06\/LInternationale-mars-1965.png?resize=525%2C300&ssl=1 1.5x, https:\/\/i0.wp.com\/sinedjib.com\/wp-content\/uploads\/2021\/06\/LInternationale-mars-1965.png?resize=700%2C400&ssl=1 2x"},"classes":[]},{"id":16665,"url":"https:\/\/sinedjib.com\/index.php\/realites-algeriennes\/","url_meta":{"origin":11279,"position":4},"title":"R\u00e9alit\u00e9s alg\u00e9riennes","author":"SiNedjib","date":"18\/07\/2022","format":false,"excerpt":"Cette page recense les 5 articles de R\u00e9alit\u00e9s alg\u00e9riennes publi\u00e9s sur ce site depuis le 18 juin 2022. Ce bulletin, \u00e9dit\u00e9 par le Mouvement national alg\u00e9rien, a paru de 1959 \u00e0 1962. \"L\u2019accord F.L.N.-O.A.S. : Il y a d\u2019autres r\u00e9conciliations \u00e0 faire !\", paru dans R\u00e9alit\u00e9s Alg\u00e9riennes, n\u00b0 23, juin\u2026","rel":"","context":"Article similaire","block_context":{"text":"Article similaire","link":""},"img":{"alt_text":"","src":"https:\/\/i0.wp.com\/sinedjib.com\/wp-content\/uploads\/2022\/06\/1962-06-Realites-23_00.jpg?resize=350%2C200&ssl=1","width":350,"height":200,"srcset":"https:\/\/i0.wp.com\/sinedjib.com\/wp-content\/uploads\/2022\/06\/1962-06-Realites-23_00.jpg?resize=350%2C200&ssl=1 1x, https:\/\/i0.wp.com\/sinedjib.com\/wp-content\/uploads\/2022\/06\/1962-06-Realites-23_00.jpg?resize=525%2C300&ssl=1 1.5x, https:\/\/i0.wp.com\/sinedjib.com\/wp-content\/uploads\/2022\/06\/1962-06-Realites-23_00.jpg?resize=700%2C400&ssl=1 2x, https:\/\/i0.wp.com\/sinedjib.com\/wp-content\/uploads\/2022\/06\/1962-06-Realites-23_00.jpg?resize=1050%2C600&ssl=1 3x"},"classes":[]},{"id":22308,"url":"https:\/\/sinedjib.com\/index.php\/la-gauche\/","url_meta":{"origin":11279,"position":5},"title":"La Gauche","author":"SiNedjib","date":"17\/03\/2024","format":false,"excerpt":"Cette page recense les 8 articles du journal La Gauche publi\u00e9s sur ce site depuis le 22 f\u00e9vrier 2023. L'organe du Rassemblement d\u00e9mocratique r\u00e9volutionnaire (RDR) a paru de 1948 \u00e0 1949. Ses exemplaires sont consultables sur Retronews. David Rousset, \"Pour pratiquer la d\u00e9mocratie r\u00e9volutionnaire, il faut d\u2019abord d\u00e9noncer les mensonges\u2026","rel":"","context":"Article similaire","block_context":{"text":"Article similaire","link":""},"img":{"alt_text":"","src":"https:\/\/i0.wp.com\/sinedjib.com\/wp-content\/uploads\/2024\/03\/La-Gauche-16-juin-1948.png?resize=350%2C200&ssl=1","width":350,"height":200},"classes":[]}],"_links":{"self":[{"href":"https:\/\/sinedjib.com\/index.php\/wp-json\/wp\/v2\/pages\/11279","targetHints":{"allow":["GET"]}}],"collection":[{"href":"https:\/\/sinedjib.com\/index.php\/wp-json\/wp\/v2\/pages"}],"about":[{"href":"https:\/\/sinedjib.com\/index.php\/wp-json\/wp\/v2\/types\/page"}],"author":[{"embeddable":true,"href":"https:\/\/sinedjib.com\/index.php\/wp-json\/wp\/v2\/users\/1"}],"replies":[{"embeddable":true,"href":"https:\/\/sinedjib.com\/index.php\/wp-json\/wp\/v2\/comments?post=11279"}],"version-history":[{"count":8,"href":"https:\/\/sinedjib.com\/index.php\/wp-json\/wp\/v2\/pages\/11279\/revisions"}],"predecessor-version":[{"id":11402,"href":"https:\/\/sinedjib.com\/index.php\/wp-json\/wp\/v2\/pages\/11279\/revisions\/11402"}],"wp:attachment":[{"href":"https:\/\/sinedjib.com\/index.php\/wp-json\/wp\/v2\/media?parent=11279"}],"curies":[{"name":"wp","href":"https:\/\/api.w.org\/{rel}","templated":true}]}}