{"id":11645,"date":"2021-02-25T12:32:27","date_gmt":"2021-02-25T11:32:27","guid":{"rendered":"https:\/\/sinedjib.com\/?page_id=11645"},"modified":"2023-03-11T11:37:53","modified_gmt":"2023-03-11T10:37:53","slug":"masses","status":"publish","type":"page","link":"https:\/\/sinedjib.com\/index.php\/masses\/","title":{"rendered":"Masses"},"content":{"rendered":"\n<div class=\"wp-block-media-text alignwide is-stacked-on-mobile is-image-fill\"><figure class=\"wp-block-media-text__media\" style=\"background-image:url(https:\/\/sinedjib.com\/wp-content\/uploads\/2021\/02\/Masses-20-juin-1933.png);background-position:52% 1%\"><img data-recalc-dims=\"1\" loading=\"lazy\" decoding=\"async\" width=\"398\" height=\"502\" data-attachment-id=\"11558\" data-permalink=\"https:\/\/sinedjib.com\/index.php\/2021\/02\/17\/fritz-brupbacher-lopinion-de-freud-sur-marx-le-marxisme-et-le-bolchevisme\/masses-20-juin-1933\/\" data-orig-file=\"https:\/\/i0.wp.com\/sinedjib.com\/wp-content\/uploads\/2021\/02\/Masses-20-juin-1933.png?fit=398%2C502&amp;ssl=1\" data-orig-size=\"398,502\" data-comments-opened=\"1\" data-image-meta=\"{&quot;aperture&quot;:&quot;0&quot;,&quot;credit&quot;:&quot;&quot;,&quot;camera&quot;:&quot;&quot;,&quot;caption&quot;:&quot;&quot;,&quot;created_timestamp&quot;:&quot;0&quot;,&quot;copyright&quot;:&quot;&quot;,&quot;focal_length&quot;:&quot;0&quot;,&quot;iso&quot;:&quot;0&quot;,&quot;shutter_speed&quot;:&quot;0&quot;,&quot;title&quot;:&quot;&quot;,&quot;orientation&quot;:&quot;0&quot;}\" data-image-title=\"Masses-20-juin-1933\" data-image-description=\"\" data-image-caption=\"\" data-large-file=\"https:\/\/i0.wp.com\/sinedjib.com\/wp-content\/uploads\/2021\/02\/Masses-20-juin-1933.png?fit=398%2C502&amp;ssl=1\" src=\"https:\/\/i0.wp.com\/sinedjib.com\/wp-content\/uploads\/2021\/02\/Masses-20-juin-1933.png?resize=398%2C502&#038;ssl=1\" alt=\"\" class=\"wp-image-11558 size-full\" srcset=\"https:\/\/i0.wp.com\/sinedjib.com\/wp-content\/uploads\/2021\/02\/Masses-20-juin-1933.png?w=398&amp;ssl=1 398w, https:\/\/i0.wp.com\/sinedjib.com\/wp-content\/uploads\/2021\/02\/Masses-20-juin-1933.png?resize=238%2C300&amp;ssl=1 238w\" sizes=\"auto, (max-width: 398px) 100vw, 398px\" \/><\/figure><div class=\"wp-block-media-text__content\">\n<p class=\"has-large-font-size\"><strong>Cette page recense les 14 articles de<\/strong><em><strong> Masses\u00a0<\/strong><\/em><strong>publi\u00e9s sur ce site depuis le 11 f\u00e9vrier 2021.<\/strong>\u00a0<strong>La\u00a0revue, lanc\u00e9e par <a rel=\"noreferrer noopener\" href=\"https:\/\/maitron.fr\/spip.php?article23729\" target=\"_blank\">Paul Faure<\/a>, a paru de 1931 \u00e0 1948. Les sommaires sont consultables sur le site\u00a0<a rel=\"noreferrer noopener\" href=\"https:\/\/archivesautonomies.org\/spip.php?rubrique254\" target=\"_blank\">Archives Autonomies<\/a>.<\/strong><\/p>\n<\/div><\/div>\n\n\n\n<p>G. A., \u00ab\u00a0Visite \u00e0 l\u2019exposition anticoloniale\u00a0\u00bb, paru dans <em>Masses<\/em>, n\u00b0 5, novembre-d\u00e9cembre 1931. <a href=\"https:\/\/sinedjib.com\/index.php\/2021\/10\/11\/g-a-visite-a-lexposition-anticoloniale\/\">Lien<\/a><\/p>\n\n\n\n<p>Fritz Brupbacher, \u00ab\u00a0L\u2019opinion de Freud sur Marx, le Marxisme et le Bolchevisme\u00a0\u00bb, paru dans&nbsp;<em>Masses<\/em>,&nbsp;n\u00b0 7, 20 juin 1933. <a href=\"https:\/\/sinedjib.com\/index.php\/2021\/02\/17\/fritz-brupbacher-lopinion-de-freud-sur-marx-le-marxisme-et-le-bolchevisme\/\">Lien<\/a><\/p>\n\n\n\n<p>Marcel Martinet, \u00ab\u00a0Les intellectuels devant la r\u00e9volution\u00a0\u00bb, paru dans&nbsp;<em>Masses<\/em>, n\u00b0 11, 25 novembre 1933. <a href=\"https:\/\/sinedjib.com\/index.php\/2021\/02\/27\/marcel-martinet-les-intellectuels-devant-la-revolution\/\">Lien<\/a><\/p>\n\n\n\n<p>Robert Petitgand&nbsp;alias Delny et&nbsp;Paul B\u00e9nichou, \u00ab\u00a0Psychologie du fascisme\u00a0\u00bb,&nbsp;paru dans&nbsp;<em>Masses<\/em>, n\u00b0 14, mars 1934. <a href=\"https:\/\/sinedjib.com\/index.php\/2021\/02\/21\/delny-et-paul-benichou-psychologie-du-fascisme\/\">Lien<\/a><\/p>\n\n\n\n<p>Robert Petitgand&nbsp;alias Delny et&nbsp;Paul B\u00e9nichou, \u00ab\u00a0Psychologie du fascisme (fin)\u00a0\u00bb,&nbsp;paru dans&nbsp;<em>Masses<\/em>, n\u00b0&nbsp;18, juin 1934. <a href=\"https:\/\/sinedjib.com\/index.php\/2021\/02\/23\/robert-petitgand-et-paul-benichou-psychologie-du-fascisme-fin\/\">Lien<\/a><\/p>\n\n\n\n<p>Paul B\u00e9nichou, \u00ab\u00a0R\u00e9volution et pseudo-r\u00e9volution. Propos sur des fabricants de vieux neuf\u00a0\u00bb, paru dans\u00a0<em>Masses<\/em>,\u00a0n\u00b0 19, juillet 1934. <a href=\"https:\/\/sinedjib.com\/index.php\/2021\/02\/19\/paul-benichou-revolution-et-pseudo-revolution-propos-sur-des-fabricants-de-vieux-neuf\/\">Lien<\/a><\/p>\n\n\n\n<p>Robert Petitgand alias Robert Delny, \u00ab\u00a0La Mentalit\u00e9 r\u00e9actionnaire et l\u2019Homme nouveau\u00a0\u00bb, paru dans <em>Masses<\/em>, n\u00b0 1, janvier 1939. <a href=\"https:\/\/sinedjib.com\/index.php\/2023\/02\/20\/robert-petitgand-la-mentalite-reactionnaire-et-lhomme-nouveau\/\">Lien<\/a><\/p>\n\n\n\n<p>Paul\u00a0B\u00e9nichou, \u00ab\u00a0Combat\u00a0\u00bb,\u00a0paru dans\u00a0<em>Masses<\/em>,\u00a0n\u00b0 2, f\u00e9vrier 1939. <a href=\"https:\/\/sinedjib.com\/index.php\/2021\/02\/25\/paul-benichou-combat\/\">Lien<\/a><\/p>\n\n\n\n<p>Jean-Jacques Soudeille alias Jacques Perdu, \u00ab\u00a0Psychologie du n\u00e9o-bolch\u00e9visme\u00a0\u00bb, paru dans <em>Masses<\/em>, n\u00b0 2, f\u00e9vrier 1939. <a href=\"https:\/\/sinedjib.com\/index.php\/2023\/02\/21\/jean-jacques-soudeille-psychologie-du-neo-bolchevisme\/\">Lien<\/a><\/p>\n\n\n\n<p>Victor Serge, \u00ab\u00a0Conscience de l\u2019\u00e9crivain\u00a0\u00bb, paru dans&nbsp;<em>Masses<\/em>, n\u00b0 4-5, novembre 1946. <a href=\"https:\/\/sinedjib.com\/index.php\/2021\/03\/05\/victor-serge-conscience-de-lecrivain\/\">Lien<\/a><\/p>\n\n\n\n<p>Aim\u00e9 Patri, \u00ab\u00a0Philosophie de la police politique. A propos d\u2019A. Koestler et de M. Merleau-Ponty\u00a0\u00bb, paru dans&nbsp;<em>Masses<\/em>, n\u00b0 7-8, f\u00e9vrier-mars 1947. <a href=\"https:\/\/sinedjib.com\/index.php\/2021\/02\/11\/aime-patri-philosophie-de-la-police-politique-a-propos-koestler-et-merleau-ponty\/\">Lien<\/a><\/p>\n\n\n\n<p>Aim\u00e9 Patri, \u00ab\u00a0L\u2019\u00e8re des \u201corganisateurs\u201d. Remarques \u00e0 propos des conceptions de Burnham\u00a0\u00bb, paru dans&nbsp;<em>Masses<\/em>, n\u00b0 11, octobre-novembre 1947. <a href=\"https:\/\/sinedjib.com\/index.php\/2021\/02\/13\/aime-patri-lere-des-organisateurs-remarques-a-propos-des-conceptions-de-burnham\/\">Lien<\/a><\/p>\n\n\n\n<p>Lucien Martin, \u00ab\u00a0L\u2019\u00e2me n\u00e9o-stalinienne. Esquisse d\u2019une psychopathologie\u00a0\u00bb, paru dans&nbsp;<em>Masses<\/em>,&nbsp;n\u00b0 12, d\u00e9cembre 1947-janvier 1948. <a href=\"https:\/\/sinedjib.com\/index.php\/2021\/03\/10\/lucien-martin-lame-neo-stalinienne-esquisse-dune-psychopathologie\/\">Lien<\/a><\/p>\n\n\n\n<p>Andr\u00e9 Santon, \u00ab\u00a0Un grand livre r\u00e9volutionnaire de Richard Wright\u00a0\u00bb, paru dans&nbsp;<em>Masses<\/em>, n\u00b0 14, avril-mai 1948. <a href=\"https:\/\/sinedjib.com\/index.php\/2021\/07\/08\/andre-santon-un-grand-livre-revolutionnaire-de-richard-wright\/\">Lien<\/a><\/p>\n","protected":false},"excerpt":{"rendered":"<p>Cette page recense les 14 articles de Masses\u00a0publi\u00e9s sur ce site depuis le 11 f\u00e9vrier 2021.\u00a0La\u00a0revue, lanc\u00e9e par Paul Faure, a paru de 1931 \u00e0 1948. Les sommaires sont consultables sur le site\u00a0Archives Autonomies. G. A., \u00ab\u00a0Visite \u00e0 l\u2019exposition anticoloniale\u00a0\u00bb, paru dans Masses, n\u00b0 5, novembre-d\u00e9cembre 1931. Lien Fritz Brupbacher, \u00ab\u00a0L\u2019opinion de Freud sur Marx, [&hellip;]<\/p>\n","protected":false},"author":1,"featured_media":0,"parent":0,"menu_order":0,"comment_status":"closed","ping_status":"closed","template":"","meta":{"jetpack_post_was_ever_published":false,"footnotes":""},"class_list":["post-11645","page","type-page","status-publish","hentry"],"jetpack_sharing_enabled":true,"jetpack_shortlink":"https:\/\/wp.me\/P9lTYU-31P","jetpack_likes_enabled":true,"jetpack-related-posts":[{"id":7054,"url":"https:\/\/sinedjib.com\/index.php\/ressources\/arguments\/","url_meta":{"origin":11645,"position":0},"title":"Arguments","author":"SiNedjib","date":"17\/02\/2020","format":false,"excerpt":"Cette page recense les 8 articles d'Arguments\u00a0publi\u00e9s sur ce site depuis le\u00a014 novembre 2018. La revue dirig\u00e9e par Edgar Morin a paru de 1956 \u00e0 1962. Les sommaires sont consultables sur le site Archives Autonomies. Edgar Morin, \"La question n\u00e8gre\", paru dans\u00a0Arguments, n\u00b0 1, d\u00e9cembre 1956-janvier 1957. Lien Pierre Naville,\u2026","rel":"","context":"Article similaire","block_context":{"text":"Article similaire","link":""},"img":{"alt_text":"","src":"https:\/\/i0.wp.com\/sinedjib.com\/wp-content\/uploads\/2018\/11\/Arguments-novembre-1958.png?resize=350%2C200&ssl=1","width":350,"height":200},"classes":[]},{"id":6820,"url":"https:\/\/sinedjib.com\/index.php\/ressources\/spartacus\/","url_meta":{"origin":11645,"position":1},"title":"Spartacus","author":"SiNedjib","date":"25\/01\/2020","format":false,"excerpt":"Cette page recense les 7 articles de Spartacus publi\u00e9s sur ce site depuis le 19 ao\u00fbt 2018. La revue, lanc\u00e9e par Ren\u00e9 Lefeuvre, a paru de 1975 \u00e0 1979. Les sommaires sont consultables sur le site Archives Autonomies. Michel Jacob, \"Comment lire et ne pas lire Reich\", paru dans Spartacus,\u2026","rel":"","context":"Article similaire","block_context":{"text":"Article similaire","link":""},"img":{"alt_text":"","src":"https:\/\/i0.wp.com\/sinedjib.com\/wp-content\/uploads\/2018\/10\/Spartacus-mars-avril-1979.png?resize=350%2C200&ssl=1","width":350,"height":200},"classes":[]},{"id":22323,"url":"https:\/\/sinedjib.com\/index.php\/perspectives-socialistes\/","url_meta":{"origin":11645,"position":2},"title":"Perspectives socialistes","author":"SiNedjib","date":"17\/03\/2024","format":false,"excerpt":"Cette page recense les 5 articles de Perspectives socialistes publi\u00e9s sur ce site depuis le 29 janvier 2024. La revue de l'Union de la Gauche Socialiste a \u00e9t\u00e9 lanc\u00e9e en 1958. Robert Bonnaud, \"Ni Sakiet ni Budapest\", paru dans\u00a0Perspectives socialistes, n\u00b0 9, 15 avril 1958. Lien Georges Ducaroy, \"Ni Sakiet\u2026","rel":"","context":"Article similaire","block_context":{"text":"Article similaire","link":""},"img":{"alt_text":"","src":"https:\/\/i0.wp.com\/sinedjib.com\/wp-content\/uploads\/2024\/01\/Perspectives-socialistes-15-avril-1958-scaled.jpg?resize=350%2C200&ssl=1","width":350,"height":200,"srcset":"https:\/\/i0.wp.com\/sinedjib.com\/wp-content\/uploads\/2024\/01\/Perspectives-socialistes-15-avril-1958-scaled.jpg?resize=350%2C200&ssl=1 1x, https:\/\/i0.wp.com\/sinedjib.com\/wp-content\/uploads\/2024\/01\/Perspectives-socialistes-15-avril-1958-scaled.jpg?resize=525%2C300&ssl=1 1.5x, https:\/\/i0.wp.com\/sinedjib.com\/wp-content\/uploads\/2024\/01\/Perspectives-socialistes-15-avril-1958-scaled.jpg?resize=700%2C400&ssl=1 2x, https:\/\/i0.wp.com\/sinedjib.com\/wp-content\/uploads\/2024\/01\/Perspectives-socialistes-15-avril-1958-scaled.jpg?resize=1050%2C600&ssl=1 3x, https:\/\/i0.wp.com\/sinedjib.com\/wp-content\/uploads\/2024\/01\/Perspectives-socialistes-15-avril-1958-scaled.jpg?resize=1400%2C800&ssl=1 4x"},"classes":[]},{"id":16659,"url":"https:\/\/sinedjib.com\/index.php\/programme-communiste\/","url_meta":{"origin":11645,"position":3},"title":"Programme communiste","author":"SiNedjib","date":"18\/07\/2022","format":false,"excerpt":"Cette page recense les 6 articles de Programme communiste publi\u00e9s sur ce site depuis le 3 juin 2019. La revue a \u00e9t\u00e9 lanc\u00e9e en 1957. Ses sommaires sont consultables sur le site du Parti communiste international. \u00ab\u00a0C\u2019est g\u00e9n\u00e9reux, la France !\u00a0\u00bb, paru dans Programme communiste, n\u00b0 18, janvier-mars 1962. Lien\u2026","rel":"","context":"Article similaire","block_context":{"text":"Article similaire","link":""},"img":{"alt_text":"","src":"https:\/\/i0.wp.com\/sinedjib.com\/wp-content\/uploads\/2021\/10\/Programme-communiste-janvier-mars-1962.png?resize=350%2C200&ssl=1","width":350,"height":200},"classes":[]},{"id":6826,"url":"https:\/\/sinedjib.com\/index.php\/ressources\/la-gueule-ouverte\/","url_meta":{"origin":11645,"position":4},"title":"La Gueule ouverte","author":"SiNedjib","date":"25\/01\/2020","format":false,"excerpt":"Cette page recense les 5 articles de La Gueule ouverte publi\u00e9s sur ce site depuis le 26 octobre 2018. Le journal, fond\u00e9 par Pierre Fournier, a paru de 1972 \u00e0 1980. Les sommaires sont consultables sur le site Archives Autonomies. Bessas, \"La d\u00e9sob\u00e9issance civile\", paru dans La Gueule ouverte, n\u00b0\u2026","rel":"","context":"Article similaire","block_context":{"text":"Article similaire","link":""},"img":{"alt_text":"","src":"https:\/\/i0.wp.com\/sinedjib.com\/wp-content\/uploads\/2019\/08\/gueule-ouverte-f%C3%A9vrier-1975.png?resize=350%2C200&ssl=1","width":350,"height":200},"classes":[]},{"id":6367,"url":"https:\/\/sinedjib.com\/index.php\/ressources\/et-thaoura\/","url_meta":{"origin":11645,"position":5},"title":"Et-thaoura","author":"SiNedjib","date":"21\/10\/2019","format":false,"excerpt":"Cette page recense les 8 articles d'Et-thaoura publi\u00e9s sur ce site depuis le 9 janvier 2019. Ce journal marxiste r\u00e9volutionnaire d'Alg\u00e9rie, h\u00e9berg\u00e9 par Marcel Gauchet, a paru de 1981 \u00e0 1984. \u00ab\u00a0Les masses marocaines aussi\u2026\u00a0\u00bb, Et-Thaoura, n\u00b0 2, ao\u00fbt 1981. Lien Safia Bentayeb, \"Code de la famille et luttes des\u2026","rel":"","context":"Article similaire","block_context":{"text":"Article similaire","link":""},"img":{"alt_text":"","src":"https:\/\/i0.wp.com\/sinedjib.com\/wp-content\/uploads\/2019\/10\/Et-thaoura-juillet-1984.png?resize=350%2C200&ssl=1","width":350,"height":200},"classes":[]}],"_links":{"self":[{"href":"https:\/\/sinedjib.com\/index.php\/wp-json\/wp\/v2\/pages\/11645","targetHints":{"allow":["GET"]}}],"collection":[{"href":"https:\/\/sinedjib.com\/index.php\/wp-json\/wp\/v2\/pages"}],"about":[{"href":"https:\/\/sinedjib.com\/index.php\/wp-json\/wp\/v2\/types\/page"}],"author":[{"embeddable":true,"href":"https:\/\/sinedjib.com\/index.php\/wp-json\/wp\/v2\/users\/1"}],"replies":[{"embeddable":true,"href":"https:\/\/sinedjib.com\/index.php\/wp-json\/wp\/v2\/comments?post=11645"}],"version-history":[{"count":9,"href":"https:\/\/sinedjib.com\/index.php\/wp-json\/wp\/v2\/pages\/11645\/revisions"}],"predecessor-version":[{"id":18247,"href":"https:\/\/sinedjib.com\/index.php\/wp-json\/wp\/v2\/pages\/11645\/revisions\/18247"}],"wp:attachment":[{"href":"https:\/\/sinedjib.com\/index.php\/wp-json\/wp\/v2\/media?parent=11645"}],"curies":[{"name":"wp","href":"https:\/\/api.w.org\/{rel}","templated":true}]}}