{"id":11661,"date":"2021-02-27T01:04:47","date_gmt":"2021-02-27T00:04:47","guid":{"rendered":"https:\/\/sinedjib.com\/?page_id=11661"},"modified":"2026-02-07T19:30:01","modified_gmt":"2026-02-07T18:30:01","slug":"sans-frontiere","status":"publish","type":"page","link":"https:\/\/sinedjib.com\/index.php\/sans-frontiere\/","title":{"rendered":"Sans Fronti\u00e8re"},"content":{"rendered":"\n<div class=\"wp-block-media-text alignwide is-stacked-on-mobile is-image-fill-element\"><figure class=\"wp-block-media-text__media\"><img data-recalc-dims=\"1\" loading=\"lazy\" decoding=\"async\" width=\"457\" height=\"618\" data-attachment-id=\"11530\" data-permalink=\"https:\/\/sinedjib.com\/index.php\/2021\/02\/14\/algerie-les-langues-se-delient\/sans-frontiere-22-avril-1980\/\" data-orig-file=\"https:\/\/i0.wp.com\/sinedjib.com\/wp-content\/uploads\/2021\/02\/Sans-Frontiere-22-avril-1980.png?fit=457%2C618&amp;ssl=1\" data-orig-size=\"457,618\" data-comments-opened=\"1\" data-image-meta=\"{&quot;aperture&quot;:&quot;0&quot;,&quot;credit&quot;:&quot;&quot;,&quot;camera&quot;:&quot;&quot;,&quot;caption&quot;:&quot;&quot;,&quot;created_timestamp&quot;:&quot;0&quot;,&quot;copyright&quot;:&quot;&quot;,&quot;focal_length&quot;:&quot;0&quot;,&quot;iso&quot;:&quot;0&quot;,&quot;shutter_speed&quot;:&quot;0&quot;,&quot;title&quot;:&quot;&quot;,&quot;orientation&quot;:&quot;0&quot;}\" data-image-title=\"Sans-Frontiere-22-avril-1980\" data-image-description=\"\" data-image-caption=\"\" data-large-file=\"https:\/\/i0.wp.com\/sinedjib.com\/wp-content\/uploads\/2021\/02\/Sans-Frontiere-22-avril-1980.png?fit=457%2C618&amp;ssl=1\" src=\"https:\/\/i0.wp.com\/sinedjib.com\/wp-content\/uploads\/2021\/02\/Sans-Frontiere-22-avril-1980.png?resize=457%2C618&#038;ssl=1\" alt=\"\" class=\"wp-image-11530 size-full\" style=\"object-position:51% 0%\" srcset=\"https:\/\/i0.wp.com\/sinedjib.com\/wp-content\/uploads\/2021\/02\/Sans-Frontiere-22-avril-1980.png?w=457&amp;ssl=1 457w, https:\/\/i0.wp.com\/sinedjib.com\/wp-content\/uploads\/2021\/02\/Sans-Frontiere-22-avril-1980.png?resize=222%2C300&amp;ssl=1 222w\" sizes=\"auto, (max-width: 457px) 100vw, 457px\" \/><\/figure><div class=\"wp-block-media-text__content\">\n<p class=\"has-large-font-size\"><strong>Cette page recense les 19 articles de\u00a0<em>Sans Fronti\u00e8re<\/em>\u00a0publi\u00e9s sur ce site depuis le 14 f\u00e9vrier 2021.<\/strong>\u00a0<strong>Ce journal, cofond\u00e9 par Sa\u00efd Bouziri, a paru de 1979 \u00e0 1985.<\/strong>\u00a0<strong>Les num\u00e9ros sont consultables sur le portail\u00a0<a href=\"http:\/\/odysseo.generiques.org\/ark:\/naan\/a011433752307UJct1F\" target=\"_blank\" rel=\"noreferrer noopener\">Odyss\u00e9o<\/a>.<\/strong><\/p>\n<\/div><\/div>\n\n\n\n<p>\u00ab\u00a0Alg\u00e9rie : les langues se d\u00e9lient\u00a0\u00bb, <em>Sans Fronti\u00e8re<\/em>, 22 avril 1980. <a href=\"https:\/\/sinedjib.com\/index.php\/2021\/02\/14\/algerie-les-langues-se-delient\/\">Lien<\/a><\/p>\n\n\n\n<p>\u00ab\u00a0Tizi-Ouzou : la r\u00e9volte de l\u2019espoir\u00a0\u00bb, <em>Sans Fronti\u00e8re<\/em>, 6 mai 1980. <a href=\"https:\/\/sinedjib.com\/index.php\/2021\/02\/16\/tizi-ouzou-la-revolte-de-lespoir\/\">Lien<\/a><\/p>\n\n\n\n<p>\u00ab\u00a0Alg\u00e9rie : le conflit d\u2019options\u00a0\u00bb, <em>Sans Fronti\u00e8re<\/em>, 3 juin 1980. <a href=\"https:\/\/sinedjib.com\/index.php\/2021\/02\/20\/algerie-le-conflit-doptions\/\">Lien<\/a><\/p>\n\n\n\n<p>\u00ab\u00a0Apr\u00e8s Tizi-Ouzou\u00a0\u00bb, <em>Sans Fronti\u00e8re<\/em>, 24 juin 1980. <a href=\"https:\/\/sinedjib.com\/index.php\/2021\/02\/24\/apres-tizi-ouzou\/\">Lien<\/a><\/p>\n\n\n\n<p>Abdallah Ben A\u00efssa, \u00ab\u00a0La lutte contre le pouvoir est la lutte de la m\u00e9moire contre l\u2019oubli\u00a0\u00bb, <em>Sans Fronti\u00e8re<\/em>, du 20 au 26 d\u00e9cembre 1980. <a href=\"https:\/\/sinedjib.com\/index.php\/2025\/08\/16\/ben-aissa\/\">Lien<\/a><\/p>\n\n\n\n<p>\u00ab\u00a0Le manifeste des allog\u00e8nes\u00a0\u00bb, <em>Sans fronti\u00e8re<\/em>, du 21 au 27 f\u00e9vrier 1981. <a href=\"https:\/\/sinedjib.com\/index.php\/2026\/01\/01\/le-manifeste-des-allogenes\/\">Lien<\/a><\/p>\n\n\n\n<p>\u00ab\u00a0D\u00e9claration d\u2019associations de travailleurs immigr\u00e9s\u00a0\u00bb, <em>Sans Fronti\u00e8re<\/em>, du 28 f\u00e9vrier au 6 mars 1981. <a href=\"https:\/\/sinedjib.com\/index.php\/2026\/02\/05\/declaration-dassociations-de-travailleurs-immigres\/\">Lien<\/a><\/p>\n\n\n\n<p>\u00ab\u00a0Alg\u00e9rie : Elles sont toutes mineures \u00e0 vie\u00a0\u00bb, <em>Sans Fronti\u00e8re<\/em>, du 28 f\u00e9vrier au 6 mars 1981. <a href=\"https:\/\/sinedjib.com\/index.php\/2021\/02\/26\/algerie-elles-sont-toutes-mineures-a-vie\/\">Lien<\/a><\/p>\n\n\n\n<p>\u00ab\u00a0Alg\u00e9rie : La femme dans la lutte de lib\u00e9ration nationale\u00a0\u00bb, <em>Sans Fronti\u00e8re<\/em>,\u00a0du 14 au 20 mars 1981. <a href=\"https:\/\/sinedjib.com\/index.php\/2021\/03\/08\/algerie-la-femme-dans-la-lutte-de-liberation-nationale\/\">Lien<\/a><\/p>\n\n\n\n<p>\u00ab\u00a0Les associations immigr\u00e9es tirent le signal d\u2019alarme\u00a0\u00bb, <em>Sans Fronti\u00e8re<\/em>, du 4 au 10 avril 1981. <a href=\"https:\/\/sinedjib.com\/index.php\/2026\/02\/07\/les-associations-immigrees-tirent-le-signal-dalarme\/\">Lien<\/a><\/p>\n\n\n\n<p>\u00ab\u00a0Non \u00e0 la France de l\u2019apartheid\u00a0\u00bb, <em>Sans Fronti\u00e8re<\/em>, du 11 au 17 avril 1981. <a href=\"https:\/\/sinedjib.com\/index.php\/2025\/12\/21\/non-a-la-france-de-lapartheid\/\">Lien<\/a><\/p>\n\n\n\n<p>\u00ab\u00a0Juin 81, Casa Re-belle : Ou quand l\u2019esp\u00e9rance devient violence !\u00a0\u00bb, <em>Sans Fronti\u00e8re<\/em>, du 27 juin au 3 juillet 1981. <a href=\"https:\/\/sinedjib.com\/index.php\/2021\/06\/29\/juin-81-casa-re-belle-ou-quand-lesperance-devient-violence\/\">Lien<\/a><\/p>\n\n\n\n<p>A. B., \u00ab\u00a0Incidents \u00e0 V\u00e9nissieux : \u00ab\u00a0O\u00f9 sont vos \u00e9ducateurs ?\u00a0\u00bb\u00a0\u00bb, <em>Sans Fronti\u00e8re<\/em>, juillet-ao\u00fbt 1981. <a href=\"https:\/\/sinedjib.com\/index.php\/2023\/07\/12\/venissieux-2\/\">Lien<\/a><\/p>\n\n\n\n<p>\u00ab\u00a0Mais qui se souvient du 17 octobre 61 ?\u00a0\u00bb, <em>Sans Fronti\u00e8re<\/em>, du 16 au 22 octobre 1981. <a href=\"https:\/\/sinedjib.com\/index.php\/2021\/10\/12\/mais-qui-se-souvient-du-17-octobre-61\/\">Lien<\/a><\/p>\n\n\n\n<p>Claude Bourdet, \u00ab\u00a0Fanon aujourd\u2019hui\u00a0\u00bb, <em>Sans Fronti\u00e8re<\/em>, f\u00e9vrier 1982. <a href=\"https:\/\/sinedjib.com\/index.php\/2025\/07\/26\/bourdet-2\/\">Lien<\/a><\/p>\n\n\n\n<p>\u00ab\u00a0Histoire de Moussa\u00a0\u00bb, <em>Sans Fronti\u00e8re<\/em>, du 29 janvier au 4 f\u00e9vrier 1982, et du 5 au 11 f\u00e9vrier 1982. <a href=\"https:\/\/sinedjib.com\/index.php\/2021\/12\/31\/histoire-de-moussa\/\">Lien<\/a><\/p>\n\n\n\n<p>Ahmed Ben Bella, \u00ab\u00a0L\u2019histoire a toujours le dernier mot\u00a0\u00bb, paru dans <em>Sans Fronti\u00e8re<\/em>, du 26 mars au 1er avril 1982. <a href=\"https:\/\/sinedjib.com\/index.php\/2022\/01\/30\/ahmed-ben-bella-lhistoire-a-toujours-le-dernier-mot\/\">Lien<\/a><\/p>\n\n\n\n<p>Hocine A\u00eft Ahmed, \u00ab\u00a0Tous doivent s\u2019exprimer !\u00a0\u00bb, <em>Sans fronti\u00e8re<\/em>, du 2 au 8 avril 1982. <a href=\"https:\/\/sinedjib.com\/index.php\/2026\/01\/30\/hocine-ait-ahmed-tous-doivent-sexprimer\/\">Lien<\/a><\/p>\n\n\n\n<p>Communiqu\u00e9 de Hocine A\u00eft Ahmed\u00a0et de\u00a0Mohammed Harbi, <em>Sans fronti\u00e8re<\/em>, du 9 au 16 avril 1982. <a href=\"https:\/\/sinedjib.com\/index.php\/2026\/01\/30\/hocine-ait-ahmed-tous-doivent-sexprimer\/\">Lien<\/a><\/p>\n","protected":false},"excerpt":{"rendered":"<p>Cette page recense les 19 articles de\u00a0Sans Fronti\u00e8re\u00a0publi\u00e9s sur ce site depuis le 14 f\u00e9vrier 2021.\u00a0Ce journal, cofond\u00e9 par Sa\u00efd Bouziri, a paru de 1979 \u00e0 1985.\u00a0Les num\u00e9ros sont consultables sur le portail\u00a0Odyss\u00e9o. \u00ab\u00a0Alg\u00e9rie : les langues se d\u00e9lient\u00a0\u00bb, Sans Fronti\u00e8re, 22 avril 1980. Lien \u00ab\u00a0Tizi-Ouzou : la r\u00e9volte de l\u2019espoir\u00a0\u00bb, Sans Fronti\u00e8re, 6 mai [&hellip;]<\/p>\n","protected":false},"author":1,"featured_media":0,"parent":0,"menu_order":0,"comment_status":"closed","ping_status":"closed","template":"","meta":{"jetpack_post_was_ever_published":false,"footnotes":""},"class_list":["post-11661","page","type-page","status-publish","hentry"],"jetpack_sharing_enabled":true,"jetpack_shortlink":"https:\/\/wp.me\/P9lTYU-325","jetpack_likes_enabled":true,"jetpack-related-posts":[{"id":22345,"url":"https:\/\/sinedjib.com\/index.php\/index-des-publications\/","url_meta":{"origin":11661,"position":0},"title":"Index des publications","author":"SiNedjib","date":"17\/03\/2024","format":false,"excerpt":"Cette page pr\u00e9sente un index des publications (bulletins, journaux, revues, etc.) dont cinq textes \u2013 ou plus \u2013 ont \u00e9t\u00e9 retranscrits sur ce site depuis 2012. La liste sera progressivement compl\u00e9t\u00e9e avec l\u2019ensemble des autres r\u00e9f\u00e9rences. A Alarme ; Alger R\u00e9publicain ; Alternative libertaire ; Arguments ; B Le Bolch\u00e9vik\u2026","rel":"","context":"Article similaire","block_context":{"text":"Article similaire","link":""},"img":{"alt_text":"","src":"","width":0,"height":0},"classes":[]},{"id":22308,"url":"https:\/\/sinedjib.com\/index.php\/la-gauche\/","url_meta":{"origin":11661,"position":1},"title":"La Gauche","author":"SiNedjib","date":"17\/03\/2024","format":false,"excerpt":"Cette page recense les 8 articles du journal La Gauche publi\u00e9s sur ce site depuis le 22 f\u00e9vrier 2023. L'organe du Rassemblement d\u00e9mocratique r\u00e9volutionnaire (RDR) a paru de 1948 \u00e0 1949. Ses exemplaires sont consultables sur Retronews. David Rousset, \"Pour pratiquer la d\u00e9mocratie r\u00e9volutionnaire, il faut d\u2019abord d\u00e9noncer les mensonges\u2026","rel":"","context":"Article similaire","block_context":{"text":"Article similaire","link":""},"img":{"alt_text":"","src":"https:\/\/i0.wp.com\/sinedjib.com\/wp-content\/uploads\/2024\/03\/La-Gauche-16-juin-1948.png?resize=350%2C200&ssl=1","width":350,"height":200},"classes":[]},{"id":12078,"url":"https:\/\/sinedjib.com\/index.php\/jeune-taupe\/","url_meta":{"origin":11661,"position":2},"title":"Jeune Taupe","author":"SiNedjib","date":"07\/04\/2021","format":false,"excerpt":"Cette page recense les 6 articles de Jeune Taupe publi\u00e9s sur ce site depuis le 24 juillet 2018. L\u2019organe, \u00e9dit\u00e9 par le groupe Pour une intervention communiste,\u00a0a paru de 1974 \u00e0 1981.\u00a0Les sommaires du journal sont consultables sur le site\u00a0Archives Autonomies. \"A propos d\u2019une adresse aux prol\u00e9taires et aux jeunes\u2026","rel":"","context":"Article similaire","block_context":{"text":"Article similaire","link":""},"img":{"alt_text":"","src":"https:\/\/i0.wp.com\/sinedjib.com\/wp-content\/uploads\/2018\/08\/Jeune-Taupe-juin-1976.png?resize=350%2C200&ssl=1","width":350,"height":200},"classes":[]},{"id":21617,"url":"https:\/\/sinedjib.com\/index.php\/index-auteurs\/","url_meta":{"origin":11661,"position":3},"title":"Index des auteurs","author":"SiNedjib","date":"16\/03\/2024","format":false,"excerpt":"Cette page pr\u00e9sente un index des 34 auteurs dont 5 textes - ou plus - ont \u00e9t\u00e9 retranscrits sur ce site depuis 2013. La liste sera progressivement compl\u00e9t\u00e9e avec l'ensemble des contributeurs. AIT AHMED Hocine ; AMAZIT Idir ; BOUNANE Akli ; BOUSSEL Pierre (LAMBERT Pierre) ; BRETON Andr\u00e9 ;\u2026","rel":"","context":"Article similaire","block_context":{"text":"Article similaire","link":""},"img":{"alt_text":"","src":"","width":0,"height":0},"classes":[]},{"id":16653,"url":"https:\/\/sinedjib.com\/index.php\/la-nation-socialiste\/","url_meta":{"origin":11661,"position":4},"title":"La Nation socialiste","author":"SiNedjib","date":"18\/07\/2022","format":false,"excerpt":"Cette page recense les 10 articles de La Nation socialiste publi\u00e9s sur ce site depuis le 12 juillet 2015. Ce journal a \u00e9t\u00e9 fond\u00e9 en 1956 par Auguste Lec\u0153ur. Claude G\u00e9rard, \"De Belle-Ile-en-Mer \u00e0 Chantilly avec Messali Hadj\", paru dans\u00a0La Nation socialiste, f\u00e9vrier 1959. Lien Pierre Herv\u00e9, \"Ce que signifie\u2026","rel":"","context":"Article similaire","block_context":{"text":"Article similaire","link":""},"img":{"alt_text":"","src":"https:\/\/i0.wp.com\/sinedjib.com\/wp-content\/uploads\/2015\/07\/La-Nation-socialiste-juillet-1962.png?resize=350%2C200&ssl=1","width":350,"height":200},"classes":[]},{"id":22283,"url":"https:\/\/sinedjib.com\/index.php\/alger-republicain\/","url_meta":{"origin":11661,"position":5},"title":"Alger R\u00e9publicain","author":"SiNedjib","date":"17\/03\/2024","format":false,"excerpt":"Cette page recense les 16 articles d\u2019Alger R\u00e9publican\u00a0publi\u00e9s sur ce site depuis le 8 mai 2015. Le journal, fond\u00e9 par Jean-Pierre Faure et Paul Schmitt, est consultable sur Gallica pour les ann\u00e9es 1938 \u00e0 1953. \"La population alg\u00e9rienne de Paris a acclam\u00e9 Messali\", paru dans\u00a0Alger r\u00e9publicain,\u00a013 ao\u00fbt 1946. Lien \"Motion\u2026","rel":"","context":"Article similaire","block_context":{"text":"Article similaire","link":""},"img":{"alt_text":"","src":"https:\/\/i0.wp.com\/sinedjib.com\/wp-content\/uploads\/2024\/03\/Alger-republicain-13-aout-1946.png?resize=350%2C200&ssl=1","width":350,"height":200,"srcset":"https:\/\/i0.wp.com\/sinedjib.com\/wp-content\/uploads\/2024\/03\/Alger-republicain-13-aout-1946.png?resize=350%2C200&ssl=1 1x, https:\/\/i0.wp.com\/sinedjib.com\/wp-content\/uploads\/2024\/03\/Alger-republicain-13-aout-1946.png?resize=525%2C300&ssl=1 1.5x, https:\/\/i0.wp.com\/sinedjib.com\/wp-content\/uploads\/2024\/03\/Alger-republicain-13-aout-1946.png?resize=700%2C400&ssl=1 2x, https:\/\/i0.wp.com\/sinedjib.com\/wp-content\/uploads\/2024\/03\/Alger-republicain-13-aout-1946.png?resize=1050%2C600&ssl=1 3x"},"classes":[]}],"_links":{"self":[{"href":"https:\/\/sinedjib.com\/index.php\/wp-json\/wp\/v2\/pages\/11661","targetHints":{"allow":["GET"]}}],"collection":[{"href":"https:\/\/sinedjib.com\/index.php\/wp-json\/wp\/v2\/pages"}],"about":[{"href":"https:\/\/sinedjib.com\/index.php\/wp-json\/wp\/v2\/types\/page"}],"author":[{"embeddable":true,"href":"https:\/\/sinedjib.com\/index.php\/wp-json\/wp\/v2\/users\/1"}],"replies":[{"embeddable":true,"href":"https:\/\/sinedjib.com\/index.php\/wp-json\/wp\/v2\/comments?post=11661"}],"version-history":[{"count":10,"href":"https:\/\/sinedjib.com\/index.php\/wp-json\/wp\/v2\/pages\/11661\/revisions"}],"predecessor-version":[{"id":28051,"href":"https:\/\/sinedjib.com\/index.php\/wp-json\/wp\/v2\/pages\/11661\/revisions\/28051"}],"wp:attachment":[{"href":"https:\/\/sinedjib.com\/index.php\/wp-json\/wp\/v2\/media?parent=11661"}],"curies":[{"name":"wp","href":"https:\/\/api.w.org\/{rel}","templated":true}]}}