{"id":12945,"date":"2021-06-13T23:46:10","date_gmt":"2021-06-13T21:46:10","guid":{"rendered":"https:\/\/sinedjib.com\/?page_id=12945"},"modified":"2022-09-25T19:05:30","modified_gmt":"2022-09-25T17:05:30","slug":"linternationale","status":"publish","type":"page","link":"https:\/\/sinedjib.com\/index.php\/linternationale\/","title":{"rendered":"L&rsquo;Internationale"},"content":{"rendered":"\n<div class=\"wp-block-media-text alignwide is-stacked-on-mobile is-image-fill\"><figure class=\"wp-block-media-text__media\" style=\"background-image:url(https:\/\/sinedjib.com\/wp-content\/uploads\/2021\/06\/LInternationale-mars-1965.png);background-position:50% 3%\"><img data-recalc-dims=\"1\" loading=\"lazy\" decoding=\"async\" width=\"580\" height=\"460\" data-attachment-id=\"12867\" data-permalink=\"https:\/\/sinedjib.com\/index.php\/2021\/06\/07\/joseph-hansen-malcom-x-martyr-de-la-liberte\/linternationale-mars-1965\/\" data-orig-file=\"https:\/\/i0.wp.com\/sinedjib.com\/wp-content\/uploads\/2021\/06\/LInternationale-mars-1965.png?fit=774%2C614&amp;ssl=1\" data-orig-size=\"774,614\" data-comments-opened=\"1\" data-image-meta=\"{&quot;aperture&quot;:&quot;0&quot;,&quot;credit&quot;:&quot;&quot;,&quot;camera&quot;:&quot;&quot;,&quot;caption&quot;:&quot;&quot;,&quot;created_timestamp&quot;:&quot;0&quot;,&quot;copyright&quot;:&quot;&quot;,&quot;focal_length&quot;:&quot;0&quot;,&quot;iso&quot;:&quot;0&quot;,&quot;shutter_speed&quot;:&quot;0&quot;,&quot;title&quot;:&quot;&quot;,&quot;orientation&quot;:&quot;0&quot;}\" data-image-title=\"LInternationale-mars-1965\" data-image-description=\"\" data-image-caption=\"\" data-large-file=\"https:\/\/i0.wp.com\/sinedjib.com\/wp-content\/uploads\/2021\/06\/LInternationale-mars-1965.png?fit=580%2C460&amp;ssl=1\" src=\"https:\/\/i0.wp.com\/sinedjib.com\/wp-content\/uploads\/2021\/06\/LInternationale-mars-1965.png?resize=580%2C460&#038;ssl=1\" alt=\"\" class=\"wp-image-12867 size-full\" srcset=\"https:\/\/i0.wp.com\/sinedjib.com\/wp-content\/uploads\/2021\/06\/LInternationale-mars-1965.png?w=774&amp;ssl=1 774w, https:\/\/i0.wp.com\/sinedjib.com\/wp-content\/uploads\/2021\/06\/LInternationale-mars-1965.png?resize=300%2C238&amp;ssl=1 300w, https:\/\/i0.wp.com\/sinedjib.com\/wp-content\/uploads\/2021\/06\/LInternationale-mars-1965.png?resize=768%2C609&amp;ssl=1 768w\" sizes=\"auto, (max-width: 580px) 100vw, 580px\" \/><\/figure><div class=\"wp-block-media-text__content\">\n<p class=\"has-large-font-size\"><strong>Cette page recense les 13 articles de\u00a0<em>L&rsquo;Internationale<\/em>\u00a0publi\u00e9s sur ce site depuis le 28 f\u00e9vrier 2021.<\/strong>\u00a0<strong>Ce journal du Parti communiste internationaliste a paru de 1962 \u00e0 1965.<\/strong>\u00a0<strong>Les sommaires sont consultables sur le site\u00a0<a rel=\"noreferrer noopener\" href=\"http:\/\/www.association-radar.org\/?-Journaux-47-\" target=\"_blank\">RaDAR<\/a>.<\/strong><\/p>\n<\/div><\/div>\n\n\n\n<div class=\"wp-block-media-text alignwide has-media-on-the-right is-stacked-on-mobile is-image-fill\"><figure class=\"wp-block-media-text__media\" style=\"background-image:url(https:\/\/sinedjib.com\/wp-content\/uploads\/2022\/06\/LInternationale-juin-1962-1.png);background-position:51% 36%\"><img data-recalc-dims=\"1\" loading=\"lazy\" decoding=\"async\" width=\"434\" height=\"598\" data-attachment-id=\"16335\" data-permalink=\"https:\/\/sinedjib.com\/index.php\/2022\/06\/02\/le-c-n-r-a-envisage-lavenir\/linternationale-juin-1962-1\/\" data-orig-file=\"https:\/\/i0.wp.com\/sinedjib.com\/wp-content\/uploads\/2022\/06\/LInternationale-juin-1962-1.png?fit=434%2C598&amp;ssl=1\" data-orig-size=\"434,598\" data-comments-opened=\"1\" data-image-meta=\"{&quot;aperture&quot;:&quot;0&quot;,&quot;credit&quot;:&quot;&quot;,&quot;camera&quot;:&quot;&quot;,&quot;caption&quot;:&quot;&quot;,&quot;created_timestamp&quot;:&quot;0&quot;,&quot;copyright&quot;:&quot;&quot;,&quot;focal_length&quot;:&quot;0&quot;,&quot;iso&quot;:&quot;0&quot;,&quot;shutter_speed&quot;:&quot;0&quot;,&quot;title&quot;:&quot;&quot;,&quot;orientation&quot;:&quot;0&quot;}\" data-image-title=\"LInternationale-juin-1962-1\" data-image-description=\"\" data-image-caption=\"\" data-large-file=\"https:\/\/i0.wp.com\/sinedjib.com\/wp-content\/uploads\/2022\/06\/LInternationale-juin-1962-1.png?fit=434%2C598&amp;ssl=1\" src=\"https:\/\/i0.wp.com\/sinedjib.com\/wp-content\/uploads\/2022\/06\/LInternationale-juin-1962-1.png?resize=434%2C598&#038;ssl=1\" alt=\"\" class=\"wp-image-16335 size-full\" srcset=\"https:\/\/i0.wp.com\/sinedjib.com\/wp-content\/uploads\/2022\/06\/LInternationale-juin-1962-1.png?w=434&amp;ssl=1 434w, https:\/\/i0.wp.com\/sinedjib.com\/wp-content\/uploads\/2022\/06\/LInternationale-juin-1962-1.png?resize=218%2C300&amp;ssl=1 218w\" sizes=\"auto, (max-width: 434px) 100vw, 434px\" \/><\/figure><div class=\"wp-block-media-text__content\">\n<p class=\"has-normal-font-size\">\u00ab\u00a0Vive l\u2019Alg\u00e9rie ind\u00e9pendante\u00a0\u00bb, paru dans <em>L\u2019Internationale<\/em>, n\u00b0 1, juin 1962. <a href=\"https:\/\/sinedjib.com\/index.php\/2022\/06\/01\/vive-lalgerie-independante\/\">Lien<\/a><\/p>\n\n\n\n<p>\u00ab\u00a0Le C.N.R.A. envisage l\u2019avenir\u00a0\u00bb, paru dans <em>L\u2019Internationale<\/em>, n\u00b0 1, juin 1962. <a href=\"https:\/\/sinedjib.com\/index.php\/2022\/06\/02\/le-c-n-r-a-envisage-lavenir\/\">Lien<\/a><\/p>\n\n\n\n<p>M. Derval, \u00ab\u00a0Le proc\u00e8s du r\u00e9gime\u00a0\u00bb, paru dans <em>L\u2019Internationale<\/em>, n\u00b0 1, juin 1962. <a href=\"https:\/\/sinedjib.com\/index.php\/2022\/06\/04\/m-derval-le-proces-du-regime\/\">Lien<\/a><\/p>\n<\/div><\/div>\n\n\n\n<div class=\"wp-block-media-text alignwide is-stacked-on-mobile is-image-fill\"><figure class=\"wp-block-media-text__media\" style=\"background-image:url(https:\/\/sinedjib.com\/wp-content\/uploads\/2022\/07\/LInternationale-juillet-1962-1.png);background-position:53% 34%\"><img data-recalc-dims=\"1\" loading=\"lazy\" decoding=\"async\" width=\"429\" height=\"601\" data-attachment-id=\"16491\" data-permalink=\"https:\/\/sinedjib.com\/index.php\/2022\/07\/03\/appel-pour-la-liberation-de-tous-les-emprisonnes-qui-ont-manifeste-leur-solidarite-avec-la-revolution-algerienne\/linternationale-juillet-1962-1\/\" data-orig-file=\"https:\/\/i0.wp.com\/sinedjib.com\/wp-content\/uploads\/2022\/07\/LInternationale-juillet-1962-1.png?fit=429%2C601&amp;ssl=1\" data-orig-size=\"429,601\" data-comments-opened=\"1\" data-image-meta=\"{&quot;aperture&quot;:&quot;0&quot;,&quot;credit&quot;:&quot;&quot;,&quot;camera&quot;:&quot;&quot;,&quot;caption&quot;:&quot;&quot;,&quot;created_timestamp&quot;:&quot;0&quot;,&quot;copyright&quot;:&quot;&quot;,&quot;focal_length&quot;:&quot;0&quot;,&quot;iso&quot;:&quot;0&quot;,&quot;shutter_speed&quot;:&quot;0&quot;,&quot;title&quot;:&quot;&quot;,&quot;orientation&quot;:&quot;0&quot;}\" data-image-title=\"LInternationale-juillet-1962-1\" data-image-description=\"\" data-image-caption=\"\" data-large-file=\"https:\/\/i0.wp.com\/sinedjib.com\/wp-content\/uploads\/2022\/07\/LInternationale-juillet-1962-1.png?fit=429%2C601&amp;ssl=1\" src=\"https:\/\/i0.wp.com\/sinedjib.com\/wp-content\/uploads\/2022\/07\/LInternationale-juillet-1962-1.png?resize=429%2C601&#038;ssl=1\" alt=\"\" class=\"wp-image-16491 size-full\" srcset=\"https:\/\/i0.wp.com\/sinedjib.com\/wp-content\/uploads\/2022\/07\/LInternationale-juillet-1962-1.png?w=429&amp;ssl=1 429w, https:\/\/i0.wp.com\/sinedjib.com\/wp-content\/uploads\/2022\/07\/LInternationale-juillet-1962-1.png?resize=214%2C300&amp;ssl=1 214w\" sizes=\"auto, (max-width: 429px) 100vw, 429px\" \/><\/figure><div class=\"wp-block-media-text__content\">\n<p>\u00ab\u00a0Les probl\u00e8mes de l\u2019Alg\u00e9rie ind\u00e9pendante\u00a0\u00bb, paru dans <em>L\u2019Internationale<\/em>, n\u00b0 2 (128), juillet 1962. <a href=\"https:\/\/sinedjib.com\/index.php\/2022\/07\/02\/les-problemes-de-lalgerie-independante\/\">Lien<\/a><\/p>\n\n\n\n<p>\u00ab\u00a0Appel pour la lib\u00e9ration de tous les emprisonn\u00e9s qui ont manifest\u00e9 leur solidarit\u00e9 avec la r\u00e9volution alg\u00e9rienne\u00a0\u00bb, paru dans <em>L\u2019Internationale<\/em>, n\u00b0 2 (128), juillet 1962. <a href=\"https:\/\/sinedjib.com\/index.php\/2022\/07\/03\/appel-pour-la-liberation-de-tous-les-emprisonnes-qui-ont-manifeste-leur-solidarite-avec-la-revolution-algerienne\/\">Lien<\/a><\/p>\n<\/div><\/div>\n\n\n\n<p>\u00ab\u00a0A propos du livre de James Baldwin \u00ab\u00a0La prochaine fois, le feu\u00a0\u00bb\u00a0\u00bb, paru dans <em>L\u2019Internationale<\/em>, n\u00b0 20, mars 1964. <a href=\"https:\/\/sinedjib.com\/index.php\/2022\/08\/01\/a-propos-du-livre-de-james-baldwin-la-prochaine-fois-le-feu\/\">Lien<\/a><\/p>\n\n\n\n<p>D. R., \u00ab\u00a0Cin\u00e9ma militant : \u00ab\u00a0All\u2019armi siam fascisti\u00a0\u00bb (un proc\u00e8s du fascisme italien)\u00a0\u00bb, paru dans <em>L\u2019Internationale<\/em>, n\u00b0 24, juillet-ao\u00fbt 1964. <a href=\"https:\/\/sinedjib.com\/index.php\/2022\/08\/10\/cinema-militant-allarmi-siam-fascisti-un-proces-du-fascisme-italien\/\">Lien<\/a><\/p>\n\n\n\n<p>Joseph Hansen, \u00ab\u00a0Malcolm X martyr de la libert\u00e9\u00a0\u00bb, paru dans&nbsp;<em>L\u2019Internationale<\/em>, n\u00b0 31, mars 1965. <a href=\"https:\/\/sinedjib.com\/index.php\/2021\/06\/07\/joseph-hansen-malcom-x-martyr-de-la-liberte\/\">Lien<\/a><\/p>\n\n\n\n<p>Dyrcona, \u00ab\u00a0Le R.P. Garaudy vole au secours de l\u2019Eglise\u00a0\u00bb, paru dans <em>L\u2019Internationale<\/em>, n\u00b0 33, mai 1965. <a href=\"https:\/\/sinedjib.com\/index.php\/2022\/07\/30\/dyrcona-le-r-p-garaudy-vole-au-secours-de-leglise\/\">Lien<\/a><\/p>\n\n\n\n<p>B. C., \u00ab\u00a0Alg\u00e9rie : L\u2019Islam et la religion\u00a0\u00bb, paru dans&nbsp;<em>L\u2019Internationale<\/em>, n\u00b0 34, juin 1965. <a href=\"https:\/\/sinedjib.com\/index.php\/2021\/02\/28\/algerie-islam-et-religion\/\">Lien<\/a><\/p>\n\n\n\n<p>\u00ab\u00a0Changement de pouvoir en Alg\u00e9rie\u00a0\u00bb, paru dans&nbsp;<em>L\u2019Internationale<\/em>, n\u00b0 35, juillet-ao\u00fbt 1965. <a href=\"https:\/\/sinedjib.com\/index.php\/2021\/03\/02\/changement-de-pouvoir-en-algerie\/\">Lien<\/a><\/p>\n\n\n\n<p>Henri Dumoulin, \u00ab\u00a0Alg\u00e9rie, la r\u00e9volution enray\u00e9e\u00a0\u00bb, paru dans&nbsp;<em>L\u2019Internationale<\/em>,&nbsp;n\u00b0 36, septembre 1965. <a href=\"https:\/\/sinedjib.com\/index.php\/2021\/03\/04\/henri-dumoulin-algerie-la-revolution-enrayee\/\">Lien<\/a><\/p>\n\n\n\n<p>Robert Lemasson, \u00ab\u00a0L\u2019Alg\u00e9rie \u00e0 l\u2019heure de la contre-r\u00e9volution\u00a0\u00bb, paru dans&nbsp;<em>L\u2019Internationale<\/em>,&nbsp;n\u00b0 37, octobre 1965. <a href=\"https:\/\/sinedjib.com\/index.php\/2021\/03\/06\/robert-lemasson-lalgerie-a-lheure-de-la-contre-revolution\/\">Lien<\/a><\/p>\n","protected":false},"excerpt":{"rendered":"<p>Cette page recense les 13 articles de\u00a0L&rsquo;Internationale\u00a0publi\u00e9s sur ce site depuis le 28 f\u00e9vrier 2021.\u00a0Ce journal du Parti communiste internationaliste a paru de 1962 \u00e0 1965.\u00a0Les sommaires sont consultables sur le site\u00a0RaDAR. \u00ab\u00a0Vive l\u2019Alg\u00e9rie ind\u00e9pendante\u00a0\u00bb, paru dans L\u2019Internationale, n\u00b0 1, juin 1962. Lien \u00ab\u00a0Le C.N.R.A. envisage l\u2019avenir\u00a0\u00bb, paru dans L\u2019Internationale, n\u00b0 1, juin 1962. Lien [&hellip;]<\/p>\n","protected":false},"author":1,"featured_media":0,"parent":0,"menu_order":0,"comment_status":"closed","ping_status":"closed","template":"","meta":{"jetpack_post_was_ever_published":false,"footnotes":""},"class_list":["post-12945","page","type-page","status-publish","hentry"],"jetpack_sharing_enabled":true,"jetpack_shortlink":"https:\/\/wp.me\/P9lTYU-3mN","jetpack_likes_enabled":true,"jetpack-related-posts":[{"id":22345,"url":"https:\/\/sinedjib.com\/index.php\/index-des-publications\/","url_meta":{"origin":12945,"position":0},"title":"Index des publications","author":"SiNedjib","date":"17\/03\/2024","format":false,"excerpt":"Cette page pr\u00e9sente un index des publications (bulletins, journaux, revues, etc.) dont cinq textes \u2013 ou plus \u2013 ont \u00e9t\u00e9 retranscrits sur ce site depuis 2012. La liste sera progressivement compl\u00e9t\u00e9e avec l\u2019ensemble des autres r\u00e9f\u00e9rences. A Alarme ; Alger R\u00e9publicain ; Alternative libertaire ; Arguments ; B Le Bolch\u00e9vik\u2026","rel":"","context":"Article similaire","block_context":{"text":"Article similaire","link":""},"img":{"alt_text":"","src":"","width":0,"height":0},"classes":[]},{"id":9565,"url":"https:\/\/sinedjib.com\/index.php\/adresse-echos2\/","url_meta":{"origin":12945,"position":1},"title":"Adresse aux r\u00e9volutionnaires d&rsquo;Alg\u00e9rie et de tous les pays (et autres textes) : \u00e9chos","author":"SiNedjib","date":"17\/08\/2020","format":false,"excerpt":"Suite \u00e0 la parution de mon recueil Adresse aux r\u00e9volutionnaires d'Alg\u00e9rie et de tous les pays (et autres textes), cette page en recense les pr\u00e9sentations,\u00a0recensions ou\u00a0\u00e9vocations.Pour commander cet ouvrage, cliquez sur ce\u00a0lien Pr\u00e9sentation Pr\u00e9sentation, le 3 septembre 2019 \u00e0 19h30, \u00e0 la librairie Libertalia : 12, rue Marcelin-Berthelot, 93100 Montreuil\u2026","rel":"","context":"Article similaire","block_context":{"text":"Article similaire","link":""},"img":{"alt_text":"","src":"https:\/\/i0.wp.com\/sinedjib.com\/wp-content\/uploads\/2019\/08\/arton1789.jpg?resize=350%2C200&ssl=1","width":350,"height":200,"srcset":"https:\/\/i0.wp.com\/sinedjib.com\/wp-content\/uploads\/2019\/08\/arton1789.jpg?resize=350%2C200&ssl=1 1x, https:\/\/i0.wp.com\/sinedjib.com\/wp-content\/uploads\/2019\/08\/arton1789.jpg?resize=525%2C300&ssl=1 1.5x, https:\/\/i0.wp.com\/sinedjib.com\/wp-content\/uploads\/2019\/08\/arton1789.jpg?resize=700%2C400&ssl=1 2x"},"classes":[]},{"id":9142,"url":"https:\/\/sinedjib.com\/index.php\/tout\/","url_meta":{"origin":12945,"position":2},"title":"Tout !","author":"SiNedjib","date":"10\/07\/2020","format":false,"excerpt":"Cette page recense les 11 articles de Tout ! publi\u00e9s sur ce site depuis le 1er juillet 2020. Ce journal a paru de 1970 \u00e0 1971. Les sommaires sont consultables sur le site Archives Autonomies. \"Meulan : de l\u2019embauche \u00e0 la Cour de S\u00fbret\u00e9 le trafic continue\", paru dans\u00a0Tout !,\u2026","rel":"","context":"Article similaire","block_context":{"text":"Article similaire","link":""},"img":{"alt_text":"","src":"https:\/\/i0.wp.com\/sinedjib.com\/wp-content\/uploads\/2020\/07\/Tout-8-septembre-1970.png?resize=350%2C200&ssl=1","width":350,"height":200},"classes":[]},{"id":6820,"url":"https:\/\/sinedjib.com\/index.php\/ressources\/spartacus\/","url_meta":{"origin":12945,"position":3},"title":"Spartacus","author":"SiNedjib","date":"25\/01\/2020","format":false,"excerpt":"Cette page recense les 7 articles de Spartacus publi\u00e9s sur ce site depuis le 19 ao\u00fbt 2018. La revue, lanc\u00e9e par Ren\u00e9 Lefeuvre, a paru de 1975 \u00e0 1979. Les sommaires sont consultables sur le site Archives Autonomies. Michel Jacob, \"Comment lire et ne pas lire Reich\", paru dans Spartacus,\u2026","rel":"","context":"Article similaire","block_context":{"text":"Article similaire","link":""},"img":{"alt_text":"","src":"https:\/\/i0.wp.com\/sinedjib.com\/wp-content\/uploads\/2018\/10\/Spartacus-mars-avril-1979.png?resize=350%2C200&ssl=1","width":350,"height":200},"classes":[]},{"id":12078,"url":"https:\/\/sinedjib.com\/index.php\/jeune-taupe\/","url_meta":{"origin":12945,"position":4},"title":"Jeune Taupe","author":"SiNedjib","date":"07\/04\/2021","format":false,"excerpt":"Cette page recense les 6 articles de Jeune Taupe publi\u00e9s sur ce site depuis le 24 juillet 2018. L\u2019organe, \u00e9dit\u00e9 par le groupe Pour une intervention communiste,\u00a0a paru de 1974 \u00e0 1981.\u00a0Les sommaires du journal sont consultables sur le site\u00a0Archives Autonomies. \"A propos d\u2019une adresse aux prol\u00e9taires et aux jeunes\u2026","rel":"","context":"Article similaire","block_context":{"text":"Article similaire","link":""},"img":{"alt_text":"","src":"https:\/\/i0.wp.com\/sinedjib.com\/wp-content\/uploads\/2018\/08\/Jeune-Taupe-juin-1976.png?resize=350%2C200&ssl=1","width":350,"height":200},"classes":[]},{"id":6832,"url":"https:\/\/sinedjib.com\/index.php\/ressources\/le-reveil\/","url_meta":{"origin":12945,"position":5},"title":"Le R\u00e9veil","author":"SiNedjib","date":"25\/01\/2020","format":false,"excerpt":"Cette page recense les 10 articles du R\u00e9veil publi\u00e9s sur ce site depuis le 8 juin 2019. Le journal, d'abord intitul\u00e9 Le R\u00e9veil socialiste-anarchiste, a paru de 1900 \u00e0 1946. Les sommaires sont consultables sur le site Archives Autonomies. Les textes d'Errico Malatesta sont disponibles via ce lien. Georges Herzig,\u2026","rel":"","context":"Article similaire","block_context":{"text":"Article similaire","link":""},"img":{"alt_text":"","src":"","width":0,"height":0},"classes":[]}],"_links":{"self":[{"href":"https:\/\/sinedjib.com\/index.php\/wp-json\/wp\/v2\/pages\/12945","targetHints":{"allow":["GET"]}}],"collection":[{"href":"https:\/\/sinedjib.com\/index.php\/wp-json\/wp\/v2\/pages"}],"about":[{"href":"https:\/\/sinedjib.com\/index.php\/wp-json\/wp\/v2\/types\/page"}],"author":[{"embeddable":true,"href":"https:\/\/sinedjib.com\/index.php\/wp-json\/wp\/v2\/users\/1"}],"replies":[{"embeddable":true,"href":"https:\/\/sinedjib.com\/index.php\/wp-json\/wp\/v2\/comments?post=12945"}],"version-history":[{"count":8,"href":"https:\/\/sinedjib.com\/index.php\/wp-json\/wp\/v2\/pages\/12945\/revisions"}],"predecessor-version":[{"id":17138,"href":"https:\/\/sinedjib.com\/index.php\/wp-json\/wp\/v2\/pages\/12945\/revisions\/17138"}],"wp:attachment":[{"href":"https:\/\/sinedjib.com\/index.php\/wp-json\/wp\/v2\/media?parent=12945"}],"curies":[{"name":"wp","href":"https:\/\/api.w.org\/{rel}","templated":true}]}}