{"id":13631,"date":"2021-08-17T13:25:13","date_gmt":"2021-08-17T11:25:13","guid":{"rendered":"https:\/\/sinedjib.com\/?page_id=13631"},"modified":"2023-05-08T12:21:37","modified_gmt":"2023-05-08T10:21:37","slug":"combat","status":"publish","type":"page","link":"https:\/\/sinedjib.com\/index.php\/combat\/","title":{"rendered":"Combat"},"content":{"rendered":"\n<div class=\"wp-block-media-text alignwide is-stacked-on-mobile is-image-fill\"><figure class=\"wp-block-media-text__media\" style=\"background-image:url(https:\/\/sinedjib.com\/wp-content\/uploads\/2021\/07\/Combat-11-mai-1946.png);background-position:40% 0%\"><img data-recalc-dims=\"1\" loading=\"lazy\" decoding=\"async\" width=\"305\" height=\"437\" data-attachment-id=\"13488\" data-permalink=\"https:\/\/sinedjib.com\/index.php\/2021\/08\/01\/maurice-nadeau-pas-de-probleme-noir-aux-u-s-a-mais-un-probleme-blanc-nous-dit-lecrivain-noir-richard-wright-a-son-arrivee-a-paris\/combat-11-mai-1946\/\" data-orig-file=\"https:\/\/i0.wp.com\/sinedjib.com\/wp-content\/uploads\/2021\/07\/Combat-11-mai-1946.png?fit=305%2C437&amp;ssl=1\" data-orig-size=\"305,437\" data-comments-opened=\"1\" data-image-meta=\"{&quot;aperture&quot;:&quot;0&quot;,&quot;credit&quot;:&quot;&quot;,&quot;camera&quot;:&quot;&quot;,&quot;caption&quot;:&quot;&quot;,&quot;created_timestamp&quot;:&quot;0&quot;,&quot;copyright&quot;:&quot;&quot;,&quot;focal_length&quot;:&quot;0&quot;,&quot;iso&quot;:&quot;0&quot;,&quot;shutter_speed&quot;:&quot;0&quot;,&quot;title&quot;:&quot;&quot;,&quot;orientation&quot;:&quot;0&quot;}\" data-image-title=\"Combat-11-mai-1946\" data-image-description=\"\" data-image-caption=\"\" data-large-file=\"https:\/\/i0.wp.com\/sinedjib.com\/wp-content\/uploads\/2021\/07\/Combat-11-mai-1946.png?fit=305%2C437&amp;ssl=1\" src=\"https:\/\/i0.wp.com\/sinedjib.com\/wp-content\/uploads\/2021\/07\/Combat-11-mai-1946.png?resize=305%2C437&#038;ssl=1\" alt=\"\" class=\"wp-image-13488 size-full\" srcset=\"https:\/\/i0.wp.com\/sinedjib.com\/wp-content\/uploads\/2021\/07\/Combat-11-mai-1946.png?w=305&amp;ssl=1 305w, https:\/\/i0.wp.com\/sinedjib.com\/wp-content\/uploads\/2021\/07\/Combat-11-mai-1946.png?resize=209%2C300&amp;ssl=1 209w\" sizes=\"auto, (max-width: 305px) 100vw, 305px\" \/><\/figure><div class=\"wp-block-media-text__content\">\n<p class=\"has-large-font-size\"><strong>Cette page recense les 28 articles de <em>Combat <\/em>publi\u00e9s sur ce site depuis le 8 mai 2015. Le journal, initialement organe du Mouvement de Lib\u00e9ration fran\u00e7aise, a paru de 1941 \u00e0 1974. Il est consultable sur le site <a rel=\"noreferrer noopener\" href=\"https:\/\/www.retronews.fr\/titre-de-presse\/combat-1941-2001\" target=\"_blank\">RetroNews<\/a> pour la p\u00e9riode 1941-1950.<\/strong><\/p>\n<\/div><\/div>\n\n\n\n<p>Maurice Nadeau, \u00ab\u00a0Spartacus par Arthur Koestler\u00a0\u00bb, paru dans <em>Combat<\/em>, 11 janvier 1946. <a href=\"https:\/\/sinedjib.com\/index.php\/2023\/03\/25\/maurice-nadeau-spartacus-par-arthur-koestler\/\">Lien<\/a><\/p>\n\n\n\n<p>Maurice Nadeau, \u00ab\u00a0Le Z\u00e9ro et l\u2019Infini par Arthur Koestler\u00a0\u00bb, paru dans <em>Combat<\/em>, 1er f\u00e9vrier 1946. <a href=\"https:\/\/sinedjib.com\/index.php\/2023\/03\/23\/maurice-nadeau-le-zero-et-linfini-par-arthur-koestler\/\">Lien<\/a><\/p>\n\n\n\n<p>Maurice Nadeau, \u00ab\u00a0Pas de probl\u00e8me noir aux U.S.A. mais un probl\u00e8me blanc nous dit l\u2019\u00e9crivain noir Richard Wright \u00e0 son arriv\u00e9e \u00e0 Paris\u00a0\u00bb, paru\u00a0dans\u00a0<em>Combat<\/em>, 11 mai 1946. <a href=\"https:\/\/sinedjib.com\/index.php\/2021\/08\/01\/maurice-nadeau-pas-de-probleme-noir-aux-u-s-a-mais-un-probleme-blanc-nous-dit-lecrivain-noir-richard-wright-a-son-arrivee-a-paris\/\">Lien<\/a><\/p>\n\n\n\n<p>Maurice Nadeau, \u00ab\u00a0Arthur Koestler qui vient d\u2019arriver \u00e0 Paris nous parle de \u201cLa tour d\u2019Ezra\u201d\u00a0\u00bb, paru dans&nbsp;<em>Combat<\/em>, 3&nbsp;octobre 1946. <a href=\"https:\/\/sinedjib.com\/index.php\/2021\/08\/19\/maurice-nadeau-arthur-koestler-qui-vient-darriver-a-paris-nous-parle-de-la-tour-dezra\/\">Lien<\/a><\/p>\n\n\n\n<p>Albert Camus, \u00ab\u00a0Le socialisme mystifi\u00e9\u00a0\u00bb, paru dans&nbsp;<em>Combat<\/em>, 21 novembre 1946. <a href=\"https:\/\/sinedjib.com\/index.php\/2021\/09\/18\/albert-camus-le-socialisme-mystifie\/\">Lien<\/a><\/p>\n\n\n\n<p>Maurice Nadeau, \u00ab\u00a0Koestler et le socialisme\u00a0\u00bb, paru dans&nbsp;<em>Combat<\/em>, 22 novembre 1946. <a href=\"https:\/\/sinedjib.com\/index.php\/2021\/07\/20\/maurice-nadeau-koestler-et-le-socialisme\/\">Lien<\/a><\/p>\n\n\n\n<p>Maurice Nadeau, \u201cJ\u2019ai choisi la libert\u00e9 !\u201d, paru dans&nbsp;<em>Combat<\/em>, 6 juin 1947. <a href=\"https:\/\/sinedjib.com\/index.php\/2021\/08\/15\/maurice-nadeau-jai-choisi-la-liberte\/\">Lien<\/a><\/p>\n\n\n\n<p>Maurice Nadeau, \u00ab\u00a0Un enfant d\u2019Am\u00e9rique\u00a0\u00bb, paru dans&nbsp;<em>Combat<\/em>, 11 juillet&nbsp;1947. <a href=\"https:\/\/sinedjib.com\/index.php\/2021\/08\/10\/maurice-nadeau-un-enfant-damerique\/\">Lien<\/a><\/p>\n\n\n\n<p>Roger Worms, \u00ab\u00a0Mise au point sur une mise au pas\u00a0\u00bb, paru dans&nbsp;<em>Combat<\/em>, 25 juillet 1947. <a href=\"https:\/\/sinedjib.com\/index.php\/2021\/08\/26\/roger-worms-mise-au-point-sur-une-mise-au-pas\/\">Lien<\/a><\/p>\n\n\n\n<p>Victor Alba, \u00ab\u00a0A dix mille kilom\u00e8tres de distance, Victor Serge ne voit en France et en Europe que des id\u00e9alistes, des d\u00e9missionnaires et des totalitaires\u00a0\u00bb, paru dans&nbsp;<em>Combat<\/em>, 16 novembre 1947. <a href=\"https:\/\/sinedjib.com\/index.php\/2021\/08\/04\/victor-alba-a-dix-mille-kilometres-de-distance-victor-serge-ne-voit-en-france-et-en-europe-que-des-idealistes-des-demissionnaires-et-des-totalitaires\/\">Lien<\/a><\/p>\n\n\n\n<p>Yacine Kateb, \u00ab\u00a0Des intellectuels alg\u00e9riens \u00e0 la France\u00a0\u00bb, paru en quatre parties dans&nbsp;<em>Combat<\/em>,&nbsp;4 ao\u00fbt 1948 ;&nbsp;17 ao\u00fbt 1948 ;&nbsp;18 ao\u00fbt 1948 ;&nbsp;24 ao\u00fbt 1948. <a href=\"https:\/\/sinedjib.com\/index.php\/2021\/08\/22\/yacine-kateb-des-intellectuels-algeriens-a-la-france\/\">Lien<\/a><\/p>\n\n\n\n<p>Yacine Kateb, \u00ab\u00a0Y a-t-il un humanisme noir ? Pour le n\u00e8gre, il y a un monde d\u2019\u00e2mes nous dit L\u00e9opold Sedar Senghor\u00a0\u00bb, paru&nbsp;dans&nbsp;<em>Combat<\/em>, 21 septembre 1948. <a href=\"https:\/\/sinedjib.com\/index.php\/2021\/09\/02\/yacine-kateb-y-a-t-il-un-humanisme-noir-pour-le-negre-il-y-a-un-monde-dames-nous-dit-leopold-sedar-senghor\/\">Lien<\/a><\/p>\n\n\n\n<p>Maurice Nadeau, \u00ab\u00a0La trag\u00e9die des \u201crepenseurs\u201d du marxisme\u00a0\u00bb, paru dans&nbsp;<em>Combat<\/em>, 31 mars 1949. <a href=\"https:\/\/sinedjib.com\/index.php\/2021\/08\/27\/maurice-nadeau-la-tragedie-des-repenseurs-du-marxisme\/\">Lien<\/a><\/p>\n\n\n\n<p>Maurice Nadeau, \u00ab\u00a0Communistes d\u2019hier et d\u2019aujourd\u2019hui\u00a0\u00bb, paru dans&nbsp;<em>Combat<\/em>, 23 juin 1949. <a href=\"https:\/\/sinedjib.com\/index.php\/2021\/08\/17\/maurice-nadeau-communistes-dhier-et-daujourdhui\/\">Lien<\/a><\/p>\n\n\n\n<p>Jacques Lemarchand, \u00ab\u00a0Au th\u00e9\u00e2tre H\u00e9bertot \u201cLes Justes\u201d d\u2019Albert Camus\u00a0\u00bb, paru dans&nbsp;<em>Combat<\/em>, 19 d\u00e9cembre 1949. <a href=\"https:\/\/sinedjib.com\/index.php\/2021\/09\/11\/jacques-lemarchand-au-theatre-hebertot-les-justes-dalbert-camus\/\">Lien<\/a><\/p>\n\n\n\n<p>Maurice Nadeau, \u00ab\u00a0Du Marxisme au Moralisme\u00a0\u00bb, paru dans&nbsp;<em>Combat<\/em>, 12 janvier 1950. <a href=\"https:\/\/sinedjib.com\/index.php\/2021\/09\/16\/maurice-nadeau-du-marxisme-au-moralisme\/\">Lien<\/a><\/p>\n\n\n\n<p>Benjamin P\u00e9ret, \u00ab\u00a0On ne gu\u00e9rit pas la peste en propageant le chol\u00e9ra\u00a0\u00bb, paru dans <em><a rel=\"noreferrer noopener\" href=\"https:\/\/www.retronews.fr\/journal\/combat\/30-mar-1950\/2487\/3301587\/1\" target=\"_blank\">Combat<\/a><\/em>, le 30 mars 1950. <a href=\"https:\/\/sinedjib.com\/index.php\/2023\/03\/03\/benjamin-peret-on-ne-guerit-pas-la-peste-en-propageant-le-cholera\/\">Lien<\/a><\/p>\n\n\n\n<p>David Rousset, \u00ab\u00a0La crise de la gauche internationale\u00a0\u00bb, paru dans <em>Combat<\/em>, le 31 mars 1950 et le 1er avril 1950. <a href=\"https:\/\/sinedjib.com\/index.php\/2023\/03\/02\/david-rousset-la-crise-de-la-gauche-internationale\/\">Lien<\/a><\/p>\n\n\n\n<p>David Rousset, \u00ab\u00a0La crise morale et intellectuelle de la \u00ab&nbsp;gauche&nbsp;\u00bb\u00a0\u00bb, paru dans <em>Combat<\/em>, le 18 avril 1950 et le 19 avril 1950. <a href=\"https:\/\/sinedjib.com\/index.php\/2023\/02\/28\/david-rousset-la-crise-morale-et-intellectuelle-de-la-gauche\/\">Lien<\/a><\/p>\n\n\n\n<p>Benjamin P\u00e9ret, \u00ab\u00a0La seule transition concevable\u00a0\u00bb, paru dans <em>Combat<\/em>, le 20 avril 1950. <a href=\"https:\/\/sinedjib.com\/index.php\/2023\/03\/01\/benjamin-peret-la-seule-transition-concevable\/\">Lien<\/a><\/p>\n\n\n\n<p>\u00ab&nbsp;Je n\u2019attends plus rien du communisme du fait de son identification avec le stalinisme&nbsp;\u00bb, entretien avec Andr\u00e9 Breton r\u00e9alis\u00e9 par Francis Dumont paru dans <em>Combat<\/em>, le 16 mai 1950. <a href=\"https:\/\/sinedjib.com\/index.php\/2023\/03\/04\/andre-breton-je-nattends-plus-rien-du-communisme-du-fait-de-son-identification-avec-le-stalinisme\/\">Lien<\/a><\/p>\n\n\n\n<p>Maurice Nadeau, \u00ab\u00a0La Gauche intellectuelle et le communisme\u00a0\u00bb, paru dans&nbsp;<em>Combat<\/em>, 8 juin 1950. <a href=\"https:\/\/sinedjib.com\/index.php\/2021\/08\/13\/maurice-nadeau-la-gauche-intellectuelle-et-le-communisme\/\">Lien<\/a><\/p>\n\n\n\n<p>Gilbert Sigaux, \u00ab\u00a0Itin\u00e9raire d\u2019Albert Camus\u00a0\u00bb, paru dans <em>Combat<\/em>, 3 ao\u00fbt 1950. <a href=\"https:\/\/sinedjib.com\/index.php\/2023\/03\/20\/gilbert-sigaux-itineraire-dalbert-camus\/\">Lien<\/a><\/p>\n\n\n\n<p>\u00ab\u00a0Le secr\u00e9taire g\u00e9n\u00e9ral adjoint de l\u2019USTA abattu rue d\u2019Enghien\u00a0\u00bb, paru dans&nbsp;<em>Combat<\/em>, 10 octobre 1957. <a href=\"https:\/\/sinedjib.com\/index.php\/2017\/10\/10\/usta-enghien\/\">Lien<\/a><\/p>\n\n\n\n<p>\u00ab\u00a0Un commando OAS assassine \u00e0 El Biar trois Europ\u00e9ens et trois musulmans fonctionnaires d\u2019un centre social\u00a0\u00bb, paru dans <em>Combat<\/em>, 16 mars 1962. <a href=\"https:\/\/sinedjib.com\/index.php\/2022\/03\/15\/un-commando-assassine-a-el-biar-trois-europeens-et-trois-musulmans\/\">Lien<\/a><\/p>\n\n\n\n<p>\u00ab\u00a0Cessez-le-feu officiel \u00e0 midi en Alg\u00e9rie\u00a0\u00bb, paru dans <em>Combat<\/em>, 19 mars 1962. <a href=\"https:\/\/sinedjib.com\/index.php\/2022\/03\/19\/cessez-le-feu-officiel-a-midi-en-algerie\/\">Lien<\/a><\/p>\n\n\n\n<p>Pierre-Bernard Marquet, \u00ab\u00a0\u00ab&nbsp;Front populaire&nbsp;\u00bb de Daniel Gu\u00e9rin\u00a0\u00bb, paru dans <em>Combat<\/em>, 17 juillet 1963. <a href=\"https:\/\/sinedjib.com\/index.php\/2022\/06\/09\/pierre-bernard-marquet-front-populaire-de-daniel-guerin\/\">Lien<\/a><\/p>\n\n\n\n<p>Jean Rous, \u00ab\u00a0A la m\u00e9moire de Messali Hadj\u00a0\u00bb, paru dans&nbsp;<em>Combat<\/em>, 21 juin 1974. <a href=\"https:\/\/sinedjib.com\/index.php\/2015\/06\/03\/memoire-messali\/\">Lien<\/a><\/p>\n","protected":false},"excerpt":{"rendered":"<p>Cette page recense les 28 articles de Combat publi\u00e9s sur ce site depuis le 8 mai 2015. Le journal, initialement organe du Mouvement de Lib\u00e9ration fran\u00e7aise, a paru de 1941 \u00e0 1974. Il est consultable sur le site RetroNews pour la p\u00e9riode 1941-1950. Maurice Nadeau, \u00ab\u00a0Spartacus par Arthur Koestler\u00a0\u00bb, paru dans Combat, 11 janvier 1946. [&hellip;]<\/p>\n","protected":false},"author":1,"featured_media":0,"parent":0,"menu_order":0,"comment_status":"closed","ping_status":"closed","template":"","meta":{"jetpack_post_was_ever_published":false,"footnotes":""},"class_list":["post-13631","page","type-page","status-publish","hentry"],"jetpack_sharing_enabled":true,"jetpack_shortlink":"https:\/\/wp.me\/P9lTYU-3xR","jetpack_likes_enabled":true,"jetpack-related-posts":[{"id":22294,"url":"https:\/\/sinedjib.com\/index.php\/le-combat-syndicaliste\/","url_meta":{"origin":13631,"position":0},"title":"Le Combat syndicaliste","author":"SiNedjib","date":"17\/03\/2024","format":false,"excerpt":"Cette page recense les 6 articles du Combat syndicaliste publi\u00e9s sur ce site depuis le 19 septembre 2023. Le journal est consultable sur le site Archives Autonomies pour la p\u00e9riode 1926-1939 et pour la p\u00e9riode 1947-1969. E. Pin, \"Le syndicalisme et la question religieuse\", paru dans\u00a0Le Combat syndicaliste,\u00a0n\u00b0 37, septembre-octobre\u2026","rel":"","context":"Article similaire","block_context":{"text":"Article similaire","link":""},"img":{"alt_text":"","src":"https:\/\/i0.wp.com\/sinedjib.com\/wp-content\/uploads\/2024\/03\/Le-Combat-syndicaliste-septembre-octobre-1930.png?resize=350%2C200&ssl=1","width":350,"height":200,"srcset":"https:\/\/i0.wp.com\/sinedjib.com\/wp-content\/uploads\/2024\/03\/Le-Combat-syndicaliste-septembre-octobre-1930.png?resize=350%2C200&ssl=1 1x, https:\/\/i0.wp.com\/sinedjib.com\/wp-content\/uploads\/2024\/03\/Le-Combat-syndicaliste-septembre-octobre-1930.png?resize=525%2C300&ssl=1 1.5x"},"classes":[]},{"id":22345,"url":"https:\/\/sinedjib.com\/index.php\/index-des-publications\/","url_meta":{"origin":13631,"position":1},"title":"Index des publications","author":"SiNedjib","date":"17\/03\/2024","format":false,"excerpt":"Cette page pr\u00e9sente un index des publications (bulletins, journaux, revues, etc.) dont cinq textes \u2013 ou plus \u2013 ont \u00e9t\u00e9 retranscrits sur ce site depuis 2012. La liste sera progressivement compl\u00e9t\u00e9e avec l\u2019ensemble des autres r\u00e9f\u00e9rences. A Alarme ; Alger R\u00e9publicain ; Alternative libertaire ; Arguments ; B Le Bolch\u00e9vik\u2026","rel":"","context":"Article similaire","block_context":{"text":"Article similaire","link":""},"img":{"alt_text":"","src":"","width":0,"height":0},"classes":[]},{"id":8513,"url":"https:\/\/sinedjib.com\/index.php\/bulletin-de-liaison\/","url_meta":{"origin":13631,"position":2},"title":"Bulletin de liaison","author":"SiNedjib","date":"23\/05\/2020","format":false,"excerpt":"Cette page recense les 6 articles du Bulletin de liaison publi\u00e9s sur ce site depuis le 24 octobre 2019. L\u2019organe du Comit\u00e9 national de d\u00e9fense de la r\u00e9volution (li\u00e9 au Parti de la r\u00e9volution socialiste cr\u00e9\u00e9 par Mohamed Boudiaf)\u00a0a paru de 1965 \u00e0 1967. \"Aust\u00e9rit\u00e9 pour qui ?\", paru dans\u2026","rel":"","context":"Article similaire","block_context":{"text":"Article similaire","link":""},"img":{"alt_text":"","src":"https:\/\/i0.wp.com\/sinedjib.com\/wp-content\/uploads\/2020\/01\/Bulletin-de-liaison-d%C3%A9cembre-1965.png?resize=350%2C200&ssl=1","width":350,"height":200},"classes":[]},{"id":13832,"url":"https:\/\/sinedjib.com\/index.php\/gavroche\/","url_meta":{"origin":13631,"position":3},"title":"Gavroche","author":"SiNedjib","date":"05\/09\/2021","format":false,"excerpt":"Cette page recense les 9 articles de\u00a0Gavroche publi\u00e9s sur ce site depuis le 27 juillet 2021. L'organe du Front patriotique de la jeunesse parisienne a paru de 1944 \u00e0 1948 sous la direction de Marcel Bidoux. Cet hebdomadaire est consultable sur le site\u00a0RetroNews. Pierre Champromis, \"De la r\u00e9volte \u00e0 la\u2026","rel":"","context":"Article similaire","block_context":{"text":"Article similaire","link":""},"img":{"alt_text":"","src":"https:\/\/i0.wp.com\/sinedjib.com\/wp-content\/uploads\/2021\/09\/Gavroche-7-decembre-1944.png?resize=350%2C200&ssl=1","width":350,"height":200},"classes":[]},{"id":11645,"url":"https:\/\/sinedjib.com\/index.php\/masses\/","url_meta":{"origin":13631,"position":4},"title":"Masses","author":"SiNedjib","date":"25\/02\/2021","format":false,"excerpt":"Cette page recense les 14 articles de Masses\u00a0publi\u00e9s sur ce site depuis le 11 f\u00e9vrier 2021.\u00a0La\u00a0revue, lanc\u00e9e par Paul Faure, a paru de 1931 \u00e0 1948. Les sommaires sont consultables sur le site\u00a0Archives Autonomies. G. A., \"Visite \u00e0 l\u2019exposition anticoloniale\", paru dans Masses, n\u00b0 5, novembre-d\u00e9cembre 1931. Lien Fritz Brupbacher,\u2026","rel":"","context":"Article similaire","block_context":{"text":"Article similaire","link":""},"img":{"alt_text":"","src":"https:\/\/i0.wp.com\/sinedjib.com\/wp-content\/uploads\/2021\/02\/Masses-20-juin-1933.png?resize=350%2C200&ssl=1","width":350,"height":200},"classes":[]},{"id":6837,"url":"https:\/\/sinedjib.com\/index.php\/ressources\/tribune-algerienne\/","url_meta":{"origin":13631,"position":5},"title":"Tribune alg\u00e9rienne","author":"SiNedjib","date":"25\/01\/2020","format":false,"excerpt":"Cette page recense les 25 articles de Tribune alg\u00e9rienne publi\u00e9s sur ce site depuis le 20 janvier 2019. Le bulletin du Comit\u00e9 de liaison des trotskystes alg\u00e9riens a paru de 1974 \u00e0 1980. Des num\u00e9ros sont consultables sur le portail Odyss\u00e9o. \"Le voyage de Marchais en Alg\u00e9rie\", paru dans Tribune\u2026","rel":"","context":"Article similaire","block_context":{"text":"Article similaire","link":""},"img":{"alt_text":"","src":"https:\/\/i0.wp.com\/sinedjib.com\/wp-content\/uploads\/2020\/02\/Tribune-alg%C3%A9rienne-janvier-1977.png?resize=350%2C200&ssl=1","width":350,"height":200},"classes":[]}],"_links":{"self":[{"href":"https:\/\/sinedjib.com\/index.php\/wp-json\/wp\/v2\/pages\/13631","targetHints":{"allow":["GET"]}}],"collection":[{"href":"https:\/\/sinedjib.com\/index.php\/wp-json\/wp\/v2\/pages"}],"about":[{"href":"https:\/\/sinedjib.com\/index.php\/wp-json\/wp\/v2\/types\/page"}],"author":[{"embeddable":true,"href":"https:\/\/sinedjib.com\/index.php\/wp-json\/wp\/v2\/users\/1"}],"replies":[{"embeddable":true,"href":"https:\/\/sinedjib.com\/index.php\/wp-json\/wp\/v2\/comments?post=13631"}],"version-history":[{"count":20,"href":"https:\/\/sinedjib.com\/index.php\/wp-json\/wp\/v2\/pages\/13631\/revisions"}],"predecessor-version":[{"id":18699,"href":"https:\/\/sinedjib.com\/index.php\/wp-json\/wp\/v2\/pages\/13631\/revisions\/18699"}],"wp:attachment":[{"href":"https:\/\/sinedjib.com\/index.php\/wp-json\/wp\/v2\/media?parent=13631"}],"curies":[{"name":"wp","href":"https:\/\/api.w.org\/{rel}","templated":true}]}}