{"id":13761,"date":"2021-08-31T11:35:37","date_gmt":"2021-08-31T09:35:37","guid":{"rendered":"https:\/\/sinedjib.com\/?page_id=13761"},"modified":"2021-10-03T10:28:18","modified_gmt":"2021-10-03T08:28:18","slug":"les-lettres-francaises","status":"publish","type":"page","link":"https:\/\/sinedjib.com\/index.php\/les-lettres-francaises\/","title":{"rendered":"Les Lettres fran\u00e7aises"},"content":{"rendered":"\n<div class=\"wp-block-media-text alignwide is-stacked-on-mobile is-image-fill\"><figure class=\"wp-block-media-text__media\" style=\"background-image:url(https:\/\/sinedjib.com\/wp-content\/uploads\/2021\/08\/Les-Lettres-francaises-1er-mars-1946.png);background-position:56.00000000000001% 0%\"><img data-recalc-dims=\"1\" loading=\"lazy\" decoding=\"async\" width=\"313\" height=\"425\" data-attachment-id=\"13721\" data-permalink=\"https:\/\/sinedjib.com\/index.php\/2021\/08\/31\/rene-maran-lafrique-noire-dans-les-lettres-francaises\/les-lettres-francaises-1er-mars-1946\/\" data-orig-file=\"https:\/\/i0.wp.com\/sinedjib.com\/wp-content\/uploads\/2021\/08\/Les-Lettres-francaises-1er-mars-1946.png?fit=313%2C425&amp;ssl=1\" data-orig-size=\"313,425\" data-comments-opened=\"1\" data-image-meta=\"{&quot;aperture&quot;:&quot;0&quot;,&quot;credit&quot;:&quot;&quot;,&quot;camera&quot;:&quot;&quot;,&quot;caption&quot;:&quot;&quot;,&quot;created_timestamp&quot;:&quot;0&quot;,&quot;copyright&quot;:&quot;&quot;,&quot;focal_length&quot;:&quot;0&quot;,&quot;iso&quot;:&quot;0&quot;,&quot;shutter_speed&quot;:&quot;0&quot;,&quot;title&quot;:&quot;&quot;,&quot;orientation&quot;:&quot;0&quot;}\" data-image-title=\"Les-Lettres-francaises-1er-mars-1946\" data-image-description=\"\" data-image-caption=\"\" data-large-file=\"https:\/\/i0.wp.com\/sinedjib.com\/wp-content\/uploads\/2021\/08\/Les-Lettres-francaises-1er-mars-1946.png?fit=313%2C425&amp;ssl=1\" src=\"https:\/\/i0.wp.com\/sinedjib.com\/wp-content\/uploads\/2021\/08\/Les-Lettres-francaises-1er-mars-1946.png?resize=313%2C425&#038;ssl=1\" alt=\"\" class=\"wp-image-13721 size-full\" srcset=\"https:\/\/i0.wp.com\/sinedjib.com\/wp-content\/uploads\/2021\/08\/Les-Lettres-francaises-1er-mars-1946.png?w=313&amp;ssl=1 313w, https:\/\/i0.wp.com\/sinedjib.com\/wp-content\/uploads\/2021\/08\/Les-Lettres-francaises-1er-mars-1946.png?resize=221%2C300&amp;ssl=1 221w\" sizes=\"auto, (max-width: 313px) 100vw, 313px\" \/><\/figure><div class=\"wp-block-media-text__content\">\n<p class=\"has-large-font-size\"><strong>Cette page recense les 9 articles des <em>Lettres fran\u00e7aises<\/em> publi\u00e9s sur ce site depuis le 5 ao\u00fbt 2021. Le journal du Comit\u00e9 national des \u00e9crivains a \u00e9t\u00e9 fond\u00e9 en 1942. Il est consultable sur le site\u00a0<a rel=\"noreferrer noopener\" href=\"https:\/\/www.retronews.fr\/titre-de-presse\/lettres-francaises\" target=\"_blank\">RetroNews<\/a>\u00a0pour la p\u00e9riode 1942-1950.<\/strong><\/p>\n<\/div><\/div>\n\n\n\n<p>Ren\u00e9 Maran, \u00ab\u00a0L\u2019Afrique noire dans les lettres fran\u00e7aises\u00a0\u00bb, paru dans&nbsp;<em>Les Lettres fran\u00e7aises<\/em>, n\u00b0 97, 1er mars 1946. <a href=\"https:\/\/sinedjib.com\/index.php\/2021\/08\/31\/rene-maran-lafrique-noire-dans-les-lettres-francaises\/\">Lien<\/a><\/p>\n\n\n\n<p>Elian J. Finbert, \u00ab\u00a0Un grand \u00e9crivain arabe est \u00e0 Paris, Taha Hussein Bey\u00a0\u00bb, paru dans&nbsp;<em>Les Lettres fran\u00e7aises<\/em>, n\u00b0 112, 14 juin 1946. <a href=\"https:\/\/sinedjib.com\/index.php\/2021\/08\/16\/elian-j-finbert-un-grand-ecrivain-arabe-est-a-paris-taha-hussein-bey\/\">Lien<\/a><\/p>\n\n\n\n<p>Michel Gordey, \u00ab\u00a0Une interview de l\u2019\u00e9crivain Richard Wright. L\u2019Am\u00e9rique n\u2019est pas le nouveau monde\u00a0\u00bb, paru dans&nbsp;<em>Les Lettres fran\u00e7aises<\/em>, 10 janvier 1947. <a href=\"https:\/\/sinedjib.com\/index.php\/2021\/08\/05\/michel-gordey-une-interview-de-lecrivain-richard-wright-lamerique-nest-pas-le-nouveau-monde\/\">Lien<\/a><\/p>\n\n\n\n<div class=\"wp-block-media-text alignwide has-media-on-the-right is-stacked-on-mobile is-image-fill\"><figure class=\"wp-block-media-text__media\" style=\"background-image:url(https:\/\/sinedjib.com\/wp-content\/uploads\/2021\/09\/Les-Lettres-francaises-18-juillet-1947.png);background-position:60% 0%\"><img data-recalc-dims=\"1\" loading=\"lazy\" decoding=\"async\" width=\"313\" height=\"431\" data-attachment-id=\"13827\" data-permalink=\"https:\/\/sinedjib.com\/index.php\/2021\/09\/05\/edith-thomas-israel-et-lhistoire\/les-lettres-francaises-18-juillet-1947-2\/\" data-orig-file=\"https:\/\/i0.wp.com\/sinedjib.com\/wp-content\/uploads\/2021\/09\/Les-Lettres-francaises-18-juillet-1947.png?fit=313%2C431&amp;ssl=1\" data-orig-size=\"313,431\" data-comments-opened=\"1\" data-image-meta=\"{&quot;aperture&quot;:&quot;0&quot;,&quot;credit&quot;:&quot;&quot;,&quot;camera&quot;:&quot;&quot;,&quot;caption&quot;:&quot;&quot;,&quot;created_timestamp&quot;:&quot;0&quot;,&quot;copyright&quot;:&quot;&quot;,&quot;focal_length&quot;:&quot;0&quot;,&quot;iso&quot;:&quot;0&quot;,&quot;shutter_speed&quot;:&quot;0&quot;,&quot;title&quot;:&quot;&quot;,&quot;orientation&quot;:&quot;0&quot;}\" data-image-title=\"Les-Lettres-francaises-18-juillet-1947\" data-image-description=\"\" data-image-caption=\"\" data-large-file=\"https:\/\/i0.wp.com\/sinedjib.com\/wp-content\/uploads\/2021\/09\/Les-Lettres-francaises-18-juillet-1947.png?fit=313%2C431&amp;ssl=1\" src=\"https:\/\/i0.wp.com\/sinedjib.com\/wp-content\/uploads\/2021\/09\/Les-Lettres-francaises-18-juillet-1947.png?resize=313%2C431&#038;ssl=1\" alt=\"\" class=\"wp-image-13827 size-full\" srcset=\"https:\/\/i0.wp.com\/sinedjib.com\/wp-content\/uploads\/2021\/09\/Les-Lettres-francaises-18-juillet-1947.png?w=313&amp;ssl=1 313w, https:\/\/i0.wp.com\/sinedjib.com\/wp-content\/uploads\/2021\/09\/Les-Lettres-francaises-18-juillet-1947.png?resize=218%2C300&amp;ssl=1 218w\" sizes=\"auto, (max-width: 313px) 100vw, 313px\" \/><\/figure><div class=\"wp-block-media-text__content\">\n<p class=\"has-normal-font-size\"> Edgar Morin, \u00ab\u00a0Les h\u00e9ros d\u00e9sesp\u00e9r\u00e9s ou le mal d\u2019aujourd\u2019hui\u00a0\u00bb, paru dans&nbsp;<em>Les Lettres fran\u00e7aises<\/em>, n\u00b0 165, 18 juillet 1947. <a href=\"https:\/\/sinedjib.com\/index.php\/2021\/08\/24\/edgar-morin-les-heros-desesperes-ou-le-mal-daujourdhui\/\">Lien<\/a> <\/p>\n\n\n\n<p> Edith Thomas, \u00ab\u00a0Isra\u00ebl et l\u2019histoire\u00a0\u00bb, paru dans&nbsp;<em>Les&nbsp;Lettres fran\u00e7aises<\/em>, 18 juillet 1947. <a href=\"https:\/\/sinedjib.com\/index.php\/2021\/09\/05\/edith-thomas-israel-et-lhistoire\/\">Lien<\/a> <\/p>\n<\/div><\/div>\n\n\n\n<p>A. F., \u00ab\u00a0Terre d\u2019Egypte\u00a0\u00bb, paru dans\u00a0<em>Les Lettres fran\u00e7aises<\/em>, n\u00b0 168, 8 ao\u00fbt 1947. <a href=\"https:\/\/sinedjib.com\/index.php\/2021\/08\/18\/a-f-terre-degypte\/\">Lien<\/a><\/p>\n\n\n\n<p>Louis Parrot, \u00ab\u00a0Islam et Occident\u00a0\u00bb, paru dans <em>Les Lettres fran\u00e7aises<\/em>, 15 janvier 1948. <a href=\"https:\/\/sinedjib.com\/index.php\/2021\/10\/03\/louis-parrot-islam-et-occident\/\">Lien<\/a><\/p>\n\n\n\n<p>Ricardo Enquin, \u00ab\u00a0Le ma\u00eetre de la litt\u00e9rature \u201cde gauchos\u201d Enrique Amorim est l\u2019h\u00f4te de Paris, et sera celui de Wroclaw\u00a0\u00bb, paru dans&nbsp;<em>Les Lettres fran\u00e7aises<\/em>, n\u00b0 221, 19 ao\u00fbt 1948. <a href=\"https:\/\/sinedjib.com\/index.php\/2021\/08\/20\/ricardo-enquin-le-maitre-de-la-litterature-de-gauchos-enrique-amorim-est-lhote-de-paris-et-sera-celui-de-wroclaw\/\">Lien<\/a><\/p>\n\n\n\n<p>\u00ab\u00a0S\u2019IL BRAILLE, L\u00c2CHE-LE\u2026, par Chester Himes, traduit de l\u2019Am\u00e9ricain par Ren\u00e9e Vavasseur et Marcel Duhamel. (Editions Albin Michel.)\u00a0\u00bb, paru dans&nbsp;<em>Les Lettres fran\u00e7aises<\/em>, n\u00b0 240, 30 d\u00e9cembre 1948. <a href=\"https:\/\/sinedjib.com\/index.php\/2021\/09\/12\/sil-braille-lache-le-par-chester-himes-traduit-de-lamericain-par-renee-vavasseur-et-marcel-duhamel-editions-albin-michel\/\">Lien<\/a><\/p>\n","protected":false},"excerpt":{"rendered":"<p>Cette page recense les 9 articles des Lettres fran\u00e7aises publi\u00e9s sur ce site depuis le 5 ao\u00fbt 2021. Le journal du Comit\u00e9 national des \u00e9crivains a \u00e9t\u00e9 fond\u00e9 en 1942. Il est consultable sur le site\u00a0RetroNews\u00a0pour la p\u00e9riode 1942-1950. Ren\u00e9 Maran, \u00ab\u00a0L\u2019Afrique noire dans les lettres fran\u00e7aises\u00a0\u00bb, paru dans&nbsp;Les Lettres fran\u00e7aises, n\u00b0 97, 1er mars [&hellip;]<\/p>\n","protected":false},"author":1,"featured_media":0,"parent":0,"menu_order":0,"comment_status":"closed","ping_status":"closed","template":"","meta":{"jetpack_post_was_ever_published":false,"footnotes":""},"class_list":["post-13761","page","type-page","status-publish","hentry"],"jetpack_sharing_enabled":true,"jetpack_shortlink":"https:\/\/wp.me\/P9lTYU-3zX","jetpack_likes_enabled":true,"jetpack-related-posts":[{"id":22345,"url":"https:\/\/sinedjib.com\/index.php\/index-des-publications\/","url_meta":{"origin":13761,"position":0},"title":"Index des publications","author":"SiNedjib","date":"17\/03\/2024","format":false,"excerpt":"Cette page pr\u00e9sente un index des publications (bulletins, journaux, revues, etc.) dont cinq textes \u2013 ou plus \u2013 ont \u00e9t\u00e9 retranscrits sur ce site depuis 2012. La liste sera progressivement compl\u00e9t\u00e9e avec l\u2019ensemble des autres r\u00e9f\u00e9rences. A Alarme ; Alger R\u00e9publicain ; Alternative libertaire ; Arguments ; B Le Bolch\u00e9vik\u2026","rel":"","context":"Article similaire","block_context":{"text":"Article similaire","link":""},"img":{"alt_text":"","src":"","width":0,"height":0},"classes":[]},{"id":6860,"url":"https:\/\/sinedjib.com\/index.php\/ressources\/informations-correspondance-ouvrieres\/","url_meta":{"origin":13761,"position":1},"title":"Informations Correspondance Ouvri\u00e8res","author":"SiNedjib","date":"26\/01\/2020","format":false,"excerpt":"Cette page recense les 27 articles d'Informations Correspondance Ouvri\u00e8res publi\u00e9s sur ce site depuis le 3 ao\u00fbt 2018. Le bulletin, \u00e9dit\u00e9 par Pierre Blachier, a paru de 1960 \u00e0 1973. Les sommaires sont consultables sur le site Archives Autonomies. \"Les \u00e9v\u00e9nements\", paru dans Informations Correspondance Ouvri\u00e8res, n\u00b0 1, octobre 1961.\u2026","rel":"","context":"Article similaire","block_context":{"text":"Article similaire","link":""},"img":{"alt_text":"","src":"https:\/\/i0.wp.com\/sinedjib.com\/wp-content\/uploads\/2022\/09\/ICO-mai-1962.png?resize=350%2C200&ssl=1","width":350,"height":200},"classes":[]},{"id":16968,"url":"https:\/\/sinedjib.com\/index.php\/histoire-algerienne-de-la-france\/","url_meta":{"origin":13761,"position":2},"title":"Histoire alg\u00e9rienne de la France","author":"SiNedjib","date":"29\/08\/2022","format":false,"excerpt":"Cette page est consacr\u00e9e \u00e0 mon cinqui\u00e8me ouvrage, Histoire alg\u00e9rienne de la France. Une centralit\u00e9 refoul\u00e9e, de 1962 \u00e0 nos jours, Presses universitaires de France, 2022.Pour le commander, cliquez sur ce lien Fran\u00e7oise Lorcerie, \"Discuter le postcolonial et le d\u00e9colonial dans les syst\u00e8mes \u00e9ducatifs : le cas de la France\u2026","rel":"","context":"Article similaire","block_context":{"text":"Article similaire","link":""},"img":{"alt_text":"","src":"https:\/\/i0.wp.com\/sinedjib.com\/wp-content\/uploads\/2022\/07\/histoire-algerienne-de-la-france.png?resize=350%2C200&ssl=1","width":350,"height":200},"classes":[]},{"id":9596,"url":"https:\/\/sinedjib.com\/index.php\/diffusion-recherche\/","url_meta":{"origin":13761,"position":3},"title":"Diffusion de la recherche et autres articles","author":"SiNedjib","date":"17\/08\/2020","format":false,"excerpt":"\"\u00c9crivains alg\u00e9riens d\u2019expression fran\u00e7aise\u00a0: de la conqu\u00eate coloniale aux guerres culturelles\", Moyen-Orient, n\u00b0 69, janvier-mars 2026, p. 60-63 \"In memoriam Mohammed Harbi (1933-2026)\", Histoire coloniale et postcoloniale, 3 janvier 2026. En ligne[traduit en anglais par Adam Novak pour Europe solidaire sans fronti\u00e8res.\u00a0En ligne] \"Comment la d\u00e9colonisation de l'Alg\u00e9rie fa\u00e7onne les\u2026","rel":"","context":"Article similaire","block_context":{"text":"Article similaire","link":""},"img":{"alt_text":"","src":"https:\/\/i0.wp.com\/sinedjib.com\/wp-content\/uploads\/2026\/01\/moyen-Orient-2026.jpg?resize=350%2C200&ssl=1","width":350,"height":200,"srcset":"https:\/\/i0.wp.com\/sinedjib.com\/wp-content\/uploads\/2026\/01\/moyen-Orient-2026.jpg?resize=350%2C200&ssl=1 1x, https:\/\/i0.wp.com\/sinedjib.com\/wp-content\/uploads\/2026\/01\/moyen-Orient-2026.jpg?resize=525%2C300&ssl=1 1.5x"},"classes":[]},{"id":14394,"url":"https:\/\/sinedjib.com\/index.php\/front-libertaire-des-luttes-de-classe\/","url_meta":{"origin":13761,"position":4},"title":"Front libertaire des luttes de classes","author":"SiNedjib","date":"17\/10\/2021","format":false,"excerpt":"Cette page recense les 9 articles de Front libertaire des luttes de classes publi\u00e9s sur ce site depuis le 29 septembre 2018. Ce journal \u00e9dit\u00e9 par l'Organisation r\u00e9volutionnaire anarchiste puis par l'Organisation communiste libertaire a paru de 1970 \u00e0 1979. Les num\u00e9ros sont t\u00e9l\u00e9chargeables sur le site Archives Autonomies. \"Palestine\",\u2026","rel":"","context":"Article similaire","block_context":{"text":"Article similaire","link":""},"img":{"alt_text":"","src":"https:\/\/i0.wp.com\/sinedjib.com\/wp-content\/uploads\/2023\/11\/Front-libertaire-des-luttes-de-classes-1970.png?resize=350%2C200&ssl=1","width":350,"height":200},"classes":[]},{"id":13893,"url":"https:\/\/sinedjib.com\/index.php\/autres-references\/","url_meta":{"origin":13761,"position":5},"title":"Autres r\u00e9f\u00e9rences","author":"SiNedjib","date":"10\/09\/2021","format":false,"excerpt":"Cette page recense des textes publi\u00e9s sur ce site depuis le 3 mai 2015 et provenant de 176 bulletins, journaux, magazines, revues... qui ne font pas encore l'objet d'une rubrique sp\u00e9cifique. Action \"Les nouveaux mandarins : lib\u00e9raux et progressistes au service de la carotte\", paru dans Action, n\u00b0 35, 12\u2026","rel":"","context":"Article similaire","block_context":{"text":"Article similaire","link":""},"img":{"alt_text":"","src":"https:\/\/i0.wp.com\/sinedjib.com\/wp-content\/uploads\/2019\/12\/LAnarchie-30-d%C3%A9cembre-1909.png?resize=350%2C200&ssl=1","width":350,"height":200},"classes":[]}],"_links":{"self":[{"href":"https:\/\/sinedjib.com\/index.php\/wp-json\/wp\/v2\/pages\/13761","targetHints":{"allow":["GET"]}}],"collection":[{"href":"https:\/\/sinedjib.com\/index.php\/wp-json\/wp\/v2\/pages"}],"about":[{"href":"https:\/\/sinedjib.com\/index.php\/wp-json\/wp\/v2\/types\/page"}],"author":[{"embeddable":true,"href":"https:\/\/sinedjib.com\/index.php\/wp-json\/wp\/v2\/users\/1"}],"replies":[{"embeddable":true,"href":"https:\/\/sinedjib.com\/index.php\/wp-json\/wp\/v2\/comments?post=13761"}],"version-history":[{"count":6,"href":"https:\/\/sinedjib.com\/index.php\/wp-json\/wp\/v2\/pages\/13761\/revisions"}],"predecessor-version":[{"id":14229,"href":"https:\/\/sinedjib.com\/index.php\/wp-json\/wp\/v2\/pages\/13761\/revisions\/14229"}],"wp:attachment":[{"href":"https:\/\/sinedjib.com\/index.php\/wp-json\/wp\/v2\/media?parent=13761"}],"curies":[{"name":"wp","href":"https:\/\/api.w.org\/{rel}","templated":true}]}}