{"id":13795,"date":"2021-09-02T23:43:48","date_gmt":"2021-09-02T21:43:48","guid":{"rendered":"https:\/\/sinedjib.com\/?page_id=13795"},"modified":"2024-09-08T20:09:11","modified_gmt":"2024-09-08T18:09:11","slug":"franc-tireur","status":"publish","type":"page","link":"https:\/\/sinedjib.com\/index.php\/franc-tireur\/","title":{"rendered":"Franc-Tireur"},"content":{"rendered":"\n<div class=\"wp-block-media-text alignwide is-stacked-on-mobile is-image-fill\"><figure class=\"wp-block-media-text__media\" style=\"background-image:url(https:\/\/sinedjib.com\/wp-content\/uploads\/2021\/08\/Franc-Tireur-31-aout-1945.png);background-position:56% 0%\"><img data-recalc-dims=\"1\" loading=\"lazy\" decoding=\"async\" width=\"329\" height=\"429\" data-attachment-id=\"13767\" data-permalink=\"https:\/\/sinedjib.com\/index.php\/2021\/09\/01\/marcel-peju-noces-dalbert-camus\/franc-tireur-31-aout-1945\/\" data-orig-file=\"https:\/\/i0.wp.com\/sinedjib.com\/wp-content\/uploads\/2021\/08\/Franc-Tireur-31-aout-1945.png?fit=329%2C429&amp;ssl=1\" data-orig-size=\"329,429\" data-comments-opened=\"1\" data-image-meta=\"{&quot;aperture&quot;:&quot;0&quot;,&quot;credit&quot;:&quot;&quot;,&quot;camera&quot;:&quot;&quot;,&quot;caption&quot;:&quot;&quot;,&quot;created_timestamp&quot;:&quot;0&quot;,&quot;copyright&quot;:&quot;&quot;,&quot;focal_length&quot;:&quot;0&quot;,&quot;iso&quot;:&quot;0&quot;,&quot;shutter_speed&quot;:&quot;0&quot;,&quot;title&quot;:&quot;&quot;,&quot;orientation&quot;:&quot;0&quot;}\" data-image-title=\"Franc-Tireur-31-aout-1945\" data-image-description=\"\" data-image-caption=\"\" data-large-file=\"https:\/\/i0.wp.com\/sinedjib.com\/wp-content\/uploads\/2021\/08\/Franc-Tireur-31-aout-1945.png?fit=329%2C429&amp;ssl=1\" src=\"https:\/\/i0.wp.com\/sinedjib.com\/wp-content\/uploads\/2021\/08\/Franc-Tireur-31-aout-1945.png?resize=329%2C429&#038;ssl=1\" alt=\"\" class=\"wp-image-13767 size-full\" srcset=\"https:\/\/i0.wp.com\/sinedjib.com\/wp-content\/uploads\/2021\/08\/Franc-Tireur-31-aout-1945.png?w=329&amp;ssl=1 329w, https:\/\/i0.wp.com\/sinedjib.com\/wp-content\/uploads\/2021\/08\/Franc-Tireur-31-aout-1945.png?resize=230%2C300&amp;ssl=1 230w\" sizes=\"auto, (max-width: 329px) 100vw, 329px\" \/><\/figure><div class=\"wp-block-media-text__content\">\n<p class=\"has-large-font-size\"><strong>Cette page recense les 19 articles de <em>Franc-Tireur <\/em>publi\u00e9s sur ce site depuis le 7 ao\u00fbt 2021. Le journal, initialement organe des Mouvements unis de r\u00e9sistance, a paru de 1941 \u00e0 1957. Il est consultable sur le site <a href=\"https:\/\/gallica.bnf.fr\/ark:\/12148\/cb32777201w\/date.r=\" target=\"_blank\" rel=\"noreferrer noopener\">Gallica<\/a> pour la p\u00e9riode 1944-1953.<\/strong><\/p>\n<\/div><\/div>\n\n\n\n<p>Marcel P\u00e9ju, \u00ab\u00a0Noces, d\u2019Albert Camus\u00a0\u00bb, paru&nbsp;dans&nbsp;<em>Franc-Tireur<\/em>, 31 ao\u00fbt 1945. <a href=\"https:\/\/sinedjib.com\/index.php\/2021\/09\/01\/marcel-peju-noces-dalbert-camus\/\">Lien<\/a><\/p>\n\n\n\n<p>Paul Morelle, \u00ab\u00a0Le Z\u00e9ro et l\u2019Infini, d\u2019Arthur Koestler\u00a0\u00bb, paru dans <em>Franc-Tireur<\/em>, 26 f\u00e9vrier 1946. <a href=\"https:\/\/sinedjib.com\/index.php\/2022\/07\/07\/paul-morelle-le-zero-et-linfini-darthur-koestler\/\">Lien<\/a><\/p>\n\n\n\n<p>Paul Morelle, \u00ab\u00a0Spartacus\u00a0\u00bb, paru dans&nbsp;<em>Franc-Tireur<\/em>, 5 mars 1946. <a href=\"https:\/\/sinedjib.com\/index.php\/2021\/08\/25\/paul-morelle-spartacus\/\">Lien<\/a><\/p>\n\n\n\n<p>Jean Rous, \u00ab\u00a0Libert\u00e9 sous conditions\u00a0\u00bb, paru\u00a0dans\u00a0<em>Franc-Tireur<\/em>, 9\u00a0novembre 1946. <a href=\"https:\/\/sinedjib.com\/index.php\/2021\/08\/30\/jean-rous-liberte-sous-conditions\/\">Lien<\/a><\/p>\n\n\n\n<p>Jean Rous, \u00ab\u00a0Ind\u00e9pendance, tel est le v\u0153u du Parti du peuple, nous dit Messali Hadj, son leader et son proph\u00e8te\u00a0\u00bb, paru dans\u00a0<em>Franc-Tireur<\/em>, 30-31 mars 1947. <a href=\"https:\/\/sinedjib.com\/index.php\/2024\/05\/30\/messali-7\/\">Lien<\/a><\/p>\n\n\n\n<p>Marcel P\u00e9ju, \u00ab\u00a0La Peste d\u2019Albert Camus\u00a0\u00bb, paru&nbsp;dans&nbsp;<em>Franc-Tireur<\/em>, 22 juin 1947. <a href=\"https:\/\/sinedjib.com\/index.php\/2021\/09\/09\/marcel-peju-la-peste-dalbert-camus\/\">Lien<\/a><\/p>\n\n\n\n<p>Jean Rous, \u00ab\u00a0Vers l\u2019\u00e2ge d\u2019or ou vers une nouvelle barbarie ? A propos des proph\u00e9ties de M. Burnham\u2026\u00a0\u00bb, paru dans <em>Franc-Tireur<\/em>, 1er octobre 1947. <a href=\"https:\/\/sinedjib.com\/index.php\/2023\/03\/26\/jean-rous-vers-lage-dor-ou-vers-une-nouvelle-barbarie\/\">Lien<\/a><\/p>\n\n\n\n<p>Jane Albert-Hesse, \u00ab\u00a0L\u2019oncle Tom n\u2019existe plus\u00a0\u00bb, paru dans\u00a0<em>Franc-Tireur<\/em>, 25 octobre 1947. <a href=\"https:\/\/sinedjib.com\/index.php\/2021\/08\/12\/jane-albert-hesse-loncle-tom-nexiste-plus\/\">Lien<\/a><\/p>\n\n\n\n<p>\u00ab\u00a0Aujourd\u2019hui, deuxi\u00e8me tour des \u00e9lections alg\u00e9riennes : Nous voulons, me d\u00e9clare Messali Hadj, donner la parole au peuple\u00a0\u00bb, interview r\u00e9alis\u00e9e par Jacques Brune et parue dans\u00a0<em>Franc-Tireur<\/em>,\u00a011-12 avril 1948. <a href=\"https:\/\/sinedjib.com\/index.php\/2024\/06\/07\/messali-11\/\">Lien<\/a><\/p>\n\n\n\n<p>Albert Camus, \u00ab\u00a0L\u2019embarras du choix\u00a0\u00bb, paru dans&nbsp;<em>Franc-Tireur<\/em>, 7 d\u00e9cembre 1948. <a href=\"https:\/\/sinedjib.com\/index.php\/2021\/09\/06\/albert-camus-lembarras-du-choix\/\">Lien<\/a><\/p>\n\n\n\n<p>David Rousset, \u00ab\u00a0Nous voulons d\u2019abord la libert\u00e9 ! Lettre ouverte \u00e0 Albert Einstein\u00a0\u00bb, paru dans <em>Franc-Tireur<\/em>, 8 d\u00e9cembre 1948. <a href=\"https:\/\/sinedjib.com\/index.php\/2023\/02\/27\/david-rousset-nous-voulons-dabord-la-liberte-lettre-ouverte-a-albert-einstein\/\">Lien<\/a><\/p>\n\n\n\n<p>Richard Wright, \u00ab\u00a0L\u2019humanit\u00e9 est plus grande que l\u2019Am\u00e9rique ou la Russie\u00a0\u00bb, paru dans&nbsp;<em>Franc-Tireur<\/em>, 16 d\u00e9cembre 1948. <a href=\"https:\/\/sinedjib.com\/index.php\/2021\/08\/07\/richard-wright-lhumanite-est-plus-grande-que-lamerique-ou-la-russie\/\">Lien<\/a><\/p>\n\n\n\n<p>Georges Altman, \u00ab\u00a0Un livre de Victor Serge : M\u00e9moires d\u2019un r\u00e9volutionnaire\u00a0\u00bb, paru dans <em>Franc-tireur<\/em>, 12 avril 1951. <a href=\"https:\/\/sinedjib.com\/index.php\/2022\/06\/11\/georges-altman-un-livre-de-victor-serge-memoires-dun-revolutionnaire\/\">Lien<\/a><\/p>\n\n\n\n<p>Jane Albert-Hesse, \u00ab\u00a0Les hommes ont soif d\u2019Arthur Koestler\u00a0\u00bb, paru dans <em>Franc-Tireur<\/em>, 5 juillet 1951. <a href=\"https:\/\/sinedjib.com\/index.php\/2023\/03\/21\/jane-albert-hesse-les-hommes-ont-soif-darthur-koestler\/\">Lien<\/a><\/p>\n\n\n\n<p>Jane Albert-Hesse, \u00ab\u00a0Un essai d\u2019Albert Camus. L\u2019Homme r\u00e9volt\u00e9\u00a0\u00bb, paru dans <em>Franc-Tireur<\/em>, 8 novembre 1951. <a href=\"https:\/\/sinedjib.com\/index.php\/2023\/03\/27\/jane-albert-hesse-un-essai-dalbert-camus-lhomme-revolte\/\">Lien<\/a><\/p>\n\n\n\n<p>Marcel P\u00e9ju, \u00ab\u00a0Peau noire, masques blancs, de Frantz Fanon\u00a0\u00bb, paru dans\u00a0<em>Franc-Tireur<\/em>, 3 juillet 1952. <a href=\"https:\/\/sinedjib.com\/index.php\/2024\/05\/06\/fanon-2\/\">Lien<\/a><\/p>\n\n\n\n<p>Georges Altman, \u00ab\u00a0Chronique sur le tourment d\u2019esprit. Sartre et Camus aux prises\u00a0\u00bb, paru dans <em>Franc-Tireur<\/em>, 19 septembre 1952. <a href=\"https:\/\/sinedjib.com\/index.php\/2023\/03\/28\/georges-altman-sartre-et-camus-aux-prises\/\">Lien<\/a><\/p>\n\n\n\n<p>Ernest Raynaud, \u00ab\u00a0Donnez-leur un toit et du travail et non des balles !\u00a0\u00bb, paru dans\u00a0<em>Franc-Tireur<\/em>, 15 juillet 1953. <a href=\"https:\/\/sinedjib.com\/index.php\/2024\/07\/17\/raynaud\/\">Lien<\/a><\/p>\n\n\n\n<p>Jane Albert-Hesse, \u00ab\u00a0Quand Koestler se raconte. Un destin sur La Corde raide\u00a0\u00bb, paru dans\u00a0<em>Franc-Tireur<\/em>, 16 juillet 1953. <a href=\"https:\/\/sinedjib.com\/index.php\/2024\/09\/06\/koestler\/\">Lien<\/a><\/p>\n","protected":false},"excerpt":{"rendered":"<p>Cette page recense les 19 articles de Franc-Tireur publi\u00e9s sur ce site depuis le 7 ao\u00fbt 2021. Le journal, initialement organe des Mouvements unis de r\u00e9sistance, a paru de 1941 \u00e0 1957. Il est consultable sur le site Gallica pour la p\u00e9riode 1944-1953. Marcel P\u00e9ju, \u00ab\u00a0Noces, d\u2019Albert Camus\u00a0\u00bb, paru&nbsp;dans&nbsp;Franc-Tireur, 31 ao\u00fbt 1945. Lien Paul Morelle, [&hellip;]<\/p>\n","protected":false},"author":1,"featured_media":0,"parent":0,"menu_order":0,"comment_status":"closed","ping_status":"closed","template":"","meta":{"jetpack_post_was_ever_published":false,"footnotes":""},"class_list":["post-13795","page","type-page","status-publish","hentry"],"jetpack_sharing_enabled":true,"jetpack_shortlink":"https:\/\/wp.me\/P9lTYU-3Av","jetpack_likes_enabled":true,"jetpack-related-posts":[{"id":22345,"url":"https:\/\/sinedjib.com\/index.php\/index-des-publications\/","url_meta":{"origin":13795,"position":0},"title":"Index des publications","author":"SiNedjib","date":"17\/03\/2024","format":false,"excerpt":"Cette page pr\u00e9sente un index des publications (bulletins, journaux, revues, etc.) dont cinq textes \u2013 ou plus \u2013 ont \u00e9t\u00e9 retranscrits sur ce site depuis 2012. La liste sera progressivement compl\u00e9t\u00e9e avec l\u2019ensemble des autres r\u00e9f\u00e9rences. A Alarme ; Alger R\u00e9publicain ; Alternative libertaire ; Arguments ; B Le Bolch\u00e9vik\u2026","rel":"","context":"Article similaire","block_context":{"text":"Article similaire","link":""},"img":{"alt_text":"","src":"","width":0,"height":0},"classes":[]},{"id":6820,"url":"https:\/\/sinedjib.com\/index.php\/ressources\/spartacus\/","url_meta":{"origin":13795,"position":1},"title":"Spartacus","author":"SiNedjib","date":"25\/01\/2020","format":false,"excerpt":"Cette page recense les 7 articles de Spartacus publi\u00e9s sur ce site depuis le 19 ao\u00fbt 2018. La revue, lanc\u00e9e par Ren\u00e9 Lefeuvre, a paru de 1975 \u00e0 1979. Les sommaires sont consultables sur le site Archives Autonomies. Michel Jacob, \"Comment lire et ne pas lire Reich\", paru dans Spartacus,\u2026","rel":"","context":"Article similaire","block_context":{"text":"Article similaire","link":""},"img":{"alt_text":"","src":"https:\/\/i0.wp.com\/sinedjib.com\/wp-content\/uploads\/2018\/10\/Spartacus-mars-avril-1979.png?resize=350%2C200&ssl=1","width":350,"height":200},"classes":[]},{"id":22294,"url":"https:\/\/sinedjib.com\/index.php\/le-combat-syndicaliste\/","url_meta":{"origin":13795,"position":2},"title":"Le Combat syndicaliste","author":"SiNedjib","date":"17\/03\/2024","format":false,"excerpt":"Cette page recense les 6 articles du Combat syndicaliste publi\u00e9s sur ce site depuis le 19 septembre 2023. Le journal est consultable sur le site Archives Autonomies pour la p\u00e9riode 1926-1939 et pour la p\u00e9riode 1947-1969. E. Pin, \"Le syndicalisme et la question religieuse\", paru dans\u00a0Le Combat syndicaliste,\u00a0n\u00b0 37, septembre-octobre\u2026","rel":"","context":"Article similaire","block_context":{"text":"Article similaire","link":""},"img":{"alt_text":"","src":"https:\/\/i0.wp.com\/sinedjib.com\/wp-content\/uploads\/2024\/03\/Le-Combat-syndicaliste-septembre-octobre-1930.png?resize=350%2C200&ssl=1","width":350,"height":200,"srcset":"https:\/\/i0.wp.com\/sinedjib.com\/wp-content\/uploads\/2024\/03\/Le-Combat-syndicaliste-septembre-octobre-1930.png?resize=350%2C200&ssl=1 1x, https:\/\/i0.wp.com\/sinedjib.com\/wp-content\/uploads\/2024\/03\/Le-Combat-syndicaliste-septembre-octobre-1930.png?resize=525%2C300&ssl=1 1.5x"},"classes":[]},{"id":12078,"url":"https:\/\/sinedjib.com\/index.php\/jeune-taupe\/","url_meta":{"origin":13795,"position":3},"title":"Jeune Taupe","author":"SiNedjib","date":"07\/04\/2021","format":false,"excerpt":"Cette page recense les 6 articles de Jeune Taupe publi\u00e9s sur ce site depuis le 24 juillet 2018. L\u2019organe, \u00e9dit\u00e9 par le groupe Pour une intervention communiste,\u00a0a paru de 1974 \u00e0 1981.\u00a0Les sommaires du journal sont consultables sur le site\u00a0Archives Autonomies. \"A propos d\u2019une adresse aux prol\u00e9taires et aux jeunes\u2026","rel":"","context":"Article similaire","block_context":{"text":"Article similaire","link":""},"img":{"alt_text":"","src":"https:\/\/i0.wp.com\/sinedjib.com\/wp-content\/uploads\/2018\/08\/Jeune-Taupe-juin-1976.png?resize=350%2C200&ssl=1","width":350,"height":200},"classes":[]},{"id":7054,"url":"https:\/\/sinedjib.com\/index.php\/ressources\/arguments\/","url_meta":{"origin":13795,"position":4},"title":"Arguments","author":"SiNedjib","date":"17\/02\/2020","format":false,"excerpt":"Cette page recense les 8 articles d'Arguments\u00a0publi\u00e9s sur ce site depuis le\u00a014 novembre 2018. La revue dirig\u00e9e par Edgar Morin a paru de 1956 \u00e0 1962. Les sommaires sont consultables sur le site Archives Autonomies. Edgar Morin, \"La question n\u00e8gre\", paru dans\u00a0Arguments, n\u00b0 1, d\u00e9cembre 1956-janvier 1957. Lien Pierre Naville,\u2026","rel":"","context":"Article similaire","block_context":{"text":"Article similaire","link":""},"img":{"alt_text":"","src":"https:\/\/i0.wp.com\/sinedjib.com\/wp-content\/uploads\/2018\/11\/Arguments-novembre-1958.png?resize=350%2C200&ssl=1","width":350,"height":200},"classes":[]},{"id":6826,"url":"https:\/\/sinedjib.com\/index.php\/ressources\/la-gueule-ouverte\/","url_meta":{"origin":13795,"position":5},"title":"La Gueule ouverte","author":"SiNedjib","date":"25\/01\/2020","format":false,"excerpt":"Cette page recense les 5 articles de La Gueule ouverte publi\u00e9s sur ce site depuis le 26 octobre 2018. Le journal, fond\u00e9 par Pierre Fournier, a paru de 1972 \u00e0 1980. Les sommaires sont consultables sur le site Archives Autonomies. Bessas, \"La d\u00e9sob\u00e9issance civile\", paru dans La Gueule ouverte, n\u00b0\u2026","rel":"","context":"Article similaire","block_context":{"text":"Article similaire","link":""},"img":{"alt_text":"","src":"https:\/\/i0.wp.com\/sinedjib.com\/wp-content\/uploads\/2019\/08\/gueule-ouverte-f%C3%A9vrier-1975.png?resize=350%2C200&ssl=1","width":350,"height":200},"classes":[]}],"_links":{"self":[{"href":"https:\/\/sinedjib.com\/index.php\/wp-json\/wp\/v2\/pages\/13795","targetHints":{"allow":["GET"]}}],"collection":[{"href":"https:\/\/sinedjib.com\/index.php\/wp-json\/wp\/v2\/pages"}],"about":[{"href":"https:\/\/sinedjib.com\/index.php\/wp-json\/wp\/v2\/types\/page"}],"author":[{"embeddable":true,"href":"https:\/\/sinedjib.com\/index.php\/wp-json\/wp\/v2\/users\/1"}],"replies":[{"embeddable":true,"href":"https:\/\/sinedjib.com\/index.php\/wp-json\/wp\/v2\/comments?post=13795"}],"version-history":[{"count":11,"href":"https:\/\/sinedjib.com\/index.php\/wp-json\/wp\/v2\/pages\/13795\/revisions"}],"predecessor-version":[{"id":24140,"href":"https:\/\/sinedjib.com\/index.php\/wp-json\/wp\/v2\/pages\/13795\/revisions\/24140"}],"wp:attachment":[{"href":"https:\/\/sinedjib.com\/index.php\/wp-json\/wp\/v2\/media?parent=13795"}],"curies":[{"name":"wp","href":"https:\/\/api.w.org\/{rel}","templated":true}]}}