{"id":13832,"date":"2021-09-05T11:30:13","date_gmt":"2021-09-05T09:30:13","guid":{"rendered":"https:\/\/sinedjib.com\/?page_id=13832"},"modified":"2023-03-11T11:33:28","modified_gmt":"2023-03-11T10:33:28","slug":"gavroche","status":"publish","type":"page","link":"https:\/\/sinedjib.com\/index.php\/gavroche\/","title":{"rendered":"Gavroche"},"content":{"rendered":"\n<div class=\"wp-block-media-text alignwide is-stacked-on-mobile is-image-fill\"><figure class=\"wp-block-media-text__media\" style=\"background-image:url(https:\/\/sinedjib.com\/wp-content\/uploads\/2021\/09\/Gavroche-7-decembre-1944.png);background-position:69% 0%\"><img data-recalc-dims=\"1\" loading=\"lazy\" decoding=\"async\" width=\"355\" height=\"467\" data-attachment-id=\"13819\" data-permalink=\"https:\/\/sinedjib.com\/index.php\/2021\/09\/04\/pierre-champromis-de-la-revolte-a-la-fraternite-albert-camus\/gavroche-7-decembre-1944\/\" data-orig-file=\"https:\/\/i0.wp.com\/sinedjib.com\/wp-content\/uploads\/2021\/09\/Gavroche-7-decembre-1944.png?fit=355%2C467&amp;ssl=1\" data-orig-size=\"355,467\" data-comments-opened=\"1\" data-image-meta=\"{&quot;aperture&quot;:&quot;0&quot;,&quot;credit&quot;:&quot;&quot;,&quot;camera&quot;:&quot;&quot;,&quot;caption&quot;:&quot;&quot;,&quot;created_timestamp&quot;:&quot;0&quot;,&quot;copyright&quot;:&quot;&quot;,&quot;focal_length&quot;:&quot;0&quot;,&quot;iso&quot;:&quot;0&quot;,&quot;shutter_speed&quot;:&quot;0&quot;,&quot;title&quot;:&quot;&quot;,&quot;orientation&quot;:&quot;0&quot;}\" data-image-title=\"Gavroche-7-decembre-1944\" data-image-description=\"\" data-image-caption=\"\" data-large-file=\"https:\/\/i0.wp.com\/sinedjib.com\/wp-content\/uploads\/2021\/09\/Gavroche-7-decembre-1944.png?fit=355%2C467&amp;ssl=1\" src=\"https:\/\/i0.wp.com\/sinedjib.com\/wp-content\/uploads\/2021\/09\/Gavroche-7-decembre-1944.png?resize=355%2C467&#038;ssl=1\" alt=\"\" class=\"wp-image-13819 size-full\" srcset=\"https:\/\/i0.wp.com\/sinedjib.com\/wp-content\/uploads\/2021\/09\/Gavroche-7-decembre-1944.png?w=355&amp;ssl=1 355w, https:\/\/i0.wp.com\/sinedjib.com\/wp-content\/uploads\/2021\/09\/Gavroche-7-decembre-1944.png?resize=228%2C300&amp;ssl=1 228w\" sizes=\"auto, (max-width: 355px) 100vw, 355px\" \/><\/figure><div class=\"wp-block-media-text__content\">\n<p class=\"has-large-font-size\"><strong>Cette page recense les 9 articles de\u00a0<em>Gavroche <\/em>publi\u00e9s sur ce site depuis le 27 juillet 2021. L&rsquo;organe du Front patriotique de la jeunesse parisienne a paru de 1944 \u00e0 1948 sous la direction de <a rel=\"noreferrer noopener\" href=\"https:\/\/maitron.fr\/spip.php?article16682\" target=\"_blank\">Marcel Bidoux<\/a>. <strong>Cet hebdomadaire<\/strong> est consultable sur le site\u00a0<a rel=\"noreferrer noopener\" href=\"https:\/\/www.retronews.fr\/titre-de-presse\/gavroche\" target=\"_blank\">RetroNews<\/a>.<\/strong><\/p>\n<\/div><\/div>\n\n\n\n<p>Pierre Champromis, \u00ab\u00a0De la r\u00e9volte \u00e0 la fraternit\u00e9, Albert Camus\u00a0\u00bb, n\u00b0 15, 7 d\u00e9cembre 1944. <a href=\"https:\/\/sinedjib.com\/index.php\/2021\/09\/04\/pierre-champromis-de-la-revolte-a-la-fraternite-albert-camus\/\">Lien<\/a><\/p>\n\n\n\n<p>Maurice Nadeau, \u00ab\u00a0\u00c9loge de la r\u00e9volte\u00a0\u00bb, paru&nbsp;dans&nbsp;<em>Gavroche<\/em>, n\u00b0 76, 7 f\u00e9vrier 1946. <a href=\"https:\/\/sinedjib.com\/index.php\/2021\/09\/13\/maurice-nadeau-eloge-de-la-revolte\/\">Lien<\/a><\/p>\n\n\n\n<p>Fr\u00e9d\u00e9ric Stane, \u00ab\u00a0Avec Richard Wright, romancier noir de la terreur \u201csous-jacente\u201d\u00a0\u00bb, paru&nbsp;dans&nbsp;<em>Gavroche<\/em>, n\u00b0 95, 20 juin 1946. <a href=\"https:\/\/sinedjib.com\/index.php\/2021\/08\/03\/frederic-stane-avec-richard-wright-romancier-noir-de-la-terreur-sous-jacente\/\">Lien<\/a><\/p>\n\n\n\n<p>Francis Dumont, \u00ab\u00a0Dans une ferme du pays de Galles, Arthur Koestler poursuit son combat\u00a0\u00bb, paru dans <em>Gavroche<\/em>, n\u00b0 98, 11 juillet 1946. <a href=\"https:\/\/sinedjib.com\/index.php\/2021\/08\/21\/francis-dumont-dans-une-ferme-du-pays-de-galles-arthur-koestler-poursuit-son-combat\/\">Lien<\/a><\/p>\n\n\n\n<div class=\"wp-block-media-text alignwide has-media-on-the-right is-stacked-on-mobile is-image-fill\"><figure class=\"wp-block-media-text__media\" style=\"background-image:url(https:\/\/sinedjib.com\/wp-content\/uploads\/2021\/09\/Gavroche-28-novembre-1946.png);background-position:60% 0%\"><img data-recalc-dims=\"1\" loading=\"lazy\" decoding=\"async\" width=\"342\" height=\"458\" data-attachment-id=\"14109\" data-permalink=\"https:\/\/sinedjib.com\/index.php\/2021\/09\/22\/jean-texcier-le-socialisme-trahi\/gavroche-28-novembre-1946-2\/\" data-orig-file=\"https:\/\/i0.wp.com\/sinedjib.com\/wp-content\/uploads\/2021\/09\/Gavroche-28-novembre-1946.png?fit=342%2C458&amp;ssl=1\" data-orig-size=\"342,458\" data-comments-opened=\"1\" data-image-meta=\"{&quot;aperture&quot;:&quot;0&quot;,&quot;credit&quot;:&quot;&quot;,&quot;camera&quot;:&quot;&quot;,&quot;caption&quot;:&quot;&quot;,&quot;created_timestamp&quot;:&quot;0&quot;,&quot;copyright&quot;:&quot;&quot;,&quot;focal_length&quot;:&quot;0&quot;,&quot;iso&quot;:&quot;0&quot;,&quot;shutter_speed&quot;:&quot;0&quot;,&quot;title&quot;:&quot;&quot;,&quot;orientation&quot;:&quot;0&quot;}\" data-image-title=\"Gavroche-28-novembre-1946\" data-image-description=\"\" data-image-caption=\"\" data-large-file=\"https:\/\/i0.wp.com\/sinedjib.com\/wp-content\/uploads\/2021\/09\/Gavroche-28-novembre-1946.png?fit=342%2C458&amp;ssl=1\" src=\"https:\/\/i0.wp.com\/sinedjib.com\/wp-content\/uploads\/2021\/09\/Gavroche-28-novembre-1946.png?resize=342%2C458&#038;ssl=1\" alt=\"\" class=\"wp-image-14109 size-full\" srcset=\"https:\/\/i0.wp.com\/sinedjib.com\/wp-content\/uploads\/2021\/09\/Gavroche-28-novembre-1946.png?w=342&amp;ssl=1 342w, https:\/\/i0.wp.com\/sinedjib.com\/wp-content\/uploads\/2021\/09\/Gavroche-28-novembre-1946.png?resize=224%2C300&amp;ssl=1 224w\" sizes=\"auto, (max-width: 342px) 100vw, 342px\" \/><\/figure><div class=\"wp-block-media-text__content\">\n<p class=\"has-normal-font-size\">Jean Texcier, \u00ab\u00a0Le socialisme trahi\u00a0\u00bb,  paru dans <em>Gavroche<\/em>, n\u00b0 118, 28 novembre 1946. <a href=\"https:\/\/sinedjib.com\/index.php\/2021\/09\/22\/jean-texcier-le-socialisme-trahi\/\">Lien<\/a> <\/p>\n\n\n\n<p>Maurice Nadeau, \u00ab\u00a0Koestler \u00e0 la recherche d\u2019une morale\u00a0\u00bb, paru dans <em>Gavroche<\/em>, n\u00b0 118, 28 novembre 1946. <a href=\"https:\/\/sinedjib.com\/index.php\/2021\/08\/23\/maurice-nadeau-koestler-a-la-recherche-dune-morale\/\">Lien<\/a> <\/p>\n<\/div><\/div>\n\n\n\n<p>Jean Texcier, \u00ab\u00a0Un conte philosophique \u201cLes animaux partout !\u201d\u00a0\u00bb, paru dans\u00a0<em>Gavroche<\/em>, n\u00b0 158, 9 octobre 1947. <a href=\"https:\/\/sinedjib.com\/index.php\/2021\/07\/27\/jean-texcier-un-conte-philosophique-les-animaux-partout\/\">Lien<\/a><\/p>\n\n\n\n<p>\u00ab\u00a0Les intellectuels fran\u00e7ais et la guerre : Appel \u00e0 l\u2019opinion internationale\u00a0\u00bb, paru dans <em>Gavroche<\/em>, n\u00b0 169, 24 d\u00e9cembre 1947. <a href=\"https:\/\/sinedjib.com\/index.php\/2023\/02\/23\/les-intellectuels-francais-et-la-guerre-appel-a-lopinion-internationale\/\">Lien<\/a><\/p>\n\n\n\n<p>Maurice Nadeau, \u00ab\u00a0La jeunesse d\u2019un homme, Black Boy\u00a0\u00bb, paru dans <em>Gavroche<\/em>, n\u00b0 175, 4 f\u00e9vrier 1948. <a href=\"https:\/\/sinedjib.com\/index.php\/2021\/09\/20\/maurice-nadeau-la-jeunesse-dun-homme-black-boy\/\">Lien<\/a><\/p>\n","protected":false},"excerpt":{"rendered":"<p>Cette page recense les 9 articles de\u00a0Gavroche publi\u00e9s sur ce site depuis le 27 juillet 2021. L&rsquo;organe du Front patriotique de la jeunesse parisienne a paru de 1944 \u00e0 1948 sous la direction de Marcel Bidoux. Cet hebdomadaire est consultable sur le site\u00a0RetroNews. Pierre Champromis, \u00ab\u00a0De la r\u00e9volte \u00e0 la fraternit\u00e9, Albert Camus\u00a0\u00bb, n\u00b0 15, [&hellip;]<\/p>\n","protected":false},"author":1,"featured_media":0,"parent":0,"menu_order":0,"comment_status":"closed","ping_status":"closed","template":"","meta":{"jetpack_post_was_ever_published":false,"footnotes":""},"class_list":["post-13832","page","type-page","status-publish","hentry"],"jetpack_sharing_enabled":true,"jetpack_shortlink":"https:\/\/wp.me\/P9lTYU-3B6","jetpack_likes_enabled":true,"jetpack-related-posts":[{"id":22345,"url":"https:\/\/sinedjib.com\/index.php\/index-des-publications\/","url_meta":{"origin":13832,"position":0},"title":"Index des publications","author":"SiNedjib","date":"17\/03\/2024","format":false,"excerpt":"Cette page pr\u00e9sente un index des publications (bulletins, journaux, revues, etc.) dont cinq textes \u2013 ou plus \u2013 ont \u00e9t\u00e9 retranscrits sur ce site depuis 2012. La liste sera progressivement compl\u00e9t\u00e9e avec l\u2019ensemble des autres r\u00e9f\u00e9rences. A Alarme ; Alger R\u00e9publicain ; Alternative libertaire ; Arguments ; B Le Bolch\u00e9vik\u2026","rel":"","context":"Article similaire","block_context":{"text":"Article similaire","link":""},"img":{"alt_text":"","src":"","width":0,"height":0},"classes":[]},{"id":13893,"url":"https:\/\/sinedjib.com\/index.php\/autres-references\/","url_meta":{"origin":13832,"position":1},"title":"Autres r\u00e9f\u00e9rences","author":"SiNedjib","date":"10\/09\/2021","format":false,"excerpt":"Cette page recense des textes publi\u00e9s sur ce site depuis le 3 mai 2015 et provenant de 176 bulletins, journaux, magazines, revues... qui ne font pas encore l'objet d'une rubrique sp\u00e9cifique. Action \"Les nouveaux mandarins : lib\u00e9raux et progressistes au service de la carotte\", paru dans Action, n\u00b0 35, 12\u2026","rel":"","context":"Article similaire","block_context":{"text":"Article similaire","link":""},"img":{"alt_text":"","src":"https:\/\/i0.wp.com\/sinedjib.com\/wp-content\/uploads\/2019\/12\/LAnarchie-30-d%C3%A9cembre-1909.png?resize=350%2C200&ssl=1","width":350,"height":200},"classes":[]},{"id":22297,"url":"https:\/\/sinedjib.com\/index.php\/la-commune\/","url_meta":{"origin":13832,"position":2},"title":"La Commune","author":"SiNedjib","date":"17\/03\/2024","format":false,"excerpt":"Cette page recense les 11 articles du journal La Commune publi\u00e9s sur ce site depuis le 14 novembre 2012. L'organe du Comit\u00e9 de liaison et d'action pour la d\u00e9mocratie ouvri\u00e8re (CLADO) a paru de 1957 \u00e0 1958. \"Cinq questions \u00e0 Messali Hadj\", La Commune, avril 1957. Lien Maurice Clavel, \"La\u2026","rel":"","context":"Article similaire","block_context":{"text":"Article similaire","link":""},"img":{"alt_text":"","src":"https:\/\/i0.wp.com\/sinedjib.com\/wp-content\/uploads\/2024\/03\/La-Commune-mai-1957.webp?resize=350%2C200&ssl=1","width":350,"height":200,"srcset":"https:\/\/i0.wp.com\/sinedjib.com\/wp-content\/uploads\/2024\/03\/La-Commune-mai-1957.webp?resize=350%2C200&ssl=1 1x, https:\/\/i0.wp.com\/sinedjib.com\/wp-content\/uploads\/2024\/03\/La-Commune-mai-1957.webp?resize=525%2C300&ssl=1 1.5x"},"classes":[]},{"id":16677,"url":"https:\/\/sinedjib.com\/index.php\/la-verite-des-travailleurs\/","url_meta":{"origin":13832,"position":3},"title":"La V\u00e9rit\u00e9 des travailleurs","author":"SiNedjib","date":"18\/07\/2022","format":false,"excerpt":"Cette page recense les 21 articles de La V\u00e9rit\u00e9 des travailleurs publi\u00e9s sur ce site depuis le 5 janvier 2022. Le journal du Parti communiste internationaliste a paru de 1952 \u00e0 1962. Ses sommaires sont consultables sur le site RaDAR. R. Merlin, \"Le livre de Pierre Herv\u00e9, nouvel \u00e9pisode de\u2026","rel":"","context":"Article similaire","block_context":{"text":"Article similaire","link":""},"img":{"alt_text":"","src":"https:\/\/i0.wp.com\/sinedjib.com\/wp-content\/uploads\/2022\/01\/La-Verite-des-travailleurs-janvier-1962.png?resize=350%2C200&ssl=1","width":350,"height":200},"classes":[]},{"id":5922,"url":"https:\/\/sinedjib.com\/index.php\/ressources\/revolution-proletarienne\/","url_meta":{"origin":13832,"position":4},"title":"La R\u00e9volution prol\u00e9tarienne","author":"SiNedjib","date":"14\/06\/2019","format":false,"excerpt":"Cette page recense les 61 articles de La R\u00e9volution prol\u00e9tarienne publi\u00e9s sur ce site depuis le 3 mars 2013. La revue a \u00e9t\u00e9 lanc\u00e9e en 1925 par Pierre Monatte. Les num\u00e9ros sont consultables sur le site Archives Autonomies. Daniel Gu\u00e9rin, \"La com\u00e9die de la \"Constitution\" syrienne\", paru dans La R\u00e9volution\u2026","rel":"","context":"Article similaire","block_context":{"text":"Article similaire","link":""},"img":{"alt_text":"","src":"https:\/\/i0.wp.com\/sinedjib.com\/wp-content\/uploads\/2022\/09\/La-RP-octobre-1965.png?resize=350%2C200&ssl=1","width":350,"height":200},"classes":[]},{"id":16653,"url":"https:\/\/sinedjib.com\/index.php\/la-nation-socialiste\/","url_meta":{"origin":13832,"position":5},"title":"La Nation socialiste","author":"SiNedjib","date":"18\/07\/2022","format":false,"excerpt":"Cette page recense les 10 articles de La Nation socialiste publi\u00e9s sur ce site depuis le 12 juillet 2015. Ce journal a \u00e9t\u00e9 fond\u00e9 en 1956 par Auguste Lec\u0153ur. Claude G\u00e9rard, \"De Belle-Ile-en-Mer \u00e0 Chantilly avec Messali Hadj\", paru dans\u00a0La Nation socialiste, f\u00e9vrier 1959. Lien Pierre Herv\u00e9, \"Ce que signifie\u2026","rel":"","context":"Article similaire","block_context":{"text":"Article similaire","link":""},"img":{"alt_text":"","src":"https:\/\/i0.wp.com\/sinedjib.com\/wp-content\/uploads\/2015\/07\/La-Nation-socialiste-juillet-1962.png?resize=350%2C200&ssl=1","width":350,"height":200},"classes":[]}],"_links":{"self":[{"href":"https:\/\/sinedjib.com\/index.php\/wp-json\/wp\/v2\/pages\/13832","targetHints":{"allow":["GET"]}}],"collection":[{"href":"https:\/\/sinedjib.com\/index.php\/wp-json\/wp\/v2\/pages"}],"about":[{"href":"https:\/\/sinedjib.com\/index.php\/wp-json\/wp\/v2\/types\/page"}],"author":[{"embeddable":true,"href":"https:\/\/sinedjib.com\/index.php\/wp-json\/wp\/v2\/users\/1"}],"replies":[{"embeddable":true,"href":"https:\/\/sinedjib.com\/index.php\/wp-json\/wp\/v2\/comments?post=13832"}],"version-history":[{"count":5,"href":"https:\/\/sinedjib.com\/index.php\/wp-json\/wp\/v2\/pages\/13832\/revisions"}],"predecessor-version":[{"id":18244,"href":"https:\/\/sinedjib.com\/index.php\/wp-json\/wp\/v2\/pages\/13832\/revisions\/18244"}],"wp:attachment":[{"href":"https:\/\/sinedjib.com\/index.php\/wp-json\/wp\/v2\/media?parent=13832"}],"curies":[{"name":"wp","href":"https:\/\/api.w.org\/{rel}","templated":true}]}}