{"id":13912,"date":"2021-09-10T12:00:14","date_gmt":"2021-09-10T10:00:14","guid":{"rendered":"https:\/\/sinedjib.com\/?page_id=13912"},"modified":"2021-09-10T12:00:14","modified_gmt":"2021-09-10T10:00:14","slug":"bulletin-dinformations-du-ppa","status":"publish","type":"page","link":"https:\/\/sinedjib.com\/index.php\/bulletin-dinformations-du-ppa\/","title":{"rendered":"Bulletin d&rsquo;informations du PPA"},"content":{"rendered":"\n<div class=\"wp-block-media-text alignwide is-stacked-on-mobile is-image-fill\"><figure class=\"wp-block-media-text__media\" style=\"background-image:url(https:\/\/sinedjib.com\/wp-content\/uploads\/2015\/07\/1962-07-PPA-BI-1_01-686x1024.jpg);background-position:53% 8%\"><img data-recalc-dims=\"1\" loading=\"lazy\" decoding=\"async\" width=\"580\" height=\"866\" data-attachment-id=\"4058\" data-permalink=\"https:\/\/sinedjib.com\/index.php\/2015\/07\/12\/opportuniste\/1962-07-ppa-bi-1_01\/\" data-orig-file=\"https:\/\/i0.wp.com\/sinedjib.com\/wp-content\/uploads\/2015\/07\/1962-07-PPA-BI-1_01.jpg?fit=1077%2C1607&amp;ssl=1\" data-orig-size=\"1077,1607\" data-comments-opened=\"1\" data-image-meta=\"{&quot;aperture&quot;:&quot;0&quot;,&quot;credit&quot;:&quot;&quot;,&quot;camera&quot;:&quot;&quot;,&quot;caption&quot;:&quot;&quot;,&quot;created_timestamp&quot;:&quot;0&quot;,&quot;copyright&quot;:&quot;&quot;,&quot;focal_length&quot;:&quot;0&quot;,&quot;iso&quot;:&quot;0&quot;,&quot;shutter_speed&quot;:&quot;0&quot;,&quot;title&quot;:&quot;&quot;,&quot;orientation&quot;:&quot;0&quot;}\" data-image-title=\"Bulletin d&amp;rsquo;informations juillet 1962\" data-image-description=\"\" data-image-caption=\"\" data-large-file=\"https:\/\/i0.wp.com\/sinedjib.com\/wp-content\/uploads\/2015\/07\/1962-07-PPA-BI-1_01.jpg?fit=580%2C866&amp;ssl=1\" src=\"https:\/\/i0.wp.com\/sinedjib.com\/wp-content\/uploads\/2015\/07\/1962-07-PPA-BI-1_01.jpg?resize=580%2C866&#038;ssl=1\" alt=\"\" class=\"wp-image-4058 size-full\" srcset=\"https:\/\/i0.wp.com\/sinedjib.com\/wp-content\/uploads\/2015\/07\/1962-07-PPA-BI-1_01.jpg?resize=686%2C1024&amp;ssl=1 686w, https:\/\/i0.wp.com\/sinedjib.com\/wp-content\/uploads\/2015\/07\/1962-07-PPA-BI-1_01.jpg?resize=201%2C300&amp;ssl=1 201w, https:\/\/i0.wp.com\/sinedjib.com\/wp-content\/uploads\/2015\/07\/1962-07-PPA-BI-1_01.jpg?resize=768%2C1146&amp;ssl=1 768w, https:\/\/i0.wp.com\/sinedjib.com\/wp-content\/uploads\/2015\/07\/1962-07-PPA-BI-1_01.jpg?w=1077&amp;ssl=1 1077w\" sizes=\"auto, (max-width: 580px) 100vw, 580px\" \/><\/figure><div class=\"wp-block-media-text__content\">\n<p class=\"has-large-font-size\"><strong>Cette page recense les 5 articles du <em>Bulletin d&rsquo;informations du PPA<\/em> publi\u00e9s sur ce site depuis le 5 juillet 2015. Ce p\u00e9riodique a \u00e9t\u00e9 lanc\u00e9 <strong>en juillet 1962<\/strong> par le Parti du peuple alg\u00e9rien<\/strong> <strong>dirig\u00e9 par <a rel=\"noreferrer noopener\" href=\"https:\/\/maitron.fr\/spip.php?article50820\" target=\"_blank\">Messali Hadj<\/a>.<\/strong><\/p>\n<\/div><\/div>\n\n\n\n<p> \u00ab\u00a0Editorial\u00a0\u00bb, paru dans le <em>Bulletin d\u2019informations du PPA<\/em>, n\u00b0 1, juillet 1962. <a href=\"https:\/\/sinedjib.com\/index.php\/2015\/07\/05\/editorial\/\">Lien<\/a><\/p>\n\n\n\n<p>\u00ab\u00a0Allons-nous \u00e0 la guerre civile ?\u00a0\u00bb, paru dans le <em>Bulletin d\u2019informations du PPA<\/em>, n\u00b0 1, juillet 1962. <a href=\"https:\/\/sinedjib.com\/index.php\/2015\/07\/06\/guerre-civile\/\">Lien<\/a><\/p>\n\n\n\n<p>\u00ab\u00a0Le Parti du Peuple Alg\u00e9rien reste lui-m\u00eame\u00a0\u00bb, paru dans le <em>Bulletin d\u2019informations du PPA<\/em>, n\u00b0 1, juillet 1962. <a href=\"https:\/\/sinedjib.com\/index.php\/2015\/07\/07\/ppa-reste\/\">Lien<\/a><\/p>\n\n\n\n<p>\u00ab\u00a0Le respect de la personnalit\u00e9 humaine\u00a0\u00bb, paru dans le <em>Bulletin d\u2019informations du PPA<\/em>, n\u00b0 1, juillet 1962. <a href=\"https:\/\/sinedjib.com\/index.php\/2015\/07\/08\/respect\/\">Lien<\/a><\/p>\n\n\n\n<p>\u00ab\u00a0Un opportuniste achev\u00e9\u00a0\u00bb, paru dans le <em>Bulletin d\u2019informations du PPA<\/em>, n\u00b0 1, juillet 1962. <a href=\"https:\/\/sinedjib.com\/index.php\/2015\/07\/12\/opportuniste\/\">Lien<\/a> <\/p>\n","protected":false},"excerpt":{"rendered":"<p>Cette page recense les 5 articles du Bulletin d&rsquo;informations du PPA publi\u00e9s sur ce site depuis le 5 juillet 2015. Ce p\u00e9riodique a \u00e9t\u00e9 lanc\u00e9 en juillet 1962 par le Parti du peuple alg\u00e9rien dirig\u00e9 par Messali Hadj. \u00ab\u00a0Editorial\u00a0\u00bb, paru dans le Bulletin d\u2019informations du PPA, n\u00b0 1, juillet 1962. Lien \u00ab\u00a0Allons-nous \u00e0 la guerre [&hellip;]<\/p>\n","protected":false},"author":1,"featured_media":0,"parent":0,"menu_order":0,"comment_status":"closed","ping_status":"closed","template":"","meta":{"jetpack_post_was_ever_published":false,"footnotes":""},"class_list":["post-13912","page","type-page","status-publish","hentry"],"jetpack_sharing_enabled":true,"jetpack_shortlink":"https:\/\/wp.me\/P9lTYU-3Co","jetpack_likes_enabled":true,"jetpack-related-posts":[{"id":22345,"url":"https:\/\/sinedjib.com\/index.php\/index-des-publications\/","url_meta":{"origin":13912,"position":0},"title":"Index des publications","author":"SiNedjib","date":"17\/03\/2024","format":false,"excerpt":"Cette page pr\u00e9sente un index des publications (bulletins, journaux, revues, etc.) dont cinq textes \u2013 ou plus \u2013 ont \u00e9t\u00e9 retranscrits sur ce site depuis 2012. La liste sera progressivement compl\u00e9t\u00e9e avec l\u2019ensemble des autres r\u00e9f\u00e9rences. A Alarme ; Alger R\u00e9publicain ; Alternative libertaire ; Arguments ; B Le Bolch\u00e9vik\u2026","rel":"","context":"Article similaire","block_context":{"text":"Article similaire","link":""},"img":{"alt_text":"","src":"","width":0,"height":0},"classes":[]},{"id":16665,"url":"https:\/\/sinedjib.com\/index.php\/realites-algeriennes\/","url_meta":{"origin":13912,"position":1},"title":"R\u00e9alit\u00e9s alg\u00e9riennes","author":"SiNedjib","date":"18\/07\/2022","format":false,"excerpt":"Cette page recense les 5 articles de R\u00e9alit\u00e9s alg\u00e9riennes publi\u00e9s sur ce site depuis le 18 juin 2022. Ce bulletin, \u00e9dit\u00e9 par le Mouvement national alg\u00e9rien, a paru de 1959 \u00e0 1962. \"L\u2019accord F.L.N.-O.A.S. : Il y a d\u2019autres r\u00e9conciliations \u00e0 faire !\", paru dans R\u00e9alit\u00e9s Alg\u00e9riennes, n\u00b0 23, juin\u2026","rel":"","context":"Article similaire","block_context":{"text":"Article similaire","link":""},"img":{"alt_text":"","src":"https:\/\/i0.wp.com\/sinedjib.com\/wp-content\/uploads\/2022\/06\/1962-06-Realites-23_00.jpg?resize=350%2C200&ssl=1","width":350,"height":200,"srcset":"https:\/\/i0.wp.com\/sinedjib.com\/wp-content\/uploads\/2022\/06\/1962-06-Realites-23_00.jpg?resize=350%2C200&ssl=1 1x, https:\/\/i0.wp.com\/sinedjib.com\/wp-content\/uploads\/2022\/06\/1962-06-Realites-23_00.jpg?resize=525%2C300&ssl=1 1.5x, https:\/\/i0.wp.com\/sinedjib.com\/wp-content\/uploads\/2022\/06\/1962-06-Realites-23_00.jpg?resize=700%2C400&ssl=1 2x, https:\/\/i0.wp.com\/sinedjib.com\/wp-content\/uploads\/2022\/06\/1962-06-Realites-23_00.jpg?resize=1050%2C600&ssl=1 3x"},"classes":[]},{"id":15227,"url":"https:\/\/sinedjib.com\/index.php\/informations-ouvrieres\/","url_meta":{"origin":13912,"position":2},"title":"Informations ouvri\u00e8res","author":"SiNedjib","date":"06\/01\/2022","format":false,"excerpt":"Cette page recense les 6 articles d'Informations ouvri\u00e8res publi\u00e9s sur ce site depuis. Fond\u00e9 en 1958 par Pierre Boussel, ce titre est aujourd'hui l'hebdomadaire du Parti ouvrier ind\u00e9pendant. \"Alg\u00e9rie : Premier bilan de dix ann\u00e9es d\u2019ind\u00e9pendance\", paru dans\u00a0Informations ouvri\u00e8res, n\u00b0 568, du 14 juin au 20 juin 1972. Lien \"La\u2026","rel":"","context":"Article similaire","block_context":{"text":"Article similaire","link":""},"img":{"alt_text":"","src":"https:\/\/i0.wp.com\/sinedjib.com\/wp-content\/uploads\/2021\/06\/Informations-ouvrieres-21-juin-1972.png?resize=350%2C200&ssl=1","width":350,"height":200},"classes":[]},{"id":8513,"url":"https:\/\/sinedjib.com\/index.php\/bulletin-de-liaison\/","url_meta":{"origin":13912,"position":3},"title":"Bulletin de liaison","author":"SiNedjib","date":"23\/05\/2020","format":false,"excerpt":"Cette page recense les 6 articles du Bulletin de liaison publi\u00e9s sur ce site depuis le 24 octobre 2019. L\u2019organe du Comit\u00e9 national de d\u00e9fense de la r\u00e9volution (li\u00e9 au Parti de la r\u00e9volution socialiste cr\u00e9\u00e9 par Mohamed Boudiaf)\u00a0a paru de 1965 \u00e0 1967. \"Aust\u00e9rit\u00e9 pour qui ?\", paru dans\u2026","rel":"","context":"Article similaire","block_context":{"text":"Article similaire","link":""},"img":{"alt_text":"","src":"https:\/\/i0.wp.com\/sinedjib.com\/wp-content\/uploads\/2020\/01\/Bulletin-de-liaison-d%C3%A9cembre-1965.png?resize=350%2C200&ssl=1","width":350,"height":200},"classes":[]},{"id":9596,"url":"https:\/\/sinedjib.com\/index.php\/diffusion-recherche\/","url_meta":{"origin":13912,"position":4},"title":"Diffusion de la recherche et autres articles","author":"SiNedjib","date":"17\/08\/2020","format":false,"excerpt":"\"\u00c9crivains alg\u00e9riens d\u2019expression fran\u00e7aise\u00a0: de la conqu\u00eate coloniale aux guerres culturelles\", Moyen-Orient, n\u00b0 69, janvier-mars 2026, p. 60-63 \"In memoriam Mohammed Harbi (1933-2026)\", Histoire coloniale et postcoloniale, 3 janvier 2026. En ligne[traduit en anglais par Adam Novak pour Europe solidaire sans fronti\u00e8res.\u00a0En ligne] \"Comment la d\u00e9colonisation de l'Alg\u00e9rie fa\u00e7onne les\u2026","rel":"","context":"Article similaire","block_context":{"text":"Article similaire","link":""},"img":{"alt_text":"","src":"https:\/\/i0.wp.com\/sinedjib.com\/wp-content\/uploads\/2026\/01\/moyen-Orient-2026.jpg?resize=350%2C200&ssl=1","width":350,"height":200,"srcset":"https:\/\/i0.wp.com\/sinedjib.com\/wp-content\/uploads\/2026\/01\/moyen-Orient-2026.jpg?resize=350%2C200&ssl=1 1x, https:\/\/i0.wp.com\/sinedjib.com\/wp-content\/uploads\/2026\/01\/moyen-Orient-2026.jpg?resize=525%2C300&ssl=1 1.5x"},"classes":[]},{"id":6860,"url":"https:\/\/sinedjib.com\/index.php\/ressources\/informations-correspondance-ouvrieres\/","url_meta":{"origin":13912,"position":5},"title":"Informations Correspondance Ouvri\u00e8res","author":"SiNedjib","date":"26\/01\/2020","format":false,"excerpt":"Cette page recense les 27 articles d'Informations Correspondance Ouvri\u00e8res publi\u00e9s sur ce site depuis le 3 ao\u00fbt 2018. Le bulletin, \u00e9dit\u00e9 par Pierre Blachier, a paru de 1960 \u00e0 1973. Les sommaires sont consultables sur le site Archives Autonomies. \"Les \u00e9v\u00e9nements\", paru dans Informations Correspondance Ouvri\u00e8res, n\u00b0 1, octobre 1961.\u2026","rel":"","context":"Article similaire","block_context":{"text":"Article similaire","link":""},"img":{"alt_text":"","src":"https:\/\/i0.wp.com\/sinedjib.com\/wp-content\/uploads\/2022\/09\/ICO-mai-1962.png?resize=350%2C200&ssl=1","width":350,"height":200},"classes":[]}],"_links":{"self":[{"href":"https:\/\/sinedjib.com\/index.php\/wp-json\/wp\/v2\/pages\/13912","targetHints":{"allow":["GET"]}}],"collection":[{"href":"https:\/\/sinedjib.com\/index.php\/wp-json\/wp\/v2\/pages"}],"about":[{"href":"https:\/\/sinedjib.com\/index.php\/wp-json\/wp\/v2\/types\/page"}],"author":[{"embeddable":true,"href":"https:\/\/sinedjib.com\/index.php\/wp-json\/wp\/v2\/users\/1"}],"replies":[{"embeddable":true,"href":"https:\/\/sinedjib.com\/index.php\/wp-json\/wp\/v2\/comments?post=13912"}],"version-history":[{"count":2,"href":"https:\/\/sinedjib.com\/index.php\/wp-json\/wp\/v2\/pages\/13912\/revisions"}],"predecessor-version":[{"id":13914,"href":"https:\/\/sinedjib.com\/index.php\/wp-json\/wp\/v2\/pages\/13912\/revisions\/13914"}],"wp:attachment":[{"href":"https:\/\/sinedjib.com\/index.php\/wp-json\/wp\/v2\/media?parent=13912"}],"curies":[{"name":"wp","href":"https:\/\/api.w.org\/{rel}","templated":true}]}}