{"id":13930,"date":"2021-09-10T12:50:19","date_gmt":"2021-09-10T10:50:19","guid":{"rendered":"https:\/\/sinedjib.com\/?page_id=13930"},"modified":"2021-09-10T12:50:19","modified_gmt":"2021-09-10T10:50:19","slug":"le-monde","status":"publish","type":"page","link":"https:\/\/sinedjib.com\/index.php\/le-monde\/","title":{"rendered":"Le Monde"},"content":{"rendered":"\n<div class=\"wp-block-media-text alignwide is-stacked-on-mobile is-image-fill\"><figure class=\"wp-block-media-text__media\" style=\"background-image:url(https:\/\/sinedjib.com\/wp-content\/uploads\/2015\/05\/0507201014018-768x1024.jpg);background-position:56.00000000000001% 0%\"><img data-recalc-dims=\"1\" loading=\"lazy\" decoding=\"async\" width=\"580\" height=\"773\" data-attachment-id=\"4098\" data-permalink=\"https:\/\/sinedjib.com\/index.php\/2015\/05\/14\/dirigeants-fln-mna\/attachment\/0507201014018\/\" data-orig-file=\"https:\/\/i0.wp.com\/sinedjib.com\/wp-content\/uploads\/2015\/05\/0507201014018.jpg?fit=1944%2C2592&amp;ssl=1\" data-orig-size=\"1944,2592\" data-comments-opened=\"1\" data-image-meta=\"{&quot;aperture&quot;:&quot;2.8&quot;,&quot;credit&quot;:&quot;&quot;,&quot;camera&quot;:&quot;N97 mini&quot;,&quot;caption&quot;:&quot;&quot;,&quot;created_timestamp&quot;:&quot;1278344666&quot;,&quot;copyright&quot;:&quot;&quot;,&quot;focal_length&quot;:&quot;5.2&quot;,&quot;iso&quot;:&quot;400&quot;,&quot;shutter_speed&quot;:&quot;0.059&quot;,&quot;title&quot;:&quot;&quot;,&quot;orientation&quot;:&quot;1&quot;}\" data-image-title=\"Le Monde 8 septembre 1956\" data-image-description=\"\" data-image-caption=\"\" data-large-file=\"https:\/\/i0.wp.com\/sinedjib.com\/wp-content\/uploads\/2015\/05\/0507201014018.jpg?fit=580%2C773&amp;ssl=1\" src=\"https:\/\/i0.wp.com\/sinedjib.com\/wp-content\/uploads\/2015\/05\/0507201014018.jpg?resize=580%2C773&#038;ssl=1\" alt=\"\" class=\"wp-image-4098 size-full\" srcset=\"https:\/\/i0.wp.com\/sinedjib.com\/wp-content\/uploads\/2015\/05\/0507201014018.jpg?resize=768%2C1024&amp;ssl=1 768w, https:\/\/i0.wp.com\/sinedjib.com\/wp-content\/uploads\/2015\/05\/0507201014018.jpg?resize=225%2C300&amp;ssl=1 225w, https:\/\/i0.wp.com\/sinedjib.com\/wp-content\/uploads\/2015\/05\/0507201014018.jpg?w=1944&amp;ssl=1 1944w, https:\/\/i0.wp.com\/sinedjib.com\/wp-content\/uploads\/2015\/05\/0507201014018.jpg?w=1160&amp;ssl=1 1160w, https:\/\/i0.wp.com\/sinedjib.com\/wp-content\/uploads\/2015\/05\/0507201014018.jpg?w=1740&amp;ssl=1 1740w\" sizes=\"auto, (max-width: 580px) 100vw, 580px\" \/><\/figure><div class=\"wp-block-media-text__content\">\n<p class=\"has-large-font-size\"><strong>Cette page recense les 23 articles du <em>Monde <\/em>publi\u00e9s sur ce site depuis le 3 mai 2015. Le quotidien a \u00e9t\u00e9 fond\u00e9 par Hubert Beuve-M\u00e9ry en 1944.<\/strong><\/p>\n<\/div><\/div>\n\n\n\n<p>\u00ab\u00a0Une lettre de M. Albert Camus\u00a0\u00bb, parue dans\u00a0<em>Le Monde<\/em>, 19-20 juillet 1953. <a href=\"https:\/\/sinedjib.com\/index.php\/2018\/07\/06\/camus\/\">Lien<\/a><\/p>\n\n\n\n<p>\u00ab\u00a0Les messalistes se pr\u00e9parent \u00e0 une action r\u00e9volutionnaire\u00a0\u00bb, paru dans <em>Le Monde<\/em>, le 13 octobre 1954. <a href=\"https:\/\/sinedjib.com\/index.php\/2015\/05\/11\/action-revolutionnaire\/\">Lien<\/a><\/p>\n\n\n\n<p>\u00ab\u00a0Violentes bagarres \u00e0 Lille entre la police et des manifestants alg\u00e9riens Plusieurs bless\u00e9s\u00a0\u00bb, paru dans <em>Le Monde<\/em>, 3 mai 1955. <a href=\"https:\/\/sinedjib.com\/index.php\/2015\/05\/03\/violentes-bagarres-a-lille\/\">Lien<\/a><\/p>\n\n\n\n<p>\u00ab\u00a0Le 1er mai a \u00e9t\u00e9 troubl\u00e9 en province par quelques manifestations d\u2019Alg\u00e9riens\u00a0\u00bb, paru dans <em>Le Monde<\/em>, 3 mai 1956. <a href=\"https:\/\/sinedjib.com\/index.php\/2015\/05\/03\/1er-trouble-manifestations-dalgeriens\/\">Lien<\/a><\/p>\n\n\n\n<p>\u00ab\u00a0En d\u00e9pit de certains \u201caccords locaux\u201d la rivalit\u00e9 persiste entre le F.L.N. et le M.N.A.\u00a0\u00bb, paru dans <em>Le Monde<\/em>, le 19 mai 1956. <a href=\"https:\/\/sinedjib.com\/index.php\/2015\/05\/14\/rivalite-fln-mna\/\">Lien<\/a><\/p>\n\n\n\n<p>Paul Yankovitch, \u00ab\u00a0M. Bouhafa pr\u00e9cise le sens de son appel \u00e0 la m\u00e9diation yougoslave\u00a0\u00bb, paru dans\u00a0<em>Le Monde<\/em>, 26 mai 1956. <a href=\"https:\/\/sinedjib.com\/index.php\/2016\/05\/31\/bouhafa-mediation\/\">Lien<\/a><\/p>\n\n\n\n<p>\u00ab\u00a0Des regroupements sont constat\u00e9s entre les diff\u00e9rentes formations de rebelles M.N.A. et F.L.N.\u00a0\u00bb, paru dans <em>Le Monde<\/em>, le 26 mai 1956. <a href=\"https:\/\/sinedjib.com\/index.php\/2015\/05\/14\/regroupements-mna-fln\/\">Lien<\/a><\/p>\n\n\n\n<p> Philippe Herreman, \u00ab\u00a0La rivalit\u00e9 s\u2019accentue entre les dirigeants du F.L.N. et du M.N.A.\u00a0\u00bb, paru dans\u00a0<em>Le Monde<\/em>, 8 septembre 1956. <a href=\"https:\/\/sinedjib.com\/index.php\/2015\/05\/14\/dirigeants-fln-mna\/\">Lien<\/a><\/p>\n\n\n\n<p>\u00ab\u00a0Un appel \u00e0 M. Guy Mollet\u00a0\u00bb, paru dans\u00a0<em>Le Monde<\/em>, 7 d\u00e9cembre 1956. <a href=\"https:\/\/sinedjib.com\/index.php\/2015\/06\/21\/appel-guy-mollet\/\">Lien<\/a><\/p>\n\n\n\n<p>\u00ab\u00a0Coups de feu dans le Hainaut, o\u00f9 s\u2019affrontent l\u00e0 aussi M.N.A. et F.L.N.\u00a0\u00bb, paru dans <em>Le Monde<\/em>, 5 septembre 1957. <a href=\"https:\/\/sinedjib.com\/index.php\/2015\/05\/03\/coups-de-feu-dans-le-hainaut\/\">Lien<\/a><\/p>\n\n\n\n<p>Dominique Birmann,\u00a0\u201cAlbert Camus a expos\u00e9 aux \u00e9tudiants su\u00e9dois son attitude devant le probl\u00e8me alg\u00e9rien\u201d,\u00a0<em>Le Monde<\/em>, 14 d\u00e9cembre 1957. <a href=\"https:\/\/sinedjib.com\/index.php\/2013\/11\/14\/albert-camus\/\">Lien<\/a><\/p>\n\n\n\n<p>\u201cUne lettre de M. Albert Camus\u201d,\u00a0<em>Le Monde<\/em>, 19 d\u00e9cembre 1957. <a href=\"https:\/\/sinedjib.com\/index.php\/2013\/11\/14\/albert-camus\/\">Lien<\/a><\/p>\n\n\n\n<p>Philippe Decraene, \u00ab\u00a0M. Messali Hadj refuse de choisir \u201centre un r\u00e9gime de parti unique et de dictature et un coup d\u2019Etat militaire\u201d\u00a0\u00bb, paru dans\u00a0<em>Le Monde<\/em>, 24 juin 1965. <a href=\"https:\/\/sinedjib.com\/index.php\/2015\/06\/19\/coup-detat-militaire\/\">Lien<\/a><\/p>\n\n\n\n<p>Maxime Rodinson, \u00ab\u00a0Vivre avec les Arabes\u00a0\u00bb, paru dans\u00a0<em>Le Monde<\/em>, 5 juin 1967. <a href=\"https:\/\/sinedjib.com\/index.php\/2020\/09\/26\/maxime-rodinson-vivre-avec-les-arabes\/\">Lien<\/a><\/p>\n\n\n\n<p>\u00ab\u00a0M. Maurice Clavel s\u2019adresse au g\u00e9n\u00e9ral de Gaulle\u00a0\u00bb, paru dans\u00a0<em>Le Monde<\/em>, le 29 juin 1968. <a href=\"https:\/\/sinedjib.com\/index.php\/2015\/07\/12\/clavel-de-gaulle\/\">Lien<\/a><\/p>\n\n\n\n<p>Yves Dech\u00e9zelles, \u00ab\u00a0Lettre au directeur du \u00ab Monde \u00bb\u00a0\u00bb, parue int\u00e9gralement dans\u00a0<em>Informations ouvri\u00e8res<\/em>, n\u00b0 661, 12-19 juin 1974, et partiellement dans\u00a0<em>Le Monde<\/em>, 19 juin 1974. <a href=\"https:\/\/sinedjib.com\/index.php\/2015\/06\/06\/lettre-monde\/\">Lien<\/a><\/p>\n\n\n\n<p>Maxime Rodinson, \u00ab\u00a0La r\u00e9surgence de l\u2019Islam\u00a0\u00bb, paru dans\u00a0<em>Le Monde<\/em>\u00a0des 6, 7 et 8 d\u00e9cembre 1978. <a href=\"https:\/\/sinedjib.com\/index.php\/2020\/09\/13\/maxime-rodinson-resurgence-islam\/\">Lien<\/a><\/p>\n\n\n\n<p>Maxime Rodinson, \u00ab\u00a0Immigr\u00e9s ou esclaves ?\u00a0\u00bb, paru dans\u00a0<em>Le Monde<\/em>, 17 mai 1980. <a href=\"https:\/\/sinedjib.com\/index.php\/2020\/09\/20\/maxime-rodinson-immigres-esclaves\/\">Lien<\/a><\/p>\n\n\n\n<p>Maxime Rodinson, \u00ab\u00a0Le d\u00e9sastre pour les autres\u00a0\u00bb, paru dans\u00a0<em>Le Monde<\/em>, 12 juin 1982. <a href=\"https:\/\/sinedjib.com\/index.php\/2020\/09\/22\/maxime-rodinson-desastre-autres\/\">Lien<\/a><\/p>\n\n\n\n<p>Maxime Rodinson, \u00ab\u00a0Int\u00e9grisme et int\u00e9grisme\u00a0\u00bb, paru dans\u00a0<em>Le Monde<\/em>, 14 mai 1983. <a href=\"https:\/\/sinedjib.com\/index.php\/2020\/09\/15\/maxime-rodinson-integrisme\/\">Lien<\/a><\/p>\n\n\n\n<p>Maxime Rodinson, \u00ab\u00a0De la peste communautaire\u00a0\u00bb, paru dans\u00a0<em>Le Monde<\/em>, 1er d\u00e9cembre 1989. <a href=\"https:\/\/sinedjib.com\/index.php\/2020\/09\/08\/maxime-rodinson-de-la-peste-communautaire\/\">Lien<\/a><\/p>\n\n\n\n<p>Fr\u00e9d\u00e9ric Fritscher, \u00ab\u00a0ALGERIE : Une victoire des int\u00e9gristes musulmans. Linda de Suza ne chantera pas\u00a0\u00bb, paru dans\u00a0<em>Le Monde<\/em>, 16 d\u00e9cembre 1989. <a href=\"https:\/\/sinedjib.com\/index.php\/2018\/08\/04\/linda-de-suza\/\">Lien<\/a><\/p>\n\n\n\n<p>\u00ab\u00a0La guerre du Golfe. Un entretien avec M. Maxime Rodinson : \u201cNi l\u2019Irak ni le Kowe\u00eft n\u2019ont \u00e9t\u00e9 vraiment colonis\u00e9s\u201d\u00a0\u00bb, paru dans\u00a0<em>Le Monde<\/em>, 15 f\u00e9vrier 1991. <a href=\"https:\/\/sinedjib.com\/index.php\/2020\/09\/18\/guerre-golfe-entretien-maxime-rodinson\/\">Lien<\/a> <\/p>\n","protected":false},"excerpt":{"rendered":"<p>Cette page recense les 23 articles du Monde publi\u00e9s sur ce site depuis le 3 mai 2015. Le quotidien a \u00e9t\u00e9 fond\u00e9 par Hubert Beuve-M\u00e9ry en 1944. \u00ab\u00a0Une lettre de M. Albert Camus\u00a0\u00bb, parue dans\u00a0Le Monde, 19-20 juillet 1953. Lien \u00ab\u00a0Les messalistes se pr\u00e9parent \u00e0 une action r\u00e9volutionnaire\u00a0\u00bb, paru dans Le Monde, le 13 octobre [&hellip;]<\/p>\n","protected":false},"author":1,"featured_media":0,"parent":0,"menu_order":0,"comment_status":"closed","ping_status":"closed","template":"","meta":{"jetpack_post_was_ever_published":false,"footnotes":""},"class_list":["post-13930","page","type-page","status-publish","hentry"],"jetpack_sharing_enabled":true,"jetpack_shortlink":"https:\/\/wp.me\/P9lTYU-3CG","jetpack_likes_enabled":true,"jetpack-related-posts":[{"id":14705,"url":"https:\/\/sinedjib.com\/index.php\/le-monde-libertaire\/","url_meta":{"origin":13930,"position":0},"title":"Le Monde libertaire","author":"SiNedjib","date":"11\/11\/2021","format":false,"excerpt":"Cette page recense les 24 articles du Monde libertaire publi\u00e9s sur ce site depuis le 29 avril 2021. L\u2019organe de la F\u00e9d\u00e9ration anarchiste a \u00e9t\u00e9 lanc\u00e9 en octobre 1954. Maurice Joyeux, \"Acte de naissance de la litt\u00e9rature nord-africaine. Le journal (1955-1962) de Mouloud Feraoun est surtout le cri d\u2019un juste\",\u2026","rel":"","context":"Article similaire","block_context":{"text":"Article similaire","link":""},"img":{"alt_text":"","src":"https:\/\/i0.wp.com\/sinedjib.com\/wp-content\/uploads\/2021\/05\/Le-Monde-libertaire-fevrier-1964.png?resize=350%2C200&ssl=1","width":350,"height":200,"srcset":"https:\/\/i0.wp.com\/sinedjib.com\/wp-content\/uploads\/2021\/05\/Le-Monde-libertaire-fevrier-1964.png?resize=350%2C200&ssl=1 1x, https:\/\/i0.wp.com\/sinedjib.com\/wp-content\/uploads\/2021\/05\/Le-Monde-libertaire-fevrier-1964.png?resize=525%2C300&ssl=1 1.5x, https:\/\/i0.wp.com\/sinedjib.com\/wp-content\/uploads\/2021\/05\/Le-Monde-libertaire-fevrier-1964.png?resize=700%2C400&ssl=1 2x"},"classes":[]},{"id":9606,"url":"https:\/\/sinedjib.com\/index.php\/litterature-critique-sociale\/","url_meta":{"origin":13930,"position":1},"title":"Litt\u00e9rature, po\u00e9sie et critique sociale","author":"SiNedjib","date":"17\/08\/2020","format":false,"excerpt":"\u00ab\u00a0Quelques r\u00e9flexions sur la S\u00e9paration des \u00c9glises et de l\u2019\u00c9tat\u00a0\u00bb et \u00ab\u00a0Hommage \u00e0 Mohammed Harbi\u00a0\u00bb, n\u00b0 832, La R\u00e9volution prol\u00e9tarienne, mars 2026 \u00ab\u00a0Socialisme, immigration et racisme\u00a0\u00bb,\u00a0Courant alternatif, n\u00b0 358, mars 2026. En ligne \u00ab Hypocrisie fran\u00e7aise \u00bb, Cercle des ami.e.s de l'A.I.T. de Montr\u00e9al, 26 f\u00e9vrier 2026. En ligne \"What\u2026","rel":"","context":"Article similaire","block_context":{"text":"Article similaire","link":""},"img":{"alt_text":"","src":"https:\/\/i0.wp.com\/sinedjib.com\/wp-content\/uploads\/2026\/03\/Une-de-RP-832-1024x1448-1.jpg?resize=350%2C200&ssl=1","width":350,"height":200,"srcset":"https:\/\/i0.wp.com\/sinedjib.com\/wp-content\/uploads\/2026\/03\/Une-de-RP-832-1024x1448-1.jpg?resize=350%2C200&ssl=1 1x, https:\/\/i0.wp.com\/sinedjib.com\/wp-content\/uploads\/2026\/03\/Une-de-RP-832-1024x1448-1.jpg?resize=525%2C300&ssl=1 1.5x, https:\/\/i0.wp.com\/sinedjib.com\/wp-content\/uploads\/2026\/03\/Une-de-RP-832-1024x1448-1.jpg?resize=700%2C400&ssl=1 2x"},"classes":[]},{"id":9601,"url":"https:\/\/sinedjib.com\/index.php\/recensions-comptes-rendus\/","url_meta":{"origin":13930,"position":2},"title":"Recensions, comptes-rendus et notes de lecture","author":"SiNedjib","date":"17\/08\/2020","format":false,"excerpt":"\u00ab Le FLN, mirage et r\u00e9alit\u00e9 \u00bb, ContreTemps. Revue de critique communiste, n\u00b0 67, octobre 2025[\u00e0 propos de Mohammed Harbi, Le FLN, mirage et r\u00e9alit\u00e9, Paris, Syllepse, 2024] \"Le proc\u00e8s Papon\", La R\u00e9volution prol\u00e9tarienne, n\u00b0 830, septembre 2025[\u00e0 propos de Jean-Jacques Gandini, Le proc\u00e8s Papon, Lorient, Le Passager clandestin, 2025]\u2026","rel":"","context":"Article similaire","block_context":{"text":"Article similaire","link":""},"img":{"alt_text":"","src":"https:\/\/i0.wp.com\/sinedjib.com\/wp-content\/uploads\/2025\/12\/FLN-mirage-2.jpg?resize=350%2C200&ssl=1","width":350,"height":200,"srcset":"https:\/\/i0.wp.com\/sinedjib.com\/wp-content\/uploads\/2025\/12\/FLN-mirage-2.jpg?resize=350%2C200&ssl=1 1x, https:\/\/i0.wp.com\/sinedjib.com\/wp-content\/uploads\/2025\/12\/FLN-mirage-2.jpg?resize=525%2C300&ssl=1 1.5x, https:\/\/i0.wp.com\/sinedjib.com\/wp-content\/uploads\/2025\/12\/FLN-mirage-2.jpg?resize=700%2C400&ssl=1 2x"},"classes":[]},{"id":22345,"url":"https:\/\/sinedjib.com\/index.php\/index-des-publications\/","url_meta":{"origin":13930,"position":3},"title":"Index des publications","author":"SiNedjib","date":"17\/03\/2024","format":false,"excerpt":"Cette page pr\u00e9sente un index des publications (bulletins, journaux, revues, etc.) dont cinq textes \u2013 ou plus \u2013 ont \u00e9t\u00e9 retranscrits sur ce site depuis 2012. La liste sera progressivement compl\u00e9t\u00e9e avec l\u2019ensemble des autres r\u00e9f\u00e9rences. A Alarme ; Alger R\u00e9publicain ; Alternative libertaire ; Arguments ; B Le Bolch\u00e9vik\u2026","rel":"","context":"Article similaire","block_context":{"text":"Article similaire","link":""},"img":{"alt_text":"","src":"","width":0,"height":0},"classes":[]},{"id":9586,"url":"https:\/\/sinedjib.com\/index.php\/mes-textes\/","url_meta":{"origin":13930,"position":4},"title":"Mes textes","author":"SiNedjib","date":"17\/08\/2020","format":false,"excerpt":"Voici un aper\u00e7u de mes textes les plus r\u00e9cents : \u00ab\u00a0Quelques r\u00e9flexions sur la S\u00e9paration des \u00c9glises et de l\u2019\u00c9tat\u00a0\u00bb et \u00ab\u00a0Hommage \u00e0 Mohammed Harbi\u00a0\u00bb, n\u00b0 832, La R\u00e9volution prol\u00e9tarienne, mars 2026 \"Socialisme, immigration et racisme\", Courant alternatif, n\u00b0 358, mars 2026. En ligne \u00ab Hypocrisie fran\u00e7aise \u00bb, Cercle des\u2026","rel":"","context":"Article similaire","block_context":{"text":"Article similaire","link":""},"img":{"alt_text":"","src":"https:\/\/i0.wp.com\/sinedjib.com\/wp-content\/uploads\/2026\/03\/Une-de-RP-832-1024x1448-1.jpg?resize=350%2C200&ssl=1","width":350,"height":200,"srcset":"https:\/\/i0.wp.com\/sinedjib.com\/wp-content\/uploads\/2026\/03\/Une-de-RP-832-1024x1448-1.jpg?resize=350%2C200&ssl=1 1x, https:\/\/i0.wp.com\/sinedjib.com\/wp-content\/uploads\/2026\/03\/Une-de-RP-832-1024x1448-1.jpg?resize=525%2C300&ssl=1 1.5x, https:\/\/i0.wp.com\/sinedjib.com\/wp-content\/uploads\/2026\/03\/Une-de-RP-832-1024x1448-1.jpg?resize=700%2C400&ssl=1 2x"},"classes":[]},{"id":15227,"url":"https:\/\/sinedjib.com\/index.php\/informations-ouvrieres\/","url_meta":{"origin":13930,"position":5},"title":"Informations ouvri\u00e8res","author":"SiNedjib","date":"06\/01\/2022","format":false,"excerpt":"Cette page recense les 6 articles d'Informations ouvri\u00e8res publi\u00e9s sur ce site depuis. Fond\u00e9 en 1958 par Pierre Boussel, ce titre est aujourd'hui l'hebdomadaire du Parti ouvrier ind\u00e9pendant. \"Alg\u00e9rie : Premier bilan de dix ann\u00e9es d\u2019ind\u00e9pendance\", paru dans\u00a0Informations ouvri\u00e8res, n\u00b0 568, du 14 juin au 20 juin 1972. Lien \"La\u2026","rel":"","context":"Article similaire","block_context":{"text":"Article similaire","link":""},"img":{"alt_text":"","src":"https:\/\/i0.wp.com\/sinedjib.com\/wp-content\/uploads\/2021\/06\/Informations-ouvrieres-21-juin-1972.png?resize=350%2C200&ssl=1","width":350,"height":200},"classes":[]}],"_links":{"self":[{"href":"https:\/\/sinedjib.com\/index.php\/wp-json\/wp\/v2\/pages\/13930","targetHints":{"allow":["GET"]}}],"collection":[{"href":"https:\/\/sinedjib.com\/index.php\/wp-json\/wp\/v2\/pages"}],"about":[{"href":"https:\/\/sinedjib.com\/index.php\/wp-json\/wp\/v2\/types\/page"}],"author":[{"embeddable":true,"href":"https:\/\/sinedjib.com\/index.php\/wp-json\/wp\/v2\/users\/1"}],"replies":[{"embeddable":true,"href":"https:\/\/sinedjib.com\/index.php\/wp-json\/wp\/v2\/comments?post=13930"}],"version-history":[{"count":1,"href":"https:\/\/sinedjib.com\/index.php\/wp-json\/wp\/v2\/pages\/13930\/revisions"}],"predecessor-version":[{"id":13931,"href":"https:\/\/sinedjib.com\/index.php\/wp-json\/wp\/v2\/pages\/13930\/revisions\/13931"}],"wp:attachment":[{"href":"https:\/\/sinedjib.com\/index.php\/wp-json\/wp\/v2\/media?parent=13930"}],"curies":[{"name":"wp","href":"https:\/\/api.w.org\/{rel}","templated":true}]}}