{"id":13958,"date":"2021-09-11T17:59:31","date_gmt":"2021-09-11T15:59:31","guid":{"rendered":"https:\/\/sinedjib.com\/?page_id=13958"},"modified":"2021-11-02T10:40:30","modified_gmt":"2021-11-02T09:40:30","slug":"extraits-douvrages","status":"publish","type":"page","link":"https:\/\/sinedjib.com\/index.php\/extraits-douvrages\/","title":{"rendered":"Extraits d&rsquo;ouvrages"},"content":{"rendered":"\n<div class=\"wp-block-media-text alignwide is-stacked-on-mobile is-image-fill\"><figure class=\"wp-block-media-text__media\" style=\"background-image:url(https:\/\/sinedjib.com\/wp-content\/uploads\/2021\/11\/Scenes-de-vie-de-province-1874.png);background-position:50% 6%\"><img data-recalc-dims=\"1\" loading=\"lazy\" decoding=\"async\" width=\"347\" height=\"596\" data-attachment-id=\"14588\" data-permalink=\"https:\/\/sinedjib.com\/index.php\/2021\/11\/02\/honore-de-balzac-illusions-perdues\/scenes-de-vie-de-province-1874\/\" data-orig-file=\"https:\/\/i0.wp.com\/sinedjib.com\/wp-content\/uploads\/2021\/11\/Scenes-de-vie-de-province-1874.png?fit=347%2C596&amp;ssl=1\" data-orig-size=\"347,596\" data-comments-opened=\"1\" data-image-meta=\"{&quot;aperture&quot;:&quot;0&quot;,&quot;credit&quot;:&quot;&quot;,&quot;camera&quot;:&quot;&quot;,&quot;caption&quot;:&quot;&quot;,&quot;created_timestamp&quot;:&quot;0&quot;,&quot;copyright&quot;:&quot;&quot;,&quot;focal_length&quot;:&quot;0&quot;,&quot;iso&quot;:&quot;0&quot;,&quot;shutter_speed&quot;:&quot;0&quot;,&quot;title&quot;:&quot;&quot;,&quot;orientation&quot;:&quot;0&quot;}\" data-image-title=\"Scenes-de-vie-de-province-1874\" data-image-description=\"\" data-image-caption=\"\" data-medium-file=\"https:\/\/i0.wp.com\/sinedjib.com\/wp-content\/uploads\/2021\/11\/Scenes-de-vie-de-province-1874.png?fit=175%2C300&amp;ssl=1\" data-large-file=\"https:\/\/i0.wp.com\/sinedjib.com\/wp-content\/uploads\/2021\/11\/Scenes-de-vie-de-province-1874.png?fit=347%2C596&amp;ssl=1\" src=\"https:\/\/i0.wp.com\/sinedjib.com\/wp-content\/uploads\/2021\/11\/Scenes-de-vie-de-province-1874.png?resize=347%2C596&#038;ssl=1\" alt=\"\" class=\"wp-image-14588 size-full\" srcset=\"https:\/\/i0.wp.com\/sinedjib.com\/wp-content\/uploads\/2021\/11\/Scenes-de-vie-de-province-1874.png?w=347&amp;ssl=1 347w, https:\/\/i0.wp.com\/sinedjib.com\/wp-content\/uploads\/2021\/11\/Scenes-de-vie-de-province-1874.png?resize=175%2C300&amp;ssl=1 175w\" sizes=\"auto, (max-width: 347px) 100vw, 347px\" \/><\/figure><div class=\"wp-block-media-text__content\">\n<p class=\"has-large-font-size\"><strong>Le site propose, depuis le 8 mai 2015, les extraits des 49 brochures ou ouvrages suivants,<\/strong> <strong>parus de 1874 \u00e0<\/strong> <strong>2020<\/strong><\/p>\n<\/div><\/div>\n\n\n\n<p>Kader Ammour, Christian Leucate et Jean-Jacques Moulin,&nbsp;<em>La voie alg\u00e9rienne<\/em>, Paris, Fran\u00e7ois Maspero, 1974.&nbsp;<a href=\"https:\/\/sinedjib.com\/index.php\/2017\/09\/18\/voie-algerienne\/\">Lien<\/a><\/p>\n\n\n\n<p>Honor\u00e9 de Balzac, <em>Illusions perdues<\/em>, Paris, Veuve Andr\u00e9 Houssiaux, \u00e9diteur, H\u00e9bert et Compagnie, successeurs, 1874. <a href=\"https:\/\/sinedjib.com\/index.php\/2021\/11\/02\/honore-de-balzac-illusions-perdues\/\">Lien<\/a><\/p>\n\n\n\n<p>Mohammed Barkat (dir.),\u00a0<em>Des Fran\u00e7ais contre la terreur d\u2019Etat (Alg\u00e9rie 1954-1962)<\/em>, Paris, Reflex, 2002.\u00a0<a href=\"https:\/\/sinedjib.com\/index.php\/2016\/04\/20\/combat-politique\/\">Lien<\/a><\/p>\n\n\n\n<p>Yadh Ben Achour,&nbsp;<em>Politique, religion et droit dans le monde arabe<\/em>, Tunis, C\u00e9r\u00e8s Productions, 1992.&nbsp;<a href=\"https:\/\/sinedjib.com\/index.php\/2018\/02\/06\/ben-achour-politique\/\">Lien<\/a><\/p>\n\n\n\n<p>Andr\u00e9 Blanchet,&nbsp;<em>L\u2019itin\u00e9raire des partis africains depuis Bamako<\/em>, Paris, Plon, 1958.&nbsp;<a href=\"https:\/\/sinedjib.com\/index.php\/2015\/05\/08\/andre-blanchet-bamako\/\">Lien<\/a><\/p>\n\n\n\n<p>Andr\u00e9&nbsp;Breton,&nbsp;<em>\u00c9crits sur l\u2019art et autres textes<\/em>, Paris, Gallimard, 2008.&nbsp;<a href=\"https:\/\/sinedjib.com\/index.php\/2015\/05\/08\/andre-breton-mohamed-maroc\/\">Lien<\/a><\/p>\n\n\n\n<p>Albert Camus,&nbsp;<em>\u0152uvres<\/em>, Paris, Gallimard, 2013.&nbsp;<a href=\"https:\/\/sinedjib.com\/index.php\/2019\/01\/05\/camus-3\/\">Lien<\/a><\/p>\n\n\n\n<p>Abdelkader Chaker,&nbsp;<em>La jeunesse alg\u00e9rienne en France<\/em>, Alger, SNED, 1977.&nbsp;<a href=\"https:\/\/sinedjib.com\/index.php\/2017\/12\/31\/chaker-jeunesse\/\">Lien<\/a><\/p>\n\n\n\n<p>Maurice Clavel,&nbsp;<em>Le jardin de Djemila<\/em>, Paris, Ren\u00e9 Julliard, 1958.&nbsp;<a href=\"https:\/\/sinedjib.com\/index.php\/2018\/09\/27\/clavel\/\">Lien<\/a><\/p>\n\n\n\n<p>Mansour Fahmy,&nbsp;<em>La condition de la femme dans l\u2019islam<\/em>, Paris, Allia, 1990.&nbsp;<a href=\"https:\/\/sinedjib.com\/index.php\/2018\/02\/05\/harbi-femme-islam\/\">Lien<\/a><\/p>\n\n\n\n<p>Mohamed-Ch\u00e9rif Ferjani,&nbsp;<em>Islamisme, la\u00efcit\u00e9 et droits de l\u2019Homme<\/em>, Paris, L\u2019Harmattan, 1991.&nbsp;<a href=\"https:\/\/sinedjib.com\/index.php\/2017\/12\/19\/ferjani-islamisme\/\">Lien<\/a><\/p>\n\n\n\n<p>Georges Fontenis,&nbsp;<em>L\u2019autre communisme<\/em>,&nbsp; Maul\u00e9on, Acratie, 1990.&nbsp;<a href=\"https:\/\/sinedjib.com\/index.php\/2016\/04\/18\/fontenis\/\">Lien<\/a><\/p>\n\n\n\n<p>Fran\u00e7ois,&nbsp;<em>Le salut sous les d\u00e9combres<\/em>, ao\u00fbt 1990.&nbsp;<a href=\"https:\/\/sinedjib.com\/index.php\/2019\/10\/26\/salut\/\">Lien<\/a><\/p>\n\n\n\n<p>Joseph Gabel,&nbsp;<em>La fausse conscience<\/em>, Paris, \u00e9ditions de Minuit, 1962.&nbsp;<a href=\"https:\/\/sinedjib.com\/index.php\/2021\/01\/20\/joseph-gabel-la-fausse-conscience\/\">Lien<\/a><\/p>\n\n\n\n<p>Gis\u00e8le Halimi,&nbsp;<em>Le lait de l\u2019oranger<\/em>, Paris, Gallimard, 1988.&nbsp;<a href=\"https:\/\/sinedjib.com\/index.php\/2016\/06\/17\/halimi-lait\/\">Lien<\/a><\/p>\n\n\n\n<p>Mohammed&nbsp;Harbi,&nbsp;<em>L\u2019Alg\u00e9rie et son destin<\/em>, Paris, Arcant\u00e8re, 1992.&nbsp;<a href=\"https:\/\/sinedjib.com\/index.php\/2015\/05\/08\/algerie-destin\/\">Lien<\/a><\/p>\n\n\n\n<p>Georges Henein,&nbsp;<em>L\u2019esprit frappeur (Carnets 1940-1973)<\/em>, Paris, Encre, 1980.&nbsp;<a href=\"https:\/\/sinedjib.com\/index.php\/2018\/01\/09\/henein-esprit\/\">Lien<\/a><\/p>\n\n\n\n<p>Mohamed Kacimi el-Hassani,&nbsp;<em>Le Mouchoir<\/em>, Paris, L\u2019Harmattan, 1987.&nbsp;<a href=\"https:\/\/sinedjib.com\/index.php\/2017\/11\/28\/kacimi-mouchoir\/\">Lien<\/a><\/p>\n\n\n\n<p>Karel Kosic,&nbsp;<em>La dialectique du concret<\/em>, Paris, Fran\u00e7ois Maspero, 1978.&nbsp;<a href=\"https:\/\/sinedjib.com\/index.php\/2021\/01\/30\/karel-kosic-la-dialectique-du-concret\/\">Lien<\/a><\/p>\n\n\n\n<p>Pierre Kropotkine,&nbsp;<em>La Grande R\u00e9volution<\/em>,&nbsp;<em>1789-1793<\/em>, Paris, P.-V. Stock, 1909.&nbsp;<a href=\"https:\/\/sinedjib.com\/index.php\/2019\/07\/13\/kropotkine\/\">Lien<\/a><\/p>\n\n\n\n<p>Abderrahim Lamchichi,&nbsp;<em>Islam, islamisme et modernit\u00e9<\/em>, Paris, L\u2019Harmattan, 1994.&nbsp;<a href=\"https:\/\/sinedjib.com\/index.php\/2017\/12\/22\/lamchichi-islam\/\">Lien<\/a><\/p>\n\n\n\n<p>Emile Leverdays,&nbsp;<em>Les Assembl\u00e9es parlantes,<\/em>&nbsp;Paris, C. Marpon et E. Flamarion, 1883.&nbsp;<a href=\"https:\/\/sinedjib.com\/index.php\/2019\/06\/17\/leverdays\/\">Lien<\/a><\/p>\n\n\n\n<p>Herbert R. Lottman,&nbsp;<em>Albert Camus<\/em>, Paris, Le Seuil, 1978.&nbsp;<a href=\"https:\/\/sinedjib.com\/index.php\/2018\/01\/03\/lottman-camus\/\">Lien<\/a><\/p>\n\n\n\n<p>Gaya Makaran y Pierre Gaussens (coordinadores),&nbsp;<em>Piel blanca, m\u00e1scaras negras. Cr\u00edtica de la raz\u00f3n decolonial<\/em>, M\u00e9xico, Bajo Tierra A.C. y Centro de Investigaciones sobre Am\u00e9rica Latina y el Caribe-Universidad Nacional Aut\u00f3noma de M\u00e9xico, 2020.&nbsp;<a href=\"https:\/\/sinedjib.com\/index.php\/2021\/01\/22\/gaya-makaran-y-pierre-gaussens-coordinadores-piel-blanca-mascaras-negras-critica-de-la-razon-decolonial\/\">Lien<\/a><\/p>\n\n\n\n<p>Gabriel Marcel (dir.),&nbsp;<em>Un changement d\u2019esp\u00e9rance<\/em>, Paris, Plon, 1958.&nbsp;<a href=\"https:\/\/sinedjib.com\/index.php\/2015\/05\/09\/mahmoud-bouzouzou\/\">Lien<\/a><\/p>\n\n\n\n<p>Paul Mattick,&nbsp;<em>Marxisme, dernier refuge de la bourgeoisie ?<\/em>, Gen\u00e8ve, Entremonde, 2011.&nbsp;<a href=\"https:\/\/sinedjib.com\/index.php\/2021\/02\/05\/paul-mattick-marxisme-dernier-refuge-de-la-bourgeoisie\/\">Lien<\/a><\/p>\n\n\n\n<p>Gilbert Meynier,&nbsp;<em>L\u2019Alg\u00e9rie r\u00e9v\u00e9l\u00e9e<\/em>, 2010, Alger, El Maarifa.&nbsp;<a href=\"https:\/\/sinedjib.com\/index.php\/2018\/07\/04\/meynier\/\">Lien<\/a><\/p>\n\n\n\n<p>Edgar Morin,&nbsp;<em>Autocritique<\/em>, Paris, Seuil, 1991.&nbsp;<a href=\"https:\/\/sinedjib.com\/index.php\/2015\/05\/09\/edgar-morin\/\">Lien<\/a><\/p>\n\n\n\n<p>Edgar Morin,&nbsp;<em>Itin\u00e9rance<\/em>, Paris, Arl\u00e9a, 2000.&nbsp;<a href=\"https:\/\/sinedjib.com\/index.php\/2016\/06\/17\/itinerance\/\">Lien<\/a><\/p>\n\n\n\n<p>Fad\u00e9la M\u2019Rabet,&nbsp;<em>La femme alg\u00e9rienne<\/em>&nbsp;suivi de&nbsp;<em>Les Alg\u00e9riennes<\/em>, Paris, Fran\u00e7ois Maspero, 1969.&nbsp;<a href=\"https:\/\/sinedjib.com\/index.php\/2020\/05\/13\/mrabet-algerienne\/\">Lien<\/a><\/p>\n\n\n\n<p>Mezioud Ouldamer,&nbsp;<em>L\u2019\u00e9conomie et son trouble<\/em>, Paris, SIHAM, 1994.&nbsp;<a href=\"https:\/\/sinedjib.com\/index.php\/2017\/07\/19\/ouldamer-economie\/\">Lien<\/a><\/p>\n\n\n\n<p>Mezioud Ouldamer,&nbsp;<em>La cruaut\u00e9 maintenant<\/em>, Cabris, Sulliver, 2007.&nbsp;<a href=\"https:\/\/sinedjib.com\/index.php\/2017\/08\/14\/ouldamer-cruaute\/\">Lien<\/a><\/p>\n\n\n\n<p>Kostas Papa\u00efoannou,&nbsp;<em>L\u2019id\u00e9ologie froide<\/em>.&nbsp;<em>Essai sur le d\u00e9p\u00e9rissement du marxisme<\/em>, Paris, Editions de l\u2019Encyclop\u00e9die des Nuisances, 2009.&nbsp;<a href=\"https:\/\/sinedjib.com\/index.php\/2021\/02\/01\/kostas-papaioannou-lideologie-froide\/\">Lien<\/a><\/p>\n\n\n\n<p>Jean Poperen,&nbsp;<em>La Gauche fran\u00e7aise<\/em>, Paris, Fayard, 1972.&nbsp;<a href=\"https:\/\/sinedjib.com\/index.php\/2015\/05\/09\/jean-poperen\/\">Lien<\/a><\/p>\n\n\n\n<p>David Porter,&nbsp;<em>Eyes to the South<\/em>:&nbsp;<em>French Anarchists and Algeria<\/em>, Oakland, AK Press, 2011.&nbsp;<a href=\"https:\/\/sinedjib.com\/index.php\/2019\/08\/27\/david-porter\/\">Lien<\/a><\/p>\n\n\n\n<p>Adolph L. Reed, Jr.,&nbsp;<em>The Jesse Jackson Phenomenon: The Crisis of Purpose in Afro-American Politics<\/em>, New Haven, Yale University Press, 1986.&nbsp;<a href=\"https:\/\/sinedjib.com\/index.php\/2020\/05\/16\/reed-4\/\">Lien<\/a><\/p>\n\n\n\n<p>Adolph L. Reed, Jr.,&nbsp;<em>Race, Politics, and Culture: Critical Essays on the Radicalism of the 1960s<\/em>, Westport, Greenwood Press, 1986.&nbsp;<a href=\"https:\/\/sinedjib.com\/index.php\/2020\/05\/25\/reed-7\/\">Lien<\/a><\/p>\n\n\n\n<p>Adolph L. Reed Jr.,&nbsp;<em>W.E.B. Du Bois and American Politics: Fabianism and the Color Line<\/em>, Oxford, Oxford University Press, 1997.&nbsp;<a href=\"https:\/\/sinedjib.com\/index.php\/2020\/05\/20\/reed-5\/\">Lien<\/a><\/p>\n\n\n\n<p>Maxime Rodinson,&nbsp;<em>Isra\u00ebl et le refus arabe<\/em>.&nbsp;<em>75 ans d\u2019histoire<\/em>, Paris, Le Seuil, 1968.&nbsp;<a href=\"https:\/\/sinedjib.com\/index.php\/2020\/10\/04\/maxime-rodinson-israel-refus-arabe\/\">Lien<\/a><\/p>\n\n\n\n<p>Maxime Rodinson,&nbsp;<em>Marxisme et monde musulman<\/em>, Paris, Le Seuil, 1972.&nbsp;<a href=\"https:\/\/sinedjib.com\/index.php\/2017\/09\/14\/rodinson-marxisme\/\">Lien<\/a><\/p>\n\n\n\n<p>Maxime Rodinson,&nbsp;<em>L\u2019Islam, politique et croyance<\/em>, Paris, Fayard, 1993.&nbsp;<a href=\"https:\/\/sinedjib.com\/index.php\/2018\/11\/20\/khomeyni\/\">Lien<\/a><\/p>\n\n\n\n<p>Maxime Rodinson,&nbsp;<em>Mahomet<\/em>, Paris, Points-Seuil, 1994.&nbsp;<a href=\"https:\/\/sinedjib.com\/index.php\/2020\/10\/12\/maxime-rodinson-mahomet\/\">Lien<\/a><\/p>\n\n\n\n<p>Maxime Rodinson,&nbsp;<em>Peuple juif ou probl\u00e8me juif ?<\/em>, Paris, La D\u00e9couverte, 1997.&nbsp;<a href=\"https:\/\/sinedjib.com\/index.php\/2020\/10\/06\/maxime-rodinson-peuple-juif-ou-probleme-juif\/\">Lien<\/a><\/p>\n\n\n\n<p>Maxime Rodinson,&nbsp;<em>La fascination de l\u2019islam<\/em>, Paris, La D\u00e9couverte, 2003.&nbsp;<a href=\"https:\/\/sinedjib.com\/index.php\/2020\/10\/02\/maxime-rodinson-fascination-de-lislam\/\">Lien<\/a><\/p>\n\n\n\n<p>Maxime Rodinson,&nbsp;<em>Islam et capitalisme<\/em>, Paris, Demopolis, 2014.&nbsp;<a href=\"https:\/\/sinedjib.com\/index.php\/2020\/09\/30\/maxime-rodinson-islam-et-capitalisme\/\">Lien<\/a><\/p>\n\n\n\n<p>Otto R\u00fchle,&nbsp;<em>Karl Marx<\/em>.&nbsp;<em>Vie et oeuvre<\/em>, Gen\u00e8ve, Entremonde, 2011.&nbsp;<a href=\"https:\/\/sinedjib.com\/index.php\/2021\/02\/03\/otto-ruhle-karl-marx-vie-et-oeuvre\/\">Lien<\/a><\/p>\n\n\n\n<p>Secr\u00e9tariat Social d\u2019Alger,&nbsp;<em>La Cohabitation en Alg\u00e9rie<\/em>, Alger, \u00e9ditions du Secr\u00e9tariat Social d\u2019Alger, 1956.&nbsp;<a href=\"https:\/\/sinedjib.com\/index.php\/2018\/10\/30\/cohabitation\/\">Lien<\/a><\/p>\n\n\n\n<p>William Shakespeare,&nbsp;<em>Jules C\u00e9sar<\/em>, Paris, Librairie Poussielgue fr\u00e8res, 1884.&nbsp;<a href=\"https:\/\/sinedjib.com\/index.php\/2019\/06\/22\/shakespeare\/\">Lien<\/a><\/p>\n\n\n\n<p>Amar Ya\u00efche,&nbsp;<em>Dansons sur les cadavres<\/em>, Montreuil, L\u2019Insomniaque, 2005.&nbsp;<a href=\"https:\/\/sinedjib.com\/index.php\/2018\/02\/04\/yaiche-dansons\/\">Lien<\/a><\/p>\n","protected":false},"excerpt":{"rendered":"<p>Le site propose, depuis le 8 mai 2015, les extraits des 49 brochures ou ouvrages suivants, parus de 1874 \u00e0 2020 Kader Ammour, Christian Leucate et Jean-Jacques Moulin,&nbsp;La voie alg\u00e9rienne, Paris, Fran\u00e7ois Maspero, 1974.&nbsp;Lien Honor\u00e9 de Balzac, Illusions perdues, Paris, Veuve Andr\u00e9 Houssiaux, \u00e9diteur, H\u00e9bert et Compagnie, successeurs, 1874. Lien Mohammed Barkat (dir.),\u00a0Des Fran\u00e7ais contre [&hellip;]<\/p>\n","protected":false},"author":1,"featured_media":0,"parent":0,"menu_order":0,"comment_status":"closed","ping_status":"closed","template":"","meta":{"jetpack_post_was_ever_published":false,"footnotes":""},"class_list":["post-13958","page","type-page","status-publish","hentry"],"jetpack_sharing_enabled":true,"jetpack_shortlink":"https:\/\/wp.me\/P9lTYU-3D8","jetpack_likes_enabled":true,"jetpack-related-posts":[{"id":5483,"url":"https:\/\/sinedjib.com\/index.php\/ressources\/","url_meta":{"origin":13958,"position":0},"title":"Ressources","author":"SiNedjib","date":"30\/04\/2019","format":false,"excerpt":"Les textes retranscrits sur ce site proviennent principalement de 60 publications, mais aussi de 175 autres r\u00e9f\u00e9rences, sans oublier les extraits de 49 ouvrages. On peut y acc\u00e9der aupr\u00e8s de ces institutions ou sites : ANOM, Archives Autonomies, Archives R\u00e9volutionnaires, Archives socialistes, Biblioth\u00e8que du marxisme (libertaire), CERMTRI, Centre de ressources\u2026","rel":"","context":"Article similaire","block_context":{"text":"Article similaire","link":""},"img":{"alt_text":"","src":"https:\/\/i0.wp.com\/sinedjib.com\/wp-content\/uploads\/2024\/05\/972-logo_1000x667-1000x668-1.webp?resize=350%2C200&ssl=1","width":350,"height":200,"srcset":"https:\/\/i0.wp.com\/sinedjib.com\/wp-content\/uploads\/2024\/05\/972-logo_1000x667-1000x668-1.webp?resize=350%2C200&ssl=1 1x, https:\/\/i0.wp.com\/sinedjib.com\/wp-content\/uploads\/2024\/05\/972-logo_1000x667-1000x668-1.webp?resize=525%2C300&ssl=1 1.5x, https:\/\/i0.wp.com\/sinedjib.com\/wp-content\/uploads\/2024\/05\/972-logo_1000x667-1000x668-1.webp?resize=700%2C400&ssl=1 2x"},"classes":[]},{"id":2815,"url":"https:\/\/sinedjib.com\/index.php\/la-fabrique-du-musulman-echos\/","url_meta":{"origin":13958,"position":1},"title":"La Fabrique du Musulman : \u00e9chos","author":"Nedjib Sidi Moussa","date":"01\/03\/2017","format":false,"excerpt":"Suite \u00e0 la parution de mon premier livre La Fabrique du Musulman (Paris, Libertalia, 2017), cette page en recense les pr\u00e9sentations, recensions, entretiens ou \u00e9vocations.Pour commander cet essai, cliquez sur ce lien Pr\u00e9sentations et d\u00e9bats Pr\u00e9sentation et d\u00e9bat \u00e0 l'invitation du groupe Proudhon de la F\u00e9d\u00e9ration anarchiste, 25 septembre 2020,\u2026","rel":"","context":"Dans &quot;publications&quot;","block_context":{"text":"publications","link":"https:\/\/sinedjib.com\/index.php\/category\/publications\/"},"img":{"alt_text":"","src":"https:\/\/i0.wp.com\/sinedjib.com\/wp-content\/uploads\/2017\/12\/libertalia-lafabriquedumusulman-couv_web_rvb.jpg?resize=350%2C200&ssl=1","width":350,"height":200,"srcset":"https:\/\/i0.wp.com\/sinedjib.com\/wp-content\/uploads\/2017\/12\/libertalia-lafabriquedumusulman-couv_web_rvb.jpg?resize=350%2C200&ssl=1 1x, https:\/\/i0.wp.com\/sinedjib.com\/wp-content\/uploads\/2017\/12\/libertalia-lafabriquedumusulman-couv_web_rvb.jpg?resize=525%2C300&ssl=1 1.5x"},"classes":[]},{"id":13930,"url":"https:\/\/sinedjib.com\/index.php\/le-monde\/","url_meta":{"origin":13958,"position":2},"title":"Le Monde","author":"SiNedjib","date":"10\/09\/2021","format":false,"excerpt":"Cette page recense les 23 articles du Monde publi\u00e9s sur ce site depuis le 3 mai 2015. Le quotidien a \u00e9t\u00e9 fond\u00e9 par Hubert Beuve-M\u00e9ry en 1944. \"Une lettre de M. Albert Camus\", parue dans\u00a0Le Monde, 19-20 juillet 1953. Lien \"Les messalistes se pr\u00e9parent \u00e0 une action r\u00e9volutionnaire\", paru dans\u2026","rel":"","context":"Article similaire","block_context":{"text":"Article similaire","link":""},"img":{"alt_text":"","src":"https:\/\/i0.wp.com\/sinedjib.com\/wp-content\/uploads\/2015\/05\/0507201014018.jpg?resize=350%2C200&ssl=1","width":350,"height":200,"srcset":"https:\/\/i0.wp.com\/sinedjib.com\/wp-content\/uploads\/2015\/05\/0507201014018.jpg?resize=350%2C200&ssl=1 1x, https:\/\/i0.wp.com\/sinedjib.com\/wp-content\/uploads\/2015\/05\/0507201014018.jpg?resize=525%2C300&ssl=1 1.5x, https:\/\/i0.wp.com\/sinedjib.com\/wp-content\/uploads\/2015\/05\/0507201014018.jpg?resize=700%2C400&ssl=1 2x, https:\/\/i0.wp.com\/sinedjib.com\/wp-content\/uploads\/2015\/05\/0507201014018.jpg?resize=1050%2C600&ssl=1 3x, https:\/\/i0.wp.com\/sinedjib.com\/wp-content\/uploads\/2015\/05\/0507201014018.jpg?resize=1400%2C800&ssl=1 4x"},"classes":[]},{"id":5949,"url":"https:\/\/sinedjib.com\/index.php\/ressources\/le-proletaire\/","url_meta":{"origin":13958,"position":3},"title":"Le Prol\u00e9taire","author":"SiNedjib","date":"16\/06\/2019","format":false,"excerpt":"Cette page recense les 61 articles du\u00a0Prol\u00e9taire publi\u00e9s sur ce site depuis le 30 septembre 2016. Le bulletin du Parti communiste international a \u00e9t\u00e9 lanc\u00e9 en 1963. Les sommaires sont consultables sur le site du Parti communiste international. \"Le conflit alg\u00e9ro-marocain : la guerre arrange tout, mais apr\u00e8s ?\", paru\u2026","rel":"","context":"Article similaire","block_context":{"text":"Article similaire","link":""},"img":{"alt_text":"","src":"https:\/\/i0.wp.com\/sinedjib.com\/wp-content\/uploads\/2020\/05\/Le-Prol%C3%A9taire-novembre-1963.png?resize=350%2C200&ssl=1","width":350,"height":200},"classes":[]},{"id":5917,"url":"https:\/\/sinedjib.com\/index.php\/ressources\/le-libertaire\/","url_meta":{"origin":13958,"position":4},"title":"Le Libertaire","author":"SiNedjib","date":"14\/06\/2019","format":false,"excerpt":"Cette page recense les 80 articles du Libertaire publi\u00e9s sur ce site depuis le 4 mai 2016. Le journal a \u00e9t\u00e9 lanc\u00e9 par Louise Michel et S\u00e9bastien Faure en 1895. Les num\u00e9ros sont consultables sur les sites RetroNews et Archives Autonomies. Antoine Antignac, \"La calomnie\", paru dans\u00a0Le Libertaire, 4e s\u00e9rie,\u2026","rel":"","context":"Article similaire","block_context":{"text":"Article similaire","link":""},"img":{"alt_text":"","src":"https:\/\/i0.wp.com\/sinedjib.com\/wp-content\/uploads\/2021\/05\/Le-Libertaire-12-janvier-1951.png?resize=350%2C200&ssl=1","width":350,"height":200},"classes":[]},{"id":5903,"url":"https:\/\/sinedjib.com\/index.php\/ressources\/errico-malatesta\/","url_meta":{"origin":13958,"position":5},"title":"Errico Malatesta","author":"SiNedjib","date":"13\/06\/2019","format":false,"excerpt":"Cette page recense les 40 articles d'Errico Malatesta publi\u00e9s sur ce site depuis le 15 ao\u00fbt 2018. Portrait of Errico Malatesta (Santa Maria Capua Vetere, 1853-Rome, 1932), Italian anarchist. \"Le suffrage universel\", paru en deux parties dans Le R\u00e9veil socialiste-anarchiste, n\u00b0 161, 24 f\u00e9vrier 1906 et n\u00b0 162, 10 mars\u2026","rel":"","context":"Article similaire","block_context":{"text":"Article similaire","link":""},"img":{"alt_text":"","src":"https:\/\/i0.wp.com\/sinedjib.com\/wp-content\/uploads\/2019\/02\/Malatesta.jpg?resize=350%2C200&ssl=1","width":350,"height":200,"srcset":"https:\/\/i0.wp.com\/sinedjib.com\/wp-content\/uploads\/2019\/02\/Malatesta.jpg?resize=350%2C200&ssl=1 1x, https:\/\/i0.wp.com\/sinedjib.com\/wp-content\/uploads\/2019\/02\/Malatesta.jpg?resize=525%2C300&ssl=1 1.5x, https:\/\/i0.wp.com\/sinedjib.com\/wp-content\/uploads\/2019\/02\/Malatesta.jpg?resize=700%2C400&ssl=1 2x"},"classes":[]}],"_links":{"self":[{"href":"https:\/\/sinedjib.com\/index.php\/wp-json\/wp\/v2\/pages\/13958","targetHints":{"allow":["GET"]}}],"collection":[{"href":"https:\/\/sinedjib.com\/index.php\/wp-json\/wp\/v2\/pages"}],"about":[{"href":"https:\/\/sinedjib.com\/index.php\/wp-json\/wp\/v2\/types\/page"}],"author":[{"embeddable":true,"href":"https:\/\/sinedjib.com\/index.php\/wp-json\/wp\/v2\/users\/1"}],"replies":[{"embeddable":true,"href":"https:\/\/sinedjib.com\/index.php\/wp-json\/wp\/v2\/comments?post=13958"}],"version-history":[{"count":4,"href":"https:\/\/sinedjib.com\/index.php\/wp-json\/wp\/v2\/pages\/13958\/revisions"}],"predecessor-version":[{"id":14595,"href":"https:\/\/sinedjib.com\/index.php\/wp-json\/wp\/v2\/pages\/13958\/revisions\/14595"}],"wp:attachment":[{"href":"https:\/\/sinedjib.com\/index.php\/wp-json\/wp\/v2\/media?parent=13958"}],"curies":[{"name":"wp","href":"https:\/\/api.w.org\/{rel}","templated":true}]}}