{"id":14477,"date":"2021-10-25T10:08:16","date_gmt":"2021-10-25T08:08:16","guid":{"rendered":"https:\/\/sinedjib.com\/?page_id=14477"},"modified":"2022-08-08T16:58:47","modified_gmt":"2022-08-08T14:58:47","slug":"dissidences-algeriennes-une-anthologie-de-lindependance-au-hirak-echos","status":"publish","type":"page","link":"https:\/\/sinedjib.com\/index.php\/dissidences-algeriennes-une-anthologie-de-lindependance-au-hirak-echos\/","title":{"rendered":"Dissidences alg\u00e9riennes. Une anthologie, de l&rsquo;ind\u00e9pendance au hirak : \u00e9chos"},"content":{"rendered":"\n<div class=\"wp-block-media-text alignwide is-stacked-on-mobile is-image-fill\"><figure class=\"wp-block-media-text__media\" style=\"background-image:url(https:\/\/sinedjib.com\/wp-content\/uploads\/2021\/05\/dissidences-algeriennes.png);background-position:51% 0%\"><img data-recalc-dims=\"1\" loading=\"lazy\" decoding=\"async\" width=\"404\" height=\"593\" data-attachment-id=\"12736\" data-permalink=\"https:\/\/sinedjib.com\/index.php\/mes-livres\/dissidences-algeriennes\/\" data-orig-file=\"https:\/\/i0.wp.com\/sinedjib.com\/wp-content\/uploads\/2021\/05\/dissidences-algeriennes.png?fit=404%2C593&amp;ssl=1\" data-orig-size=\"404,593\" data-comments-opened=\"1\" data-image-meta=\"{&quot;aperture&quot;:&quot;0&quot;,&quot;credit&quot;:&quot;&quot;,&quot;camera&quot;:&quot;&quot;,&quot;caption&quot;:&quot;&quot;,&quot;created_timestamp&quot;:&quot;0&quot;,&quot;copyright&quot;:&quot;&quot;,&quot;focal_length&quot;:&quot;0&quot;,&quot;iso&quot;:&quot;0&quot;,&quot;shutter_speed&quot;:&quot;0&quot;,&quot;title&quot;:&quot;&quot;,&quot;orientation&quot;:&quot;0&quot;}\" data-image-title=\"dissidences-algeriennes\" data-image-description=\"\" data-image-caption=\"\" data-large-file=\"https:\/\/i0.wp.com\/sinedjib.com\/wp-content\/uploads\/2021\/05\/dissidences-algeriennes.png?fit=404%2C593&amp;ssl=1\" src=\"https:\/\/i0.wp.com\/sinedjib.com\/wp-content\/uploads\/2021\/05\/dissidences-algeriennes.png?resize=404%2C593&#038;ssl=1\" alt=\"\" class=\"wp-image-12736 size-full\" srcset=\"https:\/\/i0.wp.com\/sinedjib.com\/wp-content\/uploads\/2021\/05\/dissidences-algeriennes.png?w=404&amp;ssl=1 404w, https:\/\/i0.wp.com\/sinedjib.com\/wp-content\/uploads\/2021\/05\/dissidences-algeriennes.png?resize=204%2C300&amp;ssl=1 204w\" sizes=\"auto, (max-width: 404px) 100vw, 404px\" \/><\/figure><div class=\"wp-block-media-text__content\">\n<p class=\"has-drop-cap has-large-font-size\"><strong>Suite \u00e0 la parution de mon quatri\u00e8me livre&nbsp;<em><a href=\"https:\/\/editionsasymetrie.org\/ouvrage\/dissidences-algeriennes\/\" target=\"_blank\" rel=\"noreferrer noopener\">Dissidences alg\u00e9riennes. Une anthologie, de l&rsquo;ind\u00e9pendance au hirak<\/a> <\/em>(\u00e9ditions de l&rsquo;Asym\u00e9trie, 2021), cette page en recense les pr\u00e9sentations,&nbsp;recensions, entretiens ou&nbsp;\u00e9vocations.<\/strong><\/p>\n\n\n\n<p>Pour commander cet ouvrage, cliquez sur ce <a href=\"https:\/\/www.placedeslibraires.fr\/livre\/9791096441181-dissidences-algeriennes-une-anthologie-de-l-independance-au-hirak-nedjib-sidi-moussa\/\" target=\"_blank\" rel=\"noreferrer noopener\">lien<\/a>.<\/p>\n<\/div><\/div>\n\n\n\n<p class=\"has-text-align-center has-large-font-size\"><strong>Pr\u00e9sentations et d\u00e9bats<\/strong><\/p>\n\n\n\n<p><a href=\"https:\/\/asaprevolution.net\/index.php\/2022\/05\/06\/programme-mai-juin-2022\/\" target=\"_blank\" rel=\"noreferrer noopener\">Pr\u00e9sentation<\/a>, le 25 mai 2022, \u00e0 18h30 au local ASAP R\u00e9volution \u00e0 Rennes<\/p>\n\n\n\n<p><a rel=\"noreferrer noopener\" href=\"https:\/\/iremmo.org\/model\/programme-2022\/\" target=\"_blank\">D\u00e9dicace<\/a>, le 13 mai 2022 \u00e0 17h45 au Maghreb-Orient des livres : 3, rue de Lobau, Paris 75004.<\/p>\n\n\n\n<p><a rel=\"noreferrer noopener\" href=\"https:\/\/ladm.noblogs.org\/post\/author\/stnazaire\/\" target=\"_blank\">Pr\u00e9sentation<\/a>, le 12 mars 2022 \u00e0 16h au local autog\u00e9r\u00e9 \u00ab\u00a0Les ami.e.s de May\u00a0\u00bb \/ \u00ab\u00a0Fernand Pelloutier\u00a0\u00bb : 25, boulevard de la Renaissance, 44600 Saint-Nazaire<\/p>\n\n\n\n<p><a href=\"https:\/\/sinedjib.com\/index.php\/2021\/10\/20\/dissidences-algeriennes-presentation-a-paris-mercredi-20-octobre-a-20h\/\">Pr\u00e9sentation<\/a>, le 20 octobre 2021 \u00e0 20h \u00e0 la librairie Quilombo : 23, rue Voltaire, Paris 75011.<\/p>\n\n\n\n<p><a href=\"https:\/\/sinedjib.com\/index.php\/2021\/10\/15\/dissidences-algeriennes-rencontre-a-ivry-sur-seine-vendredi-15-octobre-a-19h\/\">Rencontre<\/a>, le 15 octobre 2021 \u00e0 19h \u00e0 la maison de quartier Ivry-Port : 46, rue Jean-Jacques Rousseau 94200 Ivry-sur-Seine.<\/p>\n\n\n\n<p class=\"has-text-align-center has-large-font-size\"><strong>Recensions et critiques<\/strong><\/p>\n\n\n\n<p>\u00ab\u00a0Rassembler l&rsquo;h\u00e9ritage dissident\u00a0\u00bb, Litt\u00e9ralutte, 21 janvier 2022. <a href=\"https:\/\/www.litteralutte.com\/rassembler-lheritage-dissident\/\" target=\"_blank\" rel=\"noreferrer noopener\">En ligne<\/a><\/p>\n\n\n\n<p>\u00ab\u00a0Contestations dans l\u2019Alg\u00e9rie ind\u00e9pendante\u00a0\u00bb, recension parue sur le site Zones subversives, 11 novembre 2021. <a href=\"http:\/\/www.zones-subversives.com\/2021\/09\/contestations-dans-l-algerie-independante.html\" target=\"_blank\" rel=\"noreferrer noopener\">En ligne<\/a><\/p>\n\n\n\n<p>Recension de Sylvain Boulouque parue dans <em>Le Monde libertaire<\/em>, n\u00b0 1832, octobre 2021, p. 54 <\/p>\n\n\n\n<p class=\"has-text-align-center has-large-font-size\"><strong>Entretiens et m\u00e9dia<\/strong><\/p>\n\n\n\n<p>\u00ab\u00a0Nedjib Sidi Moussa&nbsp;: \u00ab&nbsp;L\u2019\u00e9chec du hirak en Alg\u00e9rie s\u2019explique par le recul du mouvement r\u00e9volutionnaire&nbsp;\u00bb\u00a0\u00bb, entretien accord\u00e9 \u00e0 Samia Lokmane, <em>Middle East Eye<\/em>, 29 octobre 2021. <a rel=\"noreferrer noopener\" href=\"https:\/\/www.middleeasteye.net\/fr\/entretiens\/algerie-hirak-gauche-revolutionnaire-dissidences-algeriennes-nedjib-sidi-moussa-histoire\" target=\"_blank\">En ligne<\/a><\/p>\n\n\n\n<p><a href=\"https:\/\/sinedjib.com\/index.php\/2021\/08\/29\/invitation-a-lemission-trous-noirs-lundi-30-aout-a-16h\/\">Invitation<\/a> \u00e0 l&rsquo;\u00e9mission \u00ab\u00a0Trous noirs\u00a0\u00bb, Radio libertaire, 30 ao\u00fbt 2021. <a rel=\"noreferrer noopener\" href=\"https:\/\/trousnoirs-radio-libertaire.org\/sons\/493_30aout2021.mp3\" target=\"_blank\">En ligne<\/a><\/p>\n\n\n\n<p class=\"has-text-align-center has-large-font-size\"><strong>Articles et \u00e9vocations<\/strong><\/p>\n\n\n\n<p>Emmanuel Alcaraz, <em>Histoire de l&rsquo;Alg\u00e9rie et de ses m\u00e9moires, des origines au Hirak<\/em>, Paris, Karthala, 2021<\/p>\n\n\n\n<p>Ali Boukhlef, \u00ab\u00a0Le naufrage de la gauche r\u00e9volutionnaire alg\u00e9rienne\u00a0\u00bb, <em>Middle East Eye<\/em>, 18 novembre 2021. <a rel=\"noreferrer noopener\" href=\"https:\/\/www.middleeasteye.net\/fr\/decryptages\/algerie-gauche-naufrage-pags-mds-pca-pt-hirak-politique-partis-elections-locales\" target=\"_blank\">En ligne<\/a><\/p>\n\n\n\n<p>Farid Belgacem, dans la rubrique RADAR de <em>Libert\u00e9<\/em>, 17 juillet 2021. <a href=\"https:\/\/www.liberte-algerie.com\/radar\/dissidences-algeriennes-une-anthologie-de-l-independance-au-hirak-en-librairie-362115\" target=\"_blank\" rel=\"noreferrer noopener\">En ligne<\/a><\/p>\n\n\n\n<p>\u00ab\u00a0<a href=\"https:\/\/sinedjib.com\/index.php\/2021\/06\/16\/dissidences-algeriennes-en-librairie-le-16-juillet-les-bonnes-feuilles-dans-la-revolution-proletarienne\/\">Bonnes feuilles<\/a>\u00a0\u00bb publi\u00e9es dans <em>La R\u00e9volution prol\u00e9tarienne<\/em>, n\u00b0 813, juin 2021, p. 24-25<\/p>\n\n\n\n<p><a href=\"https:\/\/sinedjib.com\/index.php\/2021\/04\/21\/emeutes-en-kabylie-et-dans-le-reste-de-lalgerie-au-printemps-2001\/\">\u00ab&nbsp;\u00c9meutes en Kabylie et dans le reste de l\u2019Alg\u00e9rie au printemps 2001&nbsp;\u00bb<\/a>, textes in\u00e9dits publi\u00e9s pour le blog <em>Des nouvelles du front<\/em>, 20 avril 2021. <a href=\"http:\/\/dndf.org\/?p=19491\" target=\"_blank\" rel=\"noreferrer noopener\">En ligne<\/a><\/p>\n","protected":false},"excerpt":{"rendered":"<p>Suite \u00e0 la parution de mon quatri\u00e8me livre&nbsp;Dissidences alg\u00e9riennes. Une anthologie, de l&rsquo;ind\u00e9pendance au hirak (\u00e9ditions de l&rsquo;Asym\u00e9trie, 2021), cette page en recense les pr\u00e9sentations,&nbsp;recensions, entretiens ou&nbsp;\u00e9vocations. Pour commander cet ouvrage, cliquez sur ce lien. Pr\u00e9sentations et d\u00e9bats Pr\u00e9sentation, le 25 mai 2022, \u00e0 18h30 au local ASAP R\u00e9volution \u00e0 Rennes D\u00e9dicace, le 13 mai [&hellip;]<\/p>\n","protected":false},"author":1,"featured_media":0,"parent":0,"menu_order":0,"comment_status":"closed","ping_status":"closed","template":"","meta":{"jetpack_post_was_ever_published":false,"footnotes":""},"class_list":["post-14477","page","type-page","status-publish","hentry"],"jetpack_sharing_enabled":true,"jetpack_shortlink":"https:\/\/wp.me\/P9lTYU-3Lv","jetpack_likes_enabled":true,"jetpack-related-posts":[{"id":9561,"url":"https:\/\/sinedjib.com\/index.php\/mes-livres\/","url_meta":{"origin":14477,"position":0},"title":"Mes livres","author":"SiNedjib","date":"17\/08\/2020","format":false,"excerpt":"Le Spectre du colonialisme, Paris, L'\u00e9chapp\u00e9e, 2026Commander Le Rempla\u00e7ant. Journal d'un prof (pr\u00e9caire) de banlieue, Paris, L'\u00e9chapp\u00e9e, 2023CommanderEchos Histoire alg\u00e9rienne de la France. Une centralit\u00e9 refoul\u00e9e, de 1962 \u00e0 nos jours, Paris, PUF, 2022CommanderEchos Coordination du dossier \"1962-2022\/Alg\u00e9rie. Plus que jamais, rouvrir un avenir \u00e0 la r\u00e9volution\", ContreTemps, n\u00b0 54,\u2026","rel":"","context":"Article similaire","block_context":{"text":"Article similaire","link":""},"img":{"alt_text":"","src":"https:\/\/i0.wp.com\/sinedjib.com\/wp-content\/uploads\/2025\/12\/LE-SPECTRE-DU-COLONIALISME-Couv.jpg?resize=350%2C200&ssl=1","width":350,"height":200,"srcset":"https:\/\/i0.wp.com\/sinedjib.com\/wp-content\/uploads\/2025\/12\/LE-SPECTRE-DU-COLONIALISME-Couv.jpg?resize=350%2C200&ssl=1 1x, https:\/\/i0.wp.com\/sinedjib.com\/wp-content\/uploads\/2025\/12\/LE-SPECTRE-DU-COLONIALISME-Couv.jpg?resize=525%2C300&ssl=1 1.5x"},"classes":[]},{"id":9568,"url":"https:\/\/sinedjib.com\/index.php\/algerie-echos\/","url_meta":{"origin":14477,"position":1},"title":"Alg\u00e9rie, une autre histoire de l&rsquo;ind\u00e9pendance : \u00e9chos","author":"SiNedjib","date":"17\/08\/2020","format":false,"excerpt":"Suite \u00e0 la parution de mon second livre\u00a0Alg\u00e9rie, une autre histoire de l'ind\u00e9pendance (Paris, PUF et Alger, Barzakh, 2019), cette page en recense les pr\u00e9sentations,\u00a0recensions, entretiens ou\u00a0\u00e9vocations.Pour commander cet ouvrage, cliquez sur ce\u00a0lien Pr\u00e9sentations et d\u00e9bats Pr\u00e9sentation, le 8 mars 2020 \u00e0 15h au local\u00a0Camarade\u00a0: 54, boulevard D\u00e9odat de S\u00e9verac\u2026","rel":"","context":"Article similaire","block_context":{"text":"Article similaire","link":""},"img":{"alt_text":"","src":"https:\/\/i0.wp.com\/sinedjib.com\/wp-content\/uploads\/2019\/01\/Alg%C3%A9rie-une-autre-histoire-de-lind%C3%A9pendance.jpg?resize=350%2C200&ssl=1","width":350,"height":200},"classes":[]},{"id":9606,"url":"https:\/\/sinedjib.com\/index.php\/litterature-critique-sociale\/","url_meta":{"origin":14477,"position":2},"title":"Litt\u00e9rature, po\u00e9sie et critique sociale","author":"SiNedjib","date":"17\/08\/2020","format":false,"excerpt":"\u00ab\u00a0Quelques r\u00e9flexions sur la S\u00e9paration des \u00c9glises et de l\u2019\u00c9tat\u00a0\u00bb et \u00ab\u00a0Hommage \u00e0 Mohammed Harbi\u00a0\u00bb, n\u00b0 832, La R\u00e9volution prol\u00e9tarienne, mars 2026 \u00ab\u00a0Socialisme, immigration et racisme\u00a0\u00bb,\u00a0Courant alternatif, n\u00b0 358, mars 2026. En ligne \u00ab Hypocrisie fran\u00e7aise \u00bb, Cercle des ami.e.s de l'A.I.T. de Montr\u00e9al, 26 f\u00e9vrier 2026. En ligne \"What\u2026","rel":"","context":"Article similaire","block_context":{"text":"Article similaire","link":""},"img":{"alt_text":"","src":"https:\/\/i0.wp.com\/sinedjib.com\/wp-content\/uploads\/2026\/03\/Une-de-RP-832-1024x1448-1.jpg?resize=350%2C200&ssl=1","width":350,"height":200,"srcset":"https:\/\/i0.wp.com\/sinedjib.com\/wp-content\/uploads\/2026\/03\/Une-de-RP-832-1024x1448-1.jpg?resize=350%2C200&ssl=1 1x, https:\/\/i0.wp.com\/sinedjib.com\/wp-content\/uploads\/2026\/03\/Une-de-RP-832-1024x1448-1.jpg?resize=525%2C300&ssl=1 1.5x, https:\/\/i0.wp.com\/sinedjib.com\/wp-content\/uploads\/2026\/03\/Une-de-RP-832-1024x1448-1.jpg?resize=700%2C400&ssl=1 2x"},"classes":[]},{"id":9596,"url":"https:\/\/sinedjib.com\/index.php\/diffusion-recherche\/","url_meta":{"origin":14477,"position":3},"title":"Diffusion de la recherche et autres articles","author":"SiNedjib","date":"17\/08\/2020","format":false,"excerpt":"\"\u00c9crivains alg\u00e9riens d\u2019expression fran\u00e7aise\u00a0: de la conqu\u00eate coloniale aux guerres culturelles\", Moyen-Orient, n\u00b0 69, janvier-mars 2026, p. 60-63 \"In memoriam Mohammed Harbi (1933-2026)\", Histoire coloniale et postcoloniale, 3 janvier 2026. En ligne[traduit en anglais par Adam Novak pour Europe solidaire sans fronti\u00e8res.\u00a0En ligne] \"Comment la d\u00e9colonisation de l'Alg\u00e9rie fa\u00e7onne les\u2026","rel":"","context":"Article similaire","block_context":{"text":"Article similaire","link":""},"img":{"alt_text":"","src":"https:\/\/i0.wp.com\/sinedjib.com\/wp-content\/uploads\/2026\/01\/moyen-Orient-2026.jpg?resize=350%2C200&ssl=1","width":350,"height":200,"srcset":"https:\/\/i0.wp.com\/sinedjib.com\/wp-content\/uploads\/2026\/01\/moyen-Orient-2026.jpg?resize=350%2C200&ssl=1 1x, https:\/\/i0.wp.com\/sinedjib.com\/wp-content\/uploads\/2026\/01\/moyen-Orient-2026.jpg?resize=525%2C300&ssl=1 1.5x"},"classes":[]},{"id":8266,"url":"https:\/\/sinedjib.com\/index.php\/medias\/","url_meta":{"origin":14477,"position":4},"title":"M\u00e9dias","author":"SiNedjib","date":"06\/05\/2020","format":false,"excerpt":"Cette page recense les articles ou r\u00e9alisations faisant \u00e9cho \u00e0 mes publications et interventions ainsi que mes entretiens accord\u00e9s aux m\u00e9dias, \u00e0 l'exception de ceux concernant mes livres. Rokeya Ayman Saad, \"Boualem Sansal : l\u2019\u00e9crivain de toutes les controverses\", Al-Ahram Hebdo, 1er avril 2026. En ligne Loris Gu\u00e9mart et Pauline\u2026","rel":"","context":"Article similaire","block_context":{"text":"Article similaire","link":""},"img":{"alt_text":"","src":"https:\/\/i0.wp.com\/sinedjib.com\/wp-content\/uploads\/2026\/01\/RFI-750x430-1.jpg?resize=350%2C200&ssl=1","width":350,"height":200,"srcset":"https:\/\/i0.wp.com\/sinedjib.com\/wp-content\/uploads\/2026\/01\/RFI-750x430-1.jpg?resize=350%2C200&ssl=1 1x, https:\/\/i0.wp.com\/sinedjib.com\/wp-content\/uploads\/2026\/01\/RFI-750x430-1.jpg?resize=525%2C300&ssl=1 1.5x, https:\/\/i0.wp.com\/sinedjib.com\/wp-content\/uploads\/2026\/01\/RFI-750x430-1.jpg?resize=700%2C400&ssl=1 2x"},"classes":[]},{"id":9601,"url":"https:\/\/sinedjib.com\/index.php\/recensions-comptes-rendus\/","url_meta":{"origin":14477,"position":5},"title":"Recensions, comptes-rendus et notes de lecture","author":"SiNedjib","date":"17\/08\/2020","format":false,"excerpt":"\u00ab Le FLN, mirage et r\u00e9alit\u00e9 \u00bb, ContreTemps. Revue de critique communiste, n\u00b0 67, octobre 2025[\u00e0 propos de Mohammed Harbi, Le FLN, mirage et r\u00e9alit\u00e9, Paris, Syllepse, 2024] \"Le proc\u00e8s Papon\", La R\u00e9volution prol\u00e9tarienne, n\u00b0 830, septembre 2025[\u00e0 propos de Jean-Jacques Gandini, Le proc\u00e8s Papon, Lorient, Le Passager clandestin, 2025]\u2026","rel":"","context":"Article similaire","block_context":{"text":"Article similaire","link":""},"img":{"alt_text":"","src":"https:\/\/i0.wp.com\/sinedjib.com\/wp-content\/uploads\/2025\/12\/FLN-mirage-2.jpg?resize=350%2C200&ssl=1","width":350,"height":200,"srcset":"https:\/\/i0.wp.com\/sinedjib.com\/wp-content\/uploads\/2025\/12\/FLN-mirage-2.jpg?resize=350%2C200&ssl=1 1x, https:\/\/i0.wp.com\/sinedjib.com\/wp-content\/uploads\/2025\/12\/FLN-mirage-2.jpg?resize=525%2C300&ssl=1 1.5x, https:\/\/i0.wp.com\/sinedjib.com\/wp-content\/uploads\/2025\/12\/FLN-mirage-2.jpg?resize=700%2C400&ssl=1 2x"},"classes":[]}],"_links":{"self":[{"href":"https:\/\/sinedjib.com\/index.php\/wp-json\/wp\/v2\/pages\/14477","targetHints":{"allow":["GET"]}}],"collection":[{"href":"https:\/\/sinedjib.com\/index.php\/wp-json\/wp\/v2\/pages"}],"about":[{"href":"https:\/\/sinedjib.com\/index.php\/wp-json\/wp\/v2\/types\/page"}],"author":[{"embeddable":true,"href":"https:\/\/sinedjib.com\/index.php\/wp-json\/wp\/v2\/users\/1"}],"replies":[{"embeddable":true,"href":"https:\/\/sinedjib.com\/index.php\/wp-json\/wp\/v2\/comments?post=14477"}],"version-history":[{"count":9,"href":"https:\/\/sinedjib.com\/index.php\/wp-json\/wp\/v2\/pages\/14477\/revisions"}],"predecessor-version":[{"id":16820,"href":"https:\/\/sinedjib.com\/index.php\/wp-json\/wp\/v2\/pages\/14477\/revisions\/16820"}],"wp:attachment":[{"href":"https:\/\/sinedjib.com\/index.php\/wp-json\/wp\/v2\/media?parent=14477"}],"curies":[{"name":"wp","href":"https:\/\/api.w.org\/{rel}","templated":true}]}}