{"id":14705,"date":"2021-11-11T10:43:19","date_gmt":"2021-11-11T09:43:19","guid":{"rendered":"https:\/\/sinedjib.com\/?page_id=14705"},"modified":"2022-10-31T10:57:25","modified_gmt":"2022-10-31T09:57:25","slug":"le-monde-libertaire","status":"publish","type":"page","link":"https:\/\/sinedjib.com\/index.php\/le-monde-libertaire\/","title":{"rendered":"Le Monde libertaire"},"content":{"rendered":"\n<div class=\"wp-block-media-text alignwide is-stacked-on-mobile is-image-fill\"><figure class=\"wp-block-media-text__media\" style=\"background-image:url(https:\/\/sinedjib.com\/wp-content\/uploads\/2021\/05\/Le-Monde-libertaire-fevrier-1964.png);background-position:56.00000000000001% 13%\"><img data-recalc-dims=\"1\" loading=\"lazy\" decoding=\"async\" width=\"580\" height=\"481\" data-attachment-id=\"12427\" data-permalink=\"https:\/\/sinedjib.com\/index.php\/2021\/05\/04\/il-y-a-quatre-ans-camus\/le-monde-libertaire-fevrier-1964\/\" data-orig-file=\"https:\/\/i0.wp.com\/sinedjib.com\/wp-content\/uploads\/2021\/05\/Le-Monde-libertaire-fevrier-1964.png?fit=718%2C595&amp;ssl=1\" data-orig-size=\"718,595\" data-comments-opened=\"1\" data-image-meta=\"{&quot;aperture&quot;:&quot;0&quot;,&quot;credit&quot;:&quot;&quot;,&quot;camera&quot;:&quot;&quot;,&quot;caption&quot;:&quot;&quot;,&quot;created_timestamp&quot;:&quot;0&quot;,&quot;copyright&quot;:&quot;&quot;,&quot;focal_length&quot;:&quot;0&quot;,&quot;iso&quot;:&quot;0&quot;,&quot;shutter_speed&quot;:&quot;0&quot;,&quot;title&quot;:&quot;&quot;,&quot;orientation&quot;:&quot;0&quot;}\" data-image-title=\"Le-Monde-libertaire-fevrier-1964\" data-image-description=\"\" data-image-caption=\"\" data-large-file=\"https:\/\/i0.wp.com\/sinedjib.com\/wp-content\/uploads\/2021\/05\/Le-Monde-libertaire-fevrier-1964.png?fit=580%2C481&amp;ssl=1\" src=\"https:\/\/i0.wp.com\/sinedjib.com\/wp-content\/uploads\/2021\/05\/Le-Monde-libertaire-fevrier-1964.png?resize=580%2C481&#038;ssl=1\" alt=\"\" class=\"wp-image-12427 size-full\" srcset=\"https:\/\/i0.wp.com\/sinedjib.com\/wp-content\/uploads\/2021\/05\/Le-Monde-libertaire-fevrier-1964.png?w=718&amp;ssl=1 718w, https:\/\/i0.wp.com\/sinedjib.com\/wp-content\/uploads\/2021\/05\/Le-Monde-libertaire-fevrier-1964.png?resize=300%2C249&amp;ssl=1 300w\" sizes=\"auto, (max-width: 580px) 100vw, 580px\" \/><\/figure><div class=\"wp-block-media-text__content\">\n<p class=\"has-large-font-size\"><strong>Cette page recense les 24 articles du <em>Monde libertaire<\/em> publi\u00e9s sur ce site depuis le 29 avril 2021. L\u2019organe de la <a rel=\"noreferrer noopener\" href=\"https:\/\/www.federation-anarchiste.org\/\" target=\"_blank\">F\u00e9d\u00e9ration anarchiste<\/a> a \u00e9t\u00e9 lanc\u00e9 en octobre 1954.<\/strong><\/p>\n<\/div><\/div>\n\n\n\n<p>Maurice Joyeux, \u00ab\u00a0Acte de naissance de la litt\u00e9rature nord-africaine. Le journal (1955-1962) de Mouloud Feraoun est surtout le cri d\u2019un juste\u00a0\u00bb, paru dans <em>Le Monde libertaire<\/em>, n\u00b0 86, janvier 1963. <a href=\"https:\/\/sinedjib.com\/index.php\/2022\/09\/03\/maurice-joyeux-le-journal-1955-1962-de-mouloud-feraoun\/\">Lien<\/a><\/p>\n\n\n\n<p>F. C., \u00ab&nbsp;Il y a quatre ans : Camus&nbsp;\u00bb, paru dans&nbsp;<em>Le Monde libertaire<\/em>,&nbsp;n\u00b0 98, f\u00e9vrier 1964. <a href=\"https:\/\/sinedjib.com\/index.php\/2021\/05\/04\/il-y-a-quatre-ans-camus\/\">Lien<\/a><\/p>\n\n\n\n<p>Maurice Joyeux, \u00ab\u00a0Les tortur\u00e9s d\u2019El Harrach, (Pr\u00e9face d\u2019Henri Alleg)\u00a0\u00bb, paru dans <em>Le Monde libertaire<\/em>, n\u00b0 122, mai 1966. <a href=\"https:\/\/sinedjib.com\/index.php\/2022\/09\/07\/maurice-joyeux-les-tortures-del-harrach\/\">Lien<\/a><\/p>\n\n\n\n<p>Montserrat, \u00ab&nbsp;Retour d\u2019Alg\u00e9rie&nbsp;\u00bb, paru dans&nbsp;<em>Le Monde libertaire<\/em>, n\u00b0 132, mai 1967. <a href=\"https:\/\/sinedjib.com\/index.php\/2021\/04\/29\/montserrat-retour-dalgerie\/\">Lien<\/a><\/p>\n\n\n\n<p>Marie-Madeleine Hermet, \u00ab&nbsp;Les troubles en Iran. R\u00e9volution, Islam et socialisme&nbsp;\u00bb, paru dans <em>Le Monde libertaire<\/em>, n\u00b0 279, 14 septembre 1978. <a href=\"https:\/\/sinedjib.com\/index.php\/2021\/11\/04\/marie-madeleine-hermet-les-troubles-en-iran-revolution-islam-et-socialisme\/\">Lien<\/a><\/p>\n\n\n\n<p>H\u00e9l\u00e8ne Varelin, \u00ab&nbsp;La manifestation parisienne contre la r\u00e9pression en Iran. Indignations officielles, pri\u00e8res et j\u00e9r\u00e9miades&nbsp;\u00bb, paru dans <em>Le Monde libertaire<\/em>, n\u00b0 280, 21 septembre 1978. <a href=\"https:\/\/sinedjib.com\/index.php\/2021\/11\/06\/helene-varelin-la-manifestation-parisienne-contre-la-repression-en-iran-indignations-officielles-prieres-et-jeremiades\/\">Lien<\/a><\/p>\n\n\n\n<p>Alain Sauvage, \u00ab&nbsp;Iran. Un peuple en marche, mais vers quoi ?&nbsp;\u00bb, paru dans <em>Le Monde libertaire<\/em>, n\u00b0 295, 4 janvier 1979. <a href=\"https:\/\/sinedjib.com\/index.php\/2021\/11\/08\/alain-sauvage-iran-un-peuple-en-marche-mais-vers-quoi\/\">Lien<\/a><\/p>\n\n\n\n<p>Rahsepar, \u00ab\u00a0Iran, d\u2019hier \u00e0 aujourd\u2019hui\u00a0\u00bb, paru dans <em>Le Monde libertaire<\/em>, n\u00b0 333, 22 novembre 1979. <a href=\"https:\/\/sinedjib.com\/index.php\/2021\/11\/10\/rahsepar-iran-dhier-a-aujourdhui\/\">Lien<\/a><\/p>\n\n\n\n<p>Maho-Tope, \u00ab\u00a0A propos d\u2019une campagne d\u2019assainissement en Alg\u00e9rie\u00a0\u00bb, paru dans <em>Le Monde libertaire<\/em>, n\u00b0 334, 29 novembre 1979. <a href=\"https:\/\/sinedjib.com\/index.php\/2021\/12\/04\/maho-tope-a-propos-dune-campagne-dassainissement-en-algerie\/\">Lien<\/a><\/p>\n\n\n\n<p>Maurice Joyeux, \u00ab\u00a0Quand l\u2019Alg\u00e9rie s\u2019insurgeait, par D. Gu\u00e9rin, Ed. La Pens\u00e9e Sauvage\u00a0\u00bb, paru dans <em>Le Monde libertaire<\/em>, n\u00b0 352, 3 avril 1980. <a href=\"https:\/\/sinedjib.com\/index.php\/2022\/09\/12\/maurice-joyeux-quand-lalgerie-sinsurgeait-par-d-guerin\/\">Lien<\/a><\/p>\n\n\n\n<p>M.C.L., \u00ab\u00a0L\u2019esprit d\u2019ind\u00e9pendance 1942-1952, de Hocine A\u00eft Ahmed\u00a0\u00bb, paru dans <em>Le Monde libertaire<\/em>, n\u00b0 519, 23 f\u00e9vrier 1984. <a href=\"https:\/\/sinedjib.com\/index.php\/2022\/09\/05\/lesprit-dindependance-1942-1952-de-hocine-ait-ahmed\/\">Lien<\/a><\/p>\n\n\n\n<p>Jean-Claude, \u00ab\u00a0Alg\u00e9rie 1979, \u00e0 droite toute !\u00a0\u00bb, paru dans <em>Le Monde libertaire<\/em>, n\u00b0 588, 28 mars 1985. <a href=\"https:\/\/sinedjib.com\/index.php\/2022\/10\/30\/jean-claude-algerie-1979-a-droite-toute\/\">Lien<\/a><\/p>\n\n\n\n<p>Jean-Claude, \u00ab\u00a0Alg\u00e9rie, l\u2019heure du bilan\u00a0\u00bb, paru dans <em>Le Monde libertaire<\/em>, n\u00b0 589, 4 avril 1985. <a href=\"https:\/\/sinedjib.com\/index.php\/2022\/10\/31\/jean-claude-algerie-lheure-du-bilan\/\">Lien<\/a><\/p>\n\n\n\n<p>Jean-Paul Rocher, \u00ab\u00a0Offense \u00e0 pr\u00e9sident\u00a0\u00bb, paru dans <em>Le Monde libertaire<\/em>, n\u00b0 584, 12 septembre 1985. <a href=\"https:\/\/sinedjib.com\/index.php\/2021\/12\/06\/jean-paul-rocher-offense-a-president\/\">Lien<\/a><\/p>\n\n\n\n<p>Brahim, \u00ab\u00a0Alg\u00e9rie. A propos des \u00e9meutes de Constantine\u00a0\u00bb, paru dans <em>Le Monde libertaire<\/em>, n\u00b0 652, 26 f\u00e9vrier 1987. <a href=\"https:\/\/sinedjib.com\/index.php\/2021\/11\/26\/brahim-a-propos-des-emeutes-de-constantine\/\">Lien<\/a><\/p>\n\n\n\n<p>Yves B., \u00ab\u00a0Chester Himes, une conscience noire\u00a0\u00bb, paru dans <em>Le Monde libertaire<\/em>, n\u00b0 678, 22 octobre 1987. <a href=\"https:\/\/sinedjib.com\/index.php\/2021\/11\/29\/yves-b-chester-himes-une-conscience-noire\/\">Lien<\/a><\/p>\n\n\n\n<p>Imbra, \u00ab\u00a0Alg\u00e9rie. Une r\u00e9volte apparemment soudaine\u2026\u00a0\u00bb, paru dans <em>Le Monde libertaire<\/em> n\u00b0 722, 20 octobre 1988. <a href=\"https:\/\/sinedjib.com\/index.php\/2021\/11\/24\/imbra-algerie-une-revolte-apparemment-soudaine\/\">Lien<\/a><\/p>\n\n\n\n<p>Nordine, \u00ab\u00a0Alg\u00e9rie. La peste ou le chol\u00e9ra\u00a0\u00bb, paru dans <em>Le Monde libertaire<\/em>, n\u00b0 833, 20 au 26 juin 1991. <a href=\"https:\/\/sinedjib.com\/index.php\/2021\/12\/08\/nordine-algerie-la-peste-ou-le-cholera\/\">Lien<\/a><\/p>\n\n\n\n<p>\u00ab\u00a0Regard sur un engagement pro-alg\u00e9rien : Maurienne le d\u00e9serteur du djebel\u00a0\u00bb, interview de Jean-Louis Hurst alias Maurienne r\u00e9alis\u00e9e par Sylvain Eischenfeld et publi\u00e9e dans <em>Le Monde libertaire<\/em>, n\u00b0 842, 24 au 30 octobre 1991. <a href=\"https:\/\/sinedjib.com\/index.php\/2022\/09\/08\/maurienne-le-deserteur-du-djebel\/\">Lien<\/a><\/p>\n\n\n\n<p>Nicole T., \u00ab\u00a0A propos de la guerre d\u2019Alg\u00e9rie. \u00ab&nbsp;La Guerre sans nom&nbsp;\u00bb, un film \u00e0 ne pas manquer\u00a0\u00bb, paru dans <em>Le Monde libertaire<\/em>, n\u00b0 865, 2 au 8 avril 1992. <a href=\"https:\/\/sinedjib.com\/index.php\/2022\/09\/10\/nicole-t-la-guerre-sans-nom\/\">Lien<\/a><\/p>\n\n\n\n<p>Sylvain Eischenfeld, \u00ab\u00a0De Dunkerque \u00e0 Tamanrasset, \u00ab&nbsp;Les Anticolonialistes&nbsp;\u00bb, J.-P. Biondi &amp; Gilles Morin \u2013 \u00e9d. Robert Laffont\u00a0\u00bb, paru dans <em>Le Monde libertaire<\/em>, n\u00b0 891, 3 au 9 d\u00e9cembre 1992. <a href=\"https:\/\/sinedjib.com\/index.php\/2022\/09\/17\/sylvain-eischenfeld-les-anticolonialistes-j-p-biondi-gilles-morin\/\">Lien<\/a><\/p>\n\n\n\n<p>Mato-Top\u00e9, \u00ab\u00a0Bab el Oued City, de Merzak Allouache\u00a0\u00bb, paru dans <em>Le Monde libertaire<\/em>, n\u00b0 978, 8 au 14 d\u00e9cembre 1994. <a href=\"https:\/\/sinedjib.com\/index.php\/2022\/09\/06\/mato-tope-bab-el-oued-city-de-merzak-allouache\/\">Lien<\/a><\/p>\n\n\n\n<p>Maylis O\u2019Brian, \u00ab\u00a0Les \u00e9gorgeurs, Benoist Rey\u00a0\u00bb, paru dans <em>Le Monde libertaire<\/em>, 30 septembre au 6 octobre 1999. <a href=\"https:\/\/sinedjib.com\/index.php\/2022\/09\/11\/maylis-obrian-les-egorgeurs-benoist-rey\/\">Lien<\/a><\/p>\n\n\n\n<p>\u00c9ditorial paru dans <em>Le Monde libertaire<\/em>, du 30 novembre au 6 d\u00e9cembre 2000. <a href=\"https:\/\/sinedjib.com\/index.php\/2022\/10\/26\/editorial-2\/\">Lien<\/a><\/p>\n","protected":false},"excerpt":{"rendered":"<p>Cette page recense les 24 articles du Monde libertaire publi\u00e9s sur ce site depuis le 29 avril 2021. L\u2019organe de la F\u00e9d\u00e9ration anarchiste a \u00e9t\u00e9 lanc\u00e9 en octobre 1954. Maurice Joyeux, \u00ab\u00a0Acte de naissance de la litt\u00e9rature nord-africaine. Le journal (1955-1962) de Mouloud Feraoun est surtout le cri d\u2019un juste\u00a0\u00bb, paru dans Le Monde libertaire, [&hellip;]<\/p>\n","protected":false},"author":1,"featured_media":0,"parent":0,"menu_order":0,"comment_status":"closed","ping_status":"closed","template":"","meta":{"jetpack_post_was_ever_published":false,"footnotes":""},"class_list":["post-14705","page","type-page","status-publish","hentry"],"jetpack_sharing_enabled":true,"jetpack_shortlink":"https:\/\/wp.me\/P9lTYU-3Pb","jetpack_likes_enabled":true,"jetpack-related-posts":[{"id":9606,"url":"https:\/\/sinedjib.com\/index.php\/litterature-critique-sociale\/","url_meta":{"origin":14705,"position":0},"title":"Litt\u00e9rature, po\u00e9sie et critique sociale","author":"SiNedjib","date":"17\/08\/2020","format":false,"excerpt":"\u00ab\u00a0Quelques r\u00e9flexions sur la S\u00e9paration des \u00c9glises et de l\u2019\u00c9tat\u00a0\u00bb et \u00ab\u00a0Hommage \u00e0 Mohammed Harbi\u00a0\u00bb, n\u00b0 832, La R\u00e9volution prol\u00e9tarienne, mars 2026 \u00ab\u00a0Socialisme, immigration et racisme\u00a0\u00bb,\u00a0Courant alternatif, n\u00b0 358, mars 2026. En ligne \u00ab Hypocrisie fran\u00e7aise \u00bb, Cercle des ami.e.s de l'A.I.T. de Montr\u00e9al, 26 f\u00e9vrier 2026. En ligne \"What\u2026","rel":"","context":"Article similaire","block_context":{"text":"Article similaire","link":""},"img":{"alt_text":"","src":"https:\/\/i0.wp.com\/sinedjib.com\/wp-content\/uploads\/2026\/03\/Une-de-RP-832-1024x1448-1.jpg?resize=350%2C200&ssl=1","width":350,"height":200,"srcset":"https:\/\/i0.wp.com\/sinedjib.com\/wp-content\/uploads\/2026\/03\/Une-de-RP-832-1024x1448-1.jpg?resize=350%2C200&ssl=1 1x, https:\/\/i0.wp.com\/sinedjib.com\/wp-content\/uploads\/2026\/03\/Une-de-RP-832-1024x1448-1.jpg?resize=525%2C300&ssl=1 1.5x, https:\/\/i0.wp.com\/sinedjib.com\/wp-content\/uploads\/2026\/03\/Une-de-RP-832-1024x1448-1.jpg?resize=700%2C400&ssl=1 2x"},"classes":[]},{"id":22345,"url":"https:\/\/sinedjib.com\/index.php\/index-des-publications\/","url_meta":{"origin":14705,"position":1},"title":"Index des publications","author":"SiNedjib","date":"17\/03\/2024","format":false,"excerpt":"Cette page pr\u00e9sente un index des publications (bulletins, journaux, revues, etc.) dont cinq textes \u2013 ou plus \u2013 ont \u00e9t\u00e9 retranscrits sur ce site depuis 2012. La liste sera progressivement compl\u00e9t\u00e9e avec l\u2019ensemble des autres r\u00e9f\u00e9rences. A Alarme ; Alger R\u00e9publicain ; Alternative libertaire ; Arguments ; B Le Bolch\u00e9vik\u2026","rel":"","context":"Article similaire","block_context":{"text":"Article similaire","link":""},"img":{"alt_text":"","src":"","width":0,"height":0},"classes":[]},{"id":21617,"url":"https:\/\/sinedjib.com\/index.php\/index-auteurs\/","url_meta":{"origin":14705,"position":2},"title":"Index des auteurs","author":"SiNedjib","date":"16\/03\/2024","format":false,"excerpt":"Cette page pr\u00e9sente un index des 34 auteurs dont 5 textes - ou plus - ont \u00e9t\u00e9 retranscrits sur ce site depuis 2013. La liste sera progressivement compl\u00e9t\u00e9e avec l'ensemble des contributeurs. AIT AHMED Hocine ; AMAZIT Idir ; BOUNANE Akli ; BOUSSEL Pierre (LAMBERT Pierre) ; BRETON Andr\u00e9 ;\u2026","rel":"","context":"Article similaire","block_context":{"text":"Article similaire","link":""},"img":{"alt_text":"","src":"","width":0,"height":0},"classes":[]},{"id":5917,"url":"https:\/\/sinedjib.com\/index.php\/ressources\/le-libertaire\/","url_meta":{"origin":14705,"position":3},"title":"Le Libertaire","author":"SiNedjib","date":"14\/06\/2019","format":false,"excerpt":"Cette page recense les 80 articles du Libertaire publi\u00e9s sur ce site depuis le 4 mai 2016. Le journal a \u00e9t\u00e9 lanc\u00e9 par Louise Michel et S\u00e9bastien Faure en 1895. Les num\u00e9ros sont consultables sur les sites RetroNews et Archives Autonomies. Antoine Antignac, \"La calomnie\", paru dans\u00a0Le Libertaire, 4e s\u00e9rie,\u2026","rel":"","context":"Article similaire","block_context":{"text":"Article similaire","link":""},"img":{"alt_text":"","src":"https:\/\/i0.wp.com\/sinedjib.com\/wp-content\/uploads\/2021\/05\/Le-Libertaire-12-janvier-1951.png?resize=350%2C200&ssl=1","width":350,"height":200},"classes":[]},{"id":9586,"url":"https:\/\/sinedjib.com\/index.php\/mes-textes\/","url_meta":{"origin":14705,"position":4},"title":"Mes textes","author":"SiNedjib","date":"17\/08\/2020","format":false,"excerpt":"Voici un aper\u00e7u de mes textes les plus r\u00e9cents : \u00ab\u00a0Quelques r\u00e9flexions sur la S\u00e9paration des \u00c9glises et de l\u2019\u00c9tat\u00a0\u00bb et \u00ab\u00a0Hommage \u00e0 Mohammed Harbi\u00a0\u00bb, n\u00b0 832, La R\u00e9volution prol\u00e9tarienne, mars 2026 \"Socialisme, immigration et racisme\", Courant alternatif, n\u00b0 358, mars 2026. En ligne \u00ab Hypocrisie fran\u00e7aise \u00bb, Cercle des\u2026","rel":"","context":"Article similaire","block_context":{"text":"Article similaire","link":""},"img":{"alt_text":"","src":"https:\/\/i0.wp.com\/sinedjib.com\/wp-content\/uploads\/2026\/03\/Une-de-RP-832-1024x1448-1.jpg?resize=350%2C200&ssl=1","width":350,"height":200,"srcset":"https:\/\/i0.wp.com\/sinedjib.com\/wp-content\/uploads\/2026\/03\/Une-de-RP-832-1024x1448-1.jpg?resize=350%2C200&ssl=1 1x, https:\/\/i0.wp.com\/sinedjib.com\/wp-content\/uploads\/2026\/03\/Une-de-RP-832-1024x1448-1.jpg?resize=525%2C300&ssl=1 1.5x, https:\/\/i0.wp.com\/sinedjib.com\/wp-content\/uploads\/2026\/03\/Une-de-RP-832-1024x1448-1.jpg?resize=700%2C400&ssl=1 2x"},"classes":[]},{"id":15214,"url":"https:\/\/sinedjib.com\/index.php\/alternative-libertaire\/","url_meta":{"origin":14705,"position":5},"title":"Alternative libertaire","author":"SiNedjib","date":"06\/01\/2022","format":false,"excerpt":"Cette page recense les 7 articles d'Alternative libertaire publi\u00e9s sur ce site depuis le 8 octobre 2021. Le journal des collectifs pour une Alternative libertaire a \u00e9t\u00e9 lanc\u00e9 en 1991. C'est aujourd'hui le mensuel de l'Union communiste libertaire. \"Entretien avec Cornelius Castoriadis\", paru dans Alternative libertaire, n\u00b0 3, 7 juin\u2026","rel":"","context":"Article similaire","block_context":{"text":"Article similaire","link":""},"img":{"alt_text":"","src":"https:\/\/i0.wp.com\/sinedjib.com\/wp-content\/uploads\/2021\/11\/Alternative-libertaire-7-juin-1991.png?resize=350%2C200&ssl=1","width":350,"height":200},"classes":[]}],"_links":{"self":[{"href":"https:\/\/sinedjib.com\/index.php\/wp-json\/wp\/v2\/pages\/14705","targetHints":{"allow":["GET"]}}],"collection":[{"href":"https:\/\/sinedjib.com\/index.php\/wp-json\/wp\/v2\/pages"}],"about":[{"href":"https:\/\/sinedjib.com\/index.php\/wp-json\/wp\/v2\/types\/page"}],"author":[{"embeddable":true,"href":"https:\/\/sinedjib.com\/index.php\/wp-json\/wp\/v2\/users\/1"}],"replies":[{"embeddable":true,"href":"https:\/\/sinedjib.com\/index.php\/wp-json\/wp\/v2\/comments?post=14705"}],"version-history":[{"count":7,"href":"https:\/\/sinedjib.com\/index.php\/wp-json\/wp\/v2\/pages\/14705\/revisions"}],"predecessor-version":[{"id":17342,"href":"https:\/\/sinedjib.com\/index.php\/wp-json\/wp\/v2\/pages\/14705\/revisions\/17342"}],"wp:attachment":[{"href":"https:\/\/sinedjib.com\/index.php\/wp-json\/wp\/v2\/media?parent=14705"}],"curies":[{"name":"wp","href":"https:\/\/api.w.org\/{rel}","templated":true}]}}