{"id":15214,"date":"2022-01-06T10:49:03","date_gmt":"2022-01-06T09:49:03","guid":{"rendered":"https:\/\/sinedjib.com\/?page_id=15214"},"modified":"2022-11-13T13:06:57","modified_gmt":"2022-11-13T12:06:57","slug":"alternative-libertaire","status":"publish","type":"page","link":"https:\/\/sinedjib.com\/index.php\/alternative-libertaire\/","title":{"rendered":"Alternative libertaire"},"content":{"rendered":"\n<div class=\"wp-block-media-text alignwide is-stacked-on-mobile is-image-fill\"><figure class=\"wp-block-media-text__media\" style=\"background-image:url(https:\/\/sinedjib.com\/wp-content\/uploads\/2021\/11\/Alternative-libertaire-7-juin-1991.png);background-position:55.00000000000001% 0%\"><img data-recalc-dims=\"1\" loading=\"lazy\" decoding=\"async\" width=\"483\" height=\"625\" data-attachment-id=\"14847\" data-permalink=\"https:\/\/sinedjib.com\/index.php\/2021\/11\/25\/entretien-avec-cornelius-castoriadis\/alternative-libertaire-7-juin-1991\/\" data-orig-file=\"https:\/\/i0.wp.com\/sinedjib.com\/wp-content\/uploads\/2021\/11\/Alternative-libertaire-7-juin-1991.png?fit=483%2C625&amp;ssl=1\" data-orig-size=\"483,625\" data-comments-opened=\"1\" data-image-meta=\"{&quot;aperture&quot;:&quot;0&quot;,&quot;credit&quot;:&quot;&quot;,&quot;camera&quot;:&quot;&quot;,&quot;caption&quot;:&quot;&quot;,&quot;created_timestamp&quot;:&quot;0&quot;,&quot;copyright&quot;:&quot;&quot;,&quot;focal_length&quot;:&quot;0&quot;,&quot;iso&quot;:&quot;0&quot;,&quot;shutter_speed&quot;:&quot;0&quot;,&quot;title&quot;:&quot;&quot;,&quot;orientation&quot;:&quot;0&quot;}\" data-image-title=\"Alternative-libertaire-7-juin-1991\" data-image-description=\"\" data-image-caption=\"\" data-large-file=\"https:\/\/i0.wp.com\/sinedjib.com\/wp-content\/uploads\/2021\/11\/Alternative-libertaire-7-juin-1991.png?fit=483%2C625&amp;ssl=1\" src=\"https:\/\/i0.wp.com\/sinedjib.com\/wp-content\/uploads\/2021\/11\/Alternative-libertaire-7-juin-1991.png?resize=483%2C625&#038;ssl=1\" alt=\"\" class=\"wp-image-14847 size-full\" srcset=\"https:\/\/i0.wp.com\/sinedjib.com\/wp-content\/uploads\/2021\/11\/Alternative-libertaire-7-juin-1991.png?w=483&amp;ssl=1 483w, https:\/\/i0.wp.com\/sinedjib.com\/wp-content\/uploads\/2021\/11\/Alternative-libertaire-7-juin-1991.png?resize=232%2C300&amp;ssl=1 232w\" sizes=\"auto, (max-width: 483px) 100vw, 483px\" \/><\/figure><div class=\"wp-block-media-text__content\">\n<p class=\"has-large-font-size\"><strong>Cette page recense les 7 articles d<em>&lsquo;Alternative libertaire<\/em> publi\u00e9s sur ce site depuis le 8 octobre 2021. Le journal des collectifs pour une Alternative libertaire a \u00e9t\u00e9 lanc\u00e9 en 1991. C&rsquo;est aujourd&rsquo;hui le mensuel de l&rsquo;<a rel=\"noreferrer noopener\" href=\"https:\/\/www.unioncommunistelibertaire.org\/\" target=\"_blank\">Union communiste libertaire<\/a>.<\/strong><\/p>\n<\/div><\/div>\n\n\n\n<p>\u00ab\u00a0Entretien avec Cornelius Castoriadis\u00a0\u00bb, paru dans <em>Alternative libertaire<\/em>, n\u00b0 3, 7 juin 1991. <a href=\"https:\/\/sinedjib.com\/index.php\/2021\/11\/25\/entretien-avec-cornelius-castoriadis\/\">Lien<\/a><\/p>\n\n\n\n<p>\u00ab\u00a0Il y a 30 ans, la fin de la guerre d\u2019Alg\u00e9rie : Dix-sept octobre 61\u00a0\u00bb, paru dans <em>Alternative libertaire<\/em>, n\u00b0 6, 1er f\u00e9vrier 1992, p. 8 et n\u00b0 7, mars 1992. <a href=\"https:\/\/sinedjib.com\/index.php\/2021\/10\/08\/il-y-a-30-ans-la-fin-de-la-guerre-dalgerie-dix-sept-octobre-61\/\">Lien<\/a><\/p>\n\n\n\n<p>\u00ab\u00a0Les femmes : enjeu politique de la crise alg\u00e9rienne\u00a0\u00bb, paru dans <em>Alternative libertaire<\/em>, n\u00b0 24, mai-juin 1994. <a href=\"https:\/\/sinedjib.com\/index.php\/2021\/10\/19\/les-femmes-enjeu-politique-de-la-crise-algerienne\/\">Lien<\/a><\/p>\n\n\n\n<p>L. S\u00e9minole, \u00ab\u00a0Guerre civile. L\u2019impasse alg\u00e9rienne\u00a0\u00bb, paru dans <em>Alternative libertaire<\/em>, n\u00b0 32, mars 1995. <a href=\"https:\/\/sinedjib.com\/index.php\/2021\/10\/24\/l-seminole-guerre-civile-limpasse-algerienne\/\">Lien<\/a><\/p>\n\n\n\n<p>Marco Sazzetti, \u00ab\u00a0Attentats. La logique de guerre est en marche\u00a0\u00bb, paru dans <em>Alternative libertaire<\/em>, n\u00b0 36, octobre 1995. <a href=\"https:\/\/sinedjib.com\/index.php\/2021\/10\/28\/marco-sazzetti-attentats-la-logique-de-guerre-est-en-marche\/\">Lien<\/a><\/p>\n\n\n\n<p>Afif, \u00ab\u00a0Les Qarmates, une exp\u00e9rience collectiviste en terre d\u2019islam\u00a0\u00bb, paru dans <em>Alternative libertaire<\/em>, n\u00b0 45, septembre 1996. <a href=\"https:\/\/sinedjib.com\/index.php\/2021\/12\/03\/afif-les-qarmates-une-experience-collectiviste-en-terre-dislam\/\">Lien<\/a><\/p>\n\n\n\n<p>Interview de Mohammed Harbi, \u00ab\u00a0La concorde civile alg\u00e9rienne est en panne\u00a0\u00bb, parue dans <em>Alternative libertaire<\/em>, n\u00b0 87, juin 2000. <a href=\"https:\/\/sinedjib.com\/index.php\/2022\/11\/13\/interview-de-mohammed-harbi-la-concorde-civile-algerienne-est-en-panne\/\">Lien<\/a><\/p>\n","protected":false},"excerpt":{"rendered":"<p>Cette page recense les 7 articles d&lsquo;Alternative libertaire publi\u00e9s sur ce site depuis le 8 octobre 2021. Le journal des collectifs pour une Alternative libertaire a \u00e9t\u00e9 lanc\u00e9 en 1991. C&rsquo;est aujourd&rsquo;hui le mensuel de l&rsquo;Union communiste libertaire. \u00ab\u00a0Entretien avec Cornelius Castoriadis\u00a0\u00bb, paru dans Alternative libertaire, n\u00b0 3, 7 juin 1991. Lien \u00ab\u00a0Il y a [&hellip;]<\/p>\n","protected":false},"author":1,"featured_media":0,"parent":0,"menu_order":0,"comment_status":"closed","ping_status":"closed","template":"","meta":{"jetpack_post_was_ever_published":false,"footnotes":""},"class_list":["post-15214","page","type-page","status-publish","hentry"],"jetpack_sharing_enabled":true,"jetpack_shortlink":"https:\/\/wp.me\/P9lTYU-3Xo","jetpack_likes_enabled":true,"jetpack-related-posts":[{"id":5917,"url":"https:\/\/sinedjib.com\/index.php\/ressources\/le-libertaire\/","url_meta":{"origin":15214,"position":0},"title":"Le Libertaire","author":"SiNedjib","date":"14\/06\/2019","format":false,"excerpt":"Cette page recense les 80 articles du Libertaire publi\u00e9s sur ce site depuis le 4 mai 2016. Le journal a \u00e9t\u00e9 lanc\u00e9 par Louise Michel et S\u00e9bastien Faure en 1895. Les num\u00e9ros sont consultables sur les sites RetroNews et Archives Autonomies. Antoine Antignac, \"La calomnie\", paru dans\u00a0Le Libertaire, 4e s\u00e9rie,\u2026","rel":"","context":"Article similaire","block_context":{"text":"Article similaire","link":""},"img":{"alt_text":"","src":"https:\/\/i0.wp.com\/sinedjib.com\/wp-content\/uploads\/2021\/05\/Le-Libertaire-12-janvier-1951.png?resize=350%2C200&ssl=1","width":350,"height":200},"classes":[]},{"id":14705,"url":"https:\/\/sinedjib.com\/index.php\/le-monde-libertaire\/","url_meta":{"origin":15214,"position":1},"title":"Le Monde libertaire","author":"SiNedjib","date":"11\/11\/2021","format":false,"excerpt":"Cette page recense les 24 articles du Monde libertaire publi\u00e9s sur ce site depuis le 29 avril 2021. L\u2019organe de la F\u00e9d\u00e9ration anarchiste a \u00e9t\u00e9 lanc\u00e9 en octobre 1954. Maurice Joyeux, \"Acte de naissance de la litt\u00e9rature nord-africaine. Le journal (1955-1962) de Mouloud Feraoun est surtout le cri d\u2019un juste\",\u2026","rel":"","context":"Article similaire","block_context":{"text":"Article similaire","link":""},"img":{"alt_text":"","src":"https:\/\/i0.wp.com\/sinedjib.com\/wp-content\/uploads\/2021\/05\/Le-Monde-libertaire-fevrier-1964.png?resize=350%2C200&ssl=1","width":350,"height":200,"srcset":"https:\/\/i0.wp.com\/sinedjib.com\/wp-content\/uploads\/2021\/05\/Le-Monde-libertaire-fevrier-1964.png?resize=350%2C200&ssl=1 1x, https:\/\/i0.wp.com\/sinedjib.com\/wp-content\/uploads\/2021\/05\/Le-Monde-libertaire-fevrier-1964.png?resize=525%2C300&ssl=1 1.5x, https:\/\/i0.wp.com\/sinedjib.com\/wp-content\/uploads\/2021\/05\/Le-Monde-libertaire-fevrier-1964.png?resize=700%2C400&ssl=1 2x"},"classes":[]},{"id":22345,"url":"https:\/\/sinedjib.com\/index.php\/index-des-publications\/","url_meta":{"origin":15214,"position":2},"title":"Index des publications","author":"SiNedjib","date":"17\/03\/2024","format":false,"excerpt":"Cette page pr\u00e9sente un index des publications (bulletins, journaux, revues, etc.) dont cinq textes \u2013 ou plus \u2013 ont \u00e9t\u00e9 retranscrits sur ce site depuis 2012. La liste sera progressivement compl\u00e9t\u00e9e avec l\u2019ensemble des autres r\u00e9f\u00e9rences. A Alarme ; Alger R\u00e9publicain ; Alternative libertaire ; Arguments ; B Le Bolch\u00e9vik\u2026","rel":"","context":"Article similaire","block_context":{"text":"Article similaire","link":""},"img":{"alt_text":"","src":"","width":0,"height":0},"classes":[]},{"id":14394,"url":"https:\/\/sinedjib.com\/index.php\/front-libertaire-des-luttes-de-classe\/","url_meta":{"origin":15214,"position":3},"title":"Front libertaire des luttes de classes","author":"SiNedjib","date":"17\/10\/2021","format":false,"excerpt":"Cette page recense les 9 articles de Front libertaire des luttes de classes publi\u00e9s sur ce site depuis le 29 septembre 2018. Ce journal \u00e9dit\u00e9 par l'Organisation r\u00e9volutionnaire anarchiste puis par l'Organisation communiste libertaire a paru de 1970 \u00e0 1979. Les num\u00e9ros sont t\u00e9l\u00e9chargeables sur le site Archives Autonomies. \"Palestine\",\u2026","rel":"","context":"Article similaire","block_context":{"text":"Article similaire","link":""},"img":{"alt_text":"","src":"https:\/\/i0.wp.com\/sinedjib.com\/wp-content\/uploads\/2023\/11\/Front-libertaire-des-luttes-de-classes-1970.png?resize=350%2C200&ssl=1","width":350,"height":200},"classes":[]},{"id":9606,"url":"https:\/\/sinedjib.com\/index.php\/litterature-critique-sociale\/","url_meta":{"origin":15214,"position":4},"title":"Litt\u00e9rature, po\u00e9sie et critique sociale","author":"SiNedjib","date":"17\/08\/2020","format":false,"excerpt":"\u00ab\u00a0Quelques r\u00e9flexions sur la S\u00e9paration des \u00c9glises et de l\u2019\u00c9tat\u00a0\u00bb et \u00ab\u00a0Hommage \u00e0 Mohammed Harbi\u00a0\u00bb, n\u00b0 832, La R\u00e9volution prol\u00e9tarienne, mars 2026 \u00ab\u00a0Socialisme, immigration et racisme\u00a0\u00bb,\u00a0Courant alternatif, n\u00b0 358, mars 2026. En ligne \u00ab Hypocrisie fran\u00e7aise \u00bb, Cercle des ami.e.s de l'A.I.T. de Montr\u00e9al, 26 f\u00e9vrier 2026. En ligne \"What\u2026","rel":"","context":"Article similaire","block_context":{"text":"Article similaire","link":""},"img":{"alt_text":"","src":"https:\/\/i0.wp.com\/sinedjib.com\/wp-content\/uploads\/2026\/03\/Une-de-RP-832-1024x1448-1.jpg?resize=350%2C200&ssl=1","width":350,"height":200,"srcset":"https:\/\/i0.wp.com\/sinedjib.com\/wp-content\/uploads\/2026\/03\/Une-de-RP-832-1024x1448-1.jpg?resize=350%2C200&ssl=1 1x, https:\/\/i0.wp.com\/sinedjib.com\/wp-content\/uploads\/2026\/03\/Une-de-RP-832-1024x1448-1.jpg?resize=525%2C300&ssl=1 1.5x, https:\/\/i0.wp.com\/sinedjib.com\/wp-content\/uploads\/2026\/03\/Une-de-RP-832-1024x1448-1.jpg?resize=700%2C400&ssl=1 2x"},"classes":[]},{"id":19693,"url":"https:\/\/sinedjib.com\/index.php\/le-remplacant-journal-dun-prof-precaire-de-banlieue\/","url_meta":{"origin":15214,"position":5},"title":"Le Rempla\u00e7ant. Journal d&rsquo;un prof (pr\u00e9caire) de banlieue","author":"SiNedjib","date":"05\/09\/2023","format":false,"excerpt":"Cette page est consacr\u00e9e \u00e0 mon sixi\u00e8me ouvrage, Le Rempla\u00e7ant. Journal d'un prof (pr\u00e9caire) de banlieue, l'\u00e9chapp\u00e9e, 2023.Pour le commander, cliquez sur ce lien. Discussion avec Fabien Lebrun aux Rencontres du Maquis pour l\u2019\u00e9mancipation, Minerve, 11 ao\u00fbt 2024 Participation au Maghreb des livres, 1er juin 2024, H\u00f4tel de ville de\u2026","rel":"","context":"Article similaire","block_context":{"text":"Article similaire","link":""},"img":{"alt_text":"","src":"https:\/\/i0.wp.com\/sinedjib.com\/wp-content\/uploads\/2023\/05\/LE-REMPLACANT-couv.jpg?resize=350%2C200&ssl=1","width":350,"height":200},"classes":[]}],"_links":{"self":[{"href":"https:\/\/sinedjib.com\/index.php\/wp-json\/wp\/v2\/pages\/15214","targetHints":{"allow":["GET"]}}],"collection":[{"href":"https:\/\/sinedjib.com\/index.php\/wp-json\/wp\/v2\/pages"}],"about":[{"href":"https:\/\/sinedjib.com\/index.php\/wp-json\/wp\/v2\/types\/page"}],"author":[{"embeddable":true,"href":"https:\/\/sinedjib.com\/index.php\/wp-json\/wp\/v2\/users\/1"}],"replies":[{"embeddable":true,"href":"https:\/\/sinedjib.com\/index.php\/wp-json\/wp\/v2\/comments?post=15214"}],"version-history":[{"count":2,"href":"https:\/\/sinedjib.com\/index.php\/wp-json\/wp\/v2\/pages\/15214\/revisions"}],"predecessor-version":[{"id":17423,"href":"https:\/\/sinedjib.com\/index.php\/wp-json\/wp\/v2\/pages\/15214\/revisions\/17423"}],"wp:attachment":[{"href":"https:\/\/sinedjib.com\/index.php\/wp-json\/wp\/v2\/media?parent=15214"}],"curies":[{"name":"wp","href":"https:\/\/api.w.org\/{rel}","templated":true}]}}