{"id":15221,"date":"2022-01-06T11:02:47","date_gmt":"2022-01-06T10:02:47","guid":{"rendered":"https:\/\/sinedjib.com\/?page_id=15221"},"modified":"2022-09-29T19:04:42","modified_gmt":"2022-09-29T17:04:42","slug":"cahiers-du-feminisme","status":"publish","type":"page","link":"https:\/\/sinedjib.com\/index.php\/cahiers-du-feminisme\/","title":{"rendered":"Cahiers du f\u00e9minisme"},"content":{"rendered":"\n<div class=\"wp-block-media-text alignwide is-stacked-on-mobile is-image-fill\"><figure class=\"wp-block-media-text__media\" style=\"background-image:url(https:\/\/sinedjib.com\/wp-content\/uploads\/2021\/11\/Cahiers-du-feminisme-mars-avril-1982.png);background-position:56.99999999999999% 0%\"><img data-recalc-dims=\"1\" loading=\"lazy\" decoding=\"async\" width=\"412\" height=\"557\" data-attachment-id=\"14611\" data-permalink=\"https:\/\/sinedjib.com\/index.php\/2021\/11\/05\/maghreb-une-victoire-provisoire-contre-le-statut-personnel\/cahiers-du-feminisme-mars-avril-1982\/\" data-orig-file=\"https:\/\/i0.wp.com\/sinedjib.com\/wp-content\/uploads\/2021\/11\/Cahiers-du-feminisme-mars-avril-1982.png?fit=412%2C557&amp;ssl=1\" data-orig-size=\"412,557\" data-comments-opened=\"1\" data-image-meta=\"{&quot;aperture&quot;:&quot;0&quot;,&quot;credit&quot;:&quot;&quot;,&quot;camera&quot;:&quot;&quot;,&quot;caption&quot;:&quot;&quot;,&quot;created_timestamp&quot;:&quot;0&quot;,&quot;copyright&quot;:&quot;&quot;,&quot;focal_length&quot;:&quot;0&quot;,&quot;iso&quot;:&quot;0&quot;,&quot;shutter_speed&quot;:&quot;0&quot;,&quot;title&quot;:&quot;&quot;,&quot;orientation&quot;:&quot;0&quot;}\" data-image-title=\"Cahiers-du-feminisme-mars-avril-1982\" data-image-description=\"\" data-image-caption=\"\" data-large-file=\"https:\/\/i0.wp.com\/sinedjib.com\/wp-content\/uploads\/2021\/11\/Cahiers-du-feminisme-mars-avril-1982.png?fit=412%2C557&amp;ssl=1\" src=\"https:\/\/i0.wp.com\/sinedjib.com\/wp-content\/uploads\/2021\/11\/Cahiers-du-feminisme-mars-avril-1982.png?resize=412%2C557&#038;ssl=1\" alt=\"\" class=\"wp-image-14611 size-full\" srcset=\"https:\/\/i0.wp.com\/sinedjib.com\/wp-content\/uploads\/2021\/11\/Cahiers-du-feminisme-mars-avril-1982.png?w=412&amp;ssl=1 412w, https:\/\/i0.wp.com\/sinedjib.com\/wp-content\/uploads\/2021\/11\/Cahiers-du-feminisme-mars-avril-1982.png?resize=222%2C300&amp;ssl=1 222w\" sizes=\"auto, (max-width: 412px) 100vw, 412px\" \/><\/figure><div class=\"wp-block-media-text__content\">\n<p class=\"has-large-font-size\"><strong>Cette page recense les 11 articles des <em><a rel=\"noreferrer noopener\" href=\"https:\/\/www.syllepse.net\/les-cahiers-du-feminisme-_r_76_i_484.html\" target=\"_blank\">Cahiers du f\u00e9minisme<\/a><\/em> publi\u00e9s sur ce site depuis le 5 novembre 2021. Cette revue soutenue par la Ligue communiste r\u00e9volutionnaire a paru de 1977 \u00e0 1998.<\/strong><\/p>\n<\/div><\/div>\n\n\n\n<p>\u00ab\u00a0Maghreb : Une victoire provisoire contre le statut personnel\u00a0\u00bb, <em>Cahiers du f\u00e9minisme<\/em>, n\u00b0 19, mars-avril 1982. <a href=\"https:\/\/sinedjib.com\/index.php\/2021\/11\/05\/maghreb-une-victoire-provisoire-contre-le-statut-personnel\/\">Lien<\/a><\/p>\n\n\n\n<p>H. M., \u00ab\u00a0Alg\u00e9rie. La mobilisation des femmes contre le projet de code de la famille\u00a0\u00bb, <em>Cahiers du f\u00e9minisme<\/em>, n\u00b0 25, juin-juillet 1983. <a href=\"https:\/\/sinedjib.com\/index.php\/2021\/11\/07\/h-m-algerie-la-mobilisation-des-femmes-contre-le-projet-de-code-de-la-famille\/\">Lien<\/a><\/p>\n\n\n\n<p>\u00ab\u00a0Alg\u00e9rie : levons le voile\u00a0\u00bb, <em>Cahiers du f\u00e9minisme<\/em>, n\u00b0 39, printemps 1987. <a href=\"https:\/\/sinedjib.com\/index.php\/2021\/11\/09\/algerie-levons-le-voile\/\">Lien<\/a><\/p>\n\n\n\n<p>Monique Gadant, \u00ab\u00a0Alg\u00e9riennes. De l\u2019imaginaire au r\u00e9el\u00a0\u00bb, <em>Cahiers du f\u00e9minisme<\/em>, n\u00b0 46 (11e ann\u00e9e), automne 1988. <a href=\"https:\/\/sinedjib.com\/index.php\/2022\/09\/29\/monique-gadant-algerienne-de-limaginaire-au-reel\/\">Lien<\/a><\/p>\n\n\n\n<p>\u00ab\u00a0Alg\u00e9rie : Les premiers pas du mouvement des femmes\u00a0\u00bb, <em>Cahiers du f\u00e9minisme<\/em>, n\u00b0 50, automne 1989. <a href=\"https:\/\/sinedjib.com\/index.php\/2021\/11\/13\/algerie-les-premiers-pas-du-mouvement-des-femmes\/\">Lien<\/a><\/p>\n\n\n\n<p>\u00ab\u00a0Alg\u00e9rie : les femmes en premi\u00e8re ligne\u00a0\u00bb, <em>Cahiers du f\u00e9minisme<\/em>, n\u00b0 53, \u00e9t\u00e9 1990. <a href=\"https:\/\/sinedjib.com\/index.php\/2021\/11\/15\/algerie-les-femmes-en-premiere-ligne\/\">Lien<\/a><\/p>\n\n\n\n<p>\u00ab\u00a0L\u2019Alg\u00e9rie entre mosqu\u00e9es et casernes\u00a0\u00bb, <em>Cahiers du f\u00e9minisme<\/em>, n\u00b0 58, automne 1991. <a href=\"https:\/\/sinedjib.com\/index.php\/2021\/11\/17\/lalgerie-entre-mosquees-et-casernes\/\">Lien<\/a><\/p>\n\n\n\n<p>\u00ab\u00a0Alg\u00e9rie : la mont\u00e9e des p\u00e9rils\u00a0\u00bb, <em>Cahiers du f\u00e9minisme<\/em>, n\u00b0 59-60, hiver 1991-printemps 1992. <a href=\"https:\/\/sinedjib.com\/index.php\/2021\/11\/20\/algerie-la-montee-des-perils\/\">Lien<\/a><\/p>\n\n\n\n<p>Monique Gadant, \u00ab\u00a0M\u00e9moires alg\u00e9riennes\u00a0\u00bb, <em>Cahiers du f\u00e9minisme<\/em>, n\u00b0 61, \u00e9t\u00e9 1992. <a href=\"https:\/\/sinedjib.com\/index.php\/2022\/09\/19\/monique-gadant-memoires-algeriennes\/\">Lien<\/a><\/p>\n\n\n\n<p>\u00ab\u00a0Alg\u00e9rie : l\u2019impasse\u00a0\u00bb, <em>Cahiers du f\u00e9minisme<\/em>, n\u00b0 67-68, hiver 1993-printemps 1994. <a href=\"https:\/\/sinedjib.com\/index.php\/2021\/11\/22\/algerie-limpasse\/\">Lien<\/a><\/p>\n\n\n\n<p>\u00ab\u00a0Alg\u00e9rie : Est-il possible de penser l\u2019avenir ?\u00a0\u00bb, <em>Cahiers du f\u00e9minisme<\/em>, n\u00b0 71-72, Hiver 1994\/Printemps 1995. <a href=\"https:\/\/sinedjib.com\/index.php\/2021\/12\/02\/algerie-est-il-possible-de-penser-lavenir\/\">Lien<\/a><\/p>\n","protected":false},"excerpt":{"rendered":"<p>Cette page recense les 11 articles des Cahiers du f\u00e9minisme publi\u00e9s sur ce site depuis le 5 novembre 2021. Cette revue soutenue par la Ligue communiste r\u00e9volutionnaire a paru de 1977 \u00e0 1998. \u00ab\u00a0Maghreb : Une victoire provisoire contre le statut personnel\u00a0\u00bb, Cahiers du f\u00e9minisme, n\u00b0 19, mars-avril 1982. Lien H. M., \u00ab\u00a0Alg\u00e9rie. La mobilisation [&hellip;]<\/p>\n","protected":false},"author":1,"featured_media":0,"parent":0,"menu_order":0,"comment_status":"closed","ping_status":"closed","template":"","meta":{"jetpack_post_was_ever_published":false,"footnotes":""},"class_list":["post-15221","page","type-page","status-publish","hentry"],"jetpack_sharing_enabled":true,"jetpack_shortlink":"https:\/\/wp.me\/P9lTYU-3Xv","jetpack_likes_enabled":true,"jetpack-related-posts":[{"id":22345,"url":"https:\/\/sinedjib.com\/index.php\/index-des-publications\/","url_meta":{"origin":15221,"position":0},"title":"Index des publications","author":"SiNedjib","date":"17\/03\/2024","format":false,"excerpt":"Cette page pr\u00e9sente un index des publications (bulletins, journaux, revues, etc.) dont cinq textes \u2013 ou plus \u2013 ont \u00e9t\u00e9 retranscrits sur ce site depuis 2012. La liste sera progressivement compl\u00e9t\u00e9e avec l\u2019ensemble des autres r\u00e9f\u00e9rences. A Alarme ; Alger R\u00e9publicain ; Alternative libertaire ; Arguments ; B Le Bolch\u00e9vik\u2026","rel":"","context":"Article similaire","block_context":{"text":"Article similaire","link":""},"img":{"alt_text":"","src":"","width":0,"height":0},"classes":[]},{"id":16665,"url":"https:\/\/sinedjib.com\/index.php\/realites-algeriennes\/","url_meta":{"origin":15221,"position":1},"title":"R\u00e9alit\u00e9s alg\u00e9riennes","author":"SiNedjib","date":"18\/07\/2022","format":false,"excerpt":"Cette page recense les 5 articles de R\u00e9alit\u00e9s alg\u00e9riennes publi\u00e9s sur ce site depuis le 18 juin 2022. Ce bulletin, \u00e9dit\u00e9 par le Mouvement national alg\u00e9rien, a paru de 1959 \u00e0 1962. \"L\u2019accord F.L.N.-O.A.S. : Il y a d\u2019autres r\u00e9conciliations \u00e0 faire !\", paru dans R\u00e9alit\u00e9s Alg\u00e9riennes, n\u00b0 23, juin\u2026","rel":"","context":"Article similaire","block_context":{"text":"Article similaire","link":""},"img":{"alt_text":"","src":"https:\/\/i0.wp.com\/sinedjib.com\/wp-content\/uploads\/2022\/06\/1962-06-Realites-23_00.jpg?resize=350%2C200&ssl=1","width":350,"height":200,"srcset":"https:\/\/i0.wp.com\/sinedjib.com\/wp-content\/uploads\/2022\/06\/1962-06-Realites-23_00.jpg?resize=350%2C200&ssl=1 1x, https:\/\/i0.wp.com\/sinedjib.com\/wp-content\/uploads\/2022\/06\/1962-06-Realites-23_00.jpg?resize=525%2C300&ssl=1 1.5x, https:\/\/i0.wp.com\/sinedjib.com\/wp-content\/uploads\/2022\/06\/1962-06-Realites-23_00.jpg?resize=700%2C400&ssl=1 2x, https:\/\/i0.wp.com\/sinedjib.com\/wp-content\/uploads\/2022\/06\/1962-06-Realites-23_00.jpg?resize=1050%2C600&ssl=1 3x"},"classes":[]},{"id":13912,"url":"https:\/\/sinedjib.com\/index.php\/bulletin-dinformations-du-ppa\/","url_meta":{"origin":15221,"position":2},"title":"Bulletin d&rsquo;informations du PPA","author":"SiNedjib","date":"10\/09\/2021","format":false,"excerpt":"Cette page recense les 5 articles du Bulletin d'informations du PPA publi\u00e9s sur ce site depuis le 5 juillet 2015. Ce p\u00e9riodique a \u00e9t\u00e9 lanc\u00e9 en juillet 1962 par le Parti du peuple alg\u00e9rien dirig\u00e9 par Messali Hadj. \"Editorial\", paru dans le Bulletin d\u2019informations du PPA, n\u00b0 1, juillet 1962.\u2026","rel":"","context":"Article similaire","block_context":{"text":"Article similaire","link":""},"img":{"alt_text":"","src":"https:\/\/i0.wp.com\/sinedjib.com\/wp-content\/uploads\/2015\/07\/1962-07-PPA-BI-1_01.jpg?resize=350%2C200&ssl=1","width":350,"height":200,"srcset":"https:\/\/i0.wp.com\/sinedjib.com\/wp-content\/uploads\/2015\/07\/1962-07-PPA-BI-1_01.jpg?resize=350%2C200&ssl=1 1x, https:\/\/i0.wp.com\/sinedjib.com\/wp-content\/uploads\/2015\/07\/1962-07-PPA-BI-1_01.jpg?resize=525%2C300&ssl=1 1.5x, https:\/\/i0.wp.com\/sinedjib.com\/wp-content\/uploads\/2015\/07\/1962-07-PPA-BI-1_01.jpg?resize=700%2C400&ssl=1 2x, https:\/\/i0.wp.com\/sinedjib.com\/wp-content\/uploads\/2015\/07\/1962-07-PPA-BI-1_01.jpg?resize=1050%2C600&ssl=1 3x"},"classes":[]},{"id":8513,"url":"https:\/\/sinedjib.com\/index.php\/bulletin-de-liaison\/","url_meta":{"origin":15221,"position":3},"title":"Bulletin de liaison","author":"SiNedjib","date":"23\/05\/2020","format":false,"excerpt":"Cette page recense les 6 articles du Bulletin de liaison publi\u00e9s sur ce site depuis le 24 octobre 2019. L\u2019organe du Comit\u00e9 national de d\u00e9fense de la r\u00e9volution (li\u00e9 au Parti de la r\u00e9volution socialiste cr\u00e9\u00e9 par Mohamed Boudiaf)\u00a0a paru de 1965 \u00e0 1967. \"Aust\u00e9rit\u00e9 pour qui ?\", paru dans\u2026","rel":"","context":"Article similaire","block_context":{"text":"Article similaire","link":""},"img":{"alt_text":"","src":"https:\/\/i0.wp.com\/sinedjib.com\/wp-content\/uploads\/2020\/01\/Bulletin-de-liaison-d%C3%A9cembre-1965.png?resize=350%2C200&ssl=1","width":350,"height":200},"classes":[]},{"id":22308,"url":"https:\/\/sinedjib.com\/index.php\/la-gauche\/","url_meta":{"origin":15221,"position":4},"title":"La Gauche","author":"SiNedjib","date":"17\/03\/2024","format":false,"excerpt":"Cette page recense les 8 articles du journal La Gauche publi\u00e9s sur ce site depuis le 22 f\u00e9vrier 2023. L'organe du Rassemblement d\u00e9mocratique r\u00e9volutionnaire (RDR) a paru de 1948 \u00e0 1949. Ses exemplaires sont consultables sur Retronews. David Rousset, \"Pour pratiquer la d\u00e9mocratie r\u00e9volutionnaire, il faut d\u2019abord d\u00e9noncer les mensonges\u2026","rel":"","context":"Article similaire","block_context":{"text":"Article similaire","link":""},"img":{"alt_text":"","src":"https:\/\/i0.wp.com\/sinedjib.com\/wp-content\/uploads\/2024\/03\/La-Gauche-16-juin-1948.png?resize=350%2C200&ssl=1","width":350,"height":200},"classes":[]},{"id":11279,"url":"https:\/\/sinedjib.com\/index.php\/le-bolchevik\/","url_meta":{"origin":15221,"position":5},"title":"Le Bolch\u00e9vik","author":"SiNedjib","date":"18\/01\/2021","format":false,"excerpt":"Cette page recense les 11 articles du Bolch\u00e9vik\u00a0publi\u00e9s sur ce site depuis le 15 d\u00e9cembre 2020. L\u2019organe de la Tendance spartaciste internationale\u00a0a \u00e9t\u00e9 lanc\u00e9 en 1976.\u00a0Les exemplaires du journal (jusqu'en 2011) sont t\u00e9l\u00e9chargeables sur le site\u00a0Marxists Internet Archive. \"Le massacre d\u2019octobre \u00e0 Alger\", paru dans Le Bolch\u00e9vik, n\u00b0 88, novembre\u2026","rel":"","context":"Article similaire","block_context":{"text":"Article similaire","link":""},"img":{"alt_text":"","src":"https:\/\/i0.wp.com\/sinedjib.com\/wp-content\/uploads\/2020\/12\/Le-Bolchevik-mars-1989.png?resize=350%2C200&ssl=1","width":350,"height":200},"classes":[]}],"_links":{"self":[{"href":"https:\/\/sinedjib.com\/index.php\/wp-json\/wp\/v2\/pages\/15221","targetHints":{"allow":["GET"]}}],"collection":[{"href":"https:\/\/sinedjib.com\/index.php\/wp-json\/wp\/v2\/pages"}],"about":[{"href":"https:\/\/sinedjib.com\/index.php\/wp-json\/wp\/v2\/types\/page"}],"author":[{"embeddable":true,"href":"https:\/\/sinedjib.com\/index.php\/wp-json\/wp\/v2\/users\/1"}],"replies":[{"embeddable":true,"href":"https:\/\/sinedjib.com\/index.php\/wp-json\/wp\/v2\/comments?post=15221"}],"version-history":[{"count":3,"href":"https:\/\/sinedjib.com\/index.php\/wp-json\/wp\/v2\/pages\/15221\/revisions"}],"predecessor-version":[{"id":17159,"href":"https:\/\/sinedjib.com\/index.php\/wp-json\/wp\/v2\/pages\/15221\/revisions\/17159"}],"wp:attachment":[{"href":"https:\/\/sinedjib.com\/index.php\/wp-json\/wp\/v2\/media?parent=15221"}],"curies":[{"name":"wp","href":"https:\/\/api.w.org\/{rel}","templated":true}]}}