{"id":15227,"date":"2022-01-06T11:17:12","date_gmt":"2022-01-06T10:17:12","guid":{"rendered":"https:\/\/sinedjib.com\/?page_id=15227"},"modified":"2022-10-30T13:58:44","modified_gmt":"2022-10-30T12:58:44","slug":"informations-ouvrieres","status":"publish","type":"page","link":"https:\/\/sinedjib.com\/index.php\/informations-ouvrieres\/","title":{"rendered":"Informations ouvri\u00e8res"},"content":{"rendered":"\n<div class=\"wp-block-media-text alignwide is-stacked-on-mobile is-image-fill\"><figure class=\"wp-block-media-text__media\" style=\"background-image:url(https:\/\/sinedjib.com\/wp-content\/uploads\/2021\/06\/Informations-ouvrieres-21-juin-1972.png);background-position:54% 2%\"><img data-recalc-dims=\"1\" loading=\"lazy\" decoding=\"async\" width=\"439\" height=\"623\" data-attachment-id=\"12856\" data-permalink=\"https:\/\/sinedjib.com\/index.php\/2021\/06\/06\/la-revolution-algerienne-et-sa-direction-2\/informations-ouvrieres-21-juin-1972\/\" data-orig-file=\"https:\/\/i0.wp.com\/sinedjib.com\/wp-content\/uploads\/2021\/06\/Informations-ouvrieres-21-juin-1972.png?fit=439%2C623&amp;ssl=1\" data-orig-size=\"439,623\" data-comments-opened=\"1\" data-image-meta=\"{&quot;aperture&quot;:&quot;0&quot;,&quot;credit&quot;:&quot;&quot;,&quot;camera&quot;:&quot;&quot;,&quot;caption&quot;:&quot;&quot;,&quot;created_timestamp&quot;:&quot;0&quot;,&quot;copyright&quot;:&quot;&quot;,&quot;focal_length&quot;:&quot;0&quot;,&quot;iso&quot;:&quot;0&quot;,&quot;shutter_speed&quot;:&quot;0&quot;,&quot;title&quot;:&quot;&quot;,&quot;orientation&quot;:&quot;0&quot;}\" data-image-title=\"Informations-ouvrieres-21-juin-1972\" data-image-description=\"\" data-image-caption=\"\" data-large-file=\"https:\/\/i0.wp.com\/sinedjib.com\/wp-content\/uploads\/2021\/06\/Informations-ouvrieres-21-juin-1972.png?fit=439%2C623&amp;ssl=1\" src=\"https:\/\/i0.wp.com\/sinedjib.com\/wp-content\/uploads\/2021\/06\/Informations-ouvrieres-21-juin-1972.png?resize=439%2C623&#038;ssl=1\" alt=\"\" class=\"wp-image-12856 size-full\" srcset=\"https:\/\/i0.wp.com\/sinedjib.com\/wp-content\/uploads\/2021\/06\/Informations-ouvrieres-21-juin-1972.png?w=439&amp;ssl=1 439w, https:\/\/i0.wp.com\/sinedjib.com\/wp-content\/uploads\/2021\/06\/Informations-ouvrieres-21-juin-1972.png?resize=211%2C300&amp;ssl=1 211w\" sizes=\"auto, (max-width: 439px) 100vw, 439px\" \/><\/figure><div class=\"wp-block-media-text__content\">\n<p class=\"has-large-font-size\"><strong>Cette page recense les 6 articles d&rsquo;Informations ouvri\u00e8res publi\u00e9s sur ce site depuis. Fond\u00e9 en 1958 par <a rel=\"noreferrer noopener\" href=\"https:\/\/maitron.fr\/spip.php?article17652\" target=\"_blank\">Pierre Boussel<\/a>, ce titre est aujourd&rsquo;hui l&rsquo;hebdomadaire du <a rel=\"noreferrer noopener\" href=\"http:\/\/partiouvrierindependant-poi.fr\/\" target=\"_blank\">Parti ouvrier ind\u00e9pendant<\/a>.<\/strong><\/p>\n<\/div><\/div>\n\n\n\n<p>\u00ab\u00a0Alg\u00e9rie : Premier bilan de dix ann\u00e9es d\u2019ind\u00e9pendance\u00a0\u00bb, paru dans&nbsp;<em>Informations ouvri\u00e8res<\/em>, n\u00b0 568, du 14 juin au 20 juin 1972. <a href=\"https:\/\/sinedjib.com\/index.php\/2021\/06\/04\/algerie-premier-bilan-de-dix-annees-dindependance\/\">Lien<\/a><\/p>\n\n\n\n<p>\u00ab\u00a0La r\u00e9volution alg\u00e9rienne et sa direction (2)\u00a0\u00bb, paru dans&nbsp;<em>Informations ouvri\u00e8res<\/em>, n\u00b0 569, du 21 juin au 28 juin 1972. <a href=\"https:\/\/sinedjib.com\/index.php\/2021\/06\/06\/la-revolution-algerienne-et-sa-direction-2\/\">Lien<\/a><\/p>\n\n\n\n<p>Yves Dech\u00e9zelles, \u00ab\u00a0Lettre au directeur du \u00ab Monde \u00bb\u00a0\u00bb, parue int\u00e9gralement dans&nbsp;<em>Informations ouvri\u00e8res<\/em>, n\u00b0 661, 12-19 juin 1974, et partiellement dans&nbsp;<em>Le Monde<\/em>, 19 juin 1974. <a href=\"https:\/\/sinedjib.com\/index.php\/2015\/06\/06\/lettre-monde\/\">Lien<\/a><\/p>\n\n\n\n<p>\u00ab\u00a0Foule immense aux obs\u00e8ques de Tlemcen. Le t\u00e9moignage de Me Y. Dech\u00e9zelles\u00a0\u00bb, paru dans&nbsp;<em>Informations ouvri\u00e8res<\/em>, n\u00b0 661, 12-19 juin 1974. <a href=\"https:\/\/sinedjib.com\/index.php\/2015\/06\/03\/obseques-tlemcen\/\">Lien<\/a><\/p>\n\n\n\n<p>\u00ab\u00a0Alg\u00e9rie : impressions de voyage\u00a0\u00bb, paru dans <em>Informations ouvri\u00e8res<\/em>, n\u00b0 1103, semaine du 22 au 29 avril 1983. <a href=\"https:\/\/sinedjib.com\/index.php\/2021\/12\/28\/algerie-impressions-de-voyage\/\">Lien<\/a><\/p>\n\n\n\n<p>Pierre Lecomte, \u00ab\u00a0Apr\u00e8s le proc\u00e8s de Klaus Barbie\u00a0\u00bb, paru dans <em>Informations ouvri\u00e8res<\/em>, n\u00b0 1325, semaine du 22 au 29 juillet 1987. <a href=\"https:\/\/sinedjib.com\/index.php\/2022\/10\/28\/pierre-lecomte-apres-le-proces-de-klaus-barbie\/\">Lien<\/a><\/p>\n","protected":false},"excerpt":{"rendered":"<p>Cette page recense les 6 articles d&rsquo;Informations ouvri\u00e8res publi\u00e9s sur ce site depuis. Fond\u00e9 en 1958 par Pierre Boussel, ce titre est aujourd&rsquo;hui l&rsquo;hebdomadaire du Parti ouvrier ind\u00e9pendant. \u00ab\u00a0Alg\u00e9rie : Premier bilan de dix ann\u00e9es d\u2019ind\u00e9pendance\u00a0\u00bb, paru dans&nbsp;Informations ouvri\u00e8res, n\u00b0 568, du 14 juin au 20 juin 1972. Lien \u00ab\u00a0La r\u00e9volution alg\u00e9rienne et sa direction [&hellip;]<\/p>\n","protected":false},"author":1,"featured_media":0,"parent":0,"menu_order":0,"comment_status":"closed","ping_status":"closed","template":"","meta":{"jetpack_post_was_ever_published":false,"footnotes":""},"class_list":["post-15227","page","type-page","status-publish","hentry"],"jetpack_sharing_enabled":true,"jetpack_shortlink":"https:\/\/wp.me\/P9lTYU-3XB","jetpack_likes_enabled":true,"jetpack-related-posts":[{"id":6860,"url":"https:\/\/sinedjib.com\/index.php\/ressources\/informations-correspondance-ouvrieres\/","url_meta":{"origin":15227,"position":0},"title":"Informations Correspondance Ouvri\u00e8res","author":"SiNedjib","date":"26\/01\/2020","format":false,"excerpt":"Cette page recense les 27 articles d'Informations Correspondance Ouvri\u00e8res publi\u00e9s sur ce site depuis le 3 ao\u00fbt 2018. Le bulletin, \u00e9dit\u00e9 par Pierre Blachier, a paru de 1960 \u00e0 1973. Les sommaires sont consultables sur le site Archives Autonomies. \"Les \u00e9v\u00e9nements\", paru dans Informations Correspondance Ouvri\u00e8res, n\u00b0 1, octobre 1961.\u2026","rel":"","context":"Article similaire","block_context":{"text":"Article similaire","link":""},"img":{"alt_text":"","src":"https:\/\/i0.wp.com\/sinedjib.com\/wp-content\/uploads\/2022\/09\/ICO-mai-1962.png?resize=350%2C200&ssl=1","width":350,"height":200},"classes":[]},{"id":22345,"url":"https:\/\/sinedjib.com\/index.php\/index-des-publications\/","url_meta":{"origin":15227,"position":1},"title":"Index des publications","author":"SiNedjib","date":"17\/03\/2024","format":false,"excerpt":"Cette page pr\u00e9sente un index des publications (bulletins, journaux, revues, etc.) dont cinq textes \u2013 ou plus \u2013 ont \u00e9t\u00e9 retranscrits sur ce site depuis 2012. La liste sera progressivement compl\u00e9t\u00e9e avec l\u2019ensemble des autres r\u00e9f\u00e9rences. A Alarme ; Alger R\u00e9publicain ; Alternative libertaire ; Arguments ; B Le Bolch\u00e9vik\u2026","rel":"","context":"Article similaire","block_context":{"text":"Article similaire","link":""},"img":{"alt_text":"","src":"","width":0,"height":0},"classes":[]},{"id":13930,"url":"https:\/\/sinedjib.com\/index.php\/le-monde\/","url_meta":{"origin":15227,"position":2},"title":"Le Monde","author":"SiNedjib","date":"10\/09\/2021","format":false,"excerpt":"Cette page recense les 23 articles du Monde publi\u00e9s sur ce site depuis le 3 mai 2015. Le quotidien a \u00e9t\u00e9 fond\u00e9 par Hubert Beuve-M\u00e9ry en 1944. \"Une lettre de M. Albert Camus\", parue dans\u00a0Le Monde, 19-20 juillet 1953. Lien \"Les messalistes se pr\u00e9parent \u00e0 une action r\u00e9volutionnaire\", paru dans\u2026","rel":"","context":"Article similaire","block_context":{"text":"Article similaire","link":""},"img":{"alt_text":"","src":"https:\/\/i0.wp.com\/sinedjib.com\/wp-content\/uploads\/2015\/05\/0507201014018.jpg?resize=350%2C200&ssl=1","width":350,"height":200,"srcset":"https:\/\/i0.wp.com\/sinedjib.com\/wp-content\/uploads\/2015\/05\/0507201014018.jpg?resize=350%2C200&ssl=1 1x, https:\/\/i0.wp.com\/sinedjib.com\/wp-content\/uploads\/2015\/05\/0507201014018.jpg?resize=525%2C300&ssl=1 1.5x, https:\/\/i0.wp.com\/sinedjib.com\/wp-content\/uploads\/2015\/05\/0507201014018.jpg?resize=700%2C400&ssl=1 2x, https:\/\/i0.wp.com\/sinedjib.com\/wp-content\/uploads\/2015\/05\/0507201014018.jpg?resize=1050%2C600&ssl=1 3x, https:\/\/i0.wp.com\/sinedjib.com\/wp-content\/uploads\/2015\/05\/0507201014018.jpg?resize=1400%2C800&ssl=1 4x"},"classes":[]},{"id":9586,"url":"https:\/\/sinedjib.com\/index.php\/mes-textes\/","url_meta":{"origin":15227,"position":3},"title":"Mes textes","author":"SiNedjib","date":"17\/08\/2020","format":false,"excerpt":"Voici un aper\u00e7u de mes textes les plus r\u00e9cents : \u00ab\u00a0Quelques r\u00e9flexions sur la S\u00e9paration des \u00c9glises et de l\u2019\u00c9tat\u00a0\u00bb et \u00ab\u00a0Hommage \u00e0 Mohammed Harbi\u00a0\u00bb, n\u00b0 832, La R\u00e9volution prol\u00e9tarienne, mars 2026 \"Socialisme, immigration et racisme\", Courant alternatif, n\u00b0 358, mars 2026. En ligne \u00ab Hypocrisie fran\u00e7aise \u00bb, Cercle des\u2026","rel":"","context":"Article similaire","block_context":{"text":"Article similaire","link":""},"img":{"alt_text":"","src":"https:\/\/i0.wp.com\/sinedjib.com\/wp-content\/uploads\/2026\/03\/Une-de-RP-832-1024x1448-1.jpg?resize=350%2C200&ssl=1","width":350,"height":200,"srcset":"https:\/\/i0.wp.com\/sinedjib.com\/wp-content\/uploads\/2026\/03\/Une-de-RP-832-1024x1448-1.jpg?resize=350%2C200&ssl=1 1x, https:\/\/i0.wp.com\/sinedjib.com\/wp-content\/uploads\/2026\/03\/Une-de-RP-832-1024x1448-1.jpg?resize=525%2C300&ssl=1 1.5x, https:\/\/i0.wp.com\/sinedjib.com\/wp-content\/uploads\/2026\/03\/Une-de-RP-832-1024x1448-1.jpg?resize=700%2C400&ssl=1 2x"},"classes":[]},{"id":7,"url":"https:\/\/sinedjib.com\/index.php\/apropos\/","url_meta":{"origin":15227,"position":4},"title":"Pr\u00e9sentation","author":"Nedjib Sidi Moussa","date":"28\/10\/2012","format":false,"excerpt":"Je m'appelle Nedjib SIDI MOUSSA et je suis n\u00e9 en 1982 \u00e0 Valenciennes. Docteur en science politique (Universit\u00e9 Paris 1 Panth\u00e9on-Sorbonne), je me consacre \u00e0 l'\u00e9criture et \u00e0 l'enseignement en r\u00e9gion parisienne. Pour de plus amples informations, je vous invite \u00e0 consulter mon CV scientifique. On trouvera sur ce site\u2026","rel":"","context":"Article similaire","block_context":{"text":"Article similaire","link":""},"img":{"alt_text":"","src":"https:\/\/i0.wp.com\/sinedjib.com\/wp-content\/uploads\/2026\/01\/2026-01-17-Alger.jpeg?resize=350%2C200&ssl=1","width":350,"height":200,"srcset":"https:\/\/i0.wp.com\/sinedjib.com\/wp-content\/uploads\/2026\/01\/2026-01-17-Alger.jpeg?resize=350%2C200&ssl=1 1x, https:\/\/i0.wp.com\/sinedjib.com\/wp-content\/uploads\/2026\/01\/2026-01-17-Alger.jpeg?resize=525%2C300&ssl=1 1.5x, https:\/\/i0.wp.com\/sinedjib.com\/wp-content\/uploads\/2026\/01\/2026-01-17-Alger.jpeg?resize=700%2C400&ssl=1 2x"},"classes":[]},{"id":13893,"url":"https:\/\/sinedjib.com\/index.php\/autres-references\/","url_meta":{"origin":15227,"position":5},"title":"Autres r\u00e9f\u00e9rences","author":"SiNedjib","date":"10\/09\/2021","format":false,"excerpt":"Cette page recense des textes publi\u00e9s sur ce site depuis le 3 mai 2015 et provenant de 176 bulletins, journaux, magazines, revues... qui ne font pas encore l'objet d'une rubrique sp\u00e9cifique. Action \"Les nouveaux mandarins : lib\u00e9raux et progressistes au service de la carotte\", paru dans Action, n\u00b0 35, 12\u2026","rel":"","context":"Article similaire","block_context":{"text":"Article similaire","link":""},"img":{"alt_text":"","src":"https:\/\/i0.wp.com\/sinedjib.com\/wp-content\/uploads\/2019\/12\/LAnarchie-30-d%C3%A9cembre-1909.png?resize=350%2C200&ssl=1","width":350,"height":200},"classes":[]}],"_links":{"self":[{"href":"https:\/\/sinedjib.com\/index.php\/wp-json\/wp\/v2\/pages\/15227","targetHints":{"allow":["GET"]}}],"collection":[{"href":"https:\/\/sinedjib.com\/index.php\/wp-json\/wp\/v2\/pages"}],"about":[{"href":"https:\/\/sinedjib.com\/index.php\/wp-json\/wp\/v2\/types\/page"}],"author":[{"embeddable":true,"href":"https:\/\/sinedjib.com\/index.php\/wp-json\/wp\/v2\/users\/1"}],"replies":[{"embeddable":true,"href":"https:\/\/sinedjib.com\/index.php\/wp-json\/wp\/v2\/comments?post=15227"}],"version-history":[{"count":2,"href":"https:\/\/sinedjib.com\/index.php\/wp-json\/wp\/v2\/pages\/15227\/revisions"}],"predecessor-version":[{"id":17331,"href":"https:\/\/sinedjib.com\/index.php\/wp-json\/wp\/v2\/pages\/15227\/revisions\/17331"}],"wp:attachment":[{"href":"https:\/\/sinedjib.com\/index.php\/wp-json\/wp\/v2\/media?parent=15227"}],"curies":[{"name":"wp","href":"https:\/\/api.w.org\/{rel}","templated":true}]}}