{"id":15233,"date":"2022-01-06T11:30:45","date_gmt":"2022-01-06T10:30:45","guid":{"rendered":"https:\/\/sinedjib.com\/?page_id=15233"},"modified":"2022-04-14T19:13:42","modified_gmt":"2022-04-14T17:13:42","slug":"lutter","status":"publish","type":"page","link":"https:\/\/sinedjib.com\/index.php\/lutter\/","title":{"rendered":"Lutter !"},"content":{"rendered":"\n<div class=\"wp-block-media-text alignwide is-stacked-on-mobile is-image-fill\"><figure class=\"wp-block-media-text__media\" style=\"background-image:url(https:\/\/sinedjib.com\/wp-content\/uploads\/2021\/10\/Lutter-mars-avril-1984.png);background-position:55.00000000000001% 0%\"><img data-recalc-dims=\"1\" loading=\"lazy\" decoding=\"async\" width=\"450\" height=\"627\" data-attachment-id=\"14529\" data-permalink=\"https:\/\/sinedjib.com\/index.php\/2021\/10\/30\/to-be-or-not-to-be-beur\/lutter-mars-avril-1984\/\" data-orig-file=\"https:\/\/i0.wp.com\/sinedjib.com\/wp-content\/uploads\/2021\/10\/Lutter-mars-avril-1984.png?fit=450%2C627&amp;ssl=1\" data-orig-size=\"450,627\" data-comments-opened=\"1\" data-image-meta=\"{&quot;aperture&quot;:&quot;0&quot;,&quot;credit&quot;:&quot;&quot;,&quot;camera&quot;:&quot;&quot;,&quot;caption&quot;:&quot;&quot;,&quot;created_timestamp&quot;:&quot;0&quot;,&quot;copyright&quot;:&quot;&quot;,&quot;focal_length&quot;:&quot;0&quot;,&quot;iso&quot;:&quot;0&quot;,&quot;shutter_speed&quot;:&quot;0&quot;,&quot;title&quot;:&quot;&quot;,&quot;orientation&quot;:&quot;0&quot;}\" data-image-title=\"Lutter-mars-avril-1984\" data-image-description=\"\" data-image-caption=\"\" data-large-file=\"https:\/\/i0.wp.com\/sinedjib.com\/wp-content\/uploads\/2021\/10\/Lutter-mars-avril-1984.png?fit=450%2C627&amp;ssl=1\" src=\"https:\/\/i0.wp.com\/sinedjib.com\/wp-content\/uploads\/2021\/10\/Lutter-mars-avril-1984.png?resize=450%2C627&#038;ssl=1\" alt=\"\" class=\"wp-image-14529 size-full\" srcset=\"https:\/\/i0.wp.com\/sinedjib.com\/wp-content\/uploads\/2021\/10\/Lutter-mars-avril-1984.png?w=450&amp;ssl=1 450w, https:\/\/i0.wp.com\/sinedjib.com\/wp-content\/uploads\/2021\/10\/Lutter-mars-avril-1984.png?resize=215%2C300&amp;ssl=1 215w\" sizes=\"auto, (max-width: 450px) 100vw, 450px\" \/><\/figure><div class=\"wp-block-media-text__content\">\n<p class=\"has-large-font-size\"><strong>Cette page recense les 8 articles de <em>Lutter !<\/em> publi\u00e9s sur ce site depuis le 30 octobre 2021. L&rsquo;organe de l&rsquo;Union des travailleurs communistes libertaires a paru de 1982 \u00e0 1991.<\/strong> <strong>Les sommaires sont consultables sur le site <a rel=\"noreferrer noopener\" href=\"http:\/\/archivesautonomies.org\/spip.php?article4929\" target=\"_blank\">Archives Autonomies<\/a>.<\/strong><\/p>\n<\/div><\/div>\n\n\n\n<p>Daniel Gu\u00e9rin, \u00ab\u00a0Alg\u00e9rie. La honte du pardon aux g\u00e9n\u00e9raux criminels\u00a0\u00bb, paru dans <em>Lutter<\/em> <em>!<\/em>, n\u00b0 4, janvier-f\u00e9vrier 1983. <a href=\"https:\/\/sinedjib.com\/index.php\/2022\/02\/26\/daniel-guerin-algerie-la-honte-du-pardon-aux-generaux-criminels\/\">Lien<\/a><\/p>\n\n\n\n<p>\u00ab\u00a0To be or not to be\u2026 beur\u00a0\u00bb, paru dans <em>Lutter !<\/em>, n\u00b0 7, mars-avril 1984. <a href=\"https:\/\/sinedjib.com\/index.php\/2021\/10\/30\/to-be-or-not-to-be-beur\/\">Lien<\/a><\/p>\n\n\n\n<p>\u00ab\u00a0L\u2019une part, l\u2019autre pas\u00a0\u00bb, paru dans <em>Lutter !<\/em>, n\u00b0 10, mars 1985. <a href=\"https:\/\/sinedjib.com\/index.php\/2021\/11\/14\/lune-part-lautre-pas\/\">Lien<\/a><\/p>\n\n\n\n<p>A. Coursan, \u00ab\u00a0L\u2019insurrection alg\u00e9rienne et les communistes libertaires\u00a0\u00bb, paru en trois parties dans <em>Lutter !<\/em>, n\u00b0 10, mars 1985 ; n\u00b0 11, avril 1985 ; n\u00b0 13, \u00e9t\u00e9 1985. <a href=\"https:\/\/sinedjib.com\/index.php\/2021\/11\/01\/a-coursan-linsurrection-algerienne-et-les-communistes-libertaires\/\">Lien<\/a><\/p>\n\n\n\n<p>\u00ab\u00a0Alg\u00e9rie : Les droits de l\u2019Homme sous les verrous\u00a0\u00bb, paru dans <em>Lutter !<\/em>, n\u00b0 14, d\u00e9cembre 1985. <a href=\"https:\/\/sinedjib.com\/index.php\/2021\/11\/03\/algerie-les-droits-de-lhomme-sous-les-verrous\/\">Lien<\/a><\/p>\n\n\n\n<p>\u00ab\u00a0Ensemble, pour l\u2019\u00e9galit\u00e9\u00a0\u00bb, paru dans <em>Lutter !<\/em>, n\u00b0 14, d\u00e9cembre 1985. <a href=\"https:\/\/sinedjib.com\/index.php\/2021\/11\/16\/ensemble-pour-legalite\/\">Lien<\/a><\/p>\n\n\n\n<p>Jacques Dubart, \u00ab\u00a0Alg\u00e9rie. Les assassins sont au pouvoir\u00a0\u00bb, paru dans <em>Lutter !<\/em>, n\u00b0 25, novembre 1988. <a href=\"https:\/\/sinedjib.com\/index.php\/2022\/02\/28\/jacques-dubart-algerie-les-assassins-sont-au-pouvoir\/\">Lien<\/a><\/p>\n\n\n\n<p>Georges Fontenis, \u00ab\u00a0La premi\u00e8re p\u00e9riode de la guerre d\u2019Alg\u00e9rie\u00a0\u00bb, paru dans <em>Lutter !<\/em>, n\u00b0 162-163, 22 juin 1990. <a href=\"https:\/\/sinedjib.com\/index.php\/2022\/02\/21\/georges-fontenis-la-premiere-periode-de-la-guerre-dalgerie\/\">Lien<\/a><\/p>\n","protected":false},"excerpt":{"rendered":"<p>Cette page recense les 8 articles de Lutter ! publi\u00e9s sur ce site depuis le 30 octobre 2021. L&rsquo;organe de l&rsquo;Union des travailleurs communistes libertaires a paru de 1982 \u00e0 1991. Les sommaires sont consultables sur le site Archives Autonomies. Daniel Gu\u00e9rin, \u00ab\u00a0Alg\u00e9rie. La honte du pardon aux g\u00e9n\u00e9raux criminels\u00a0\u00bb, paru dans Lutter !, n\u00b0 [&hellip;]<\/p>\n","protected":false},"author":1,"featured_media":0,"parent":0,"menu_order":0,"comment_status":"closed","ping_status":"closed","template":"","meta":{"jetpack_post_was_ever_published":false,"footnotes":""},"class_list":["post-15233","page","type-page","status-publish","hentry"],"jetpack_sharing_enabled":true,"jetpack_shortlink":"https:\/\/wp.me\/P9lTYU-3XH","jetpack_likes_enabled":true,"jetpack-related-posts":[{"id":8890,"url":"https:\/\/sinedjib.com\/index.php\/informations-et-reflexions-libertaires\/","url_meta":{"origin":15233,"position":0},"title":"Informations et r\u00e9flexions libertaires","author":"SiNedjib","date":"20\/06\/2020","format":false,"excerpt":"Cette page recense les 12 articles d'Informations et r\u00e9flexions libertaires publi\u00e9s sur ce site depuis le 5 juin 2020. La revue a paru de 1973 \u00e0 1991, d'abord sous le titre Informations rassembl\u00e9es \u00e0 Lyon. Les num\u00e9ros sont t\u00e9l\u00e9chargeables sur le site du Centre de recherche pour l'alternative sociale. \"Anti-racisme\",\u2026","rel":"","context":"Article similaire","block_context":{"text":"Article similaire","link":""},"img":{"alt_text":"","src":"https:\/\/i0.wp.com\/sinedjib.com\/wp-content\/uploads\/2020\/06\/IRL-octobre-1983.png?resize=350%2C200&ssl=1","width":350,"height":200},"classes":[]},{"id":22345,"url":"https:\/\/sinedjib.com\/index.php\/index-des-publications\/","url_meta":{"origin":15233,"position":1},"title":"Index des publications","author":"SiNedjib","date":"17\/03\/2024","format":false,"excerpt":"Cette page pr\u00e9sente un index des publications (bulletins, journaux, revues, etc.) dont cinq textes \u2013 ou plus \u2013 ont \u00e9t\u00e9 retranscrits sur ce site depuis 2012. La liste sera progressivement compl\u00e9t\u00e9e avec l\u2019ensemble des autres r\u00e9f\u00e9rences. A Alarme ; Alger R\u00e9publicain ; Alternative libertaire ; Arguments ; B Le Bolch\u00e9vik\u2026","rel":"","context":"Article similaire","block_context":{"text":"Article similaire","link":""},"img":{"alt_text":"","src":"","width":0,"height":0},"classes":[]},{"id":5949,"url":"https:\/\/sinedjib.com\/index.php\/ressources\/le-proletaire\/","url_meta":{"origin":15233,"position":2},"title":"Le Prol\u00e9taire","author":"SiNedjib","date":"16\/06\/2019","format":false,"excerpt":"Cette page recense les 61 articles du\u00a0Prol\u00e9taire publi\u00e9s sur ce site depuis le 30 septembre 2016. Le bulletin du Parti communiste international a \u00e9t\u00e9 lanc\u00e9 en 1963. Les sommaires sont consultables sur le site du Parti communiste international. \"Le conflit alg\u00e9ro-marocain : la guerre arrange tout, mais apr\u00e8s ?\", paru\u2026","rel":"","context":"Article similaire","block_context":{"text":"Article similaire","link":""},"img":{"alt_text":"","src":"https:\/\/i0.wp.com\/sinedjib.com\/wp-content\/uploads\/2020\/05\/Le-Prol%C3%A9taire-novembre-1963.png?resize=350%2C200&ssl=1","width":350,"height":200},"classes":[]},{"id":6820,"url":"https:\/\/sinedjib.com\/index.php\/ressources\/spartacus\/","url_meta":{"origin":15233,"position":3},"title":"Spartacus","author":"SiNedjib","date":"25\/01\/2020","format":false,"excerpt":"Cette page recense les 7 articles de Spartacus publi\u00e9s sur ce site depuis le 19 ao\u00fbt 2018. La revue, lanc\u00e9e par Ren\u00e9 Lefeuvre, a paru de 1975 \u00e0 1979. Les sommaires sont consultables sur le site Archives Autonomies. Michel Jacob, \"Comment lire et ne pas lire Reich\", paru dans Spartacus,\u2026","rel":"","context":"Article similaire","block_context":{"text":"Article similaire","link":""},"img":{"alt_text":"","src":"https:\/\/i0.wp.com\/sinedjib.com\/wp-content\/uploads\/2018\/10\/Spartacus-mars-avril-1979.png?resize=350%2C200&ssl=1","width":350,"height":200},"classes":[]},{"id":13761,"url":"https:\/\/sinedjib.com\/index.php\/les-lettres-francaises\/","url_meta":{"origin":15233,"position":4},"title":"Les Lettres fran\u00e7aises","author":"SiNedjib","date":"31\/08\/2021","format":false,"excerpt":"Cette page recense les 9 articles des Lettres fran\u00e7aises publi\u00e9s sur ce site depuis le 5 ao\u00fbt 2021. Le journal du Comit\u00e9 national des \u00e9crivains a \u00e9t\u00e9 fond\u00e9 en 1942. Il est consultable sur le site\u00a0RetroNews\u00a0pour la p\u00e9riode 1942-1950. Ren\u00e9 Maran, \"L\u2019Afrique noire dans les lettres fran\u00e7aises\", paru dans\u00a0Les Lettres\u2026","rel":"","context":"Article similaire","block_context":{"text":"Article similaire","link":""},"img":{"alt_text":"","src":"https:\/\/i0.wp.com\/sinedjib.com\/wp-content\/uploads\/2021\/08\/Les-Lettres-francaises-1er-mars-1946.png?resize=350%2C200&ssl=1","width":350,"height":200},"classes":[]},{"id":12078,"url":"https:\/\/sinedjib.com\/index.php\/jeune-taupe\/","url_meta":{"origin":15233,"position":5},"title":"Jeune Taupe","author":"SiNedjib","date":"07\/04\/2021","format":false,"excerpt":"Cette page recense les 6 articles de Jeune Taupe publi\u00e9s sur ce site depuis le 24 juillet 2018. L\u2019organe, \u00e9dit\u00e9 par le groupe Pour une intervention communiste,\u00a0a paru de 1974 \u00e0 1981.\u00a0Les sommaires du journal sont consultables sur le site\u00a0Archives Autonomies. \"A propos d\u2019une adresse aux prol\u00e9taires et aux jeunes\u2026","rel":"","context":"Article similaire","block_context":{"text":"Article similaire","link":""},"img":{"alt_text":"","src":"https:\/\/i0.wp.com\/sinedjib.com\/wp-content\/uploads\/2018\/08\/Jeune-Taupe-juin-1976.png?resize=350%2C200&ssl=1","width":350,"height":200},"classes":[]}],"_links":{"self":[{"href":"https:\/\/sinedjib.com\/index.php\/wp-json\/wp\/v2\/pages\/15233","targetHints":{"allow":["GET"]}}],"collection":[{"href":"https:\/\/sinedjib.com\/index.php\/wp-json\/wp\/v2\/pages"}],"about":[{"href":"https:\/\/sinedjib.com\/index.php\/wp-json\/wp\/v2\/types\/page"}],"author":[{"embeddable":true,"href":"https:\/\/sinedjib.com\/index.php\/wp-json\/wp\/v2\/users\/1"}],"replies":[{"embeddable":true,"href":"https:\/\/sinedjib.com\/index.php\/wp-json\/wp\/v2\/comments?post=15233"}],"version-history":[{"count":4,"href":"https:\/\/sinedjib.com\/index.php\/wp-json\/wp\/v2\/pages\/15233\/revisions"}],"predecessor-version":[{"id":16005,"href":"https:\/\/sinedjib.com\/index.php\/wp-json\/wp\/v2\/pages\/15233\/revisions\/16005"}],"wp:attachment":[{"href":"https:\/\/sinedjib.com\/index.php\/wp-json\/wp\/v2\/media?parent=15233"}],"curies":[{"name":"wp","href":"https:\/\/api.w.org\/{rel}","templated":true}]}}