{"id":16645,"date":"2022-07-18T17:33:47","date_gmt":"2022-07-18T15:33:47","guid":{"rendered":"https:\/\/sinedjib.com\/?page_id=16645"},"modified":"2022-07-18T17:33:47","modified_gmt":"2022-07-18T15:33:47","slug":"lhumanite","status":"publish","type":"page","link":"https:\/\/sinedjib.com\/index.php\/lhumanite\/","title":{"rendered":"L&rsquo;Humanit\u00e9"},"content":{"rendered":"\n<div class=\"wp-block-media-text alignwide is-stacked-on-mobile is-image-fill\"><figure class=\"wp-block-media-text__media\" style=\"background-image:url(https:\/\/sinedjib.com\/wp-content\/uploads\/2022\/07\/LHumanite-15-juillet-1926.png);background-position:52% 0%\"><img data-recalc-dims=\"1\" loading=\"lazy\" decoding=\"async\" width=\"580\" height=\"372\" data-attachment-id=\"16646\" data-permalink=\"https:\/\/sinedjib.com\/index.php\/lhumanite\/lhumanite-15-juillet-1926-2\/\" data-orig-file=\"https:\/\/i0.wp.com\/sinedjib.com\/wp-content\/uploads\/2022\/07\/LHumanite-15-juillet-1926.png?fit=614%2C394&amp;ssl=1\" data-orig-size=\"614,394\" data-comments-opened=\"1\" data-image-meta=\"{&quot;aperture&quot;:&quot;0&quot;,&quot;credit&quot;:&quot;&quot;,&quot;camera&quot;:&quot;&quot;,&quot;caption&quot;:&quot;&quot;,&quot;created_timestamp&quot;:&quot;0&quot;,&quot;copyright&quot;:&quot;&quot;,&quot;focal_length&quot;:&quot;0&quot;,&quot;iso&quot;:&quot;0&quot;,&quot;shutter_speed&quot;:&quot;0&quot;,&quot;title&quot;:&quot;&quot;,&quot;orientation&quot;:&quot;0&quot;}\" data-image-title=\"LHumanite-15-juillet-1926\" data-image-description=\"\" data-image-caption=\"\" data-large-file=\"https:\/\/i0.wp.com\/sinedjib.com\/wp-content\/uploads\/2022\/07\/LHumanite-15-juillet-1926.png?fit=580%2C372&amp;ssl=1\" src=\"https:\/\/i0.wp.com\/sinedjib.com\/wp-content\/uploads\/2022\/07\/LHumanite-15-juillet-1926.png?resize=580%2C372&#038;ssl=1\" alt=\"\" class=\"wp-image-16646 size-full\" srcset=\"https:\/\/i0.wp.com\/sinedjib.com\/wp-content\/uploads\/2022\/07\/LHumanite-15-juillet-1926.png?w=614&amp;ssl=1 614w, https:\/\/i0.wp.com\/sinedjib.com\/wp-content\/uploads\/2022\/07\/LHumanite-15-juillet-1926.png?resize=300%2C193&amp;ssl=1 300w\" sizes=\"auto, (max-width: 580px) 100vw, 580px\" \/><\/figure><div class=\"wp-block-media-text__content\">\n<p class=\"has-large-font-size\"><strong>Cette page recense les 5 articles de <em>L&rsquo;Humanit\u00e9<\/em> publi\u00e9s sur ce site depuis le 8 mai 2015. Le journal, fond\u00e9 par Jean Jaur\u00e8s en 1904, est consultable sur <a href=\"https:\/\/gallica.bnf.fr\/ark:\/12148\/cb327877302\/date\" target=\"_blank\" rel=\"noreferrer noopener\">Gallica<\/a> pour la p\u00e9riode 1904-1951.<\/strong><\/p>\n<\/div><\/div>\n\n\n\n<p>\u00ab&nbsp;Moulay Youssef va inaugurer la Mosqu\u00e9e de Paris&nbsp;\u00bb, paru dans&nbsp;<em>L\u2019Humanit\u00e9<\/em>, 15 juillet 1926. <a href=\"https:\/\/sinedjib.com\/index.php\/2015\/05\/08\/mosquee-de-paris\/\">Lien<\/a><\/p>\n\n\n\n<p>Jim Crow, \u00ab&nbsp;La souffrance des Noirs aux Etats-Unis et en Afrique&nbsp;\u00bb, paru dans <em>L\u2019Humanit\u00e9<\/em>, 8 avril 1928. <a href=\"https:\/\/sinedjib.com\/index.php\/2022\/03\/27\/jim-crow-la-souffrance-des-noirs-aux-etats-unis-et-en-afrique\/\">Lien<\/a><\/p>\n\n\n\n<p>Fernand Fontenay, \u00ab&nbsp;Derri\u00e8re le d\u00e9cor de Vincennes. Les buts imp\u00e9rialistes de l\u2019Exposition coloniale&nbsp;\u00bb, paru dans <em>L\u2019Humanit\u00e9<\/em>, 18 mai 1931. <a href=\"https:\/\/sinedjib.com\/index.php\/2021\/10\/25\/fernand-fontenay-derriere-le-decor-de-vincennes-les-buts-imperialistes-de-lexposition-coloniale\/\">Lien<\/a><\/p>\n\n\n\n<p>Ren\u00e9 Garmy, \u00ab\u00a0Romans noirs pour hommes blancs\u00a0\u00bb, paru\u00a0dans\u00a0<em>L\u2019Humanit\u00e9<\/em>, 23 ao\u00fbt 1932. <a href=\"https:\/\/sinedjib.com\/index.php\/2021\/07\/30\/rene-garmy-romans-noirs-pour-hommes-blancs\/\">Lien<\/a><\/p>\n\n\n\n<p>\u00ab&nbsp;Obs\u00e8ques de Mme Messali Hadj \u00e0 Pont-St-Vincent&nbsp;\u00bb, paru dans&nbsp;<em>L\u2019Humanit\u00e9<\/em>, 9 octobre 1953. <a href=\"https:\/\/sinedjib.com\/index.php\/2015\/05\/08\/obseques-mme-messali-hadj\/\">Lien<\/a><\/p>\n","protected":false},"excerpt":{"rendered":"<p>Cette page recense les 5 articles de L&rsquo;Humanit\u00e9 publi\u00e9s sur ce site depuis le 8 mai 2015. Le journal, fond\u00e9 par Jean Jaur\u00e8s en 1904, est consultable sur Gallica pour la p\u00e9riode 1904-1951. \u00ab&nbsp;Moulay Youssef va inaugurer la Mosqu\u00e9e de Paris&nbsp;\u00bb, paru dans&nbsp;L\u2019Humanit\u00e9, 15 juillet 1926. Lien Jim Crow, \u00ab&nbsp;La souffrance des Noirs aux Etats-Unis [&hellip;]<\/p>\n","protected":false},"author":1,"featured_media":0,"parent":0,"menu_order":0,"comment_status":"closed","ping_status":"closed","template":"","meta":{"jetpack_post_was_ever_published":false,"footnotes":""},"class_list":["post-16645","page","type-page","status-publish","hentry"],"jetpack_sharing_enabled":true,"jetpack_shortlink":"https:\/\/wp.me\/P9lTYU-4kt","jetpack_likes_enabled":true,"jetpack-related-posts":[{"id":22345,"url":"https:\/\/sinedjib.com\/index.php\/index-des-publications\/","url_meta":{"origin":16645,"position":0},"title":"Index des publications","author":"SiNedjib","date":"17\/03\/2024","format":false,"excerpt":"Cette page pr\u00e9sente un index des publications (bulletins, journaux, revues, etc.) dont cinq textes \u2013 ou plus \u2013 ont \u00e9t\u00e9 retranscrits sur ce site depuis 2012. La liste sera progressivement compl\u00e9t\u00e9e avec l\u2019ensemble des autres r\u00e9f\u00e9rences. A Alarme ; Alger R\u00e9publicain ; Alternative libertaire ; Arguments ; B Le Bolch\u00e9vik\u2026","rel":"","context":"Article similaire","block_context":{"text":"Article similaire","link":""},"img":{"alt_text":"","src":"","width":0,"height":0},"classes":[]},{"id":9565,"url":"https:\/\/sinedjib.com\/index.php\/adresse-echos2\/","url_meta":{"origin":16645,"position":1},"title":"Adresse aux r\u00e9volutionnaires d&rsquo;Alg\u00e9rie et de tous les pays (et autres textes) : \u00e9chos","author":"SiNedjib","date":"17\/08\/2020","format":false,"excerpt":"Suite \u00e0 la parution de mon recueil Adresse aux r\u00e9volutionnaires d'Alg\u00e9rie et de tous les pays (et autres textes), cette page en recense les pr\u00e9sentations,\u00a0recensions ou\u00a0\u00e9vocations.Pour commander cet ouvrage, cliquez sur ce\u00a0lien Pr\u00e9sentation Pr\u00e9sentation, le 3 septembre 2019 \u00e0 19h30, \u00e0 la librairie Libertalia : 12, rue Marcelin-Berthelot, 93100 Montreuil\u2026","rel":"","context":"Article similaire","block_context":{"text":"Article similaire","link":""},"img":{"alt_text":"","src":"https:\/\/i0.wp.com\/sinedjib.com\/wp-content\/uploads\/2019\/08\/arton1789.jpg?resize=350%2C200&ssl=1","width":350,"height":200,"srcset":"https:\/\/i0.wp.com\/sinedjib.com\/wp-content\/uploads\/2019\/08\/arton1789.jpg?resize=350%2C200&ssl=1 1x, https:\/\/i0.wp.com\/sinedjib.com\/wp-content\/uploads\/2019\/08\/arton1789.jpg?resize=525%2C300&ssl=1 1.5x, https:\/\/i0.wp.com\/sinedjib.com\/wp-content\/uploads\/2019\/08\/arton1789.jpg?resize=700%2C400&ssl=1 2x"},"classes":[]},{"id":13795,"url":"https:\/\/sinedjib.com\/index.php\/franc-tireur\/","url_meta":{"origin":16645,"position":2},"title":"Franc-Tireur","author":"SiNedjib","date":"02\/09\/2021","format":false,"excerpt":"Cette page recense les 19 articles de Franc-Tireur publi\u00e9s sur ce site depuis le 7 ao\u00fbt 2021. Le journal, initialement organe des Mouvements unis de r\u00e9sistance, a paru de 1941 \u00e0 1957. Il est consultable sur le site Gallica pour la p\u00e9riode 1944-1953. Marcel P\u00e9ju, \"Noces, d\u2019Albert Camus\", paru\u00a0dans\u00a0Franc-Tireur, 31\u2026","rel":"","context":"Article similaire","block_context":{"text":"Article similaire","link":""},"img":{"alt_text":"","src":"https:\/\/i0.wp.com\/sinedjib.com\/wp-content\/uploads\/2021\/08\/Franc-Tireur-31-aout-1945.png?resize=350%2C200&ssl=1","width":350,"height":200},"classes":[]},{"id":9586,"url":"https:\/\/sinedjib.com\/index.php\/mes-textes\/","url_meta":{"origin":16645,"position":3},"title":"Mes textes","author":"SiNedjib","date":"17\/08\/2020","format":false,"excerpt":"Voici un aper\u00e7u de mes textes les plus r\u00e9cents : \u00ab\u00a0Quelques r\u00e9flexions sur la S\u00e9paration des \u00c9glises et de l\u2019\u00c9tat\u00a0\u00bb et \u00ab\u00a0Hommage \u00e0 Mohammed Harbi\u00a0\u00bb, n\u00b0 832, La R\u00e9volution prol\u00e9tarienne, mars 2026 \"Socialisme, immigration et racisme\", Courant alternatif, n\u00b0 358, mars 2026. En ligne \u00ab Hypocrisie fran\u00e7aise \u00bb, Cercle des\u2026","rel":"","context":"Article similaire","block_context":{"text":"Article similaire","link":""},"img":{"alt_text":"","src":"https:\/\/i0.wp.com\/sinedjib.com\/wp-content\/uploads\/2026\/03\/Une-de-RP-832-1024x1448-1.jpg?resize=350%2C200&ssl=1","width":350,"height":200,"srcset":"https:\/\/i0.wp.com\/sinedjib.com\/wp-content\/uploads\/2026\/03\/Une-de-RP-832-1024x1448-1.jpg?resize=350%2C200&ssl=1 1x, https:\/\/i0.wp.com\/sinedjib.com\/wp-content\/uploads\/2026\/03\/Une-de-RP-832-1024x1448-1.jpg?resize=525%2C300&ssl=1 1.5x, https:\/\/i0.wp.com\/sinedjib.com\/wp-content\/uploads\/2026\/03\/Une-de-RP-832-1024x1448-1.jpg?resize=700%2C400&ssl=1 2x"},"classes":[]},{"id":8266,"url":"https:\/\/sinedjib.com\/index.php\/medias\/","url_meta":{"origin":16645,"position":4},"title":"M\u00e9dias","author":"SiNedjib","date":"06\/05\/2020","format":false,"excerpt":"Cette page recense les articles ou r\u00e9alisations faisant \u00e9cho \u00e0 mes publications et interventions ainsi que mes entretiens accord\u00e9s aux m\u00e9dias, \u00e0 l'exception de ceux concernant mes livres. Rokeya Ayman Saad, \"Boualem Sansal : l\u2019\u00e9crivain de toutes les controverses\", Al-Ahram Hebdo, 1er avril 2026. En ligne Loris Gu\u00e9mart et Pauline\u2026","rel":"","context":"Article similaire","block_context":{"text":"Article similaire","link":""},"img":{"alt_text":"","src":"https:\/\/i0.wp.com\/sinedjib.com\/wp-content\/uploads\/2026\/01\/RFI-750x430-1.jpg?resize=350%2C200&ssl=1","width":350,"height":200,"srcset":"https:\/\/i0.wp.com\/sinedjib.com\/wp-content\/uploads\/2026\/01\/RFI-750x430-1.jpg?resize=350%2C200&ssl=1 1x, https:\/\/i0.wp.com\/sinedjib.com\/wp-content\/uploads\/2026\/01\/RFI-750x430-1.jpg?resize=525%2C300&ssl=1 1.5x, https:\/\/i0.wp.com\/sinedjib.com\/wp-content\/uploads\/2026\/01\/RFI-750x430-1.jpg?resize=700%2C400&ssl=1 2x"},"classes":[]},{"id":9606,"url":"https:\/\/sinedjib.com\/index.php\/litterature-critique-sociale\/","url_meta":{"origin":16645,"position":5},"title":"Litt\u00e9rature, po\u00e9sie et critique sociale","author":"SiNedjib","date":"17\/08\/2020","format":false,"excerpt":"\u00ab\u00a0Quelques r\u00e9flexions sur la S\u00e9paration des \u00c9glises et de l\u2019\u00c9tat\u00a0\u00bb et \u00ab\u00a0Hommage \u00e0 Mohammed Harbi\u00a0\u00bb, n\u00b0 832, La R\u00e9volution prol\u00e9tarienne, mars 2026 \u00ab\u00a0Socialisme, immigration et racisme\u00a0\u00bb,\u00a0Courant alternatif, n\u00b0 358, mars 2026. En ligne \u00ab Hypocrisie fran\u00e7aise \u00bb, Cercle des ami.e.s de l'A.I.T. de Montr\u00e9al, 26 f\u00e9vrier 2026. En ligne \"What\u2026","rel":"","context":"Article similaire","block_context":{"text":"Article similaire","link":""},"img":{"alt_text":"","src":"https:\/\/i0.wp.com\/sinedjib.com\/wp-content\/uploads\/2026\/03\/Une-de-RP-832-1024x1448-1.jpg?resize=350%2C200&ssl=1","width":350,"height":200,"srcset":"https:\/\/i0.wp.com\/sinedjib.com\/wp-content\/uploads\/2026\/03\/Une-de-RP-832-1024x1448-1.jpg?resize=350%2C200&ssl=1 1x, https:\/\/i0.wp.com\/sinedjib.com\/wp-content\/uploads\/2026\/03\/Une-de-RP-832-1024x1448-1.jpg?resize=525%2C300&ssl=1 1.5x, https:\/\/i0.wp.com\/sinedjib.com\/wp-content\/uploads\/2026\/03\/Une-de-RP-832-1024x1448-1.jpg?resize=700%2C400&ssl=1 2x"},"classes":[]}],"_links":{"self":[{"href":"https:\/\/sinedjib.com\/index.php\/wp-json\/wp\/v2\/pages\/16645","targetHints":{"allow":["GET"]}}],"collection":[{"href":"https:\/\/sinedjib.com\/index.php\/wp-json\/wp\/v2\/pages"}],"about":[{"href":"https:\/\/sinedjib.com\/index.php\/wp-json\/wp\/v2\/types\/page"}],"author":[{"embeddable":true,"href":"https:\/\/sinedjib.com\/index.php\/wp-json\/wp\/v2\/users\/1"}],"replies":[{"embeddable":true,"href":"https:\/\/sinedjib.com\/index.php\/wp-json\/wp\/v2\/comments?post=16645"}],"version-history":[{"count":1,"href":"https:\/\/sinedjib.com\/index.php\/wp-json\/wp\/v2\/pages\/16645\/revisions"}],"predecessor-version":[{"id":16647,"href":"https:\/\/sinedjib.com\/index.php\/wp-json\/wp\/v2\/pages\/16645\/revisions\/16647"}],"wp:attachment":[{"href":"https:\/\/sinedjib.com\/index.php\/wp-json\/wp\/v2\/media?parent=16645"}],"curies":[{"name":"wp","href":"https:\/\/api.w.org\/{rel}","templated":true}]}}