{"id":16659,"date":"2022-07-18T18:04:25","date_gmt":"2022-07-18T16:04:25","guid":{"rendered":"https:\/\/sinedjib.com\/?page_id=16659"},"modified":"2022-07-30T12:47:25","modified_gmt":"2022-07-30T10:47:25","slug":"programme-communiste","status":"publish","type":"page","link":"https:\/\/sinedjib.com\/index.php\/programme-communiste\/","title":{"rendered":"Programme communiste"},"content":{"rendered":"\n<div class=\"wp-block-media-text alignwide is-stacked-on-mobile is-image-fill\"><figure class=\"wp-block-media-text__media\" style=\"background-image:url(https:\/\/sinedjib.com\/wp-content\/uploads\/2021\/10\/Programme-communiste-janvier-mars-1962.png);background-position:44% 0%\"><img data-recalc-dims=\"1\" loading=\"lazy\" decoding=\"async\" width=\"416\" height=\"586\" data-attachment-id=\"14250\" data-permalink=\"https:\/\/sinedjib.com\/index.php\/2021\/10\/06\/cest-genereux-la-france\/programme-communiste-janvier-mars-1962\/\" data-orig-file=\"https:\/\/i0.wp.com\/sinedjib.com\/wp-content\/uploads\/2021\/10\/Programme-communiste-janvier-mars-1962.png?fit=416%2C586&amp;ssl=1\" data-orig-size=\"416,586\" data-comments-opened=\"1\" data-image-meta=\"{&quot;aperture&quot;:&quot;0&quot;,&quot;credit&quot;:&quot;&quot;,&quot;camera&quot;:&quot;&quot;,&quot;caption&quot;:&quot;&quot;,&quot;created_timestamp&quot;:&quot;0&quot;,&quot;copyright&quot;:&quot;&quot;,&quot;focal_length&quot;:&quot;0&quot;,&quot;iso&quot;:&quot;0&quot;,&quot;shutter_speed&quot;:&quot;0&quot;,&quot;title&quot;:&quot;&quot;,&quot;orientation&quot;:&quot;0&quot;}\" data-image-title=\"Programme-communiste-janvier-mars-1962\" data-image-description=\"\" data-image-caption=\"\" data-large-file=\"https:\/\/i0.wp.com\/sinedjib.com\/wp-content\/uploads\/2021\/10\/Programme-communiste-janvier-mars-1962.png?fit=416%2C586&amp;ssl=1\" src=\"https:\/\/i0.wp.com\/sinedjib.com\/wp-content\/uploads\/2021\/10\/Programme-communiste-janvier-mars-1962.png?resize=416%2C586&#038;ssl=1\" alt=\"\" class=\"wp-image-14250 size-full\" srcset=\"https:\/\/i0.wp.com\/sinedjib.com\/wp-content\/uploads\/2021\/10\/Programme-communiste-janvier-mars-1962.png?w=416&amp;ssl=1 416w, https:\/\/i0.wp.com\/sinedjib.com\/wp-content\/uploads\/2021\/10\/Programme-communiste-janvier-mars-1962.png?resize=213%2C300&amp;ssl=1 213w\" sizes=\"auto, (max-width: 416px) 100vw, 416px\" \/><\/figure><div class=\"wp-block-media-text__content\">\n<p class=\"has-large-font-size\"><strong>Cette page recense les 6 articles de <em>Programme communiste<\/em> publi\u00e9s sur ce site depuis le 3 juin 2019. La revue a \u00e9t\u00e9 lanc\u00e9e en 1957. Ses sommaires sont consultables sur le site du <a href=\"https:\/\/pcint.org\/04_PC\/01%20Som%20PC.htm\" target=\"_blank\" rel=\"noreferrer noopener\">Parti communiste international<\/a>.<\/strong><\/p>\n<\/div><\/div>\n\n\n\n<p>\u00ab&nbsp;C\u2019est g\u00e9n\u00e9reux, la France !&nbsp;\u00bb, paru dans <em>Programme communiste<\/em>, n\u00b0 18, janvier-mars 1962. <a href=\"https:\/\/sinedjib.com\/index.php\/2021\/10\/06\/cest-genereux-la-france\/\">Lien<\/a><\/p>\n\n\n\n<div class=\"wp-block-media-text alignwide has-media-on-the-right is-stacked-on-mobile is-image-fill\"><figure class=\"wp-block-media-text__media\" style=\"background-image:url(https:\/\/sinedjib.com\/wp-content\/uploads\/2022\/04\/Programme-communiste-avril-1962.png);background-position:62% 95%\"><img data-recalc-dims=\"1\" loading=\"lazy\" decoding=\"async\" width=\"411\" height=\"580\" data-attachment-id=\"16018\" data-permalink=\"https:\/\/sinedjib.com\/index.php\/2022\/04\/17\/la-paix\/programme-communiste-avril-1962\/\" data-orig-file=\"https:\/\/i0.wp.com\/sinedjib.com\/wp-content\/uploads\/2022\/04\/Programme-communiste-avril-1962.png?fit=411%2C580&amp;ssl=1\" data-orig-size=\"411,580\" data-comments-opened=\"1\" data-image-meta=\"{&quot;aperture&quot;:&quot;0&quot;,&quot;credit&quot;:&quot;&quot;,&quot;camera&quot;:&quot;&quot;,&quot;caption&quot;:&quot;&quot;,&quot;created_timestamp&quot;:&quot;0&quot;,&quot;copyright&quot;:&quot;&quot;,&quot;focal_length&quot;:&quot;0&quot;,&quot;iso&quot;:&quot;0&quot;,&quot;shutter_speed&quot;:&quot;0&quot;,&quot;title&quot;:&quot;&quot;,&quot;orientation&quot;:&quot;0&quot;}\" data-image-title=\"Programme-communiste-avril-1962\" data-image-description=\"\" data-image-caption=\"\" data-large-file=\"https:\/\/i0.wp.com\/sinedjib.com\/wp-content\/uploads\/2022\/04\/Programme-communiste-avril-1962.png?fit=411%2C580&amp;ssl=1\" src=\"https:\/\/i0.wp.com\/sinedjib.com\/wp-content\/uploads\/2022\/04\/Programme-communiste-avril-1962.png?resize=411%2C580&#038;ssl=1\" alt=\"\" class=\"wp-image-16018 size-full\" srcset=\"https:\/\/i0.wp.com\/sinedjib.com\/wp-content\/uploads\/2022\/04\/Programme-communiste-avril-1962.png?w=411&amp;ssl=1 411w, https:\/\/i0.wp.com\/sinedjib.com\/wp-content\/uploads\/2022\/04\/Programme-communiste-avril-1962.png?resize=213%2C300&amp;ssl=1 213w\" sizes=\"auto, (max-width: 411px) 100vw, 411px\" \/><\/figure><div class=\"wp-block-media-text__content\">\n<p>\u00ab\u00a0La paix ?\u00a0\u00bb, paru dans <em>Programme communiste<\/em>, n\u00b0 19, avril-juin 1962. <a href=\"https:\/\/sinedjib.com\/index.php\/2022\/04\/17\/la-paix\/\">Lien<\/a><\/p>\n\n\n\n<p>\u00ab\u00a0La gal\u00e8re\u00a0\u00bb, paru dans <em>Programme communiste<\/em>, n\u00b0 19, avril-juin 1962. <a href=\"https:\/\/sinedjib.com\/index.php\/2022\/04\/18\/la-galere\/\">Lien<\/a><\/p>\n\n\n\n<p>\u00ab\u00a0La gauche introuvable\u2026\u00a0\u00bb, paru dans <em>Programme communiste<\/em>, n\u00b0 19, avril-juin 1962. <a href=\"https:\/\/sinedjib.com\/index.php\/2022\/04\/19\/la-gauche-introuvable\/\">Lien<\/a><\/p>\n<\/div><\/div>\n\n\n\n<p>\u00ab\u00a0Le proc\u00e8s de Blida\u00a0\u00bb, paru dans&nbsp;<em>Programme communiste<\/em>, n\u00b0 84-85, octobre 1980-mars 1981. <a href=\"https:\/\/sinedjib.com\/index.php\/2019\/06\/03\/blida\/\">Lien<\/a><\/p>\n\n\n\n<p>\u00ab\u00a0La religion : appui ou obstacle \u00e0 la lutte de classe ? Consid\u00e9rations \u00e0 propos de la \u201cth\u00e9ologie de la lib\u00e9ration\u201d\u00a0\u00bb, paru dans&nbsp;<em>Programme communiste<\/em>, n\u00b0 89,&nbsp;mai 1987. <a href=\"https:\/\/sinedjib.com\/index.php\/2021\/04\/30\/la-religion-appui-ou-obstacle-a-la-lutte-de-classe-considerations-a-propos-de-la-theologie-de-la-liberation\/\">Lien<\/a><\/p>\n","protected":false},"excerpt":{"rendered":"<p>Cette page recense les 6 articles de Programme communiste publi\u00e9s sur ce site depuis le 3 juin 2019. La revue a \u00e9t\u00e9 lanc\u00e9e en 1957. Ses sommaires sont consultables sur le site du Parti communiste international. \u00ab&nbsp;C\u2019est g\u00e9n\u00e9reux, la France !&nbsp;\u00bb, paru dans Programme communiste, n\u00b0 18, janvier-mars 1962. Lien \u00ab\u00a0La paix ?\u00a0\u00bb, paru dans [&hellip;]<\/p>\n","protected":false},"author":1,"featured_media":0,"parent":0,"menu_order":0,"comment_status":"closed","ping_status":"closed","template":"","meta":{"jetpack_post_was_ever_published":false,"footnotes":""},"class_list":["post-16659","page","type-page","status-publish","hentry"],"jetpack_sharing_enabled":true,"jetpack_shortlink":"https:\/\/wp.me\/P9lTYU-4kH","jetpack_likes_enabled":true,"jetpack-related-posts":[{"id":5903,"url":"https:\/\/sinedjib.com\/index.php\/ressources\/errico-malatesta\/","url_meta":{"origin":16659,"position":0},"title":"Errico Malatesta","author":"SiNedjib","date":"13\/06\/2019","format":false,"excerpt":"Cette page recense les 40 articles d'Errico Malatesta publi\u00e9s sur ce site depuis le 15 ao\u00fbt 2018. Portrait of Errico Malatesta (Santa Maria Capua Vetere, 1853-Rome, 1932), Italian anarchist. \"Le suffrage universel\", paru en deux parties dans Le R\u00e9veil socialiste-anarchiste, n\u00b0 161, 24 f\u00e9vrier 1906 et n\u00b0 162, 10 mars\u2026","rel":"","context":"Article similaire","block_context":{"text":"Article similaire","link":""},"img":{"alt_text":"","src":"https:\/\/i0.wp.com\/sinedjib.com\/wp-content\/uploads\/2019\/02\/Malatesta.jpg?resize=350%2C200&ssl=1","width":350,"height":200,"srcset":"https:\/\/i0.wp.com\/sinedjib.com\/wp-content\/uploads\/2019\/02\/Malatesta.jpg?resize=350%2C200&ssl=1 1x, https:\/\/i0.wp.com\/sinedjib.com\/wp-content\/uploads\/2019\/02\/Malatesta.jpg?resize=525%2C300&ssl=1 1.5x, https:\/\/i0.wp.com\/sinedjib.com\/wp-content\/uploads\/2019\/02\/Malatesta.jpg?resize=700%2C400&ssl=1 2x"},"classes":[]},{"id":22345,"url":"https:\/\/sinedjib.com\/index.php\/index-des-publications\/","url_meta":{"origin":16659,"position":1},"title":"Index des publications","author":"SiNedjib","date":"17\/03\/2024","format":false,"excerpt":"Cette page pr\u00e9sente un index des publications (bulletins, journaux, revues, etc.) dont cinq textes \u2013 ou plus \u2013 ont \u00e9t\u00e9 retranscrits sur ce site depuis 2012. La liste sera progressivement compl\u00e9t\u00e9e avec l\u2019ensemble des autres r\u00e9f\u00e9rences. A Alarme ; Alger R\u00e9publicain ; Alternative libertaire ; Arguments ; B Le Bolch\u00e9vik\u2026","rel":"","context":"Article similaire","block_context":{"text":"Article similaire","link":""},"img":{"alt_text":"","src":"","width":0,"height":0},"classes":[]},{"id":6832,"url":"https:\/\/sinedjib.com\/index.php\/ressources\/le-reveil\/","url_meta":{"origin":16659,"position":2},"title":"Le R\u00e9veil","author":"SiNedjib","date":"25\/01\/2020","format":false,"excerpt":"Cette page recense les 10 articles du R\u00e9veil publi\u00e9s sur ce site depuis le 8 juin 2019. Le journal, d'abord intitul\u00e9 Le R\u00e9veil socialiste-anarchiste, a paru de 1900 \u00e0 1946. Les sommaires sont consultables sur le site Archives Autonomies. Les textes d'Errico Malatesta sont disponibles via ce lien. Georges Herzig,\u2026","rel":"","context":"Article similaire","block_context":{"text":"Article similaire","link":""},"img":{"alt_text":"","src":"","width":0,"height":0},"classes":[]},{"id":12078,"url":"https:\/\/sinedjib.com\/index.php\/jeune-taupe\/","url_meta":{"origin":16659,"position":3},"title":"Jeune Taupe","author":"SiNedjib","date":"07\/04\/2021","format":false,"excerpt":"Cette page recense les 6 articles de Jeune Taupe publi\u00e9s sur ce site depuis le 24 juillet 2018. L\u2019organe, \u00e9dit\u00e9 par le groupe Pour une intervention communiste,\u00a0a paru de 1974 \u00e0 1981.\u00a0Les sommaires du journal sont consultables sur le site\u00a0Archives Autonomies. \"A propos d\u2019une adresse aux prol\u00e9taires et aux jeunes\u2026","rel":"","context":"Article similaire","block_context":{"text":"Article similaire","link":""},"img":{"alt_text":"","src":"https:\/\/i0.wp.com\/sinedjib.com\/wp-content\/uploads\/2018\/08\/Jeune-Taupe-juin-1976.png?resize=350%2C200&ssl=1","width":350,"height":200},"classes":[]},{"id":6698,"url":"https:\/\/sinedjib.com\/index.php\/ressources\/el-oumami\/","url_meta":{"origin":16659,"position":4},"title":"El-Oumami","author":"SiNedjib","date":"02\/01\/2020","format":false,"excerpt":"Cette page recense les 19 articles d\u2019El-Oumami\u00a0publi\u00e9s sur ce site depuis le 14 mars 2017. L'organe du Parti communiste international puis des communistes-l\u00e9ninistes alg\u00e9riens a paru de 1978 \u00e0 1983. La premi\u00e8re s\u00e9rie (jusqu'en 1982) est consultable sur le site du Parti communiste international. \"L'Etat bourgeois n'est pas \u00e0 d\u00e9mocratiser\u2026","rel":"","context":"Article similaire","block_context":{"text":"Article similaire","link":""},"img":{"alt_text":"","src":"https:\/\/i0.wp.com\/sinedjib.com\/wp-content\/uploads\/2020\/03\/el-oumami-octobre-1978-1.png?resize=350%2C200&ssl=1","width":350,"height":200},"classes":[]},{"id":22341,"url":"https:\/\/sinedjib.com\/index.php\/la-quatrieme-internationale\/","url_meta":{"origin":16659,"position":5},"title":"La Quatri\u00e8me Internationale","author":"SiNedjib","date":"17\/03\/2024","format":false,"excerpt":"Cette page recense les 5 articles de La Quatri\u00e8me Internationale publi\u00e9s sur ce site depuis le 3 mai 2021. L'organe du Parti communiste internationaliste (PCI) a paru de 1965 \u00e0 1968. Les exemplaires sont disponibles sur RaDAR. Albert Roux, \"Contre la r\u00e9pression en Alg\u00e9rie\", paru dans\u00a0La Quatri\u00e8me Internationale, n\u00b0 2,\u2026","rel":"","context":"Article similaire","block_context":{"text":"Article similaire","link":""},"img":{"alt_text":"","src":"https:\/\/i0.wp.com\/sinedjib.com\/wp-content\/uploads\/2024\/03\/La-Quatrieme-Internationale-decembre-1965.png?resize=350%2C200&ssl=1","width":350,"height":200,"srcset":"https:\/\/i0.wp.com\/sinedjib.com\/wp-content\/uploads\/2024\/03\/La-Quatrieme-Internationale-decembre-1965.png?resize=350%2C200&ssl=1 1x, https:\/\/i0.wp.com\/sinedjib.com\/wp-content\/uploads\/2024\/03\/La-Quatrieme-Internationale-decembre-1965.png?resize=525%2C300&ssl=1 1.5x, https:\/\/i0.wp.com\/sinedjib.com\/wp-content\/uploads\/2024\/03\/La-Quatrieme-Internationale-decembre-1965.png?resize=700%2C400&ssl=1 2x"},"classes":[]}],"_links":{"self":[{"href":"https:\/\/sinedjib.com\/index.php\/wp-json\/wp\/v2\/pages\/16659","targetHints":{"allow":["GET"]}}],"collection":[{"href":"https:\/\/sinedjib.com\/index.php\/wp-json\/wp\/v2\/pages"}],"about":[{"href":"https:\/\/sinedjib.com\/index.php\/wp-json\/wp\/v2\/types\/page"}],"author":[{"embeddable":true,"href":"https:\/\/sinedjib.com\/index.php\/wp-json\/wp\/v2\/users\/1"}],"replies":[{"embeddable":true,"href":"https:\/\/sinedjib.com\/index.php\/wp-json\/wp\/v2\/comments?post=16659"}],"version-history":[{"count":2,"href":"https:\/\/sinedjib.com\/index.php\/wp-json\/wp\/v2\/pages\/16659\/revisions"}],"predecessor-version":[{"id":16743,"href":"https:\/\/sinedjib.com\/index.php\/wp-json\/wp\/v2\/pages\/16659\/revisions\/16743"}],"wp:attachment":[{"href":"https:\/\/sinedjib.com\/index.php\/wp-json\/wp\/v2\/media?parent=16659"}],"curies":[{"name":"wp","href":"https:\/\/api.w.org\/{rel}","templated":true}]}}