{"id":16665,"date":"2022-07-18T18:14:46","date_gmt":"2022-07-18T16:14:46","guid":{"rendered":"https:\/\/sinedjib.com\/?page_id=16665"},"modified":"2022-07-18T18:14:46","modified_gmt":"2022-07-18T16:14:46","slug":"realites-algeriennes","status":"publish","type":"page","link":"https:\/\/sinedjib.com\/index.php\/realites-algeriennes\/","title":{"rendered":"R\u00e9alit\u00e9s alg\u00e9riennes"},"content":{"rendered":"\n<div class=\"wp-block-media-text alignwide is-stacked-on-mobile is-image-fill\"><figure class=\"wp-block-media-text__media\" style=\"background-image:url(https:\/\/sinedjib.com\/wp-content\/uploads\/2022\/06\/1962-06-Realites-23_00-802x1024.jpg);background-position:54% 0%\"><img data-recalc-dims=\"1\" loading=\"lazy\" decoding=\"async\" width=\"580\" height=\"741\" data-attachment-id=\"16414\" data-permalink=\"https:\/\/sinedjib.com\/index.php\/2022\/06\/17\/declaration-du-parti-du-peuple-algerien-16-juin-1962\/1962-06-realites-23_00\/\" data-orig-file=\"https:\/\/i0.wp.com\/sinedjib.com\/wp-content\/uploads\/2022\/06\/1962-06-Realites-23_00.jpg?fit=1269%2C1621&amp;ssl=1\" data-orig-size=\"1269,1621\" data-comments-opened=\"1\" data-image-meta=\"{&quot;aperture&quot;:&quot;0&quot;,&quot;credit&quot;:&quot;&quot;,&quot;camera&quot;:&quot;&quot;,&quot;caption&quot;:&quot;&quot;,&quot;created_timestamp&quot;:&quot;0&quot;,&quot;copyright&quot;:&quot;&quot;,&quot;focal_length&quot;:&quot;0&quot;,&quot;iso&quot;:&quot;0&quot;,&quot;shutter_speed&quot;:&quot;0&quot;,&quot;title&quot;:&quot;&quot;,&quot;orientation&quot;:&quot;0&quot;}\" data-image-title=\"1962-06-Realites-23_00\" data-image-description=\"\" data-image-caption=\"\" data-large-file=\"https:\/\/i0.wp.com\/sinedjib.com\/wp-content\/uploads\/2022\/06\/1962-06-Realites-23_00.jpg?fit=580%2C741&amp;ssl=1\" src=\"https:\/\/i0.wp.com\/sinedjib.com\/wp-content\/uploads\/2022\/06\/1962-06-Realites-23_00.jpg?resize=580%2C741&#038;ssl=1\" alt=\"\" class=\"wp-image-16414 size-full\" srcset=\"https:\/\/i0.wp.com\/sinedjib.com\/wp-content\/uploads\/2022\/06\/1962-06-Realites-23_00.jpg?resize=802%2C1024&amp;ssl=1 802w, https:\/\/i0.wp.com\/sinedjib.com\/wp-content\/uploads\/2022\/06\/1962-06-Realites-23_00.jpg?resize=235%2C300&amp;ssl=1 235w, https:\/\/i0.wp.com\/sinedjib.com\/wp-content\/uploads\/2022\/06\/1962-06-Realites-23_00.jpg?resize=768%2C981&amp;ssl=1 768w, https:\/\/i0.wp.com\/sinedjib.com\/wp-content\/uploads\/2022\/06\/1962-06-Realites-23_00.jpg?resize=1202%2C1536&amp;ssl=1 1202w, https:\/\/i0.wp.com\/sinedjib.com\/wp-content\/uploads\/2022\/06\/1962-06-Realites-23_00.jpg?resize=1200%2C1533&amp;ssl=1 1200w, https:\/\/i0.wp.com\/sinedjib.com\/wp-content\/uploads\/2022\/06\/1962-06-Realites-23_00.jpg?w=1269&amp;ssl=1 1269w\" sizes=\"auto, (max-width: 580px) 100vw, 580px\" \/><\/figure><div class=\"wp-block-media-text__content\">\n<p class=\"has-large-font-size\"><strong>Cette page recense les 5 articles de <em>R\u00e9alit\u00e9s alg\u00e9riennes<\/em> publi\u00e9s sur ce site depuis le 18 juin 2022. Ce bulletin, \u00e9dit\u00e9 par le Mouvement national alg\u00e9rien, a paru de 1959 \u00e0 1962.<\/strong><\/p>\n<\/div><\/div>\n\n\n\n<p>\u00ab\u00a0L\u2019accord F.L.N.-O.A.S. : Il y a d\u2019autres r\u00e9conciliations \u00e0 faire !\u00a0\u00bb, paru dans <em>R\u00e9alit\u00e9s Alg\u00e9riennes<\/em>, n\u00b0 23, juin 1962. <a href=\"https:\/\/sinedjib.com\/index.php\/2022\/06\/18\/laccord-f-l-n-o-a-s\/\">Lien<\/a><\/p>\n\n\n\n<p>\u00ab\u00a0Manifeste du Parti du Peuple Alg\u00e9rien sur le scrutin d\u2019autod\u00e9termination du 1er juillet 1962\u00a0\u00bb, paru dans <em>R\u00e9alit\u00e9s Alg\u00e9riennes<\/em>, n\u00b0 23, juin 1962. <a href=\"https:\/\/sinedjib.com\/index.php\/2022\/06\/19\/manifeste-du-parti-du-peuple-algerien\/\">Lien<\/a><\/p>\n\n\n\n<p>\u00ab\u00a0La r\u00e9volution alg\u00e9rienne n\u2019est pas termin\u00e9e\u00a0\u00bb, paru dans <em>R\u00e9alit\u00e9s Alg\u00e9riennes<\/em>, n\u00b0 23, juin 1962. <a href=\"https:\/\/sinedjib.com\/index.php\/2022\/06\/20\/la-revolution-algerienne-nest-pas-terminee\/\">Lien<\/a><\/p>\n\n\n\n<p>\u00ab\u00a0Encore des crimes et des assassinats\u00a0\u00bb, paru dans <em>R\u00e9alit\u00e9s Alg\u00e9riennes<\/em>, n\u00b0 23, juin 1962. <a href=\"https:\/\/sinedjib.com\/index.php\/2022\/06\/21\/encore-des-crimes-et-des-assassinats\/\">Lien<\/a><\/p>\n\n\n\n<p>\u00ab\u00a0D\u00e9claration du Parti du Peuple Alg\u00e9rien\u00a0\u00bb, paru dans <em>R\u00e9alit\u00e9s Alg\u00e9riennes<\/em>, n\u00b0 23, juin 1962. <a href=\"https:\/\/sinedjib.com\/index.php\/2022\/06\/17\/declaration-du-parti-du-peuple-algerien-16-juin-1962\/\">Lien<\/a><\/p>\n","protected":false},"excerpt":{"rendered":"<p>Cette page recense les 5 articles de R\u00e9alit\u00e9s alg\u00e9riennes publi\u00e9s sur ce site depuis le 18 juin 2022. Ce bulletin, \u00e9dit\u00e9 par le Mouvement national alg\u00e9rien, a paru de 1959 \u00e0 1962. \u00ab\u00a0L\u2019accord F.L.N.-O.A.S. : Il y a d\u2019autres r\u00e9conciliations \u00e0 faire !\u00a0\u00bb, paru dans R\u00e9alit\u00e9s Alg\u00e9riennes, n\u00b0 23, juin 1962. Lien \u00ab\u00a0Manifeste du Parti [&hellip;]<\/p>\n","protected":false},"author":1,"featured_media":0,"parent":0,"menu_order":0,"comment_status":"closed","ping_status":"closed","template":"","meta":{"jetpack_post_was_ever_published":false,"footnotes":""},"class_list":["post-16665","page","type-page","status-publish","hentry"],"jetpack_sharing_enabled":true,"jetpack_shortlink":"https:\/\/wp.me\/P9lTYU-4kN","jetpack_likes_enabled":true,"jetpack-related-posts":[{"id":22345,"url":"https:\/\/sinedjib.com\/index.php\/index-des-publications\/","url_meta":{"origin":16665,"position":0},"title":"Index des publications","author":"SiNedjib","date":"17\/03\/2024","format":false,"excerpt":"Cette page pr\u00e9sente un index des publications (bulletins, journaux, revues, etc.) dont cinq textes \u2013 ou plus \u2013 ont \u00e9t\u00e9 retranscrits sur ce site depuis 2012. La liste sera progressivement compl\u00e9t\u00e9e avec l\u2019ensemble des autres r\u00e9f\u00e9rences. A Alarme ; Alger R\u00e9publicain ; Alternative libertaire ; Arguments ; B Le Bolch\u00e9vik\u2026","rel":"","context":"Article similaire","block_context":{"text":"Article similaire","link":""},"img":{"alt_text":"","src":"","width":0,"height":0},"classes":[]},{"id":14477,"url":"https:\/\/sinedjib.com\/index.php\/dissidences-algeriennes-une-anthologie-de-lindependance-au-hirak-echos\/","url_meta":{"origin":16665,"position":1},"title":"Dissidences alg\u00e9riennes. Une anthologie, de l&rsquo;ind\u00e9pendance au hirak : \u00e9chos","author":"SiNedjib","date":"25\/10\/2021","format":false,"excerpt":"Suite \u00e0 la parution de mon quatri\u00e8me livre\u00a0Dissidences alg\u00e9riennes. Une anthologie, de l'ind\u00e9pendance au hirak (\u00e9ditions de l'Asym\u00e9trie, 2021), cette page en recense les pr\u00e9sentations,\u00a0recensions, entretiens ou\u00a0\u00e9vocations. Pour commander cet ouvrage, cliquez sur ce lien. Pr\u00e9sentations et d\u00e9bats Pr\u00e9sentation, le 25 mai 2022, \u00e0 18h30 au local ASAP R\u00e9volution \u00e0\u2026","rel":"","context":"Article similaire","block_context":{"text":"Article similaire","link":""},"img":{"alt_text":"","src":"https:\/\/i0.wp.com\/sinedjib.com\/wp-content\/uploads\/2021\/05\/dissidences-algeriennes.png?resize=350%2C200&ssl=1","width":350,"height":200},"classes":[]},{"id":15221,"url":"https:\/\/sinedjib.com\/index.php\/cahiers-du-feminisme\/","url_meta":{"origin":16665,"position":2},"title":"Cahiers du f\u00e9minisme","author":"SiNedjib","date":"06\/01\/2022","format":false,"excerpt":"Cette page recense les 11 articles des Cahiers du f\u00e9minisme publi\u00e9s sur ce site depuis le 5 novembre 2021. Cette revue soutenue par la Ligue communiste r\u00e9volutionnaire a paru de 1977 \u00e0 1998. \"Maghreb : Une victoire provisoire contre le statut personnel\", Cahiers du f\u00e9minisme, n\u00b0 19, mars-avril 1982. Lien\u2026","rel":"","context":"Article similaire","block_context":{"text":"Article similaire","link":""},"img":{"alt_text":"","src":"https:\/\/i0.wp.com\/sinedjib.com\/wp-content\/uploads\/2021\/11\/Cahiers-du-feminisme-mars-avril-1982.png?resize=350%2C200&ssl=1","width":350,"height":200},"classes":[]},{"id":9561,"url":"https:\/\/sinedjib.com\/index.php\/mes-livres\/","url_meta":{"origin":16665,"position":3},"title":"Mes livres","author":"SiNedjib","date":"17\/08\/2020","format":false,"excerpt":"Le Spectre du colonialisme, Paris, L'\u00e9chapp\u00e9e, 2026Commander Le Rempla\u00e7ant. Journal d'un prof (pr\u00e9caire) de banlieue, Paris, L'\u00e9chapp\u00e9e, 2023CommanderEchos Histoire alg\u00e9rienne de la France. Une centralit\u00e9 refoul\u00e9e, de 1962 \u00e0 nos jours, Paris, PUF, 2022CommanderEchos Coordination du dossier \"1962-2022\/Alg\u00e9rie. Plus que jamais, rouvrir un avenir \u00e0 la r\u00e9volution\", ContreTemps, n\u00b0 54,\u2026","rel":"","context":"Article similaire","block_context":{"text":"Article similaire","link":""},"img":{"alt_text":"","src":"https:\/\/i0.wp.com\/sinedjib.com\/wp-content\/uploads\/2025\/12\/LE-SPECTRE-DU-COLONIALISME-Couv.jpg?resize=350%2C200&ssl=1","width":350,"height":200,"srcset":"https:\/\/i0.wp.com\/sinedjib.com\/wp-content\/uploads\/2025\/12\/LE-SPECTRE-DU-COLONIALISME-Couv.jpg?resize=350%2C200&ssl=1 1x, https:\/\/i0.wp.com\/sinedjib.com\/wp-content\/uploads\/2025\/12\/LE-SPECTRE-DU-COLONIALISME-Couv.jpg?resize=525%2C300&ssl=1 1.5x"},"classes":[]},{"id":13795,"url":"https:\/\/sinedjib.com\/index.php\/franc-tireur\/","url_meta":{"origin":16665,"position":4},"title":"Franc-Tireur","author":"SiNedjib","date":"02\/09\/2021","format":false,"excerpt":"Cette page recense les 19 articles de Franc-Tireur publi\u00e9s sur ce site depuis le 7 ao\u00fbt 2021. Le journal, initialement organe des Mouvements unis de r\u00e9sistance, a paru de 1941 \u00e0 1957. Il est consultable sur le site Gallica pour la p\u00e9riode 1944-1953. Marcel P\u00e9ju, \"Noces, d\u2019Albert Camus\", paru\u00a0dans\u00a0Franc-Tireur, 31\u2026","rel":"","context":"Article similaire","block_context":{"text":"Article similaire","link":""},"img":{"alt_text":"","src":"https:\/\/i0.wp.com\/sinedjib.com\/wp-content\/uploads\/2021\/08\/Franc-Tireur-31-aout-1945.png?resize=350%2C200&ssl=1","width":350,"height":200},"classes":[]},{"id":6837,"url":"https:\/\/sinedjib.com\/index.php\/ressources\/tribune-algerienne\/","url_meta":{"origin":16665,"position":5},"title":"Tribune alg\u00e9rienne","author":"SiNedjib","date":"25\/01\/2020","format":false,"excerpt":"Cette page recense les 25 articles de Tribune alg\u00e9rienne publi\u00e9s sur ce site depuis le 20 janvier 2019. Le bulletin du Comit\u00e9 de liaison des trotskystes alg\u00e9riens a paru de 1974 \u00e0 1980. Des num\u00e9ros sont consultables sur le portail Odyss\u00e9o. \"Le voyage de Marchais en Alg\u00e9rie\", paru dans Tribune\u2026","rel":"","context":"Article similaire","block_context":{"text":"Article similaire","link":""},"img":{"alt_text":"","src":"https:\/\/i0.wp.com\/sinedjib.com\/wp-content\/uploads\/2020\/02\/Tribune-alg%C3%A9rienne-janvier-1977.png?resize=350%2C200&ssl=1","width":350,"height":200},"classes":[]}],"_links":{"self":[{"href":"https:\/\/sinedjib.com\/index.php\/wp-json\/wp\/v2\/pages\/16665","targetHints":{"allow":["GET"]}}],"collection":[{"href":"https:\/\/sinedjib.com\/index.php\/wp-json\/wp\/v2\/pages"}],"about":[{"href":"https:\/\/sinedjib.com\/index.php\/wp-json\/wp\/v2\/types\/page"}],"author":[{"embeddable":true,"href":"https:\/\/sinedjib.com\/index.php\/wp-json\/wp\/v2\/users\/1"}],"replies":[{"embeddable":true,"href":"https:\/\/sinedjib.com\/index.php\/wp-json\/wp\/v2\/comments?post=16665"}],"version-history":[{"count":1,"href":"https:\/\/sinedjib.com\/index.php\/wp-json\/wp\/v2\/pages\/16665\/revisions"}],"predecessor-version":[{"id":16667,"href":"https:\/\/sinedjib.com\/index.php\/wp-json\/wp\/v2\/pages\/16665\/revisions\/16667"}],"wp:attachment":[{"href":"https:\/\/sinedjib.com\/index.php\/wp-json\/wp\/v2\/media?parent=16665"}],"curies":[{"name":"wp","href":"https:\/\/api.w.org\/{rel}","templated":true}]}}