{"id":16671,"date":"2022-07-18T18:23:03","date_gmt":"2022-07-18T16:23:03","guid":{"rendered":"https:\/\/sinedjib.com\/?page_id=16671"},"modified":"2023-03-11T11:50:48","modified_gmt":"2023-03-11T10:50:48","slug":"tribune-ouvriere","status":"publish","type":"page","link":"https:\/\/sinedjib.com\/index.php\/tribune-ouvriere\/","title":{"rendered":"Tribune ouvri\u00e8re"},"content":{"rendered":"\n<div class=\"wp-block-media-text alignwide is-stacked-on-mobile is-image-fill\"><figure class=\"wp-block-media-text__media\" style=\"background-image:url(https:\/\/sinedjib.com\/wp-content\/uploads\/2022\/01\/Tribune-ouvriere-janvier-1962.png);background-position:51% 0%\"><img data-recalc-dims=\"1\" loading=\"lazy\" decoding=\"async\" width=\"391\" height=\"551\" data-attachment-id=\"15183\" data-permalink=\"https:\/\/sinedjib.com\/index.php\/2022\/01\/03\/pourquoi-je-nai-pas-participe-a-la-manifestation-anti-o-a-s-le-19-decembre\/tribune-ouvriere-janvier-1962\/\" data-orig-file=\"https:\/\/i0.wp.com\/sinedjib.com\/wp-content\/uploads\/2022\/01\/Tribune-ouvriere-janvier-1962.png?fit=391%2C551&amp;ssl=1\" data-orig-size=\"391,551\" data-comments-opened=\"1\" data-image-meta=\"{&quot;aperture&quot;:&quot;0&quot;,&quot;credit&quot;:&quot;&quot;,&quot;camera&quot;:&quot;&quot;,&quot;caption&quot;:&quot;&quot;,&quot;created_timestamp&quot;:&quot;0&quot;,&quot;copyright&quot;:&quot;&quot;,&quot;focal_length&quot;:&quot;0&quot;,&quot;iso&quot;:&quot;0&quot;,&quot;shutter_speed&quot;:&quot;0&quot;,&quot;title&quot;:&quot;&quot;,&quot;orientation&quot;:&quot;0&quot;}\" data-image-title=\"Tribune-ouvriere-janvier-1962\" data-image-description=\"\" data-image-caption=\"\" data-large-file=\"https:\/\/i0.wp.com\/sinedjib.com\/wp-content\/uploads\/2022\/01\/Tribune-ouvriere-janvier-1962.png?fit=391%2C551&amp;ssl=1\" src=\"https:\/\/i0.wp.com\/sinedjib.com\/wp-content\/uploads\/2022\/01\/Tribune-ouvriere-janvier-1962.png?resize=391%2C551&#038;ssl=1\" alt=\"\" class=\"wp-image-15183 size-full\" srcset=\"https:\/\/i0.wp.com\/sinedjib.com\/wp-content\/uploads\/2022\/01\/Tribune-ouvriere-janvier-1962.png?w=391&amp;ssl=1 391w, https:\/\/i0.wp.com\/sinedjib.com\/wp-content\/uploads\/2022\/01\/Tribune-ouvriere-janvier-1962.png?resize=213%2C300&amp;ssl=1 213w\" sizes=\"auto, (max-width: 391px) 100vw, 391px\" \/><\/figure><div class=\"wp-block-media-text__content\">\n<p class=\"has-large-font-size\"><strong>Cette page recense les 8 articles de <em>Tribune ouvri\u00e8re<\/em> publi\u00e9s sur ce site depuis le 6 septembre 2016.<\/strong> <strong>Ce journal, anim\u00e9 par Jacques Gautrat dit <a rel=\"noreferrer noopener\" href=\"https:\/\/maitron.fr\/spip.php?article139883\" target=\"_blank\">Daniel Moth\u00e9<\/a>, a paru de 1954 \u00e0 1962. Ses sommaires sont consultables sur le site <a rel=\"noreferrer noopener\" href=\"https:\/\/archivesautonomies.org\/spip.php?article113\" target=\"_blank\">Archives Autonomies<\/a>.<\/strong><\/p>\n<\/div><\/div>\n\n\n\n<p>\u00ab\u00a0Retraite ou \u00e9mancipation\u00a0\u00bb, paru dans <em>Tribune ouvri\u00e8re<\/em>, n\u00b0 6, novembre 1954. <a href=\"https:\/\/sinedjib.com\/index.php\/2023\/01\/16\/retraite-ou-emancipation\/\">Lien<\/a><\/p>\n\n\n\n<p>\u00ab\u00a0Contre la guerre en Afrique du Nord : solidarit\u00e9 de classe\u00a0\u00bb, paru dans\u00a0<em>Tribune ouvri\u00e8re<\/em>, n\u00b0 15, ao\u00fbt-septembre 1955. <a href=\"https:\/\/sinedjib.com\/index.php\/2016\/09\/06\/contre-guerre\/\">Lien<\/a><\/p>\n\n\n\n<p>\u00ab\u00a0La retraite\u00a0\u00bb, paru dans <em>Tribune ouvri\u00e8re<\/em>, n\u00b0 20, f\u00e9vrier 1956. <a href=\"https:\/\/sinedjib.com\/index.php\/2023\/01\/19\/la-retraite\/\">Lien<\/a><\/p>\n\n\n\n<p>\u00ab\u00a0Ne nous laissons pas prendre \u00e0 la propagande\u00a0\u00bb, paru dans&nbsp;<em>Tribune ouvri\u00e8re<\/em>, n\u00b0 21, mars 1956. <a href=\"https:\/\/sinedjib.com\/index.php\/2016\/09\/07\/propagande\/\">Lien<\/a><\/p>\n\n\n\n<p>\u00ab\u00a0Mis\u00e8re de notre impuissance\u00a0\u00bb, paru dans <em>Tribune ouvri\u00e8re<\/em>, n\u00b0 78, octobre 1961. <a href=\"https:\/\/sinedjib.com\/index.php\/2021\/10\/04\/misere-de-notre-impuissance\/\">Lien<\/a><\/p>\n\n\n\n<p>\u00ab\u00a0Peut-il y avoir un \u00ab&nbsp;putsch&nbsp;\u00bb ?\u00a0\u00bb, paru dans <em>Tribune ouvri\u00e8re<\/em>, n\u00b0 81, janvier 1962. <a href=\"https:\/\/sinedjib.com\/index.php\/2022\/01\/19\/peut-il-y-avoir-un-putsch\/\">Lien<\/a><\/p>\n\n\n\n<p>\u00ab\u00a0Pourquoi je n\u2019ai pas particip\u00e9 \u00e0 la manifestation anti-O.A.S. le 19 d\u00e9cembre\u00a0\u00bb, paru dans <em>Tribune ouvri\u00e8re<\/em>, n\u00b0 81, janvier 1962. <a href=\"https:\/\/sinedjib.com\/index.php\/2022\/01\/03\/pourquoi-je-nai-pas-participe-a-la-manifestation-anti-o-a-s-le-19-decembre\/\">Lien<\/a><\/p>\n\n\n\n<p>\u00ab\u00a0Pas de oui pour de Gaulle !\u00a0\u00bb, paru <em>Tribune ouvri\u00e8re<\/em>, n\u00b0 82, 5 avril 1962. <a href=\"https:\/\/sinedjib.com\/index.php\/2022\/04\/24\/pas-de-oui-pour-de-gaulle\/\">Lien<\/a><\/p>\n","protected":false},"excerpt":{"rendered":"<p>Cette page recense les 8 articles de Tribune ouvri\u00e8re publi\u00e9s sur ce site depuis le 6 septembre 2016. Ce journal, anim\u00e9 par Jacques Gautrat dit Daniel Moth\u00e9, a paru de 1954 \u00e0 1962. Ses sommaires sont consultables sur le site Archives Autonomies. \u00ab\u00a0Retraite ou \u00e9mancipation\u00a0\u00bb, paru dans Tribune ouvri\u00e8re, n\u00b0 6, novembre 1954. Lien \u00ab\u00a0Contre [&hellip;]<\/p>\n","protected":false},"author":1,"featured_media":0,"parent":0,"menu_order":0,"comment_status":"closed","ping_status":"closed","template":"","meta":{"jetpack_post_was_ever_published":false,"footnotes":""},"class_list":["post-16671","page","type-page","status-publish","hentry"],"jetpack_sharing_enabled":true,"jetpack_shortlink":"https:\/\/wp.me\/P9lTYU-4kT","jetpack_likes_enabled":true,"jetpack-related-posts":[{"id":22345,"url":"https:\/\/sinedjib.com\/index.php\/index-des-publications\/","url_meta":{"origin":16671,"position":0},"title":"Index des publications","author":"SiNedjib","date":"17\/03\/2024","format":false,"excerpt":"Cette page pr\u00e9sente un index des publications (bulletins, journaux, revues, etc.) dont cinq textes \u2013 ou plus \u2013 ont \u00e9t\u00e9 retranscrits sur ce site depuis 2012. La liste sera progressivement compl\u00e9t\u00e9e avec l\u2019ensemble des autres r\u00e9f\u00e9rences. A Alarme ; Alger R\u00e9publicain ; Alternative libertaire ; Arguments ; B Le Bolch\u00e9vik\u2026","rel":"","context":"Article similaire","block_context":{"text":"Article similaire","link":""},"img":{"alt_text":"","src":"","width":0,"height":0},"classes":[]},{"id":6837,"url":"https:\/\/sinedjib.com\/index.php\/ressources\/tribune-algerienne\/","url_meta":{"origin":16671,"position":1},"title":"Tribune alg\u00e9rienne","author":"SiNedjib","date":"25\/01\/2020","format":false,"excerpt":"Cette page recense les 25 articles de Tribune alg\u00e9rienne publi\u00e9s sur ce site depuis le 20 janvier 2019. Le bulletin du Comit\u00e9 de liaison des trotskystes alg\u00e9riens a paru de 1974 \u00e0 1980. Des num\u00e9ros sont consultables sur le portail Odyss\u00e9o. \"Le voyage de Marchais en Alg\u00e9rie\", paru dans Tribune\u2026","rel":"","context":"Article similaire","block_context":{"text":"Article similaire","link":""},"img":{"alt_text":"","src":"https:\/\/i0.wp.com\/sinedjib.com\/wp-content\/uploads\/2020\/02\/Tribune-alg%C3%A9rienne-janvier-1977.png?resize=350%2C200&ssl=1","width":350,"height":200},"classes":[]},{"id":5483,"url":"https:\/\/sinedjib.com\/index.php\/ressources\/","url_meta":{"origin":16671,"position":2},"title":"Ressources","author":"SiNedjib","date":"30\/04\/2019","format":false,"excerpt":"Les textes retranscrits sur ce site proviennent principalement de 60 publications, mais aussi de 175 autres r\u00e9f\u00e9rences, sans oublier les extraits de 49 ouvrages. On peut y acc\u00e9der aupr\u00e8s de ces institutions ou sites : ANOM, Archives Autonomies, Archives R\u00e9volutionnaires, Archives socialistes, Biblioth\u00e8que du marxisme (libertaire), CERMTRI, Centre de ressources\u2026","rel":"","context":"Article similaire","block_context":{"text":"Article similaire","link":""},"img":{"alt_text":"","src":"https:\/\/i0.wp.com\/sinedjib.com\/wp-content\/uploads\/2024\/05\/972-logo_1000x667-1000x668-1.webp?resize=350%2C200&ssl=1","width":350,"height":200,"srcset":"https:\/\/i0.wp.com\/sinedjib.com\/wp-content\/uploads\/2024\/05\/972-logo_1000x667-1000x668-1.webp?resize=350%2C200&ssl=1 1x, https:\/\/i0.wp.com\/sinedjib.com\/wp-content\/uploads\/2024\/05\/972-logo_1000x667-1000x668-1.webp?resize=525%2C300&ssl=1 1.5x, https:\/\/i0.wp.com\/sinedjib.com\/wp-content\/uploads\/2024\/05\/972-logo_1000x667-1000x668-1.webp?resize=700%2C400&ssl=1 2x"},"classes":[]},{"id":22327,"url":"https:\/\/sinedjib.com\/index.php\/voix-ouvriere\/","url_meta":{"origin":16671,"position":3},"title":"Voix ouvri\u00e8re","author":"SiNedjib","date":"17\/03\/2024","format":false,"excerpt":"Cette page recense les 6 articles de Voix ouvri\u00e8re publi\u00e9s sur ce site depuis le 11 novembre 2022. Le journal a paru de 1962 \u00e0 1968. Ses exemplaires sont consultables sur Lutte ouvri\u00e8re. G\u00e9rard Nidraux, \"Au pays du socialisme \u00ab\u00a0arabo-islamique\u00a0\u00bb le deuxi\u00e8me congr\u00e8s de l\u2019U.G.T.A.\", paru dans Voix ouvri\u00e8re, n\u00b0\u2026","rel":"","context":"Article similaire","block_context":{"text":"Article similaire","link":""},"img":{"alt_text":"","src":"https:\/\/i0.wp.com\/sinedjib.com\/wp-content\/uploads\/2024\/03\/Voix-ouvriere-29-juin-1965.png?resize=350%2C200&ssl=1","width":350,"height":200,"srcset":"https:\/\/i0.wp.com\/sinedjib.com\/wp-content\/uploads\/2024\/03\/Voix-ouvriere-29-juin-1965.png?resize=350%2C200&ssl=1 1x, https:\/\/i0.wp.com\/sinedjib.com\/wp-content\/uploads\/2024\/03\/Voix-ouvriere-29-juin-1965.png?resize=525%2C300&ssl=1 1.5x"},"classes":[]},{"id":22306,"url":"https:\/\/sinedjib.com\/index.php\/force-ouvriere\/","url_meta":{"origin":16671,"position":4},"title":"Force ouvri\u00e8re","author":"SiNedjib","date":"17\/03\/2024","format":false,"excerpt":"Cette page recense les 9 articles de Force ouvri\u00e8re publi\u00e9s sur ce site depuis le 8 ao\u00fbt 2021. L'hebdomadaire est disponible pour la p\u00e9riode 1945-1951 sur Retronews. G. S., \"La Lie de la terre\", paru dans Force ouvri\u00e8re, n\u00b0 50, 5 d\u00e9cembre 1946. Lien Paul S\u00e9nac, \"Victor Serge n\u2019est plus\",\u2026","rel":"","context":"Article similaire","block_context":{"text":"Article similaire","link":""},"img":{"alt_text":"","src":"https:\/\/i0.wp.com\/sinedjib.com\/wp-content\/uploads\/2021\/08\/Force-ouvriere-23-fevrier-1950.png?resize=350%2C200&ssl=1","width":350,"height":200},"classes":[]},{"id":22317,"url":"https:\/\/sinedjib.com\/index.php\/nouvelle-gauche\/","url_meta":{"origin":16671,"position":5},"title":"Nouvelle Gauche","author":"SiNedjib","date":"17\/03\/2024","format":false,"excerpt":"Cette page recense les 12 articles de Nouvelle Gauche publi\u00e9s sur ce site depuis le 31 mai 2015. L'organe du Mouvement uni de la nouvelle gauche a paru de 1956 \u00e0 1957. Claude Bourdet, \"N\u2019ayons pas peur d\u2019avoir raison\", paru dans\u00a0Nouvelle Gauche, n\u00b0 1, 15 avril 1956. Lien \"La Guerre\u2026","rel":"","context":"Article similaire","block_context":{"text":"Article similaire","link":""},"img":{"alt_text":"","src":"https:\/\/i0.wp.com\/sinedjib.com\/wp-content\/uploads\/2024\/02\/Nouvelle-Gauche-15-avril-1956.png?resize=350%2C200&ssl=1","width":350,"height":200,"srcset":"https:\/\/i0.wp.com\/sinedjib.com\/wp-content\/uploads\/2024\/02\/Nouvelle-Gauche-15-avril-1956.png?resize=350%2C200&ssl=1 1x, https:\/\/i0.wp.com\/sinedjib.com\/wp-content\/uploads\/2024\/02\/Nouvelle-Gauche-15-avril-1956.png?resize=525%2C300&ssl=1 1.5x"},"classes":[]}],"_links":{"self":[{"href":"https:\/\/sinedjib.com\/index.php\/wp-json\/wp\/v2\/pages\/16671","targetHints":{"allow":["GET"]}}],"collection":[{"href":"https:\/\/sinedjib.com\/index.php\/wp-json\/wp\/v2\/pages"}],"about":[{"href":"https:\/\/sinedjib.com\/index.php\/wp-json\/wp\/v2\/types\/page"}],"author":[{"embeddable":true,"href":"https:\/\/sinedjib.com\/index.php\/wp-json\/wp\/v2\/users\/1"}],"replies":[{"embeddable":true,"href":"https:\/\/sinedjib.com\/index.php\/wp-json\/wp\/v2\/comments?post=16671"}],"version-history":[{"count":3,"href":"https:\/\/sinedjib.com\/index.php\/wp-json\/wp\/v2\/pages\/16671\/revisions"}],"predecessor-version":[{"id":18254,"href":"https:\/\/sinedjib.com\/index.php\/wp-json\/wp\/v2\/pages\/16671\/revisions\/18254"}],"wp:attachment":[{"href":"https:\/\/sinedjib.com\/index.php\/wp-json\/wp\/v2\/media?parent=16671"}],"curies":[{"name":"wp","href":"https:\/\/api.w.org\/{rel}","templated":true}]}}