{"id":16677,"date":"2022-07-18T18:45:05","date_gmt":"2022-07-18T16:45:05","guid":{"rendered":"https:\/\/sinedjib.com\/?page_id=16677"},"modified":"2023-05-08T12:02:11","modified_gmt":"2023-05-08T10:02:11","slug":"la-verite-des-travailleurs","status":"publish","type":"page","link":"https:\/\/sinedjib.com\/index.php\/la-verite-des-travailleurs\/","title":{"rendered":"La V\u00e9rit\u00e9 des travailleurs"},"content":{"rendered":"\n<div class=\"wp-block-media-text alignwide is-stacked-on-mobile is-image-fill\"><figure class=\"wp-block-media-text__media\" style=\"background-image:url(https:\/\/sinedjib.com\/wp-content\/uploads\/2022\/01\/La-Verite-des-travailleurs-janvier-1962.png);background-position:51% 0%\"><img data-recalc-dims=\"1\" loading=\"lazy\" decoding=\"async\" width=\"460\" height=\"586\" data-attachment-id=\"15200\" data-permalink=\"https:\/\/sinedjib.com\/index.php\/2022\/01\/05\/g-vataud-contre-lo-a-s-certes-mais-aussi-contre-de-gaulle\/la-verite-des-travailleurs-janvier-1962\/\" data-orig-file=\"https:\/\/i0.wp.com\/sinedjib.com\/wp-content\/uploads\/2022\/01\/La-Verite-des-travailleurs-janvier-1962.png?fit=460%2C586&amp;ssl=1\" data-orig-size=\"460,586\" data-comments-opened=\"1\" data-image-meta=\"{&quot;aperture&quot;:&quot;0&quot;,&quot;credit&quot;:&quot;&quot;,&quot;camera&quot;:&quot;&quot;,&quot;caption&quot;:&quot;&quot;,&quot;created_timestamp&quot;:&quot;0&quot;,&quot;copyright&quot;:&quot;&quot;,&quot;focal_length&quot;:&quot;0&quot;,&quot;iso&quot;:&quot;0&quot;,&quot;shutter_speed&quot;:&quot;0&quot;,&quot;title&quot;:&quot;&quot;,&quot;orientation&quot;:&quot;0&quot;}\" data-image-title=\"La-Verite-des-travailleurs-janvier-1962\" data-image-description=\"\" data-image-caption=\"\" data-large-file=\"https:\/\/i0.wp.com\/sinedjib.com\/wp-content\/uploads\/2022\/01\/La-Verite-des-travailleurs-janvier-1962.png?fit=460%2C586&amp;ssl=1\" src=\"https:\/\/i0.wp.com\/sinedjib.com\/wp-content\/uploads\/2022\/01\/La-Verite-des-travailleurs-janvier-1962.png?resize=460%2C586&#038;ssl=1\" alt=\"\" class=\"wp-image-15200 size-full\" srcset=\"https:\/\/i0.wp.com\/sinedjib.com\/wp-content\/uploads\/2022\/01\/La-Verite-des-travailleurs-janvier-1962.png?w=460&amp;ssl=1 460w, https:\/\/i0.wp.com\/sinedjib.com\/wp-content\/uploads\/2022\/01\/La-Verite-des-travailleurs-janvier-1962.png?resize=235%2C300&amp;ssl=1 235w\" sizes=\"auto, (max-width: 460px) 100vw, 460px\" \/><\/figure><div class=\"wp-block-media-text__content\">\n<p class=\"has-large-font-size\"><strong>Cette page recense les 21 articles de <em>La V\u00e9rit\u00e9 des travailleurs<\/em> publi\u00e9s sur ce site depuis le 5 janvier 2022.<\/strong> <strong>Le journal du Parti communiste internationaliste a paru de 1952 \u00e0 1962. Ses sommaires sont consultables sur le site <a rel=\"noreferrer noopener\" href=\"http:\/\/association-radar.org\/?-Journaux-47-\" target=\"_blank\">RaDAR<\/a>.<\/strong><\/p>\n<\/div><\/div>\n\n\n\n<p>R. Merlin, \u00ab\u00a0Le livre de Pierre Herv\u00e9, nouvel \u00e9pisode de la crise du stalinisme. Pour une v\u00e9ritable discussion\u00a0\u00bb, paru dans <em>La V\u00e9rit\u00e9 des travailleurs<\/em>, n\u00b0 38, f\u00e9vrier 1956. <a href=\"https:\/\/sinedjib.com\/index.php\/2022\/08\/13\/r-merlin-le-livre-de-pierre-herve-nouvel-episode-de-la-crise-du-stalinisme\/\">Lien<\/a><\/p>\n\n\n\n<p>\u00ab\u00a0Les intellectuels et la d\u00e9stalinisation\u00a0\u00bb, paru dans <em>La V\u00e9rit\u00e9 des travailleurs<\/em>, n\u00b0 54, janvier 1957. <a href=\"https:\/\/sinedjib.com\/index.php\/2023\/04\/17\/les-intellectuels-et-la-destalinisation\/\">Lien<\/a><\/p>\n\n\n\n<div class=\"wp-block-media-text alignwide has-media-on-the-right is-stacked-on-mobile is-image-fill\"><figure class=\"wp-block-media-text__media\" style=\"background-image:url(https:\/\/sinedjib.com\/wp-content\/uploads\/2022\/01\/La-Verite-des-travailleurs-janvier-1962.png);background-position:62% 47%\"><img data-recalc-dims=\"1\" loading=\"lazy\" decoding=\"async\" width=\"460\" height=\"586\" data-attachment-id=\"15200\" data-permalink=\"https:\/\/sinedjib.com\/index.php\/2022\/01\/05\/g-vataud-contre-lo-a-s-certes-mais-aussi-contre-de-gaulle\/la-verite-des-travailleurs-janvier-1962\/\" data-orig-file=\"https:\/\/i0.wp.com\/sinedjib.com\/wp-content\/uploads\/2022\/01\/La-Verite-des-travailleurs-janvier-1962.png?fit=460%2C586&amp;ssl=1\" data-orig-size=\"460,586\" data-comments-opened=\"1\" data-image-meta=\"{&quot;aperture&quot;:&quot;0&quot;,&quot;credit&quot;:&quot;&quot;,&quot;camera&quot;:&quot;&quot;,&quot;caption&quot;:&quot;&quot;,&quot;created_timestamp&quot;:&quot;0&quot;,&quot;copyright&quot;:&quot;&quot;,&quot;focal_length&quot;:&quot;0&quot;,&quot;iso&quot;:&quot;0&quot;,&quot;shutter_speed&quot;:&quot;0&quot;,&quot;title&quot;:&quot;&quot;,&quot;orientation&quot;:&quot;0&quot;}\" data-image-title=\"La-Verite-des-travailleurs-janvier-1962\" data-image-description=\"\" data-image-caption=\"\" data-large-file=\"https:\/\/i0.wp.com\/sinedjib.com\/wp-content\/uploads\/2022\/01\/La-Verite-des-travailleurs-janvier-1962.png?fit=460%2C586&amp;ssl=1\" src=\"https:\/\/i0.wp.com\/sinedjib.com\/wp-content\/uploads\/2022\/01\/La-Verite-des-travailleurs-janvier-1962.png?resize=460%2C586&#038;ssl=1\" alt=\"\" class=\"wp-image-15200 size-full\" srcset=\"https:\/\/i0.wp.com\/sinedjib.com\/wp-content\/uploads\/2022\/01\/La-Verite-des-travailleurs-janvier-1962.png?w=460&amp;ssl=1 460w, https:\/\/i0.wp.com\/sinedjib.com\/wp-content\/uploads\/2022\/01\/La-Verite-des-travailleurs-janvier-1962.png?resize=235%2C300&amp;ssl=1 235w\" sizes=\"auto, (max-width: 460px) 100vw, 460px\" \/><\/figure><div class=\"wp-block-media-text__content\">\n<p>G. Vataud, \u00ab\u00a0Contre l\u2019O.A.S. certes. Mais aussi contre De Gaulle\u00a0\u00bb, paru dans <em>La V\u00e9rit\u00e9 des travailleurs<\/em>, n\u00b0 122, janvier 1962. <a href=\"https:\/\/sinedjib.com\/index.php\/2022\/01\/05\/g-vataud-contre-lo-a-s-certes-mais-aussi-contre-de-gaulle\/\">Lien<\/a><\/p>\n\n\n\n<p>Michel Pablo, \u00ab\u00a0Pour l\u2019Alg\u00e9rie combattante et martyre\u00a0\u00bb, paru dans <em>La V\u00e9rit\u00e9 des travailleurs<\/em>, n\u00b0 122, janvier 1962. <a href=\"https:\/\/sinedjib.com\/index.php\/2022\/01\/18\/michel-pablo-pour-lalgerie-combattante-et-martyre\/\">Lien<\/a><\/p>\n<\/div><\/div>\n\n\n\n<div class=\"wp-block-media-text alignwide is-stacked-on-mobile is-image-fill\"><figure class=\"wp-block-media-text__media\" style=\"background-image:url(https:\/\/sinedjib.com\/wp-content\/uploads\/2022\/02\/La-Verite-des-travailleurs-fevrier-1962.png);background-position:60% 46%\"><img data-recalc-dims=\"1\" loading=\"lazy\" decoding=\"async\" width=\"444\" height=\"579\" data-attachment-id=\"15495\" data-permalink=\"https:\/\/sinedjib.com\/index.php\/2022\/02\/06\/louis-brates-les-algeriens-sont-nos-freres\/la-verite-des-travailleurs-fevrier-1962\/\" data-orig-file=\"https:\/\/i0.wp.com\/sinedjib.com\/wp-content\/uploads\/2022\/02\/La-Verite-des-travailleurs-fevrier-1962.png?fit=444%2C579&amp;ssl=1\" data-orig-size=\"444,579\" data-comments-opened=\"1\" data-image-meta=\"{&quot;aperture&quot;:&quot;0&quot;,&quot;credit&quot;:&quot;&quot;,&quot;camera&quot;:&quot;&quot;,&quot;caption&quot;:&quot;&quot;,&quot;created_timestamp&quot;:&quot;0&quot;,&quot;copyright&quot;:&quot;&quot;,&quot;focal_length&quot;:&quot;0&quot;,&quot;iso&quot;:&quot;0&quot;,&quot;shutter_speed&quot;:&quot;0&quot;,&quot;title&quot;:&quot;&quot;,&quot;orientation&quot;:&quot;0&quot;}\" data-image-title=\"La-Verite-des-travailleurs-fevrier-1962\" data-image-description=\"\" data-image-caption=\"\" data-large-file=\"https:\/\/i0.wp.com\/sinedjib.com\/wp-content\/uploads\/2022\/02\/La-Verite-des-travailleurs-fevrier-1962.png?fit=444%2C579&amp;ssl=1\" src=\"https:\/\/i0.wp.com\/sinedjib.com\/wp-content\/uploads\/2022\/02\/La-Verite-des-travailleurs-fevrier-1962.png?resize=444%2C579&#038;ssl=1\" alt=\"\" class=\"wp-image-15495 size-full\" srcset=\"https:\/\/i0.wp.com\/sinedjib.com\/wp-content\/uploads\/2022\/02\/La-Verite-des-travailleurs-fevrier-1962.png?w=444&amp;ssl=1 444w, https:\/\/i0.wp.com\/sinedjib.com\/wp-content\/uploads\/2022\/02\/La-Verite-des-travailleurs-fevrier-1962.png?resize=230%2C300&amp;ssl=1 230w\" sizes=\"auto, (max-width: 444px) 100vw, 444px\" \/><\/figure><div class=\"wp-block-media-text__content\">\n<p>Louis Brates, \u00ab\u00a0Les Alg\u00e9riens sont nos fr\u00e8res\u00a0\u00bb, paru dans <em>La V\u00e9rit\u00e9 des travailleurs<\/em>, n\u00b0 123, f\u00e9vrier 1962. <a href=\"https:\/\/sinedjib.com\/index.php\/2022\/02\/06\/louis-brates-les-algeriens-sont-nos-freres\/\">Lien<\/a><\/p>\n\n\n\n<p>Michel Fiant, \u00ab\u00a0Huit morts \u2013 Une le\u00e7on. Contre le fascisme, contre de Gaulle\u00a0\u00bb, paru dans <em>La V\u00e9rit\u00e9 des travailleurs<\/em>, n\u00b0 122, f\u00e9vrier 1962. <a href=\"https:\/\/sinedjib.com\/index.php\/2022\/02\/16\/michel-fiant-huit-morts-une-lecon-contre-le-fascisme-contre-de-gaulle\/\">Lien<\/a><\/p>\n<\/div><\/div>\n\n\n\n<div class=\"wp-block-media-text alignwide has-media-on-the-right is-stacked-on-mobile is-image-fill\"><figure class=\"wp-block-media-text__media\" style=\"background-image:url(https:\/\/sinedjib.com\/wp-content\/uploads\/2022\/03\/La-Verite-des-travailleurs-mars-1962.png);background-position:50% 50%\"><img data-recalc-dims=\"1\" loading=\"lazy\" decoding=\"async\" width=\"444\" height=\"591\" data-attachment-id=\"15718\" data-permalink=\"https:\/\/sinedjib.com\/index.php\/2022\/03\/06\/une-severe-lecon-aux-fascistes-belges\/la-verite-des-travailleurs-mars-1962\/\" data-orig-file=\"https:\/\/i0.wp.com\/sinedjib.com\/wp-content\/uploads\/2022\/03\/La-Verite-des-travailleurs-mars-1962.png?fit=444%2C591&amp;ssl=1\" data-orig-size=\"444,591\" data-comments-opened=\"1\" data-image-meta=\"{&quot;aperture&quot;:&quot;0&quot;,&quot;credit&quot;:&quot;&quot;,&quot;camera&quot;:&quot;&quot;,&quot;caption&quot;:&quot;&quot;,&quot;created_timestamp&quot;:&quot;0&quot;,&quot;copyright&quot;:&quot;&quot;,&quot;focal_length&quot;:&quot;0&quot;,&quot;iso&quot;:&quot;0&quot;,&quot;shutter_speed&quot;:&quot;0&quot;,&quot;title&quot;:&quot;&quot;,&quot;orientation&quot;:&quot;0&quot;}\" data-image-title=\"La-Verite-des-travailleurs-mars-1962\" data-image-description=\"\" data-image-caption=\"\" data-large-file=\"https:\/\/i0.wp.com\/sinedjib.com\/wp-content\/uploads\/2022\/03\/La-Verite-des-travailleurs-mars-1962.png?fit=444%2C591&amp;ssl=1\" src=\"https:\/\/i0.wp.com\/sinedjib.com\/wp-content\/uploads\/2022\/03\/La-Verite-des-travailleurs-mars-1962.png?resize=444%2C591&#038;ssl=1\" alt=\"\" class=\"wp-image-15718 size-full\" srcset=\"https:\/\/i0.wp.com\/sinedjib.com\/wp-content\/uploads\/2022\/03\/La-Verite-des-travailleurs-mars-1962.png?w=444&amp;ssl=1 444w, https:\/\/i0.wp.com\/sinedjib.com\/wp-content\/uploads\/2022\/03\/La-Verite-des-travailleurs-mars-1962.png?resize=225%2C300&amp;ssl=1 225w\" sizes=\"auto, (max-width: 444px) 100vw, 444px\" \/><\/figure><div class=\"wp-block-media-text__content\">\n<p>H. Duparc, \u00ab\u00a0Apr\u00e8s le cessez-le-feu\u00a0\u00bb, paru dans <em>La V\u00e9rit\u00e9 des travailleurs<\/em>, n\u00b0 124, mars 1962. <a href=\"https:\/\/sinedjib.com\/index.php\/2022\/03\/20\/h-duparc-apres-le-cessez-le-feu\/\">Lien<\/a><\/p>\n\n\n\n<p>\u00ab\u00a0Apr\u00e8s le cessez-le-feu : \u00e9craser l\u2019O.A.S., contraindre l\u2019imp\u00e9rialisme \u00e0 de nouveaux reculs\u00a0\u00bb, paru dans <em>La V\u00e9rit\u00e9 des travailleurs<\/em>, n\u00b0 124, mars 1962. <a href=\"https:\/\/sinedjib.com\/index.php\/2022\/03\/10\/apres-le-cessez-le-feu-ecraser-lo-a-s-contraindre-limperialisme-a-de-nouveaux-reculs\/\">Lien<\/a><\/p>\n\n\n\n<p>\u00ab\u00a0Une s\u00e9v\u00e8re le\u00e7on aux fascistes belges\u00a0\u00bb, paru dans <em>La V\u00e9rit\u00e9 des travailleurs<\/em>, n\u00b0 124, mars 1962. <a href=\"https:\/\/sinedjib.com\/index.php\/2022\/03\/06\/une-severe-lecon-aux-fascistes-belges\/\">Lien<\/a><\/p>\n\n\n\n<p>G. Vataud, \u00ab\u00a0Alg\u00e9rie ind\u00e9pendante\u00a0\u00bb, paru dans <em>La V\u00e9rit\u00e9 des travailleurs<\/em>, n\u00b0 124, mars 1962. <a href=\"https:\/\/sinedjib.com\/index.php\/2022\/03\/16\/g-vataud-algerie-independante\/\">Lien<\/a><\/p>\n\n\n\n<p>Roberta, \u00ab\u00a0Meeting du F.U.A.\u00a0\u00bb, paru dans <em>La V\u00e9rit\u00e9 des travailleurs<\/em>, n\u00b0 124, mars 1962. <a href=\"https:\/\/sinedjib.com\/index.php\/2022\/03\/13\/roberta-meeting-du-f-u-a\/\">Lien<\/a><\/p>\n\n\n\n<p>\u00ab\u00a0Vive la r\u00e9volution alg\u00e9rienne\u00a0\u00bb, D\u00e9claration du Parti communiste internationaliste parue dans <em>La V\u00e9rit\u00e9 des travailleurs<\/em>, n\u00b0 124, mars 1962. <a href=\"https:\/\/sinedjib.com\/index.php\/2022\/03\/18\/vive-la-revolution-algerienne\/\">Lien<\/a><\/p>\n<\/div><\/div>\n\n\n\n<div class=\"wp-block-media-text alignwide is-stacked-on-mobile is-image-fill\"><figure class=\"wp-block-media-text__media\" style=\"background-image:url(https:\/\/sinedjib.com\/wp-content\/uploads\/2022\/04\/La-Verite-des-travailleurs-avril-1962.png);background-position:53% 0%\"><img data-recalc-dims=\"1\" loading=\"lazy\" decoding=\"async\" width=\"454\" height=\"594\" data-attachment-id=\"15933\" data-permalink=\"https:\/\/sinedjib.com\/index.php\/2022\/04\/11\/m-derval-la-nouvelle-etape\/la-verite-des-travailleurs-avril-1962\/\" data-orig-file=\"https:\/\/i0.wp.com\/sinedjib.com\/wp-content\/uploads\/2022\/04\/La-Verite-des-travailleurs-avril-1962.png?fit=454%2C594&amp;ssl=1\" data-orig-size=\"454,594\" data-comments-opened=\"1\" data-image-meta=\"{&quot;aperture&quot;:&quot;0&quot;,&quot;credit&quot;:&quot;&quot;,&quot;camera&quot;:&quot;&quot;,&quot;caption&quot;:&quot;&quot;,&quot;created_timestamp&quot;:&quot;0&quot;,&quot;copyright&quot;:&quot;&quot;,&quot;focal_length&quot;:&quot;0&quot;,&quot;iso&quot;:&quot;0&quot;,&quot;shutter_speed&quot;:&quot;0&quot;,&quot;title&quot;:&quot;&quot;,&quot;orientation&quot;:&quot;0&quot;}\" data-image-title=\"La-Verite-des-travailleurs-avril-1962\" data-image-description=\"\" data-image-caption=\"\" data-large-file=\"https:\/\/i0.wp.com\/sinedjib.com\/wp-content\/uploads\/2022\/04\/La-Verite-des-travailleurs-avril-1962.png?fit=454%2C594&amp;ssl=1\" src=\"https:\/\/i0.wp.com\/sinedjib.com\/wp-content\/uploads\/2022\/04\/La-Verite-des-travailleurs-avril-1962.png?resize=454%2C594&#038;ssl=1\" alt=\"\" class=\"wp-image-15933 size-full\" srcset=\"https:\/\/i0.wp.com\/sinedjib.com\/wp-content\/uploads\/2022\/04\/La-Verite-des-travailleurs-avril-1962.png?w=454&amp;ssl=1 454w, https:\/\/i0.wp.com\/sinedjib.com\/wp-content\/uploads\/2022\/04\/La-Verite-des-travailleurs-avril-1962.png?resize=229%2C300&amp;ssl=1 229w\" sizes=\"auto, (max-width: 454px) 100vw, 454px\" \/><\/figure><div class=\"wp-block-media-text__content\">\n<p>M. Derval, \u00ab\u00a0La nouvelle \u00e9tape\u00a0\u00bb, paru dans <em>La V\u00e9rit\u00e9 des travailleurs<\/em>, n\u00b0 125, avril 1962. <a href=\"https:\/\/sinedjib.com\/index.php\/2022\/04\/11\/m-derval-la-nouvelle-etape\/\">Lien<\/a><\/p>\n\n\n\n<p>\u00ab\u00a0Itin\u00e9raire de Robert Bonnaud\u00a0\u00bb, paru dans <em>La V\u00e9rit\u00e9 des travailleurs<\/em>, n\u00b0 125, avril 1962. <a href=\"https:\/\/sinedjib.com\/index.php\/2022\/04\/13\/itineraire-de-robert-bonnaud\/\">Lien<\/a><\/p>\n\n\n\n<p>Pierre Frank, \u00ab\u00a0Les accords d\u2019Evian et la r\u00e9volution alg\u00e9rienne\u00a0\u00bb, <em>La V\u00e9rit\u00e9 des travailleurs<\/em>, n\u00b0 125, avril 1962. <a href=\"https:\/\/sinedjib.com\/index.php\/2022\/04\/14\/pierre-frank-les-accords-devian-et-la-revolution-algerienne\/\">Lien<\/a><\/p>\n\n\n\n<p>\u00ab\u00a0Front de Solidarit\u00e9 \u00e0 la R\u00e9volution Alg\u00e9rienne\u00a0\u00bb, paru dans <em>La V\u00e9rit\u00e9 des travailleurs<\/em>, n\u00b0 125, avril 1962. <a href=\"https:\/\/sinedjib.com\/index.php\/2022\/04\/12\/front-de-solidarite-a-la-revolution-algerienne\/\">Lien<\/a><\/p>\n<\/div><\/div>\n\n\n\n<div class=\"wp-block-media-text alignwide has-media-on-the-right is-stacked-on-mobile is-image-fill\"><figure class=\"wp-block-media-text__media\" style=\"background-image:url(https:\/\/sinedjib.com\/wp-content\/uploads\/2022\/05\/La-Verite-des-travailleurs-mai-1962.png);background-position:53% 0%\"><img data-recalc-dims=\"1\" loading=\"lazy\" decoding=\"async\" width=\"425\" height=\"547\" data-attachment-id=\"16214\" data-permalink=\"https:\/\/sinedjib.com\/index.php\/2022\/05\/10\/lo-a-s-ennemi-commun\/la-verite-des-travailleurs-mai-1962\/\" data-orig-file=\"https:\/\/i0.wp.com\/sinedjib.com\/wp-content\/uploads\/2022\/05\/La-Verite-des-travailleurs-mai-1962.png?fit=425%2C547&amp;ssl=1\" data-orig-size=\"425,547\" data-comments-opened=\"1\" data-image-meta=\"{&quot;aperture&quot;:&quot;0&quot;,&quot;credit&quot;:&quot;&quot;,&quot;camera&quot;:&quot;&quot;,&quot;caption&quot;:&quot;&quot;,&quot;created_timestamp&quot;:&quot;0&quot;,&quot;copyright&quot;:&quot;&quot;,&quot;focal_length&quot;:&quot;0&quot;,&quot;iso&quot;:&quot;0&quot;,&quot;shutter_speed&quot;:&quot;0&quot;,&quot;title&quot;:&quot;&quot;,&quot;orientation&quot;:&quot;0&quot;}\" data-image-title=\"La-Verite-des-travailleurs-mai-1962\" data-image-description=\"\" data-image-caption=\"\" data-large-file=\"https:\/\/i0.wp.com\/sinedjib.com\/wp-content\/uploads\/2022\/05\/La-Verite-des-travailleurs-mai-1962.png?fit=425%2C547&amp;ssl=1\" src=\"https:\/\/i0.wp.com\/sinedjib.com\/wp-content\/uploads\/2022\/05\/La-Verite-des-travailleurs-mai-1962.png?resize=425%2C547&#038;ssl=1\" alt=\"\" class=\"wp-image-16214 size-full\" srcset=\"https:\/\/i0.wp.com\/sinedjib.com\/wp-content\/uploads\/2022\/05\/La-Verite-des-travailleurs-mai-1962.png?w=425&amp;ssl=1 425w, https:\/\/i0.wp.com\/sinedjib.com\/wp-content\/uploads\/2022\/05\/La-Verite-des-travailleurs-mai-1962.png?resize=233%2C300&amp;ssl=1 233w\" sizes=\"auto, (max-width: 425px) 100vw, 425px\" \/><\/figure><div class=\"wp-block-media-text__content\">\n<p>\u00ab\u00a0L\u2019O.A.S. ennemi commun\u00a0\u00bb, paru dans <em>La V\u00e9rit\u00e9 des travailleurs<\/em>, n\u00b0 126, mai 1962. <a href=\"https:\/\/sinedjib.com\/index.php\/2022\/05\/10\/lo-a-s-ennemi-commun\/\">Lien<\/a><\/p>\n\n\n\n<p>\u00ab\u00a0Avec les bless\u00e9s de la Casbah\u00a0\u00bb, paru dans <em>La V\u00e9rit\u00e9 des travailleurs<\/em>, n\u00b0 126, mai 1962. <a href=\"https:\/\/sinedjib.com\/index.php\/2022\/05\/11\/avec-les-blesses-de-la-casbah\/\">Lien<\/a><\/p>\n\n\n\n<p>\u00ab\u00a0Suivi d\u2019une quarantaine de signatures, nous avons re\u00e7u l\u2019appel suivant : Des insoumis et d\u00e9serteurs anticolonialistes en appellent \u00e0 l\u2019opinion publique\u00a0\u00bb, paru dans <em>La V\u00e9rit\u00e9 des travailleurs<\/em>, n\u00b0 126, mai 1962. <a href=\"https:\/\/sinedjib.com\/index.php\/2022\/05\/12\/suivi-dune-quarantaine-de-signatures-nous-avons-recu-lappel-suivant-des-insoumis-et-deserteurs-anticolonialistes-en-appellent-a-lopinion-publique\/\">Lien<\/a><\/p>\n\n\n\n<p>\u00ab\u00a0Le Front de solidarit\u00e9 \u00e0 la r\u00e9volution alg\u00e9rienne poursuit son activit\u00e9\u00a0\u00bb, paru dans <em>La V\u00e9rit\u00e9 des travailleurs<\/em>, n\u00b0 126, mai 1962. <a href=\"https:\/\/sinedjib.com\/index.php\/2022\/05\/14\/le-front-de-solidarite-a-la-revolution-algerienne-poursuit-son-activite\/\">Lien<\/a><\/p>\n\n\n\n<p>\u00ab\u00a0La raison d\u2019Etat de Pierre Vidal-Naquet\u00a0\u00bb, paru dans <em>La V\u00e9rit\u00e9 des travailleurs<\/em>, n\u00b0 126, mai 1962. <a href=\"https:\/\/sinedjib.com\/index.php\/2022\/05\/15\/la-raison-detat-de-pierre-vidal-naquet\/\">Lien<\/a><\/p>\n<\/div><\/div>\n","protected":false},"excerpt":{"rendered":"<p>Cette page recense les 21 articles de La V\u00e9rit\u00e9 des travailleurs publi\u00e9s sur ce site depuis le 5 janvier 2022. Le journal du Parti communiste internationaliste a paru de 1952 \u00e0 1962. Ses sommaires sont consultables sur le site RaDAR. R. Merlin, \u00ab\u00a0Le livre de Pierre Herv\u00e9, nouvel \u00e9pisode de la crise du stalinisme. Pour [&hellip;]<\/p>\n","protected":false},"author":1,"featured_media":0,"parent":0,"menu_order":0,"comment_status":"closed","ping_status":"closed","template":"","meta":{"jetpack_post_was_ever_published":false,"footnotes":""},"class_list":["post-16677","page","type-page","status-publish","hentry"],"jetpack_sharing_enabled":true,"jetpack_shortlink":"https:\/\/wp.me\/P9lTYU-4kZ","jetpack_likes_enabled":true,"jetpack-related-posts":[{"id":22345,"url":"https:\/\/sinedjib.com\/index.php\/index-des-publications\/","url_meta":{"origin":16677,"position":0},"title":"Index des publications","author":"SiNedjib","date":"17\/03\/2024","format":false,"excerpt":"Cette page pr\u00e9sente un index des publications (bulletins, journaux, revues, etc.) dont cinq textes \u2013 ou plus \u2013 ont \u00e9t\u00e9 retranscrits sur ce site depuis 2012. La liste sera progressivement compl\u00e9t\u00e9e avec l\u2019ensemble des autres r\u00e9f\u00e9rences. A Alarme ; Alger R\u00e9publicain ; Alternative libertaire ; Arguments ; B Le Bolch\u00e9vik\u2026","rel":"","context":"Article similaire","block_context":{"text":"Article similaire","link":""},"img":{"alt_text":"","src":"","width":0,"height":0},"classes":[]},{"id":21617,"url":"https:\/\/sinedjib.com\/index.php\/index-auteurs\/","url_meta":{"origin":16677,"position":1},"title":"Index des auteurs","author":"SiNedjib","date":"16\/03\/2024","format":false,"excerpt":"Cette page pr\u00e9sente un index des 34 auteurs dont 5 textes - ou plus - ont \u00e9t\u00e9 retranscrits sur ce site depuis 2013. La liste sera progressivement compl\u00e9t\u00e9e avec l'ensemble des contributeurs. AIT AHMED Hocine ; AMAZIT Idir ; BOUNANE Akli ; BOUSSEL Pierre (LAMBERT Pierre) ; BRETON Andr\u00e9 ;\u2026","rel":"","context":"Article similaire","block_context":{"text":"Article similaire","link":""},"img":{"alt_text":"","src":"","width":0,"height":0},"classes":[]},{"id":6855,"url":"https:\/\/sinedjib.com\/index.php\/ressources\/la-verite\/","url_meta":{"origin":16677,"position":2},"title":"La V\u00e9rit\u00e9","author":"SiNedjib","date":"26\/01\/2020","format":false,"excerpt":"Cette page recense les 22 articles de La V\u00e9rit\u00e9 publi\u00e9s sur ce site depuis le 8 mai 2015. L'organe de l'opposition communiste, puis du Parti communiste internationaliste, a \u00e9t\u00e9 lanc\u00e9 en 1929. Des num\u00e9ros sont consultables sur le site de RadAR et celui du CERMTRI. \"Alg\u00e9rie, Syrie, Liban : Droit\u2026","rel":"","context":"Article similaire","block_context":{"text":"Article similaire","link":""},"img":{"alt_text":"","src":"https:\/\/i0.wp.com\/sinedjib.com\/wp-content\/uploads\/2020\/05\/La-V%C3%A9rit%C3%A9-25-juillet-1945.png?resize=350%2C200&ssl=1","width":350,"height":200},"classes":[]},{"id":5908,"url":"https:\/\/sinedjib.com\/index.php\/ressources\/travailleurs\/","url_meta":{"origin":16677,"position":3},"title":"Travailleurs immigr\u00e9s en lutte","author":"SiNedjib","date":"13\/06\/2019","format":false,"excerpt":"Cette page recense les 50 articles de Travailleurs immigr\u00e9s en lutte publi\u00e9s sur ce site depuis le 21 mars 2018. Ce mensuel ouvrier r\u00e9volutionnaire, devenu le bulletin de l'Organisation communiste r\u00e9volutionnaire internationaliste d'Alg\u00e9rie, a paru de 1976 \u00e0 1985. Des num\u00e9ros sont consultables sur le portail Odyss\u00e9o. \"La marmite bout,\u2026","rel":"","context":"Article similaire","block_context":{"text":"Article similaire","link":""},"img":{"alt_text":"","src":"https:\/\/i0.wp.com\/sinedjib.com\/wp-content\/uploads\/2020\/05\/Travailleurs-immigr%C3%A9s-en-lutte-juillet-1976.png?resize=350%2C200&ssl=1","width":350,"height":200},"classes":[]},{"id":8296,"url":"https:\/\/sinedjib.com\/index.php\/petitions\/","url_meta":{"origin":16677,"position":4},"title":"P\u00e9titions","author":"SiNedjib","date":"06\/05\/2020","format":false,"excerpt":"Cette page recense les d\u00e9clarations ou p\u00e9titions sign\u00e9es au cours des derni\u00e8res ann\u00e9es. \"Solidarit\u00e9 avec les peuples en lutte contre la guerre, le colonialisme et la dictature !\", Solidarit\u00e9 socialiste avec les travailleurs en Iran, 30 juin 2025. Lien ; Signataires ; publi\u00e9 dans Le Club de Mediapart, 11 juillet\u2026","rel":"","context":"Article similaire","block_context":{"text":"Article similaire","link":""},"img":{"alt_text":"","src":"","width":0,"height":0},"classes":[]},{"id":11279,"url":"https:\/\/sinedjib.com\/index.php\/le-bolchevik\/","url_meta":{"origin":16677,"position":5},"title":"Le Bolch\u00e9vik","author":"SiNedjib","date":"18\/01\/2021","format":false,"excerpt":"Cette page recense les 11 articles du Bolch\u00e9vik\u00a0publi\u00e9s sur ce site depuis le 15 d\u00e9cembre 2020. L\u2019organe de la Tendance spartaciste internationale\u00a0a \u00e9t\u00e9 lanc\u00e9 en 1976.\u00a0Les exemplaires du journal (jusqu'en 2011) sont t\u00e9l\u00e9chargeables sur le site\u00a0Marxists Internet Archive. \"Le massacre d\u2019octobre \u00e0 Alger\", paru dans Le Bolch\u00e9vik, n\u00b0 88, novembre\u2026","rel":"","context":"Article similaire","block_context":{"text":"Article similaire","link":""},"img":{"alt_text":"","src":"https:\/\/i0.wp.com\/sinedjib.com\/wp-content\/uploads\/2020\/12\/Le-Bolchevik-mars-1989.png?resize=350%2C200&ssl=1","width":350,"height":200},"classes":[]}],"_links":{"self":[{"href":"https:\/\/sinedjib.com\/index.php\/wp-json\/wp\/v2\/pages\/16677","targetHints":{"allow":["GET"]}}],"collection":[{"href":"https:\/\/sinedjib.com\/index.php\/wp-json\/wp\/v2\/pages"}],"about":[{"href":"https:\/\/sinedjib.com\/index.php\/wp-json\/wp\/v2\/types\/page"}],"author":[{"embeddable":true,"href":"https:\/\/sinedjib.com\/index.php\/wp-json\/wp\/v2\/users\/1"}],"replies":[{"embeddable":true,"href":"https:\/\/sinedjib.com\/index.php\/wp-json\/wp\/v2\/comments?post=16677"}],"version-history":[{"count":5,"href":"https:\/\/sinedjib.com\/index.php\/wp-json\/wp\/v2\/pages\/16677\/revisions"}],"predecessor-version":[{"id":18690,"href":"https:\/\/sinedjib.com\/index.php\/wp-json\/wp\/v2\/pages\/16677\/revisions\/18690"}],"wp:attachment":[{"href":"https:\/\/sinedjib.com\/index.php\/wp-json\/wp\/v2\/media?parent=16677"}],"curies":[{"name":"wp","href":"https:\/\/api.w.org\/{rel}","templated":true}]}}