{"id":16968,"date":"2022-08-29T13:36:34","date_gmt":"2022-08-29T11:36:34","guid":{"rendered":"https:\/\/sinedjib.com\/?page_id=16968"},"modified":"2026-01-29T20:16:43","modified_gmt":"2026-01-29T19:16:43","slug":"histoire-algerienne-de-la-france","status":"publish","type":"page","link":"https:\/\/sinedjib.com\/index.php\/histoire-algerienne-de-la-france\/","title":{"rendered":"Histoire alg\u00e9rienne de la France"},"content":{"rendered":"\n<div class=\"wp-block-media-text alignwide is-stacked-on-mobile is-image-fill-element\"><figure class=\"wp-block-media-text__media\"><img data-recalc-dims=\"1\" loading=\"lazy\" decoding=\"async\" width=\"305\" height=\"497\" data-attachment-id=\"16609\" data-permalink=\"https:\/\/sinedjib.com\/index.php\/mes-livres\/histoire-algerienne-de-la-france\/\" data-orig-file=\"https:\/\/i0.wp.com\/sinedjib.com\/wp-content\/uploads\/2022\/07\/histoire-algerienne-de-la-france.png?fit=305%2C497&amp;ssl=1\" data-orig-size=\"305,497\" data-comments-opened=\"1\" data-image-meta=\"{&quot;aperture&quot;:&quot;0&quot;,&quot;credit&quot;:&quot;&quot;,&quot;camera&quot;:&quot;&quot;,&quot;caption&quot;:&quot;&quot;,&quot;created_timestamp&quot;:&quot;0&quot;,&quot;copyright&quot;:&quot;&quot;,&quot;focal_length&quot;:&quot;0&quot;,&quot;iso&quot;:&quot;0&quot;,&quot;shutter_speed&quot;:&quot;0&quot;,&quot;title&quot;:&quot;&quot;,&quot;orientation&quot;:&quot;0&quot;}\" data-image-title=\"histoire-algerienne-de-la-france\" data-image-description=\"\" data-image-caption=\"\" data-large-file=\"https:\/\/i0.wp.com\/sinedjib.com\/wp-content\/uploads\/2022\/07\/histoire-algerienne-de-la-france.png?fit=305%2C497&amp;ssl=1\" src=\"https:\/\/i0.wp.com\/sinedjib.com\/wp-content\/uploads\/2022\/07\/histoire-algerienne-de-la-france.png?resize=305%2C497&#038;ssl=1\" alt=\"\" class=\"wp-image-16609 size-full\" style=\"object-position:52% 13%\" srcset=\"https:\/\/i0.wp.com\/sinedjib.com\/wp-content\/uploads\/2022\/07\/histoire-algerienne-de-la-france.png?w=305&amp;ssl=1 305w, https:\/\/i0.wp.com\/sinedjib.com\/wp-content\/uploads\/2022\/07\/histoire-algerienne-de-la-france.png?resize=184%2C300&amp;ssl=1 184w\" sizes=\"auto, (max-width: 305px) 100vw, 305px\" \/><\/figure><div class=\"wp-block-media-text__content\">\n<p class=\"has-large-font-size\"><strong>Cette page est consacr\u00e9e \u00e0 mon cinqui\u00e8me ouvrage, <em>Histoire alg\u00e9rienne de la France. Une centralit\u00e9 refoul\u00e9e, de 1962 \u00e0 nos jours<\/em>, Presses universitaires de France, 2022.<\/strong><br>Pour le commander, <a href=\"https:\/\/www.puf.com\/histoire-algerienne-de-la-france\">cliquez sur ce lien<\/a><\/p>\n<\/div><\/div>\n\n\n\n<hr class=\"wp-block-separator has-css-opacity\"\/>\n\n\n\n<p>Fran\u00e7oise Lorcerie, \u00ab\u00a0Discuter le postcolonial et le d\u00e9colonial dans les syst\u00e8mes \u00e9ducatifs : le cas de la France et de l&rsquo;Alg\u00e9rie\u00a0\u00bb, Les carnets de l&rsquo;Iremam, 11 septembre 2025. <a href=\"https:\/\/iremam.hypotheses.org\/8582\">En ligne<\/a><\/p>\n\n\n\n<p>Laurence Thieux, rese\u00f1a de M\u00e9lanie MATARESE (2024): <em>Comment la<br>France a (encore) perdu l\u2019Alg\u00e9rie<\/em>, Les Presses de la Cit\u00e9, <em>Revista de Estudios Internacionales Mediterr\u00e1neos<\/em>, 38, Junio 2025. <a href=\"https:\/\/revistas.uam.es\/reim\/article\/download\/reim2025_38_15\/reim2025_38_151\/77229\">Lien<\/a><\/p>\n\n\n\n<p>Emmanuel Blanchard, <em>Des colonis\u00e9s ingouvernables.&nbsp;Adresses d&rsquo;Alg\u00e9riens aux autorit\u00e9s fran\u00e7aises&nbsp;(Akbou, Paris, 1919-1940)<\/em>, Paris, Les Presses de Sciences Po, 2024<\/p>\n\n\n\n<p>Pr\u00e9sentation le 27 octobre 2024 \u00e0 14h, Salon du livre libertaire, Espace des Griottons, Cluny<\/p>\n\n\n\n<p>Compte-rendu de Yacine, LDC \u00e9ducation, 12 septembre 2024. <a href=\"https:\/\/www.ldc-education.org\/IMG\/pdf\/sidi_moussa_-_histoire_algerienne_de_la_france_-_note_de_lectures.pdf?744\/9d675ab64dbfc0dba356bd03840daa44be764be8d235e3bf7790d559fffc3df2\">En ligne<\/a><\/p>\n\n\n\n<p>Sylvie&nbsp;Th\u00e9nault,&nbsp;\u00ab&nbsp;La bataille contre l\u2019impunit\u00e9&nbsp;de la torture pendant la Guerre d\u2019ind\u00e9pendance alg\u00e9rienne&nbsp;: que dit l\u2019histoire&nbsp;?&nbsp;\u00bb,&nbsp;<em>Criminocorpus<\/em>, 25, 2024. <a href=\"https:\/\/journals.openedition.org\/criminocorpus\/15205\">Lien<\/a><\/p>\n\n\n\n<p>Entretien avec Samir Ghezlaoui, <em>France Alg\u00e9rie Actualit\u00e9<\/em>, 24 janvier 2024. <a href=\"https:\/\/www.france-algerie-actualite.fr\/politique\/la-question-algerienne-sert-depuis-1962-de-toile-de-fond-aux-affrontements-culturels-et-politiques-en-france-nedjib-sidi-moussa-enseignant-et-auteur\/\">En ligne<\/a><\/p>\n\n\n\n<p>Rencontre le 9 d\u00e9cembre 2023 \u00e0 17h30 au local APACHE, 35 boulevard Raymond Poincar\u00e9 14000 Caen<\/p>\n\n\n\n<p>D\u00e9dicace \u00e0 l&rsquo;occasion du Maghreb des livres, 29 octobre 2023 \u00e0 15, H\u00f4tel de ville de Paris<\/p>\n\n\n\n<p>\u00ab\u00a0La question alg\u00e9rienne en France\u00a0\u00bb, <em>Zones subversives<\/em>, 28 septembre 2023. <a href=\"http:\/\/www.zones-subversives.com\/2023\/08\/la-question-algerienne-en-france.html\" target=\"_blank\" rel=\"noreferrer noopener\">Lien<\/a><\/p>\n\n\n\n<p>Pr\u00e9sentation aux Rencontres du Maquis pour l\u2019\u00c9mancipation, 15 ao\u00fbt 2023 \u00e0 11h : La Commune du Maquis &#8211; Bois-Bas 34210 Minerve. <a rel=\"noreferrer noopener\" href=\"https:\/\/sarthe.demosphere.net\/rv\/4598\" target=\"_blank\">Lien<\/a><\/p>\n\n\n\n<p>Pr\u00e9sentation aux Rencontres libertaires du Quercy, 18 juillet 2023 en soir\u00e9e : 82220 Vazerac. <a rel=\"noreferrer noopener\" href=\"https:\/\/oclibertaire.lautre.net\/spip.php?article3735\" target=\"_blank\">Lien<\/a><\/p>\n\n\n\n<p>\u00ab\u00a0Centralit\u00e9 de la question alg\u00e9rienne en France\u00a0\u00bb, AFEV, 18 juillet 2023. <a href=\"https:\/\/afev.org\/labafev\/nedjib-sidi-moussa-centralite-de-la-question-algerienne-en-france\">En ligne<\/a><\/p>\n\n\n\n<p>Rencontre\/discussion \u00e0 la librairie L&rsquo;Impossible, 3 juin 2023 \u00e0 18h : 4, rue Taisson 30100 Al\u00e8s. <a href=\"https:\/\/sinedjib.com\/index.php\/2023\/06\/02\/histoire-algerienne-de-la-france-discussion-a-ales-samedi-3-juin-a-18h\/\">Lien<\/a><\/p>\n\n\n\n<p>\u00ab\u00a0Du mythe de l\u2019Alg\u00e9rie fran\u00e7aise \u00e0 celui de la France alg\u00e9rienne\u00a0\u00bb, 13 mai 2023 \u00e0 18h30, conf\u00e9rence organis\u00e9e par l&rsquo;IRTS Lorraine et Etap&rsquo;HABITAT, Espace Pil\u00e2tre de Rozier 57000 Metz. <a rel=\"noreferrer noopener\" href=\"https:\/\/www.irts-lorraine.fr\/evenements\/du-mythe-de-lalgerie-francaise-a-celui-de-la-france-algerienne\/\" target=\"_blank\">Lien<\/a><\/p>\n\n\n\n<p>Rencontre organis\u00e9e par le groupe A$AP R\u00e9volution, 1er avril 2023 \u00e0 17h au bar Le Panama : 28, rue Bigot de Pr\u00e9ameneu, 35000 Rennes. Lien<\/p>\n\n\n\n<p>Compte-rendu d&rsquo;Eric Savarese, <em>Revue fran\u00e7aise de science politique<\/em>, 2023\/2, Vol. 73<\/p>\n\n\n\n<p>Invitation \u00e0 l&rsquo;\u00e9mission \u00ab\u00a0En sol majeur\u00a0\u00bb, 11 mars 2023 \u00e0 15h10 sur RFI. <a rel=\"noreferrer noopener\" href=\"https:\/\/www.rfi.fr\/fr\/podcasts\/en-sol-majeur\/20230311-nedjib-sidi-moussa\" target=\"_blank\">Lien<\/a><\/p>\n\n\n\n<p>Entretien avec Christophe Devillers paru dans <em>Humanisme<\/em>, n\u00b0 338, f\u00e9vrier 2023. <a href=\"https:\/\/www.cairn.info\/revue-humanisme-2023-1-page-13.htm\" target=\"_blank\" rel=\"noreferrer noopener\">Lien<\/a><\/p>\n\n\n\n<p>Pr\u00e9sentation \u00e0 la librairie R\u00e9sistances, 17 f\u00e9vrier 2023 \u00e0 19h : 4, villa Compoint 75017 Paris, \u00e0 l\u2019angle du 40, rue Guy M\u00f4quet (m\u00e9tro : Guy M\u00f4quet ou Brochant). <a href=\"https:\/\/sinedjib.com\/index.php\/2023\/02\/11\/histoire-algerienne-de-la-france-presentation-a-paris-vendredi-17-fevrier-a-19h\/\">Lien<\/a><\/p>\n\n\n\n<p>Rencontre \u00e0 la librairie La Flibuste, 27 janvier 2023 \u00e0 18h30 : 3, rue Jean-Jacques Rousseau 94120&nbsp;Fontenay-sous-Bois. <a href=\"https:\/\/sinedjib.com\/index.php\/2023\/01\/23\/histoire-algerienne-de-la-france-rencontre-a-fontenay-sous-bois-vendredi-27-janvier-a-18h30\/\">Lien<\/a><\/p>\n\n\n\n<p>Rencontre organis\u00e9e par l\u2019Institut d\u2019\u00e9tudes avanc\u00e9es d\u2019Aix-Marseille Universit\u00e9, 21 janvier 2023 \u00e0 17h : Librairie Maupetit : 142, La Canebi\u00e8re 13001 Marseille. <a href=\"https:\/\/sinedjib.com\/index.php\/2023\/01\/14\/histoire-algerienne-de-la-france-rencontre-a-marseille-samedi-21-janvier-a-17h\/\">Lien<\/a><\/p>\n\n\n\n<p>Nourredine Aoussat, \u00ab\u00a0\u0641\u064a \u0627\u0644\u0639\u0645\u0642\u00a0\u00bb, Al Magharibia TV, 13 janvier 2023<\/p>\n\n\n\n<p>Sylvain Boulouque, \u00ab\u00a0Ce qu&rsquo;il faut lire pour \u00e9viter les malentendus m\u00e9moriels sur la colonisation\u00a0\u00bb, Slate.fr, 24 d\u00e9cembre 2022. <a rel=\"noreferrer noopener\" href=\"https:\/\/www.slate.fr\/stculture\/pages-dhistoire\/episode-8-livres-colonisation-histoire-feminisme-sororite-colonialisme-decolonisations-histoire-lharmattan-edition-histoire-algerienne-de-la-france\" target=\"_blank\">Lien<\/a><\/p>\n\n\n\n<p>\u00ab\u00a0Le discours de Zemmour reprend les obsessions de l\u2019extr\u00eame droite autour de la question alg\u00e9rienne\u00a0\u00bb, entretien avec K\u00e9vin Boucaud-Victoire, <em>Marianne<\/em>, 22 d\u00e9cembre 2022. <a rel=\"noreferrer noopener\" href=\"https:\/\/www.marianne.net\/agora\/entretiens-et-debats\/le-discours-de-zemmour-reprend-les-obsessions-de-lextreme-droite-autour-de-la-question-algerienne\" target=\"_blank\">Lien<\/a><\/p>\n\n\n\n<p>Valentine Faure, \u00ab\u00a0L&rsquo;Alg\u00e9rie, prisme m\u00e9moriel refoul\u00e9\u00a0\u00bb, <em>Le Monde<\/em>, 15 d\u00e9cembre 2022, p. 34. <a rel=\"noreferrer noopener\" href=\"https:\/\/www.lemonde.fr\/idees\/article\/2022\/12\/14\/histoire-algerienne-de-la-france-comment-sortir-du-prisme-memoriel_6154367_3232.html\" target=\"_blank\">Lien<\/a><\/p>\n\n\n\n<p>Rencontre organis\u00e9e par Le Camion, 10 d\u00e9cembre 2022 \u00e0 15h : 7, rue Archim\u00e8de 59100 Roubaix. <a href=\"https:\/\/sinedjib.com\/index.php\/2022\/12\/10\/histoire-algerienne-de-la-france-rencontre-a-roubaix-samedi-10-decembre-a-15h\/#more-17587\">Lien<\/a><\/p>\n\n\n\n<p>Note de lecture d&rsquo;Akram Belka\u00efd parue dans <em>Le Monde diplomatique<\/em>, d\u00e9cembre 2022, p. 24. <a rel=\"noreferrer noopener\" href=\"https:\/\/www.monde-diplomatique.fr\/2022\/12\/BELKAID\/65368\" target=\"_blank\">Lien<\/a><\/p>\n\n\n\n<p>Rencontre organis\u00e9e par Mazal podcast et PACE-ATMF, 25 novembre 2022 \u00e0 18h30 : 26, boulevard du G\u00e9n\u00e9ral Leclerc 95100 Argenteuil. <a rel=\"noreferrer noopener\" href=\"https:\/\/sinedjib.com\/index.php\/2022\/11\/23\/histoire-algerienne-de-la-france-rencontre-a-argenteuil-vendredi-25-novembre-a-18h30\/\" target=\"_blank\">Lien<\/a><\/p>\n\n\n\n<p>Rencontre organis\u00e9e par le Forum France Alg\u00e9rie, 22 novembre 2022 \u00e0 19 h \u00e0 Libre \u00c8re : 111, boulevard de M\u00e9nilmontant 75011 Paris. <a href=\"https:\/\/sinedjib.com\/index.php\/2022\/11\/20\/histoire-algerienne-de-la-france-rencontre-a-paris-mardi-22-novembre-a-19h\/\">Lien<\/a><\/p>\n\n\n\n<p>Suite et fin de mon entretien avec Faris Lounis pour <em>Reporters<\/em>, 21 novembre 2022. <a href=\"https:\/\/www.reporters.dz\/discussion-avec-nedjib-sidi-moussa-autour-de-histoire-algerienne-de-la-france-bien-nommer-les-choses-cest-diminuer-le-malheur-du-monde-2\/\" target=\"_blank\" rel=\"noreferrer noopener\">Lien<\/a><\/p>\n\n\n\n<p>\u00ab France-Alg\u00e9rie : faire la lumi\u00e8re sur le pass\u00e9 \u00bb, conf\u00e9rence-d\u00e9bat avec Boualem Sansal organis\u00e9 le 19 novembre 2022 \u00e0 13h par le Forum Latitude \u00e0 Motoco : 13, rue de Pfastatt, 68200 Mulhouse. <a href=\"https:\/\/sinedjib.com\/index.php\/2022\/11\/17\/invitation-au-forum-latitude-a-mulhouse-samedi-19-novembre-a-13h\/\">Lien<\/a><\/p>\n\n\n\n<p>Deuxi\u00e8me partie de mon entretien avec Faris Lounis pour <em>Reporters<\/em>, 15 novembre 2022. <a href=\"https:\/\/www.reporters.dz\/discussion-avec-nedjib-sidi-moussa-autour-de-histoire-algerienne-de-la-france-bien-nommer-les-choses-cest-diminuer-le-malheur-du-monde\/\" target=\"_blank\" rel=\"noreferrer noopener\">Lien<\/a><\/p>\n\n\n\n<p>Invitation \u00e0 l&rsquo;\u00e9mission \u00ab Dima M3a Com \u00bb, 11 novembre 2022 \u00e0 19h sur DIMA TV. <a href=\"https:\/\/sinedjib.com\/index.php\/2022\/11\/10\/histoire-algerienne-de-la-france-invitation-a-lemission-dima-m3a-com-vendredi-11-novembre-a-19h\/\">Lien<\/a><\/p>\n\n\n\n<p>Invitation \u00e0 l\u2019\u00e9mission \u00ab&nbsp;Trous noirs&nbsp;\u00bb, 7 novembre 2022 \u00e0 16h sur Radio libertaire. <a href=\"https:\/\/sinedjib.com\/index.php\/2022\/11\/06\/histoire-algerienne-de-la-france-invitation-a-lemission-trous-noirs-lundi-7-novembre-a-16h\/\">Lien<\/a><\/p>\n\n\n\n<p>Freddy Gomez, \u00ab\u00a0Centralit\u00e9 d\u2019un refoul\u00e9. Retour sur la question alg\u00e9rienne\u00a0\u00bb, <em>\u00c0 contretemps<\/em>, 7 novembre 2022. <a rel=\"noreferrer noopener\" href=\"https:\/\/acontretemps.org\/spip.php?article944\" target=\"_blank\">Lien<\/a><\/p>\n\n\n\n<p>Recension et premi\u00e8re partie de mon entretien avec Faris Lounis, \u00ab\u00a0Bien nommer les choses, c\u2019est diminuer le malheur du monde\u00a0\u00bb, <em>Reporters<\/em>, 1er novembre 2022. <a rel=\"noreferrer noopener\" href=\"https:\/\/www.reporters.dz\/discussion-avec-nedjib-sidi-moussa-autour-de-histoire-algerienne-de-la-france-partie-1-bien-nommer-les-choses-cest-diminuer-le-malheur-du-monde\/\" target=\"_blank\">Lien<\/a><\/p>\n\n\n\n<p>Entretien avec Le\u00efla Beratto pour son podcast <em>L&rsquo;Horizon<\/em>, 1er novembre 2022. <a rel=\"noreferrer noopener\" href=\"https:\/\/audioblog.arteradio.com\/blog\/174190\/podcast\/192444\/l-horizon-episode-8-nedjib-sidi-moussa-docteur-en-sciences-politiques-et-historien\" target=\"_blank\">Lien<\/a><\/p>\n\n\n\n<p>Yves Coleman, \u00ab\u00a0A propos de \u00ab\u00a0Histoire alg\u00e9rienne de la France\u00a0\u00bb de Nedjib Sidi Moussa, PUF, 2022&Prime;, <em>Ni patrie ni fronti\u00e8res<\/em>, 28 octobre 2022. <a rel=\"noreferrer noopener\" href=\"http:\/\/mondialisme.org\/spip.php?article3146=\" target=\"_blank\">Lien<\/a><\/p>\n\n\n\n<p>Conf\u00e9rence-d\u00e9bat, 26 octobre 2022 \u00e0 18h \u00e0 l\u2019Auditorium de la Biblioth\u00e8que nationale et universitaire : 6, place de la R\u00e9publique 67070 Strasbourg. <a href=\"https:\/\/sinedjib.com\/index.php\/2022\/10\/25\/histoire-algerienne-de-la-france-conference-debat-a-strasbourg-mercredi-26-octobre-a-18h\/\">Lien<\/a><\/p>\n\n\n\n<p>\u00ab\u00a0La centralit\u00e9 de la question alg\u00e9rienne en France\u00a0\u00bb, conf\u00e9rence avec Paul Max Morin organis\u00e9 par M\u00e9la\u2019Lille, 24 octobre 2022 \u00e0 18h, amphi 0.15\/La Bo\u00e9tie \u00e0 Sciences Po Lille : 9, rue Angellier 59000 Lille. <a href=\"https:\/\/sinedjib.com\/index.php\/2022\/10\/23\/la-centralite-de-la-question-algerienne-en-france-conference-a-lille-lundi-24-octobre-a-18h\/\">Lien<\/a><\/p>\n\n\n\n<p>Note de lecture de Lakhdar Bela\u00efd, <em>La Voix du Nord<\/em>, 21 octobre 2022.<\/p>\n\n\n\n<p>Lancement du livre, 12 octobre 2022 \u00e0 18h30 \u00e0 la Librairie des PUF : 60, rue Monsieur-le-Prince 75006 Paris. <a href=\"https:\/\/sinedjib.com\/index.php\/2022\/10\/12\/histoire-algerienne-de-la-france-parution-et-lancement-aujourdhui\/\">Lien<\/a><\/p>\n\n\n\n<hr class=\"wp-block-separator has-css-opacity\"\/>\n\n\n\n<p><strong>Pour toute demande d&rsquo;entretien, recension, pr\u00e9sentation ou discussion autour de ce livre, veuillez me contacter par l&rsquo;interm\u00e9diaire des <a href=\"https:\/\/www.puf.com\/nous-contacter\">PUF<\/a>.<\/strong><\/p>\n","protected":false},"excerpt":{"rendered":"<p>Cette page est consacr\u00e9e \u00e0 mon cinqui\u00e8me ouvrage, Histoire alg\u00e9rienne de la France. Une centralit\u00e9 refoul\u00e9e, de 1962 \u00e0 nos jours, Presses universitaires de France, 2022.Pour le commander, cliquez sur ce lien Fran\u00e7oise Lorcerie, \u00ab\u00a0Discuter le postcolonial et le d\u00e9colonial dans les syst\u00e8mes \u00e9ducatifs : le cas de la France et de l&rsquo;Alg\u00e9rie\u00a0\u00bb, Les carnets [&hellip;]<\/p>\n","protected":false},"author":1,"featured_media":0,"parent":0,"menu_order":0,"comment_status":"closed","ping_status":"closed","template":"","meta":{"jetpack_post_was_ever_published":false,"footnotes":""},"class_list":["post-16968","page","type-page","status-publish","hentry"],"jetpack_sharing_enabled":true,"jetpack_shortlink":"https:\/\/wp.me\/P9lTYU-4pG","jetpack_likes_enabled":true,"jetpack-related-posts":[{"id":9561,"url":"https:\/\/sinedjib.com\/index.php\/mes-livres\/","url_meta":{"origin":16968,"position":0},"title":"Mes livres","author":"SiNedjib","date":"17\/08\/2020","format":false,"excerpt":"Le Spectre du colonialisme, Paris, L'\u00e9chapp\u00e9e, 2026Commander Le Rempla\u00e7ant. Journal d'un prof (pr\u00e9caire) de banlieue, Paris, L'\u00e9chapp\u00e9e, 2023CommanderEchos Histoire alg\u00e9rienne de la France. Une centralit\u00e9 refoul\u00e9e, de 1962 \u00e0 nos jours, Paris, PUF, 2022CommanderEchos Coordination du dossier \"1962-2022\/Alg\u00e9rie. Plus que jamais, rouvrir un avenir \u00e0 la r\u00e9volution\", ContreTemps, n\u00b0 54,\u2026","rel":"","context":"Article similaire","block_context":{"text":"Article similaire","link":""},"img":{"alt_text":"","src":"https:\/\/i0.wp.com\/sinedjib.com\/wp-content\/uploads\/2025\/12\/LE-SPECTRE-DU-COLONIALISME-Couv.jpg?resize=350%2C200&ssl=1","width":350,"height":200,"srcset":"https:\/\/i0.wp.com\/sinedjib.com\/wp-content\/uploads\/2025\/12\/LE-SPECTRE-DU-COLONIALISME-Couv.jpg?resize=350%2C200&ssl=1 1x, https:\/\/i0.wp.com\/sinedjib.com\/wp-content\/uploads\/2025\/12\/LE-SPECTRE-DU-COLONIALISME-Couv.jpg?resize=525%2C300&ssl=1 1.5x"},"classes":[]},{"id":8259,"url":"https:\/\/sinedjib.com\/index.php\/travaux\/","url_meta":{"origin":16968,"position":1},"title":"Travaux","author":"SiNedjib","date":"06\/05\/2020","format":false,"excerpt":"Cette page recense les travaux, articles ou ouvrages faisant r\u00e9f\u00e9rence \u00e0 mes publications, \u00e0 l'exception de mes livres. Lamine Ammar-khodja, La partie immerg\u00e9e de l\u2019iceberg. \u00c9loge du GPS alg\u00e9rien, Alger, \u00c9ditions Motifs et \u00c9ditions Terrasses, 2026 Layla Baamara, \"Du campus \u00e0 la rue. Mobilisation \u00e9tudiante et engagement politique en Alg\u00e9rie\u2026","rel":"","context":"Article similaire","block_context":{"text":"Article similaire","link":""},"img":{"alt_text":"","src":"","width":0,"height":0},"classes":[]},{"id":9568,"url":"https:\/\/sinedjib.com\/index.php\/algerie-echos\/","url_meta":{"origin":16968,"position":2},"title":"Alg\u00e9rie, une autre histoire de l&rsquo;ind\u00e9pendance : \u00e9chos","author":"SiNedjib","date":"17\/08\/2020","format":false,"excerpt":"Suite \u00e0 la parution de mon second livre\u00a0Alg\u00e9rie, une autre histoire de l'ind\u00e9pendance (Paris, PUF et Alger, Barzakh, 2019), cette page en recense les pr\u00e9sentations,\u00a0recensions, entretiens ou\u00a0\u00e9vocations.Pour commander cet ouvrage, cliquez sur ce\u00a0lien Pr\u00e9sentations et d\u00e9bats Pr\u00e9sentation, le 8 mars 2020 \u00e0 15h au local\u00a0Camarade\u00a0: 54, boulevard D\u00e9odat de S\u00e9verac\u2026","rel":"","context":"Article similaire","block_context":{"text":"Article similaire","link":""},"img":{"alt_text":"","src":"https:\/\/i0.wp.com\/sinedjib.com\/wp-content\/uploads\/2019\/01\/Alg%C3%A9rie-une-autre-histoire-de-lind%C3%A9pendance.jpg?resize=350%2C200&ssl=1","width":350,"height":200},"classes":[]},{"id":9596,"url":"https:\/\/sinedjib.com\/index.php\/diffusion-recherche\/","url_meta":{"origin":16968,"position":3},"title":"Diffusion de la recherche et autres articles","author":"SiNedjib","date":"17\/08\/2020","format":false,"excerpt":"\"\u00c9crivains alg\u00e9riens d\u2019expression fran\u00e7aise\u00a0: de la conqu\u00eate coloniale aux guerres culturelles\", Moyen-Orient, n\u00b0 69, janvier-mars 2026, p. 60-63 \"In memoriam Mohammed Harbi (1933-2026)\", Histoire coloniale et postcoloniale, 3 janvier 2026. En ligne[traduit en anglais par Adam Novak pour Europe solidaire sans fronti\u00e8res.\u00a0En ligne] \"Comment la d\u00e9colonisation de l'Alg\u00e9rie fa\u00e7onne les\u2026","rel":"","context":"Article similaire","block_context":{"text":"Article similaire","link":""},"img":{"alt_text":"","src":"https:\/\/i0.wp.com\/sinedjib.com\/wp-content\/uploads\/2026\/01\/moyen-Orient-2026.jpg?resize=350%2C200&ssl=1","width":350,"height":200,"srcset":"https:\/\/i0.wp.com\/sinedjib.com\/wp-content\/uploads\/2026\/01\/moyen-Orient-2026.jpg?resize=350%2C200&ssl=1 1x, https:\/\/i0.wp.com\/sinedjib.com\/wp-content\/uploads\/2026\/01\/moyen-Orient-2026.jpg?resize=525%2C300&ssl=1 1.5x"},"classes":[]},{"id":8266,"url":"https:\/\/sinedjib.com\/index.php\/medias\/","url_meta":{"origin":16968,"position":4},"title":"M\u00e9dias","author":"SiNedjib","date":"06\/05\/2020","format":false,"excerpt":"Cette page recense les articles ou r\u00e9alisations faisant \u00e9cho \u00e0 mes publications et interventions ainsi que mes entretiens accord\u00e9s aux m\u00e9dias, \u00e0 l'exception de ceux concernant mes livres. Rokeya Ayman Saad, \"Boualem Sansal : l\u2019\u00e9crivain de toutes les controverses\", Al-Ahram Hebdo, 1er avril 2026. En ligne Loris Gu\u00e9mart et Pauline\u2026","rel":"","context":"Article similaire","block_context":{"text":"Article similaire","link":""},"img":{"alt_text":"","src":"https:\/\/i0.wp.com\/sinedjib.com\/wp-content\/uploads\/2026\/01\/RFI-750x430-1.jpg?resize=350%2C200&ssl=1","width":350,"height":200,"srcset":"https:\/\/i0.wp.com\/sinedjib.com\/wp-content\/uploads\/2026\/01\/RFI-750x430-1.jpg?resize=350%2C200&ssl=1 1x, https:\/\/i0.wp.com\/sinedjib.com\/wp-content\/uploads\/2026\/01\/RFI-750x430-1.jpg?resize=525%2C300&ssl=1 1.5x, https:\/\/i0.wp.com\/sinedjib.com\/wp-content\/uploads\/2026\/01\/RFI-750x430-1.jpg?resize=700%2C400&ssl=1 2x"},"classes":[]},{"id":6837,"url":"https:\/\/sinedjib.com\/index.php\/ressources\/tribune-algerienne\/","url_meta":{"origin":16968,"position":5},"title":"Tribune alg\u00e9rienne","author":"SiNedjib","date":"25\/01\/2020","format":false,"excerpt":"Cette page recense les 25 articles de Tribune alg\u00e9rienne publi\u00e9s sur ce site depuis le 20 janvier 2019. Le bulletin du Comit\u00e9 de liaison des trotskystes alg\u00e9riens a paru de 1974 \u00e0 1980. Des num\u00e9ros sont consultables sur le portail Odyss\u00e9o. \"Le voyage de Marchais en Alg\u00e9rie\", paru dans Tribune\u2026","rel":"","context":"Article similaire","block_context":{"text":"Article similaire","link":""},"img":{"alt_text":"","src":"https:\/\/i0.wp.com\/sinedjib.com\/wp-content\/uploads\/2020\/02\/Tribune-alg%C3%A9rienne-janvier-1977.png?resize=350%2C200&ssl=1","width":350,"height":200},"classes":[]}],"_links":{"self":[{"href":"https:\/\/sinedjib.com\/index.php\/wp-json\/wp\/v2\/pages\/16968","targetHints":{"allow":["GET"]}}],"collection":[{"href":"https:\/\/sinedjib.com\/index.php\/wp-json\/wp\/v2\/pages"}],"about":[{"href":"https:\/\/sinedjib.com\/index.php\/wp-json\/wp\/v2\/types\/page"}],"author":[{"embeddable":true,"href":"https:\/\/sinedjib.com\/index.php\/wp-json\/wp\/v2\/users\/1"}],"replies":[{"embeddable":true,"href":"https:\/\/sinedjib.com\/index.php\/wp-json\/wp\/v2\/comments?post=16968"}],"version-history":[{"count":29,"href":"https:\/\/sinedjib.com\/index.php\/wp-json\/wp\/v2\/pages\/16968\/revisions"}],"predecessor-version":[{"id":27990,"href":"https:\/\/sinedjib.com\/index.php\/wp-json\/wp\/v2\/pages\/16968\/revisions\/27990"}],"wp:attachment":[{"href":"https:\/\/sinedjib.com\/index.php\/wp-json\/wp\/v2\/media?parent=16968"}],"curies":[{"name":"wp","href":"https:\/\/api.w.org\/{rel}","templated":true}]}}