{"id":171,"date":"2013-03-29T22:27:04","date_gmt":"2013-03-29T21:27:04","guid":{"rendered":"http:\/\/sinedjib.wordpress.com\/?page_id=171"},"modified":"2025-11-29T13:26:59","modified_gmt":"2025-11-29T12:26:59","slug":"liens-2","status":"publish","type":"page","link":"https:\/\/sinedjib.com\/index.php\/liens-2\/","title":{"rendered":"Liens"},"content":{"rendered":"\n<p class=\"has-text-align-center has-large-font-size\"><strong>Parmi les m\u00e9dias et sites qui \u00e9voquent des engagements ou publications :<\/strong><\/p>\n\n\n\n<div class=\"wp-block-media-text alignwide is-stacked-on-mobile is-image-fill-element\"><figure class=\"wp-block-media-text__media\"><img data-recalc-dims=\"1\" loading=\"lazy\" decoding=\"async\" width=\"439\" height=\"164\" data-attachment-id=\"27598\" data-permalink=\"https:\/\/sinedjib.com\/index.php\/liens-2\/guardian\/\" data-orig-file=\"https:\/\/i0.wp.com\/sinedjib.com\/wp-content\/uploads\/2025\/11\/guardian.png?fit=439%2C164&amp;ssl=1\" data-orig-size=\"439,164\" data-comments-opened=\"0\" data-image-meta=\"{&quot;aperture&quot;:&quot;0&quot;,&quot;credit&quot;:&quot;&quot;,&quot;camera&quot;:&quot;&quot;,&quot;caption&quot;:&quot;&quot;,&quot;created_timestamp&quot;:&quot;0&quot;,&quot;copyright&quot;:&quot;&quot;,&quot;focal_length&quot;:&quot;0&quot;,&quot;iso&quot;:&quot;0&quot;,&quot;shutter_speed&quot;:&quot;0&quot;,&quot;title&quot;:&quot;&quot;,&quot;orientation&quot;:&quot;0&quot;}\" data-image-title=\"guardian\" data-image-description=\"\" data-image-caption=\"\" data-large-file=\"https:\/\/i0.wp.com\/sinedjib.com\/wp-content\/uploads\/2025\/11\/guardian.png?fit=439%2C164&amp;ssl=1\" src=\"https:\/\/i0.wp.com\/sinedjib.com\/wp-content\/uploads\/2025\/11\/guardian.png?resize=439%2C164&#038;ssl=1\" alt=\"\" class=\"wp-image-27598 size-full\" style=\"object-position:50% 50%\" srcset=\"https:\/\/i0.wp.com\/sinedjib.com\/wp-content\/uploads\/2025\/11\/guardian.png?w=439&amp;ssl=1 439w, https:\/\/i0.wp.com\/sinedjib.com\/wp-content\/uploads\/2025\/11\/guardian.png?resize=300%2C112&amp;ssl=1 300w\" sizes=\"auto, (max-width: 439px) 100vw, 439px\" \/><\/figure><div class=\"wp-block-media-text__content\">\n<p class=\"has-normal-font-size\">Kim Willsher, \u00ab\u00a0New film adaptation of Camus\u2019s L\u2019\u00c9tranger opens old colonial wounds\u00a0\u00bb, <em>The Guardian<\/em>, 28 November 2025. <a href=\"https:\/\/www.theguardian.com\/film\/2025\/nov\/28\/camus-l-etranger-francois-ozon-film-adaptation-colonial-wounds\">Link<\/a><\/p>\n\n\n\n<p class=\"has-small-font-size\">La suite est \u00e0 consulter sur cette <a href=\"https:\/\/sinedjib.com\/index.php\/medias\/\">page<\/a>.<\/p>\n<\/div><\/div>\n\n\n\n<p class=\"has-text-align-center has-large-font-size\"><strong>Parmi les publications ou ouvrages qui citent et font \u00e9cho \u00e0 mes travaux<\/strong> :<\/p>\n\n\n\n<div class=\"wp-block-media-text alignwide has-media-on-the-right is-stacked-on-mobile is-image-fill-element\"><div class=\"wp-block-media-text__content\">\n<p class=\"has-normal-font-size\">Laure Pitti, <em>Alg\u00e9riens au travail, une histoire (post)coloniale<\/em>. <em>Enqu\u00eate sur les travailleurs immigr\u00e9s de l\u2019industrie automobile dans la France des \u00ab\u00a0Trente Glorieuses\u00a0\u00bb<\/em>, Rennes, Presses universitaires de Rennes, 2025<\/p>\n\n\n\n<p class=\"has-small-font-size\">La suite est \u00e0 consulter sur cette <a href=\"https:\/\/sinedjib.com\/index.php\/travaux\/\">page<\/a>.<\/p>\n<\/div><figure class=\"wp-block-media-text__media\"><img data-recalc-dims=\"1\" loading=\"lazy\" decoding=\"async\" width=\"300\" height=\"465\" data-attachment-id=\"27614\" data-permalink=\"https:\/\/sinedjib.com\/index.php\/liens-2\/algeriens_travail_histoire_couv-indd\/\" data-orig-file=\"https:\/\/i0.wp.com\/sinedjib.com\/wp-content\/uploads\/2025\/11\/pitti-algeriens.jpg?fit=300%2C465&amp;ssl=1\" data-orig-size=\"300,465\" data-comments-opened=\"0\" data-image-meta=\"{&quot;aperture&quot;:&quot;0&quot;,&quot;credit&quot;:&quot;&quot;,&quot;camera&quot;:&quot;&quot;,&quot;caption&quot;:&quot;&quot;,&quot;created_timestamp&quot;:&quot;0&quot;,&quot;copyright&quot;:&quot;&quot;,&quot;focal_length&quot;:&quot;0&quot;,&quot;iso&quot;:&quot;0&quot;,&quot;shutter_speed&quot;:&quot;0&quot;,&quot;title&quot;:&quot;Algeriens_travail_histoire_Couv.indd&quot;,&quot;orientation&quot;:&quot;1&quot;}\" data-image-title=\"Algeriens_travail_histoire_Couv.indd\" data-image-description=\"\" data-image-caption=\"\" data-large-file=\"https:\/\/i0.wp.com\/sinedjib.com\/wp-content\/uploads\/2025\/11\/pitti-algeriens.jpg?fit=300%2C465&amp;ssl=1\" src=\"https:\/\/i0.wp.com\/sinedjib.com\/wp-content\/uploads\/2025\/11\/pitti-algeriens.jpg?resize=300%2C465&#038;ssl=1\" alt=\"\" class=\"wp-image-27614 size-full\" style=\"object-position:51% 7%\" srcset=\"https:\/\/i0.wp.com\/sinedjib.com\/wp-content\/uploads\/2025\/11\/pitti-algeriens.jpg?w=300&amp;ssl=1 300w, https:\/\/i0.wp.com\/sinedjib.com\/wp-content\/uploads\/2025\/11\/pitti-algeriens.jpg?resize=194%2C300&amp;ssl=1 194w\" sizes=\"auto, (max-width: 300px) 100vw, 300px\" \/><\/figure><\/div>\n\n\n\n<p class=\"has-text-align-center has-large-font-size\"><strong>Parmi les<\/strong> <strong>d\u00e9clarations ou<\/strong> <strong>p\u00e9titions sign\u00e9es au cours des derni\u00e8res ann\u00e9es<\/strong> :<\/p>\n\n\n\n<div class=\"wp-block-media-text alignwide is-stacked-on-mobile is-image-fill-element\"><figure class=\"wp-block-media-text__media\"><img data-recalc-dims=\"1\" loading=\"lazy\" decoding=\"async\" width=\"257\" height=\"115\" data-attachment-id=\"27597\" data-permalink=\"https:\/\/sinedjib.com\/index.php\/liens-2\/ssti\/\" data-orig-file=\"https:\/\/i0.wp.com\/sinedjib.com\/wp-content\/uploads\/2025\/11\/ssti.png?fit=257%2C115&amp;ssl=1\" data-orig-size=\"257,115\" data-comments-opened=\"0\" data-image-meta=\"{&quot;aperture&quot;:&quot;0&quot;,&quot;credit&quot;:&quot;&quot;,&quot;camera&quot;:&quot;&quot;,&quot;caption&quot;:&quot;&quot;,&quot;created_timestamp&quot;:&quot;0&quot;,&quot;copyright&quot;:&quot;&quot;,&quot;focal_length&quot;:&quot;0&quot;,&quot;iso&quot;:&quot;0&quot;,&quot;shutter_speed&quot;:&quot;0&quot;,&quot;title&quot;:&quot;&quot;,&quot;orientation&quot;:&quot;0&quot;}\" data-image-title=\"ssti\" data-image-description=\"\" data-image-caption=\"\" data-large-file=\"https:\/\/i0.wp.com\/sinedjib.com\/wp-content\/uploads\/2025\/11\/ssti.png?fit=257%2C115&amp;ssl=1\" src=\"https:\/\/i0.wp.com\/sinedjib.com\/wp-content\/uploads\/2025\/11\/ssti.png?resize=257%2C115&#038;ssl=1\" alt=\"\" class=\"wp-image-27597 size-full\" style=\"object-position:50% 50%\"\/><\/figure><div class=\"wp-block-media-text__content\">\n<p class=\"has-normal-font-size\">\u00ab&nbsp;Solidarit\u00e9 avec les peuples en lutte contre la guerre, le colonialisme et la dictature !&nbsp;\u00bb, 30 juin 2025.&nbsp;<a href=\"http:\/\/www.iran-echo.com\/echo_pdf\/Tribune2_site.pdf\">Lien<\/a><\/p>\n\n\n\n<p class=\"has-small-font-size\">La suite est \u00e0 consulter sur cette <a href=\"https:\/\/sinedjib.com\/index.php\/petitions\/\">page<\/a>.<\/p>\n<\/div><\/div>\n\n\n\n<hr class=\"wp-block-separator has-css-opacity\"\/>\n\n\n\n<p>J&rsquo;ai \u00e9t\u00e9 sollicit\u00e9 ou interview\u00e9 par les 62 m\u00e9dias suivants : <em>15-38 M\u00e9diterran\u00e9e<\/em>, Actualitt\u00e9, All\u00f4 213, Arr\u00eat sur images, <em>Ballast<\/em>, Basta !, Beur FM, Blast, Bondy Blog, <em>The Brooklyn Rail<\/em>, Brut, Le caoua des id\u00e9es, <em>Le Courrier de l&rsquo;Atlas<\/em>, <em>Le Chiffre d&rsquo;affaires<\/em>, <em>ContreTemps<\/em>, The Conversation, <em>Courant alternatif<\/em>, Deep, Diacritik, Diasporadz, <em>Le Figaro<\/em>, France 5, France 24, <em>France Alg\u00e9rie Actualit\u00e9<\/em>, France Culture, France Inter, Fr\u00e9quence Paris Plurielle, <em>The Guardian<\/em>, <em>L&rsquo;Horizon<\/em>, <em>Humanisme<\/em>, Les Influences, <em>Le Jeudi, Jeune Afrique, Jungle World, Lib\u00e9ration, Libert\u00e9, Marianne<\/em>, Le M\u00e9dia, Mediapart, Middle East Eye, <em>Le Monde, Le Monde diplomatique, Le Parisien, Le Point, Politis<\/em>, Radio Canut, Radio Delta, Radio libertaire, Radio M, Rapports de force, <em>Regards, Reporters, Respublica, La R\u00e9volution prol\u00e9tarienne<\/em>, RFI, TRT fran\u00e7ais, Vice, <em>La Vie<\/em>, <em>La Voix du Nord, La Voix du Terroir, El Watan<\/em>, <em>El Watan weekend<\/em><\/p>\n","protected":false},"excerpt":{"rendered":"<p>Parmi les m\u00e9dias et sites qui \u00e9voquent des engagements ou publications : Kim Willsher, \u00ab\u00a0New film adaptation of Camus\u2019s L\u2019\u00c9tranger opens old colonial wounds\u00a0\u00bb, The Guardian, 28 November 2025. Link La suite est \u00e0 consulter sur cette page. Parmi les publications ou ouvrages qui citent et font \u00e9cho \u00e0 mes travaux : Laure Pitti, Alg\u00e9riens [&hellip;]<\/p>\n","protected":false},"author":2,"featured_media":0,"parent":0,"menu_order":0,"comment_status":"closed","ping_status":"open","template":"","meta":{"jetpack_post_was_ever_published":false,"footnotes":""},"class_list":["post-171","page","type-page","status-publish","hentry"],"jetpack_sharing_enabled":true,"jetpack_shortlink":"https:\/\/wp.me\/P9lTYU-2L","jetpack_likes_enabled":true,"jetpack-related-posts":[],"_links":{"self":[{"href":"https:\/\/sinedjib.com\/index.php\/wp-json\/wp\/v2\/pages\/171","targetHints":{"allow":["GET"]}}],"collection":[{"href":"https:\/\/sinedjib.com\/index.php\/wp-json\/wp\/v2\/pages"}],"about":[{"href":"https:\/\/sinedjib.com\/index.php\/wp-json\/wp\/v2\/types\/page"}],"author":[{"embeddable":true,"href":"https:\/\/sinedjib.com\/index.php\/wp-json\/wp\/v2\/users\/2"}],"replies":[{"embeddable":true,"href":"https:\/\/sinedjib.com\/index.php\/wp-json\/wp\/v2\/comments?post=171"}],"version-history":[{"count":43,"href":"https:\/\/sinedjib.com\/index.php\/wp-json\/wp\/v2\/pages\/171\/revisions"}],"predecessor-version":[{"id":27617,"href":"https:\/\/sinedjib.com\/index.php\/wp-json\/wp\/v2\/pages\/171\/revisions\/27617"}],"wp:attachment":[{"href":"https:\/\/sinedjib.com\/index.php\/wp-json\/wp\/v2\/media?parent=171"}],"curies":[{"name":"wp","href":"https:\/\/api.w.org\/{rel}","templated":true}]}}