{"id":19693,"date":"2023-09-05T10:10:31","date_gmt":"2023-09-05T08:10:31","guid":{"rendered":"https:\/\/sinedjib.com\/?page_id=19693"},"modified":"2025-07-20T21:49:48","modified_gmt":"2025-07-20T19:49:48","slug":"le-remplacant-journal-dun-prof-precaire-de-banlieue","status":"publish","type":"page","link":"https:\/\/sinedjib.com\/index.php\/le-remplacant-journal-dun-prof-precaire-de-banlieue\/","title":{"rendered":"Le Rempla\u00e7ant. Journal d&rsquo;un prof (pr\u00e9caire) de banlieue"},"content":{"rendered":"\n<div class=\"wp-block-media-text alignwide is-stacked-on-mobile is-image-fill-element\"><figure class=\"wp-block-media-text__media\"><img data-recalc-dims=\"1\" loading=\"lazy\" decoding=\"async\" width=\"500\" height=\"732\" data-attachment-id=\"18728\" data-permalink=\"https:\/\/sinedjib.com\/index.php\/2023\/05\/10\/le-remplacant-journal-dun-prof-precaire-de-banlieue\/le-remplacant-couv\/\" data-orig-file=\"https:\/\/i0.wp.com\/sinedjib.com\/wp-content\/uploads\/2023\/05\/LE-REMPLACANT-couv.jpg?fit=500%2C732&amp;ssl=1\" data-orig-size=\"500,732\" data-comments-opened=\"1\" data-image-meta=\"{&quot;aperture&quot;:&quot;0&quot;,&quot;credit&quot;:&quot;&quot;,&quot;camera&quot;:&quot;&quot;,&quot;caption&quot;:&quot;&quot;,&quot;created_timestamp&quot;:&quot;0&quot;,&quot;copyright&quot;:&quot;&quot;,&quot;focal_length&quot;:&quot;0&quot;,&quot;iso&quot;:&quot;0&quot;,&quot;shutter_speed&quot;:&quot;0&quot;,&quot;title&quot;:&quot;&quot;,&quot;orientation&quot;:&quot;0&quot;}\" data-image-title=\"LE-REMPLACANT-couv\" data-image-description=\"\" data-image-caption=\"\" data-large-file=\"https:\/\/i0.wp.com\/sinedjib.com\/wp-content\/uploads\/2023\/05\/LE-REMPLACANT-couv.jpg?fit=500%2C732&amp;ssl=1\" src=\"https:\/\/i0.wp.com\/sinedjib.com\/wp-content\/uploads\/2023\/05\/LE-REMPLACANT-couv.jpg?resize=500%2C732&#038;ssl=1\" alt=\"\" class=\"wp-image-18728 size-full\" style=\"object-position:53% 9%\" srcset=\"https:\/\/i0.wp.com\/sinedjib.com\/wp-content\/uploads\/2023\/05\/LE-REMPLACANT-couv.jpg?w=500&amp;ssl=1 500w, https:\/\/i0.wp.com\/sinedjib.com\/wp-content\/uploads\/2023\/05\/LE-REMPLACANT-couv.jpg?resize=205%2C300&amp;ssl=1 205w\" sizes=\"auto, (max-width: 500px) 100vw, 500px\" \/><\/figure><div class=\"wp-block-media-text__content\">\n<p class=\"has-large-font-size\"><strong>Cette page est consacr\u00e9e \u00e0 mon sixi\u00e8me ouvrage, <em><a href=\"https:\/\/www.lechappee.org\/collections\/hors-collection\/le-remplacant\" target=\"_blank\" rel=\"noreferrer noopener\">Le Rempla\u00e7ant. Journal d&rsquo;un prof (pr\u00e9caire) de banlieue<\/a><\/em>, l&rsquo;\u00e9chapp\u00e9e, 2023.<\/strong><br>Pour le commander, <a href=\"https:\/\/librairie-quilombo.org\/le-remplacant\" target=\"_blank\" rel=\"noreferrer noopener\">cliquez sur ce lien<\/a>.<\/p>\n<\/div><\/div>\n\n\n\n<hr class=\"wp-block-separator has-css-opacity\"\/>\n\n\n\n<p>Discussion avec Fabien Lebrun aux Rencontres du Maquis pour l\u2019\u00e9mancipation, Minerve, 11 ao\u00fbt 2024<\/p>\n\n\n\n<p>Participation au Maghreb des livres, 1er juin 2024, H\u00f4tel de ville de Paris : table ronde \u00ab&nbsp;Injustices en banlieue&nbsp;\u00bb et d\u00e9dicace de mon livre<\/p>\n\n\n\n<p>Participation \u00e0 l\u2019\u00e9mission \u00ab&nbsp;C ce soir&nbsp;\u00bb, France 5, 21 mai 2024, sur le th\u00e8me \u00ab&nbsp;Quelle place pour les profs en 2024 ?&nbsp;\u00bb.&nbsp;<a href=\"https:\/\/www.france.tv\/france-5\/c-ce-soir\/saison-4\/5967939-quelle-place-pour-les-profs-en-2024.html\">En ligne<\/a><\/p>\n\n\n\n<p>Participation \u00e0 l\u2019\u00e9mission \u00ab&nbsp;Deep&nbsp;\u00bb, 12 mai 2024, sur le th\u00e8me \u00ab&nbsp;Grandir en banlieue : richesse ou fracture sociale ?&nbsp;\u00bb.&nbsp;<a href=\"https:\/\/youtube.com\/watch?v=mhO181Xq9U0\">En ligne<\/a><\/p>\n\n\n\n<p>Compte-rendu de Charles Jacquier, <em>Revue du MAUSS<\/em>, 2024\/2, n\u00b0 63<\/p>\n\n\n\n<p>Causerie populaire libertaire autour de mon livre, organis\u00e9e par le groupe Commune de Paris de la F\u00e9d\u00e9ration anarchiste, 21 janvier 2024, Publico, Paris.<\/p>\n\n\n\n<p>Participation \u00e0 l\u2019\u00e9mission \u00ab&nbsp;Et pourtant, elle existe cette litt\u00e9rature\u2026&nbsp;\u00bb, Radio libertaire, 18 janvier 2024. A r\u00e9\u00e9couter via&nbsp;<a href=\"https:\/\/radio-libertaire.org\/podcast\/z_commun\/emission_aff.php?id_e=117&amp;id_c=73&amp;bout=alpha\">Radio libertaire<\/a>&nbsp;et&nbsp;<a href=\"https:\/\/www.anarchiste.info\/radio\/libertaire\/emission\/et-pourtant-elle-existe-cette-litterature\/2024\/01\/18\/\">Anarchiste.info<\/a><\/p>\n\n\n\n<p>Entretien avec Fr\u00e9d\u00e9ric Pierru, <em>Respublica<\/em>, 17 d\u00e9cembre 2023. <a href=\"https:\/\/www.gaucherepublicaine.org\/respublica-idees\/entretien-avec-nedjib-sidi-moussa\/7435010\">En ligne<\/a><\/p>\n\n\n\n<p>Entretien avec Faris Lounis, <em>Actualitt\u00e9<\/em>, 4 d\u00e9cembre 2023. <a href=\"https:\/\/actualitte.com\/article\/114618\/interviews\/malaise-dans-l-educnat-mes-eleves-me-donnent-matiere-a-esperance\">En ligne<\/a><\/p>\n\n\n\n<p>Note de lecture parue dans <em>Politis<\/em>, d\u00e9cembre 2023<\/p>\n\n\n\n<p>Rencontre le 15 novembre 2023 \u00e0 19h \u00e0 la librairie La 25e heure, 8 place du G\u00e9n\u00e9ral Beuret 75015 Paris<\/p>\n\n\n\n<p>Note de Lakhdar Bela\u00efd, <em>La Voix du Nord<\/em>, 8 novembre 2023<\/p>\n\n\n\n<p>Pr\u00e9sentation le 4 novembre 2023 \u00e0 19h \u00e0 la librairie L&rsquo;impossible, 4 rue Taisson \u00e0 Al\u00e8s<\/p>\n\n\n\n<p>Pr\u00e9sentation le 3 novembre 2023 \u00e0 18h30 \u00e0 La L\u00e9zarde, 66 Grand rue, Saint-Jean-du-Gard<\/p>\n\n\n\n<p>Compte-rendu de Faris Lounis, <em>Actualitt\u00e9<\/em>, 2 novembre 2023. <a href=\"https:\/\/actualitte.com\/article\/114152\/chroniques\/prof-precaire-en-banlieue-la-mythique-guerre-des-memoires-n-a-pas-eu-lieu\">En ligne<\/a><\/p>\n\n\n\n<p>Entretien paru dans <em>Le Courrier de l&rsquo;Atlas<\/em>, novembre 2023<\/p>\n\n\n\n<p>Entretien avec Sylvain, <em>Courant alternatif<\/em>, novembre 2023. <a href=\"https:\/\/oclibertaire.lautre.net\/spip.php?article3975\">En ligne<\/a><\/p>\n\n\n\n<p>Compte-rendu de S\u00e9bastien Navarro, <em>A contretemps<\/em>, 30 octobre 2023. <a href=\"https:\/\/acontretemps.org\/spip.php?article1019\">En ligne<\/a><\/p>\n\n\n\n<p>Compte-rendu de David, <em>Alternative libertaire<\/em>, 24 octobre 2023. <a href=\"https:\/\/unioncommunistelibertaire.org\/?Lire-Sidi-Moussa-Le-Remplacant-Journal-d-un-prof-precaire-de-banlieue\">En ligne<\/a><\/p>\n\n\n\n<p>Entretien avec Ramdan Bezine, Bondy Blog, 23 octobre 2023. <a href=\"https:\/\/www.bondyblog.fr\/reportages\/au-tableau\/lecole-nest-pas-un-sanctuaire-elle-est-le-reflet-de-la-societe\/\">En ligne<\/a><\/p>\n\n\n\n<p>Compte-rendu de Yves Coleman, <em>Ni patrie ni fronti\u00e8res<\/em>, 22 octobre 2023. <a href=\"http:\/\/npnf.eu\/spip.php?article1086\">En ligne<\/a><\/p>\n\n\n\n<p>Participation \u00e0 l&rsquo;\u00e9mission \u00ab\u00a0La soci\u00e9t\u00e9 dans tous ses \u00e9tats\u00a0\u00bb, Radio libertaire, 16 octobre 2023<\/p>\n\n\n\n<p>Participation \u00e0 l&rsquo;\u00e9mission \u00ab\u00a0Trous noirs\u00a0\u00bb, Radio libertaire, 9 octobre 2023<\/p>\n\n\n\n<p>Pr\u00e9sentation le 7 octobre 2023 \u00e0 15h \u00e0 la librairie La Gryffe, 5 rue S\u00e9bastien Gryffe 69007 Lyon<\/p>\n\n\n\n<p>Pr\u00e9sentation le 6 octobre 2023 \u00e0 20h30 au Remue-M\u00e9ninges, Saint-Etienne<\/p>\n\n\n\n<p>\u00ab\u00a0L&rsquo;actualit\u00e9 des luttes\u00a0\u00bb, FPP, 3 octobre 2023<\/p>\n\n\n\n<p>Pr\u00e9sentation le 29 septembre \u00e0 18h30 \u00e0 la librairie La Flibuste, 3 rue Jean-Jacques Rousseau Fontenay-sous-Bois<\/p>\n\n\n\n<p>Compte-rendu de Laurence De Cock, <em>Le Caf\u00e9 p\u00e9dagogique<\/em>, 25 septembre 2023. <a href=\"https:\/\/www.cafepedagogique.net\/2023\/09\/25\/laurence-de-cock-le-remplacant\/\" target=\"_blank\" rel=\"noreferrer noopener\">En ligne<\/a><\/p>\n\n\n\n<p>Pr\u00e9sentation du livre, 22 septembre \u00e0 19h30, la librairie Libre \u00c8re : 111 boulevard de M\u00e9nilmontant 75011 Paris.<\/p>\n\n\n\n<p>Interview r\u00e9alis\u00e9e par Laurence Th\u00e9ault, RFI, \u00ab\u00a0Livre France\u00a0\u00bb, 17 septembre 2023. <a rel=\"noreferrer noopener\" href=\"https:\/\/www.rfi.fr\/fr\/podcasts\/livre-france\/20230916-le-rempla%C3%A7ant-journal-d-un-prof-pr%C3%A9caire-de-banlieue-de-nedjib-sidi-moussa\" target=\"_blank\">En ligne<\/a><\/p>\n\n\n\n<p>Pr\u00e9sentation du livre, 16 septembre 2023 \u00e0 16h, librairie Folies d&rsquo;encre : 39-41, boulevard de Strasbourg, 93600 Aulnay-sous-Bois.<\/p>\n\n\n\n<p>Participation \u00e0 l&rsquo;\u00e9mission \u00ab\u00a0C ce soir\u00a0\u00bb, France 5, 12 septembre 2023. <a href=\"https:\/\/www.france.tv\/france-5\/c-ce-soir\/saison-4\/5197599-ecole-la-crise-d-autorite.html\" target=\"_blank\" rel=\"noreferrer noopener\">En ligne<\/a><\/p>\n\n\n\n<p>Interview r\u00e9alis\u00e9e par K\u00e9vin Boucaud-Victoire, <em>Marianne<\/em>, 8 septembre 2023. <a href=\"https:\/\/www.marianne.net\/agora\/entretiens-et-debats\/nedjib-sidi-moussa-jai-constate-la-depolitisation-et-linfluence-de-la-criminalite-sur-les-eleves\" target=\"_blank\" rel=\"noreferrer noopener\">En ligne<\/a><\/p>\n\n\n\n<p>Lancement du livre, 7 septembre 2023 \u00e0 20h, librairie Quilombo : 23, rue Voltaire 75011 Paris.<\/p>\n\n\n\n<p>Fr\u00e9d\u00e9ric Manzini, \u00ab\u00a0\u00catre professeur aujourd&rsquo;hui : pour quoi faire ?\u00a0\u00bb, <em>Philosophie Magazine<\/em>, 4 septembre 2023. <a rel=\"noreferrer noopener\" href=\"https:\/\/www.philomag.com\/articles\/etre-professeur-aujourdhui-pour-quoi-faire\" target=\"_blank\">En ligne<\/a><\/p>\n\n\n\n<p>Sylvain Boulouque, \u00ab\u00a0Cinq livres et une revue pour un regard politique sur l&rsquo;\u00e9cole\u00a0\u00bb, <em>Slate<\/em>.<em>fr<\/em>, 15 juillet 2023. <a href=\"https:\/\/www.slate.fr\/story\/249961\/livres-revue-education-politique-ecole-formation\" target=\"_blank\" rel=\"noreferrer noopener\">En ligne<\/a><\/p>\n\n\n\n<hr class=\"wp-block-separator has-css-opacity\"\/>\n\n\n\n<p><strong>Pour toute demande d\u2019entretien, recension, pr\u00e9sentation ou discussion autour de ce livre, veuillez me contacter par l\u2019interm\u00e9diaire des <a href=\"https:\/\/www.lechappee.org\/contact\">\u00e9ditions l&rsquo;\u00e9chapp\u00e9e<\/a>.<\/strong><\/p>\n","protected":false},"excerpt":{"rendered":"<p>Cette page est consacr\u00e9e \u00e0 mon sixi\u00e8me ouvrage, Le Rempla\u00e7ant. Journal d&rsquo;un prof (pr\u00e9caire) de banlieue, l&rsquo;\u00e9chapp\u00e9e, 2023.Pour le commander, cliquez sur ce lien. Discussion avec Fabien Lebrun aux Rencontres du Maquis pour l\u2019\u00e9mancipation, Minerve, 11 ao\u00fbt 2024 Participation au Maghreb des livres, 1er juin 2024, H\u00f4tel de ville de Paris : table ronde \u00ab&nbsp;Injustices [&hellip;]<\/p>\n","protected":false},"author":1,"featured_media":0,"parent":0,"menu_order":0,"comment_status":"closed","ping_status":"closed","template":"","meta":{"jetpack_post_was_ever_published":false,"footnotes":""},"class_list":["post-19693","page","type-page","status-publish","hentry"],"jetpack_sharing_enabled":true,"jetpack_shortlink":"https:\/\/wp.me\/P9lTYU-57D","jetpack_likes_enabled":true,"jetpack-related-posts":[{"id":9561,"url":"https:\/\/sinedjib.com\/index.php\/mes-livres\/","url_meta":{"origin":19693,"position":0},"title":"Mes livres","author":"SiNedjib","date":"17\/08\/2020","format":false,"excerpt":"Le Spectre du colonialisme, Paris, L'\u00e9chapp\u00e9e, 2026Commander Le Rempla\u00e7ant. Journal d'un prof (pr\u00e9caire) de banlieue, Paris, L'\u00e9chapp\u00e9e, 2023CommanderEchos Histoire alg\u00e9rienne de la France. Une centralit\u00e9 refoul\u00e9e, de 1962 \u00e0 nos jours, Paris, PUF, 2022CommanderEchos Coordination du dossier \"1962-2022\/Alg\u00e9rie. Plus que jamais, rouvrir un avenir \u00e0 la r\u00e9volution\", ContreTemps, n\u00b0 54,\u2026","rel":"","context":"Article similaire","block_context":{"text":"Article similaire","link":""},"img":{"alt_text":"","src":"https:\/\/i0.wp.com\/sinedjib.com\/wp-content\/uploads\/2025\/12\/LE-SPECTRE-DU-COLONIALISME-Couv.jpg?resize=350%2C200&ssl=1","width":350,"height":200,"srcset":"https:\/\/i0.wp.com\/sinedjib.com\/wp-content\/uploads\/2025\/12\/LE-SPECTRE-DU-COLONIALISME-Couv.jpg?resize=350%2C200&ssl=1 1x, https:\/\/i0.wp.com\/sinedjib.com\/wp-content\/uploads\/2025\/12\/LE-SPECTRE-DU-COLONIALISME-Couv.jpg?resize=525%2C300&ssl=1 1.5x"},"classes":[]},{"id":8890,"url":"https:\/\/sinedjib.com\/index.php\/informations-et-reflexions-libertaires\/","url_meta":{"origin":19693,"position":1},"title":"Informations et r\u00e9flexions libertaires","author":"SiNedjib","date":"20\/06\/2020","format":false,"excerpt":"Cette page recense les 12 articles d'Informations et r\u00e9flexions libertaires publi\u00e9s sur ce site depuis le 5 juin 2020. La revue a paru de 1973 \u00e0 1991, d'abord sous le titre Informations rassembl\u00e9es \u00e0 Lyon. Les num\u00e9ros sont t\u00e9l\u00e9chargeables sur le site du Centre de recherche pour l'alternative sociale. \"Anti-racisme\",\u2026","rel":"","context":"Article similaire","block_context":{"text":"Article similaire","link":""},"img":{"alt_text":"","src":"https:\/\/i0.wp.com\/sinedjib.com\/wp-content\/uploads\/2020\/06\/IRL-octobre-1983.png?resize=350%2C200&ssl=1","width":350,"height":200},"classes":[]},{"id":22297,"url":"https:\/\/sinedjib.com\/index.php\/la-commune\/","url_meta":{"origin":19693,"position":2},"title":"La Commune","author":"SiNedjib","date":"17\/03\/2024","format":false,"excerpt":"Cette page recense les 11 articles du journal La Commune publi\u00e9s sur ce site depuis le 14 novembre 2012. L'organe du Comit\u00e9 de liaison et d'action pour la d\u00e9mocratie ouvri\u00e8re (CLADO) a paru de 1957 \u00e0 1958. \"Cinq questions \u00e0 Messali Hadj\", La Commune, avril 1957. Lien Maurice Clavel, \"La\u2026","rel":"","context":"Article similaire","block_context":{"text":"Article similaire","link":""},"img":{"alt_text":"","src":"https:\/\/i0.wp.com\/sinedjib.com\/wp-content\/uploads\/2024\/03\/La-Commune-mai-1957.webp?resize=350%2C200&ssl=1","width":350,"height":200,"srcset":"https:\/\/i0.wp.com\/sinedjib.com\/wp-content\/uploads\/2024\/03\/La-Commune-mai-1957.webp?resize=350%2C200&ssl=1 1x, https:\/\/i0.wp.com\/sinedjib.com\/wp-content\/uploads\/2024\/03\/La-Commune-mai-1957.webp?resize=525%2C300&ssl=1 1.5x"},"classes":[]},{"id":9142,"url":"https:\/\/sinedjib.com\/index.php\/tout\/","url_meta":{"origin":19693,"position":3},"title":"Tout !","author":"SiNedjib","date":"10\/07\/2020","format":false,"excerpt":"Cette page recense les 11 articles de Tout ! publi\u00e9s sur ce site depuis le 1er juillet 2020. Ce journal a paru de 1970 \u00e0 1971. Les sommaires sont consultables sur le site Archives Autonomies. \"Meulan : de l\u2019embauche \u00e0 la Cour de S\u00fbret\u00e9 le trafic continue\", paru dans\u00a0Tout !,\u2026","rel":"","context":"Article similaire","block_context":{"text":"Article similaire","link":""},"img":{"alt_text":"","src":"https:\/\/i0.wp.com\/sinedjib.com\/wp-content\/uploads\/2020\/07\/Tout-8-septembre-1970.png?resize=350%2C200&ssl=1","width":350,"height":200},"classes":[]},{"id":11279,"url":"https:\/\/sinedjib.com\/index.php\/le-bolchevik\/","url_meta":{"origin":19693,"position":4},"title":"Le Bolch\u00e9vik","author":"SiNedjib","date":"18\/01\/2021","format":false,"excerpt":"Cette page recense les 11 articles du Bolch\u00e9vik\u00a0publi\u00e9s sur ce site depuis le 15 d\u00e9cembre 2020. L\u2019organe de la Tendance spartaciste internationale\u00a0a \u00e9t\u00e9 lanc\u00e9 en 1976.\u00a0Les exemplaires du journal (jusqu'en 2011) sont t\u00e9l\u00e9chargeables sur le site\u00a0Marxists Internet Archive. \"Le massacre d\u2019octobre \u00e0 Alger\", paru dans Le Bolch\u00e9vik, n\u00b0 88, novembre\u2026","rel":"","context":"Article similaire","block_context":{"text":"Article similaire","link":""},"img":{"alt_text":"","src":"https:\/\/i0.wp.com\/sinedjib.com\/wp-content\/uploads\/2020\/12\/Le-Bolchevik-mars-1989.png?resize=350%2C200&ssl=1","width":350,"height":200},"classes":[]},{"id":5913,"url":"https:\/\/sinedjib.com\/index.php\/ressources\/pouvoir-ouvrier\/","url_meta":{"origin":19693,"position":5},"title":"Pouvoir ouvrier","author":"SiNedjib","date":"14\/06\/2019","format":false,"excerpt":"Cette page recense les 56 articles de Pouvoir ouvrier publi\u00e9s sur ce site depuis le 10 septembre 2016. Le bulletin, d'abord suppl\u00e9ment \u00e0 la revue Socialisme ou Barbarie, a paru de 1958 \u00e0 1969. Les sommaires sont consultables sur le site Archives Autonomie. \"Doit-on se sacrifier pour la grandeur de\u2026","rel":"","context":"Article similaire","block_context":{"text":"Article similaire","link":""},"img":{"alt_text":"","src":"https:\/\/i0.wp.com\/sinedjib.com\/wp-content\/uploads\/2020\/05\/Pouvoir-ouvrier-septembre-1959-2.png?resize=350%2C200&ssl=1","width":350,"height":200},"classes":[]}],"_links":{"self":[{"href":"https:\/\/sinedjib.com\/index.php\/wp-json\/wp\/v2\/pages\/19693","targetHints":{"allow":["GET"]}}],"collection":[{"href":"https:\/\/sinedjib.com\/index.php\/wp-json\/wp\/v2\/pages"}],"about":[{"href":"https:\/\/sinedjib.com\/index.php\/wp-json\/wp\/v2\/types\/page"}],"author":[{"embeddable":true,"href":"https:\/\/sinedjib.com\/index.php\/wp-json\/wp\/v2\/users\/1"}],"replies":[{"embeddable":true,"href":"https:\/\/sinedjib.com\/index.php\/wp-json\/wp\/v2\/comments?post=19693"}],"version-history":[{"count":8,"href":"https:\/\/sinedjib.com\/index.php\/wp-json\/wp\/v2\/pages\/19693\/revisions"}],"predecessor-version":[{"id":26584,"href":"https:\/\/sinedjib.com\/index.php\/wp-json\/wp\/v2\/pages\/19693\/revisions\/26584"}],"wp:attachment":[{"href":"https:\/\/sinedjib.com\/index.php\/wp-json\/wp\/v2\/media?parent=19693"}],"curies":[{"name":"wp","href":"https:\/\/api.w.org\/{rel}","templated":true}]}}