{"id":20823,"date":"2024-01-01T18:45:57","date_gmt":"2024-01-01T17:45:57","guid":{"rendered":"https:\/\/sinedjib.com\/?page_id=20823"},"modified":"2025-07-04T11:01:32","modified_gmt":"2025-07-04T09:01:32","slug":"resume","status":"publish","type":"page","link":"https:\/\/sinedjib.com\/index.php\/resume\/","title":{"rendered":"Resume"},"content":{"rendered":"\n<p class=\"has-text-align-center has-large-font-size\"><strong>EDUCATION<\/strong><\/p>\n\n\n\n<p>Universit\u00e9 Panth\u00e9on-Sorbonne, Paris, France<\/p>\n\n\n\n<p><strong>PhD in Political science<\/strong>, December 2013<\/p>\n\n\n\n<p><em>Very honorable distinction with unanimous congratulations from the jury<\/em><em><\/em><\/p>\n\n\n\n<p>Universit\u00e9 Panth\u00e9on-Sorbonne, Paris, France<\/p>\n\n\n\n<p><strong>Master in Political science<\/strong> (specialisation: African studies), July 2007<\/p>\n\n\n\n<hr class=\"wp-block-separator has-alpha-channel-opacity\"\/>\n\n\n\n<p class=\"has-text-align-center has-large-font-size\"><strong>TEACHING\/RESEARCH EXPERIENCE<\/strong><strong><\/strong><\/p>\n\n\n\n<p><strong>Jan. 2021 to present<\/strong><\/p>\n\n\n\n<p>Secondary Teacher of History and Geography, Paris Region, France<\/p>\n\n\n\n<p><em>Courses based on the French secondary school curriculum.<\/em><\/p>\n\n\n\n<p><strong>Feb. 2022 to June 2022<\/strong><\/p>\n\n\n\n<p>Adjunct lecturer of Political science, Universit\u00e9 de Versailles-Saint-Quentin-en-Yvelines, France<\/p>\n\n\n\n<p><em>Lectures in Social history of political institutions: state, democracy, civil society, parties in France and Europe (undergraduate).<\/em><\/p>\n\n\n\n<p><strong>Sept. 2021 to June 2022<\/strong><\/p>\n\n\n\n<p>Adjunct lecturer of Political science, Universit\u00e9 Paris Nanterre, France<\/p>\n\n\n\n<p><em>Lectures in European and international political sociology (postgraduate) and International relations (undergraduate).<\/em><\/p>\n\n\n\n<p><strong>Sept. 2015 to June 2017<\/strong><\/p>\n\n\n\n<p>Adjunct lecturer of History, INALCO, Paris, France<\/p>\n\n\n\n<p><em>Lectures in Contemporary history of the Arab world, from the collapse of the Ottoman Empire to the Arab revolutions (undergraduate).<\/em><\/p>\n\n\n\n<p><strong>Sep. 2012 to Aug. 2014<\/strong><\/p>\n\n\n\n<p>Teaching and Research Temporary Attach\u00e9 (ATER) of Political science, Universit\u00e9 Panth\u00e9on-Sorbonne, Paris, France<\/p>\n\n\n\n<p><em>Lectures in International politics, Political sociology, Comparing political systems, Political forces and African studies (undergraduate and postgraduate). Supervising students.<\/em><\/p>\n\n\n\n<p><strong>Oct. 2010 to Feb. 2011<\/strong><\/p>\n\n\n\n<p>Adjunct lecturer of Political science, Universit\u00e9 Paris-Dauphine, Paris, France<\/p>\n\n\n\n<p><em>Lectures in Political science focused on French institutions until the Fifth Republic (undergraduate).<\/em><\/p>\n\n\n\n<p><strong>Jan. 2010 to Mar. 2010<\/strong><\/p>\n\n\n\n<p>Adjunct lecturer of Sociology, Rouen Business School, Rouen, France<\/p>\n\n\n\n<p><em>Lectures in Sociology focused on classic authors and contemporary issues (postgraduate).<\/em><\/p>\n\n\n\n<p><strong>Sep. 2007 to Aug. 2010<\/strong><\/p>\n\n\n\n<p>Research fellow in Political science, Universit\u00e9 Panth\u00e9on-Sorbonne, France<\/p>\n\n\n\n<p><em>Thesis on Revolutionary National Council members careers (Algeria, 1954) directed by Prof. Johanna Sim\u00e9ant; collaborative survey during the World Social Forums in Nairobi and Dakar<\/em>.<\/p>\n\n\n\n<hr class=\"wp-block-separator has-alpha-channel-opacity\"\/>\n\n\n\n<p class=\"has-text-align-center has-large-font-size\"><strong>SELECTED PRESENTATIONS<\/strong><\/p>\n\n\n\n<p><strong>March 2025<\/strong><\/p>\n\n\n\n<p>Entre critique litt\u00e9raire et proc\u00e8s politique : quand la gauche lisait Camus au temps de la Guerre froide. Symposium, Camus et l&rsquo;Alg\u00e9rie coloniale, Institut du monde arabe, Paris, France.<\/p>\n\n\n\n<p><strong>June 2019<\/strong><\/p>\n\n\n\n<p>Diversity and structural inequalities. Workshop, Decolonizing the Academy, the Curriculum and the History of Decolonization, Netherlands Institute of Advanced Study, Amsterdam, Netherlands.<\/p>\n\n\n\n<p><strong>Apr. 2019<\/strong><\/p>\n\n\n\n<p>Une apostasie impensable\u00a0? De la lutte anticoloniale \u00e0 l\u2019antiracisme \u2018politique\u2019 : retour sur une probl\u00e9matique marginalis\u00e9e dans l\u2019espace franco-alg\u00e9rien. Symposium, Disaffiliation, Dis-identification, Disavowal: (Ex-)Muslims and Public Apostasy from Islam in Francophone Culture and Politics, Senate House, London, England.<\/p>\n\n\n\n<p><strong>Jun. 2018<\/strong><\/p>\n\n\n\n<p>La cause de l\u2019islamophobie en France. Contribution sur le r\u00f4le des intellectuels dans la diffusion d\u2019une notion ambigu\u00eb. Symposium, Soci\u00e9t\u00e9s s\u00e9cularis\u00e9es aux d\u00e9fis des fondamentalismes religieux, Maison m\u00e9diterran\u00e9enne des sciences de l\u2019homme, Aix-en-Provence, France.<\/p>\n\n\n\n<p><strong>Dec. 2016<\/strong><\/p>\n\n\n\n<p>Legitimating Violence for a Legitimate Cause: Maquis, Urban Terror and Executions in the Algerian Revolution. Workshop, Understanding Insurgencies: Resonances from the Colonial Past, Centre d\u2019histoire sociale, Paris, France.<strong><\/strong><\/p>\n\n\n\n<p><strong>May 2017<\/strong><\/p>\n\n\n\n<p>Djihad, guerre ou r\u00e9volution ? Nommer le conflit alg\u00e9rien : enjeux th\u00e9oriques et controverses politiques. Symposium, The Algerian War of Independence. Global and Local Histories, 1954-62, and After, University of Oxford, England.<\/p>\n\n\n\n<p><strong>Oct. 2012<\/strong><\/p>\n\n\n\n<p>Les messalistes \u00e0 l&rsquo;\u00e9preuve de l&rsquo;ind\u00e9pendance : du MNA au PPA. Symposium, 1962, un monde \u2013 1962 a World. Symposium, Centre d&rsquo;\u00e9tudes maghr\u00e9bines and Centre de recherche en anthropologie sociale et culturelle, Oran, Algeria.<\/p>\n\n\n\n<p><strong>Apr. 2011<\/strong><\/p>\n\n\n\n<p>Faire la r\u00e9volution malgr\u00e9 la r\u00e9pression&nbsp;? Le cas des ind\u00e9pendantistes alg\u00e9riens (messalistes). Symposium, Congr\u00e8s international du r\u00e9seau francophone des associations de science politique, Universit\u00e9 libre de Bruxelles, Belgium.<\/p>\n\n\n\n<p><strong>Oct. 2010<\/strong><\/p>\n\n\n\n<p>Pour une historiographie critique de la question messaliste. Workshop, Shadow, mirrors, white spaces ; Thinking Algeria with and beyond the limits of francophone scholarship in North America, Johns-Hopkins University, Baltimore, USA.<\/p>\n","protected":false},"excerpt":{"rendered":"<p>EDUCATION Universit\u00e9 Panth\u00e9on-Sorbonne, Paris, France PhD in Political science, December 2013 Very honorable distinction with unanimous congratulations from the jury Universit\u00e9 Panth\u00e9on-Sorbonne, Paris, France Master in Political science (specialisation: African studies), July 2007 TEACHING\/RESEARCH EXPERIENCE Jan. 2021 to present Secondary Teacher of History and Geography, Paris Region, France Courses based on the French secondary school [&hellip;]<\/p>\n","protected":false},"author":1,"featured_media":0,"parent":0,"menu_order":0,"comment_status":"closed","ping_status":"closed","template":"","meta":{"jetpack_post_was_ever_published":false,"footnotes":""},"class_list":["post-20823","page","type-page","status-publish","hentry"],"jetpack_sharing_enabled":true,"jetpack_shortlink":"https:\/\/wp.me\/P9lTYU-5pR","jetpack_likes_enabled":true,"jetpack-related-posts":[{"id":7,"url":"https:\/\/sinedjib.com\/index.php\/apropos\/","url_meta":{"origin":20823,"position":0},"title":"Pr\u00e9sentation","author":"Nedjib Sidi Moussa","date":"28\/10\/2012","format":false,"excerpt":"Je m'appelle Nedjib SIDI MOUSSA et je suis n\u00e9 en 1982 \u00e0 Valenciennes. Docteur en science politique (Universit\u00e9 Paris 1 Panth\u00e9on-Sorbonne), je me consacre \u00e0 l'\u00e9criture et \u00e0 l'enseignement en r\u00e9gion parisienne. Pour de plus amples informations, je vous invite \u00e0 consulter mon CV scientifique. On trouvera sur ce site\u2026","rel":"","context":"Article similaire","block_context":{"text":"Article similaire","link":""},"img":{"alt_text":"","src":"https:\/\/i0.wp.com\/sinedjib.com\/wp-content\/uploads\/2026\/01\/2026-01-17-Alger.jpeg?resize=350%2C200&ssl=1","width":350,"height":200,"srcset":"https:\/\/i0.wp.com\/sinedjib.com\/wp-content\/uploads\/2026\/01\/2026-01-17-Alger.jpeg?resize=350%2C200&ssl=1 1x, https:\/\/i0.wp.com\/sinedjib.com\/wp-content\/uploads\/2026\/01\/2026-01-17-Alger.jpeg?resize=525%2C300&ssl=1 1.5x, https:\/\/i0.wp.com\/sinedjib.com\/wp-content\/uploads\/2026\/01\/2026-01-17-Alger.jpeg?resize=700%2C400&ssl=1 2x"},"classes":[]},{"id":9568,"url":"https:\/\/sinedjib.com\/index.php\/algerie-echos\/","url_meta":{"origin":20823,"position":1},"title":"Alg\u00e9rie, une autre histoire de l&rsquo;ind\u00e9pendance : \u00e9chos","author":"SiNedjib","date":"17\/08\/2020","format":false,"excerpt":"Suite \u00e0 la parution de mon second livre\u00a0Alg\u00e9rie, une autre histoire de l'ind\u00e9pendance (Paris, PUF et Alger, Barzakh, 2019), cette page en recense les pr\u00e9sentations,\u00a0recensions, entretiens ou\u00a0\u00e9vocations.Pour commander cet ouvrage, cliquez sur ce\u00a0lien Pr\u00e9sentations et d\u00e9bats Pr\u00e9sentation, le 8 mars 2020 \u00e0 15h au local\u00a0Camarade\u00a0: 54, boulevard D\u00e9odat de S\u00e9verac\u2026","rel":"","context":"Article similaire","block_context":{"text":"Article similaire","link":""},"img":{"alt_text":"","src":"https:\/\/i0.wp.com\/sinedjib.com\/wp-content\/uploads\/2019\/01\/Alg%C3%A9rie-une-autre-histoire-de-lind%C3%A9pendance.jpg?resize=350%2C200&ssl=1","width":350,"height":200},"classes":[]},{"id":16968,"url":"https:\/\/sinedjib.com\/index.php\/histoire-algerienne-de-la-france\/","url_meta":{"origin":20823,"position":2},"title":"Histoire alg\u00e9rienne de la France","author":"SiNedjib","date":"29\/08\/2022","format":false,"excerpt":"Cette page est consacr\u00e9e \u00e0 mon cinqui\u00e8me ouvrage, Histoire alg\u00e9rienne de la France. Une centralit\u00e9 refoul\u00e9e, de 1962 \u00e0 nos jours, Presses universitaires de France, 2022.Pour le commander, cliquez sur ce lien Fran\u00e7oise Lorcerie, \"Discuter le postcolonial et le d\u00e9colonial dans les syst\u00e8mes \u00e9ducatifs : le cas de la France\u2026","rel":"","context":"Article similaire","block_context":{"text":"Article similaire","link":""},"img":{"alt_text":"","src":"https:\/\/i0.wp.com\/sinedjib.com\/wp-content\/uploads\/2022\/07\/histoire-algerienne-de-la-france.png?resize=350%2C200&ssl=1","width":350,"height":200},"classes":[]},{"id":8259,"url":"https:\/\/sinedjib.com\/index.php\/travaux\/","url_meta":{"origin":20823,"position":3},"title":"Travaux","author":"SiNedjib","date":"06\/05\/2020","format":false,"excerpt":"Cette page recense les travaux, articles ou ouvrages faisant r\u00e9f\u00e9rence \u00e0 mes publications, \u00e0 l'exception de mes livres. Lamine Ammar-khodja, La partie immerg\u00e9e de l\u2019iceberg. \u00c9loge du GPS alg\u00e9rien, Alger, \u00c9ditions Motifs et \u00c9ditions Terrasses, 2026 Layla Baamara, \"Du campus \u00e0 la rue. Mobilisation \u00e9tudiante et engagement politique en Alg\u00e9rie\u2026","rel":"","context":"Article similaire","block_context":{"text":"Article similaire","link":""},"img":{"alt_text":"","src":"","width":0,"height":0},"classes":[]},{"id":9601,"url":"https:\/\/sinedjib.com\/index.php\/recensions-comptes-rendus\/","url_meta":{"origin":20823,"position":4},"title":"Recensions, comptes-rendus et notes de lecture","author":"SiNedjib","date":"17\/08\/2020","format":false,"excerpt":"\u00ab Le FLN, mirage et r\u00e9alit\u00e9 \u00bb, ContreTemps. Revue de critique communiste, n\u00b0 67, octobre 2025[\u00e0 propos de Mohammed Harbi, Le FLN, mirage et r\u00e9alit\u00e9, Paris, Syllepse, 2024] \"Le proc\u00e8s Papon\", La R\u00e9volution prol\u00e9tarienne, n\u00b0 830, septembre 2025[\u00e0 propos de Jean-Jacques Gandini, Le proc\u00e8s Papon, Lorient, Le Passager clandestin, 2025]\u2026","rel":"","context":"Article similaire","block_context":{"text":"Article similaire","link":""},"img":{"alt_text":"","src":"https:\/\/i0.wp.com\/sinedjib.com\/wp-content\/uploads\/2025\/12\/FLN-mirage-2.jpg?resize=350%2C200&ssl=1","width":350,"height":200,"srcset":"https:\/\/i0.wp.com\/sinedjib.com\/wp-content\/uploads\/2025\/12\/FLN-mirage-2.jpg?resize=350%2C200&ssl=1 1x, https:\/\/i0.wp.com\/sinedjib.com\/wp-content\/uploads\/2025\/12\/FLN-mirage-2.jpg?resize=525%2C300&ssl=1 1.5x, https:\/\/i0.wp.com\/sinedjib.com\/wp-content\/uploads\/2025\/12\/FLN-mirage-2.jpg?resize=700%2C400&ssl=1 2x"},"classes":[]},{"id":9561,"url":"https:\/\/sinedjib.com\/index.php\/mes-livres\/","url_meta":{"origin":20823,"position":5},"title":"Mes livres","author":"SiNedjib","date":"17\/08\/2020","format":false,"excerpt":"Le Spectre du colonialisme, Paris, \u00e9ditions de l'\u00e9chapp\u00e9e [sortie : 3 avril 2026]CommanderInformations Le Rempla\u00e7ant. Journal d'un prof (pr\u00e9caire) de banlieue, Paris, \u00e9ditions de l'\u00e9chapp\u00e9e, 2023CommanderEchos Histoire alg\u00e9rienne de la France. Une centralit\u00e9 refoul\u00e9e, de 1962 \u00e0 nos jours, Paris, PUF, 2022CommanderEchos Coordination du dossier \"1962-2022\/Alg\u00e9rie. Plus que jamais, rouvrir\u2026","rel":"","context":"Article similaire","block_context":{"text":"Article similaire","link":""},"img":{"alt_text":"","src":"https:\/\/i0.wp.com\/sinedjib.com\/wp-content\/uploads\/2025\/12\/LE-SPECTRE-DU-COLONIALISME-Couv.jpg?resize=350%2C200&ssl=1","width":350,"height":200,"srcset":"https:\/\/i0.wp.com\/sinedjib.com\/wp-content\/uploads\/2025\/12\/LE-SPECTRE-DU-COLONIALISME-Couv.jpg?resize=350%2C200&ssl=1 1x, https:\/\/i0.wp.com\/sinedjib.com\/wp-content\/uploads\/2025\/12\/LE-SPECTRE-DU-COLONIALISME-Couv.jpg?resize=525%2C300&ssl=1 1.5x"},"classes":[]}],"_links":{"self":[{"href":"https:\/\/sinedjib.com\/index.php\/wp-json\/wp\/v2\/pages\/20823","targetHints":{"allow":["GET"]}}],"collection":[{"href":"https:\/\/sinedjib.com\/index.php\/wp-json\/wp\/v2\/pages"}],"about":[{"href":"https:\/\/sinedjib.com\/index.php\/wp-json\/wp\/v2\/types\/page"}],"author":[{"embeddable":true,"href":"https:\/\/sinedjib.com\/index.php\/wp-json\/wp\/v2\/users\/1"}],"replies":[{"embeddable":true,"href":"https:\/\/sinedjib.com\/index.php\/wp-json\/wp\/v2\/comments?post=20823"}],"version-history":[{"count":6,"href":"https:\/\/sinedjib.com\/index.php\/wp-json\/wp\/v2\/pages\/20823\/revisions"}],"predecessor-version":[{"id":26414,"href":"https:\/\/sinedjib.com\/index.php\/wp-json\/wp\/v2\/pages\/20823\/revisions\/26414"}],"wp:attachment":[{"href":"https:\/\/sinedjib.com\/index.php\/wp-json\/wp\/v2\/media?parent=20823"}],"curies":[{"name":"wp","href":"https:\/\/api.w.org\/{rel}","templated":true}]}}