{"id":22283,"date":"2024-03-17T11:26:37","date_gmt":"2024-03-17T10:26:37","guid":{"rendered":"https:\/\/sinedjib.com\/?page_id=22283"},"modified":"2025-08-14T14:18:24","modified_gmt":"2025-08-14T12:18:24","slug":"alger-republicain","status":"publish","type":"page","link":"https:\/\/sinedjib.com\/index.php\/alger-republicain\/","title":{"rendered":"Alger R\u00e9publicain"},"content":{"rendered":"\n<div class=\"wp-block-media-text is-stacked-on-mobile is-image-fill-element\" style=\"grid-template-columns:49% auto\"><figure class=\"wp-block-media-text__media\"><img data-recalc-dims=\"1\" loading=\"lazy\" decoding=\"async\" width=\"580\" height=\"322\" data-attachment-id=\"22286\" data-permalink=\"https:\/\/sinedjib.com\/index.php\/alger-republicain\/alger-republicain-13-aout-1946-2\/\" data-orig-file=\"https:\/\/i0.wp.com\/sinedjib.com\/wp-content\/uploads\/2024\/03\/Alger-republicain-13-aout-1946.png?fit=1142%2C635&amp;ssl=1\" data-orig-size=\"1142,635\" data-comments-opened=\"1\" data-image-meta=\"{&quot;aperture&quot;:&quot;0&quot;,&quot;credit&quot;:&quot;&quot;,&quot;camera&quot;:&quot;&quot;,&quot;caption&quot;:&quot;&quot;,&quot;created_timestamp&quot;:&quot;0&quot;,&quot;copyright&quot;:&quot;&quot;,&quot;focal_length&quot;:&quot;0&quot;,&quot;iso&quot;:&quot;0&quot;,&quot;shutter_speed&quot;:&quot;0&quot;,&quot;title&quot;:&quot;&quot;,&quot;orientation&quot;:&quot;0&quot;}\" data-image-title=\"Alger-republicain-13-aout-1946\" data-image-description=\"\" data-image-caption=\"\" data-large-file=\"https:\/\/i0.wp.com\/sinedjib.com\/wp-content\/uploads\/2024\/03\/Alger-republicain-13-aout-1946.png?fit=580%2C322&amp;ssl=1\" src=\"https:\/\/i0.wp.com\/sinedjib.com\/wp-content\/uploads\/2024\/03\/Alger-republicain-13-aout-1946.png?resize=580%2C322&#038;ssl=1\" alt=\"\" class=\"wp-image-22286 size-large\" style=\"object-position:50% 27%\" srcset=\"https:\/\/i0.wp.com\/sinedjib.com\/wp-content\/uploads\/2024\/03\/Alger-republicain-13-aout-1946.png?resize=1024%2C569&amp;ssl=1 1024w, https:\/\/i0.wp.com\/sinedjib.com\/wp-content\/uploads\/2024\/03\/Alger-republicain-13-aout-1946.png?resize=300%2C167&amp;ssl=1 300w, https:\/\/i0.wp.com\/sinedjib.com\/wp-content\/uploads\/2024\/03\/Alger-republicain-13-aout-1946.png?resize=768%2C427&amp;ssl=1 768w, https:\/\/i0.wp.com\/sinedjib.com\/wp-content\/uploads\/2024\/03\/Alger-republicain-13-aout-1946.png?w=1142&amp;ssl=1 1142w\" sizes=\"auto, (max-width: 580px) 100vw, 580px\" \/><\/figure><div class=\"wp-block-media-text__content\">\n<p class=\"has-large-font-size\"><strong>Cette page recense les 16 articles d\u2019<em>Alger<\/em> <em>R\u00e9publican<\/em>\u00a0publi\u00e9s sur ce site depuis le 8 mai 2015. Le journal, fond\u00e9 par Jean-Pierre Faure et <a href=\"https:\/\/maitron.fr\/schmitt-paul-dictionnaire-algerie\/\">Paul Schmitt<\/a>, est consultable sur <a href=\"https:\/\/gallica.bnf.fr\/ark:\/12148\/cb34451035j\/date\">Gallica<\/a> pour les ann\u00e9es 1938 \u00e0 1953.<\/strong><\/p>\n<\/div><\/div>\n\n\n\n<p>\u00ab\u00a0La population alg\u00e9rienne de Paris a acclam\u00e9 Messali\u00a0\u00bb, paru dans&nbsp;<em>Alger r\u00e9publicain,<\/em>&nbsp;13 ao\u00fbt 1946. <a href=\"https:\/\/sinedjib.com\/index.php\/2015\/05\/08\/population-algerienne-messali\/\">Lien<\/a><\/p>\n\n\n\n<p>\u00ab\u00a0Motion commune MTLD-PCA-UDMA pour l\u2019amnistie \u00e0 l\u2019occasion de l\u2019A\u00efd-Seghir\u00a0\u00bb, paru dans&nbsp;<em>Alger R\u00e9publicain<\/em>, 27 juin 1951. <a href=\"https:\/\/sinedjib.com\/index.php\/2015\/05\/08\/motion-commune-mtld-pca-udma-pour-lamnistie-a-loccasion-de-laid-seghir\/\">Lien<\/a><\/p>\n\n\n\n<p>\u00ab\u00a0Apr\u00e8s une longue maladie Mme Messali est morte hier \u00e0 Alger sans avoir pu revoir son mari\u00a0\u00bb, paru dans&nbsp;<em>Alger r\u00e9publicain<\/em>, 3 octobre 1953. <a href=\"https:\/\/sinedjib.com\/index.php\/2015\/05\/08\/mme-messali-est-morte\/\">Lien<\/a><\/p>\n\n\n\n<p>\u00ab\u00a0MTLD : Une nouvelle campagne de presse raciste\u00a0\u00bb, paru dans&nbsp;<em>Alger R\u00e9publicain<\/em>, le 19 janvier 1954. <a href=\"https:\/\/sinedjib.com\/index.php\/2024\/01\/18\/mtld\/\">Lien<\/a><\/p>\n\n\n\n<p>\u00ab\u00a0Une d\u00e9claration du MTLD\u00a0\u00bb, paru dans&nbsp;<em>Alger R\u00e9publicain<\/em>, 26 janvier 1954. <a href=\"https:\/\/sinedjib.com\/index.php\/2024\/01\/26\/mtld-2\/\">Lien<\/a><\/p>\n\n\n\n<p>\u00ab\u00a0La r\u00e9pression continue dans la r\u00e9gion de Nemours-Nedroma : Plusieurs femmes condamn\u00e9es \u00e0 des peines de prison \u00e0 Tlemcen\u00a0\u00bb, <em>Alger R\u00e9publicain<\/em>, 13 f\u00e9vrier 1954. <a href=\"https:\/\/sinedjib.com\/index.php\/2024\/02\/13\/tlemcen\/\">Lien<\/a><\/p>\n\n\n\n<p>\u00ab\u00a0Apr\u00e8s le verdict de Tlemcen : Une d\u00e9claration du M.T.L.D.\u00a0\u00bb, <em>Alger R\u00e9publicain<\/em>, 20 f\u00e9vrier 1954. <a href=\"https:\/\/sinedjib.com\/index.php\/2024\/02\/21\/mtld-3\/\">Lien<\/a><\/p>\n\n\n\n<p>\u00ab\u00a0Les probl\u00e8mes de l\u2019union : Interviews de Me BENTOUMI et de Mustapha KATEB\u00a0\u00bb, <em>Alger R\u00e9publicain<\/em>, 25 f\u00e9vrier 1954. <a href=\"https:\/\/sinedjib.com\/index.php\/2024\/02\/25\/les-problemes-de-lunion-interviews-de-me-bentoumi-et-de-mustapha-kateb\/\">Lien<\/a><\/p>\n\n\n\n<p>\u00ab\u00a0Toujours en vertu d\u2019une m\u00eame commission rogatoire : Nouvelles perquisitions chez les militants et dans les locaux du M.T.L.D. Plusieurs arrestations\u00a0\u00bb, <em>Alger R\u00e9publicain<\/em>, 10 avril 1954. <a href=\"https:\/\/sinedjib.com\/index.php\/2024\/04\/13\/mtld-4\/\">Lien<\/a><\/p>\n\n\n\n<p>\u00ab\u00a0M. Messali Hadj. Pr\u00e9sident du M.T.L.D. D\u00e9port\u00e9 \u00e0 Niort\u00a0\u00bb, <em>Alger R\u00e9publicain<\/em>, 23-24 mai 1954. <a href=\"https:\/\/sinedjib.com\/index.php\/2024\/05\/24\/messali-6\/\">Lien<\/a><\/p>\n\n\n\n<p>\u00ab\u00a0Les conseillers municipaux (2eme coll\u00e8ge) de Bouzar\u00e9a, communiquent\u00a0\u00bb, paru dans <em>Alger R\u00e9publicain<\/em>, 23 juin 1954. <a href=\"https:\/\/sinedjib.com\/index.php\/2015\/05\/08\/2eme-college-bouzarea\/\">Lien<\/a><\/p>\n\n\n\n<p>\u00ab\u00a0Une mise au point du M.T.L.D.\u00a0\u00bb, <em>Alger R\u00e9publicain<\/em>, 1er septembre 1954. <a href=\"https:\/\/sinedjib.com\/index.php\/2024\/09\/01\/m-t-l-d\/\">Lien<\/a><\/p>\n\n\n\n<p>\u00ab\u00a0Incidents entre militants des deux tendances du MTLD\u00a0\u00bb, <em>Alger R\u00e9publicain<\/em>, 4 septembre 1954. <a href=\"https:\/\/sinedjib.com\/index.php\/2024\/09\/04\/incidents\/\">Lien<\/a><\/p>\n\n\n\n<p>\u00ab&nbsp;Menteurs et provocateurs&nbsp;\u00bb, <em>Alger R\u00e9publicain<\/em>, 5-6 septembre 1954. <a href=\"https:\/\/sinedjib.com\/index.php\/2024\/09\/04\/incidents\/\">Lien<\/a><\/p>\n\n\n\n<p>\u00ab&nbsp;Incidents \u00e0 Philippeville entre militants des deux tendances du M.T.L.D.&nbsp;\u00bb,&nbsp;<em>Alger R\u00e9publicain<\/em>, 5-6 septembre 1954. <a href=\"https:\/\/sinedjib.com\/index.php\/2024\/09\/04\/incidents\/\">Lien<\/a><\/p>\n\n\n\n<p>\u00ab&nbsp;Toujours les m\u00eames !&nbsp;\u00bb, <em>Alger R\u00e9publicain<\/em>, 8 septembre 1954. <a href=\"https:\/\/sinedjib.com\/index.php\/2024\/09\/08\/messali-13\/\">Lien<\/a><\/p>\n","protected":false},"excerpt":{"rendered":"<p>Cette page recense les 16 articles d\u2019Alger R\u00e9publican\u00a0publi\u00e9s sur ce site depuis le 8 mai 2015. Le journal, fond\u00e9 par Jean-Pierre Faure et Paul Schmitt, est consultable sur Gallica pour les ann\u00e9es 1938 \u00e0 1953. \u00ab\u00a0La population alg\u00e9rienne de Paris a acclam\u00e9 Messali\u00a0\u00bb, paru dans&nbsp;Alger r\u00e9publicain,&nbsp;13 ao\u00fbt 1946. Lien \u00ab\u00a0Motion commune MTLD-PCA-UDMA pour l\u2019amnistie \u00e0 [&hellip;]<\/p>\n","protected":false},"author":1,"featured_media":0,"parent":0,"menu_order":0,"comment_status":"closed","ping_status":"closed","template":"","meta":{"jetpack_post_was_ever_published":false,"footnotes":""},"class_list":["post-22283","page","type-page","status-publish","hentry"],"jetpack_sharing_enabled":true,"jetpack_shortlink":"https:\/\/wp.me\/P9lTYU-5Np","jetpack_likes_enabled":true,"jetpack-related-posts":[{"id":171,"url":"https:\/\/sinedjib.com\/index.php\/liens-2\/","url_meta":{"origin":22283,"position":0},"title":"Liens","author":"Nedjib Sidi Moussa","date":"29\/03\/2013","format":false,"excerpt":"Parmi les m\u00e9dias et sites qui \u00e9voquent des engagements ou publications : Kim Willsher, \"New film adaptation of Camus\u2019s L\u2019\u00c9tranger opens old colonial wounds\", The Guardian, 28 November 2025. Link La suite est \u00e0 consulter sur cette page. Parmi les publications ou ouvrages qui citent et font \u00e9cho \u00e0 mes\u2026","rel":"","context":"Article similaire","block_context":{"text":"Article similaire","link":""},"img":{"alt_text":"","src":"https:\/\/i0.wp.com\/sinedjib.com\/wp-content\/uploads\/2025\/11\/guardian.png?resize=350%2C200&ssl=1","width":350,"height":200},"classes":[]},{"id":13761,"url":"https:\/\/sinedjib.com\/index.php\/les-lettres-francaises\/","url_meta":{"origin":22283,"position":1},"title":"Les Lettres fran\u00e7aises","author":"SiNedjib","date":"31\/08\/2021","format":false,"excerpt":"Cette page recense les 9 articles des Lettres fran\u00e7aises publi\u00e9s sur ce site depuis le 5 ao\u00fbt 2021. Le journal du Comit\u00e9 national des \u00e9crivains a \u00e9t\u00e9 fond\u00e9 en 1942. Il est consultable sur le site\u00a0RetroNews\u00a0pour la p\u00e9riode 1942-1950. Ren\u00e9 Maran, \"L\u2019Afrique noire dans les lettres fran\u00e7aises\", paru dans\u00a0Les Lettres\u2026","rel":"","context":"Article similaire","block_context":{"text":"Article similaire","link":""},"img":{"alt_text":"","src":"https:\/\/i0.wp.com\/sinedjib.com\/wp-content\/uploads\/2021\/08\/Les-Lettres-francaises-1er-mars-1946.png?resize=350%2C200&ssl=1","width":350,"height":200},"classes":[]},{"id":6820,"url":"https:\/\/sinedjib.com\/index.php\/ressources\/spartacus\/","url_meta":{"origin":22283,"position":2},"title":"Spartacus","author":"SiNedjib","date":"25\/01\/2020","format":false,"excerpt":"Cette page recense les 7 articles de Spartacus publi\u00e9s sur ce site depuis le 19 ao\u00fbt 2018. La revue, lanc\u00e9e par Ren\u00e9 Lefeuvre, a paru de 1975 \u00e0 1979. Les sommaires sont consultables sur le site Archives Autonomies. Michel Jacob, \"Comment lire et ne pas lire Reich\", paru dans Spartacus,\u2026","rel":"","context":"Article similaire","block_context":{"text":"Article similaire","link":""},"img":{"alt_text":"","src":"https:\/\/i0.wp.com\/sinedjib.com\/wp-content\/uploads\/2018\/10\/Spartacus-mars-avril-1979.png?resize=350%2C200&ssl=1","width":350,"height":200},"classes":[]},{"id":11279,"url":"https:\/\/sinedjib.com\/index.php\/le-bolchevik\/","url_meta":{"origin":22283,"position":3},"title":"Le Bolch\u00e9vik","author":"SiNedjib","date":"18\/01\/2021","format":false,"excerpt":"Cette page recense les 11 articles du Bolch\u00e9vik\u00a0publi\u00e9s sur ce site depuis le 15 d\u00e9cembre 2020. L\u2019organe de la Tendance spartaciste internationale\u00a0a \u00e9t\u00e9 lanc\u00e9 en 1976.\u00a0Les exemplaires du journal (jusqu'en 2011) sont t\u00e9l\u00e9chargeables sur le site\u00a0Marxists Internet Archive. \"Le massacre d\u2019octobre \u00e0 Alger\", paru dans Le Bolch\u00e9vik, n\u00b0 88, novembre\u2026","rel":"","context":"Article similaire","block_context":{"text":"Article similaire","link":""},"img":{"alt_text":"","src":"https:\/\/i0.wp.com\/sinedjib.com\/wp-content\/uploads\/2020\/12\/Le-Bolchevik-mars-1989.png?resize=350%2C200&ssl=1","width":350,"height":200},"classes":[]},{"id":9142,"url":"https:\/\/sinedjib.com\/index.php\/tout\/","url_meta":{"origin":22283,"position":4},"title":"Tout !","author":"SiNedjib","date":"10\/07\/2020","format":false,"excerpt":"Cette page recense les 11 articles de Tout ! publi\u00e9s sur ce site depuis le 1er juillet 2020. Ce journal a paru de 1970 \u00e0 1971. Les sommaires sont consultables sur le site Archives Autonomies. \"Meulan : de l\u2019embauche \u00e0 la Cour de S\u00fbret\u00e9 le trafic continue\", paru dans\u00a0Tout !,\u2026","rel":"","context":"Article similaire","block_context":{"text":"Article similaire","link":""},"img":{"alt_text":"","src":"https:\/\/i0.wp.com\/sinedjib.com\/wp-content\/uploads\/2020\/07\/Tout-8-septembre-1970.png?resize=350%2C200&ssl=1","width":350,"height":200},"classes":[]},{"id":7054,"url":"https:\/\/sinedjib.com\/index.php\/ressources\/arguments\/","url_meta":{"origin":22283,"position":5},"title":"Arguments","author":"SiNedjib","date":"17\/02\/2020","format":false,"excerpt":"Cette page recense les 8 articles d'Arguments\u00a0publi\u00e9s sur ce site depuis le\u00a014 novembre 2018. La revue dirig\u00e9e par Edgar Morin a paru de 1956 \u00e0 1962. Les sommaires sont consultables sur le site Archives Autonomies. Edgar Morin, \"La question n\u00e8gre\", paru dans\u00a0Arguments, n\u00b0 1, d\u00e9cembre 1956-janvier 1957. Lien Pierre Naville,\u2026","rel":"","context":"Article similaire","block_context":{"text":"Article similaire","link":""},"img":{"alt_text":"","src":"https:\/\/i0.wp.com\/sinedjib.com\/wp-content\/uploads\/2018\/11\/Arguments-novembre-1958.png?resize=350%2C200&ssl=1","width":350,"height":200},"classes":[]}],"_links":{"self":[{"href":"https:\/\/sinedjib.com\/index.php\/wp-json\/wp\/v2\/pages\/22283","targetHints":{"allow":["GET"]}}],"collection":[{"href":"https:\/\/sinedjib.com\/index.php\/wp-json\/wp\/v2\/pages"}],"about":[{"href":"https:\/\/sinedjib.com\/index.php\/wp-json\/wp\/v2\/types\/page"}],"author":[{"embeddable":true,"href":"https:\/\/sinedjib.com\/index.php\/wp-json\/wp\/v2\/users\/1"}],"replies":[{"embeddable":true,"href":"https:\/\/sinedjib.com\/index.php\/wp-json\/wp\/v2\/comments?post=22283"}],"version-history":[{"count":8,"href":"https:\/\/sinedjib.com\/index.php\/wp-json\/wp\/v2\/pages\/22283\/revisions"}],"predecessor-version":[{"id":26995,"href":"https:\/\/sinedjib.com\/index.php\/wp-json\/wp\/v2\/pages\/22283\/revisions\/26995"}],"wp:attachment":[{"href":"https:\/\/sinedjib.com\/index.php\/wp-json\/wp\/v2\/media?parent=22283"}],"curies":[{"name":"wp","href":"https:\/\/api.w.org\/{rel}","templated":true}]}}