{"id":22294,"date":"2024-03-17T11:38:37","date_gmt":"2024-03-17T10:38:37","guid":{"rendered":"https:\/\/sinedjib.com\/?page_id=22294"},"modified":"2024-03-17T11:38:37","modified_gmt":"2024-03-17T10:38:37","slug":"le-combat-syndicaliste","status":"publish","type":"page","link":"https:\/\/sinedjib.com\/index.php\/le-combat-syndicaliste\/","title":{"rendered":"Le Combat syndicaliste"},"content":{"rendered":"\n<div class=\"wp-block-media-text is-stacked-on-mobile\"><figure class=\"wp-block-media-text__media\"><img data-recalc-dims=\"1\" loading=\"lazy\" decoding=\"async\" width=\"580\" height=\"852\" data-attachment-id=\"22295\" data-permalink=\"https:\/\/sinedjib.com\/index.php\/le-combat-syndicaliste\/le-combat-syndicaliste-septembre-octobre-1930\/\" data-orig-file=\"https:\/\/i0.wp.com\/sinedjib.com\/wp-content\/uploads\/2024\/03\/Le-Combat-syndicaliste-septembre-octobre-1930.png?fit=582%2C855&amp;ssl=1\" data-orig-size=\"582,855\" data-comments-opened=\"1\" data-image-meta=\"{&quot;aperture&quot;:&quot;0&quot;,&quot;credit&quot;:&quot;&quot;,&quot;camera&quot;:&quot;&quot;,&quot;caption&quot;:&quot;&quot;,&quot;created_timestamp&quot;:&quot;0&quot;,&quot;copyright&quot;:&quot;&quot;,&quot;focal_length&quot;:&quot;0&quot;,&quot;iso&quot;:&quot;0&quot;,&quot;shutter_speed&quot;:&quot;0&quot;,&quot;title&quot;:&quot;&quot;,&quot;orientation&quot;:&quot;0&quot;}\" data-image-title=\"Le-Combat-syndicaliste-septembre-octobre-1930\" data-image-description=\"\" data-image-caption=\"\" data-large-file=\"https:\/\/i0.wp.com\/sinedjib.com\/wp-content\/uploads\/2024\/03\/Le-Combat-syndicaliste-septembre-octobre-1930.png?fit=580%2C852&amp;ssl=1\" src=\"https:\/\/i0.wp.com\/sinedjib.com\/wp-content\/uploads\/2024\/03\/Le-Combat-syndicaliste-septembre-octobre-1930.png?resize=580%2C852&#038;ssl=1\" alt=\"\" class=\"wp-image-22295 size-full\" srcset=\"https:\/\/i0.wp.com\/sinedjib.com\/wp-content\/uploads\/2024\/03\/Le-Combat-syndicaliste-septembre-octobre-1930.png?w=582&amp;ssl=1 582w, https:\/\/i0.wp.com\/sinedjib.com\/wp-content\/uploads\/2024\/03\/Le-Combat-syndicaliste-septembre-octobre-1930.png?resize=204%2C300&amp;ssl=1 204w\" sizes=\"auto, (max-width: 580px) 100vw, 580px\" \/><\/figure><div class=\"wp-block-media-text__content\">\n<p><strong>Cette page recense les 6 articles du <em>Combat syndicaliste<\/em> publi\u00e9s sur ce site depuis le 19 septembre 2023.<\/strong> <strong>Le journal est consultable sur le site Archives Autonomies pour la p\u00e9riode <a href=\"https:\/\/archivesautonomies.org\/spip.php?rubrique692\">1926-1939<\/a> et pour la p\u00e9riode <a href=\"https:\/\/archivesautonomies.org\/spip.php?rubrique697\">1947-1969<\/a>.<\/strong><\/p>\n<\/div><\/div>\n\n\n\n<p>E. Pin, \u00ab\u00a0Le syndicalisme et la question religieuse\u00a0\u00bb, paru dans&nbsp;<em>Le Combat syndicaliste<\/em>,&nbsp;n\u00b0 37, septembre-octobre 1930. <a href=\"https:\/\/sinedjib.com\/index.php\/2023\/10\/07\/syndicalisme\/\">Lien<\/a><\/p>\n\n\n\n<p>Odette Kervorc\u2019h, \u00ab\u00a0George Orwell l\u2019humaniste, vient de mourir\u00a0\u00bb, paru dans&nbsp;<em>Le Combat syndicaliste<\/em>,&nbsp;n\u00b0 23, mars 1950. <a href=\"https:\/\/sinedjib.com\/index.php\/2023\/09\/12\/orwell\/\">Lien<\/a><\/p>\n\n\n\n<p>Henri Bouy\u00e9, \u00ab\u00a0L\u2019amour de la discipline\u00a0\u00bb, paru dans&nbsp;<em>Le Combat syndicaliste<\/em>, n\u00b0 106, 15 mai 1953. <a href=\"https:\/\/sinedjib.com\/index.php\/2023\/09\/13\/discipline\/\">Lien<\/a><\/p>\n\n\n\n<p>Pierre Morain, \u00ab\u00a0R\u00e9pression et r\u00e9volte\u00a0\u00bb, paru dans&nbsp;<em>Le Combat syndicaliste<\/em>, n\u00b0 116, vendredi 8 janvier 1954. <a href=\"https:\/\/sinedjib.com\/index.php\/2024\/01\/01\/morain\/\">Lien<\/a><\/p>\n\n\n\n<p>Blanquet, \u00ab\u00a0Manifestation des Alg\u00e9riens de Paris (16 et 19-10-61)\u00a0\u00bb, paru dans&nbsp;<em>Le Combat syndicaliste<\/em>,&nbsp;n\u00b0 172, d\u00e9cembre 1961. <a href=\"https:\/\/sinedjib.com\/index.php\/2024\/01\/30\/blanquet\/\">Lien<\/a><\/p>\n\n\n\n<p>Ren\u00e9e, \u00ab\u00a0Non-violence, terrorisme individuel, violence prol\u00e9tarienne\u00a0\u00bb, paru dans&nbsp;<em>Le Combat syndicaliste<\/em>, n\u00b0 331, 7 janvier 1965, p. 2. <a href=\"https:\/\/sinedjib.com\/index.php\/2023\/11\/27\/violence-3\/\">Lien<\/a><\/p>\n","protected":false},"excerpt":{"rendered":"<p>Cette page recense les 6 articles du Combat syndicaliste publi\u00e9s sur ce site depuis le 19 septembre 2023. Le journal est consultable sur le site Archives Autonomies pour la p\u00e9riode 1926-1939 et pour la p\u00e9riode 1947-1969. E. Pin, \u00ab\u00a0Le syndicalisme et la question religieuse\u00a0\u00bb, paru dans&nbsp;Le Combat syndicaliste,&nbsp;n\u00b0 37, septembre-octobre 1930. Lien Odette Kervorc\u2019h, \u00ab\u00a0George [&hellip;]<\/p>\n","protected":false},"author":1,"featured_media":0,"parent":0,"menu_order":0,"comment_status":"closed","ping_status":"closed","template":"","meta":{"jetpack_post_was_ever_published":false,"footnotes":""},"class_list":["post-22294","page","type-page","status-publish","hentry"],"jetpack_sharing_enabled":true,"jetpack_shortlink":"https:\/\/wp.me\/P9lTYU-5NA","jetpack_likes_enabled":true,"jetpack-related-posts":[{"id":22345,"url":"https:\/\/sinedjib.com\/index.php\/index-des-publications\/","url_meta":{"origin":22294,"position":0},"title":"Index des publications","author":"SiNedjib","date":"17\/03\/2024","format":false,"excerpt":"Cette page pr\u00e9sente un index des publications (bulletins, journaux, revues, etc.) dont cinq textes \u2013 ou plus \u2013 ont \u00e9t\u00e9 retranscrits sur ce site depuis 2012. La liste sera progressivement compl\u00e9t\u00e9e avec l\u2019ensemble des autres r\u00e9f\u00e9rences. A Alarme ; Alger R\u00e9publicain ; Alternative libertaire ; Arguments ; B Le Bolch\u00e9vik\u2026","rel":"","context":"Article similaire","block_context":{"text":"Article similaire","link":""},"img":{"alt_text":"","src":"","width":0,"height":0},"classes":[]},{"id":13631,"url":"https:\/\/sinedjib.com\/index.php\/combat\/","url_meta":{"origin":22294,"position":1},"title":"Combat","author":"SiNedjib","date":"17\/08\/2021","format":false,"excerpt":"Cette page recense les 28 articles de Combat publi\u00e9s sur ce site depuis le 8 mai 2015. Le journal, initialement organe du Mouvement de Lib\u00e9ration fran\u00e7aise, a paru de 1941 \u00e0 1974. Il est consultable sur le site RetroNews pour la p\u00e9riode 1941-1950. Maurice Nadeau, \"Spartacus par Arthur Koestler\", paru\u2026","rel":"","context":"Article similaire","block_context":{"text":"Article similaire","link":""},"img":{"alt_text":"","src":"https:\/\/i0.wp.com\/sinedjib.com\/wp-content\/uploads\/2021\/07\/Combat-11-mai-1946.png?resize=350%2C200&ssl=1","width":350,"height":200},"classes":[]},{"id":6837,"url":"https:\/\/sinedjib.com\/index.php\/ressources\/tribune-algerienne\/","url_meta":{"origin":22294,"position":2},"title":"Tribune alg\u00e9rienne","author":"SiNedjib","date":"25\/01\/2020","format":false,"excerpt":"Cette page recense les 25 articles de Tribune alg\u00e9rienne publi\u00e9s sur ce site depuis le 20 janvier 2019. Le bulletin du Comit\u00e9 de liaison des trotskystes alg\u00e9riens a paru de 1974 \u00e0 1980. Des num\u00e9ros sont consultables sur le portail Odyss\u00e9o. \"Le voyage de Marchais en Alg\u00e9rie\", paru dans Tribune\u2026","rel":"","context":"Article similaire","block_context":{"text":"Article similaire","link":""},"img":{"alt_text":"","src":"https:\/\/i0.wp.com\/sinedjib.com\/wp-content\/uploads\/2020\/02\/Tribune-alg%C3%A9rienne-janvier-1977.png?resize=350%2C200&ssl=1","width":350,"height":200},"classes":[]},{"id":21617,"url":"https:\/\/sinedjib.com\/index.php\/index-auteurs\/","url_meta":{"origin":22294,"position":3},"title":"Index des auteurs","author":"SiNedjib","date":"16\/03\/2024","format":false,"excerpt":"Cette page pr\u00e9sente un index des 34 auteurs dont 5 textes - ou plus - ont \u00e9t\u00e9 retranscrits sur ce site depuis 2013. La liste sera progressivement compl\u00e9t\u00e9e avec l'ensemble des contributeurs. AIT AHMED Hocine ; AMAZIT Idir ; BOUNANE Akli ; BOUSSEL Pierre (LAMBERT Pierre) ; BRETON Andr\u00e9 ;\u2026","rel":"","context":"Article similaire","block_context":{"text":"Article similaire","link":""},"img":{"alt_text":"","src":"","width":0,"height":0},"classes":[]},{"id":13893,"url":"https:\/\/sinedjib.com\/index.php\/autres-references\/","url_meta":{"origin":22294,"position":4},"title":"Autres r\u00e9f\u00e9rences","author":"SiNedjib","date":"10\/09\/2021","format":false,"excerpt":"Cette page recense des textes publi\u00e9s sur ce site depuis le 3 mai 2015 et provenant de 176 bulletins, journaux, magazines, revues... qui ne font pas encore l'objet d'une rubrique sp\u00e9cifique. Action \"Les nouveaux mandarins : lib\u00e9raux et progressistes au service de la carotte\", paru dans Action, n\u00b0 35, 12\u2026","rel":"","context":"Article similaire","block_context":{"text":"Article similaire","link":""},"img":{"alt_text":"","src":"https:\/\/i0.wp.com\/sinedjib.com\/wp-content\/uploads\/2019\/12\/LAnarchie-30-d%C3%A9cembre-1909.png?resize=350%2C200&ssl=1","width":350,"height":200},"classes":[]},{"id":19693,"url":"https:\/\/sinedjib.com\/index.php\/le-remplacant-journal-dun-prof-precaire-de-banlieue\/","url_meta":{"origin":22294,"position":5},"title":"Le Rempla\u00e7ant. Journal d&rsquo;un prof (pr\u00e9caire) de banlieue","author":"SiNedjib","date":"05\/09\/2023","format":false,"excerpt":"Cette page est consacr\u00e9e \u00e0 mon sixi\u00e8me ouvrage, Le Rempla\u00e7ant. Journal d'un prof (pr\u00e9caire) de banlieue, l'\u00e9chapp\u00e9e, 2023.Pour le commander, cliquez sur ce lien. Discussion avec Fabien Lebrun aux Rencontres du Maquis pour l\u2019\u00e9mancipation, Minerve, 11 ao\u00fbt 2024 Participation au Maghreb des livres, 1er juin 2024, H\u00f4tel de ville de\u2026","rel":"","context":"Article similaire","block_context":{"text":"Article similaire","link":""},"img":{"alt_text":"","src":"https:\/\/i0.wp.com\/sinedjib.com\/wp-content\/uploads\/2023\/05\/LE-REMPLACANT-couv.jpg?resize=350%2C200&ssl=1","width":350,"height":200},"classes":[]}],"_links":{"self":[{"href":"https:\/\/sinedjib.com\/index.php\/wp-json\/wp\/v2\/pages\/22294","targetHints":{"allow":["GET"]}}],"collection":[{"href":"https:\/\/sinedjib.com\/index.php\/wp-json\/wp\/v2\/pages"}],"about":[{"href":"https:\/\/sinedjib.com\/index.php\/wp-json\/wp\/v2\/types\/page"}],"author":[{"embeddable":true,"href":"https:\/\/sinedjib.com\/index.php\/wp-json\/wp\/v2\/users\/1"}],"replies":[{"embeddable":true,"href":"https:\/\/sinedjib.com\/index.php\/wp-json\/wp\/v2\/comments?post=22294"}],"version-history":[{"count":1,"href":"https:\/\/sinedjib.com\/index.php\/wp-json\/wp\/v2\/pages\/22294\/revisions"}],"predecessor-version":[{"id":22296,"href":"https:\/\/sinedjib.com\/index.php\/wp-json\/wp\/v2\/pages\/22294\/revisions\/22296"}],"wp:attachment":[{"href":"https:\/\/sinedjib.com\/index.php\/wp-json\/wp\/v2\/media?parent=22294"}],"curies":[{"name":"wp","href":"https:\/\/api.w.org\/{rel}","templated":true}]}}