{"id":22297,"date":"2024-03-17T11:45:09","date_gmt":"2024-03-17T10:45:09","guid":{"rendered":"https:\/\/sinedjib.com\/?page_id=22297"},"modified":"2025-08-09T16:15:31","modified_gmt":"2025-08-09T14:15:31","slug":"la-commune","status":"publish","type":"page","link":"https:\/\/sinedjib.com\/index.php\/la-commune\/","title":{"rendered":"La Commune"},"content":{"rendered":"\n<div class=\"wp-block-media-text is-stacked-on-mobile\" style=\"grid-template-columns:46% auto\"><figure class=\"wp-block-media-text__media\"><img data-recalc-dims=\"1\" loading=\"lazy\" decoding=\"async\" width=\"580\" height=\"789\" data-attachment-id=\"22102\" data-permalink=\"https:\/\/sinedjib.com\/index.php\/2024\/03\/02\/dechezelles-2\/la-commune-mai-1957-2\/\" data-orig-file=\"https:\/\/i0.wp.com\/sinedjib.com\/wp-content\/uploads\/2024\/03\/La-Commune-mai-1957.webp?fit=647%2C880&amp;ssl=1\" data-orig-size=\"647,880\" data-comments-opened=\"1\" data-image-meta=\"{&quot;aperture&quot;:&quot;0&quot;,&quot;credit&quot;:&quot;&quot;,&quot;camera&quot;:&quot;&quot;,&quot;caption&quot;:&quot;&quot;,&quot;created_timestamp&quot;:&quot;0&quot;,&quot;copyright&quot;:&quot;&quot;,&quot;focal_length&quot;:&quot;0&quot;,&quot;iso&quot;:&quot;0&quot;,&quot;shutter_speed&quot;:&quot;0&quot;,&quot;title&quot;:&quot;&quot;,&quot;orientation&quot;:&quot;0&quot;}\" data-image-title=\"La-Commune-mai-1957\" data-image-description=\"\" data-image-caption=\"\" data-large-file=\"https:\/\/i0.wp.com\/sinedjib.com\/wp-content\/uploads\/2024\/03\/La-Commune-mai-1957.webp?fit=580%2C789&amp;ssl=1\" src=\"https:\/\/i0.wp.com\/sinedjib.com\/wp-content\/uploads\/2024\/03\/La-Commune-mai-1957.webp?resize=580%2C789&#038;ssl=1\" alt=\"\" class=\"wp-image-22102 size-full\" srcset=\"https:\/\/i0.wp.com\/sinedjib.com\/wp-content\/uploads\/2024\/03\/La-Commune-mai-1957.webp?w=647&amp;ssl=1 647w, https:\/\/i0.wp.com\/sinedjib.com\/wp-content\/uploads\/2024\/03\/La-Commune-mai-1957.webp?resize=221%2C300&amp;ssl=1 221w\" sizes=\"auto, (max-width: 580px) 100vw, 580px\" \/><\/figure><div class=\"wp-block-media-text__content\">\n<p class=\"has-large-font-size\"><strong>Cette page recense les 11 articles du journal <em>La Commune<\/em> publi\u00e9s sur ce site depuis le 14 novembre 2012. L&rsquo;organe du Comit\u00e9 de liaison et d&rsquo;action pour la d\u00e9mocratie ouvri\u00e8re (CLADO) a paru de 1957 \u00e0 1958.<\/strong><\/p>\n<\/div><\/div>\n\n\n\n<p>\u00ab\u00a0Cinq questions \u00e0 Messali Hadj\u00a0\u00bb, <em>La Commune<\/em>, avril 1957. <a href=\"https:\/\/sinedjib.com\/index.php\/2025\/08\/07\/messali-32\/\">Lien<\/a><\/p>\n\n\n\n<p>Maurice Clavel, \u00ab\u00a0La vie d\u2019un homme\u00a0\u00bb, <em>La Commune<\/em>, mai 1957. <a href=\"https:\/\/sinedjib.com\/index.php\/2024\/02\/24\/clavel-2\/\">Lien<\/a><\/p>\n\n\n\n<p>Yves Dech\u00e9zelles, \u00ab\u00a0Pas de choix entre les victimes !\u00a0\u00bb, <em>La Commune<\/em>, mai 1957. <a href=\"https:\/\/sinedjib.com\/index.php\/2024\/03\/02\/dechezelles-2\/\">Lien<\/a><\/p>\n\n\n\n<p>Yves Dech\u00e9zelles, \u00ab\u00a0La Gauche Fran\u00e7aise et les divisions de la R\u00e9sistance Alg\u00e9rienne\u00a0\u00bb, <em>La Commune<\/em>, juin 1957. <a href=\"https:\/\/sinedjib.com\/index.php\/2024\/03\/22\/dechezelles-5\/\">Lien<\/a><\/p>\n\n\n\n<p>\u00ab\u00a0Un appel de Messali Hadj \u00e0 la d\u00e9mocratie fran\u00e7aise\u00a0\u00bb, <em>La Commune<\/em>, juillet 1957. <a href=\"https:\/\/sinedjib.com\/index.php\/2025\/08\/09\/un-appel-de-messali-hadj-a-la-democratie-francaise\/\">Lien<\/a><\/p>\n\n\n\n<p>USTA, \u00ab\u00a0R\u00e9solution sur la lib\u00e9ration de la femme alg\u00e9rienne\u00a0\u00bb, <em>La Commune<\/em>, juillet 1957. <a href=\"https:\/\/sinedjib.com\/index.php\/2012\/11\/14\/liberation-femme\/\">Lien<\/a><\/p>\n\n\n\n<p>Yves Dech\u00e9zelles, \u00ab\u00a0La parole est aux Ponce-Pilate\u00a0\u00bb, <em>La Commune<\/em>, novembre 1957. <a href=\"https:\/\/sinedjib.com\/index.php\/2024\/03\/06\/dechezelles-3\/\">Lien<\/a><\/p>\n\n\n\n<p>Yves Dech\u00e9zelles, \u00ab\u00a0Les condamn\u00e9s \u00e0 mort alg\u00e9riens ont-ils le droit de mourir comme des hommes ?\u00a0\u00bb, <em>La Commune<\/em>, f\u00e9vrier 1958. <a href=\"https:\/\/sinedjib.com\/index.php\/2024\/03\/14\/dechezelles-4\/\">Lien<\/a><\/p>\n\n\n\n<p>Marcel Oms, \u00ab\u00a0Le p\u00e9ch\u00e9 vraiment originel\u2026\u00a0\u00bb, <em>La Commune<\/em>,\u00a0f\u00e9vrier 1958. <a href=\"https:\/\/sinedjib.com\/index.php\/2025\/02\/09\/oms\/\">Lien<\/a><\/p>\n\n\n\n<p>Jean Rous, \u00ab\u00a0De Bandoeng au Caire\u00a0\u00bb, <em>La Commune<\/em>, f\u00e9vrier 1958. <a href=\"https:\/\/sinedjib.com\/index.php\/2024\/02\/11\/rous-4\/\">Lien<\/a><\/p>\n\n\n\n<p>Yves Dech\u00e9zelles, \u00ab\u00a0L\u2019infamie\u00a0\u00bb, <em>La Commune,\u00a0<\/em>mars 1958. <a href=\"https:\/\/sinedjib.com\/index.php\/2015\/05\/06\/linfamie\/\">Lien<\/a><\/p>\n","protected":false},"excerpt":{"rendered":"<p>Cette page recense les 11 articles du journal La Commune publi\u00e9s sur ce site depuis le 14 novembre 2012. L&rsquo;organe du Comit\u00e9 de liaison et d&rsquo;action pour la d\u00e9mocratie ouvri\u00e8re (CLADO) a paru de 1957 \u00e0 1958. \u00ab\u00a0Cinq questions \u00e0 Messali Hadj\u00a0\u00bb, La Commune, avril 1957. Lien Maurice Clavel, \u00ab\u00a0La vie d\u2019un homme\u00a0\u00bb, La Commune, [&hellip;]<\/p>\n","protected":false},"author":1,"featured_media":0,"parent":0,"menu_order":0,"comment_status":"closed","ping_status":"closed","template":"","meta":{"jetpack_post_was_ever_published":false,"footnotes":""},"class_list":["post-22297","page","type-page","status-publish","hentry"],"jetpack_sharing_enabled":true,"jetpack_shortlink":"https:\/\/wp.me\/P9lTYU-5ND","jetpack_likes_enabled":true,"jetpack-related-posts":[{"id":21617,"url":"https:\/\/sinedjib.com\/index.php\/index-auteurs\/","url_meta":{"origin":22297,"position":0},"title":"Index des auteurs","author":"SiNedjib","date":"16\/03\/2024","format":false,"excerpt":"Cette page pr\u00e9sente un index des 34 auteurs dont 5 textes - ou plus - ont \u00e9t\u00e9 retranscrits sur ce site depuis 2013. La liste sera progressivement compl\u00e9t\u00e9e avec l'ensemble des contributeurs. AIT AHMED Hocine ; AMAZIT Idir ; BOUNANE Akli ; BOUSSEL Pierre (LAMBERT Pierre) ; BRETON Andr\u00e9 ;\u2026","rel":"","context":"Article similaire","block_context":{"text":"Article similaire","link":""},"img":{"alt_text":"","src":"","width":0,"height":0},"classes":[]},{"id":22317,"url":"https:\/\/sinedjib.com\/index.php\/nouvelle-gauche\/","url_meta":{"origin":22297,"position":1},"title":"Nouvelle Gauche","author":"SiNedjib","date":"17\/03\/2024","format":false,"excerpt":"Cette page recense les 12 articles de Nouvelle Gauche publi\u00e9s sur ce site depuis le 31 mai 2015. L'organe du Mouvement uni de la nouvelle gauche a paru de 1956 \u00e0 1957. Claude Bourdet, \"N\u2019ayons pas peur d\u2019avoir raison\", paru dans\u00a0Nouvelle Gauche, n\u00b0 1, 15 avril 1956. Lien \"La Guerre\u2026","rel":"","context":"Article similaire","block_context":{"text":"Article similaire","link":""},"img":{"alt_text":"","src":"https:\/\/i0.wp.com\/sinedjib.com\/wp-content\/uploads\/2024\/02\/Nouvelle-Gauche-15-avril-1956.png?resize=350%2C200&ssl=1","width":350,"height":200,"srcset":"https:\/\/i0.wp.com\/sinedjib.com\/wp-content\/uploads\/2024\/02\/Nouvelle-Gauche-15-avril-1956.png?resize=350%2C200&ssl=1 1x, https:\/\/i0.wp.com\/sinedjib.com\/wp-content\/uploads\/2024\/02\/Nouvelle-Gauche-15-avril-1956.png?resize=525%2C300&ssl=1 1.5x"},"classes":[]},{"id":5927,"url":"https:\/\/sinedjib.com\/index.php\/ressources\/voix-travailleur\/","url_meta":{"origin":22297,"position":2},"title":"La Voix du travailleur alg\u00e9rien","author":"SiNedjib","date":"14\/06\/2019","format":false,"excerpt":"Cette page recense les 10 articles de La Voix du travailleur alg\u00e9rien publi\u00e9s sur ce site depuis le 8 mai 2015. L'organe de la F\u00e9d\u00e9ration de France de l'Union des syndicats des travailleurs alg\u00e9riens a paru de 1957 \u00e0 1962. Des num\u00e9ros sont consultables sur le portail Odyss\u00e9o. \"Un message\u2026","rel":"","context":"Article similaire","block_context":{"text":"Article similaire","link":""},"img":{"alt_text":"","src":"https:\/\/i0.wp.com\/sinedjib.com\/wp-content\/uploads\/2020\/05\/La-Voix-du-travailleur-alg%C3%A9rien-avril-1958.png?resize=350%2C200&ssl=1","width":350,"height":200},"classes":[]},{"id":6855,"url":"https:\/\/sinedjib.com\/index.php\/ressources\/la-verite\/","url_meta":{"origin":22297,"position":3},"title":"La V\u00e9rit\u00e9","author":"SiNedjib","date":"26\/01\/2020","format":false,"excerpt":"Cette page recense les 22 articles de La V\u00e9rit\u00e9 publi\u00e9s sur ce site depuis le 8 mai 2015. L'organe de l'opposition communiste, puis du Parti communiste internationaliste, a \u00e9t\u00e9 lanc\u00e9 en 1929. Des num\u00e9ros sont consultables sur le site de RadAR et celui du CERMTRI. \"Alg\u00e9rie, Syrie, Liban : Droit\u2026","rel":"","context":"Article similaire","block_context":{"text":"Article similaire","link":""},"img":{"alt_text":"","src":"https:\/\/i0.wp.com\/sinedjib.com\/wp-content\/uploads\/2020\/05\/La-V%C3%A9rit%C3%A9-25-juillet-1945.png?resize=350%2C200&ssl=1","width":350,"height":200},"classes":[]},{"id":22345,"url":"https:\/\/sinedjib.com\/index.php\/index-des-publications\/","url_meta":{"origin":22297,"position":4},"title":"Index des publications","author":"SiNedjib","date":"17\/03\/2024","format":false,"excerpt":"Cette page pr\u00e9sente un index des publications (bulletins, journaux, revues, etc.) dont cinq textes \u2013 ou plus \u2013 ont \u00e9t\u00e9 retranscrits sur ce site depuis 2012. La liste sera progressivement compl\u00e9t\u00e9e avec l\u2019ensemble des autres r\u00e9f\u00e9rences. A Alarme ; Alger R\u00e9publicain ; Alternative libertaire ; Arguments ; B Le Bolch\u00e9vik\u2026","rel":"","context":"Article similaire","block_context":{"text":"Article similaire","link":""},"img":{"alt_text":"","src":"","width":0,"height":0},"classes":[]},{"id":7054,"url":"https:\/\/sinedjib.com\/index.php\/ressources\/arguments\/","url_meta":{"origin":22297,"position":5},"title":"Arguments","author":"SiNedjib","date":"17\/02\/2020","format":false,"excerpt":"Cette page recense les 8 articles d'Arguments\u00a0publi\u00e9s sur ce site depuis le\u00a014 novembre 2018. La revue dirig\u00e9e par Edgar Morin a paru de 1956 \u00e0 1962. Les sommaires sont consultables sur le site Archives Autonomies. Edgar Morin, \"La question n\u00e8gre\", paru dans\u00a0Arguments, n\u00b0 1, d\u00e9cembre 1956-janvier 1957. Lien Pierre Naville,\u2026","rel":"","context":"Article similaire","block_context":{"text":"Article similaire","link":""},"img":{"alt_text":"","src":"https:\/\/i0.wp.com\/sinedjib.com\/wp-content\/uploads\/2018\/11\/Arguments-novembre-1958.png?resize=350%2C200&ssl=1","width":350,"height":200},"classes":[]}],"_links":{"self":[{"href":"https:\/\/sinedjib.com\/index.php\/wp-json\/wp\/v2\/pages\/22297","targetHints":{"allow":["GET"]}}],"collection":[{"href":"https:\/\/sinedjib.com\/index.php\/wp-json\/wp\/v2\/pages"}],"about":[{"href":"https:\/\/sinedjib.com\/index.php\/wp-json\/wp\/v2\/types\/page"}],"author":[{"embeddable":true,"href":"https:\/\/sinedjib.com\/index.php\/wp-json\/wp\/v2\/users\/1"}],"replies":[{"embeddable":true,"href":"https:\/\/sinedjib.com\/index.php\/wp-json\/wp\/v2\/comments?post=22297"}],"version-history":[{"count":4,"href":"https:\/\/sinedjib.com\/index.php\/wp-json\/wp\/v2\/pages\/22297\/revisions"}],"predecessor-version":[{"id":26954,"href":"https:\/\/sinedjib.com\/index.php\/wp-json\/wp\/v2\/pages\/22297\/revisions\/26954"}],"wp:attachment":[{"href":"https:\/\/sinedjib.com\/index.php\/wp-json\/wp\/v2\/media?parent=22297"}],"curies":[{"name":"wp","href":"https:\/\/api.w.org\/{rel}","templated":true}]}}