{"id":22302,"date":"2024-03-17T11:56:40","date_gmt":"2024-03-17T10:56:40","guid":{"rendered":"https:\/\/sinedjib.com\/?page_id=22302"},"modified":"2024-03-17T11:56:40","modified_gmt":"2024-03-17T10:56:40","slug":"correspondance-socialiste-internationale","status":"publish","type":"page","link":"https:\/\/sinedjib.com\/index.php\/correspondance-socialiste-internationale\/","title":{"rendered":"Correspondance Socialiste Internationale"},"content":{"rendered":"\n<div class=\"wp-block-media-text is-stacked-on-mobile\"><figure class=\"wp-block-media-text__media\"><img data-recalc-dims=\"1\" loading=\"lazy\" decoding=\"async\" width=\"550\" height=\"852\" data-attachment-id=\"22163\" data-permalink=\"https:\/\/sinedjib.com\/index.php\/2024\/03\/07\/pivert\/csi-novembre-1957\/\" data-orig-file=\"https:\/\/i0.wp.com\/sinedjib.com\/wp-content\/uploads\/2024\/03\/CSI-novembre-1957.png?fit=550%2C852&amp;ssl=1\" data-orig-size=\"550,852\" data-comments-opened=\"1\" data-image-meta=\"{&quot;aperture&quot;:&quot;0&quot;,&quot;credit&quot;:&quot;&quot;,&quot;camera&quot;:&quot;&quot;,&quot;caption&quot;:&quot;&quot;,&quot;created_timestamp&quot;:&quot;0&quot;,&quot;copyright&quot;:&quot;&quot;,&quot;focal_length&quot;:&quot;0&quot;,&quot;iso&quot;:&quot;0&quot;,&quot;shutter_speed&quot;:&quot;0&quot;,&quot;title&quot;:&quot;&quot;,&quot;orientation&quot;:&quot;0&quot;}\" data-image-title=\"CSI-novembre-1957\" data-image-description=\"\" data-image-caption=\"\" data-large-file=\"https:\/\/i0.wp.com\/sinedjib.com\/wp-content\/uploads\/2024\/03\/CSI-novembre-1957.png?fit=550%2C852&amp;ssl=1\" src=\"https:\/\/i0.wp.com\/sinedjib.com\/wp-content\/uploads\/2024\/03\/CSI-novembre-1957.png?resize=550%2C852&#038;ssl=1\" alt=\"\" class=\"wp-image-22163 size-full\" srcset=\"https:\/\/i0.wp.com\/sinedjib.com\/wp-content\/uploads\/2024\/03\/CSI-novembre-1957.png?w=550&amp;ssl=1 550w, https:\/\/i0.wp.com\/sinedjib.com\/wp-content\/uploads\/2024\/03\/CSI-novembre-1957.png?resize=194%2C300&amp;ssl=1 194w\" sizes=\"auto, (max-width: 550px) 100vw, 550px\" \/><\/figure><div class=\"wp-block-media-text__content\">\n<p class=\"has-normal-font-size\"><strong>Cette page recense les 6 articles de <em>Correspondance Socialiste Internationale<\/em> publi\u00e9s sur ce site depuis le 5 janvier 2024. La revue, fond\u00e9e par <a href=\"https:\/\/maitron.fr\/spip.php?article166971\">Marceau Pivert<\/a>, a paru de 1950 \u00e0 1960.<\/strong><\/p>\n<\/div><\/div>\n\n\n\n<p>Marceau Pivert, \u00ab\u00a0Albert Camus, \u00ab&nbsp;L\u2019Homme r\u00e9volt\u00e9&nbsp;\u00bb (Gallimard)\u00a0\u00bb, paru dans&nbsp;<em>Correspondance Socialiste Internationale<\/em>, mai 1952. <a href=\"https:\/\/sinedjib.com\/index.php\/2024\/01\/07\/pivert-camus\/\">Lien<\/a><\/p>\n\n\n\n<p>Marceau Pivert, \u00ab\u00a0Assez de crimes !\u00a0\u00bb, paru dans&nbsp;<em>Correspondance Socialiste Internationale<\/em>, n\u00b0 78, novembre 1957. <a href=\"https:\/\/sinedjib.com\/index.php\/2024\/03\/07\/pivert\/\">Lien<\/a><\/p>\n\n\n\n<p>Jean Rous, \u00ab\u00a0Marceau Pivert, l\u2019anticolonialiste. Hommage du \u00ab&nbsp;Congr\u00e8s des Peuples&nbsp;\u00bb\u00a0\u00bb, paru dans&nbsp;<em>Correspondance Socialiste Internationale<\/em>, n\u00b0 86-87, juillet-ao\u00fbt 1958. <a href=\"https:\/\/sinedjib.com\/index.php\/2024\/01\/06\/rous-pivert\/\">Lien<\/a><\/p>\n\n\n\n<p>Daniel Gu\u00e9rin, \u00ab\u00a0Colonisation, d\u00e9colonisation et socialisme\u00a0\u00bb, paru dans&nbsp;<em>Correspondance Socialiste Internationale<\/em>, n\u00b0 93, mars 1959. <a href=\"https:\/\/sinedjib.com\/index.php\/2024\/01\/05\/guerin-2\/\">Lien<\/a><\/p>\n\n\n\n<p>Daniel Gu\u00e9rin, \u00ab\u00a0L\u2019an V de la r\u00e9volution alg\u00e9rienne\u00a0\u00bb, paru dans&nbsp;<em>Correspondance Socialiste Internationale<\/em>, n\u00b0 102, d\u00e9cembre 1959. <a href=\"https:\/\/sinedjib.com\/index.php\/2024\/03\/12\/guerin-3\/\">Lien<\/a><\/p>\n\n\n\n<p>Robert Vaez-Olivera, \u00ab\u00a0Antis\u00e9mitisme et racisme\u00a0\u00bb, paru dans&nbsp;<em>Correspondance Socialiste Internationale<\/em>, n\u00b0 105, mars 1960. <a href=\"https:\/\/sinedjib.com\/index.php\/2024\/01\/16\/racisme-11\/\">Lien<\/a><\/p>\n","protected":false},"excerpt":{"rendered":"<p>Cette page recense les 6 articles de Correspondance Socialiste Internationale publi\u00e9s sur ce site depuis le 5 janvier 2024. La revue, fond\u00e9e par Marceau Pivert, a paru de 1950 \u00e0 1960. Marceau Pivert, \u00ab\u00a0Albert Camus, \u00ab&nbsp;L\u2019Homme r\u00e9volt\u00e9&nbsp;\u00bb (Gallimard)\u00a0\u00bb, paru dans&nbsp;Correspondance Socialiste Internationale, mai 1952. Lien Marceau Pivert, \u00ab\u00a0Assez de crimes !\u00a0\u00bb, paru dans&nbsp;Correspondance Socialiste Internationale, [&hellip;]<\/p>\n","protected":false},"author":1,"featured_media":0,"parent":0,"menu_order":0,"comment_status":"closed","ping_status":"closed","template":"","meta":{"jetpack_post_was_ever_published":false,"footnotes":""},"class_list":["post-22302","page","type-page","status-publish","hentry"],"jetpack_sharing_enabled":true,"jetpack_shortlink":"https:\/\/wp.me\/P9lTYU-5NI","jetpack_likes_enabled":true,"jetpack-related-posts":[{"id":22345,"url":"https:\/\/sinedjib.com\/index.php\/index-des-publications\/","url_meta":{"origin":22302,"position":0},"title":"Index des publications","author":"SiNedjib","date":"17\/03\/2024","format":false,"excerpt":"Cette page pr\u00e9sente un index des publications (bulletins, journaux, revues, etc.) dont cinq textes \u2013 ou plus \u2013 ont \u00e9t\u00e9 retranscrits sur ce site depuis 2012. La liste sera progressivement compl\u00e9t\u00e9e avec l\u2019ensemble des autres r\u00e9f\u00e9rences. A Alarme ; Alger R\u00e9publicain ; Alternative libertaire ; Arguments ; B Le Bolch\u00e9vik\u2026","rel":"","context":"Article similaire","block_context":{"text":"Article similaire","link":""},"img":{"alt_text":"","src":"","width":0,"height":0},"classes":[]},{"id":6860,"url":"https:\/\/sinedjib.com\/index.php\/ressources\/informations-correspondance-ouvrieres\/","url_meta":{"origin":22302,"position":1},"title":"Informations Correspondance Ouvri\u00e8res","author":"SiNedjib","date":"26\/01\/2020","format":false,"excerpt":"Cette page recense les 27 articles d'Informations Correspondance Ouvri\u00e8res publi\u00e9s sur ce site depuis le 3 ao\u00fbt 2018. Le bulletin, \u00e9dit\u00e9 par Pierre Blachier, a paru de 1960 \u00e0 1973. Les sommaires sont consultables sur le site Archives Autonomies. \"Les \u00e9v\u00e9nements\", paru dans Informations Correspondance Ouvri\u00e8res, n\u00b0 1, octobre 1961.\u2026","rel":"","context":"Article similaire","block_context":{"text":"Article similaire","link":""},"img":{"alt_text":"","src":"https:\/\/i0.wp.com\/sinedjib.com\/wp-content\/uploads\/2022\/09\/ICO-mai-1962.png?resize=350%2C200&ssl=1","width":350,"height":200},"classes":[]},{"id":16653,"url":"https:\/\/sinedjib.com\/index.php\/la-nation-socialiste\/","url_meta":{"origin":22302,"position":2},"title":"La Nation socialiste","author":"SiNedjib","date":"18\/07\/2022","format":false,"excerpt":"Cette page recense les 10 articles de La Nation socialiste publi\u00e9s sur ce site depuis le 12 juillet 2015. Ce journal a \u00e9t\u00e9 fond\u00e9 en 1956 par Auguste Lec\u0153ur. Claude G\u00e9rard, \"De Belle-Ile-en-Mer \u00e0 Chantilly avec Messali Hadj\", paru dans\u00a0La Nation socialiste, f\u00e9vrier 1959. Lien Pierre Herv\u00e9, \"Ce que signifie\u2026","rel":"","context":"Article similaire","block_context":{"text":"Article similaire","link":""},"img":{"alt_text":"","src":"https:\/\/i0.wp.com\/sinedjib.com\/wp-content\/uploads\/2015\/07\/La-Nation-socialiste-juillet-1962.png?resize=350%2C200&ssl=1","width":350,"height":200},"classes":[]},{"id":22320,"url":"https:\/\/sinedjib.com\/index.php\/la-pensee-socialiste\/","url_meta":{"origin":22302,"position":3},"title":"La Pens\u00e9e socialiste","author":"SiNedjib","date":"17\/03\/2024","format":false,"excerpt":"Cette page recense les 5 articles de La Pens\u00e9e socialiste publi\u00e9s sur ce site depuis le 22 janvier 2024. La revue, fond\u00e9e par Jean Rous, a paru de 1946 \u00e0 1948. Jean Cotereau, \"Socialisme et cl\u00e9ricalisme en 1946\", paru dans\u00a0La Pens\u00e9e socialiste, n\u00b0 6, juillet 1946. Lien Yves Dech\u00e9zelles, \"Les\u2026","rel":"","context":"Article similaire","block_context":{"text":"Article similaire","link":""},"img":{"alt_text":"","src":"https:\/\/i0.wp.com\/sinedjib.com\/wp-content\/uploads\/2024\/01\/La-Pensee-socialiste-juillet-1946-scaled.jpg?resize=350%2C200&ssl=1","width":350,"height":200,"srcset":"https:\/\/i0.wp.com\/sinedjib.com\/wp-content\/uploads\/2024\/01\/La-Pensee-socialiste-juillet-1946-scaled.jpg?resize=350%2C200&ssl=1 1x, https:\/\/i0.wp.com\/sinedjib.com\/wp-content\/uploads\/2024\/01\/La-Pensee-socialiste-juillet-1946-scaled.jpg?resize=525%2C300&ssl=1 1.5x, https:\/\/i0.wp.com\/sinedjib.com\/wp-content\/uploads\/2024\/01\/La-Pensee-socialiste-juillet-1946-scaled.jpg?resize=700%2C400&ssl=1 2x, https:\/\/i0.wp.com\/sinedjib.com\/wp-content\/uploads\/2024\/01\/La-Pensee-socialiste-juillet-1946-scaled.jpg?resize=1050%2C600&ssl=1 3x, https:\/\/i0.wp.com\/sinedjib.com\/wp-content\/uploads\/2024\/01\/La-Pensee-socialiste-juillet-1946-scaled.jpg?resize=1400%2C800&ssl=1 4x"},"classes":[]},{"id":6832,"url":"https:\/\/sinedjib.com\/index.php\/ressources\/le-reveil\/","url_meta":{"origin":22302,"position":4},"title":"Le R\u00e9veil","author":"SiNedjib","date":"25\/01\/2020","format":false,"excerpt":"Cette page recense les 10 articles du R\u00e9veil publi\u00e9s sur ce site depuis le 8 juin 2019. Le journal, d'abord intitul\u00e9 Le R\u00e9veil socialiste-anarchiste, a paru de 1900 \u00e0 1946. Les sommaires sont consultables sur le site Archives Autonomies. Les textes d'Errico Malatesta sont disponibles via ce lien. Georges Herzig,\u2026","rel":"","context":"Article similaire","block_context":{"text":"Article similaire","link":""},"img":{"alt_text":"","src":"","width":0,"height":0},"classes":[]},{"id":10100,"url":"https:\/\/sinedjib.com\/index.php\/quatrieme-internationale\/","url_meta":{"origin":22302,"position":5},"title":"Quatri\u00e8me Internationale","author":"SiNedjib","date":"05\/10\/2020","format":false,"excerpt":"Cette page recense les 26 articles de Quatri\u00e8me Internationale publi\u00e9s sur ce site depuis le 27 septembre 2020. Cette revue trotskiste a paru de 1942 \u00e0 1992. Les sommaires sont consultables sur le site RaDAR. Pierre Frank, \"\u00ab\u00a0J\u2019ai choisi la libert\u00e9\u00a0\u00bb de V. A. Kravchenko\", paru dans Quatri\u00e8me Internationale, juillet-ao\u00fbt\u2026","rel":"","context":"Article similaire","block_context":{"text":"Article similaire","link":""},"img":{"alt_text":"","src":"https:\/\/i0.wp.com\/sinedjib.com\/wp-content\/uploads\/2022\/07\/Quatrieme-Internationale-juillet-1953.png?resize=350%2C200&ssl=1","width":350,"height":200},"classes":[]}],"_links":{"self":[{"href":"https:\/\/sinedjib.com\/index.php\/wp-json\/wp\/v2\/pages\/22302","targetHints":{"allow":["GET"]}}],"collection":[{"href":"https:\/\/sinedjib.com\/index.php\/wp-json\/wp\/v2\/pages"}],"about":[{"href":"https:\/\/sinedjib.com\/index.php\/wp-json\/wp\/v2\/types\/page"}],"author":[{"embeddable":true,"href":"https:\/\/sinedjib.com\/index.php\/wp-json\/wp\/v2\/users\/1"}],"replies":[{"embeddable":true,"href":"https:\/\/sinedjib.com\/index.php\/wp-json\/wp\/v2\/comments?post=22302"}],"version-history":[{"count":2,"href":"https:\/\/sinedjib.com\/index.php\/wp-json\/wp\/v2\/pages\/22302\/revisions"}],"predecessor-version":[{"id":22304,"href":"https:\/\/sinedjib.com\/index.php\/wp-json\/wp\/v2\/pages\/22302\/revisions\/22304"}],"wp:attachment":[{"href":"https:\/\/sinedjib.com\/index.php\/wp-json\/wp\/v2\/media?parent=22302"}],"curies":[{"name":"wp","href":"https:\/\/api.w.org\/{rel}","templated":true}]}}