{"id":22308,"date":"2024-03-17T12:08:08","date_gmt":"2024-03-17T11:08:08","guid":{"rendered":"https:\/\/sinedjib.com\/?page_id=22308"},"modified":"2024-09-08T19:58:34","modified_gmt":"2024-09-08T17:58:34","slug":"la-gauche","status":"publish","type":"page","link":"https:\/\/sinedjib.com\/index.php\/la-gauche\/","title":{"rendered":"La Gauche"},"content":{"rendered":"\n<div class=\"wp-block-media-text is-stacked-on-mobile\"><figure class=\"wp-block-media-text__media\"><img data-recalc-dims=\"1\" loading=\"lazy\" decoding=\"async\" width=\"475\" height=\"652\" data-attachment-id=\"22309\" data-permalink=\"https:\/\/sinedjib.com\/index.php\/la-gauche\/la-gauche-16-juin-1948\/\" data-orig-file=\"https:\/\/i0.wp.com\/sinedjib.com\/wp-content\/uploads\/2024\/03\/La-Gauche-16-juin-1948.png?fit=475%2C652&amp;ssl=1\" data-orig-size=\"475,652\" data-comments-opened=\"1\" data-image-meta=\"{&quot;aperture&quot;:&quot;0&quot;,&quot;credit&quot;:&quot;&quot;,&quot;camera&quot;:&quot;&quot;,&quot;caption&quot;:&quot;&quot;,&quot;created_timestamp&quot;:&quot;0&quot;,&quot;copyright&quot;:&quot;&quot;,&quot;focal_length&quot;:&quot;0&quot;,&quot;iso&quot;:&quot;0&quot;,&quot;shutter_speed&quot;:&quot;0&quot;,&quot;title&quot;:&quot;&quot;,&quot;orientation&quot;:&quot;0&quot;}\" data-image-title=\"La-Gauche-16-juin-1948\" data-image-description=\"\" data-image-caption=\"\" data-large-file=\"https:\/\/i0.wp.com\/sinedjib.com\/wp-content\/uploads\/2024\/03\/La-Gauche-16-juin-1948.png?fit=475%2C652&amp;ssl=1\" src=\"https:\/\/i0.wp.com\/sinedjib.com\/wp-content\/uploads\/2024\/03\/La-Gauche-16-juin-1948.png?resize=475%2C652&#038;ssl=1\" alt=\"\" class=\"wp-image-22309 size-full\" srcset=\"https:\/\/i0.wp.com\/sinedjib.com\/wp-content\/uploads\/2024\/03\/La-Gauche-16-juin-1948.png?w=475&amp;ssl=1 475w, https:\/\/i0.wp.com\/sinedjib.com\/wp-content\/uploads\/2024\/03\/La-Gauche-16-juin-1948.png?resize=219%2C300&amp;ssl=1 219w\" sizes=\"auto, (max-width: 475px) 100vw, 475px\" \/><\/figure><div class=\"wp-block-media-text__content\">\n<p><strong>Cette page recense les 8 articles du journal <em>La Gauche<\/em> publi\u00e9s sur ce site depuis le 22 f\u00e9vrier 2023. L&rsquo;organe du Rassemblement d\u00e9mocratique r\u00e9volutionnaire (RDR) a paru de<\/strong> <strong>1948 \u00e0 1949<\/strong>. <strong>Ses exemplaires sont consultables sur <a href=\"https:\/\/www.retronews.fr\/titre-de-presse\/gauche\">Retronews<\/a>.<\/strong><\/p>\n<\/div><\/div>\n\n\n\n<p>David Rousset, \u00ab\u00a0Pour pratiquer la d\u00e9mocratie r\u00e9volutionnaire, il faut d\u2019abord d\u00e9noncer les mensonges et rompre les silences\u2026\u00a0\u00bb, paru dans <em>La Gauche<\/em>, n\u00b0 3, 16 juin 1948. <a href=\"https:\/\/sinedjib.com\/index.php\/2023\/02\/25\/david-rousset-pour-pratiquer-la-democratie-revolutionnaire-il-faut-dabord-denoncer-les-mensonges-et-rompre-les-silences\/\">Lien<\/a><\/p>\n\n\n\n<p>Albert Camus, \u00ab\u00a0R\u00e9flexion sur une d\u00e9mocratie sans cat\u00e9chisme\u00a0\u00bb, paru dans <em>La Gauche<\/em>, n\u00b0 4, 1er juillet 1948. <a href=\"https:\/\/sinedjib.com\/index.php\/2023\/04\/09\/albert-camus-reflexion-sur-une-democratie-sans-catechisme\/\">Lien<\/a><\/p>\n\n\n\n<p>J. F., \u00ab\u00a0Une heure avec Messali Hadj\u2026 \u00ab\u00a0Il faut rendre la parole au peuple alg\u00e9rien\u00a0\u00bb\u00a0\u00bb, paru dans <em>La Gauche<\/em>, n\u00b0 7, octobre 1948. <a href=\"https:\/\/sinedjib.com\/index.php\/2022\/06\/16\/une-heure-avec-messali-hadj\/\">Lien<\/a><\/p>\n\n\n\n<p>Albert Camus, \u00ab\u00a0Nous ne serons jamais pour le socialisme des camps de concentration !\u00a0\u00bb, <em>La Gauche<\/em>, octobre 1948. <a href=\"https:\/\/sinedjib.com\/index.php\/2024\/09\/07\/camus-8\/\">Lien<\/a><\/p>\n\n\n\n<p>David Rousset, \u00ab\u00a0La r\u00e9volution doit se r\u00e9aliser dans la pratique d\u00e9mocratique des travailleurs manuels et intellectuels\u00a0\u00bb, paru dans <em>La Gauche<\/em>, n\u00b0 10, 20 d\u00e9cembre 1948. <a href=\"https:\/\/sinedjib.com\/index.php\/2023\/03\/06\/david-rousset-la-revolution-doit-se-realiser-dans-la-pratique-democratique-des-travailleurs-manuels-et-intellectuels\/\">Lien<\/a><\/p>\n\n\n\n<p>Albert Camus, \u00ab\u00a0L\u2019artiste est le t\u00e9moin de la libert\u00e9\u00a0\u00bb, paru dans <em>La Gauche<\/em>, n\u00b0 10, 20 d\u00e9cembre 1948. <a href=\"https:\/\/sinedjib.com\/index.php\/2023\/02\/24\/albert-camus-lartiste-est-le-temoin-de-la-liberte\/\">Lien<\/a><\/p>\n\n\n\n<p>Andr\u00e9 Breton, \u00ab\u00a0Ce grain de merveilleux dans l\u2019aventure\u2026\u00a0\u00bb, paru dans <em>La Gauche<\/em>, n\u00b0 10, 20 d\u00e9cembre 1948. <a href=\"https:\/\/sinedjib.com\/index.php\/2023\/02\/26\/andre-breton-ce-grain-merveilleux-de-laventure\/\">Lien<\/a><\/p>\n\n\n\n<p>Yves Dech\u00e9zelles, \u00ab\u00a0Le si\u00e8cle du proc\u00e8s\u00a0\u00bb, paru dans <em>La Gauche<\/em>, n\u00b0 12, 11 f\u00e9vrier 1949. <a href=\"https:\/\/sinedjib.com\/index.php\/2023\/02\/22\/yves-dechezelles-le-siecle-du-proces\/\">Lien<\/a><\/p>\n","protected":false},"excerpt":{"rendered":"<p>Cette page recense les 8 articles du journal La Gauche publi\u00e9s sur ce site depuis le 22 f\u00e9vrier 2023. L&rsquo;organe du Rassemblement d\u00e9mocratique r\u00e9volutionnaire (RDR) a paru de 1948 \u00e0 1949. Ses exemplaires sont consultables sur Retronews. David Rousset, \u00ab\u00a0Pour pratiquer la d\u00e9mocratie r\u00e9volutionnaire, il faut d\u2019abord d\u00e9noncer les mensonges et rompre les silences\u2026\u00a0\u00bb, paru [&hellip;]<\/p>\n","protected":false},"author":1,"featured_media":0,"parent":0,"menu_order":0,"comment_status":"closed","ping_status":"closed","template":"","meta":{"jetpack_post_was_ever_published":false,"footnotes":""},"class_list":["post-22308","page","type-page","status-publish","hentry"],"jetpack_sharing_enabled":true,"jetpack_shortlink":"https:\/\/wp.me\/P9lTYU-5NO","jetpack_likes_enabled":true,"jetpack-related-posts":[{"id":13631,"url":"https:\/\/sinedjib.com\/index.php\/combat\/","url_meta":{"origin":22308,"position":0},"title":"Combat","author":"SiNedjib","date":"17\/08\/2021","format":false,"excerpt":"Cette page recense les 28 articles de Combat publi\u00e9s sur ce site depuis le 8 mai 2015. Le journal, initialement organe du Mouvement de Lib\u00e9ration fran\u00e7aise, a paru de 1941 \u00e0 1974. Il est consultable sur le site RetroNews pour la p\u00e9riode 1941-1950. Maurice Nadeau, \"Spartacus par Arthur Koestler\", paru\u2026","rel":"","context":"Article similaire","block_context":{"text":"Article similaire","link":""},"img":{"alt_text":"","src":"https:\/\/i0.wp.com\/sinedjib.com\/wp-content\/uploads\/2021\/07\/Combat-11-mai-1946.png?resize=350%2C200&ssl=1","width":350,"height":200},"classes":[]},{"id":11645,"url":"https:\/\/sinedjib.com\/index.php\/masses\/","url_meta":{"origin":22308,"position":1},"title":"Masses","author":"SiNedjib","date":"25\/02\/2021","format":false,"excerpt":"Cette page recense les 14 articles de Masses\u00a0publi\u00e9s sur ce site depuis le 11 f\u00e9vrier 2021.\u00a0La\u00a0revue, lanc\u00e9e par Paul Faure, a paru de 1931 \u00e0 1948. Les sommaires sont consultables sur le site\u00a0Archives Autonomies. G. A., \"Visite \u00e0 l\u2019exposition anticoloniale\", paru dans Masses, n\u00b0 5, novembre-d\u00e9cembre 1931. Lien Fritz Brupbacher,\u2026","rel":"","context":"Article similaire","block_context":{"text":"Article similaire","link":""},"img":{"alt_text":"","src":"https:\/\/i0.wp.com\/sinedjib.com\/wp-content\/uploads\/2021\/02\/Masses-20-juin-1933.png?resize=350%2C200&ssl=1","width":350,"height":200},"classes":[]},{"id":22317,"url":"https:\/\/sinedjib.com\/index.php\/nouvelle-gauche\/","url_meta":{"origin":22308,"position":2},"title":"Nouvelle Gauche","author":"SiNedjib","date":"17\/03\/2024","format":false,"excerpt":"Cette page recense les 12 articles de Nouvelle Gauche publi\u00e9s sur ce site depuis le 31 mai 2015. L'organe du Mouvement uni de la nouvelle gauche a paru de 1956 \u00e0 1957. Claude Bourdet, \"N\u2019ayons pas peur d\u2019avoir raison\", paru dans\u00a0Nouvelle Gauche, n\u00b0 1, 15 avril 1956. Lien \"La Guerre\u2026","rel":"","context":"Article similaire","block_context":{"text":"Article similaire","link":""},"img":{"alt_text":"","src":"https:\/\/i0.wp.com\/sinedjib.com\/wp-content\/uploads\/2024\/02\/Nouvelle-Gauche-15-avril-1956.png?resize=350%2C200&ssl=1","width":350,"height":200,"srcset":"https:\/\/i0.wp.com\/sinedjib.com\/wp-content\/uploads\/2024\/02\/Nouvelle-Gauche-15-avril-1956.png?resize=350%2C200&ssl=1 1x, https:\/\/i0.wp.com\/sinedjib.com\/wp-content\/uploads\/2024\/02\/Nouvelle-Gauche-15-avril-1956.png?resize=525%2C300&ssl=1 1.5x"},"classes":[]},{"id":22320,"url":"https:\/\/sinedjib.com\/index.php\/la-pensee-socialiste\/","url_meta":{"origin":22308,"position":3},"title":"La Pens\u00e9e socialiste","author":"SiNedjib","date":"17\/03\/2024","format":false,"excerpt":"Cette page recense les 5 articles de La Pens\u00e9e socialiste publi\u00e9s sur ce site depuis le 22 janvier 2024. La revue, fond\u00e9e par Jean Rous, a paru de 1946 \u00e0 1948. Jean Cotereau, \"Socialisme et cl\u00e9ricalisme en 1946\", paru dans\u00a0La Pens\u00e9e socialiste, n\u00b0 6, juillet 1946. Lien Yves Dech\u00e9zelles, \"Les\u2026","rel":"","context":"Article similaire","block_context":{"text":"Article similaire","link":""},"img":{"alt_text":"","src":"https:\/\/i0.wp.com\/sinedjib.com\/wp-content\/uploads\/2024\/01\/La-Pensee-socialiste-juillet-1946-scaled.jpg?resize=350%2C200&ssl=1","width":350,"height":200,"srcset":"https:\/\/i0.wp.com\/sinedjib.com\/wp-content\/uploads\/2024\/01\/La-Pensee-socialiste-juillet-1946-scaled.jpg?resize=350%2C200&ssl=1 1x, https:\/\/i0.wp.com\/sinedjib.com\/wp-content\/uploads\/2024\/01\/La-Pensee-socialiste-juillet-1946-scaled.jpg?resize=525%2C300&ssl=1 1.5x, https:\/\/i0.wp.com\/sinedjib.com\/wp-content\/uploads\/2024\/01\/La-Pensee-socialiste-juillet-1946-scaled.jpg?resize=700%2C400&ssl=1 2x, https:\/\/i0.wp.com\/sinedjib.com\/wp-content\/uploads\/2024\/01\/La-Pensee-socialiste-juillet-1946-scaled.jpg?resize=1050%2C600&ssl=1 3x, https:\/\/i0.wp.com\/sinedjib.com\/wp-content\/uploads\/2024\/01\/La-Pensee-socialiste-juillet-1946-scaled.jpg?resize=1400%2C800&ssl=1 4x"},"classes":[]},{"id":13795,"url":"https:\/\/sinedjib.com\/index.php\/franc-tireur\/","url_meta":{"origin":22308,"position":4},"title":"Franc-Tireur","author":"SiNedjib","date":"02\/09\/2021","format":false,"excerpt":"Cette page recense les 19 articles de Franc-Tireur publi\u00e9s sur ce site depuis le 7 ao\u00fbt 2021. Le journal, initialement organe des Mouvements unis de r\u00e9sistance, a paru de 1941 \u00e0 1957. Il est consultable sur le site Gallica pour la p\u00e9riode 1944-1953. Marcel P\u00e9ju, \"Noces, d\u2019Albert Camus\", paru\u00a0dans\u00a0Franc-Tireur, 31\u2026","rel":"","context":"Article similaire","block_context":{"text":"Article similaire","link":""},"img":{"alt_text":"","src":"https:\/\/i0.wp.com\/sinedjib.com\/wp-content\/uploads\/2021\/08\/Franc-Tireur-31-aout-1945.png?resize=350%2C200&ssl=1","width":350,"height":200},"classes":[]},{"id":22306,"url":"https:\/\/sinedjib.com\/index.php\/force-ouvriere\/","url_meta":{"origin":22308,"position":5},"title":"Force ouvri\u00e8re","author":"SiNedjib","date":"17\/03\/2024","format":false,"excerpt":"Cette page recense les 9 articles de Force ouvri\u00e8re publi\u00e9s sur ce site depuis le 8 ao\u00fbt 2021. L'hebdomadaire est disponible pour la p\u00e9riode 1945-1951 sur Retronews. G. S., \"La Lie de la terre\", paru dans Force ouvri\u00e8re, n\u00b0 50, 5 d\u00e9cembre 1946. Lien Paul S\u00e9nac, \"Victor Serge n\u2019est plus\",\u2026","rel":"","context":"Article similaire","block_context":{"text":"Article similaire","link":""},"img":{"alt_text":"","src":"https:\/\/i0.wp.com\/sinedjib.com\/wp-content\/uploads\/2021\/08\/Force-ouvriere-23-fevrier-1950.png?resize=350%2C200&ssl=1","width":350,"height":200},"classes":[]}],"_links":{"self":[{"href":"https:\/\/sinedjib.com\/index.php\/wp-json\/wp\/v2\/pages\/22308","targetHints":{"allow":["GET"]}}],"collection":[{"href":"https:\/\/sinedjib.com\/index.php\/wp-json\/wp\/v2\/pages"}],"about":[{"href":"https:\/\/sinedjib.com\/index.php\/wp-json\/wp\/v2\/types\/page"}],"author":[{"embeddable":true,"href":"https:\/\/sinedjib.com\/index.php\/wp-json\/wp\/v2\/users\/1"}],"replies":[{"embeddable":true,"href":"https:\/\/sinedjib.com\/index.php\/wp-json\/wp\/v2\/comments?post=22308"}],"version-history":[{"count":3,"href":"https:\/\/sinedjib.com\/index.php\/wp-json\/wp\/v2\/pages\/22308\/revisions"}],"predecessor-version":[{"id":24138,"href":"https:\/\/sinedjib.com\/index.php\/wp-json\/wp\/v2\/pages\/22308\/revisions\/24138"}],"wp:attachment":[{"href":"https:\/\/sinedjib.com\/index.php\/wp-json\/wp\/v2\/media?parent=22308"}],"curies":[{"name":"wp","href":"https:\/\/api.w.org\/{rel}","templated":true}]}}