{"id":22312,"date":"2024-03-17T12:15:45","date_gmt":"2024-03-17T11:15:45","guid":{"rendered":"https:\/\/sinedjib.com\/?page_id=22312"},"modified":"2024-03-17T12:15:45","modified_gmt":"2024-03-17T11:15:45","slug":"nous-voulons-tout","status":"publish","type":"page","link":"https:\/\/sinedjib.com\/index.php\/nous-voulons-tout\/","title":{"rendered":"Nous voulons tout !"},"content":{"rendered":"\n<div class=\"wp-block-media-text is-stacked-on-mobile\"><figure class=\"wp-block-media-text__media\"><img data-recalc-dims=\"1\" loading=\"lazy\" decoding=\"async\" width=\"580\" height=\"755\" data-attachment-id=\"22313\" data-permalink=\"https:\/\/sinedjib.com\/index.php\/nous-voulons-tout\/nous-voulons-tout-avril-mai-1983\/\" data-orig-file=\"https:\/\/i0.wp.com\/sinedjib.com\/wp-content\/uploads\/2024\/03\/Nous-voulons-tout-avril-mai-1983.png?fit=667%2C868&amp;ssl=1\" data-orig-size=\"667,868\" data-comments-opened=\"1\" data-image-meta=\"{&quot;aperture&quot;:&quot;0&quot;,&quot;credit&quot;:&quot;&quot;,&quot;camera&quot;:&quot;&quot;,&quot;caption&quot;:&quot;&quot;,&quot;created_timestamp&quot;:&quot;0&quot;,&quot;copyright&quot;:&quot;&quot;,&quot;focal_length&quot;:&quot;0&quot;,&quot;iso&quot;:&quot;0&quot;,&quot;shutter_speed&quot;:&quot;0&quot;,&quot;title&quot;:&quot;&quot;,&quot;orientation&quot;:&quot;0&quot;}\" data-image-title=\"Nous-voulons-tout-avril-mai-1983\" data-image-description=\"\" data-image-caption=\"\" data-large-file=\"https:\/\/i0.wp.com\/sinedjib.com\/wp-content\/uploads\/2024\/03\/Nous-voulons-tout-avril-mai-1983.png?fit=580%2C755&amp;ssl=1\" src=\"https:\/\/i0.wp.com\/sinedjib.com\/wp-content\/uploads\/2024\/03\/Nous-voulons-tout-avril-mai-1983.png?resize=580%2C755&#038;ssl=1\" alt=\"\" class=\"wp-image-22313 size-full\" srcset=\"https:\/\/i0.wp.com\/sinedjib.com\/wp-content\/uploads\/2024\/03\/Nous-voulons-tout-avril-mai-1983.png?w=667&amp;ssl=1 667w, https:\/\/i0.wp.com\/sinedjib.com\/wp-content\/uploads\/2024\/03\/Nous-voulons-tout-avril-mai-1983.png?resize=231%2C300&amp;ssl=1 231w\" sizes=\"auto, (max-width: 580px) 100vw, 580px\" \/><\/figure><div class=\"wp-block-media-text__content\">\n<p><strong>Cette page recense les 5 articles de <em>Nous voulons tout !<\/em>, publi\u00e9s sur ce site depuis le 23 d\u00e9cembre 2022.<\/strong> <strong>Le journal a paru de 1982 \u00e0 1984. Ses exemplaires sont consultables sur <a href=\"https:\/\/archivesautonomies.org\/spip.php?article5\">Archives Autonomies<\/a>.<\/strong><\/p>\n<\/div><\/div>\n\n\n\n<p>\u00ab\u00a0Ch\u00e2tenay-Malabry : \u00ab&nbsp;contre la police&nbsp;\u00bb\u00a0\u00bb, paru dans <em>Nous voulons tout !<\/em>, n\u00b0 4, avril-mai 1983. <a href=\"https:\/\/sinedjib.com\/index.php\/2022\/12\/26\/chatenay-malabry-contre-la-police\/\">Lien<\/a><\/p>\n\n\n\n<p>\u00ab\u00a0Antifascisme ?\u00a0\u00bb, paru dans <em>Nous voulons tout !<\/em>, n\u00b0 6-7, 1983. <a href=\"https:\/\/sinedjib.com\/index.php\/2022\/12\/28\/antifascisme\/\">Lien<\/a><\/p>\n\n\n\n<p>\u00ab\u00a0Beurs : de la marge \u00e0 la marche\u00a0\u00bb, paru dans <em>Nous voulons tout !<\/em>, n\u00b0 8-9, [1984]. <a href=\"https:\/\/sinedjib.com\/index.php\/2022\/12\/24\/beurs-de-la-marge-a-la-marche\/\">Lien<\/a><\/p>\n\n\n\n<p>\u00ab\u00a0Derri\u00e8re le fascisme spectaculaire se cache l\u2019\u00c9tat tentaculaire\u2026\u00a0\u00bb, paru dans <em>Nous voulons tout !<\/em>, n\u00b0 10, \u00e9t\u00e9 1984. <a href=\"https:\/\/sinedjib.com\/index.php\/2022\/12\/29\/derriere-le-fascisme-spectaculaire-se-cache-letat-tentaculaire\/\">Lien<\/a><\/p>\n\n\n\n<p>\u00ab\u00a0Les beurs ne veulent pas devenir rances\u2026\u00a0\u00bb, paru dans <em>Nous voulons tout<\/em> <em>!<\/em>, n\u00b0 10, \u00e9t\u00e9 1984. <a href=\"https:\/\/sinedjib.com\/index.php\/2022\/12\/23\/les-beurs-ne-veulent-pas-devenir-rances\/\">Lien<\/a><\/p>\n","protected":false},"excerpt":{"rendered":"<p>Cette page recense les 5 articles de Nous voulons tout !, publi\u00e9s sur ce site depuis le 23 d\u00e9cembre 2022. Le journal a paru de 1982 \u00e0 1984. Ses exemplaires sont consultables sur Archives Autonomies. \u00ab\u00a0Ch\u00e2tenay-Malabry : \u00ab&nbsp;contre la police&nbsp;\u00bb\u00a0\u00bb, paru dans Nous voulons tout !, n\u00b0 4, avril-mai 1983. Lien \u00ab\u00a0Antifascisme ?\u00a0\u00bb, paru dans [&hellip;]<\/p>\n","protected":false},"author":1,"featured_media":0,"parent":0,"menu_order":0,"comment_status":"closed","ping_status":"closed","template":"","meta":{"jetpack_post_was_ever_published":false,"footnotes":""},"class_list":["post-22312","page","type-page","status-publish","hentry"],"jetpack_sharing_enabled":true,"jetpack_shortlink":"https:\/\/wp.me\/P9lTYU-5NS","jetpack_likes_enabled":true,"jetpack-related-posts":[{"id":13795,"url":"https:\/\/sinedjib.com\/index.php\/franc-tireur\/","url_meta":{"origin":22312,"position":0},"title":"Franc-Tireur","author":"SiNedjib","date":"02\/09\/2021","format":false,"excerpt":"Cette page recense les 19 articles de Franc-Tireur publi\u00e9s sur ce site depuis le 7 ao\u00fbt 2021. Le journal, initialement organe des Mouvements unis de r\u00e9sistance, a paru de 1941 \u00e0 1957. Il est consultable sur le site Gallica pour la p\u00e9riode 1944-1953. Marcel P\u00e9ju, \"Noces, d\u2019Albert Camus\", paru\u00a0dans\u00a0Franc-Tireur, 31\u2026","rel":"","context":"Article similaire","block_context":{"text":"Article similaire","link":""},"img":{"alt_text":"","src":"https:\/\/i0.wp.com\/sinedjib.com\/wp-content\/uploads\/2021\/08\/Franc-Tireur-31-aout-1945.png?resize=350%2C200&ssl=1","width":350,"height":200},"classes":[]},{"id":22345,"url":"https:\/\/sinedjib.com\/index.php\/index-des-publications\/","url_meta":{"origin":22312,"position":1},"title":"Index des publications","author":"SiNedjib","date":"17\/03\/2024","format":false,"excerpt":"Cette page pr\u00e9sente un index des publications (bulletins, journaux, revues, etc.) dont cinq textes \u2013 ou plus \u2013 ont \u00e9t\u00e9 retranscrits sur ce site depuis 2012. La liste sera progressivement compl\u00e9t\u00e9e avec l\u2019ensemble des autres r\u00e9f\u00e9rences. A Alarme ; Alger R\u00e9publicain ; Alternative libertaire ; Arguments ; B Le Bolch\u00e9vik\u2026","rel":"","context":"Article similaire","block_context":{"text":"Article similaire","link":""},"img":{"alt_text":"","src":"","width":0,"height":0},"classes":[]},{"id":6837,"url":"https:\/\/sinedjib.com\/index.php\/ressources\/tribune-algerienne\/","url_meta":{"origin":22312,"position":2},"title":"Tribune alg\u00e9rienne","author":"SiNedjib","date":"25\/01\/2020","format":false,"excerpt":"Cette page recense les 25 articles de Tribune alg\u00e9rienne publi\u00e9s sur ce site depuis le 20 janvier 2019. Le bulletin du Comit\u00e9 de liaison des trotskystes alg\u00e9riens a paru de 1974 \u00e0 1980. Des num\u00e9ros sont consultables sur le portail Odyss\u00e9o. \"Le voyage de Marchais en Alg\u00e9rie\", paru dans Tribune\u2026","rel":"","context":"Article similaire","block_context":{"text":"Article similaire","link":""},"img":{"alt_text":"","src":"https:\/\/i0.wp.com\/sinedjib.com\/wp-content\/uploads\/2020\/02\/Tribune-alg%C3%A9rienne-janvier-1977.png?resize=350%2C200&ssl=1","width":350,"height":200},"classes":[]},{"id":9142,"url":"https:\/\/sinedjib.com\/index.php\/tout\/","url_meta":{"origin":22312,"position":3},"title":"Tout !","author":"SiNedjib","date":"10\/07\/2020","format":false,"excerpt":"Cette page recense les 11 articles de Tout ! publi\u00e9s sur ce site depuis le 1er juillet 2020. Ce journal a paru de 1970 \u00e0 1971. Les sommaires sont consultables sur le site Archives Autonomies. \"Meulan : de l\u2019embauche \u00e0 la Cour de S\u00fbret\u00e9 le trafic continue\", paru dans\u00a0Tout !,\u2026","rel":"","context":"Article similaire","block_context":{"text":"Article similaire","link":""},"img":{"alt_text":"","src":"https:\/\/i0.wp.com\/sinedjib.com\/wp-content\/uploads\/2020\/07\/Tout-8-septembre-1970.png?resize=350%2C200&ssl=1","width":350,"height":200},"classes":[]},{"id":13631,"url":"https:\/\/sinedjib.com\/index.php\/combat\/","url_meta":{"origin":22312,"position":4},"title":"Combat","author":"SiNedjib","date":"17\/08\/2021","format":false,"excerpt":"Cette page recense les 28 articles de Combat publi\u00e9s sur ce site depuis le 8 mai 2015. Le journal, initialement organe du Mouvement de Lib\u00e9ration fran\u00e7aise, a paru de 1941 \u00e0 1974. Il est consultable sur le site RetroNews pour la p\u00e9riode 1941-1950. Maurice Nadeau, \"Spartacus par Arthur Koestler\", paru\u2026","rel":"","context":"Article similaire","block_context":{"text":"Article similaire","link":""},"img":{"alt_text":"","src":"https:\/\/i0.wp.com\/sinedjib.com\/wp-content\/uploads\/2021\/07\/Combat-11-mai-1946.png?resize=350%2C200&ssl=1","width":350,"height":200},"classes":[]},{"id":6367,"url":"https:\/\/sinedjib.com\/index.php\/ressources\/et-thaoura\/","url_meta":{"origin":22312,"position":5},"title":"Et-thaoura","author":"SiNedjib","date":"21\/10\/2019","format":false,"excerpt":"Cette page recense les 8 articles d'Et-thaoura publi\u00e9s sur ce site depuis le 9 janvier 2019. Ce journal marxiste r\u00e9volutionnaire d'Alg\u00e9rie, h\u00e9berg\u00e9 par Marcel Gauchet, a paru de 1981 \u00e0 1984. \u00ab\u00a0Les masses marocaines aussi\u2026\u00a0\u00bb, Et-Thaoura, n\u00b0 2, ao\u00fbt 1981. Lien Safia Bentayeb, \"Code de la famille et luttes des\u2026","rel":"","context":"Article similaire","block_context":{"text":"Article similaire","link":""},"img":{"alt_text":"","src":"https:\/\/i0.wp.com\/sinedjib.com\/wp-content\/uploads\/2019\/10\/Et-thaoura-juillet-1984.png?resize=350%2C200&ssl=1","width":350,"height":200},"classes":[]}],"_links":{"self":[{"href":"https:\/\/sinedjib.com\/index.php\/wp-json\/wp\/v2\/pages\/22312","targetHints":{"allow":["GET"]}}],"collection":[{"href":"https:\/\/sinedjib.com\/index.php\/wp-json\/wp\/v2\/pages"}],"about":[{"href":"https:\/\/sinedjib.com\/index.php\/wp-json\/wp\/v2\/types\/page"}],"author":[{"embeddable":true,"href":"https:\/\/sinedjib.com\/index.php\/wp-json\/wp\/v2\/users\/1"}],"replies":[{"embeddable":true,"href":"https:\/\/sinedjib.com\/index.php\/wp-json\/wp\/v2\/comments?post=22312"}],"version-history":[{"count":1,"href":"https:\/\/sinedjib.com\/index.php\/wp-json\/wp\/v2\/pages\/22312\/revisions"}],"predecessor-version":[{"id":22314,"href":"https:\/\/sinedjib.com\/index.php\/wp-json\/wp\/v2\/pages\/22312\/revisions\/22314"}],"wp:attachment":[{"href":"https:\/\/sinedjib.com\/index.php\/wp-json\/wp\/v2\/media?parent=22312"}],"curies":[{"name":"wp","href":"https:\/\/api.w.org\/{rel}","templated":true}]}}