{"id":22317,"date":"2024-03-17T12:19:56","date_gmt":"2024-03-17T11:19:56","guid":{"rendered":"https:\/\/sinedjib.com\/?page_id=22317"},"modified":"2024-03-17T12:19:56","modified_gmt":"2024-03-17T11:19:56","slug":"nouvelle-gauche","status":"publish","type":"page","link":"https:\/\/sinedjib.com\/index.php\/nouvelle-gauche\/","title":{"rendered":"Nouvelle Gauche"},"content":{"rendered":"\n<div class=\"wp-block-media-text is-stacked-on-mobile\"><figure class=\"wp-block-media-text__media\"><img data-recalc-dims=\"1\" loading=\"lazy\" decoding=\"async\" width=\"567\" height=\"623\" data-attachment-id=\"21853\" data-permalink=\"https:\/\/sinedjib.com\/index.php\/2024\/02\/06\/bourdet\/nouvelle-gauche-15-avril-1956\/\" data-orig-file=\"https:\/\/i0.wp.com\/sinedjib.com\/wp-content\/uploads\/2024\/02\/Nouvelle-Gauche-15-avril-1956.png?fit=567%2C623&amp;ssl=1\" data-orig-size=\"567,623\" data-comments-opened=\"1\" data-image-meta=\"{&quot;aperture&quot;:&quot;0&quot;,&quot;credit&quot;:&quot;&quot;,&quot;camera&quot;:&quot;&quot;,&quot;caption&quot;:&quot;&quot;,&quot;created_timestamp&quot;:&quot;0&quot;,&quot;copyright&quot;:&quot;&quot;,&quot;focal_length&quot;:&quot;0&quot;,&quot;iso&quot;:&quot;0&quot;,&quot;shutter_speed&quot;:&quot;0&quot;,&quot;title&quot;:&quot;&quot;,&quot;orientation&quot;:&quot;0&quot;}\" data-image-title=\"Nouvelle-Gauche-15-avril-1956\" data-image-description=\"\" data-image-caption=\"\" data-large-file=\"https:\/\/i0.wp.com\/sinedjib.com\/wp-content\/uploads\/2024\/02\/Nouvelle-Gauche-15-avril-1956.png?fit=567%2C623&amp;ssl=1\" src=\"https:\/\/i0.wp.com\/sinedjib.com\/wp-content\/uploads\/2024\/02\/Nouvelle-Gauche-15-avril-1956.png?resize=567%2C623&#038;ssl=1\" alt=\"\" class=\"wp-image-21853 size-full\" srcset=\"https:\/\/i0.wp.com\/sinedjib.com\/wp-content\/uploads\/2024\/02\/Nouvelle-Gauche-15-avril-1956.png?w=567&amp;ssl=1 567w, https:\/\/i0.wp.com\/sinedjib.com\/wp-content\/uploads\/2024\/02\/Nouvelle-Gauche-15-avril-1956.png?resize=273%2C300&amp;ssl=1 273w\" sizes=\"auto, (max-width: 567px) 100vw, 567px\" \/><\/figure><div class=\"wp-block-media-text__content\">\n<p><strong>Cette page recense les 12 articles de <em>Nouvelle Gauche <\/em>publi\u00e9s sur ce site depuis le 31 mai 2015. L&rsquo;organe du Mouvement uni de la nouvelle gauche a paru de 1956 \u00e0 1957.<\/strong><\/p>\n<\/div><\/div>\n\n\n\n<p>Claude Bourdet, \u00ab\u00a0N\u2019ayons pas peur d\u2019avoir raison\u00a0\u00bb, paru dans&nbsp;<em>Nouvelle Gauche<\/em>, n\u00b0 1, 15 avril 1956. <a href=\"https:\/\/sinedjib.com\/index.php\/2024\/02\/06\/bourdet\/\">Lien<\/a><\/p>\n\n\n\n<p>\u00ab\u00a0La Guerre d\u2019Alg\u00e9rie : Danger mortel pour la libert\u00e9\u00a0\u00bb, paru dans&nbsp;<em>Nouvelle Gauche<\/em>,&nbsp;n\u00b0 5, 10 juin 1956. <a href=\"https:\/\/sinedjib.com\/index.php\/2024\/02\/28\/liberte\/\">Lien<\/a><\/p>\n\n\n\n<p>Claude Devence, \u00ab\u00a0\u00ab&nbsp;Nuit et brouillard&nbsp;\u00bb. La logique du racisme\u00a0\u00bb, paru dans&nbsp;<em>Nouvelle Gauche<\/em>, n\u00b0 5, 10 juin 1956. <a href=\"https:\/\/sinedjib.com\/index.php\/2024\/02\/02\/nuit-et-brouillard\/\">Lien<\/a><\/p>\n\n\n\n<p>Claude Devence, \u00ab\u00a0R\u00e9ponse au Professeur Rivet\u00a0\u00bb, paru dans&nbsp;<em>Nouvelle Gauche<\/em>, n\u00b0 8, 22 juillet 1956. <a href=\"https:\/\/sinedjib.com\/index.php\/2024\/02\/04\/devence\/\">Lien<\/a><\/p>\n\n\n\n<p>\u00ab\u00a0Une gr\u00e8ve de la faim qui fait date\u00a0\u00bb, paru dans&nbsp;<em>Nouvelle Gauche<\/em>, n\u00b0 21, 11 au 24 f\u00e9vrier 1957. <a href=\"https:\/\/sinedjib.com\/index.php\/2017\/02\/02\/greve\/\">Lien<\/a><\/p>\n\n\n\n<p>Claude Devence, \u00ab\u00a0Terrorisme ou solidarit\u00e9\u00a0\u00bb, paru dans&nbsp;<em>Nouvelle Gauche-Tribune \u00e9tudiante<\/em>, n\u00b0 22, 25 f\u00e9vrier au 10 mars 1957. <a href=\"https:\/\/sinedjib.com\/index.php\/2024\/02\/03\/claude-devence-terrorisme-ou-solidarite\/\">Lien<\/a><\/p>\n\n\n\n<p>Louis Houdeville, \u00ab\u00a0Le massacre de Melouza\u00a0\u00bb, paru dans&nbsp;<em>Nouvelle Gauche<\/em>, n\u00b0 29, 9-22 juin 1957. <a href=\"https:\/\/sinedjib.com\/index.php\/2015\/05\/31\/massacre-melouza\/\">Lien<\/a><\/p>\n\n\n\n<p>Lucien Weitz, \u00ab\u00a0R\u00e9ponse \u00e0 L\u00e9o Hamon : Paix en Alg\u00e9rie d\u2019abord\u00a0\u00bb, paru dans&nbsp;<em>Nouvelle Gauche<\/em>, n\u00b0 33, du 28 septembre au 11 octobre 1957. <a href=\"https:\/\/sinedjib.com\/index.php\/2024\/02\/05\/lweitz\/\">Lien<\/a><\/p>\n\n\n\n<p>\u00ab\u00a0Des militants et intellectuels de gauche protestent contre les assassinats de dirigeants de l\u2019U.S.T.A.\u00a0\u00bb, paru dans&nbsp;<em>Nouvelle Gauche<\/em>,&nbsp;n\u00b0 34,&nbsp;du 12 au 25 octobre 1957. <a href=\"https:\/\/sinedjib.com\/index.php\/2024\/03\/08\/usta\/\">Lien<\/a><\/p>\n\n\n\n<p>\u00ab\u00a0Le proc\u00e8s du M.N.A. \u00e0 Alger\u00a0\u00bb, paru dans&nbsp;<em>Nouvelle Gauche<\/em>,&nbsp;n\u00b0 34,&nbsp;du 12 au 25 octobre 1957. <a href=\"https:\/\/sinedjib.com\/index.php\/2024\/03\/03\/m-n-a\/\">Lien<\/a><\/p>\n\n\n\n<p>\u00ab\u00a0Contre l\u2019assassinat des militants de l\u2019U.S.T.A.\u00a0\u00bb, paru dans&nbsp;<em>Nouvelle Gauche<\/em>, n\u00b0 36, du 9 au 22 novembre 1957. <a href=\"https:\/\/sinedjib.com\/index.php\/2024\/03\/08\/usta\/\">Lien<\/a><\/p>\n\n\n\n<p>Louis Houdeville, \u00ab\u00a0L\u2019assassinat d\u2019Ahmed Bekhat\u00a0\u00bb, paru dans&nbsp;<em>Nouvelle Gauche<\/em>,&nbsp;n\u00b0 36, du 9 au 22 novembre 1957. <a href=\"https:\/\/sinedjib.com\/index.php\/2024\/03\/05\/bekhat-2\/\">Lien<\/a><\/p>\n","protected":false},"excerpt":{"rendered":"<p>Cette page recense les 12 articles de Nouvelle Gauche publi\u00e9s sur ce site depuis le 31 mai 2015. L&rsquo;organe du Mouvement uni de la nouvelle gauche a paru de 1956 \u00e0 1957. Claude Bourdet, \u00ab\u00a0N\u2019ayons pas peur d\u2019avoir raison\u00a0\u00bb, paru dans&nbsp;Nouvelle Gauche, n\u00b0 1, 15 avril 1956. Lien \u00ab\u00a0La Guerre d\u2019Alg\u00e9rie : Danger mortel pour [&hellip;]<\/p>\n","protected":false},"author":1,"featured_media":0,"parent":0,"menu_order":0,"comment_status":"closed","ping_status":"closed","template":"","meta":{"jetpack_post_was_ever_published":false,"footnotes":""},"class_list":["post-22317","page","type-page","status-publish","hentry"],"jetpack_sharing_enabled":true,"jetpack_shortlink":"https:\/\/wp.me\/P9lTYU-5NX","jetpack_likes_enabled":true,"jetpack-related-posts":[{"id":22308,"url":"https:\/\/sinedjib.com\/index.php\/la-gauche\/","url_meta":{"origin":22317,"position":0},"title":"La Gauche","author":"SiNedjib","date":"17\/03\/2024","format":false,"excerpt":"Cette page recense les 8 articles du journal La Gauche publi\u00e9s sur ce site depuis le 22 f\u00e9vrier 2023. L'organe du Rassemblement d\u00e9mocratique r\u00e9volutionnaire (RDR) a paru de 1948 \u00e0 1949. Ses exemplaires sont consultables sur Retronews. David Rousset, \"Pour pratiquer la d\u00e9mocratie r\u00e9volutionnaire, il faut d\u2019abord d\u00e9noncer les mensonges\u2026","rel":"","context":"Article similaire","block_context":{"text":"Article similaire","link":""},"img":{"alt_text":"","src":"https:\/\/i0.wp.com\/sinedjib.com\/wp-content\/uploads\/2024\/03\/La-Gauche-16-juin-1948.png?resize=350%2C200&ssl=1","width":350,"height":200},"classes":[]},{"id":16653,"url":"https:\/\/sinedjib.com\/index.php\/la-nation-socialiste\/","url_meta":{"origin":22317,"position":1},"title":"La Nation socialiste","author":"SiNedjib","date":"18\/07\/2022","format":false,"excerpt":"Cette page recense les 10 articles de La Nation socialiste publi\u00e9s sur ce site depuis le 12 juillet 2015. Ce journal a \u00e9t\u00e9 fond\u00e9 en 1956 par Auguste Lec\u0153ur. Claude G\u00e9rard, \"De Belle-Ile-en-Mer \u00e0 Chantilly avec Messali Hadj\", paru dans\u00a0La Nation socialiste, f\u00e9vrier 1959. Lien Pierre Herv\u00e9, \"Ce que signifie\u2026","rel":"","context":"Article similaire","block_context":{"text":"Article similaire","link":""},"img":{"alt_text":"","src":"https:\/\/i0.wp.com\/sinedjib.com\/wp-content\/uploads\/2015\/07\/La-Nation-socialiste-juillet-1962.png?resize=350%2C200&ssl=1","width":350,"height":200},"classes":[]},{"id":7023,"url":"https:\/\/sinedjib.com\/index.php\/ressources\/socialisme-ou-barbarie\/","url_meta":{"origin":22317,"position":2},"title":"Socialisme ou Barbarie","author":"SiNedjib","date":"15\/02\/2020","format":false,"excerpt":"Cette page recense les 18 articles de\u00a0Socialisme ou Barbarie\u00a0publi\u00e9s sur ce site depuis le\u00a020 mai 2016. La revue fond\u00e9e par Cornelius Castoriadis a paru de 1949 \u00e0 1967. Les num\u00e9ros sont consultables et t\u00e9l\u00e9chargeables sur le site Archives Autonomies. Jean Seurel, \"Le proc\u00e8s Kravchenko\", paru dans\u00a0Socialisme ou Barbarie, n\u00b0 2,\u2026","rel":"","context":"Article similaire","block_context":{"text":"Article similaire","link":""},"img":{"alt_text":"","src":"https:\/\/i0.wp.com\/sinedjib.com\/wp-content\/uploads\/2020\/02\/Socialisme-ou-Barbarie-2-1.png?resize=350%2C200&ssl=1","width":350,"height":200},"classes":[]},{"id":13631,"url":"https:\/\/sinedjib.com\/index.php\/combat\/","url_meta":{"origin":22317,"position":3},"title":"Combat","author":"SiNedjib","date":"17\/08\/2021","format":false,"excerpt":"Cette page recense les 28 articles de Combat publi\u00e9s sur ce site depuis le 8 mai 2015. Le journal, initialement organe du Mouvement de Lib\u00e9ration fran\u00e7aise, a paru de 1941 \u00e0 1974. Il est consultable sur le site RetroNews pour la p\u00e9riode 1941-1950. Maurice Nadeau, \"Spartacus par Arthur Koestler\", paru\u2026","rel":"","context":"Article similaire","block_context":{"text":"Article similaire","link":""},"img":{"alt_text":"","src":"https:\/\/i0.wp.com\/sinedjib.com\/wp-content\/uploads\/2021\/07\/Combat-11-mai-1946.png?resize=350%2C200&ssl=1","width":350,"height":200},"classes":[]},{"id":5917,"url":"https:\/\/sinedjib.com\/index.php\/ressources\/le-libertaire\/","url_meta":{"origin":22317,"position":4},"title":"Le Libertaire","author":"SiNedjib","date":"14\/06\/2019","format":false,"excerpt":"Cette page recense les 80 articles du Libertaire publi\u00e9s sur ce site depuis le 4 mai 2016. Le journal a \u00e9t\u00e9 lanc\u00e9 par Louise Michel et S\u00e9bastien Faure en 1895. Les num\u00e9ros sont consultables sur les sites RetroNews et Archives Autonomies. Antoine Antignac, \"La calomnie\", paru dans\u00a0Le Libertaire, 4e s\u00e9rie,\u2026","rel":"","context":"Article similaire","block_context":{"text":"Article similaire","link":""},"img":{"alt_text":"","src":"https:\/\/i0.wp.com\/sinedjib.com\/wp-content\/uploads\/2021\/05\/Le-Libertaire-12-janvier-1951.png?resize=350%2C200&ssl=1","width":350,"height":200},"classes":[]},{"id":16659,"url":"https:\/\/sinedjib.com\/index.php\/programme-communiste\/","url_meta":{"origin":22317,"position":5},"title":"Programme communiste","author":"SiNedjib","date":"18\/07\/2022","format":false,"excerpt":"Cette page recense les 6 articles de Programme communiste publi\u00e9s sur ce site depuis le 3 juin 2019. La revue a \u00e9t\u00e9 lanc\u00e9e en 1957. Ses sommaires sont consultables sur le site du Parti communiste international. \u00ab\u00a0C\u2019est g\u00e9n\u00e9reux, la France !\u00a0\u00bb, paru dans Programme communiste, n\u00b0 18, janvier-mars 1962. Lien\u2026","rel":"","context":"Article similaire","block_context":{"text":"Article similaire","link":""},"img":{"alt_text":"","src":"https:\/\/i0.wp.com\/sinedjib.com\/wp-content\/uploads\/2021\/10\/Programme-communiste-janvier-mars-1962.png?resize=350%2C200&ssl=1","width":350,"height":200},"classes":[]}],"_links":{"self":[{"href":"https:\/\/sinedjib.com\/index.php\/wp-json\/wp\/v2\/pages\/22317","targetHints":{"allow":["GET"]}}],"collection":[{"href":"https:\/\/sinedjib.com\/index.php\/wp-json\/wp\/v2\/pages"}],"about":[{"href":"https:\/\/sinedjib.com\/index.php\/wp-json\/wp\/v2\/types\/page"}],"author":[{"embeddable":true,"href":"https:\/\/sinedjib.com\/index.php\/wp-json\/wp\/v2\/users\/1"}],"replies":[{"embeddable":true,"href":"https:\/\/sinedjib.com\/index.php\/wp-json\/wp\/v2\/comments?post=22317"}],"version-history":[{"count":1,"href":"https:\/\/sinedjib.com\/index.php\/wp-json\/wp\/v2\/pages\/22317\/revisions"}],"predecessor-version":[{"id":22318,"href":"https:\/\/sinedjib.com\/index.php\/wp-json\/wp\/v2\/pages\/22317\/revisions\/22318"}],"wp:attachment":[{"href":"https:\/\/sinedjib.com\/index.php\/wp-json\/wp\/v2\/media?parent=22317"}],"curies":[{"name":"wp","href":"https:\/\/api.w.org\/{rel}","templated":true}]}}