{"id":22320,"date":"2024-03-17T12:24:02","date_gmt":"2024-03-17T11:24:02","guid":{"rendered":"https:\/\/sinedjib.com\/?page_id=22320"},"modified":"2024-03-17T12:24:02","modified_gmt":"2024-03-17T11:24:02","slug":"la-pensee-socialiste","status":"publish","type":"page","link":"https:\/\/sinedjib.com\/index.php\/la-pensee-socialiste\/","title":{"rendered":"La Pens\u00e9e socialiste"},"content":{"rendered":"\n<div class=\"wp-block-media-text is-stacked-on-mobile\"><figure class=\"wp-block-media-text__media\"><img data-recalc-dims=\"1\" loading=\"lazy\" decoding=\"async\" width=\"580\" height=\"758\" data-attachment-id=\"21705\" data-permalink=\"https:\/\/sinedjib.com\/index.php\/2024\/01\/25\/cotereau\/la-pensee-socialiste-juillet-1946\/\" data-orig-file=\"https:\/\/i0.wp.com\/sinedjib.com\/wp-content\/uploads\/2024\/01\/La-Pensee-socialiste-juillet-1946-scaled.jpg?fit=1961%2C2560&amp;ssl=1\" data-orig-size=\"1961,2560\" data-comments-opened=\"1\" data-image-meta=\"{&quot;aperture&quot;:&quot;2.2&quot;,&quot;credit&quot;:&quot;&quot;,&quot;camera&quot;:&quot;moto e22i&quot;,&quot;caption&quot;:&quot;&quot;,&quot;created_timestamp&quot;:&quot;0&quot;,&quot;copyright&quot;:&quot;&quot;,&quot;focal_length&quot;:&quot;3.42&quot;,&quot;iso&quot;:&quot;207&quot;,&quot;shutter_speed&quot;:&quot;0.03&quot;,&quot;title&quot;:&quot;&quot;,&quot;orientation&quot;:&quot;0&quot;}\" data-image-title=\"La-Pensee-socialiste-juillet-1946\" data-image-description=\"\" data-image-caption=\"\" data-large-file=\"https:\/\/i0.wp.com\/sinedjib.com\/wp-content\/uploads\/2024\/01\/La-Pensee-socialiste-juillet-1946-scaled.jpg?fit=580%2C758&amp;ssl=1\" src=\"https:\/\/i0.wp.com\/sinedjib.com\/wp-content\/uploads\/2024\/01\/La-Pensee-socialiste-juillet-1946.jpg?resize=580%2C758&#038;ssl=1\" alt=\"\" class=\"wp-image-21705 size-full\" srcset=\"https:\/\/i0.wp.com\/sinedjib.com\/wp-content\/uploads\/2024\/01\/La-Pensee-socialiste-juillet-1946-scaled.jpg?resize=784%2C1024&amp;ssl=1 784w, https:\/\/i0.wp.com\/sinedjib.com\/wp-content\/uploads\/2024\/01\/La-Pensee-socialiste-juillet-1946-scaled.jpg?resize=230%2C300&amp;ssl=1 230w, https:\/\/i0.wp.com\/sinedjib.com\/wp-content\/uploads\/2024\/01\/La-Pensee-socialiste-juillet-1946-scaled.jpg?resize=768%2C1003&amp;ssl=1 768w, https:\/\/i0.wp.com\/sinedjib.com\/wp-content\/uploads\/2024\/01\/La-Pensee-socialiste-juillet-1946-scaled.jpg?resize=1176%2C1536&amp;ssl=1 1176w, https:\/\/i0.wp.com\/sinedjib.com\/wp-content\/uploads\/2024\/01\/La-Pensee-socialiste-juillet-1946-scaled.jpg?resize=1568%2C2048&amp;ssl=1 1568w, https:\/\/i0.wp.com\/sinedjib.com\/wp-content\/uploads\/2024\/01\/La-Pensee-socialiste-juillet-1946-scaled.jpg?resize=1200%2C1567&amp;ssl=1 1200w, https:\/\/i0.wp.com\/sinedjib.com\/wp-content\/uploads\/2024\/01\/La-Pensee-socialiste-juillet-1946-scaled.jpg?resize=1980%2C2585&amp;ssl=1 1980w, https:\/\/i0.wp.com\/sinedjib.com\/wp-content\/uploads\/2024\/01\/La-Pensee-socialiste-juillet-1946-scaled.jpg?w=1961&amp;ssl=1 1961w, https:\/\/i0.wp.com\/sinedjib.com\/wp-content\/uploads\/2024\/01\/La-Pensee-socialiste-juillet-1946-scaled.jpg?w=1740&amp;ssl=1 1740w\" sizes=\"auto, (max-width: 580px) 100vw, 580px\" \/><\/figure><div class=\"wp-block-media-text__content\">\n<p><strong>Cette page recense les 5 articles de <em>La Pens\u00e9e socialiste<\/em> publi\u00e9s sur ce site depuis le 22 janvier 2024. La revue, fond\u00e9e par <a href=\"https:\/\/maitron.fr\/spip.php?article129866\">Jean Rous<\/a>, a paru de 1946 \u00e0 1948.<\/strong><\/p>\n<\/div><\/div>\n\n\n\n<p>Jean Cotereau, \u00ab\u00a0Socialisme et cl\u00e9ricalisme en 1946\u00a0\u00bb, paru dans&nbsp;<em>La Pens\u00e9e socialiste<\/em>, n\u00b0 6, juillet 1946. <a href=\"https:\/\/sinedjib.com\/index.php\/2024\/01\/25\/cotereau\/\">Lien<\/a><\/p>\n\n\n\n<p>Yves Dech\u00e9zelles, \u00ab\u00a0Les r\u00e9formes ne peuvent plus attendre\u00a0\u00bb, paru dans&nbsp;<em>La Pens\u00e9e socialiste<\/em>, n\u00b0 9, octobre 1946. <a href=\"https:\/\/sinedjib.com\/index.php\/2024\/01\/22\/dechezelles-weitz\/\">Lien<\/a><\/p>\n\n\n\n<p>Lucien Weitz, \u00ab\u00a0Le colonialisme constitutionnalis\u00e9\u00a0\u00bb, paru dans&nbsp;<em>La Pens\u00e9e socialiste<\/em>, n\u00b0 9, octobre 1946. <a href=\"https:\/\/sinedjib.com\/index.php\/2024\/01\/22\/dechezelles-weitz\/\">Lien<\/a><\/p>\n\n\n\n<p>L\u00e9on Boutbien et Jean Rous, \u00ab\u00a0A l\u2019entreprise n\u00e9o-boulangiste il faut opposer le rassemblement d\u00e9mocratique r\u00e9volutionnaire\u00a0\u00bb, paru dans&nbsp;<em>La Pens\u00e9e socialiste<\/em>, n\u00b0 18, novembre 1947. <a href=\"https:\/\/sinedjib.com\/index.php\/2024\/01\/27\/boutbien-rous\/\">Lien<\/a><\/p>\n\n\n\n<p>Jean Rous, \u00ab\u00a0Se ressaisir ou p\u00e9rir\u00a0\u00bb, paru dans&nbsp;<em>La Pens\u00e9e socialiste<\/em>, n\u00b0 19, 1er trimestre 1948. <a href=\"https:\/\/sinedjib.com\/index.php\/2024\/01\/28\/rous-3\/\">Lien<\/a><\/p>\n","protected":false},"excerpt":{"rendered":"<p>Cette page recense les 5 articles de La Pens\u00e9e socialiste publi\u00e9s sur ce site depuis le 22 janvier 2024. La revue, fond\u00e9e par Jean Rous, a paru de 1946 \u00e0 1948. Jean Cotereau, \u00ab\u00a0Socialisme et cl\u00e9ricalisme en 1946\u00a0\u00bb, paru dans&nbsp;La Pens\u00e9e socialiste, n\u00b0 6, juillet 1946. Lien Yves Dech\u00e9zelles, \u00ab\u00a0Les r\u00e9formes ne peuvent plus attendre\u00a0\u00bb, [&hellip;]<\/p>\n","protected":false},"author":1,"featured_media":0,"parent":0,"menu_order":0,"comment_status":"closed","ping_status":"closed","template":"","meta":{"jetpack_post_was_ever_published":false,"footnotes":""},"class_list":["post-22320","page","type-page","status-publish","hentry"],"jetpack_sharing_enabled":true,"jetpack_shortlink":"https:\/\/wp.me\/P9lTYU-5O0","jetpack_likes_enabled":true,"jetpack-related-posts":[{"id":13832,"url":"https:\/\/sinedjib.com\/index.php\/gavroche\/","url_meta":{"origin":22320,"position":0},"title":"Gavroche","author":"SiNedjib","date":"05\/09\/2021","format":false,"excerpt":"Cette page recense les 9 articles de\u00a0Gavroche publi\u00e9s sur ce site depuis le 27 juillet 2021. L'organe du Front patriotique de la jeunesse parisienne a paru de 1944 \u00e0 1948 sous la direction de Marcel Bidoux. Cet hebdomadaire est consultable sur le site\u00a0RetroNews. Pierre Champromis, \"De la r\u00e9volte \u00e0 la\u2026","rel":"","context":"Article similaire","block_context":{"text":"Article similaire","link":""},"img":{"alt_text":"","src":"https:\/\/i0.wp.com\/sinedjib.com\/wp-content\/uploads\/2021\/09\/Gavroche-7-decembre-1944.png?resize=350%2C200&ssl=1","width":350,"height":200},"classes":[]},{"id":6832,"url":"https:\/\/sinedjib.com\/index.php\/ressources\/le-reveil\/","url_meta":{"origin":22320,"position":1},"title":"Le R\u00e9veil","author":"SiNedjib","date":"25\/01\/2020","format":false,"excerpt":"Cette page recense les 10 articles du R\u00e9veil publi\u00e9s sur ce site depuis le 8 juin 2019. Le journal, d'abord intitul\u00e9 Le R\u00e9veil socialiste-anarchiste, a paru de 1900 \u00e0 1946. Les sommaires sont consultables sur le site Archives Autonomies. Les textes d'Errico Malatesta sont disponibles via ce lien. Georges Herzig,\u2026","rel":"","context":"Article similaire","block_context":{"text":"Article similaire","link":""},"img":{"alt_text":"","src":"","width":0,"height":0},"classes":[]},{"id":16653,"url":"https:\/\/sinedjib.com\/index.php\/la-nation-socialiste\/","url_meta":{"origin":22320,"position":2},"title":"La Nation socialiste","author":"SiNedjib","date":"18\/07\/2022","format":false,"excerpt":"Cette page recense les 10 articles de La Nation socialiste publi\u00e9s sur ce site depuis le 12 juillet 2015. Ce journal a \u00e9t\u00e9 fond\u00e9 en 1956 par Auguste Lec\u0153ur. Claude G\u00e9rard, \"De Belle-Ile-en-Mer \u00e0 Chantilly avec Messali Hadj\", paru dans\u00a0La Nation socialiste, f\u00e9vrier 1959. Lien Pierre Herv\u00e9, \"Ce que signifie\u2026","rel":"","context":"Article similaire","block_context":{"text":"Article similaire","link":""},"img":{"alt_text":"","src":"https:\/\/i0.wp.com\/sinedjib.com\/wp-content\/uploads\/2015\/07\/La-Nation-socialiste-juillet-1962.png?resize=350%2C200&ssl=1","width":350,"height":200},"classes":[]},{"id":22302,"url":"https:\/\/sinedjib.com\/index.php\/correspondance-socialiste-internationale\/","url_meta":{"origin":22320,"position":3},"title":"Correspondance Socialiste Internationale","author":"SiNedjib","date":"17\/03\/2024","format":false,"excerpt":"Cette page recense les 6 articles de Correspondance Socialiste Internationale publi\u00e9s sur ce site depuis le 5 janvier 2024. La revue, fond\u00e9e par Marceau Pivert, a paru de 1950 \u00e0 1960. Marceau Pivert, \"Albert Camus, \u00ab\u00a0L\u2019Homme r\u00e9volt\u00e9\u00a0\u00bb (Gallimard)\", paru dans\u00a0Correspondance Socialiste Internationale, mai 1952. Lien Marceau Pivert, \"Assez de crimes\u2026","rel":"","context":"Article similaire","block_context":{"text":"Article similaire","link":""},"img":{"alt_text":"","src":"https:\/\/i0.wp.com\/sinedjib.com\/wp-content\/uploads\/2024\/03\/CSI-novembre-1957.png?resize=350%2C200&ssl=1","width":350,"height":200,"srcset":"https:\/\/i0.wp.com\/sinedjib.com\/wp-content\/uploads\/2024\/03\/CSI-novembre-1957.png?resize=350%2C200&ssl=1 1x, https:\/\/i0.wp.com\/sinedjib.com\/wp-content\/uploads\/2024\/03\/CSI-novembre-1957.png?resize=525%2C300&ssl=1 1.5x"},"classes":[]},{"id":13795,"url":"https:\/\/sinedjib.com\/index.php\/franc-tireur\/","url_meta":{"origin":22320,"position":4},"title":"Franc-Tireur","author":"SiNedjib","date":"02\/09\/2021","format":false,"excerpt":"Cette page recense les 19 articles de Franc-Tireur publi\u00e9s sur ce site depuis le 7 ao\u00fbt 2021. Le journal, initialement organe des Mouvements unis de r\u00e9sistance, a paru de 1941 \u00e0 1957. Il est consultable sur le site Gallica pour la p\u00e9riode 1944-1953. Marcel P\u00e9ju, \"Noces, d\u2019Albert Camus\", paru\u00a0dans\u00a0Franc-Tireur, 31\u2026","rel":"","context":"Article similaire","block_context":{"text":"Article similaire","link":""},"img":{"alt_text":"","src":"https:\/\/i0.wp.com\/sinedjib.com\/wp-content\/uploads\/2021\/08\/Franc-Tireur-31-aout-1945.png?resize=350%2C200&ssl=1","width":350,"height":200},"classes":[]},{"id":13631,"url":"https:\/\/sinedjib.com\/index.php\/combat\/","url_meta":{"origin":22320,"position":5},"title":"Combat","author":"SiNedjib","date":"17\/08\/2021","format":false,"excerpt":"Cette page recense les 28 articles de Combat publi\u00e9s sur ce site depuis le 8 mai 2015. Le journal, initialement organe du Mouvement de Lib\u00e9ration fran\u00e7aise, a paru de 1941 \u00e0 1974. Il est consultable sur le site RetroNews pour la p\u00e9riode 1941-1950. Maurice Nadeau, \"Spartacus par Arthur Koestler\", paru\u2026","rel":"","context":"Article similaire","block_context":{"text":"Article similaire","link":""},"img":{"alt_text":"","src":"https:\/\/i0.wp.com\/sinedjib.com\/wp-content\/uploads\/2021\/07\/Combat-11-mai-1946.png?resize=350%2C200&ssl=1","width":350,"height":200},"classes":[]}],"_links":{"self":[{"href":"https:\/\/sinedjib.com\/index.php\/wp-json\/wp\/v2\/pages\/22320","targetHints":{"allow":["GET"]}}],"collection":[{"href":"https:\/\/sinedjib.com\/index.php\/wp-json\/wp\/v2\/pages"}],"about":[{"href":"https:\/\/sinedjib.com\/index.php\/wp-json\/wp\/v2\/types\/page"}],"author":[{"embeddable":true,"href":"https:\/\/sinedjib.com\/index.php\/wp-json\/wp\/v2\/users\/1"}],"replies":[{"embeddable":true,"href":"https:\/\/sinedjib.com\/index.php\/wp-json\/wp\/v2\/comments?post=22320"}],"version-history":[{"count":1,"href":"https:\/\/sinedjib.com\/index.php\/wp-json\/wp\/v2\/pages\/22320\/revisions"}],"predecessor-version":[{"id":22321,"href":"https:\/\/sinedjib.com\/index.php\/wp-json\/wp\/v2\/pages\/22320\/revisions\/22321"}],"wp:attachment":[{"href":"https:\/\/sinedjib.com\/index.php\/wp-json\/wp\/v2\/media?parent=22320"}],"curies":[{"name":"wp","href":"https:\/\/api.w.org\/{rel}","templated":true}]}}