{"id":22323,"date":"2024-03-17T12:31:03","date_gmt":"2024-03-17T11:31:03","guid":{"rendered":"https:\/\/sinedjib.com\/?page_id=22323"},"modified":"2024-03-17T12:31:03","modified_gmt":"2024-03-17T11:31:03","slug":"perspectives-socialistes","status":"publish","type":"page","link":"https:\/\/sinedjib.com\/index.php\/perspectives-socialistes\/","title":{"rendered":"Perspectives socialistes"},"content":{"rendered":"\n<div class=\"wp-block-media-text is-stacked-on-mobile\"><figure class=\"wp-block-media-text__media\"><img data-recalc-dims=\"1\" loading=\"lazy\" decoding=\"async\" width=\"580\" height=\"770\" data-attachment-id=\"21754\" data-permalink=\"https:\/\/sinedjib.com\/index.php\/2024\/01\/29\/bonnaud\/perspectives-socialistes-15-avril-1958\/\" data-orig-file=\"https:\/\/i0.wp.com\/sinedjib.com\/wp-content\/uploads\/2024\/01\/Perspectives-socialistes-15-avril-1958-scaled.jpg?fit=1927%2C2560&amp;ssl=1\" data-orig-size=\"1927,2560\" data-comments-opened=\"1\" data-image-meta=\"{&quot;aperture&quot;:&quot;2.2&quot;,&quot;credit&quot;:&quot;&quot;,&quot;camera&quot;:&quot;moto e22i&quot;,&quot;caption&quot;:&quot;&quot;,&quot;created_timestamp&quot;:&quot;0&quot;,&quot;copyright&quot;:&quot;&quot;,&quot;focal_length&quot;:&quot;3.42&quot;,&quot;iso&quot;:&quot;144&quot;,&quot;shutter_speed&quot;:&quot;0.016&quot;,&quot;title&quot;:&quot;&quot;,&quot;orientation&quot;:&quot;0&quot;}\" data-image-title=\"Perspectives-socialistes-15-avril-1958\" data-image-description=\"\" data-image-caption=\"\" data-large-file=\"https:\/\/i0.wp.com\/sinedjib.com\/wp-content\/uploads\/2024\/01\/Perspectives-socialistes-15-avril-1958-scaled.jpg?fit=580%2C770&amp;ssl=1\" src=\"https:\/\/i0.wp.com\/sinedjib.com\/wp-content\/uploads\/2024\/01\/Perspectives-socialistes-15-avril-1958.jpg?resize=580%2C770&#038;ssl=1\" alt=\"\" class=\"wp-image-21754 size-full\" srcset=\"https:\/\/i0.wp.com\/sinedjib.com\/wp-content\/uploads\/2024\/01\/Perspectives-socialistes-15-avril-1958-scaled.jpg?resize=771%2C1024&amp;ssl=1 771w, https:\/\/i0.wp.com\/sinedjib.com\/wp-content\/uploads\/2024\/01\/Perspectives-socialistes-15-avril-1958-scaled.jpg?resize=226%2C300&amp;ssl=1 226w, https:\/\/i0.wp.com\/sinedjib.com\/wp-content\/uploads\/2024\/01\/Perspectives-socialistes-15-avril-1958-scaled.jpg?resize=768%2C1020&amp;ssl=1 768w, https:\/\/i0.wp.com\/sinedjib.com\/wp-content\/uploads\/2024\/01\/Perspectives-socialistes-15-avril-1958-scaled.jpg?resize=1156%2C1536&amp;ssl=1 1156w, https:\/\/i0.wp.com\/sinedjib.com\/wp-content\/uploads\/2024\/01\/Perspectives-socialistes-15-avril-1958-scaled.jpg?resize=1542%2C2048&amp;ssl=1 1542w, https:\/\/i0.wp.com\/sinedjib.com\/wp-content\/uploads\/2024\/01\/Perspectives-socialistes-15-avril-1958-scaled.jpg?resize=1200%2C1594&amp;ssl=1 1200w, https:\/\/i0.wp.com\/sinedjib.com\/wp-content\/uploads\/2024\/01\/Perspectives-socialistes-15-avril-1958-scaled.jpg?resize=1980%2C2630&amp;ssl=1 1980w, https:\/\/i0.wp.com\/sinedjib.com\/wp-content\/uploads\/2024\/01\/Perspectives-socialistes-15-avril-1958-scaled.jpg?w=1927&amp;ssl=1 1927w, https:\/\/i0.wp.com\/sinedjib.com\/wp-content\/uploads\/2024\/01\/Perspectives-socialistes-15-avril-1958-scaled.jpg?w=1740&amp;ssl=1 1740w\" sizes=\"auto, (max-width: 580px) 100vw, 580px\" \/><\/figure><div class=\"wp-block-media-text__content\">\n<p><strong>Cette page recense les 5 articles de <em>Perspectives socialistes<\/em> publi\u00e9s sur ce site depuis le 29 janvier 2024. La revue de l&rsquo;Union de la Gauche Socialiste a \u00e9t\u00e9 lanc\u00e9e en 1958.<\/strong><\/p>\n<\/div><\/div>\n\n\n\n<p>Robert Bonnaud, \u00ab\u00a0Ni Sakiet ni Budapest\u00a0\u00bb, paru dans&nbsp;<em>Perspectives socialistes<\/em>, n\u00b0 9, 15 avril 1958. <a href=\"https:\/\/sinedjib.com\/index.php\/2024\/01\/29\/bonnaud\/\">Lien<\/a><\/p>\n\n\n\n<p>Georges Ducaroy, \u00ab\u00a0Ni Sakiet ni Budapest : R\u00e9ponse \u00e0 lettre de Bonnaud\u00a0\u00bb, parue dans&nbsp;<em>Perspectives socialistes<\/em>, n\u00b0 9, 15 mai 1958. <a href=\"https:\/\/sinedjib.com\/index.php\/2024\/01\/29\/bonnaud\/\">Lien<\/a><\/p>\n\n\n\n<p>Robert Bonnaud, \u00ab\u00a0Ni Budapest ni Alger\u00a0\u00bb,<strong>&nbsp;<\/strong>paru dans&nbsp;<em>Perspectives socialistes<\/em>, n\u00b0 13-14, juillet 1958. <a href=\"https:\/\/sinedjib.com\/index.php\/2024\/01\/29\/bonnaud\/\">Lien<\/a><\/p>\n\n\n\n<p>Pierre Naville, \u00ab\u00a0Le bilan de la guerre en Alg\u00e9rie\u00a0\u00bb, paru dans <em>Perspectives socialistes<\/em>, n\u00b0 25, juin 1959. <a href=\"https:\/\/sinedjib.com\/index.php\/2024\/03\/16\/naville-2\/\">Lien<\/a><\/p>\n\n\n\n<p>Yves Dech\u00e9zelles, \u00ab\u00a0Probl\u00e8me social et guerre d\u2019Alg\u00e9rie\u00a0\u00bb, paru dans&nbsp;<em>Perspectives socialistes<\/em>, n\u00b0 25, juin 1959. <a href=\"https:\/\/sinedjib.com\/index.php\/2024\/02\/10\/dechezelles\/\">Lien<\/a><\/p>\n","protected":false},"excerpt":{"rendered":"<p>Cette page recense les 5 articles de Perspectives socialistes publi\u00e9s sur ce site depuis le 29 janvier 2024. La revue de l&rsquo;Union de la Gauche Socialiste a \u00e9t\u00e9 lanc\u00e9e en 1958. Robert Bonnaud, \u00ab\u00a0Ni Sakiet ni Budapest\u00a0\u00bb, paru dans&nbsp;Perspectives socialistes, n\u00b0 9, 15 avril 1958. Lien Georges Ducaroy, \u00ab\u00a0Ni Sakiet ni Budapest : R\u00e9ponse \u00e0 [&hellip;]<\/p>\n","protected":false},"author":1,"featured_media":0,"parent":0,"menu_order":0,"comment_status":"closed","ping_status":"closed","template":"","meta":{"jetpack_post_was_ever_published":false,"footnotes":""},"class_list":["post-22323","page","type-page","status-publish","hentry"],"jetpack_sharing_enabled":true,"jetpack_shortlink":"https:\/\/wp.me\/P9lTYU-5O3","jetpack_likes_enabled":true,"jetpack-related-posts":[{"id":22345,"url":"https:\/\/sinedjib.com\/index.php\/index-des-publications\/","url_meta":{"origin":22323,"position":0},"title":"Index des publications","author":"SiNedjib","date":"17\/03\/2024","format":false,"excerpt":"Cette page pr\u00e9sente un index des publications (bulletins, journaux, revues, etc.) dont cinq textes \u2013 ou plus \u2013 ont \u00e9t\u00e9 retranscrits sur ce site depuis 2012. La liste sera progressivement compl\u00e9t\u00e9e avec l\u2019ensemble des autres r\u00e9f\u00e9rences. A Alarme ; Alger R\u00e9publicain ; Alternative libertaire ; Arguments ; B Le Bolch\u00e9vik\u2026","rel":"","context":"Article similaire","block_context":{"text":"Article similaire","link":""},"img":{"alt_text":"","src":"","width":0,"height":0},"classes":[]},{"id":22297,"url":"https:\/\/sinedjib.com\/index.php\/la-commune\/","url_meta":{"origin":22323,"position":1},"title":"La Commune","author":"SiNedjib","date":"17\/03\/2024","format":false,"excerpt":"Cette page recense les 11 articles du journal La Commune publi\u00e9s sur ce site depuis le 14 novembre 2012. L'organe du Comit\u00e9 de liaison et d'action pour la d\u00e9mocratie ouvri\u00e8re (CLADO) a paru de 1957 \u00e0 1958. \"Cinq questions \u00e0 Messali Hadj\", La Commune, avril 1957. Lien Maurice Clavel, \"La\u2026","rel":"","context":"Article similaire","block_context":{"text":"Article similaire","link":""},"img":{"alt_text":"","src":"https:\/\/i0.wp.com\/sinedjib.com\/wp-content\/uploads\/2024\/03\/La-Commune-mai-1957.webp?resize=350%2C200&ssl=1","width":350,"height":200,"srcset":"https:\/\/i0.wp.com\/sinedjib.com\/wp-content\/uploads\/2024\/03\/La-Commune-mai-1957.webp?resize=350%2C200&ssl=1 1x, https:\/\/i0.wp.com\/sinedjib.com\/wp-content\/uploads\/2024\/03\/La-Commune-mai-1957.webp?resize=525%2C300&ssl=1 1.5x"},"classes":[]},{"id":10100,"url":"https:\/\/sinedjib.com\/index.php\/quatrieme-internationale\/","url_meta":{"origin":22323,"position":2},"title":"Quatri\u00e8me Internationale","author":"SiNedjib","date":"05\/10\/2020","format":false,"excerpt":"Cette page recense les 26 articles de Quatri\u00e8me Internationale publi\u00e9s sur ce site depuis le 27 septembre 2020. Cette revue trotskiste a paru de 1942 \u00e0 1992. Les sommaires sont consultables sur le site RaDAR. Pierre Frank, \"\u00ab\u00a0J\u2019ai choisi la libert\u00e9\u00a0\u00bb de V. A. Kravchenko\", paru dans Quatri\u00e8me Internationale, juillet-ao\u00fbt\u2026","rel":"","context":"Article similaire","block_context":{"text":"Article similaire","link":""},"img":{"alt_text":"","src":"https:\/\/i0.wp.com\/sinedjib.com\/wp-content\/uploads\/2022\/07\/Quatrieme-Internationale-juillet-1953.png?resize=350%2C200&ssl=1","width":350,"height":200},"classes":[]},{"id":7054,"url":"https:\/\/sinedjib.com\/index.php\/ressources\/arguments\/","url_meta":{"origin":22323,"position":3},"title":"Arguments","author":"SiNedjib","date":"17\/02\/2020","format":false,"excerpt":"Cette page recense les 8 articles d'Arguments\u00a0publi\u00e9s sur ce site depuis le\u00a014 novembre 2018. La revue dirig\u00e9e par Edgar Morin a paru de 1956 \u00e0 1962. Les sommaires sont consultables sur le site Archives Autonomies. Edgar Morin, \"La question n\u00e8gre\", paru dans\u00a0Arguments, n\u00b0 1, d\u00e9cembre 1956-janvier 1957. Lien Pierre Naville,\u2026","rel":"","context":"Article similaire","block_context":{"text":"Article similaire","link":""},"img":{"alt_text":"","src":"https:\/\/i0.wp.com\/sinedjib.com\/wp-content\/uploads\/2018\/11\/Arguments-novembre-1958.png?resize=350%2C200&ssl=1","width":350,"height":200},"classes":[]},{"id":7328,"url":"https:\/\/sinedjib.com\/index.php\/ressources\/alarme\/","url_meta":{"origin":22323,"position":4},"title":"Alarme","author":"SiNedjib","date":"16\/03\/2020","format":false,"excerpt":"Cette page recense les 11 articles d'Alarme publi\u00e9s sur ce site depuis le 21 juillet 2018. L'organe du Ferment ouvrier r\u00e9volutionnaire a paru de 1978 \u00e0 1993. Les sommaires du journal sont consultables sur le site Archives Autonomies. \"Ni racisme, ni anti-racisme, communisme !\", paru dans Alarme, n\u00b0 6, octobre-novembre-d\u00e9cembre\u2026","rel":"","context":"Article similaire","block_context":{"text":"Article similaire","link":""},"img":{"alt_text":"","src":"https:\/\/i0.wp.com\/sinedjib.com\/wp-content\/uploads\/2020\/03\/Alarme-octobre-1979.png?resize=350%2C200&ssl=1","width":350,"height":200},"classes":[]},{"id":5483,"url":"https:\/\/sinedjib.com\/index.php\/ressources\/","url_meta":{"origin":22323,"position":5},"title":"Ressources","author":"SiNedjib","date":"30\/04\/2019","format":false,"excerpt":"Les textes retranscrits sur ce site proviennent principalement de 60 publications, mais aussi de 175 autres r\u00e9f\u00e9rences, sans oublier les extraits de 49 ouvrages. On peut y acc\u00e9der aupr\u00e8s de ces institutions ou sites : ANOM, Archives Autonomies, Archives R\u00e9volutionnaires, Archives socialistes, Biblioth\u00e8que du marxisme (libertaire), CERMTRI, Centre de ressources\u2026","rel":"","context":"Article similaire","block_context":{"text":"Article similaire","link":""},"img":{"alt_text":"","src":"https:\/\/i0.wp.com\/sinedjib.com\/wp-content\/uploads\/2024\/05\/972-logo_1000x667-1000x668-1.webp?resize=350%2C200&ssl=1","width":350,"height":200,"srcset":"https:\/\/i0.wp.com\/sinedjib.com\/wp-content\/uploads\/2024\/05\/972-logo_1000x667-1000x668-1.webp?resize=350%2C200&ssl=1 1x, https:\/\/i0.wp.com\/sinedjib.com\/wp-content\/uploads\/2024\/05\/972-logo_1000x667-1000x668-1.webp?resize=525%2C300&ssl=1 1.5x, https:\/\/i0.wp.com\/sinedjib.com\/wp-content\/uploads\/2024\/05\/972-logo_1000x667-1000x668-1.webp?resize=700%2C400&ssl=1 2x"},"classes":[]}],"_links":{"self":[{"href":"https:\/\/sinedjib.com\/index.php\/wp-json\/wp\/v2\/pages\/22323","targetHints":{"allow":["GET"]}}],"collection":[{"href":"https:\/\/sinedjib.com\/index.php\/wp-json\/wp\/v2\/pages"}],"about":[{"href":"https:\/\/sinedjib.com\/index.php\/wp-json\/wp\/v2\/types\/page"}],"author":[{"embeddable":true,"href":"https:\/\/sinedjib.com\/index.php\/wp-json\/wp\/v2\/users\/1"}],"replies":[{"embeddable":true,"href":"https:\/\/sinedjib.com\/index.php\/wp-json\/wp\/v2\/comments?post=22323"}],"version-history":[{"count":1,"href":"https:\/\/sinedjib.com\/index.php\/wp-json\/wp\/v2\/pages\/22323\/revisions"}],"predecessor-version":[{"id":22324,"href":"https:\/\/sinedjib.com\/index.php\/wp-json\/wp\/v2\/pages\/22323\/revisions\/22324"}],"wp:attachment":[{"href":"https:\/\/sinedjib.com\/index.php\/wp-json\/wp\/v2\/media?parent=22323"}],"curies":[{"name":"wp","href":"https:\/\/api.w.org\/{rel}","templated":true}]}}