{"id":22341,"date":"2024-03-17T14:17:45","date_gmt":"2024-03-17T13:17:45","guid":{"rendered":"https:\/\/sinedjib.com\/?page_id=22341"},"modified":"2024-03-17T14:18:29","modified_gmt":"2024-03-17T13:18:29","slug":"la-quatrieme-internationale","status":"publish","type":"page","link":"https:\/\/sinedjib.com\/index.php\/la-quatrieme-internationale\/","title":{"rendered":"La Quatri\u00e8me Internationale"},"content":{"rendered":"\n<div class=\"wp-block-media-text is-stacked-on-mobile\"><figure class=\"wp-block-media-text__media\"><img data-recalc-dims=\"1\" loading=\"lazy\" decoding=\"async\" width=\"580\" height=\"513\" data-attachment-id=\"22337\" data-permalink=\"https:\/\/sinedjib.com\/index.php\/2024\/03\/17\/roux\/la-quatrieme-internationale-decembre-1965\/\" data-orig-file=\"https:\/\/i0.wp.com\/sinedjib.com\/wp-content\/uploads\/2024\/03\/La-Quatrieme-Internationale-decembre-1965.png?fit=952%2C842&amp;ssl=1\" data-orig-size=\"952,842\" data-comments-opened=\"1\" data-image-meta=\"{&quot;aperture&quot;:&quot;0&quot;,&quot;credit&quot;:&quot;&quot;,&quot;camera&quot;:&quot;&quot;,&quot;caption&quot;:&quot;&quot;,&quot;created_timestamp&quot;:&quot;0&quot;,&quot;copyright&quot;:&quot;&quot;,&quot;focal_length&quot;:&quot;0&quot;,&quot;iso&quot;:&quot;0&quot;,&quot;shutter_speed&quot;:&quot;0&quot;,&quot;title&quot;:&quot;&quot;,&quot;orientation&quot;:&quot;0&quot;}\" data-image-title=\"La-Quatrieme-Internationale-decembre-1965\" data-image-description=\"\" data-image-caption=\"\" data-large-file=\"https:\/\/i0.wp.com\/sinedjib.com\/wp-content\/uploads\/2024\/03\/La-Quatrieme-Internationale-decembre-1965.png?fit=580%2C513&amp;ssl=1\" src=\"https:\/\/i0.wp.com\/sinedjib.com\/wp-content\/uploads\/2024\/03\/La-Quatrieme-Internationale-decembre-1965.png?resize=580%2C513&#038;ssl=1\" alt=\"\" class=\"wp-image-22337 size-full\" srcset=\"https:\/\/i0.wp.com\/sinedjib.com\/wp-content\/uploads\/2024\/03\/La-Quatrieme-Internationale-decembre-1965.png?w=952&amp;ssl=1 952w, https:\/\/i0.wp.com\/sinedjib.com\/wp-content\/uploads\/2024\/03\/La-Quatrieme-Internationale-decembre-1965.png?resize=300%2C265&amp;ssl=1 300w, https:\/\/i0.wp.com\/sinedjib.com\/wp-content\/uploads\/2024\/03\/La-Quatrieme-Internationale-decembre-1965.png?resize=768%2C679&amp;ssl=1 768w\" sizes=\"auto, (max-width: 580px) 100vw, 580px\" \/><\/figure><div class=\"wp-block-media-text__content\">\n<p><strong>Cette page recense les 5 articles de <em>La Quatri\u00e8me Internationale<\/em> publi\u00e9s sur ce site depuis le 3 mai 2021. L&rsquo;organe du Parti communiste internationaliste (PCI) a paru de 1965 \u00e0 1968. Les exemplaires sont disponibles sur <a href=\"http:\/\/association-radar.org\/\">RaDAR<\/a>.<\/strong><\/p>\n<\/div><\/div>\n\n\n\n<p>Albert Roux, \u00ab\u00a0Contre la r\u00e9pression en Alg\u00e9rie\u00a0\u00bb, paru dans&nbsp;<em>La Quatri\u00e8me Internationale<\/em>, n\u00b0 2, d\u00e9cembre 1965. <a href=\"https:\/\/sinedjib.com\/index.php\/2024\/03\/17\/roux\/\">Lien<\/a><\/p>\n\n\n\n<p>Albert Roux, \u00ab\u00a0Alg\u00e9rie : Une brochure de Daniel Gu\u00e9rin\u00a0\u00bb, paru dans <em>La<\/em> <em>Quatri\u00e8me Internationale<\/em>, n\u00b0 4, f\u00e9vrier 1966. <a href=\"https:\/\/sinedjib.com\/index.php\/2022\/12\/04\/albert-roux-algerie-une-brochure-de-daniel-guerin\/\">Lien<\/a><\/p>\n\n\n\n<p>J. Reier, \u00ab\u00a0Pour Malcolm X\u00a0\u00bb, paru dans&nbsp;<em>La Quatri\u00e8me Internationale<\/em>,&nbsp;n\u00b0 13,&nbsp;d\u00e9cembre 1966. <a href=\"https:\/\/sinedjib.com\/index.php\/2021\/06\/11\/j-reier-pour-malcolm-x\/\">Lien<\/a><\/p>\n\n\n\n<p>\u00ab\u00a0Les internationalistes isra\u00e9liens et arabes jugent le conflit au Moyen-Orient\u00a0\u00bb, paru dans&nbsp;<em>La Quatri\u00e8me Internationale<\/em>, n\u00b0 21, septembre 1967. <a href=\"https:\/\/sinedjib.com\/index.php\/2023\/10\/30\/internationalistes\/\">Lien<\/a><\/p>\n\n\n\n<p>Larbi Hamdane, \u00ab\u00a0Alg\u00e9rie \u2013 An V\u00a0\u00bb, paru dans&nbsp;<em>La<\/em>&nbsp;<em>Quatri\u00e8me Internationale<\/em>, n\u00b0 24, d\u00e9cembre 1967. <a href=\"https:\/\/sinedjib.com\/index.php\/2021\/05\/03\/larbi-hamdane-algerie-an-v\/\">Lien<\/a><\/p>\n","protected":false},"excerpt":{"rendered":"<p>Cette page recense les 5 articles de La Quatri\u00e8me Internationale publi\u00e9s sur ce site depuis le 3 mai 2021. L&rsquo;organe du Parti communiste internationaliste (PCI) a paru de 1965 \u00e0 1968. Les exemplaires sont disponibles sur RaDAR. Albert Roux, \u00ab\u00a0Contre la r\u00e9pression en Alg\u00e9rie\u00a0\u00bb, paru dans&nbsp;La Quatri\u00e8me Internationale, n\u00b0 2, d\u00e9cembre 1965. Lien Albert Roux, [&hellip;]<\/p>\n","protected":false},"author":1,"featured_media":0,"parent":0,"menu_order":0,"comment_status":"closed","ping_status":"closed","template":"","meta":{"jetpack_post_was_ever_published":false,"footnotes":""},"class_list":["post-22341","page","type-page","status-publish","hentry"],"jetpack_sharing_enabled":true,"jetpack_shortlink":"https:\/\/wp.me\/P9lTYU-5Ol","jetpack_likes_enabled":true,"jetpack-related-posts":[{"id":10100,"url":"https:\/\/sinedjib.com\/index.php\/quatrieme-internationale\/","url_meta":{"origin":22341,"position":0},"title":"Quatri\u00e8me Internationale","author":"SiNedjib","date":"05\/10\/2020","format":false,"excerpt":"Cette page recense les 26 articles de Quatri\u00e8me Internationale publi\u00e9s sur ce site depuis le 27 septembre 2020. Cette revue trotskiste a paru de 1942 \u00e0 1992. Les sommaires sont consultables sur le site RaDAR. Pierre Frank, \"\u00ab\u00a0J\u2019ai choisi la libert\u00e9\u00a0\u00bb de V. A. Kravchenko\", paru dans Quatri\u00e8me Internationale, juillet-ao\u00fbt\u2026","rel":"","context":"Article similaire","block_context":{"text":"Article similaire","link":""},"img":{"alt_text":"","src":"https:\/\/i0.wp.com\/sinedjib.com\/wp-content\/uploads\/2022\/07\/Quatrieme-Internationale-juillet-1953.png?resize=350%2C200&ssl=1","width":350,"height":200},"classes":[]},{"id":22345,"url":"https:\/\/sinedjib.com\/index.php\/index-des-publications\/","url_meta":{"origin":22341,"position":1},"title":"Index des publications","author":"SiNedjib","date":"17\/03\/2024","format":false,"excerpt":"Cette page pr\u00e9sente un index des publications (bulletins, journaux, revues, etc.) dont cinq textes \u2013 ou plus \u2013 ont \u00e9t\u00e9 retranscrits sur ce site depuis 2012. La liste sera progressivement compl\u00e9t\u00e9e avec l\u2019ensemble des autres r\u00e9f\u00e9rences. A Alarme ; Alger R\u00e9publicain ; Alternative libertaire ; Arguments ; B Le Bolch\u00e9vik\u2026","rel":"","context":"Article similaire","block_context":{"text":"Article similaire","link":""},"img":{"alt_text":"","src":"","width":0,"height":0},"classes":[]},{"id":22302,"url":"https:\/\/sinedjib.com\/index.php\/correspondance-socialiste-internationale\/","url_meta":{"origin":22341,"position":2},"title":"Correspondance Socialiste Internationale","author":"SiNedjib","date":"17\/03\/2024","format":false,"excerpt":"Cette page recense les 6 articles de Correspondance Socialiste Internationale publi\u00e9s sur ce site depuis le 5 janvier 2024. La revue, fond\u00e9e par Marceau Pivert, a paru de 1950 \u00e0 1960. Marceau Pivert, \"Albert Camus, \u00ab\u00a0L\u2019Homme r\u00e9volt\u00e9\u00a0\u00bb (Gallimard)\", paru dans\u00a0Correspondance Socialiste Internationale, mai 1952. Lien Marceau Pivert, \"Assez de crimes\u2026","rel":"","context":"Article similaire","block_context":{"text":"Article similaire","link":""},"img":{"alt_text":"","src":"https:\/\/i0.wp.com\/sinedjib.com\/wp-content\/uploads\/2024\/03\/CSI-novembre-1957.png?resize=350%2C200&ssl=1","width":350,"height":200,"srcset":"https:\/\/i0.wp.com\/sinedjib.com\/wp-content\/uploads\/2024\/03\/CSI-novembre-1957.png?resize=350%2C200&ssl=1 1x, https:\/\/i0.wp.com\/sinedjib.com\/wp-content\/uploads\/2024\/03\/CSI-novembre-1957.png?resize=525%2C300&ssl=1 1.5x"},"classes":[]},{"id":12945,"url":"https:\/\/sinedjib.com\/index.php\/linternationale\/","url_meta":{"origin":22341,"position":3},"title":"L&rsquo;Internationale","author":"SiNedjib","date":"13\/06\/2021","format":false,"excerpt":"Cette page recense les 13 articles de\u00a0L'Internationale\u00a0publi\u00e9s sur ce site depuis le 28 f\u00e9vrier 2021.\u00a0Ce journal du Parti communiste internationaliste a paru de 1962 \u00e0 1965.\u00a0Les sommaires sont consultables sur le site\u00a0RaDAR. \"Vive l\u2019Alg\u00e9rie ind\u00e9pendante\", paru dans L\u2019Internationale, n\u00b0 1, juin 1962. Lien \"Le C.N.R.A. envisage l\u2019avenir\", paru dans L\u2019Internationale,\u2026","rel":"","context":"Article similaire","block_context":{"text":"Article similaire","link":""},"img":{"alt_text":"","src":"https:\/\/i0.wp.com\/sinedjib.com\/wp-content\/uploads\/2021\/06\/LInternationale-mars-1965.png?resize=350%2C200&ssl=1","width":350,"height":200,"srcset":"https:\/\/i0.wp.com\/sinedjib.com\/wp-content\/uploads\/2021\/06\/LInternationale-mars-1965.png?resize=350%2C200&ssl=1 1x, https:\/\/i0.wp.com\/sinedjib.com\/wp-content\/uploads\/2021\/06\/LInternationale-mars-1965.png?resize=525%2C300&ssl=1 1.5x, https:\/\/i0.wp.com\/sinedjib.com\/wp-content\/uploads\/2021\/06\/LInternationale-mars-1965.png?resize=700%2C400&ssl=1 2x"},"classes":[]},{"id":22327,"url":"https:\/\/sinedjib.com\/index.php\/voix-ouvriere\/","url_meta":{"origin":22341,"position":4},"title":"Voix ouvri\u00e8re","author":"SiNedjib","date":"17\/03\/2024","format":false,"excerpt":"Cette page recense les 6 articles de Voix ouvri\u00e8re publi\u00e9s sur ce site depuis le 11 novembre 2022. Le journal a paru de 1962 \u00e0 1968. Ses exemplaires sont consultables sur Lutte ouvri\u00e8re. G\u00e9rard Nidraux, \"Au pays du socialisme \u00ab\u00a0arabo-islamique\u00a0\u00bb le deuxi\u00e8me congr\u00e8s de l\u2019U.G.T.A.\", paru dans Voix ouvri\u00e8re, n\u00b0\u2026","rel":"","context":"Article similaire","block_context":{"text":"Article similaire","link":""},"img":{"alt_text":"","src":"https:\/\/i0.wp.com\/sinedjib.com\/wp-content\/uploads\/2024\/03\/Voix-ouvriere-29-juin-1965.png?resize=350%2C200&ssl=1","width":350,"height":200,"srcset":"https:\/\/i0.wp.com\/sinedjib.com\/wp-content\/uploads\/2024\/03\/Voix-ouvriere-29-juin-1965.png?resize=350%2C200&ssl=1 1x, https:\/\/i0.wp.com\/sinedjib.com\/wp-content\/uploads\/2024\/03\/Voix-ouvriere-29-juin-1965.png?resize=525%2C300&ssl=1 1.5x"},"classes":[]},{"id":8513,"url":"https:\/\/sinedjib.com\/index.php\/bulletin-de-liaison\/","url_meta":{"origin":22341,"position":5},"title":"Bulletin de liaison","author":"SiNedjib","date":"23\/05\/2020","format":false,"excerpt":"Cette page recense les 6 articles du Bulletin de liaison publi\u00e9s sur ce site depuis le 24 octobre 2019. L\u2019organe du Comit\u00e9 national de d\u00e9fense de la r\u00e9volution (li\u00e9 au Parti de la r\u00e9volution socialiste cr\u00e9\u00e9 par Mohamed Boudiaf)\u00a0a paru de 1965 \u00e0 1967. \"Aust\u00e9rit\u00e9 pour qui ?\", paru dans\u2026","rel":"","context":"Article similaire","block_context":{"text":"Article similaire","link":""},"img":{"alt_text":"","src":"https:\/\/i0.wp.com\/sinedjib.com\/wp-content\/uploads\/2020\/01\/Bulletin-de-liaison-d%C3%A9cembre-1965.png?resize=350%2C200&ssl=1","width":350,"height":200},"classes":[]}],"_links":{"self":[{"href":"https:\/\/sinedjib.com\/index.php\/wp-json\/wp\/v2\/pages\/22341","targetHints":{"allow":["GET"]}}],"collection":[{"href":"https:\/\/sinedjib.com\/index.php\/wp-json\/wp\/v2\/pages"}],"about":[{"href":"https:\/\/sinedjib.com\/index.php\/wp-json\/wp\/v2\/types\/page"}],"author":[{"embeddable":true,"href":"https:\/\/sinedjib.com\/index.php\/wp-json\/wp\/v2\/users\/1"}],"replies":[{"embeddable":true,"href":"https:\/\/sinedjib.com\/index.php\/wp-json\/wp\/v2\/comments?post=22341"}],"version-history":[{"count":2,"href":"https:\/\/sinedjib.com\/index.php\/wp-json\/wp\/v2\/pages\/22341\/revisions"}],"predecessor-version":[{"id":22343,"href":"https:\/\/sinedjib.com\/index.php\/wp-json\/wp\/v2\/pages\/22341\/revisions\/22343"}],"wp:attachment":[{"href":"https:\/\/sinedjib.com\/index.php\/wp-json\/wp\/v2\/media?parent=22341"}],"curies":[{"name":"wp","href":"https:\/\/api.w.org\/{rel}","templated":true}]}}