{"id":22345,"date":"2024-03-17T14:34:07","date_gmt":"2024-03-17T13:34:07","guid":{"rendered":"https:\/\/sinedjib.com\/?page_id=22345"},"modified":"2025-05-24T16:07:07","modified_gmt":"2025-05-24T14:07:07","slug":"index-des-publications","status":"publish","type":"page","link":"https:\/\/sinedjib.com\/index.php\/index-des-publications\/","title":{"rendered":"Index des publications"},"content":{"rendered":"\n<p class=\"has-drop-cap\">Cette page pr\u00e9sente un index des publications (bulletins, journaux, revues, etc.) dont cinq textes \u2013 ou plus \u2013 ont \u00e9t\u00e9 retranscrits sur ce site depuis 2012. La liste sera progressivement compl\u00e9t\u00e9e avec l\u2019ensemble des <a href=\"https:\/\/sinedjib.com\/index.php\/autres-references\/\">autres r\u00e9f\u00e9rences<\/a>.<\/p>\n\n\n\n<hr class=\"wp-block-separator has-alpha-channel-opacity\"\/>\n\n\n\n<p class=\"has-text-align-center has-larger-font-size\"><strong>A<\/strong><\/p>\n\n\n\n<p><em><a href=\"http:\/\/sinedjib.com\/index.php\/ressources\/alarme\/\">Alarme<\/a><\/em> ; <a style=\"font-style: italic;\" href=\"https:\/\/sinedjib.com\/index.php\/alger-republicain\/\">Alger R\u00e9publicain<\/a> ; <em><a href=\"https:\/\/sinedjib.com\/index.php\/alternative-libertaire\/\">Alternative libertaire<\/a><\/em> ; <em><a href=\"http:\/\/sinedjib.com\/index.php\/ressources\/arguments\/\">Arguments<\/a><\/em> ; <\/p>\n\n\n\n<p class=\"has-text-align-center has-larger-font-size\"><strong>B<\/strong><\/p>\n\n\n\n<p><em><a href=\"https:\/\/sinedjib.com\/index.php\/le-bolchevik\/\">Le Bolch\u00e9vik<\/a><\/em> ; <em><a href=\"https:\/\/sinedjib.com\/index.php\/bulletin-dinformations-du-ppa\/\">Bulletin d&rsquo;informations du PPA<\/a><\/em> ; <em><a href=\"https:\/\/sinedjib.com\/index.php\/bulletin-de-liaison\/\">Bulletin de liaison<\/a><\/em> ;<\/p>\n\n\n\n<p class=\"has-text-align-center has-larger-font-size\"><strong>C<\/strong><\/p>\n\n\n\n<p><em><a href=\"https:\/\/sinedjib.com\/index.php\/cahiers-du-feminisme\/\">Cahiers du f\u00e9minisme<\/a><\/em> ; <em><a href=\"https:\/\/sinedjib.com\/index.php\/combat\/\">Combat<\/a><\/em> ; <em><a href=\"https:\/\/sinedjib.com\/index.php\/le-combat-syndicaliste\/\">Le Combat syndicaliste<\/a><\/em> ; <em><a href=\"https:\/\/sinedjib.com\/index.php\/la-commune\/\">La Commune<\/a><\/em> ; <em><a href=\"https:\/\/sinedjib.com\/index.php\/correspondance-socialiste-internationale\/\">Correspondance Socialiste Internationale<\/a><\/em> ; <em><a href=\"http:\/\/sinedjib.com\/index.php\/ressources\/courant-alternatif\/\">Courant alternatif<\/a><\/em> ; <\/p>\n\n\n\n<p class=\"has-text-align-center has-larger-font-size\"><strong>F<\/strong><\/p>\n\n\n\n<p><a style=\"font-style: italic;\" href=\"https:\/\/sinedjib.com\/index.php\/force-ouvriere\/\">Force ouvri\u00e8re<\/a> ; <em><a href=\"https:\/\/sinedjib.com\/index.php\/franc-tireur\/\">Franc-Tireur<\/a><\/em> ; <em><a href=\"https:\/\/sinedjib.com\/index.php\/tag\/front-libertaire-des-luttes-de-classe\/\">Front libertaire des luttes de classe<\/a><\/em> ; <\/p>\n\n\n\n<p class=\"has-text-align-center has-larger-font-size\"><strong>G<\/strong><\/p>\n\n\n\n<p><em><a href=\"https:\/\/sinedjib.com\/index.php\/la-gauche\/\">La Gauche<\/a><\/em>, <em><a href=\"https:\/\/sinedjib.com\/index.php\/gavroche\/\">Gavroche<\/a><\/em> ; <em><a href=\"http:\/\/sinedjib.com\/index.php\/ressources\/la-gueule-ouverte\/\">La Gueule ouverte<\/a><\/em> ; <\/p>\n\n\n\n<p class=\"has-text-align-center has-larger-font-size\"><strong>H<\/strong><\/p>\n\n\n\n<p><em><a href=\"https:\/\/sinedjib.com\/index.php\/lhumanite\/\">L&rsquo;Humanit\u00e9<\/a><\/em> ;<\/p>\n\n\n\n<p class=\"has-text-align-center has-larger-font-size\"><strong>I<\/strong><\/p>\n\n\n\n<p><em><a href=\"http:\/\/sinedjib.com\/index.php\/ressources\/informations-correspondance-ouvrieres\/\">Informations Correspondance Ouvri\u00e8res<\/a><\/em> ; <em><a href=\"https:\/\/sinedjib.com\/index.php\/informations-ouvrieres\/\">Informations ouvri\u00e8res<\/a><\/em> ; <em><a href=\"https:\/\/sinedjib.com\/index.php\/informations-et-reflexions-libertaires\/\">Informations et r\u00e9flexions libertaires<\/a><\/em> , <em><a href=\"http:\/\/sinedjib.com\/index.php\/ressources\/inprecor\/\">Inprecor<\/a> ; <em><a href=\"https:\/\/sinedjib.com\/index.php\/linternationale\/\">L&rsquo;Internationale<\/a><\/em><\/em> ;<\/p>\n\n\n\n<p class=\"has-text-align-center has-larger-font-size\"><strong>J<\/strong><\/p>\n\n\n\n<p><em><a href=\"https:\/\/sinedjib.com\/index.php\/el-jarida\/\" data-type=\"page\" data-id=\"13919\">El Jarida<\/a> ; <a href=\"https:\/\/sinedjib.com\/index.php\/jeune-taupe\/\">Jeune Taupe<\/a><\/em> ;<\/p>\n\n\n\n<p class=\"has-text-align-center has-larger-font-size\"><strong>L<\/strong><\/p>\n\n\n\n<p><em><a href=\"https:\/\/sinedjib.com\/index.php\/les-lettres-francaises\/\">Les Lettres fran\u00e7aises<\/a> ; <a href=\"http:\/\/sinedjib.com\/index.php\/ressources\/le-libertaire\/\">Le Libertaire<\/a> ; <a href=\"https:\/\/sinedjib.com\/index.php\/liberte\/\">Libert\u00e9<\/a> ; <a href=\"https:\/\/sinedjib.com\/index.php\/lutter\/\">Lutter !<\/a><\/em> ;<\/p>\n\n\n\n<p class=\"has-text-align-center has-larger-font-size\"><strong>M<\/strong><\/p>\n\n\n\n<p><em><a href=\"https:\/\/sinedjib.com\/index.php\/masses\/\">Masses<\/a><\/em> ; <em><a href=\"https:\/\/sinedjib.com\/index.php\/le-monde\/\">Le Monde<\/a> ; <a href=\"https:\/\/sinedjib.com\/index.php\/le-monde-libertaire\/\">Le Monde libertaire<\/a><\/em> ;<\/p>\n\n\n\n<p class=\"has-text-align-center has-larger-font-size\"><strong>N<\/strong><\/p>\n\n\n\n<p><em><a href=\"https:\/\/sinedjib.com\/index.php\/la-nation-socialiste\/\">La Nation socialiste<\/a> ; <a href=\"https:\/\/sinedjib.com\/index.php\/nous-voulons-tout\/\">Nous voulons tout !<\/a> ; <a href=\"https:\/\/sinedjib.com\/index.php\/nouvelle-gauche\/\">Nouvelle Gauche<\/a><\/em> ;<\/p>\n\n\n\n<p class=\"has-text-align-center has-larger-font-size\"><strong>O<\/strong><\/p>\n\n\n\n<p><em><a href=\"http:\/\/sinedjib.com\/index.php\/ressources\/el-oumami\/\">El Oumami<\/a><\/em> ;<\/p>\n\n\n\n<p class=\"has-text-align-center has-larger-font-size\"><strong>P<\/strong><\/p>\n\n\n\n<p><em><a href=\"https:\/\/sinedjib.com\/index.php\/la-pensee-socialiste\/\">La Pens\u00e9e socialiste<\/a> ; <a href=\"https:\/\/sinedjib.com\/index.php\/perspectives-socialistes\/\">Perspectives socialistes<\/a> ; <a href=\"http:\/\/sinedjib.com\/index.php\/ressources\/pouvoir-ouvrier\/\">Pouvoir ouvrier<\/a> ; <em><a href=\"https:\/\/sinedjib.com\/index.php\/programme-communiste\/\">Programme communiste<\/a><\/em> ; <a href=\"http:\/\/sinedjib.com\/index.php\/ressources\/le-proletaire\/\">Le Prol\u00e9taire<\/a> ;<\/em><\/p>\n\n\n\n<p class=\"has-text-align-center has-larger-font-size\"><strong>Q<\/strong><\/p>\n\n\n\n<p><em><a href=\"https:\/\/sinedjib.com\/index.php\/quatrieme-internationale\/\">Quatri\u00e8me Internationale<\/a> ; <a href=\"https:\/\/sinedjib.com\/index.php\/la-quatrieme-internationale\/\">La Quatri\u00e8me Internationale<\/a><\/em> ;<\/p>\n\n\n\n<p class=\"has-text-align-center has-larger-font-size\"><strong>R<\/strong><\/p>\n\n\n\n<p><em><a href=\"https:\/\/sinedjib.com\/index.php\/realites-algeriennes\/\">R\u00e9alit\u00e9s alg\u00e9riennes<\/a> ; <a href=\"http:\/\/sinedjib.com\/index.php\/ressources\/le-reveil\/\">Le R\u00e9veil<\/a> ; <a href=\"http:\/\/sinedjib.com\/index.php\/ressources\/revolution-proletarienne\/\">La R\u00e9volution prol\u00e9tarienne<\/a><\/em> ;<\/p>\n\n\n\n<p class=\"has-text-align-center has-larger-font-size\"><strong>S<\/strong><\/p>\n\n\n\n<p><em><a href=\"https:\/\/sinedjib.com\/index.php\/sans-frontiere\/\">Sans Fronti\u00e8re<\/a> ; <a href=\"http:\/\/sinedjib.com\/index.php\/ressources\/socialisme-ou-barbarie\/\">Socialisme ou Barbarie<\/a> ; <a href=\"http:\/\/sinedjib.com\/index.php\/ressources\/spartacus\/\">Spartacus<\/a><\/em> ;<\/p>\n\n\n\n<p class=\"has-text-align-center has-larger-font-size\"><strong>T<\/strong><\/p>\n\n\n\n<p><em><a href=\"http:\/\/sinedjib.com\/index.php\/ressources\/et-thaoura\/\">Et-thaoura<\/a> ; <a href=\"https:\/\/sinedjib.com\/index.php\/tout\/\">Tout !<\/a> ; <a href=\"http:\/\/sinedjib.com\/index.php\/ressources\/travailleurs\/\">Travailleurs immigr\u00e9s en lutte<\/a> ; <em><a href=\"http:\/\/sinedjib.com\/index.php\/ressources\/tribune-algerienne\/\">Tribune alg\u00e9rienne<\/a><\/em> ; <a href=\"https:\/\/sinedjib.com\/index.php\/tribune-ouvriere\/\">Tribune ouvri\u00e8re<\/a> ;<\/em><\/p>\n\n\n\n<p class=\"has-text-align-center has-larger-font-size\"><strong>V<\/strong><\/p>\n\n\n\n<p><em><a href=\"https:\/\/sinedjib.com\/index.php\/ressources\/la-verite\/\">La V\u00e9rit\u00e9<\/a> ; <a href=\"https:\/\/sinedjib.com\/index.php\/la-verite-des-travailleurs\/\">La V\u00e9rit\u00e9 des travailleurs<\/a> ; <a href=\"https:\/\/sinedjib.com\/index.php\/voix-ouvriere\/\">Voix ouvri\u00e8re<\/a> ; <a href=\"http:\/\/sinedjib.com\/index.php\/ressources\/voix-peuple\/\">La Voix du peuple<\/a> ; <a href=\"http:\/\/sinedjib.com\/index.php\/ressources\/voix-travailleur\/\">La Voix du travailleur alg\u00e9rien<\/a><\/em><\/p>\n","protected":false},"excerpt":{"rendered":"<p>Cette page pr\u00e9sente un index des publications (bulletins, journaux, revues, etc.) dont cinq textes \u2013 ou plus \u2013 ont \u00e9t\u00e9 retranscrits sur ce site depuis 2012. La liste sera progressivement compl\u00e9t\u00e9e avec l\u2019ensemble des autres r\u00e9f\u00e9rences. A Alarme ; Alger R\u00e9publicain ; Alternative libertaire ; Arguments ; B Le Bolch\u00e9vik ; Bulletin d&rsquo;informations du PPA [&hellip;]<\/p>\n","protected":false},"author":1,"featured_media":0,"parent":0,"menu_order":0,"comment_status":"closed","ping_status":"closed","template":"","meta":{"jetpack_post_was_ever_published":false,"footnotes":""},"class_list":["post-22345","page","type-page","status-publish","hentry"],"jetpack_sharing_enabled":true,"jetpack_shortlink":"https:\/\/wp.me\/P9lTYU-5Op","jetpack_likes_enabled":true,"jetpack-related-posts":[{"id":10697,"url":"https:\/\/sinedjib.com\/index.php\/abonnement\/","url_meta":{"origin":22345,"position":0},"title":"Abonnement","author":"SiNedjib","date":"18\/11\/2020","format":false,"excerpt":"Si vous souhaitez \u00eatre tenus inform\u00e9s de mon actualit\u00e9 et des publications du site, je vous invite \u00e0 saisir votre adresse \u00e9lectronique ci-dessous.","rel":"","context":"Article similaire","block_context":{"text":"Article similaire","link":""},"img":{"alt_text":"","src":"https:\/\/i0.wp.com\/sinedjib.com\/wp-content\/uploads\/2020\/11\/icone-courriel.png?resize=350%2C200&ssl=1","width":350,"height":200},"classes":[]},{"id":171,"url":"https:\/\/sinedjib.com\/index.php\/liens-2\/","url_meta":{"origin":22345,"position":1},"title":"Liens","author":"Nedjib Sidi Moussa","date":"29\/03\/2013","format":false,"excerpt":"Parmi les m\u00e9dias et sites qui \u00e9voquent des engagements ou publications : Kim Willsher, \"New film adaptation of Camus\u2019s L\u2019\u00c9tranger opens old colonial wounds\", The Guardian, 28 November 2025. Link La suite est \u00e0 consulter sur cette page. Parmi les publications ou ouvrages qui citent et font \u00e9cho \u00e0 mes\u2026","rel":"","context":"Article similaire","block_context":{"text":"Article similaire","link":""},"img":{"alt_text":"","src":"https:\/\/i0.wp.com\/sinedjib.com\/wp-content\/uploads\/2025\/11\/guardian.png?resize=350%2C200&ssl=1","width":350,"height":200},"classes":[]},{"id":7,"url":"https:\/\/sinedjib.com\/index.php\/apropos\/","url_meta":{"origin":22345,"position":2},"title":"Pr\u00e9sentation","author":"Nedjib Sidi Moussa","date":"28\/10\/2012","format":false,"excerpt":"Je m'appelle Nedjib SIDI MOUSSA et je suis n\u00e9 en 1982 \u00e0 Valenciennes. Docteur en science politique (Universit\u00e9 Paris 1 Panth\u00e9on-Sorbonne), je me consacre \u00e0 l'\u00e9criture et \u00e0 l'enseignement en r\u00e9gion parisienne. Pour de plus amples informations, je vous invite \u00e0 consulter mon CV scientifique. On trouvera sur ce site\u2026","rel":"","context":"Article similaire","block_context":{"text":"Article similaire","link":""},"img":{"alt_text":"","src":"https:\/\/i0.wp.com\/sinedjib.com\/wp-content\/uploads\/2026\/01\/2026-01-17-Alger.jpeg?resize=350%2C200&ssl=1","width":350,"height":200,"srcset":"https:\/\/i0.wp.com\/sinedjib.com\/wp-content\/uploads\/2026\/01\/2026-01-17-Alger.jpeg?resize=350%2C200&ssl=1 1x, https:\/\/i0.wp.com\/sinedjib.com\/wp-content\/uploads\/2026\/01\/2026-01-17-Alger.jpeg?resize=525%2C300&ssl=1 1.5x, https:\/\/i0.wp.com\/sinedjib.com\/wp-content\/uploads\/2026\/01\/2026-01-17-Alger.jpeg?resize=700%2C400&ssl=1 2x"},"classes":[]},{"id":9591,"url":"https:\/\/sinedjib.com\/index.php\/publications-scientifiques\/","url_meta":{"origin":22345,"position":3},"title":"Publications scientifiques","author":"SiNedjib","date":"17\/08\/2020","format":false,"excerpt":"Articles dans des revues \u00e0 comit\u00e9 de lecture \"Avec et contre Gabel : antis\u00e9mitisme, racisme et tiers-mondisme au prisme de la fausse conscience\", Bulletin de psychologie, n\u00b0 598 (juillet-septembre 2025), p. 31-45. \"Une apostasie impensable ? Les ressorts d\u2019une marginalisation dans l\u2019espace franco-alg\u00e9rien\", Contemporary French Civilization, (2022), 47, (2), 143\u2013160.\u2026","rel":"","context":"Article similaire","block_context":{"text":"Article similaire","link":""},"img":{"alt_text":"","src":"https:\/\/i0.wp.com\/sinedjib.com\/wp-content\/uploads\/2025\/07\/Couv-588-pdf.jpg?resize=350%2C200&ssl=1","width":350,"height":200,"srcset":"https:\/\/i0.wp.com\/sinedjib.com\/wp-content\/uploads\/2025\/07\/Couv-588-pdf.jpg?resize=350%2C200&ssl=1 1x, https:\/\/i0.wp.com\/sinedjib.com\/wp-content\/uploads\/2025\/07\/Couv-588-pdf.jpg?resize=525%2C300&ssl=1 1.5x, https:\/\/i0.wp.com\/sinedjib.com\/wp-content\/uploads\/2025\/07\/Couv-588-pdf.jpg?resize=700%2C400&ssl=1 2x"},"classes":[]},{"id":9586,"url":"https:\/\/sinedjib.com\/index.php\/mes-textes\/","url_meta":{"origin":22345,"position":4},"title":"Mes textes","author":"SiNedjib","date":"17\/08\/2020","format":false,"excerpt":"Voici un aper\u00e7u de mes textes les plus r\u00e9cents : \u00ab\u00a0Quelques r\u00e9flexions sur la S\u00e9paration des \u00c9glises et de l\u2019\u00c9tat\u00a0\u00bb et \u00ab\u00a0Hommage \u00e0 Mohammed Harbi\u00a0\u00bb, n\u00b0 832, La R\u00e9volution prol\u00e9tarienne, mars 2026 \"Socialisme, immigration et racisme\", Courant alternatif, n\u00b0 358, mars 2026. En ligne \u00ab Hypocrisie fran\u00e7aise \u00bb, Cercle des\u2026","rel":"","context":"Article similaire","block_context":{"text":"Article similaire","link":""},"img":{"alt_text":"","src":"https:\/\/i0.wp.com\/sinedjib.com\/wp-content\/uploads\/2026\/03\/Une-de-RP-832-1024x1448-1.jpg?resize=350%2C200&ssl=1","width":350,"height":200,"srcset":"https:\/\/i0.wp.com\/sinedjib.com\/wp-content\/uploads\/2026\/03\/Une-de-RP-832-1024x1448-1.jpg?resize=350%2C200&ssl=1 1x, https:\/\/i0.wp.com\/sinedjib.com\/wp-content\/uploads\/2026\/03\/Une-de-RP-832-1024x1448-1.jpg?resize=525%2C300&ssl=1 1.5x, https:\/\/i0.wp.com\/sinedjib.com\/wp-content\/uploads\/2026\/03\/Une-de-RP-832-1024x1448-1.jpg?resize=700%2C400&ssl=1 2x"},"classes":[]},{"id":5483,"url":"https:\/\/sinedjib.com\/index.php\/ressources\/","url_meta":{"origin":22345,"position":5},"title":"Ressources","author":"SiNedjib","date":"30\/04\/2019","format":false,"excerpt":"Les textes retranscrits sur ce site proviennent principalement de 60 publications, mais aussi de 175 autres r\u00e9f\u00e9rences, sans oublier les extraits de 49 ouvrages. On peut y acc\u00e9der aupr\u00e8s de ces institutions ou sites : ANOM, Archives Autonomies, Archives R\u00e9volutionnaires, Archives socialistes, Biblioth\u00e8que du marxisme (libertaire), CERMTRI, Centre de ressources\u2026","rel":"","context":"Article similaire","block_context":{"text":"Article similaire","link":""},"img":{"alt_text":"","src":"https:\/\/i0.wp.com\/sinedjib.com\/wp-content\/uploads\/2024\/05\/972-logo_1000x667-1000x668-1.webp?resize=350%2C200&ssl=1","width":350,"height":200,"srcset":"https:\/\/i0.wp.com\/sinedjib.com\/wp-content\/uploads\/2024\/05\/972-logo_1000x667-1000x668-1.webp?resize=350%2C200&ssl=1 1x, https:\/\/i0.wp.com\/sinedjib.com\/wp-content\/uploads\/2024\/05\/972-logo_1000x667-1000x668-1.webp?resize=525%2C300&ssl=1 1.5x, https:\/\/i0.wp.com\/sinedjib.com\/wp-content\/uploads\/2024\/05\/972-logo_1000x667-1000x668-1.webp?resize=700%2C400&ssl=1 2x"},"classes":[]}],"_links":{"self":[{"href":"https:\/\/sinedjib.com\/index.php\/wp-json\/wp\/v2\/pages\/22345","targetHints":{"allow":["GET"]}}],"collection":[{"href":"https:\/\/sinedjib.com\/index.php\/wp-json\/wp\/v2\/pages"}],"about":[{"href":"https:\/\/sinedjib.com\/index.php\/wp-json\/wp\/v2\/types\/page"}],"author":[{"embeddable":true,"href":"https:\/\/sinedjib.com\/index.php\/wp-json\/wp\/v2\/users\/1"}],"replies":[{"embeddable":true,"href":"https:\/\/sinedjib.com\/index.php\/wp-json\/wp\/v2\/comments?post=22345"}],"version-history":[{"count":6,"href":"https:\/\/sinedjib.com\/index.php\/wp-json\/wp\/v2\/pages\/22345\/revisions"}],"predecessor-version":[{"id":26206,"href":"https:\/\/sinedjib.com\/index.php\/wp-json\/wp\/v2\/pages\/22345\/revisions\/26206"}],"wp:attachment":[{"href":"https:\/\/sinedjib.com\/index.php\/wp-json\/wp\/v2\/media?parent=22345"}],"curies":[{"name":"wp","href":"https:\/\/api.w.org\/{rel}","templated":true}]}}