{"id":26204,"date":"2025-05-24T16:05:21","date_gmt":"2025-05-24T14:05:21","guid":{"rendered":"https:\/\/sinedjib.com\/?page_id=26204"},"modified":"2025-05-24T16:05:21","modified_gmt":"2025-05-24T14:05:21","slug":"liberte","status":"publish","type":"page","link":"https:\/\/sinedjib.com\/index.php\/liberte\/","title":{"rendered":"Libert\u00e9"},"content":{"rendered":"\n<div class=\"wp-block-media-text is-stacked-on-mobile\"><figure class=\"wp-block-media-text__media\"><img data-recalc-dims=\"1\" loading=\"lazy\" decoding=\"async\" width=\"580\" height=\"210\" data-attachment-id=\"24155\" data-permalink=\"https:\/\/sinedjib.com\/index.php\/2024\/09\/10\/boualem-khalfa-que-devient-le-probleme-de-lunion-apres-la-scission-du-m-t-l-d\/liberte-2\/\" data-orig-file=\"https:\/\/i0.wp.com\/sinedjib.com\/wp-content\/uploads\/2024\/09\/Liberte.png?fit=1235%2C447&amp;ssl=1\" data-orig-size=\"1235,447\" data-comments-opened=\"1\" data-image-meta=\"{&quot;aperture&quot;:&quot;0&quot;,&quot;credit&quot;:&quot;&quot;,&quot;camera&quot;:&quot;&quot;,&quot;caption&quot;:&quot;&quot;,&quot;created_timestamp&quot;:&quot;0&quot;,&quot;copyright&quot;:&quot;&quot;,&quot;focal_length&quot;:&quot;0&quot;,&quot;iso&quot;:&quot;0&quot;,&quot;shutter_speed&quot;:&quot;0&quot;,&quot;title&quot;:&quot;&quot;,&quot;orientation&quot;:&quot;0&quot;}\" data-image-title=\"Liberte\" data-image-description=\"\" data-image-caption=\"\" data-large-file=\"https:\/\/i0.wp.com\/sinedjib.com\/wp-content\/uploads\/2024\/09\/Liberte.png?fit=580%2C210&amp;ssl=1\" src=\"https:\/\/i0.wp.com\/sinedjib.com\/wp-content\/uploads\/2024\/09\/Liberte.png?resize=580%2C210&#038;ssl=1\" alt=\"\" class=\"wp-image-24155 size-full\" srcset=\"https:\/\/i0.wp.com\/sinedjib.com\/wp-content\/uploads\/2024\/09\/Liberte.png?resize=1024%2C371&amp;ssl=1 1024w, https:\/\/i0.wp.com\/sinedjib.com\/wp-content\/uploads\/2024\/09\/Liberte.png?resize=300%2C109&amp;ssl=1 300w, https:\/\/i0.wp.com\/sinedjib.com\/wp-content\/uploads\/2024\/09\/Liberte.png?resize=768%2C278&amp;ssl=1 768w, https:\/\/i0.wp.com\/sinedjib.com\/wp-content\/uploads\/2024\/09\/Liberte.png?resize=1200%2C434&amp;ssl=1 1200w, https:\/\/i0.wp.com\/sinedjib.com\/wp-content\/uploads\/2024\/09\/Liberte.png?w=1235&amp;ssl=1 1235w\" sizes=\"auto, (max-width: 580px) 100vw, 580px\" \/><\/figure><div class=\"wp-block-media-text__content\">\n<p class=\"has-normal-font-size\"><strong>Cette page recense les 9 articles de <em>Libert\u00e9<\/em> publi\u00e9s sur ce site depuis le 10 septembre 2024. L&rsquo;hebdomadaire \u00e9dit\u00e9 par le Parti communiste alg\u00e9rien a paru de 1943 \u00e0 1957.<\/strong><\/p>\n<\/div><\/div>\n\n\n\n<p>\u00ab\u00a0Le racisme, arme des exploiteurs\u00a0\u00bb, paru dans <em>Libert\u00e9<\/em>, 15 avril 1948 et 22 avril 1948. <a href=\"https:\/\/sinedjib.com\/index.php\/2025\/05\/24\/racisme-30\/\">Lien<\/a><\/p>\n\n\n\n<p>Boualem Khalfa, \u00ab\u00a0Que devient le probl\u00e8me de l\u2019union apr\u00e8s la scission du M.T.L.D. ?\u00a0\u00bb, paru dans\u00a0<em>Libert\u00e9<\/em>, 9 septembre 1954. <a href=\"https:\/\/sinedjib.com\/index.php\/2024\/09\/10\/boualem-khalfa-que-devient-le-probleme-de-lunion-apres-la-scission-du-m-t-l-d\/\">Lien<\/a><\/p>\n\n\n\n<p>\u00ab\u00a0Comit\u00e9 d\u2019Alger d\u2019aide aux sinistr\u00e9s\u00a0\u00bb, paru dans\u00a0<em>Libert\u00e9<\/em>, 16 septembre 1954. <a href=\"https:\/\/sinedjib.com\/index.php\/2024\/09\/16\/comite\/\">Lien<\/a><\/p>\n\n\n\n<p>Bachir Hadj Ali, \u00ab\u00a0La scission du M.T.L.D. et la question du Congr\u00e8s National Alg\u00e9rien\u00a0\u00bb, paru dans\u00a0<em>Libert\u00e9<\/em>, 23 septembre 1954. <a href=\"https:\/\/sinedjib.com\/index.php\/2024\/09\/24\/hadj-ali-2\/\">Lien<\/a><\/p>\n\n\n\n<p>\u00ab\u00a0Les Blid\u00e9ens veulent l\u2019union\u00a0\u00bb, paru dans\u00a0<em>Libert\u00e9<\/em>, 23 septembre 1954. <a href=\"https:\/\/sinedjib.com\/index.php\/2024\/09\/24\/hadj-ali-2\/\">Lien<\/a><\/p>\n\n\n\n<p>Bachir Hadj Ali, \u00ab\u00a0A propos de la scission du M.T.L.D.\u00a0\u00bb, paru dans\u00a0<em>Libert\u00e9<\/em>, 7 octobre 1954. <a href=\"https:\/\/sinedjib.com\/index.php\/2024\/10\/07\/hadj-ali-3\/\">Lien<\/a><\/p>\n\n\n\n<p>Ahmed Akkache, \u00ab\u00a0Apr\u00e8s la scission du M.T.L.D. L\u2019Union, notre souci majeur\u00a0\u00bb, paru dans\u00a0<em>Libert\u00e9<\/em>, 14 octobre 1954. <a href=\"https:\/\/sinedjib.com\/index.php\/2024\/10\/14\/akkache\/\">Lien<\/a><\/p>\n\n\n\n<p>Boualem Khalfa, \u00ab\u00a0Le n\u00e9o-colonialisme et les positions de conciliation de certains \u00e9lus du MTLD\u00a0\u00bb, paru dans\u00a0<em>Libert\u00e9<\/em>, 28 octobre 1954. <a href=\"https:\/\/sinedjib.com\/index.php\/2024\/10\/28\/khalfa\/\">Lien<\/a><\/p>\n\n\n\n<p>\u00ab\u00a0Rien ne nous fera d\u00e9vier de notre but : r\u00e9aliser l\u2019union du peuple alg\u00e9rien\u00a0\u00bb, paru dans\u00a0<em>Libert\u00e9<\/em>, 28 octobre 1954. <a href=\"https:\/\/sinedjib.com\/index.php\/2024\/10\/28\/khalfa\/\">Lien<\/a><\/p>\n","protected":false},"excerpt":{"rendered":"<p>Cette page recense les 9 articles de Libert\u00e9 publi\u00e9s sur ce site depuis le 10 septembre 2024. L&rsquo;hebdomadaire \u00e9dit\u00e9 par le Parti communiste alg\u00e9rien a paru de 1943 \u00e0 1957. \u00ab\u00a0Le racisme, arme des exploiteurs\u00a0\u00bb, paru dans Libert\u00e9, 15 avril 1948 et 22 avril 1948. Lien Boualem Khalfa, \u00ab\u00a0Que devient le probl\u00e8me de l\u2019union apr\u00e8s [&hellip;]<\/p>\n","protected":false},"author":1,"featured_media":0,"parent":0,"menu_order":0,"comment_status":"closed","ping_status":"closed","template":"","meta":{"jetpack_post_was_ever_published":false,"footnotes":""},"class_list":["post-26204","page","type-page","status-publish","hentry"],"jetpack_sharing_enabled":true,"jetpack_shortlink":"https:\/\/wp.me\/P9lTYU-6OE","jetpack_likes_enabled":true,"jetpack-related-posts":[{"id":13795,"url":"https:\/\/sinedjib.com\/index.php\/franc-tireur\/","url_meta":{"origin":26204,"position":0},"title":"Franc-Tireur","author":"SiNedjib","date":"02\/09\/2021","format":false,"excerpt":"Cette page recense les 19 articles de Franc-Tireur publi\u00e9s sur ce site depuis le 7 ao\u00fbt 2021. Le journal, initialement organe des Mouvements unis de r\u00e9sistance, a paru de 1941 \u00e0 1957. Il est consultable sur le site Gallica pour la p\u00e9riode 1944-1953. Marcel P\u00e9ju, \"Noces, d\u2019Albert Camus\", paru\u00a0dans\u00a0Franc-Tireur, 31\u2026","rel":"","context":"Article similaire","block_context":{"text":"Article similaire","link":""},"img":{"alt_text":"","src":"https:\/\/i0.wp.com\/sinedjib.com\/wp-content\/uploads\/2021\/08\/Franc-Tireur-31-aout-1945.png?resize=350%2C200&ssl=1","width":350,"height":200},"classes":[]},{"id":13631,"url":"https:\/\/sinedjib.com\/index.php\/combat\/","url_meta":{"origin":26204,"position":1},"title":"Combat","author":"SiNedjib","date":"17\/08\/2021","format":false,"excerpt":"Cette page recense les 28 articles de Combat publi\u00e9s sur ce site depuis le 8 mai 2015. Le journal, initialement organe du Mouvement de Lib\u00e9ration fran\u00e7aise, a paru de 1941 \u00e0 1974. Il est consultable sur le site RetroNews pour la p\u00e9riode 1941-1950. Maurice Nadeau, \"Spartacus par Arthur Koestler\", paru\u2026","rel":"","context":"Article similaire","block_context":{"text":"Article similaire","link":""},"img":{"alt_text":"","src":"https:\/\/i0.wp.com\/sinedjib.com\/wp-content\/uploads\/2021\/07\/Combat-11-mai-1946.png?resize=350%2C200&ssl=1","width":350,"height":200},"classes":[]},{"id":22308,"url":"https:\/\/sinedjib.com\/index.php\/la-gauche\/","url_meta":{"origin":26204,"position":2},"title":"La Gauche","author":"SiNedjib","date":"17\/03\/2024","format":false,"excerpt":"Cette page recense les 8 articles du journal La Gauche publi\u00e9s sur ce site depuis le 22 f\u00e9vrier 2023. L'organe du Rassemblement d\u00e9mocratique r\u00e9volutionnaire (RDR) a paru de 1948 \u00e0 1949. Ses exemplaires sont consultables sur Retronews. David Rousset, \"Pour pratiquer la d\u00e9mocratie r\u00e9volutionnaire, il faut d\u2019abord d\u00e9noncer les mensonges\u2026","rel":"","context":"Article similaire","block_context":{"text":"Article similaire","link":""},"img":{"alt_text":"","src":"https:\/\/i0.wp.com\/sinedjib.com\/wp-content\/uploads\/2024\/03\/La-Gauche-16-juin-1948.png?resize=350%2C200&ssl=1","width":350,"height":200},"classes":[]},{"id":21617,"url":"https:\/\/sinedjib.com\/index.php\/index-auteurs\/","url_meta":{"origin":26204,"position":3},"title":"Index des auteurs","author":"SiNedjib","date":"16\/03\/2024","format":false,"excerpt":"Cette page pr\u00e9sente un index des 34 auteurs dont 5 textes - ou plus - ont \u00e9t\u00e9 retranscrits sur ce site depuis 2013. La liste sera progressivement compl\u00e9t\u00e9e avec l'ensemble des contributeurs. AIT AHMED Hocine ; AMAZIT Idir ; BOUNANE Akli ; BOUSSEL Pierre (LAMBERT Pierre) ; BRETON Andr\u00e9 ;\u2026","rel":"","context":"Article similaire","block_context":{"text":"Article similaire","link":""},"img":{"alt_text":"","src":"","width":0,"height":0},"classes":[]},{"id":5917,"url":"https:\/\/sinedjib.com\/index.php\/ressources\/le-libertaire\/","url_meta":{"origin":26204,"position":4},"title":"Le Libertaire","author":"SiNedjib","date":"14\/06\/2019","format":false,"excerpt":"Cette page recense les 80 articles du Libertaire publi\u00e9s sur ce site depuis le 4 mai 2016. Le journal a \u00e9t\u00e9 lanc\u00e9 par Louise Michel et S\u00e9bastien Faure en 1895. Les num\u00e9ros sont consultables sur les sites RetroNews et Archives Autonomies. Antoine Antignac, \"La calomnie\", paru dans\u00a0Le Libertaire, 4e s\u00e9rie,\u2026","rel":"","context":"Article similaire","block_context":{"text":"Article similaire","link":""},"img":{"alt_text":"","src":"https:\/\/i0.wp.com\/sinedjib.com\/wp-content\/uploads\/2021\/05\/Le-Libertaire-12-janvier-1951.png?resize=350%2C200&ssl=1","width":350,"height":200},"classes":[]},{"id":6698,"url":"https:\/\/sinedjib.com\/index.php\/ressources\/el-oumami\/","url_meta":{"origin":26204,"position":5},"title":"El-Oumami","author":"SiNedjib","date":"02\/01\/2020","format":false,"excerpt":"Cette page recense les 19 articles d\u2019El-Oumami\u00a0publi\u00e9s sur ce site depuis le 14 mars 2017. L'organe du Parti communiste international puis des communistes-l\u00e9ninistes alg\u00e9riens a paru de 1978 \u00e0 1983. La premi\u00e8re s\u00e9rie (jusqu'en 1982) est consultable sur le site du Parti communiste international. \"L'Etat bourgeois n'est pas \u00e0 d\u00e9mocratiser\u2026","rel":"","context":"Article similaire","block_context":{"text":"Article similaire","link":""},"img":{"alt_text":"","src":"https:\/\/i0.wp.com\/sinedjib.com\/wp-content\/uploads\/2020\/03\/el-oumami-octobre-1978-1.png?resize=350%2C200&ssl=1","width":350,"height":200},"classes":[]}],"_links":{"self":[{"href":"https:\/\/sinedjib.com\/index.php\/wp-json\/wp\/v2\/pages\/26204","targetHints":{"allow":["GET"]}}],"collection":[{"href":"https:\/\/sinedjib.com\/index.php\/wp-json\/wp\/v2\/pages"}],"about":[{"href":"https:\/\/sinedjib.com\/index.php\/wp-json\/wp\/v2\/types\/page"}],"author":[{"embeddable":true,"href":"https:\/\/sinedjib.com\/index.php\/wp-json\/wp\/v2\/users\/1"}],"replies":[{"embeddable":true,"href":"https:\/\/sinedjib.com\/index.php\/wp-json\/wp\/v2\/comments?post=26204"}],"version-history":[{"count":1,"href":"https:\/\/sinedjib.com\/index.php\/wp-json\/wp\/v2\/pages\/26204\/revisions"}],"predecessor-version":[{"id":26205,"href":"https:\/\/sinedjib.com\/index.php\/wp-json\/wp\/v2\/pages\/26204\/revisions\/26205"}],"wp:attachment":[{"href":"https:\/\/sinedjib.com\/index.php\/wp-json\/wp\/v2\/media?parent=26204"}],"curies":[{"name":"wp","href":"https:\/\/api.w.org\/{rel}","templated":true}]}}