{"id":4399,"date":"2018-10-07T17:05:53","date_gmt":"2018-10-07T15:05:53","guid":{"rendered":"http:\/\/sinedjib.com\/?page_id=4399"},"modified":"2020-05-03T01:32:01","modified_gmt":"2020-05-02T23:32:01","slug":"muslime","status":"publish","type":"page","link":"https:\/\/sinedjib.com\/index.php\/la-fabrique-du-musulman-echos\/muslime\/","title":{"rendered":"Wie Muslime erzeugt werden"},"content":{"rendered":"\n<div class=\"wp-block-media-text alignwide is-stacked-on-mobile is-image-fill\"><figure class=\"wp-block-media-text__media\" style=\"background-image:url(https:\/\/i1.wp.com\/sinedjib.com\/wp-content\/uploads\/2020\/05\/617DfjM81FL1.jpg?fit=580%2C950&amp;ssl=1);background-position:50% 50%\"><img loading=\"lazy\" decoding=\"async\" width=\"1052\" height=\"1724\" data-attachment-id=\"8101\" data-permalink=\"https:\/\/sinedjib.com\/index.php\/la-fabrique-du-musulman-echos\/muslime\/617dfjm81fl1\/\" data-orig-file=\"https:\/\/i0.wp.com\/sinedjib.com\/wp-content\/uploads\/2020\/05\/617DfjM81FL1.jpg?fit=1052%2C1724&amp;ssl=1\" data-orig-size=\"1052,1724\" data-comments-opened=\"1\" data-image-meta=\"{&quot;aperture&quot;:&quot;0&quot;,&quot;credit&quot;:&quot;&quot;,&quot;camera&quot;:&quot;&quot;,&quot;caption&quot;:&quot;&quot;,&quot;created_timestamp&quot;:&quot;0&quot;,&quot;copyright&quot;:&quot;&quot;,&quot;focal_length&quot;:&quot;0&quot;,&quot;iso&quot;:&quot;0&quot;,&quot;shutter_speed&quot;:&quot;0&quot;,&quot;title&quot;:&quot;&quot;,&quot;orientation&quot;:&quot;0&quot;}\" data-image-title=\"617DfjM81FL1\" data-image-description=\"\" data-image-caption=\"\" data-medium-file=\"https:\/\/i0.wp.com\/sinedjib.com\/wp-content\/uploads\/2020\/05\/617DfjM81FL1.jpg?fit=183%2C300&amp;ssl=1\" data-large-file=\"https:\/\/i0.wp.com\/sinedjib.com\/wp-content\/uploads\/2020\/05\/617DfjM81FL1.jpg?fit=580%2C950&amp;ssl=1\" src=\"https:\/\/i1.wp.com\/sinedjib.com\/wp-content\/uploads\/2020\/05\/617DfjM81FL1.jpg?fit=580%2C950&amp;ssl=1\" alt=\"\" class=\"wp-image-8101\" srcset=\"https:\/\/i0.wp.com\/sinedjib.com\/wp-content\/uploads\/2020\/05\/617DfjM81FL1.jpg?w=1052&amp;ssl=1 1052w, https:\/\/i0.wp.com\/sinedjib.com\/wp-content\/uploads\/2020\/05\/617DfjM81FL1.jpg?resize=183%2C300&amp;ssl=1 183w, https:\/\/i0.wp.com\/sinedjib.com\/wp-content\/uploads\/2020\/05\/617DfjM81FL1.jpg?resize=625%2C1024&amp;ssl=1 625w, https:\/\/i0.wp.com\/sinedjib.com\/wp-content\/uploads\/2020\/05\/617DfjM81FL1.jpg?resize=768%2C1259&amp;ssl=1 768w, https:\/\/i0.wp.com\/sinedjib.com\/wp-content\/uploads\/2020\/05\/617DfjM81FL1.jpg?resize=937%2C1536&amp;ssl=1 937w\" sizes=\"auto, (max-width: 580px) 100vw, 580px\" \/><\/figure><div class=\"wp-block-media-text__content\">\n<p class=\"has-drop-cap has-large-font-size\"><strong>Mon premier livre intitul\u00e9 <em>La Fabrique du Musulman. Essai sur la confessionnalisation et la racialisation de la question sociale<\/em>, paru en 2017 chez Libertalia, a \u00e9t\u00e9 traduit en allemand par Lou Marin pour <a rel=\"noreferrer noopener\" href=\"http:\/\/www.alibri-buecher.de\/Buecher\/Islamkritik\/Nedjib-Sidi-Moussa-Wie-Muslime-erzeugt-werden::651.html\" target=\"_blank\">Alibri Verlag<\/a> sous le titre <em>Wie Muslime erzeugt werden: Essay \u00fcber die Konfessionalisierung und \u201eRassialisierung\u201c der sozialen Frage.<\/em><\/strong><\/p>\n<\/div><\/div>\n\n\n\n<p class=\"has-text-align-center has-larger-font-size\"><strong>Voici la pr\u00e9sentation de l&rsquo;\u00e9diteur :<\/strong><\/p>\n\n\n\n<blockquote class=\"wp-block-quote is-layout-flow wp-block-quote-is-layout-flow\"><p>Nedjib Sidi Moussa zieht eine Bilanz der ablaufenden sozialen Prozesse in Frankreich in den letzten f\u00fcnfzehn Jahren. Er warnt vor der Verbreitung, und zwar in allen politischen Str\u00f6mungen, eines identit\u00e4ren Wahns, durch den die \u00f6konomischen und sozialen Br\u00fcche vernebelt werden. Hinterfragt werden Tendenzen innerhalb des linken Lagers, die sich aus Opportunismus oder Blindheit mit reaktion\u00e4ren Str\u00f6mungen verb\u00fcnden, die angeblich die Stadtviertel \u00e4rmerer Schichten repr\u00e4sentieren. Der Essay beleuchtet die vereinten Aktivit\u00e4ten von RassistInnen, AntirassistInnen und identit\u00e4ren Kapitalisten, die zur Formierung einer neuen Kaste beitragen, welche von religi\u00f6sen oder rassischen Obsessionen gepr\u00e4gt wird \u2013 und das vor dem Hintergrund einer gesellschaftlichen \u00d6ffentlichkeit, die durch die fortgesetzt antisoziale Politik der Regierungen geschw\u00e4cht und durch den islamistischen Terrorismus ver\u00e4ngstigt ist.<\/p><\/blockquote>\n\n\n\n<p>\u00ab Algiers &#8211; Paris und zur\u00fcck \u00bb, discussion organis\u00e9e avec le soutien de <em>Jungle World<\/em>, le mardi 30 juillet \u00e0 20h \u00e0 Berlin. <a href=\"http:\/\/sinedjib.com\/index.php\/2019\/07\/27\/algiers\/\">Lien<\/a><\/p>\n\n\n\n<p>Pr\u00e9sentation du livre par le traducteur Lou Marin, le 4 novembre 2018 \u00e0 12h, lors de la <span class=\"st\">Linke Literaturmesse \u00e0 N\u00fcrnberg. <a href=\"http:\/\/www.linke-literaturmesse.de\/\" target=\"_blank\" rel=\"noopener noreferrer\">Lien<\/a><\/span><\/p>\n","protected":false},"excerpt":{"rendered":"<p>Mon premier livre intitul\u00e9 La Fabrique du Musulman. Essai sur la confessionnalisation et la racialisation de la question sociale, paru en 2017 chez Libertalia, a \u00e9t\u00e9 traduit en allemand par Lou Marin pour Alibri Verlag sous le titre Wie Muslime erzeugt werden: Essay \u00fcber die Konfessionalisierung und \u201eRassialisierung\u201c der sozialen Frage. Voici la pr\u00e9sentation de [&hellip;]<\/p>\n","protected":false},"author":1,"featured_media":0,"parent":2815,"menu_order":0,"comment_status":"closed","ping_status":"closed","template":"","meta":{"jetpack_post_was_ever_published":false,"footnotes":""},"class_list":["post-4399","page","type-page","status-publish","hentry"],"jetpack_sharing_enabled":true,"jetpack_shortlink":"https:\/\/wp.me\/P9lTYU-18X","jetpack_likes_enabled":true,"jetpack-related-posts":[{"id":8266,"url":"https:\/\/sinedjib.com\/index.php\/medias\/","url_meta":{"origin":4399,"position":0},"title":"M\u00e9dias","author":"SiNedjib","date":"06\/05\/2020","format":false,"excerpt":"Cette page recense les articles ou r\u00e9alisations faisant \u00e9cho \u00e0 mes publications et interventions ainsi que mes entretiens accord\u00e9s aux m\u00e9dias, \u00e0 l'exception de ceux concernant mes livres. Rokeya Ayman Saad, \"Boualem Sansal : l\u2019\u00e9crivain de toutes les controverses\", Al-Ahram Hebdo, 1er avril 2026. En ligne Loris Gu\u00e9mart et Pauline\u2026","rel":"","context":"Article similaire","block_context":{"text":"Article similaire","link":""},"img":{"alt_text":"","src":"https:\/\/i0.wp.com\/sinedjib.com\/wp-content\/uploads\/2026\/01\/RFI-750x430-1.jpg?resize=350%2C200&ssl=1","width":350,"height":200,"srcset":"https:\/\/i0.wp.com\/sinedjib.com\/wp-content\/uploads\/2026\/01\/RFI-750x430-1.jpg?resize=350%2C200&ssl=1 1x, https:\/\/i0.wp.com\/sinedjib.com\/wp-content\/uploads\/2026\/01\/RFI-750x430-1.jpg?resize=525%2C300&ssl=1 1.5x, https:\/\/i0.wp.com\/sinedjib.com\/wp-content\/uploads\/2026\/01\/RFI-750x430-1.jpg?resize=700%2C400&ssl=1 2x"},"classes":[]},{"id":9606,"url":"https:\/\/sinedjib.com\/index.php\/litterature-critique-sociale\/","url_meta":{"origin":4399,"position":1},"title":"Litt\u00e9rature, po\u00e9sie et critique sociale","author":"SiNedjib","date":"17\/08\/2020","format":false,"excerpt":"\u00ab\u00a0Quelques r\u00e9flexions sur la S\u00e9paration des \u00c9glises et de l\u2019\u00c9tat\u00a0\u00bb et \u00ab\u00a0Hommage \u00e0 Mohammed Harbi\u00a0\u00bb, n\u00b0 832, La R\u00e9volution prol\u00e9tarienne, mars 2026 \u00ab\u00a0Socialisme, immigration et racisme\u00a0\u00bb,\u00a0Courant alternatif, n\u00b0 358, mars 2026. En ligne \u00ab Hypocrisie fran\u00e7aise \u00bb, Cercle des ami.e.s de l'A.I.T. de Montr\u00e9al, 26 f\u00e9vrier 2026. En ligne \"What\u2026","rel":"","context":"Article similaire","block_context":{"text":"Article similaire","link":""},"img":{"alt_text":"","src":"https:\/\/i0.wp.com\/sinedjib.com\/wp-content\/uploads\/2026\/03\/Une-de-RP-832-1024x1448-1.jpg?resize=350%2C200&ssl=1","width":350,"height":200,"srcset":"https:\/\/i0.wp.com\/sinedjib.com\/wp-content\/uploads\/2026\/03\/Une-de-RP-832-1024x1448-1.jpg?resize=350%2C200&ssl=1 1x, https:\/\/i0.wp.com\/sinedjib.com\/wp-content\/uploads\/2026\/03\/Une-de-RP-832-1024x1448-1.jpg?resize=525%2C300&ssl=1 1.5x, https:\/\/i0.wp.com\/sinedjib.com\/wp-content\/uploads\/2026\/03\/Une-de-RP-832-1024x1448-1.jpg?resize=700%2C400&ssl=1 2x"},"classes":[]},{"id":9596,"url":"https:\/\/sinedjib.com\/index.php\/diffusion-recherche\/","url_meta":{"origin":4399,"position":2},"title":"Diffusion de la recherche et autres articles","author":"SiNedjib","date":"17\/08\/2020","format":false,"excerpt":"\"\u00c9crivains alg\u00e9riens d\u2019expression fran\u00e7aise\u00a0: de la conqu\u00eate coloniale aux guerres culturelles\", Moyen-Orient, n\u00b0 69, janvier-mars 2026, p. 60-63 \"In memoriam Mohammed Harbi (1933-2026)\", Histoire coloniale et postcoloniale, 3 janvier 2026. En ligne[traduit en anglais par Adam Novak pour Europe solidaire sans fronti\u00e8res.\u00a0En ligne] \"Comment la d\u00e9colonisation de l'Alg\u00e9rie fa\u00e7onne les\u2026","rel":"","context":"Article similaire","block_context":{"text":"Article similaire","link":""},"img":{"alt_text":"","src":"https:\/\/i0.wp.com\/sinedjib.com\/wp-content\/uploads\/2026\/01\/moyen-Orient-2026.jpg?resize=350%2C200&ssl=1","width":350,"height":200,"srcset":"https:\/\/i0.wp.com\/sinedjib.com\/wp-content\/uploads\/2026\/01\/moyen-Orient-2026.jpg?resize=350%2C200&ssl=1 1x, https:\/\/i0.wp.com\/sinedjib.com\/wp-content\/uploads\/2026\/01\/moyen-Orient-2026.jpg?resize=525%2C300&ssl=1 1.5x"},"classes":[]},{"id":16653,"url":"https:\/\/sinedjib.com\/index.php\/la-nation-socialiste\/","url_meta":{"origin":4399,"position":3},"title":"La Nation socialiste","author":"SiNedjib","date":"18\/07\/2022","format":false,"excerpt":"Cette page recense les 10 articles de La Nation socialiste publi\u00e9s sur ce site depuis le 12 juillet 2015. Ce journal a \u00e9t\u00e9 fond\u00e9 en 1956 par Auguste Lec\u0153ur. Claude G\u00e9rard, \"De Belle-Ile-en-Mer \u00e0 Chantilly avec Messali Hadj\", paru dans\u00a0La Nation socialiste, f\u00e9vrier 1959. Lien Pierre Herv\u00e9, \"Ce que signifie\u2026","rel":"","context":"Article similaire","block_context":{"text":"Article similaire","link":""},"img":{"alt_text":"","src":"https:\/\/i0.wp.com\/sinedjib.com\/wp-content\/uploads\/2015\/07\/La-Nation-socialiste-juillet-1962.png?resize=350%2C200&ssl=1","width":350,"height":200},"classes":[]},{"id":5908,"url":"https:\/\/sinedjib.com\/index.php\/ressources\/travailleurs\/","url_meta":{"origin":4399,"position":4},"title":"Travailleurs immigr\u00e9s en lutte","author":"SiNedjib","date":"13\/06\/2019","format":false,"excerpt":"Cette page recense les 50 articles de Travailleurs immigr\u00e9s en lutte publi\u00e9s sur ce site depuis le 21 mars 2018. Ce mensuel ouvrier r\u00e9volutionnaire, devenu le bulletin de l'Organisation communiste r\u00e9volutionnaire internationaliste d'Alg\u00e9rie, a paru de 1976 \u00e0 1985. Des num\u00e9ros sont consultables sur le portail Odyss\u00e9o. \"La marmite bout,\u2026","rel":"","context":"Article similaire","block_context":{"text":"Article similaire","link":""},"img":{"alt_text":"","src":"https:\/\/i0.wp.com\/sinedjib.com\/wp-content\/uploads\/2020\/05\/Travailleurs-immigr%C3%A9s-en-lutte-juillet-1976.png?resize=350%2C200&ssl=1","width":350,"height":200},"classes":[]},{"id":9591,"url":"https:\/\/sinedjib.com\/index.php\/publications-scientifiques\/","url_meta":{"origin":4399,"position":5},"title":"Publications scientifiques","author":"SiNedjib","date":"17\/08\/2020","format":false,"excerpt":"Articles dans des revues \u00e0 comit\u00e9 de lecture \"Avec et contre Gabel : antis\u00e9mitisme, racisme et tiers-mondisme au prisme de la fausse conscience\", Bulletin de psychologie, n\u00b0 598 (juillet-septembre 2025), p. 31-45. \"Une apostasie impensable ? Les ressorts d\u2019une marginalisation dans l\u2019espace franco-alg\u00e9rien\", Contemporary French Civilization, (2022), 47, (2), 143\u2013160.\u2026","rel":"","context":"Article similaire","block_context":{"text":"Article similaire","link":""},"img":{"alt_text":"","src":"https:\/\/i0.wp.com\/sinedjib.com\/wp-content\/uploads\/2025\/07\/Couv-588-pdf.jpg?resize=350%2C200&ssl=1","width":350,"height":200,"srcset":"https:\/\/i0.wp.com\/sinedjib.com\/wp-content\/uploads\/2025\/07\/Couv-588-pdf.jpg?resize=350%2C200&ssl=1 1x, https:\/\/i0.wp.com\/sinedjib.com\/wp-content\/uploads\/2025\/07\/Couv-588-pdf.jpg?resize=525%2C300&ssl=1 1.5x, https:\/\/i0.wp.com\/sinedjib.com\/wp-content\/uploads\/2025\/07\/Couv-588-pdf.jpg?resize=700%2C400&ssl=1 2x"},"classes":[]}],"_links":{"self":[{"href":"https:\/\/sinedjib.com\/index.php\/wp-json\/wp\/v2\/pages\/4399","targetHints":{"allow":["GET"]}}],"collection":[{"href":"https:\/\/sinedjib.com\/index.php\/wp-json\/wp\/v2\/pages"}],"about":[{"href":"https:\/\/sinedjib.com\/index.php\/wp-json\/wp\/v2\/types\/page"}],"author":[{"embeddable":true,"href":"https:\/\/sinedjib.com\/index.php\/wp-json\/wp\/v2\/users\/1"}],"replies":[{"embeddable":true,"href":"https:\/\/sinedjib.com\/index.php\/wp-json\/wp\/v2\/comments?post=4399"}],"version-history":[{"count":0,"href":"https:\/\/sinedjib.com\/index.php\/wp-json\/wp\/v2\/pages\/4399\/revisions"}],"up":[{"embeddable":true,"href":"https:\/\/sinedjib.com\/index.php\/wp-json\/wp\/v2\/pages\/2815"}],"wp:attachment":[{"href":"https:\/\/sinedjib.com\/index.php\/wp-json\/wp\/v2\/media?parent=4399"}],"curies":[{"name":"wp","href":"https:\/\/api.w.org\/{rel}","templated":true}]}}