{"id":5483,"date":"2019-04-30T02:13:51","date_gmt":"2019-04-30T00:13:51","guid":{"rendered":"http:\/\/sinedjib.com\/?page_id=5483"},"modified":"2026-02-16T14:59:10","modified_gmt":"2026-02-16T13:59:10","slug":"ressources","status":"publish","type":"page","link":"https:\/\/sinedjib.com\/index.php\/ressources\/","title":{"rendered":"Ressources"},"content":{"rendered":"\n<div class=\"wp-block-media-text alignwide is-stacked-on-mobile is-image-fill-element\"><figure class=\"wp-block-media-text__media\"><img data-recalc-dims=\"1\" loading=\"lazy\" decoding=\"async\" width=\"389\" height=\"599\" data-attachment-id=\"11521\" data-permalink=\"https:\/\/sinedjib.com\/index.php\/2021\/02\/13\/aime-patri-lere-des-organisateurs-remarques-a-propos-des-conceptions-de-burnham\/masses-octobre-1947\/\" data-orig-file=\"https:\/\/i0.wp.com\/sinedjib.com\/wp-content\/uploads\/2021\/02\/Masses-octobre-1947.png?fit=389%2C599&amp;ssl=1\" data-orig-size=\"389,599\" data-comments-opened=\"1\" data-image-meta=\"{&quot;aperture&quot;:&quot;0&quot;,&quot;credit&quot;:&quot;&quot;,&quot;camera&quot;:&quot;&quot;,&quot;caption&quot;:&quot;&quot;,&quot;created_timestamp&quot;:&quot;0&quot;,&quot;copyright&quot;:&quot;&quot;,&quot;focal_length&quot;:&quot;0&quot;,&quot;iso&quot;:&quot;0&quot;,&quot;shutter_speed&quot;:&quot;0&quot;,&quot;title&quot;:&quot;&quot;,&quot;orientation&quot;:&quot;0&quot;}\" data-image-title=\"Masses-octobre-1947\" data-image-description=\"\" data-image-caption=\"\" data-large-file=\"https:\/\/i0.wp.com\/sinedjib.com\/wp-content\/uploads\/2021\/02\/Masses-octobre-1947.png?fit=389%2C599&amp;ssl=1\" src=\"https:\/\/i0.wp.com\/sinedjib.com\/wp-content\/uploads\/2021\/02\/Masses-octobre-1947.png?resize=389%2C599&#038;ssl=1\" alt=\"\" class=\"wp-image-11521 size-full\" style=\"object-position:56% 0%\" srcset=\"https:\/\/i0.wp.com\/sinedjib.com\/wp-content\/uploads\/2021\/02\/Masses-octobre-1947.png?w=389&amp;ssl=1 389w, https:\/\/i0.wp.com\/sinedjib.com\/wp-content\/uploads\/2021\/02\/Masses-octobre-1947.png?resize=195%2C300&amp;ssl=1 195w\" sizes=\"auto, (max-width: 389px) 100vw, 389px\" \/><\/figure><div class=\"wp-block-media-text__content\">\n<p class=\"has-normal-font-size\">Les textes retranscrits sur ce site proviennent principalement de 60 <a href=\"https:\/\/sinedjib.com\/index.php\/index-des-publications\/\">publications<\/a>, mais aussi de 175 <a href=\"https:\/\/sinedjib.com\/index.php\/autres-references\/\">autres r\u00e9f\u00e9rences<\/a>, sans oublier les <a href=\"https:\/\/sinedjib.com\/index.php\/extraits-douvrages\/\">extraits de 49 ouvrages<\/a>.<\/p>\n<\/div><\/div>\n\n\n\n<div class=\"wp-block-media-text alignwide has-media-on-the-right is-stacked-on-mobile is-image-fill-element\"><div class=\"wp-block-media-text__content\">\n<p class=\"has-normal-font-size\">On peut y acc\u00e9der aupr\u00e8s de ces institutions ou sites : <a aria-label=\"ANOM (s\u2019ouvre dans un nouvel onglet)\" href=\"http:\/\/www.archivesnationales.culture.gouv.fr\/anom\/fr\/\" target=\"_blank\" rel=\"noreferrer noopener\">ANOM<\/a>, <a aria-label=\"Archives Autonomies (s\u2019ouvre dans un nouvel onglet)\" href=\"http:\/\/archivesautonomies.org\/\" target=\"_blank\" rel=\"noreferrer noopener\">Archives Autonomies<\/a>, <a href=\"https:\/\/archivesrevolutionnaires.com\/\">Archives R\u00e9volutionnaires<\/a>, <a href=\"https:\/\/archives-socialistes.fr\/app\/photopro.sk\/archives\/\">Archives socialistes<\/a>, <a href=\"https:\/\/bibliothequedumarxisme.wordpress.com\/\">Biblioth\u00e8que du marxisme (libertaire)<\/a>, <a href=\"http:\/\/www.trotsky.com.fr\/\" target=\"_blank\" rel=\"noreferrer noopener\">CERMTRI<\/a>, <a href=\"https:\/\/cmrasite.wordpress.com\/\">Centre de ressources du courant marxiste r\u00e9volutionnaire pour l&rsquo;autogestion<\/a>, <a aria-label=\"La contemporaine (s\u2019ouvre dans un nouvel onglet)\" href=\"http:\/\/www.lacontemporaine.fr\/\" target=\"_blank\" rel=\"noreferrer noopener\">La contemporaine<\/a>, <a href=\"https:\/\/femenrev.persee.fr\/\">F\u00e9minismes en revue<\/a>, <a href=\"https:\/\/gallica.bnf.fr\/accueil\/fr\/content\/accueil-fr?mode=desktop\">Gallica<\/a>, <a href=\"https:\/\/www.institut-tribune-socialiste.fr\/\">Institut Tribune Socialiste<\/a>, <a href=\"https:\/\/archive.leftove.rs\/\">leftove.rs<\/a>, <a href=\"https:\/\/libcom.org\/\">libcom<\/a>, <a href=\"https:\/\/www.lutte-ouvriere.org\/journal\/archives.html\"><em>Lutte ouvri\u00e8re<\/em> (archives)<\/a>, <a href=\"https:\/\/archives.mrap.fr\/mediawiki\/index.php\/Accueil\">MRAP<\/a>, <a href=\"http:\/\/www.museehistoirevivante.fr\/\" target=\"_blank\" rel=\"noreferrer noopener\">Mus\u00e9e de l&rsquo;Histoire Vivante<\/a>, <a href=\"https:\/\/www.lesamisdegeneriques.org\/\">Odysseo<\/a>, <a href=\"https:\/\/pandor.u-bourgogne.fr\/\">Pandor<\/a>, <a href=\"https:\/\/www.persee.fr\/\" target=\"_blank\" rel=\"noreferrer noopener\">Pers\u00e9e<\/a>, <a href=\"https:\/\/la-presse-anarchiste.net\/\">La Presse Anarchiste<\/a>, <a aria-label=\"RaDAR (s\u2019ouvre dans un nouvel onglet)\" href=\"http:\/\/association-radar.org\/\" target=\"_blank\" rel=\"noreferrer noopener\">RaDAR<\/a>, <a href=\"https:\/\/www.retronews.fr\/\" target=\"_blank\" rel=\"noreferrer noopener\">RetroNews<\/a>, <a aria-label=\"SMOLNY (s\u2019ouvre dans un nouvel onglet)\" href=\"http:\/\/www.collectif-smolny.org\/\" target=\"_blank\" rel=\"noreferrer noopener\">SMOLNY<\/a><\/p>\n<\/div><figure class=\"wp-block-media-text__media\"><img data-recalc-dims=\"1\" loading=\"lazy\" decoding=\"async\" width=\"402\" height=\"573\" data-attachment-id=\"13408\" data-permalink=\"https:\/\/sinedjib.com\/index.php\/2021\/07\/25\/louis-bercher-magdeleine-paz-magdeleine-marx-frere-noir-flammarion-editeur\/la-revolution-proletarienne-5-decembre-1930\/\" data-orig-file=\"https:\/\/i0.wp.com\/sinedjib.com\/wp-content\/uploads\/2021\/07\/La-Revolution-proletarienne-5-decembre-1930.png?fit=402%2C573&amp;ssl=1\" data-orig-size=\"402,573\" data-comments-opened=\"1\" data-image-meta=\"{&quot;aperture&quot;:&quot;0&quot;,&quot;credit&quot;:&quot;&quot;,&quot;camera&quot;:&quot;&quot;,&quot;caption&quot;:&quot;&quot;,&quot;created_timestamp&quot;:&quot;0&quot;,&quot;copyright&quot;:&quot;&quot;,&quot;focal_length&quot;:&quot;0&quot;,&quot;iso&quot;:&quot;0&quot;,&quot;shutter_speed&quot;:&quot;0&quot;,&quot;title&quot;:&quot;&quot;,&quot;orientation&quot;:&quot;0&quot;}\" data-image-title=\"La-Revolution-proletarienne-5-decembre-1930\" data-image-description=\"\" data-image-caption=\"\" data-large-file=\"https:\/\/i0.wp.com\/sinedjib.com\/wp-content\/uploads\/2021\/07\/La-Revolution-proletarienne-5-decembre-1930.png?fit=402%2C573&amp;ssl=1\" src=\"https:\/\/i0.wp.com\/sinedjib.com\/wp-content\/uploads\/2021\/07\/La-Revolution-proletarienne-5-decembre-1930.png?resize=402%2C573&#038;ssl=1\" alt=\"\" class=\"wp-image-13408 size-full\" style=\"object-position:53% 0%\" srcset=\"https:\/\/i0.wp.com\/sinedjib.com\/wp-content\/uploads\/2021\/07\/La-Revolution-proletarienne-5-decembre-1930.png?w=402&amp;ssl=1 402w, https:\/\/i0.wp.com\/sinedjib.com\/wp-content\/uploads\/2021\/07\/La-Revolution-proletarienne-5-decembre-1930.png?resize=210%2C300&amp;ssl=1 210w\" sizes=\"auto, (max-width: 402px) 100vw, 402px\" \/><\/figure><\/div>\n\n\n\n<div class=\"wp-block-media-text alignwide is-stacked-on-mobile is-image-fill-element\" style=\"grid-template-columns:40% auto\"><figure class=\"wp-block-media-text__media\"><img data-recalc-dims=\"1\" loading=\"lazy\" decoding=\"async\" width=\"580\" height=\"387\" data-attachment-id=\"23016\" data-permalink=\"https:\/\/sinedjib.com\/index.php\/ressources\/972-logo_1000x667-1000x668-1\/\" data-orig-file=\"https:\/\/i0.wp.com\/sinedjib.com\/wp-content\/uploads\/2024\/05\/972-logo_1000x667-1000x668-1.webp?fit=1000%2C668&amp;ssl=1\" data-orig-size=\"1000,668\" data-comments-opened=\"1\" data-image-meta=\"{&quot;aperture&quot;:&quot;0&quot;,&quot;credit&quot;:&quot;&quot;,&quot;camera&quot;:&quot;&quot;,&quot;caption&quot;:&quot;&quot;,&quot;created_timestamp&quot;:&quot;0&quot;,&quot;copyright&quot;:&quot;&quot;,&quot;focal_length&quot;:&quot;0&quot;,&quot;iso&quot;:&quot;0&quot;,&quot;shutter_speed&quot;:&quot;0&quot;,&quot;title&quot;:&quot;&quot;,&quot;orientation&quot;:&quot;0&quot;}\" data-image-title=\"972-logo_1000x667-1000&amp;#215;668-1\" data-image-description=\"\" data-image-caption=\"\" data-large-file=\"https:\/\/i0.wp.com\/sinedjib.com\/wp-content\/uploads\/2024\/05\/972-logo_1000x667-1000x668-1.webp?fit=580%2C387&amp;ssl=1\" src=\"https:\/\/i0.wp.com\/sinedjib.com\/wp-content\/uploads\/2024\/05\/972-logo_1000x667-1000x668-1.webp?resize=580%2C387&#038;ssl=1\" alt=\"\" class=\"wp-image-23016 size-full\" style=\"object-position:50% 50%\" srcset=\"https:\/\/i0.wp.com\/sinedjib.com\/wp-content\/uploads\/2024\/05\/972-logo_1000x667-1000x668-1.webp?w=1000&amp;ssl=1 1000w, https:\/\/i0.wp.com\/sinedjib.com\/wp-content\/uploads\/2024\/05\/972-logo_1000x667-1000x668-1.webp?resize=300%2C200&amp;ssl=1 300w, https:\/\/i0.wp.com\/sinedjib.com\/wp-content\/uploads\/2024\/05\/972-logo_1000x667-1000x668-1.webp?resize=768%2C513&amp;ssl=1 768w\" sizes=\"auto, (max-width: 580px) 100vw, 580px\" \/><\/figure><div class=\"wp-block-media-text__content\">\n<p>Voici quelques sites internationaux que je recommande : <em><a href=\"https:\/\/africasacountry.com\/\">Africa is a Country<\/a><\/em>, <em><a href=\"https:\/\/againstthecurrent.org\/\">Against the Current<\/a><\/em>, <em><a href=\"https:\/\/prospect.org\/\">The American Prospect<\/a><\/em>, <em><a href=\"https:\/\/www.anarchistreviewofbooks.org\/\">The Anarchist Review of Books<\/a><\/em>, <em><a href=\"https:\/\/thebaffler.com\/\">The Baffler<\/a><\/em>, <em><a href=\"https:\/\/www.bostonreview.net\/\">Boston Review<\/a><\/em>, <em><a href=\"https:\/\/brooklynrail.org\/\">The Brooklyn Rail<\/a>,<\/em> <em><a href=\"https:\/\/socialistproject.ca\/bullet\/\">The Bullet<\/a><\/em>, <em><a href=\"https:\/\/catalyst-journal.com\/\">Catalyst<\/a><\/em>, <em><a href=\"https:\/\/www.commondreams.org\/\">Common Dreams<\/a><\/em>, <em><a href=\"https:\/\/commons.com.ua\/en\/\">Commons<\/a>,<\/em> <em><a href=\"https:\/\/www.currentaffairs.org\/\">Current Affairs<\/a><\/em>, <em><a href=\"https:\/\/damagemag.com\/\">Damage Magazine<\/a><\/em>, <em><a href=\"https:\/\/datacide-magazine.com\/\">Datacide<\/a><\/em>, <em><a href=\"https:\/\/damagemag.com\/\">Dissent<\/a>, <a href=\"https:\/\/www.thedriftmag.com\/\">The Drift<\/a>, <a href=\"https:\/\/www.fifthestate.org\/\">Fifth Estate<\/a>, <a href=\"https:\/\/www.foreignaffairs.com\/\">Foreign Affairs<\/a>, <a href=\"https:\/\/grist.org\/\">Grist<\/a>, <a href=\"https:\/\/hardcrackers.com\/\">Hard Crackers<\/a>, <a href=\"https:\/\/nymag.com\/intelligencer\/\">Intelligencer<\/a>, <a href=\"https:\/\/theintercept.com\/\">The Intercept<\/a>, <a href=\"https:\/\/inthesetimes.com\/\">In These Times<\/a>, <a href=\"https:\/\/jacobin.com\/\">Jacobin<\/a>, <a href=\"https:\/\/jewishcurrents.org\/\">Jewish Currents<\/a>, <a href=\"https:\/\/www.labornotes.org\/\">Labor Notes<\/a>, <a href=\"https:\/\/leftrenewal.org\/\">Left Renewal Blog<\/a>, <a href=\"https:\/\/links.org.au\/\">Links<\/a>, <a href=\"https:\/\/www.lrb.co.uk\/\">London Review of Books<\/a>, <a href=\"https:\/\/lareviewofbooks.org\/\">Los Angeles Review of Books<\/a>, <a href=\"https:\/\/madeinchinajournal.com\/\">Made in China<\/a>, <a href=\"https:\/\/marxandphilosophy.org.uk\/reviewofbooks\/\">Marx &amp; Philosophy Review of Books<\/a>, <a href=\"https:\/\/mondoweiss.net\/\">Mondoweiss<\/a>, <a href=\"https:\/\/monthlyreview.org\/\">Monthly Review<\/a>, <a href=\"https:\/\/www.motherjones.com\/\">Mother Jones<\/a>, <a href=\"https:\/\/www.thenation.com\/\">The Nation<\/a>, <a href=\"https:\/\/www.newarab.com\/\">The New Arab<\/a>, <a href=\"https:\/\/newhumanist.org.uk\/\">New Humanist<\/a>, <a href=\"https:\/\/newleftreview.org\/\">New Left Review<\/a>, <a href=\"https:\/\/newpol.org\/\">New Politics<\/a>, <a href=\"https:\/\/newrepublic.com\/\">The New Republic<\/a>, <a href=\"https:\/\/www.nybooks.com\/\">The New York Review of Books<\/a>, <a href=\"https:\/\/www.newyorker.com\/\">The New Yorker<\/a>, <a href=\"https:\/\/nonsite.org\/\">Nonsite<\/a>, <a href=\"https:\/\/www.theguardian.com\/observer\">The Observer<\/a>, <a href=\"https:\/\/www.opendemocracy.net\/en\/\">openDemocracy<\/a>, <a href=\"https:\/\/prismreports.org\/\">Prism<\/a>, <a href=\"https:\/\/progressive.org\/\">The Progressive<\/a>, <a href=\"https:\/\/rampantmag.com\/\">Rampant<\/a>, <a href=\"https:\/\/www.rebelnews.ie\/\">Rebel<\/a>, <a href=\"https:\/\/www.opendemocracy.net\/en\/\">Red Pepper<\/a>, <a href=\"https:\/\/responsiblestatecraft.org\/\">Responsible Statescraft<\/a>, <a href=\"https:\/\/roape.net\/\">Review of African Political Economy<\/a>, <a href=\"https:\/\/links.org.au\/\">Socialist Register<\/a>, <a href=\"https:\/\/responsiblestatecraft.org\/\">Spectre<\/a>, <a href=\"https:\/\/tempestmag.org\/\">Tempest<\/a>, <a href=\"https:\/\/tribunemag.co.uk\/\">Tribune<\/a>, <a href=\"https:\/\/truthout.org\/\">Truthout<\/a><\/em>, <em><a href=\"https:\/\/www.972mag.com\/\">+972 Magazine<\/a><\/em>.<\/p>\n<\/div><\/div>\n","protected":false},"excerpt":{"rendered":"<p>Les textes retranscrits sur ce site proviennent principalement de 60 publications, mais aussi de 175 autres r\u00e9f\u00e9rences, sans oublier les extraits de 49 ouvrages. On peut y acc\u00e9der aupr\u00e8s de ces institutions ou sites : ANOM, Archives Autonomies, Archives R\u00e9volutionnaires, Archives socialistes, Biblioth\u00e8que du marxisme (libertaire), CERMTRI, Centre de ressources du courant marxiste r\u00e9volutionnaire pour [&hellip;]<\/p>\n","protected":false},"author":1,"featured_media":0,"parent":0,"menu_order":0,"comment_status":"closed","ping_status":"closed","template":"","meta":{"jetpack_post_was_ever_published":false,"footnotes":""},"class_list":["post-5483","page","type-page","status-publish","hentry"],"jetpack_sharing_enabled":true,"jetpack_shortlink":"https:\/\/wp.me\/P9lTYU-1qr","jetpack_likes_enabled":true,"jetpack-related-posts":[{"id":13761,"url":"https:\/\/sinedjib.com\/index.php\/les-lettres-francaises\/","url_meta":{"origin":5483,"position":0},"title":"Les Lettres fran\u00e7aises","author":"SiNedjib","date":"31\/08\/2021","format":false,"excerpt":"Cette page recense les 9 articles des Lettres fran\u00e7aises publi\u00e9s sur ce site depuis le 5 ao\u00fbt 2021. Le journal du Comit\u00e9 national des \u00e9crivains a \u00e9t\u00e9 fond\u00e9 en 1942. Il est consultable sur le site\u00a0RetroNews\u00a0pour la p\u00e9riode 1942-1950. Ren\u00e9 Maran, \"L\u2019Afrique noire dans les lettres fran\u00e7aises\", paru dans\u00a0Les Lettres\u2026","rel":"","context":"Article similaire","block_context":{"text":"Article similaire","link":""},"img":{"alt_text":"","src":"https:\/\/i0.wp.com\/sinedjib.com\/wp-content\/uploads\/2021\/08\/Les-Lettres-francaises-1er-mars-1946.png?resize=350%2C200&ssl=1","width":350,"height":200},"classes":[]},{"id":11279,"url":"https:\/\/sinedjib.com\/index.php\/le-bolchevik\/","url_meta":{"origin":5483,"position":1},"title":"Le Bolch\u00e9vik","author":"SiNedjib","date":"18\/01\/2021","format":false,"excerpt":"Cette page recense les 11 articles du Bolch\u00e9vik\u00a0publi\u00e9s sur ce site depuis le 15 d\u00e9cembre 2020. L\u2019organe de la Tendance spartaciste internationale\u00a0a \u00e9t\u00e9 lanc\u00e9 en 1976.\u00a0Les exemplaires du journal (jusqu'en 2011) sont t\u00e9l\u00e9chargeables sur le site\u00a0Marxists Internet Archive. \"Le massacre d\u2019octobre \u00e0 Alger\", paru dans Le Bolch\u00e9vik, n\u00b0 88, novembre\u2026","rel":"","context":"Article similaire","block_context":{"text":"Article similaire","link":""},"img":{"alt_text":"","src":"https:\/\/i0.wp.com\/sinedjib.com\/wp-content\/uploads\/2020\/12\/Le-Bolchevik-mars-1989.png?resize=350%2C200&ssl=1","width":350,"height":200},"classes":[]},{"id":15233,"url":"https:\/\/sinedjib.com\/index.php\/lutter\/","url_meta":{"origin":5483,"position":2},"title":"Lutter !","author":"SiNedjib","date":"06\/01\/2022","format":false,"excerpt":"Cette page recense les 8 articles de Lutter ! publi\u00e9s sur ce site depuis le 30 octobre 2021. L'organe de l'Union des travailleurs communistes libertaires a paru de 1982 \u00e0 1991. Les sommaires sont consultables sur le site Archives Autonomies. Daniel Gu\u00e9rin, \"Alg\u00e9rie. La honte du pardon aux g\u00e9n\u00e9raux criminels\",\u2026","rel":"","context":"Article similaire","block_context":{"text":"Article similaire","link":""},"img":{"alt_text":"","src":"https:\/\/i0.wp.com\/sinedjib.com\/wp-content\/uploads\/2021\/10\/Lutter-mars-avril-1984.png?resize=350%2C200&ssl=1","width":350,"height":200},"classes":[]},{"id":6698,"url":"https:\/\/sinedjib.com\/index.php\/ressources\/el-oumami\/","url_meta":{"origin":5483,"position":3},"title":"El-Oumami","author":"SiNedjib","date":"02\/01\/2020","format":false,"excerpt":"Cette page recense les 19 articles d\u2019El-Oumami\u00a0publi\u00e9s sur ce site depuis le 14 mars 2017. L'organe du Parti communiste international puis des communistes-l\u00e9ninistes alg\u00e9riens a paru de 1978 \u00e0 1983. La premi\u00e8re s\u00e9rie (jusqu'en 1982) est consultable sur le site du Parti communiste international. \"L'Etat bourgeois n'est pas \u00e0 d\u00e9mocratiser\u2026","rel":"","context":"Article similaire","block_context":{"text":"Article similaire","link":""},"img":{"alt_text":"","src":"https:\/\/i0.wp.com\/sinedjib.com\/wp-content\/uploads\/2020\/03\/el-oumami-octobre-1978-1.png?resize=350%2C200&ssl=1","width":350,"height":200},"classes":[]},{"id":171,"url":"https:\/\/sinedjib.com\/index.php\/liens-2\/","url_meta":{"origin":5483,"position":4},"title":"Liens","author":"Nedjib Sidi Moussa","date":"29\/03\/2013","format":false,"excerpt":"Parmi les m\u00e9dias et sites qui \u00e9voquent des engagements ou publications : Kim Willsher, \"New film adaptation of Camus\u2019s L\u2019\u00c9tranger opens old colonial wounds\", The Guardian, 28 November 2025. Link La suite est \u00e0 consulter sur cette page. Parmi les publications ou ouvrages qui citent et font \u00e9cho \u00e0 mes\u2026","rel":"","context":"Article similaire","block_context":{"text":"Article similaire","link":""},"img":{"alt_text":"","src":"https:\/\/i0.wp.com\/sinedjib.com\/wp-content\/uploads\/2025\/11\/guardian.png?resize=350%2C200&ssl=1","width":350,"height":200},"classes":[]},{"id":8890,"url":"https:\/\/sinedjib.com\/index.php\/informations-et-reflexions-libertaires\/","url_meta":{"origin":5483,"position":5},"title":"Informations et r\u00e9flexions libertaires","author":"SiNedjib","date":"20\/06\/2020","format":false,"excerpt":"Cette page recense les 12 articles d'Informations et r\u00e9flexions libertaires publi\u00e9s sur ce site depuis le 5 juin 2020. La revue a paru de 1973 \u00e0 1991, d'abord sous le titre Informations rassembl\u00e9es \u00e0 Lyon. Les num\u00e9ros sont t\u00e9l\u00e9chargeables sur le site du Centre de recherche pour l'alternative sociale. \"Anti-racisme\",\u2026","rel":"","context":"Article similaire","block_context":{"text":"Article similaire","link":""},"img":{"alt_text":"","src":"https:\/\/i0.wp.com\/sinedjib.com\/wp-content\/uploads\/2020\/06\/IRL-octobre-1983.png?resize=350%2C200&ssl=1","width":350,"height":200},"classes":[]}],"_links":{"self":[{"href":"https:\/\/sinedjib.com\/index.php\/wp-json\/wp\/v2\/pages\/5483","targetHints":{"allow":["GET"]}}],"collection":[{"href":"https:\/\/sinedjib.com\/index.php\/wp-json\/wp\/v2\/pages"}],"about":[{"href":"https:\/\/sinedjib.com\/index.php\/wp-json\/wp\/v2\/types\/page"}],"author":[{"embeddable":true,"href":"https:\/\/sinedjib.com\/index.php\/wp-json\/wp\/v2\/users\/1"}],"replies":[{"embeddable":true,"href":"https:\/\/sinedjib.com\/index.php\/wp-json\/wp\/v2\/comments?post=5483"}],"version-history":[{"count":97,"href":"https:\/\/sinedjib.com\/index.php\/wp-json\/wp\/v2\/pages\/5483\/revisions"}],"predecessor-version":[{"id":28114,"href":"https:\/\/sinedjib.com\/index.php\/wp-json\/wp\/v2\/pages\/5483\/revisions\/28114"}],"wp:attachment":[{"href":"https:\/\/sinedjib.com\/index.php\/wp-json\/wp\/v2\/media?parent=5483"}],"curies":[{"name":"wp","href":"https:\/\/api.w.org\/{rel}","templated":true}]}}