{"id":5903,"date":"2019-06-13T23:07:57","date_gmt":"2019-06-13T21:07:57","guid":{"rendered":"http:\/\/sinedjib.com\/?page_id=5903"},"modified":"2021-07-06T08:11:08","modified_gmt":"2021-07-06T06:11:08","slug":"errico-malatesta","status":"publish","type":"page","link":"https:\/\/sinedjib.com\/index.php\/ressources\/errico-malatesta\/","title":{"rendered":"Errico Malatesta"},"content":{"rendered":"\n<p><strong>Cette page recense les 40 articles d&rsquo;Errico Malatesta publi\u00e9s sur ce site depuis le 15 ao\u00fbt 2018.<\/strong><\/p>\n\n\n\n<div class=\"wp-block-image\"><figure class=\"aligncenter is-resized\"><img data-recalc-dims=\"1\" loading=\"lazy\" decoding=\"async\" data-attachment-id=\"5175\" data-permalink=\"https:\/\/sinedjib.com\/index.php\/2019\/02\/28\/malatesta-10\/malatesta-10\/\" data-orig-file=\"https:\/\/i0.wp.com\/sinedjib.com\/wp-content\/uploads\/2019\/02\/Malatesta.jpg?fit=795%2C1024&amp;ssl=1\" data-orig-size=\"795,1024\" data-comments-opened=\"1\" data-image-meta=\"{&quot;aperture&quot;:&quot;0&quot;,&quot;credit&quot;:&quot;Getty Images\/DeAgostini&quot;,&quot;camera&quot;:&quot;&quot;,&quot;caption&quot;:&quot;Portrait of Errico Malatesta (Santa Maria Capua Vetere, 1853-Rome, 1932), Italian anarchist.&quot;,&quot;created_timestamp&quot;:&quot;0&quot;,&quot;copyright&quot;:&quot;&quot;,&quot;focal_length&quot;:&quot;0&quot;,&quot;iso&quot;:&quot;0&quot;,&quot;shutter_speed&quot;:&quot;0&quot;,&quot;title&quot;:&quot;&quot;,&quot;orientation&quot;:&quot;0&quot;}\" data-image-title=\"Malatesta\" data-image-description=\"\" data-image-caption=\"&lt;p&gt;Portrait of Errico Malatesta (Santa Maria Capua Vetere, 1853-Rome, 1932), Italian anarchist.&lt;\/p&gt;\n\" data-large-file=\"https:\/\/i0.wp.com\/sinedjib.com\/wp-content\/uploads\/2019\/02\/Malatesta.jpg?fit=580%2C747&amp;ssl=1\" src=\"https:\/\/i0.wp.com\/sinedjib.com\/wp-content\/uploads\/2019\/02\/Malatesta-795x1024.jpg?resize=306%2C393\" alt=\"\" class=\"wp-image-5175\" width=\"306\" height=\"393\" srcset=\"https:\/\/i0.wp.com\/sinedjib.com\/wp-content\/uploads\/2019\/02\/Malatesta.jpg?w=795&amp;ssl=1 795w, https:\/\/i0.wp.com\/sinedjib.com\/wp-content\/uploads\/2019\/02\/Malatesta.jpg?resize=233%2C300&amp;ssl=1 233w, https:\/\/i0.wp.com\/sinedjib.com\/wp-content\/uploads\/2019\/02\/Malatesta.jpg?resize=768%2C989&amp;ssl=1 768w\" sizes=\"auto, (max-width: 306px) 100vw, 306px\" \/><figcaption>Portrait of Errico Malatesta (Santa Maria Capua Vetere, 1853-Rome, 1932), Italian anarchist.<\/figcaption><\/figure><\/div>\n\n\n\n<hr class=\"wp-block-separator\"\/>\n\n\n\n<p>\u00ab\u00a0Le suffrage universel\u00a0\u00bb, paru en deux parties dans <em>Le R\u00e9veil socialiste-anarchiste<\/em>, n\u00b0 161, 24 f\u00e9vrier 1906 et n\u00b0 162, 10 mars 1906. <a href=\"http:\/\/sinedjib.com\/index.php\/2019\/11\/20\/malatesta-33\/\">Lien<\/a><\/p>\n\n\n\n<p>\u00ab\u00a0Le principe d&rsquo;organisation\u00a0\u00bb, paru dans <em>Le R\u00e9veil socialiste-anarchiste<\/em>, n\u00b0 293, 12 novembre 1910. <a href=\"http:\/\/sinedjib.com\/index.php\/2019\/07\/10\/malatesta-23\/\">Lien<\/a><\/p>\n\n\n\n<p>\u00ab\u00a0\u00c9conomie bourgeoise\u00a0\u00bb, paru dans <em>Le R\u00e9veil communiste-anarchiste<\/em>, n\u00b0 363, 26 juillet 1913. <a href=\"http:\/\/sinedjib.com\/index.php\/2019\/07\/18\/malatesta-24\/\">Lien<\/a><\/p>\n\n\n\n<p>\u00ab\u00a0La gr\u00e8ve g\u00e9n\u00e9rale. Lutte \u00e9conomique et lutte politique\u00a0\u00bb, paru dans <em>Le R\u00e9veil communiste-anarchiste<\/em>, n\u00b0 375, 10 janvier 1914. <a href=\"http:\/\/sinedjib.com\/index.php\/2019\/07\/04\/malatesta-21\/\">Lien<\/a><\/p>\n\n\n\n<p>\u00ab\u00a0Gr\u00e8ve g\u00e9n\u00e9rale et insurrectionnelle\u00a0\u00bb, paru dans <em>Le R\u00e9veil communiste-anarchiste<\/em>, n\u00b0 376, 24 janvier 1914. <a href=\"http:\/\/sinedjib.com\/index.php\/2019\/07\/06\/malatesta-22\/\">Lien<\/a><\/p>\n\n\n\n<p>\u00ab\u00a0R\u00e9voltes et r\u00e9volutions\u00a0\u00bb, paru dans\u00a0<em>Le R\u00e9veil communiste-anarchiste<\/em>, n\u00b0 544, 31 juillet 1920. <a href=\"https:\/\/sinedjib.com\/index.php\/2021\/07\/06\/errico-malatesta-revoltes-et-revolutions\/\">Lien<\/a><\/p>\n\n\n\n<p>\u00ab\u00a0Libert\u00e9 ou dictature\u00a0\u00bb,  paru dans&nbsp;<em>Le R\u00e9veil communiste-anarchiste<\/em>, n\u00b0 547, 18 septembre 1920. <a href=\"http:\/\/sinedjib.com\/index.php\/2019\/05\/19\/malatesta-20\/\">Lien<\/a><\/p>\n\n\n\n<p>\u00ab\u00a0La r\u00e9volution en pratique\u00a0\u00bb, paru dans <em>Le R\u00e9veil communiste-anarchiste<\/em>, n\u00b0 599, 14 octobre 1922. <a href=\"http:\/\/sinedjib.com\/index.php\/2019\/04\/14\/malatesta-13\/\">Lien<\/a><\/p>\n\n\n\n<p>\u00ab\u00a0Encore sur la r\u00e9volution en pratique\u00a0\u00bb, paru dans&nbsp;<em>Le R\u00e9veil communiste-anarchiste<\/em>, n\u00b0 600, 28 octobre 1922. <a href=\"http:\/\/sinedjib.com\/index.php\/2019\/04\/16\/malatesta-14\/\">Lien<\/a><\/p>\n\n\n\n<p>\u00ab\u00a0Pour la prochaine insurrection\u00a0\u00bb, paru dans&nbsp;<em>Le R\u00e9veil communiste-anarchiste<\/em>, n\u00b0 609, 24 f\u00e9vrier 1923. <a href=\"http:\/\/sinedjib.com\/index.php\/2019\/05\/13\/malatesta-19\/\">Lien<\/a><\/p>\n\n\n\n<p>\u00ab\u00a0La le\u00e7on de l\u2019ennemi\u00a0\u00bb, paru dans&nbsp;<em>Le R\u00e9veil communiste-anarchiste<\/em>,&nbsp;n\u00b0 615, 19 mai 1923. <a href=\"https:\/\/sinedjib.com\/index.php\/2021\/06\/17\/errico-malatesta-la-lecon-de-lennemi\/\">Lien<\/a><\/p>\n\n\n\n<p>Errico Malatesta et Luigi Bertoni, \u00ab\u00a0Le probl\u00e8me de la violence\u00a0\u00bb, paru dans&nbsp;<em>Le R\u00e9veil communiste-anarchiste<\/em>, n\u00b0 623, 15 septembre 1923. <a href=\"https:\/\/sinedjib.com\/index.php\/2021\/06\/19\/errico-malatesta-et-luigi-bertoni-le-probleme-de-la-violence\/\">Lien<\/a><\/p>\n\n\n\n<p>\u00ab\u00a0Dictature et r\u00e9volution\u00a0\u00bb, paru dans <em>Le R\u00e9veil communiste-anarchiste<\/em>, n\u00b0 635, 1er mars 1924. <a href=\"http:\/\/sinedjib.com\/index.php\/2019\/10\/20\/malatesta-29\/\">Lien<\/a><\/p>\n\n\n\n<p>\u00ab\u00a0D\u00e9mocratie et anarchie\u00a0\u00bb, paru dans&nbsp;<em>Le R\u00e9veil communiste-anarchiste<\/em>, n\u00b0 637, 29 mars 1924. <a href=\"https:\/\/sinedjib.com\/index.php\/2021\/06\/21\/errico-malatesta-democratie-et-anarchie\/\">Lien<\/a><\/p>\n\n\n\n<p>\u00ab\u00a0Autour de \u00ab\u00a0notre\u00a0\u00bb anarchisme\u00a0\u00bb, paru dans <em>Le R\u00e9veil communiste-anarchiste<\/em>, n\u00b0 639, 26 avril 1924. <a href=\"http:\/\/sinedjib.com\/index.php\/2019\/08\/28\/malatesta-28\/\">Lien<\/a><\/p>\n\n\n\n<p>\u00ab\u00a0Opinion populaire et criminalit\u00e9. Effet moralisateur du fascisme\u00a0\u00bb, paru dans&nbsp;<em>Le R\u00e9veil communiste-anarchiste<\/em>, n\u00b0 648, 30 ao\u00fbt 1924. <a href=\"https:\/\/sinedjib.com\/index.php\/2021\/06\/15\/errico-malatesta-opinion-populaire-et-criminalite-effet-moralisateur-du-fascisme\/\">Lien<\/a><\/p>\n\n\n\n<p>\u00ab\u00a0La Terreur r\u00e9volutionnaire. En vue d&rsquo;un avenir qui pourrait \u00eatre prochain\u00a0\u00bb, paru dans <em>Le R\u00e9veil communiste-anarchiste<\/em>, n\u00b0 652, 25 octobre 1924. <a href=\"http:\/\/sinedjib.com\/index.php\/2019\/10\/25\/malatesta-31\/\">Lien<\/a><\/p>\n\n\n\n<p>\u00ab\u00a0La Constituante. Une question \u00e0 discuter\u00a0\u00bb, paru dans <em>Le R\u00e9veil communiste-anarchiste<\/em>, n\u00b0 653, 8 novembre 1924. <a href=\"http:\/\/sinedjib.com\/index.php\/2019\/03\/08\/malatesta-11\/\">Lien<\/a><\/p>\n\n\n\n<p>\u00ab\u00a0Constituante et dictature\u00a0\u00bb, paru dans <em>Le R\u00e9veil communiste-anarchiste<\/em>, n\u00b0 656, 20 d\u00e9cembre 1924. <a href=\"http:\/\/sinedjib.com\/index.php\/2019\/04\/01\/malatesta-12\/\">Lien<\/a><\/p>\n\n\n\n<p>\u00ab\u00a0Socialisme et parlementarisme\u00a0\u00bb, paru dans&nbsp;<em>Le R\u00e9veil communiste-anarchiste<\/em>,&nbsp;n\u00b0 677, 17 octobre 1925. <a href=\"https:\/\/sinedjib.com\/index.php\/2021\/07\/01\/errico-malatesta-socialisme-et-parlementarisme\/\">Lien<\/a><\/p>\n\n\n\n<p>\u00ab\u00a0Ni pour la d\u00e9mocratie, ni pour la dictature : anarchistes\u00a0\u00bb, paru dans <em>Le R\u00e9veil anarchiste<\/em>, n\u00b0 694, 12 juin 1926. <a href=\"http:\/\/sinedjib.com\/index.php\/2019\/10\/28\/malatesta-32\/\">Lien<\/a><\/p>\n\n\n\n<p>\u00ab\u00a0Les Bandits tragiques\u00a0\u00bb, paru dans <em>Le R\u00e9veil anarchiste<\/em>, n\u00b0 730, 29 octobre 1927. <a href=\"http:\/\/sinedjib.com\/index.php\/2018\/12\/28\/malatesta-8\/\">Lien<\/a><\/p>\n\n\n\n<p>\u00ab\u00a0Le droit de juger\u00a0\u00bb, paru dans <em>Le R\u00e9veil anarchiste<\/em>, n\u00b0 742, 14 avril 1928 <a href=\"http:\/\/sinedjib.com\/index.php\/2018\/12\/22\/malatesta-6\/\">Lien<\/a><\/p>\n\n\n\n<p>\u00ab\u00a0La violence et la r\u00e9volution\u00a0\u00bb,  paru dans <em>Le R\u00e9veil anarchiste<\/em>, n\u00b0 743, 1er mai 1928. <a href=\"http:\/\/sinedjib.com\/index.php\/2018\/12\/18\/malatesta-5\/\">Lien<\/a><\/p>\n\n\n\n<p>\u00ab\u00a0Le probl\u00e8me de l&rsquo;amour\u00a0\u00bb, paru dans <em>Le R\u00e9veil anarchiste<\/em>, n\u00b0 743, 1er mai 1928. <a href=\"http:\/\/sinedjib.com\/index.php\/2018\/12\/24\/malatesta-7\/\">Lien <\/a><\/p>\n\n\n\n<p>\u00ab\u00a0Chr\u00e9tien ?\u00a0\u00bb,  paru dans <em>Le R\u00e9veil anarchiste<\/em>, n\u00b0 765, 9 mars 1929. <a href=\"http:\/\/sinedjib.com\/index.php\/2018\/12\/30\/malatesta-9\/\">Lien<\/a><\/p>\n\n\n\n<p>\u00ab\u00a0Graduelisme\u00a0\u00bb,  paru dans&nbsp;<em>Le R\u00e9veil anarchiste<\/em>, n\u00b0 779, 21 septembre 1929. <a href=\"http:\/\/sinedjib.com\/index.php\/2019\/05\/11\/malatesta-18\/\">Lien<\/a><\/p>\n\n\n\n<p>\u00ab\u00a0Quelques consid\u00e9rations sur le r\u00e9gime de propri\u00e9t\u00e9 apr\u00e8s la r\u00e9volution\u00a0\u00bb, paru dans <em>Le R\u00e9veil anarchiste<\/em>, n\u00b0 784, 30 novembre 1929. <a href=\"http:\/\/sinedjib.com\/index.php\/2019\/08\/26\/malatesta-27\/\">Lien<\/a><\/p>\n\n\n\n<p>\u00ab\u00a0Comment concevoir la r\u00e9volution\u00a0\u00bb, paru dans&nbsp;<em>Le R\u00e9veil anarchiste<\/em>, n\u00b0 791, 8 mars 1930. <a href=\"http:\/\/sinedjib.com\/index.php\/2019\/04\/24\/malatesta-16\/\">Lien<\/a><\/p>\n\n\n\n<p>\u00ab\u00a0Contre la Constituante et contre la Dictature\u00a0\u00bb, paru dans&nbsp;<em>Le R\u00e9veil anarchiste<\/em>, n\u00b0 808, 1er novembre 1930. <a href=\"http:\/\/sinedjib.com\/index.php\/2019\/04\/20\/malatesta-15\/\">Lien<\/a><\/p>\n\n\n\n<p>\u00ab\u00a0R\u00e9p\u00e9titions autoritaires\u00a0\u00bb, paru dans&nbsp;<em>Le R\u00e9veil anarchiste<\/em>, n\u00b0 821, 1er mai 1931. <a href=\"https:\/\/sinedjib.com\/index.php\/2021\/07\/03\/errico-malatesta-repetitions-autoritaires\/\">Lien<\/a><\/p>\n\n\n\n<p>\u00ab\u00a0Anarchistes et \u00e9lections\u00a0\u00bb, paru dans <em>Le R\u00e9veil anarchiste<\/em>, n\u00b0 885, 4 novembre 1933. <a href=\"http:\/\/sinedjib.com\/index.php\/2018\/12\/11\/malatesta-3\/\">Lien<\/a><\/p>\n\n\n\n<p>\u00ab\u00a0Notre programme\u00a0\u00bb, paru dans <em>Le R\u00e9veil anarchiste<\/em>, n\u00b0 892, 17 f\u00e9vrier 1934. <a href=\"http:\/\/sinedjib.com\/index.php\/2018\/12\/04\/programme\/\">Lien<\/a><\/p>\n\n\n\n<p>\u00ab\u00a0Allons au peuple\u00a0\u00bb, paru dans <em>Le R\u00e9veil anarchiste<\/em>, n\u00b0 900, 9 juin 1934. <a href=\"http:\/\/sinedjib.com\/index.php\/2018\/08\/15\/malatesta\/\">Lien<\/a><\/p>\n\n\n\n<p>\u00ab\u00a0Anarchisme et amoralisme\u00a0\u00bb, paru dans <em>Le R\u00e9veil anarchiste<\/em>, n\u00b0 906, 8 septembre 1934. <a href=\"http:\/\/sinedjib.com\/index.php\/2018\/08\/17\/malatesta-2\/\">Lien<\/a><\/p>\n\n\n\n<p>\u00ab\u00a0Questions r\u00e9volutionnaires\u00a0\u00bb, paru dans <em>Le R\u00e9veil anarchiste<\/em>, n\u00b0 907, 22 septembre 1934. <a href=\"http:\/\/sinedjib.com\/index.php\/2018\/12\/16\/malatesta-4\/\">Lien<\/a><\/p>\n\n\n\n<p>\u00ab\u00a0D\u00e9molissions. Et apr\u00e8s ?\u00a0\u00bb, paru dans <em>Le R\u00e9veil anarchiste<\/em>, n\u00b0 922, 1er mai 1935. <a href=\"http:\/\/sinedjib.com\/index.php\/2019\/08\/05\/malatesta-26\/\">Lien<\/a><\/p>\n\n\n\n<p>\u00ab\u00a0La question du vote\u00a0\u00bb, paru dans&nbsp;<em>Le R\u00e9veil anarchiste<\/em>, n\u00b0 944, 15 mars 1936. <a href=\"http:\/\/sinedjib.com\/index.php\/2019\/05\/09\/malatesta-17\/\">Lien<\/a><\/p>\n\n\n\n<p>\u00ab\u00a0Contre la monarchie. Appel \u00e0 tous les hommes de progr\u00e8s\u00a0\u00bb, paru dans <em>Le R\u00e9veil anarchiste<\/em>, n\u00b0 962, 12 d\u00e9cembre 1936. <a href=\"http:\/\/sinedjib.com\/index.php\/2019\/07\/29\/malatesta-25\/\">Lien<\/a><\/p>\n\n\n\n<p>\u00ab\u00a0La R\u00e9volution\u00a0\u00bb,  paru dans <em>Le R\u00e9veil anarchiste<\/em>, n\u00b0 1026, 22 juillet 1939. <a href=\"http:\/\/sinedjib.com\/index.php\/2019\/02\/28\/malatesta-10\/\">Lien<\/a><\/p>\n","protected":false},"excerpt":{"rendered":"<p>Cette page recense les 40 articles d&rsquo;Errico Malatesta publi\u00e9s sur ce site depuis le 15 ao\u00fbt 2018. \u00ab\u00a0Le suffrage universel\u00a0\u00bb, paru en deux parties dans Le R\u00e9veil socialiste-anarchiste, n\u00b0 161, 24 f\u00e9vrier 1906 et n\u00b0 162, 10 mars 1906. Lien \u00ab\u00a0Le principe d&rsquo;organisation\u00a0\u00bb, paru dans Le R\u00e9veil socialiste-anarchiste, n\u00b0 293, 12 novembre 1910. Lien \u00ab\u00a0\u00c9conomie [&hellip;]<\/p>\n","protected":false},"author":1,"featured_media":0,"parent":5483,"menu_order":0,"comment_status":"closed","ping_status":"closed","template":"","meta":{"jetpack_post_was_ever_published":false,"footnotes":""},"class_list":["post-5903","page","type-page","status-publish","hentry"],"jetpack_sharing_enabled":true,"jetpack_shortlink":"https:\/\/wp.me\/P9lTYU-1xd","jetpack_likes_enabled":true,"jetpack-related-posts":[{"id":6832,"url":"https:\/\/sinedjib.com\/index.php\/ressources\/le-reveil\/","url_meta":{"origin":5903,"position":0},"title":"Le R\u00e9veil","author":"SiNedjib","date":"25\/01\/2020","format":false,"excerpt":"Cette page recense les 10 articles du R\u00e9veil publi\u00e9s sur ce site depuis le 8 juin 2019. Le journal, d'abord intitul\u00e9 Le R\u00e9veil socialiste-anarchiste, a paru de 1900 \u00e0 1946. Les sommaires sont consultables sur le site Archives Autonomies. Les textes d'Errico Malatesta sont disponibles via ce lien. Georges Herzig,\u2026","rel":"","context":"Article similaire","block_context":{"text":"Article similaire","link":""},"img":{"alt_text":"","src":"","width":0,"height":0},"classes":[]},{"id":21617,"url":"https:\/\/sinedjib.com\/index.php\/index-auteurs\/","url_meta":{"origin":5903,"position":1},"title":"Index des auteurs","author":"SiNedjib","date":"16\/03\/2024","format":false,"excerpt":"Cette page pr\u00e9sente un index des 34 auteurs dont 5 textes - ou plus - ont \u00e9t\u00e9 retranscrits sur ce site depuis 2013. La liste sera progressivement compl\u00e9t\u00e9e avec l'ensemble des contributeurs. AIT AHMED Hocine ; AMAZIT Idir ; BOUNANE Akli ; BOUSSEL Pierre (LAMBERT Pierre) ; BRETON Andr\u00e9 ;\u2026","rel":"","context":"Article similaire","block_context":{"text":"Article similaire","link":""},"img":{"alt_text":"","src":"","width":0,"height":0},"classes":[]},{"id":16653,"url":"https:\/\/sinedjib.com\/index.php\/la-nation-socialiste\/","url_meta":{"origin":5903,"position":2},"title":"La Nation socialiste","author":"SiNedjib","date":"18\/07\/2022","format":false,"excerpt":"Cette page recense les 10 articles de La Nation socialiste publi\u00e9s sur ce site depuis le 12 juillet 2015. Ce journal a \u00e9t\u00e9 fond\u00e9 en 1956 par Auguste Lec\u0153ur. Claude G\u00e9rard, \"De Belle-Ile-en-Mer \u00e0 Chantilly avec Messali Hadj\", paru dans\u00a0La Nation socialiste, f\u00e9vrier 1959. Lien Pierre Herv\u00e9, \"Ce que signifie\u2026","rel":"","context":"Article similaire","block_context":{"text":"Article similaire","link":""},"img":{"alt_text":"","src":"https:\/\/i0.wp.com\/sinedjib.com\/wp-content\/uploads\/2015\/07\/La-Nation-socialiste-juillet-1962.png?resize=350%2C200&ssl=1","width":350,"height":200},"classes":[]},{"id":22320,"url":"https:\/\/sinedjib.com\/index.php\/la-pensee-socialiste\/","url_meta":{"origin":5903,"position":3},"title":"La Pens\u00e9e socialiste","author":"SiNedjib","date":"17\/03\/2024","format":false,"excerpt":"Cette page recense les 5 articles de La Pens\u00e9e socialiste publi\u00e9s sur ce site depuis le 22 janvier 2024. La revue, fond\u00e9e par Jean Rous, a paru de 1946 \u00e0 1948. Jean Cotereau, \"Socialisme et cl\u00e9ricalisme en 1946\", paru dans\u00a0La Pens\u00e9e socialiste, n\u00b0 6, juillet 1946. Lien Yves Dech\u00e9zelles, \"Les\u2026","rel":"","context":"Article similaire","block_context":{"text":"Article similaire","link":""},"img":{"alt_text":"","src":"https:\/\/i0.wp.com\/sinedjib.com\/wp-content\/uploads\/2024\/01\/La-Pensee-socialiste-juillet-1946-scaled.jpg?resize=350%2C200&ssl=1","width":350,"height":200,"srcset":"https:\/\/i0.wp.com\/sinedjib.com\/wp-content\/uploads\/2024\/01\/La-Pensee-socialiste-juillet-1946-scaled.jpg?resize=350%2C200&ssl=1 1x, https:\/\/i0.wp.com\/sinedjib.com\/wp-content\/uploads\/2024\/01\/La-Pensee-socialiste-juillet-1946-scaled.jpg?resize=525%2C300&ssl=1 1.5x, https:\/\/i0.wp.com\/sinedjib.com\/wp-content\/uploads\/2024\/01\/La-Pensee-socialiste-juillet-1946-scaled.jpg?resize=700%2C400&ssl=1 2x, https:\/\/i0.wp.com\/sinedjib.com\/wp-content\/uploads\/2024\/01\/La-Pensee-socialiste-juillet-1946-scaled.jpg?resize=1050%2C600&ssl=1 3x, https:\/\/i0.wp.com\/sinedjib.com\/wp-content\/uploads\/2024\/01\/La-Pensee-socialiste-juillet-1946-scaled.jpg?resize=1400%2C800&ssl=1 4x"},"classes":[]},{"id":22302,"url":"https:\/\/sinedjib.com\/index.php\/correspondance-socialiste-internationale\/","url_meta":{"origin":5903,"position":4},"title":"Correspondance Socialiste Internationale","author":"SiNedjib","date":"17\/03\/2024","format":false,"excerpt":"Cette page recense les 6 articles de Correspondance Socialiste Internationale publi\u00e9s sur ce site depuis le 5 janvier 2024. La revue, fond\u00e9e par Marceau Pivert, a paru de 1950 \u00e0 1960. Marceau Pivert, \"Albert Camus, \u00ab\u00a0L\u2019Homme r\u00e9volt\u00e9\u00a0\u00bb (Gallimard)\", paru dans\u00a0Correspondance Socialiste Internationale, mai 1952. Lien Marceau Pivert, \"Assez de crimes\u2026","rel":"","context":"Article similaire","block_context":{"text":"Article similaire","link":""},"img":{"alt_text":"","src":"https:\/\/i0.wp.com\/sinedjib.com\/wp-content\/uploads\/2024\/03\/CSI-novembre-1957.png?resize=350%2C200&ssl=1","width":350,"height":200,"srcset":"https:\/\/i0.wp.com\/sinedjib.com\/wp-content\/uploads\/2024\/03\/CSI-novembre-1957.png?resize=350%2C200&ssl=1 1x, https:\/\/i0.wp.com\/sinedjib.com\/wp-content\/uploads\/2024\/03\/CSI-novembre-1957.png?resize=525%2C300&ssl=1 1.5x"},"classes":[]},{"id":8513,"url":"https:\/\/sinedjib.com\/index.php\/bulletin-de-liaison\/","url_meta":{"origin":5903,"position":5},"title":"Bulletin de liaison","author":"SiNedjib","date":"23\/05\/2020","format":false,"excerpt":"Cette page recense les 6 articles du Bulletin de liaison publi\u00e9s sur ce site depuis le 24 octobre 2019. L\u2019organe du Comit\u00e9 national de d\u00e9fense de la r\u00e9volution (li\u00e9 au Parti de la r\u00e9volution socialiste cr\u00e9\u00e9 par Mohamed Boudiaf)\u00a0a paru de 1965 \u00e0 1967. \"Aust\u00e9rit\u00e9 pour qui ?\", paru dans\u2026","rel":"","context":"Article similaire","block_context":{"text":"Article similaire","link":""},"img":{"alt_text":"","src":"https:\/\/i0.wp.com\/sinedjib.com\/wp-content\/uploads\/2020\/01\/Bulletin-de-liaison-d%C3%A9cembre-1965.png?resize=350%2C200&ssl=1","width":350,"height":200},"classes":[]}],"_links":{"self":[{"href":"https:\/\/sinedjib.com\/index.php\/wp-json\/wp\/v2\/pages\/5903","targetHints":{"allow":["GET"]}}],"collection":[{"href":"https:\/\/sinedjib.com\/index.php\/wp-json\/wp\/v2\/pages"}],"about":[{"href":"https:\/\/sinedjib.com\/index.php\/wp-json\/wp\/v2\/types\/page"}],"author":[{"embeddable":true,"href":"https:\/\/sinedjib.com\/index.php\/wp-json\/wp\/v2\/users\/1"}],"replies":[{"embeddable":true,"href":"https:\/\/sinedjib.com\/index.php\/wp-json\/wp\/v2\/comments?post=5903"}],"version-history":[{"count":8,"href":"https:\/\/sinedjib.com\/index.php\/wp-json\/wp\/v2\/pages\/5903\/revisions"}],"predecessor-version":[{"id":13251,"href":"https:\/\/sinedjib.com\/index.php\/wp-json\/wp\/v2\/pages\/5903\/revisions\/13251"}],"up":[{"embeddable":true,"href":"https:\/\/sinedjib.com\/index.php\/wp-json\/wp\/v2\/pages\/5483"}],"wp:attachment":[{"href":"https:\/\/sinedjib.com\/index.php\/wp-json\/wp\/v2\/media?parent=5903"}],"curies":[{"name":"wp","href":"https:\/\/api.w.org\/{rel}","templated":true}]}}