{"id":6367,"date":"2019-10-21T12:39:11","date_gmt":"2019-10-21T10:39:11","guid":{"rendered":"http:\/\/sinedjib.com\/?page_id=6367"},"modified":"2025-10-03T16:38:36","modified_gmt":"2025-10-03T14:38:36","slug":"et-thaoura","status":"publish","type":"page","link":"https:\/\/sinedjib.com\/index.php\/ressources\/et-thaoura\/","title":{"rendered":"Et-thaoura"},"content":{"rendered":"\n<div class=\"wp-block-media-text alignwide is-stacked-on-mobile is-image-fill-element\"><figure class=\"wp-block-media-text__media\"><img data-recalc-dims=\"1\" loading=\"lazy\" decoding=\"async\" width=\"398\" height=\"599\" data-attachment-id=\"6362\" data-permalink=\"https:\/\/sinedjib.com\/index.php\/2019\/10\/21\/detenus\/et-thaoura-juillet-1984\/\" data-orig-file=\"https:\/\/i0.wp.com\/sinedjib.com\/wp-content\/uploads\/2019\/10\/Et-thaoura-juillet-1984.png?fit=398%2C599&amp;ssl=1\" data-orig-size=\"398,599\" data-comments-opened=\"1\" data-image-meta=\"{&quot;aperture&quot;:&quot;0&quot;,&quot;credit&quot;:&quot;&quot;,&quot;camera&quot;:&quot;&quot;,&quot;caption&quot;:&quot;&quot;,&quot;created_timestamp&quot;:&quot;0&quot;,&quot;copyright&quot;:&quot;&quot;,&quot;focal_length&quot;:&quot;0&quot;,&quot;iso&quot;:&quot;0&quot;,&quot;shutter_speed&quot;:&quot;0&quot;,&quot;title&quot;:&quot;&quot;,&quot;orientation&quot;:&quot;0&quot;}\" data-image-title=\"Et-thaoura juillet 1984\" data-image-description=\"\" data-image-caption=\"\" data-medium-file=\"https:\/\/i0.wp.com\/sinedjib.com\/wp-content\/uploads\/2019\/10\/Et-thaoura-juillet-1984.png?fit=199%2C300&amp;ssl=1\" data-large-file=\"https:\/\/i0.wp.com\/sinedjib.com\/wp-content\/uploads\/2019\/10\/Et-thaoura-juillet-1984.png?fit=398%2C599&amp;ssl=1\" src=\"https:\/\/i0.wp.com\/sinedjib.com\/wp-content\/uploads\/2019\/10\/Et-thaoura-juillet-1984.png?resize=398%2C599&#038;ssl=1\" alt=\"\" class=\"wp-image-6362 size-full\" style=\"object-position:48% 0%\" srcset=\"https:\/\/i0.wp.com\/sinedjib.com\/wp-content\/uploads\/2019\/10\/Et-thaoura-juillet-1984.png?w=398&amp;ssl=1 398w, https:\/\/i0.wp.com\/sinedjib.com\/wp-content\/uploads\/2019\/10\/Et-thaoura-juillet-1984.png?resize=199%2C300&amp;ssl=1 199w\" sizes=\"auto, (max-width: 398px) 100vw, 398px\" \/><\/figure><div class=\"wp-block-media-text__content\">\n<p class=\"has-large-font-size\"><strong>Cette page recense les 8 articles d&rsquo;<\/strong><em><strong>Et-thaoura<\/strong><\/em><strong> publi\u00e9s sur ce site depuis le 9 janvier 2019.<\/strong> <strong>Ce journal marxiste r\u00e9volutionnaire d&rsquo;Alg\u00e9rie, h\u00e9berg\u00e9 par <a href=\"https:\/\/www.universalis.fr\/encyclopedie\/marcel-gauchet\/\" target=\"_blank\" rel=\"noreferrer noopener\">Marcel Gauchet<\/a>, a paru de 1981 \u00e0 1984<\/strong>.<\/p>\n<\/div><\/div>\n\n\n\n<hr class=\"wp-block-separator has-alpha-channel-opacity\"\/>\n\n\n\n<p>\u00ab\u00a0Les masses marocaines aussi\u2026\u00a0\u00bb, <em>Et-Thaoura<\/em>, n\u00b0 2, ao\u00fbt 1981. <a href=\"https:\/\/sinedjib.com\/index.php\/2025\/10\/03\/marocaines\/\">Lien<\/a><\/p>\n\n\n\n<div class=\"wp-block-media-text alignwide has-media-on-the-right is-stacked-on-mobile is-image-fill-element\"><div class=\"wp-block-media-text__content\">\n<p>Safia Bentayeb, \u00ab\u00a0Code de la famille et luttes des femmes\u00a0\u00bb, paru dans <em>Et-thaoura<\/em>, n\u00b0 3, mai 1982. <a href=\"http:\/\/sinedjib.com\/index.php\/2019\/04\/23\/femmes-2\/\">Lien<\/a><\/p>\n\n\n\n<p>\u00ab\u00a0Nous n&rsquo;irons pas \u00e0 Madrid !\u00a0\u00bb, paru dans <em>et-Thaoura<\/em>, n\u00b0 3, mai 1982. <a href=\"http:\/\/sinedjib.com\/index.php\/2019\/01\/11\/madrid\/\">Lien<\/a><\/p>\n<\/div><figure class=\"wp-block-media-text__media\"><img data-recalc-dims=\"1\" loading=\"lazy\" decoding=\"async\" width=\"338\" height=\"485\" data-attachment-id=\"4799\" data-permalink=\"https:\/\/sinedjib.com\/index.php\/2019\/01\/11\/madrid\/et-thaoura-mai-1982\/\" data-orig-file=\"https:\/\/i0.wp.com\/sinedjib.com\/wp-content\/uploads\/2019\/01\/Et-Thaoura-mai-1982.png?fit=338%2C485&amp;ssl=1\" data-orig-size=\"338,485\" data-comments-opened=\"1\" data-image-meta=\"{&quot;aperture&quot;:&quot;0&quot;,&quot;credit&quot;:&quot;&quot;,&quot;camera&quot;:&quot;&quot;,&quot;caption&quot;:&quot;&quot;,&quot;created_timestamp&quot;:&quot;0&quot;,&quot;copyright&quot;:&quot;&quot;,&quot;focal_length&quot;:&quot;0&quot;,&quot;iso&quot;:&quot;0&quot;,&quot;shutter_speed&quot;:&quot;0&quot;,&quot;title&quot;:&quot;&quot;,&quot;orientation&quot;:&quot;0&quot;}\" data-image-title=\"Et Thaoura mai 1982\" data-image-description=\"\" data-image-caption=\"\" data-medium-file=\"https:\/\/i0.wp.com\/sinedjib.com\/wp-content\/uploads\/2019\/01\/Et-Thaoura-mai-1982.png?fit=209%2C300&amp;ssl=1\" data-large-file=\"https:\/\/i0.wp.com\/sinedjib.com\/wp-content\/uploads\/2019\/01\/Et-Thaoura-mai-1982.png?fit=338%2C485&amp;ssl=1\" src=\"https:\/\/i0.wp.com\/sinedjib.com\/wp-content\/uploads\/2019\/01\/Et-Thaoura-mai-1982.png?resize=338%2C485\" alt=\"\" class=\"wp-image-4799 size-full\" style=\"object-position:54% 34%\" srcset=\"https:\/\/i0.wp.com\/sinedjib.com\/wp-content\/uploads\/2019\/01\/Et-Thaoura-mai-1982.png?w=338&amp;ssl=1 338w, https:\/\/i0.wp.com\/sinedjib.com\/wp-content\/uploads\/2019\/01\/Et-Thaoura-mai-1982.png?resize=209%2C300&amp;ssl=1 209w\" sizes=\"auto, (max-width: 338px) 100vw, 338px\" \/><\/figure><\/div>\n\n\n\n<div class=\"wp-block-media-text alignwide is-stacked-on-mobile is-image-fill-element\"><figure class=\"wp-block-media-text__media\"><img data-recalc-dims=\"1\" loading=\"lazy\" decoding=\"async\" width=\"358\" height=\"520\" data-attachment-id=\"4784\" data-permalink=\"https:\/\/sinedjib.com\/index.php\/2019\/01\/09\/football-2\/et-thaoura-avril-1983\/\" data-orig-file=\"https:\/\/i0.wp.com\/sinedjib.com\/wp-content\/uploads\/2019\/01\/Et-Thaoura-avril-1983.png?fit=358%2C520&amp;ssl=1\" data-orig-size=\"358,520\" data-comments-opened=\"1\" data-image-meta=\"{&quot;aperture&quot;:&quot;0&quot;,&quot;credit&quot;:&quot;&quot;,&quot;camera&quot;:&quot;&quot;,&quot;caption&quot;:&quot;&quot;,&quot;created_timestamp&quot;:&quot;0&quot;,&quot;copyright&quot;:&quot;&quot;,&quot;focal_length&quot;:&quot;0&quot;,&quot;iso&quot;:&quot;0&quot;,&quot;shutter_speed&quot;:&quot;0&quot;,&quot;title&quot;:&quot;&quot;,&quot;orientation&quot;:&quot;0&quot;}\" data-image-title=\"Et Thaoura avril 1983\" data-image-description=\"\" data-image-caption=\"\" data-medium-file=\"https:\/\/i0.wp.com\/sinedjib.com\/wp-content\/uploads\/2019\/01\/Et-Thaoura-avril-1983.png?fit=207%2C300&amp;ssl=1\" data-large-file=\"https:\/\/i0.wp.com\/sinedjib.com\/wp-content\/uploads\/2019\/01\/Et-Thaoura-avril-1983.png?fit=358%2C520&amp;ssl=1\" src=\"https:\/\/i0.wp.com\/sinedjib.com\/wp-content\/uploads\/2019\/01\/Et-Thaoura-avril-1983.png?resize=358%2C520&#038;ssl=1\" alt=\"\" class=\"wp-image-4784 size-full\" style=\"object-position:50% 32%\" srcset=\"https:\/\/i0.wp.com\/sinedjib.com\/wp-content\/uploads\/2019\/01\/Et-Thaoura-avril-1983.png?w=358&amp;ssl=1 358w, https:\/\/i0.wp.com\/sinedjib.com\/wp-content\/uploads\/2019\/01\/Et-Thaoura-avril-1983.png?resize=207%2C300&amp;ssl=1 207w\" sizes=\"auto, (max-width: 358px) 100vw, 358px\" \/><\/figure><div class=\"wp-block-media-text__content\">\n<p>Assia Khalifa, \u00ab\u00a0Nationalisme et football\u00a0\u00bb, paru dans <em>et-Thaoura<\/em>, n\u00b0 4, avril 1983. <a href=\"http:\/\/sinedjib.com\/index.php\/2019\/01\/09\/football-2\/\">Lien<\/a><\/p>\n\n\n\n<p>Malika Lies, \u00ab\u00a0La vermine fasciste a frapp\u00e9 \u00e0 Alger\u00a0\u00bb, paru dans <em>et-Thaoura<\/em>, n\u00b0 4, avril 1983. <a href=\"http:\/\/sinedjib.com\/index.php\/2019\/01\/17\/fasciste\/\">Lien<\/a><\/p>\n<\/div><\/div>\n\n\n\n<p>Safia Bentayeb, \u00ab\u00a0Code de la famille : le statu-quo\u00a0\u00bb, paru dans <em>Et-thaoura<\/em>,&nbsp;n\u00b0 5, automne 1983. <a href=\"https:\/\/sinedjib.com\/index.php\/2020\/05\/08\/code-famille-2\/\">Lien<\/a><\/p>\n\n\n\n<p>Safia Bentayeb, \u00ab\u00a0R\u00e9flexions sur le code de la famille\u00a0\u00bb, paru dans <em>Et-thaoura<\/em>, n\u00b0 6, hiver 1984. <a href=\"https:\/\/sinedjib.com\/index.php\/2020\/05\/10\/code-famille-3\/\">Lien<\/a><\/p>\n\n\n\n<p>Khalid Mahmoud, \u00ab\u00a0Le Comit\u00e9 pour la lib\u00e9ration des d\u00e9tenus politiques en Alg\u00e9rie\u00a0\u00bb, paru dans <em>Et-thaoura<\/em>, n\u00b0 7, juillet-ao\u00fbt 1984. <a href=\"http:\/\/sinedjib.com\/index.php\/2019\/10\/21\/detenus\/\">Lien<\/a><\/p>\n","protected":false},"excerpt":{"rendered":"<p>Cette page recense les 8 articles d&rsquo;Et-thaoura publi\u00e9s sur ce site depuis le 9 janvier 2019. Ce journal marxiste r\u00e9volutionnaire d&rsquo;Alg\u00e9rie, h\u00e9berg\u00e9 par Marcel Gauchet, a paru de 1981 \u00e0 1984. \u00ab\u00a0Les masses marocaines aussi\u2026\u00a0\u00bb, Et-Thaoura, n\u00b0 2, ao\u00fbt 1981. Lien Safia Bentayeb, \u00ab\u00a0Code de la famille et luttes des femmes\u00a0\u00bb, paru dans Et-thaoura, n\u00b0 [&hellip;]<\/p>\n","protected":false},"author":1,"featured_media":0,"parent":5483,"menu_order":0,"comment_status":"closed","ping_status":"closed","template":"","meta":{"jetpack_post_was_ever_published":false,"footnotes":""},"class_list":["post-6367","page","type-page","status-publish","hentry"],"jetpack_sharing_enabled":true,"jetpack_shortlink":"https:\/\/wp.me\/P9lTYU-1EH","jetpack_likes_enabled":true,"jetpack-related-posts":[{"id":22345,"url":"https:\/\/sinedjib.com\/index.php\/index-des-publications\/","url_meta":{"origin":6367,"position":0},"title":"Index des publications","author":"SiNedjib","date":"17\/03\/2024","format":false,"excerpt":"Cette page pr\u00e9sente un index des publications (bulletins, journaux, revues, etc.) dont cinq textes \u2013 ou plus \u2013 ont \u00e9t\u00e9 retranscrits sur ce site depuis 2012. La liste sera progressivement compl\u00e9t\u00e9e avec l\u2019ensemble des autres r\u00e9f\u00e9rences. A Alarme ; Alger R\u00e9publicain ; Alternative libertaire ; Arguments ; B Le Bolch\u00e9vik\u2026","rel":"","context":"Article similaire","block_context":{"text":"Article similaire","link":""},"img":{"alt_text":"","src":"","width":0,"height":0},"classes":[]},{"id":7,"url":"https:\/\/sinedjib.com\/index.php\/apropos\/","url_meta":{"origin":6367,"position":1},"title":"Pr\u00e9sentation","author":"Nedjib Sidi Moussa","date":"28\/10\/2012","format":false,"excerpt":"Je m'appelle Nedjib SIDI MOUSSA et je suis n\u00e9 en 1982 \u00e0 Valenciennes. Docteur en science politique (Universit\u00e9 Paris 1 Panth\u00e9on-Sorbonne), je me consacre \u00e0 l'\u00e9criture et \u00e0 l'enseignement en r\u00e9gion parisienne. Pour de plus amples informations, je vous invite \u00e0 consulter mon CV scientifique. On trouvera sur ce site\u2026","rel":"","context":"Article similaire","block_context":{"text":"Article similaire","link":""},"img":{"alt_text":"","src":"https:\/\/i0.wp.com\/sinedjib.com\/wp-content\/uploads\/2026\/01\/2026-01-17-Alger.jpeg?resize=350%2C200&ssl=1","width":350,"height":200,"srcset":"https:\/\/i0.wp.com\/sinedjib.com\/wp-content\/uploads\/2026\/01\/2026-01-17-Alger.jpeg?resize=350%2C200&ssl=1 1x, https:\/\/i0.wp.com\/sinedjib.com\/wp-content\/uploads\/2026\/01\/2026-01-17-Alger.jpeg?resize=525%2C300&ssl=1 1.5x, https:\/\/i0.wp.com\/sinedjib.com\/wp-content\/uploads\/2026\/01\/2026-01-17-Alger.jpeg?resize=700%2C400&ssl=1 2x"},"classes":[]},{"id":16653,"url":"https:\/\/sinedjib.com\/index.php\/la-nation-socialiste\/","url_meta":{"origin":6367,"position":2},"title":"La Nation socialiste","author":"SiNedjib","date":"18\/07\/2022","format":false,"excerpt":"Cette page recense les 10 articles de La Nation socialiste publi\u00e9s sur ce site depuis le 12 juillet 2015. Ce journal a \u00e9t\u00e9 fond\u00e9 en 1956 par Auguste Lec\u0153ur. Claude G\u00e9rard, \"De Belle-Ile-en-Mer \u00e0 Chantilly avec Messali Hadj\", paru dans\u00a0La Nation socialiste, f\u00e9vrier 1959. Lien Pierre Herv\u00e9, \"Ce que signifie\u2026","rel":"","context":"Article similaire","block_context":{"text":"Article similaire","link":""},"img":{"alt_text":"","src":"https:\/\/i0.wp.com\/sinedjib.com\/wp-content\/uploads\/2015\/07\/La-Nation-socialiste-juillet-1962.png?resize=350%2C200&ssl=1","width":350,"height":200},"classes":[]},{"id":16665,"url":"https:\/\/sinedjib.com\/index.php\/realites-algeriennes\/","url_meta":{"origin":6367,"position":3},"title":"R\u00e9alit\u00e9s alg\u00e9riennes","author":"SiNedjib","date":"18\/07\/2022","format":false,"excerpt":"Cette page recense les 5 articles de R\u00e9alit\u00e9s alg\u00e9riennes publi\u00e9s sur ce site depuis le 18 juin 2022. Ce bulletin, \u00e9dit\u00e9 par le Mouvement national alg\u00e9rien, a paru de 1959 \u00e0 1962. \"L\u2019accord F.L.N.-O.A.S. : Il y a d\u2019autres r\u00e9conciliations \u00e0 faire !\", paru dans R\u00e9alit\u00e9s Alg\u00e9riennes, n\u00b0 23, juin\u2026","rel":"","context":"Article similaire","block_context":{"text":"Article similaire","link":""},"img":{"alt_text":"","src":"https:\/\/i0.wp.com\/sinedjib.com\/wp-content\/uploads\/2022\/06\/1962-06-Realites-23_00.jpg?resize=350%2C200&ssl=1","width":350,"height":200,"srcset":"https:\/\/i0.wp.com\/sinedjib.com\/wp-content\/uploads\/2022\/06\/1962-06-Realites-23_00.jpg?resize=350%2C200&ssl=1 1x, https:\/\/i0.wp.com\/sinedjib.com\/wp-content\/uploads\/2022\/06\/1962-06-Realites-23_00.jpg?resize=525%2C300&ssl=1 1.5x, https:\/\/i0.wp.com\/sinedjib.com\/wp-content\/uploads\/2022\/06\/1962-06-Realites-23_00.jpg?resize=700%2C400&ssl=1 2x, https:\/\/i0.wp.com\/sinedjib.com\/wp-content\/uploads\/2022\/06\/1962-06-Realites-23_00.jpg?resize=1050%2C600&ssl=1 3x"},"classes":[]},{"id":13912,"url":"https:\/\/sinedjib.com\/index.php\/bulletin-dinformations-du-ppa\/","url_meta":{"origin":6367,"position":4},"title":"Bulletin d&rsquo;informations du PPA","author":"SiNedjib","date":"10\/09\/2021","format":false,"excerpt":"Cette page recense les 5 articles du Bulletin d'informations du PPA publi\u00e9s sur ce site depuis le 5 juillet 2015. Ce p\u00e9riodique a \u00e9t\u00e9 lanc\u00e9 en juillet 1962 par le Parti du peuple alg\u00e9rien dirig\u00e9 par Messali Hadj. \"Editorial\", paru dans le Bulletin d\u2019informations du PPA, n\u00b0 1, juillet 1962.\u2026","rel":"","context":"Article similaire","block_context":{"text":"Article similaire","link":""},"img":{"alt_text":"","src":"https:\/\/i0.wp.com\/sinedjib.com\/wp-content\/uploads\/2015\/07\/1962-07-PPA-BI-1_01.jpg?resize=350%2C200&ssl=1","width":350,"height":200,"srcset":"https:\/\/i0.wp.com\/sinedjib.com\/wp-content\/uploads\/2015\/07\/1962-07-PPA-BI-1_01.jpg?resize=350%2C200&ssl=1 1x, https:\/\/i0.wp.com\/sinedjib.com\/wp-content\/uploads\/2015\/07\/1962-07-PPA-BI-1_01.jpg?resize=525%2C300&ssl=1 1.5x, https:\/\/i0.wp.com\/sinedjib.com\/wp-content\/uploads\/2015\/07\/1962-07-PPA-BI-1_01.jpg?resize=700%2C400&ssl=1 2x, https:\/\/i0.wp.com\/sinedjib.com\/wp-content\/uploads\/2015\/07\/1962-07-PPA-BI-1_01.jpg?resize=1050%2C600&ssl=1 3x"},"classes":[]},{"id":16671,"url":"https:\/\/sinedjib.com\/index.php\/tribune-ouvriere\/","url_meta":{"origin":6367,"position":5},"title":"Tribune ouvri\u00e8re","author":"SiNedjib","date":"18\/07\/2022","format":false,"excerpt":"Cette page recense les 8 articles de Tribune ouvri\u00e8re publi\u00e9s sur ce site depuis le 6 septembre 2016. Ce journal, anim\u00e9 par Jacques Gautrat dit Daniel Moth\u00e9, a paru de 1954 \u00e0 1962. Ses sommaires sont consultables sur le site Archives Autonomies. \"Retraite ou \u00e9mancipation\", paru dans Tribune ouvri\u00e8re, n\u00b0\u2026","rel":"","context":"Article similaire","block_context":{"text":"Article similaire","link":""},"img":{"alt_text":"","src":"https:\/\/i0.wp.com\/sinedjib.com\/wp-content\/uploads\/2022\/01\/Tribune-ouvriere-janvier-1962.png?resize=350%2C200&ssl=1","width":350,"height":200},"classes":[]}],"_links":{"self":[{"href":"https:\/\/sinedjib.com\/index.php\/wp-json\/wp\/v2\/pages\/6367","targetHints":{"allow":["GET"]}}],"collection":[{"href":"https:\/\/sinedjib.com\/index.php\/wp-json\/wp\/v2\/pages"}],"about":[{"href":"https:\/\/sinedjib.com\/index.php\/wp-json\/wp\/v2\/types\/page"}],"author":[{"embeddable":true,"href":"https:\/\/sinedjib.com\/index.php\/wp-json\/wp\/v2\/users\/1"}],"replies":[{"embeddable":true,"href":"https:\/\/sinedjib.com\/index.php\/wp-json\/wp\/v2\/comments?post=6367"}],"version-history":[{"count":3,"href":"https:\/\/sinedjib.com\/index.php\/wp-json\/wp\/v2\/pages\/6367\/revisions"}],"predecessor-version":[{"id":27337,"href":"https:\/\/sinedjib.com\/index.php\/wp-json\/wp\/v2\/pages\/6367\/revisions\/27337"}],"up":[{"embeddable":true,"href":"https:\/\/sinedjib.com\/index.php\/wp-json\/wp\/v2\/pages\/5483"}],"wp:attachment":[{"href":"https:\/\/sinedjib.com\/index.php\/wp-json\/wp\/v2\/media?parent=6367"}],"curies":[{"name":"wp","href":"https:\/\/api.w.org\/{rel}","templated":true}]}}