{"id":6698,"date":"2020-01-02T16:14:45","date_gmt":"2020-01-02T15:14:45","guid":{"rendered":"http:\/\/sinedjib.com\/?page_id=6698"},"modified":"2023-05-08T12:51:18","modified_gmt":"2023-05-08T10:51:18","slug":"el-oumami","status":"publish","type":"page","link":"https:\/\/sinedjib.com\/index.php\/ressources\/el-oumami\/","title":{"rendered":"El-Oumami"},"content":{"rendered":"\n<div class=\"wp-block-media-text alignwide is-stacked-on-mobile is-image-fill\"><figure class=\"wp-block-media-text__media\" style=\"background-image:url(http:\/\/sinedjib.com\/wp-content\/uploads\/2020\/03\/el-oumami-octobre-1978-1.png);background-position:50% 11%\"><img data-recalc-dims=\"1\" loading=\"lazy\" decoding=\"async\" width=\"388\" height=\"551\" data-attachment-id=\"7393\" data-permalink=\"https:\/\/sinedjib.com\/index.php\/ressources\/el-oumami\/el-oumami-octobre-1978-1\/\" data-orig-file=\"https:\/\/i0.wp.com\/sinedjib.com\/wp-content\/uploads\/2020\/03\/el-oumami-octobre-1978-1.png?fit=388%2C551&amp;ssl=1\" data-orig-size=\"388,551\" data-comments-opened=\"1\" data-image-meta=\"{&quot;aperture&quot;:&quot;0&quot;,&quot;credit&quot;:&quot;&quot;,&quot;camera&quot;:&quot;&quot;,&quot;caption&quot;:&quot;&quot;,&quot;created_timestamp&quot;:&quot;0&quot;,&quot;copyright&quot;:&quot;&quot;,&quot;focal_length&quot;:&quot;0&quot;,&quot;iso&quot;:&quot;0&quot;,&quot;shutter_speed&quot;:&quot;0&quot;,&quot;title&quot;:&quot;&quot;,&quot;orientation&quot;:&quot;0&quot;}\" data-image-title=\"el-oumami-octobre-1978-1\" data-image-description=\"\" data-image-caption=\"\" data-large-file=\"https:\/\/i0.wp.com\/sinedjib.com\/wp-content\/uploads\/2020\/03\/el-oumami-octobre-1978-1.png?fit=388%2C551&amp;ssl=1\" src=\"https:\/\/i0.wp.com\/sinedjib.com\/wp-content\/uploads\/2020\/03\/el-oumami-octobre-1978-1.png?resize=388%2C551\" alt=\"\" class=\"wp-image-7393 size-full\" srcset=\"https:\/\/i0.wp.com\/sinedjib.com\/wp-content\/uploads\/2020\/03\/el-oumami-octobre-1978-1.png?w=388&amp;ssl=1 388w, https:\/\/i0.wp.com\/sinedjib.com\/wp-content\/uploads\/2020\/03\/el-oumami-octobre-1978-1.png?resize=211%2C300&amp;ssl=1 211w\" sizes=\"auto, (max-width: 388px) 100vw, 388px\" \/><\/figure><div class=\"wp-block-media-text__content\">\n<p class=\"has-large-font-size\"><strong>Cette page recense les 19 articles d\u2019<em>El-Oumami\u00a0<\/em>publi\u00e9s sur ce site depuis le 14 mars 2017.<\/strong> <strong>L&rsquo;organe du <a rel=\"noreferrer noopener\" href=\"https:\/\/www.pcint.org\/20_Cqnd_Prg_Qsn_Site\/Cqnd_Fr.htm\" target=\"_blank\">Parti communiste international<\/a> puis des communistes-l\u00e9ninistes alg\u00e9riens a paru de 1978 \u00e0 1983. La premi\u00e8re s\u00e9rie (jusqu&rsquo;en 1982) est consultable sur le site du <a rel=\"noreferrer noopener\" href=\"https:\/\/www.pcint.org\/25_Publ_pre_82\/254_El-Oum\/01_Som-el-oumami.htm\" target=\"_blank\">Parti communiste international<\/a>.<\/strong><\/p>\n<\/div><\/div>\n\n\n\n<p>\u00ab\u00a0L&rsquo;Etat bourgeois n&rsquo;est pas \u00e0 d\u00e9mocratiser mais \u00e0 d\u00e9truire\u00a0\u00bb, paru dans <em>El-Oumami<\/em>, n\u00b0 1, octobre 1978. <a href=\"http:\/\/sinedjib.com\/index.php\/2020\/03\/23\/etat\/\">Lien<\/a><\/p>\n\n\n\n<p>\u00ab\u00a0Le 8 mars, journ\u00e9e prol\u00e9tarienne et communiste\u00a0\u00bb, paru dans&nbsp;<em>El-Oumami<\/em>, n\u00b0 3, mars 1979. <a href=\"http:\/\/sinedjib.com\/index.php\/2020\/04\/24\/8-mars\/\">Lien<\/a><\/p>\n\n\n\n<p>\u00ab\u00a0Premier bilan des luttes anticoloniales\u00a0\u00bb, paru dans <em>El-Oumami<\/em>, n\u00b0 8, f\u00e9vrier-mars 1980. <a href=\"https:\/\/sinedjib.com\/index.php\/2023\/01\/07\/premier-bilan-des-luttes-anticoloniales\/\">Lien<\/a><\/p>\n\n\n\n<p>\u00ab Contre les bandes de &lsquo;fr\u00e8res musulmans&rsquo;, pour l\u2019organisation de l\u2019auto-d\u00e9fense prol\u00e9tarienne ! \u00bb, paru dans&nbsp;<em>El-Oumami<\/em>,&nbsp;n\u00b0 9, avril-mai 1980. <a href=\"http:\/\/sinedjib.com\/index.php\/2020\/03\/25\/contre-les-bandes-de-freres-musulmans-pour-lorganisation-de-lauto-defense-proletarienne\/\">Lien<\/a><\/p>\n\n\n\n<p> \u00ab Ce que sont les &lsquo;fr\u00e8res musulmans&rsquo;&nbsp;\u00bb, paru dans&nbsp;<em>El-Oumami<\/em>, n\u00b0 10, juin-ao\u00fbt 1980. <a href=\"http:\/\/sinedjib.com\/index.php\/2020\/03\/27\/freres-musulmans-6\/\">Lien<\/a><\/p>\n\n\n\n<p>\u00ab\u00a0\u00catre femme en Alg\u00e9rie\u00a0\u00bb, paru dans <em>El-Oumami<\/em>, n\u00b0 11, septembre-octobre 1980. <a href=\"http:\/\/sinedjib.com\/index.php\/2017\/03\/14\/femme-algerie\/\">Lien<\/a><\/p>\n\n\n\n<p>\u00ab\u00a0Libert\u00e9 de circulation pour les femmes !\u00a0\u00bb, paru dans&nbsp;<em>El-Oumami<\/em>, n\u00b0 14, f\u00e9vrier-mars 1981. <a href=\"http:\/\/sinedjib.com\/index.php\/2020\/04\/26\/femmes-10\/\">Lien<\/a><\/p>\n\n\n\n<p>\u00ab Contre toutes discriminations, \u00e9galit\u00e9 totale des droits pour les femmes ! \u00bb, paru dans <em>El-Oumami<\/em>, n\u00b0 15, avril-mai 1981. <a href=\"http:\/\/sinedjib.com\/index.php\/2017\/04\/28\/oppression-femmes\/\">Lien<\/a><\/p>\n\n\n\n<p>\u00ab\u00a0Exigeons la lib\u00e9ration imm\u00e9diate de tous les emprisonn\u00e9s en Alg\u00e9rie !\u00a0\u00bb, paru dans&nbsp;<em>El-Oumami<\/em>, n\u00b0 16, juin-ao\u00fbt 1981. <a href=\"http:\/\/sinedjib.com\/index.php\/2020\/03\/29\/emprisonnes\/\">Lien<\/a><\/p>\n\n\n\n<p>\u00ab\u00a0A bas le statut personnel ! Egalit\u00e9 des droits pour les femmes !\u00a0\u00bb, paru dans <em>El-Oumami<\/em>, n\u00b0 20, d\u00e9cembre 1981. <a href=\"http:\/\/sinedjib.com\/index.php\/2017\/05\/04\/egalite-femmes\/\">Lien<\/a><\/p>\n\n\n\n<p>\u00ab\u00a0Pour en finir avec les flottements\u00a0\u00bb, paru dans&nbsp;<em>El-Oumami<\/em>, n\u00b0 21, janvier 1982. <a href=\"http:\/\/sinedjib.com\/index.php\/2020\/04\/28\/femmes-11\/\">Lien<\/a><\/p>\n\n\n\n<p>\u00ab\u00a0Statut personnel : Le gouvernement recule !\u00a0\u00bb, paru dans&nbsp;<em>El-Oumami<\/em>, n\u00b0 22, f\u00e9vrier 1982. <a href=\"http:\/\/sinedjib.com\/index.php\/2020\/04\/30\/statut-personnel\/\">Lien<\/a><\/p>\n\n\n\n<p>\u00ab\u00a0La journ\u00e9e du 8 mars \u00e0 Alger\u00a0\u00bb, paru dans <em>El-Oumami<\/em>, n\u00b0 24, avril 1982. <a href=\"https:\/\/sinedjib.com\/index.php\/2020\/05\/02\/8-mars-2\/\">Lien<\/a><\/p>\n\n\n\n<p>\u00ab\u00a0Situation dans les quartiers \u00e0 Roubaix\u00a0\u00bb, paru dans <em>El-Oumami<\/em>, n\u00b0 24, avril 1982. <a href=\"https:\/\/sinedjib.com\/index.php\/2022\/12\/06\/situation-dans-les-quartiers-a-roubaix\/\">Lien<\/a><\/p>\n\n\n\n<p>\u00ab\u00a0L\u2019Amicale frappe \u00e0 Belfort\u00a0\u00bb, paru dans <em>El-Oumami<\/em> n\u00b0 24, avril 1982. <a href=\"https:\/\/sinedjib.com\/index.php\/2022\/12\/19\/lamicale-frappe-a-belfort\/\">Lien<\/a><\/p>\n\n\n\n<p>\u00ab Barrer la route aux &lsquo;fr\u00e8res musulmans&rsquo; \u00bb, paru dans <em>El-Oumami<\/em>, n\u00b0 3, d\u00e9cembre 1982. <a href=\"http:\/\/sinedjib.com\/index.php\/2020\/03\/31\/freres-musulmans-7\/\">Lien<\/a><\/p>\n\n\n\n<div class=\"wp-block-media-text alignwide has-media-on-the-right is-stacked-on-mobile is-image-fill\"><figure class=\"wp-block-media-text__media\" style=\"background-image:url(https:\/\/sinedjib.com\/wp-content\/uploads\/2020\/04\/El-Oumami-janvier-1983.png);background-position:51% 0%\"><img data-recalc-dims=\"1\" loading=\"lazy\" decoding=\"async\" width=\"366\" height=\"574\" data-attachment-id=\"7495\" data-permalink=\"https:\/\/sinedjib.com\/index.php\/2020\/04\/03\/freres-musulmans-8\/el-oumami-janvier-1983\/\" data-orig-file=\"https:\/\/i0.wp.com\/sinedjib.com\/wp-content\/uploads\/2020\/04\/El-Oumami-janvier-1983.png?fit=366%2C574&amp;ssl=1\" data-orig-size=\"366,574\" data-comments-opened=\"1\" data-image-meta=\"{&quot;aperture&quot;:&quot;0&quot;,&quot;credit&quot;:&quot;&quot;,&quot;camera&quot;:&quot;&quot;,&quot;caption&quot;:&quot;&quot;,&quot;created_timestamp&quot;:&quot;0&quot;,&quot;copyright&quot;:&quot;&quot;,&quot;focal_length&quot;:&quot;0&quot;,&quot;iso&quot;:&quot;0&quot;,&quot;shutter_speed&quot;:&quot;0&quot;,&quot;title&quot;:&quot;&quot;,&quot;orientation&quot;:&quot;0&quot;}\" data-image-title=\"El-Oumami-janvier-1983\" data-image-description=\"\" data-image-caption=\"\" data-large-file=\"https:\/\/i0.wp.com\/sinedjib.com\/wp-content\/uploads\/2020\/04\/El-Oumami-janvier-1983.png?fit=366%2C574&amp;ssl=1\" src=\"https:\/\/i0.wp.com\/sinedjib.com\/wp-content\/uploads\/2020\/04\/El-Oumami-janvier-1983.png?resize=366%2C574&#038;ssl=1\" alt=\"\" class=\"wp-image-7495 size-full\" srcset=\"https:\/\/i0.wp.com\/sinedjib.com\/wp-content\/uploads\/2020\/04\/El-Oumami-janvier-1983.png?w=366&amp;ssl=1 366w, https:\/\/i0.wp.com\/sinedjib.com\/wp-content\/uploads\/2020\/04\/El-Oumami-janvier-1983.png?resize=191%2C300&amp;ssl=1 191w\" sizes=\"auto, (max-width: 366px) 100vw, 366px\" \/><\/figure><div class=\"wp-block-media-text__content\">\n<p>\u00ab\u00a0Bras de fer entre le pouvoir et les &lsquo;Fr\u00e8res Musulmans&rsquo; : Nous n\u2019avons pas \u00e0 choisir entre la peste et le chol\u00e9ra !\u00a0\u00bb, paru dans <em>El-Oumami<\/em>, n\u00b0 4, janvier 1983. <a href=\"http:\/\/sinedjib.com\/index.php\/2020\/04\/03\/freres-musulmans-8\/\">Lien<\/a><\/p>\n\n\n\n<p>\u00ab\u00a0Les communistes et la question des libert\u00e9s d\u00e9mocratiques\u00a0\u00bb, paru dans <em>El-Oumami<\/em>, n\u00b0 4, janvier 1983. <a href=\"http:\/\/sinedjib.com\/index.php\/2020\/01\/02\/communistes\/\">Lien<\/a><\/p>\n<\/div><\/div>\n\n\n\n<p>\u00ab\u00a0Relevons le d\u00e9fi !\u00a0\u00bb, paru dans <em>El-Oumami<\/em>, n\u00b0 8, mai 1983. <a href=\"http:\/\/sinedjib.com\/index.php\/2019\/10\/19\/defi\/\">Lien<\/a><\/p>\n","protected":false},"excerpt":{"rendered":"<p>Cette page recense les 19 articles d\u2019El-Oumami\u00a0publi\u00e9s sur ce site depuis le 14 mars 2017. L&rsquo;organe du Parti communiste international puis des communistes-l\u00e9ninistes alg\u00e9riens a paru de 1978 \u00e0 1983. La premi\u00e8re s\u00e9rie (jusqu&rsquo;en 1982) est consultable sur le site du Parti communiste international. \u00ab\u00a0L&rsquo;Etat bourgeois n&rsquo;est pas \u00e0 d\u00e9mocratiser mais \u00e0 d\u00e9truire\u00a0\u00bb, paru dans [&hellip;]<\/p>\n","protected":false},"author":1,"featured_media":0,"parent":5483,"menu_order":0,"comment_status":"closed","ping_status":"closed","template":"","meta":{"jetpack_post_was_ever_published":false,"footnotes":""},"class_list":["post-6698","page","type-page","status-publish","hentry"],"jetpack_sharing_enabled":true,"jetpack_shortlink":"https:\/\/wp.me\/P9lTYU-1K2","jetpack_likes_enabled":true,"jetpack-related-posts":[{"id":22345,"url":"https:\/\/sinedjib.com\/index.php\/index-des-publications\/","url_meta":{"origin":6698,"position":0},"title":"Index des publications","author":"SiNedjib","date":"17\/03\/2024","format":false,"excerpt":"Cette page pr\u00e9sente un index des publications (bulletins, journaux, revues, etc.) dont cinq textes \u2013 ou plus \u2013 ont \u00e9t\u00e9 retranscrits sur ce site depuis 2012. La liste sera progressivement compl\u00e9t\u00e9e avec l\u2019ensemble des autres r\u00e9f\u00e9rences. A Alarme ; Alger R\u00e9publicain ; Alternative libertaire ; Arguments ; B Le Bolch\u00e9vik\u2026","rel":"","context":"Article similaire","block_context":{"text":"Article similaire","link":""},"img":{"alt_text":"","src":"","width":0,"height":0},"classes":[]},{"id":5908,"url":"https:\/\/sinedjib.com\/index.php\/ressources\/travailleurs\/","url_meta":{"origin":6698,"position":1},"title":"Travailleurs immigr\u00e9s en lutte","author":"SiNedjib","date":"13\/06\/2019","format":false,"excerpt":"Cette page recense les 50 articles de Travailleurs immigr\u00e9s en lutte publi\u00e9s sur ce site depuis le 21 mars 2018. Ce mensuel ouvrier r\u00e9volutionnaire, devenu le bulletin de l'Organisation communiste r\u00e9volutionnaire internationaliste d'Alg\u00e9rie, a paru de 1976 \u00e0 1985. Des num\u00e9ros sont consultables sur le portail Odyss\u00e9o. \"La marmite bout,\u2026","rel":"","context":"Article similaire","block_context":{"text":"Article similaire","link":""},"img":{"alt_text":"","src":"https:\/\/i0.wp.com\/sinedjib.com\/wp-content\/uploads\/2020\/05\/Travailleurs-immigr%C3%A9s-en-lutte-juillet-1976.png?resize=350%2C200&ssl=1","width":350,"height":200},"classes":[]},{"id":16665,"url":"https:\/\/sinedjib.com\/index.php\/realites-algeriennes\/","url_meta":{"origin":6698,"position":2},"title":"R\u00e9alit\u00e9s alg\u00e9riennes","author":"SiNedjib","date":"18\/07\/2022","format":false,"excerpt":"Cette page recense les 5 articles de R\u00e9alit\u00e9s alg\u00e9riennes publi\u00e9s sur ce site depuis le 18 juin 2022. Ce bulletin, \u00e9dit\u00e9 par le Mouvement national alg\u00e9rien, a paru de 1959 \u00e0 1962. \"L\u2019accord F.L.N.-O.A.S. : Il y a d\u2019autres r\u00e9conciliations \u00e0 faire !\", paru dans R\u00e9alit\u00e9s Alg\u00e9riennes, n\u00b0 23, juin\u2026","rel":"","context":"Article similaire","block_context":{"text":"Article similaire","link":""},"img":{"alt_text":"","src":"https:\/\/i0.wp.com\/sinedjib.com\/wp-content\/uploads\/2022\/06\/1962-06-Realites-23_00.jpg?resize=350%2C200&ssl=1","width":350,"height":200,"srcset":"https:\/\/i0.wp.com\/sinedjib.com\/wp-content\/uploads\/2022\/06\/1962-06-Realites-23_00.jpg?resize=350%2C200&ssl=1 1x, https:\/\/i0.wp.com\/sinedjib.com\/wp-content\/uploads\/2022\/06\/1962-06-Realites-23_00.jpg?resize=525%2C300&ssl=1 1.5x, https:\/\/i0.wp.com\/sinedjib.com\/wp-content\/uploads\/2022\/06\/1962-06-Realites-23_00.jpg?resize=700%2C400&ssl=1 2x, https:\/\/i0.wp.com\/sinedjib.com\/wp-content\/uploads\/2022\/06\/1962-06-Realites-23_00.jpg?resize=1050%2C600&ssl=1 3x"},"classes":[]},{"id":6832,"url":"https:\/\/sinedjib.com\/index.php\/ressources\/le-reveil\/","url_meta":{"origin":6698,"position":3},"title":"Le R\u00e9veil","author":"SiNedjib","date":"25\/01\/2020","format":false,"excerpt":"Cette page recense les 10 articles du R\u00e9veil publi\u00e9s sur ce site depuis le 8 juin 2019. Le journal, d'abord intitul\u00e9 Le R\u00e9veil socialiste-anarchiste, a paru de 1900 \u00e0 1946. Les sommaires sont consultables sur le site Archives Autonomies. Les textes d'Errico Malatesta sont disponibles via ce lien. Georges Herzig,\u2026","rel":"","context":"Article similaire","block_context":{"text":"Article similaire","link":""},"img":{"alt_text":"","src":"","width":0,"height":0},"classes":[]},{"id":5927,"url":"https:\/\/sinedjib.com\/index.php\/ressources\/voix-travailleur\/","url_meta":{"origin":6698,"position":4},"title":"La Voix du travailleur alg\u00e9rien","author":"SiNedjib","date":"14\/06\/2019","format":false,"excerpt":"Cette page recense les 10 articles de La Voix du travailleur alg\u00e9rien publi\u00e9s sur ce site depuis le 8 mai 2015. L'organe de la F\u00e9d\u00e9ration de France de l'Union des syndicats des travailleurs alg\u00e9riens a paru de 1957 \u00e0 1962. Des num\u00e9ros sont consultables sur le portail Odyss\u00e9o. \"Un message\u2026","rel":"","context":"Article similaire","block_context":{"text":"Article similaire","link":""},"img":{"alt_text":"","src":"https:\/\/i0.wp.com\/sinedjib.com\/wp-content\/uploads\/2020\/05\/La-Voix-du-travailleur-alg%C3%A9rien-avril-1958.png?resize=350%2C200&ssl=1","width":350,"height":200},"classes":[]},{"id":13912,"url":"https:\/\/sinedjib.com\/index.php\/bulletin-dinformations-du-ppa\/","url_meta":{"origin":6698,"position":5},"title":"Bulletin d&rsquo;informations du PPA","author":"SiNedjib","date":"10\/09\/2021","format":false,"excerpt":"Cette page recense les 5 articles du Bulletin d'informations du PPA publi\u00e9s sur ce site depuis le 5 juillet 2015. Ce p\u00e9riodique a \u00e9t\u00e9 lanc\u00e9 en juillet 1962 par le Parti du peuple alg\u00e9rien dirig\u00e9 par Messali Hadj. \"Editorial\", paru dans le Bulletin d\u2019informations du PPA, n\u00b0 1, juillet 1962.\u2026","rel":"","context":"Article similaire","block_context":{"text":"Article similaire","link":""},"img":{"alt_text":"","src":"https:\/\/i0.wp.com\/sinedjib.com\/wp-content\/uploads\/2015\/07\/1962-07-PPA-BI-1_01.jpg?resize=350%2C200&ssl=1","width":350,"height":200,"srcset":"https:\/\/i0.wp.com\/sinedjib.com\/wp-content\/uploads\/2015\/07\/1962-07-PPA-BI-1_01.jpg?resize=350%2C200&ssl=1 1x, https:\/\/i0.wp.com\/sinedjib.com\/wp-content\/uploads\/2015\/07\/1962-07-PPA-BI-1_01.jpg?resize=525%2C300&ssl=1 1.5x, https:\/\/i0.wp.com\/sinedjib.com\/wp-content\/uploads\/2015\/07\/1962-07-PPA-BI-1_01.jpg?resize=700%2C400&ssl=1 2x, https:\/\/i0.wp.com\/sinedjib.com\/wp-content\/uploads\/2015\/07\/1962-07-PPA-BI-1_01.jpg?resize=1050%2C600&ssl=1 3x"},"classes":[]}],"_links":{"self":[{"href":"https:\/\/sinedjib.com\/index.php\/wp-json\/wp\/v2\/pages\/6698","targetHints":{"allow":["GET"]}}],"collection":[{"href":"https:\/\/sinedjib.com\/index.php\/wp-json\/wp\/v2\/pages"}],"about":[{"href":"https:\/\/sinedjib.com\/index.php\/wp-json\/wp\/v2\/types\/page"}],"author":[{"embeddable":true,"href":"https:\/\/sinedjib.com\/index.php\/wp-json\/wp\/v2\/users\/1"}],"replies":[{"embeddable":true,"href":"https:\/\/sinedjib.com\/index.php\/wp-json\/wp\/v2\/comments?post=6698"}],"version-history":[{"count":6,"href":"https:\/\/sinedjib.com\/index.php\/wp-json\/wp\/v2\/pages\/6698\/revisions"}],"predecessor-version":[{"id":18712,"href":"https:\/\/sinedjib.com\/index.php\/wp-json\/wp\/v2\/pages\/6698\/revisions\/18712"}],"up":[{"embeddable":true,"href":"https:\/\/sinedjib.com\/index.php\/wp-json\/wp\/v2\/pages\/5483"}],"wp:attachment":[{"href":"https:\/\/sinedjib.com\/index.php\/wp-json\/wp\/v2\/media?parent=6698"}],"curies":[{"name":"wp","href":"https:\/\/api.w.org\/{rel}","templated":true}]}}