{"id":6826,"date":"2020-01-25T16:32:58","date_gmt":"2020-01-25T15:32:58","guid":{"rendered":"http:\/\/sinedjib.com\/?page_id=6826"},"modified":"2020-10-29T09:23:14","modified_gmt":"2020-10-29T08:23:14","slug":"la-gueule-ouverte","status":"publish","type":"page","link":"https:\/\/sinedjib.com\/index.php\/ressources\/la-gueule-ouverte\/","title":{"rendered":"La Gueule ouverte"},"content":{"rendered":"\n<div class=\"wp-block-media-text alignwide is-stacked-on-mobile is-image-fill\"><figure class=\"wp-block-media-text__media\" style=\"background-image:url(https:\/\/sinedjib.com\/wp-content\/uploads\/2019\/08\/gueule-ouverte-f\u00e9vrier-1975.png);background-position:52% 0%\"><img data-recalc-dims=\"1\" loading=\"lazy\" decoding=\"async\" width=\"368\" height=\"454\" data-attachment-id=\"6205\" data-permalink=\"https:\/\/sinedjib.com\/index.php\/2019\/08\/17\/desobeissance\/gueule-ouverte-fevrier-1975\/\" data-orig-file=\"https:\/\/i0.wp.com\/sinedjib.com\/wp-content\/uploads\/2019\/08\/gueule-ouverte-f%C3%A9vrier-1975.png?fit=368%2C454&amp;ssl=1\" data-orig-size=\"368,454\" data-comments-opened=\"1\" data-image-meta=\"{&quot;aperture&quot;:&quot;0&quot;,&quot;credit&quot;:&quot;&quot;,&quot;camera&quot;:&quot;&quot;,&quot;caption&quot;:&quot;&quot;,&quot;created_timestamp&quot;:&quot;0&quot;,&quot;copyright&quot;:&quot;&quot;,&quot;focal_length&quot;:&quot;0&quot;,&quot;iso&quot;:&quot;0&quot;,&quot;shutter_speed&quot;:&quot;0&quot;,&quot;title&quot;:&quot;&quot;,&quot;orientation&quot;:&quot;0&quot;}\" data-image-title=\"gueule-ouverte-f\u00e9vrier-1975\" data-image-description=\"\" data-image-caption=\"\" data-large-file=\"https:\/\/i0.wp.com\/sinedjib.com\/wp-content\/uploads\/2019\/08\/gueule-ouverte-f%C3%A9vrier-1975.png?fit=368%2C454&amp;ssl=1\" src=\"https:\/\/i0.wp.com\/sinedjib.com\/wp-content\/uploads\/2019\/08\/gueule-ouverte-f%C3%A9vrier-1975.png?resize=368%2C454&#038;ssl=1\" alt=\"\" class=\"wp-image-6205\" srcset=\"https:\/\/i0.wp.com\/sinedjib.com\/wp-content\/uploads\/2019\/08\/gueule-ouverte-f%C3%A9vrier-1975.png?w=368&amp;ssl=1 368w, https:\/\/i0.wp.com\/sinedjib.com\/wp-content\/uploads\/2019\/08\/gueule-ouverte-f%C3%A9vrier-1975.png?resize=243%2C300&amp;ssl=1 243w\" sizes=\"auto, (max-width: 368px) 100vw, 368px\" \/><\/figure><div class=\"wp-block-media-text__content\">\n<p class=\"has-large-font-size\"><strong>Cette page recense les 5 articles de <em>La Gueule ouverte<\/em> publi\u00e9s sur ce site depuis le<\/strong> <strong>26 octobre 2018.<\/strong> <strong>Le journal, fond\u00e9 par <a href=\"https:\/\/charliehebdo.fr\/2019\/06\/societe\/connaissez-vous-pierre-fournier%E2%80%89-e-cologiste-visionnaire-et-dessinateur-a-%E2%80%89-charlie%E2%80%89\/\" target=\"_blank\" rel=\"noreferrer noopener\">Pierre Fournier<\/a>, a paru de 1972 \u00e0 1980. Les sommaires sont consultables sur le site <a rel=\"noreferrer noopener\" href=\"https:\/\/archivesautonomies.org\/spip.php?article2742\" target=\"_blank\">Archives Autonomies<\/a>.<\/strong><\/p>\n<\/div><\/div>\n\n\n\n<p>Bessas, \u00ab\u00a0La d\u00e9sob\u00e9issance civile\u00a0\u00bb,  paru dans <em>La Gueule ouverte<\/em>, n\u00b0 40, 12 f\u00e9vrier 1975. <a href=\"http:\/\/sinedjib.com\/index.php\/2019\/08\/17\/desobeissance\/\" target=\"_blank\" rel=\"noreferrer noopener\" aria-label=\" (s\u2019ouvre dans un nouvel onglet)\">Lien<\/a><\/p>\n\n\n\n<p>Jean-Louis Souli\u00e9, \u00ab\u00a0La d\u00e9sob\u00e9issance civile ou la soci\u00e9t\u00e9 contre l&rsquo;Etat\u00a0\u00bb, paru dans<em> La Gueule ouverte<\/em>, n\u00b0 210, 17 mai 1978. <a href=\"http:\/\/sinedjib.com\/index.php\/2019\/08\/20\/desobeissance-2\/\" target=\"_blank\" rel=\"noreferrer noopener\" aria-label=\" (s\u2019ouvre dans un nouvel onglet)\">Lien<\/a><\/p>\n\n\n\n<p>Bruno H\u00e9rail, \u00ab\u00a0Tout homme est d\u00e9sob\u00e9issance en puissance\u00a0\u00bb, paru dans <em>La Gueule ouverte<\/em>, n\u00b0 214, 14 juin 1978. <a href=\"http:\/\/sinedjib.com\/index.php\/2019\/08\/22\/desobeissance-3\/\" target=\"_blank\" rel=\"noreferrer noopener\" aria-label=\" (s\u2019ouvre dans un nouvel onglet)\">Lien<\/a><\/p>\n\n\n\n<p>Asselin, \u00ab\u00a0Sorci\u00e8res iraniennes\u00a0\u00bb, paru dans <em>La Gueule ouverte<\/em>, n\u00b0 253, 21 mars 1979. <a href=\"http:\/\/sinedjib.com\/index.php\/2018\/10\/26\/iraniennes\/\" target=\"_blank\" rel=\"noreferrer noopener\" aria-label=\" (s\u2019ouvre dans un nouvel onglet)\">Lien<\/a><\/p>\n\n\n\n<p>Catherine Decouan, \u00ab\u00a0Iran : des femmes t\u00e9moignent\u00a0\u00bb, paru dans <em>La Gueule ouverte<\/em>, n\u00b0 254, 28 mars 1979. <a href=\"http:\/\/sinedjib.com\/index.php\/2019\/08\/24\/iran-7\/\" target=\"_blank\" rel=\"noreferrer noopener\" aria-label=\" (s\u2019ouvre dans un nouvel onglet)\">Lien<\/a><\/p>\n","protected":false},"excerpt":{"rendered":"<p>Cette page recense les 5 articles de La Gueule ouverte publi\u00e9s sur ce site depuis le 26 octobre 2018. Le journal, fond\u00e9 par Pierre Fournier, a paru de 1972 \u00e0 1980. Les sommaires sont consultables sur le site Archives Autonomies. Bessas, \u00ab\u00a0La d\u00e9sob\u00e9issance civile\u00a0\u00bb, paru dans La Gueule ouverte, n\u00b0 40, 12 f\u00e9vrier 1975. Lien [&hellip;]<\/p>\n","protected":false},"author":1,"featured_media":0,"parent":5483,"menu_order":0,"comment_status":"closed","ping_status":"closed","template":"","meta":{"jetpack_post_was_ever_published":false,"footnotes":""},"class_list":["post-6826","page","type-page","status-publish","hentry"],"jetpack_sharing_enabled":true,"jetpack_shortlink":"https:\/\/wp.me\/P9lTYU-1M6","jetpack_likes_enabled":true,"jetpack-related-posts":[{"id":16645,"url":"https:\/\/sinedjib.com\/index.php\/lhumanite\/","url_meta":{"origin":6826,"position":0},"title":"L&rsquo;Humanit\u00e9","author":"SiNedjib","date":"18\/07\/2022","format":false,"excerpt":"Cette page recense les 5 articles de L'Humanit\u00e9 publi\u00e9s sur ce site depuis le 8 mai 2015. Le journal, fond\u00e9 par Jean Jaur\u00e8s en 1904, est consultable sur Gallica pour la p\u00e9riode 1904-1951. \u00ab\u00a0Moulay Youssef va inaugurer la Mosqu\u00e9e de Paris\u00a0\u00bb, paru dans\u00a0L\u2019Humanit\u00e9, 15 juillet 1926. Lien Jim Crow, \u00ab\u00a0La\u2026","rel":"","context":"Article similaire","block_context":{"text":"Article similaire","link":""},"img":{"alt_text":"","src":"https:\/\/i0.wp.com\/sinedjib.com\/wp-content\/uploads\/2022\/07\/LHumanite-15-juillet-1926.png?resize=350%2C200&ssl=1","width":350,"height":200,"srcset":"https:\/\/i0.wp.com\/sinedjib.com\/wp-content\/uploads\/2022\/07\/LHumanite-15-juillet-1926.png?resize=350%2C200&ssl=1 1x, https:\/\/i0.wp.com\/sinedjib.com\/wp-content\/uploads\/2022\/07\/LHumanite-15-juillet-1926.png?resize=525%2C300&ssl=1 1.5x"},"classes":[]},{"id":14394,"url":"https:\/\/sinedjib.com\/index.php\/front-libertaire-des-luttes-de-classe\/","url_meta":{"origin":6826,"position":1},"title":"Front libertaire des luttes de classes","author":"SiNedjib","date":"17\/10\/2021","format":false,"excerpt":"Cette page recense les 9 articles de Front libertaire des luttes de classes publi\u00e9s sur ce site depuis le 29 septembre 2018. Ce journal \u00e9dit\u00e9 par l'Organisation r\u00e9volutionnaire anarchiste puis par l'Organisation communiste libertaire a paru de 1970 \u00e0 1979. Les num\u00e9ros sont t\u00e9l\u00e9chargeables sur le site Archives Autonomies. \"Palestine\",\u2026","rel":"","context":"Article similaire","block_context":{"text":"Article similaire","link":""},"img":{"alt_text":"","src":"https:\/\/i0.wp.com\/sinedjib.com\/wp-content\/uploads\/2023\/11\/Front-libertaire-des-luttes-de-classes-1970.png?resize=350%2C200&ssl=1","width":350,"height":200},"classes":[]},{"id":16671,"url":"https:\/\/sinedjib.com\/index.php\/tribune-ouvriere\/","url_meta":{"origin":6826,"position":2},"title":"Tribune ouvri\u00e8re","author":"SiNedjib","date":"18\/07\/2022","format":false,"excerpt":"Cette page recense les 8 articles de Tribune ouvri\u00e8re publi\u00e9s sur ce site depuis le 6 septembre 2016. Ce journal, anim\u00e9 par Jacques Gautrat dit Daniel Moth\u00e9, a paru de 1954 \u00e0 1962. Ses sommaires sont consultables sur le site Archives Autonomies. \"Retraite ou \u00e9mancipation\", paru dans Tribune ouvri\u00e8re, n\u00b0\u2026","rel":"","context":"Article similaire","block_context":{"text":"Article similaire","link":""},"img":{"alt_text":"","src":"https:\/\/i0.wp.com\/sinedjib.com\/wp-content\/uploads\/2022\/01\/Tribune-ouvriere-janvier-1962.png?resize=350%2C200&ssl=1","width":350,"height":200},"classes":[]},{"id":22320,"url":"https:\/\/sinedjib.com\/index.php\/la-pensee-socialiste\/","url_meta":{"origin":6826,"position":3},"title":"La Pens\u00e9e socialiste","author":"SiNedjib","date":"17\/03\/2024","format":false,"excerpt":"Cette page recense les 5 articles de La Pens\u00e9e socialiste publi\u00e9s sur ce site depuis le 22 janvier 2024. La revue, fond\u00e9e par Jean Rous, a paru de 1946 \u00e0 1948. Jean Cotereau, \"Socialisme et cl\u00e9ricalisme en 1946\", paru dans\u00a0La Pens\u00e9e socialiste, n\u00b0 6, juillet 1946. Lien Yves Dech\u00e9zelles, \"Les\u2026","rel":"","context":"Article similaire","block_context":{"text":"Article similaire","link":""},"img":{"alt_text":"","src":"https:\/\/i0.wp.com\/sinedjib.com\/wp-content\/uploads\/2024\/01\/La-Pensee-socialiste-juillet-1946-scaled.jpg?resize=350%2C200&ssl=1","width":350,"height":200,"srcset":"https:\/\/i0.wp.com\/sinedjib.com\/wp-content\/uploads\/2024\/01\/La-Pensee-socialiste-juillet-1946-scaled.jpg?resize=350%2C200&ssl=1 1x, https:\/\/i0.wp.com\/sinedjib.com\/wp-content\/uploads\/2024\/01\/La-Pensee-socialiste-juillet-1946-scaled.jpg?resize=525%2C300&ssl=1 1.5x, https:\/\/i0.wp.com\/sinedjib.com\/wp-content\/uploads\/2024\/01\/La-Pensee-socialiste-juillet-1946-scaled.jpg?resize=700%2C400&ssl=1 2x, https:\/\/i0.wp.com\/sinedjib.com\/wp-content\/uploads\/2024\/01\/La-Pensee-socialiste-juillet-1946-scaled.jpg?resize=1050%2C600&ssl=1 3x, https:\/\/i0.wp.com\/sinedjib.com\/wp-content\/uploads\/2024\/01\/La-Pensee-socialiste-juillet-1946-scaled.jpg?resize=1400%2C800&ssl=1 4x"},"classes":[]},{"id":13795,"url":"https:\/\/sinedjib.com\/index.php\/franc-tireur\/","url_meta":{"origin":6826,"position":4},"title":"Franc-Tireur","author":"SiNedjib","date":"02\/09\/2021","format":false,"excerpt":"Cette page recense les 19 articles de Franc-Tireur publi\u00e9s sur ce site depuis le 7 ao\u00fbt 2021. Le journal, initialement organe des Mouvements unis de r\u00e9sistance, a paru de 1941 \u00e0 1957. Il est consultable sur le site Gallica pour la p\u00e9riode 1944-1953. Marcel P\u00e9ju, \"Noces, d\u2019Albert Camus\", paru\u00a0dans\u00a0Franc-Tireur, 31\u2026","rel":"","context":"Article similaire","block_context":{"text":"Article similaire","link":""},"img":{"alt_text":"","src":"https:\/\/i0.wp.com\/sinedjib.com\/wp-content\/uploads\/2021\/08\/Franc-Tireur-31-aout-1945.png?resize=350%2C200&ssl=1","width":350,"height":200},"classes":[]},{"id":22283,"url":"https:\/\/sinedjib.com\/index.php\/alger-republicain\/","url_meta":{"origin":6826,"position":5},"title":"Alger R\u00e9publicain","author":"SiNedjib","date":"17\/03\/2024","format":false,"excerpt":"Cette page recense les 16 articles d\u2019Alger R\u00e9publican\u00a0publi\u00e9s sur ce site depuis le 8 mai 2015. Le journal, fond\u00e9 par Jean-Pierre Faure et Paul Schmitt, est consultable sur Gallica pour les ann\u00e9es 1938 \u00e0 1953. \"La population alg\u00e9rienne de Paris a acclam\u00e9 Messali\", paru dans\u00a0Alger r\u00e9publicain,\u00a013 ao\u00fbt 1946. Lien \"Motion\u2026","rel":"","context":"Article similaire","block_context":{"text":"Article similaire","link":""},"img":{"alt_text":"","src":"https:\/\/i0.wp.com\/sinedjib.com\/wp-content\/uploads\/2024\/03\/Alger-republicain-13-aout-1946.png?resize=350%2C200&ssl=1","width":350,"height":200,"srcset":"https:\/\/i0.wp.com\/sinedjib.com\/wp-content\/uploads\/2024\/03\/Alger-republicain-13-aout-1946.png?resize=350%2C200&ssl=1 1x, https:\/\/i0.wp.com\/sinedjib.com\/wp-content\/uploads\/2024\/03\/Alger-republicain-13-aout-1946.png?resize=525%2C300&ssl=1 1.5x, https:\/\/i0.wp.com\/sinedjib.com\/wp-content\/uploads\/2024\/03\/Alger-republicain-13-aout-1946.png?resize=700%2C400&ssl=1 2x, https:\/\/i0.wp.com\/sinedjib.com\/wp-content\/uploads\/2024\/03\/Alger-republicain-13-aout-1946.png?resize=1050%2C600&ssl=1 3x"},"classes":[]}],"_links":{"self":[{"href":"https:\/\/sinedjib.com\/index.php\/wp-json\/wp\/v2\/pages\/6826","targetHints":{"allow":["GET"]}}],"collection":[{"href":"https:\/\/sinedjib.com\/index.php\/wp-json\/wp\/v2\/pages"}],"about":[{"href":"https:\/\/sinedjib.com\/index.php\/wp-json\/wp\/v2\/types\/page"}],"author":[{"embeddable":true,"href":"https:\/\/sinedjib.com\/index.php\/wp-json\/wp\/v2\/users\/1"}],"replies":[{"embeddable":true,"href":"https:\/\/sinedjib.com\/index.php\/wp-json\/wp\/v2\/comments?post=6826"}],"version-history":[{"count":1,"href":"https:\/\/sinedjib.com\/index.php\/wp-json\/wp\/v2\/pages\/6826\/revisions"}],"predecessor-version":[{"id":10434,"href":"https:\/\/sinedjib.com\/index.php\/wp-json\/wp\/v2\/pages\/6826\/revisions\/10434"}],"up":[{"embeddable":true,"href":"https:\/\/sinedjib.com\/index.php\/wp-json\/wp\/v2\/pages\/5483"}],"wp:attachment":[{"href":"https:\/\/sinedjib.com\/index.php\/wp-json\/wp\/v2\/media?parent=6826"}],"curies":[{"name":"wp","href":"https:\/\/api.w.org\/{rel}","templated":true}]}}