{"id":6837,"date":"2020-01-25T17:39:18","date_gmt":"2020-01-25T16:39:18","guid":{"rendered":"http:\/\/sinedjib.com\/?page_id=6837"},"modified":"2022-07-30T12:58:51","modified_gmt":"2022-07-30T10:58:51","slug":"tribune-algerienne","status":"publish","type":"page","link":"https:\/\/sinedjib.com\/index.php\/ressources\/tribune-algerienne\/","title":{"rendered":"Tribune alg\u00e9rienne"},"content":{"rendered":"\n<div class=\"wp-block-media-text alignwide is-stacked-on-mobile is-image-fill\"><figure class=\"wp-block-media-text__media\" style=\"background-image:url(https:\/\/sinedjib.com\/wp-content\/uploads\/2020\/02\/Tribune-alg\u00e9rienne-janvier-1977.png);background-position:54% 1%\"><img data-recalc-dims=\"1\" loading=\"lazy\" decoding=\"async\" width=\"392\" height=\"560\" data-attachment-id=\"6926\" data-permalink=\"https:\/\/sinedjib.com\/index.php\/2020\/02\/03\/pags\/tribune-algerienne-janvier-1977\/\" data-orig-file=\"https:\/\/i0.wp.com\/sinedjib.com\/wp-content\/uploads\/2020\/02\/Tribune-alg%C3%A9rienne-janvier-1977.png?fit=392%2C560&amp;ssl=1\" data-orig-size=\"392,560\" data-comments-opened=\"1\" data-image-meta=\"{&quot;aperture&quot;:&quot;0&quot;,&quot;credit&quot;:&quot;&quot;,&quot;camera&quot;:&quot;&quot;,&quot;caption&quot;:&quot;&quot;,&quot;created_timestamp&quot;:&quot;0&quot;,&quot;copyright&quot;:&quot;&quot;,&quot;focal_length&quot;:&quot;0&quot;,&quot;iso&quot;:&quot;0&quot;,&quot;shutter_speed&quot;:&quot;0&quot;,&quot;title&quot;:&quot;&quot;,&quot;orientation&quot;:&quot;0&quot;}\" data-image-title=\"Tribune-alg\u00e9rienne-janvier-1977\" data-image-description=\"\" data-image-caption=\"\" data-large-file=\"https:\/\/i0.wp.com\/sinedjib.com\/wp-content\/uploads\/2020\/02\/Tribune-alg%C3%A9rienne-janvier-1977.png?fit=392%2C560&amp;ssl=1\" src=\"https:\/\/i0.wp.com\/sinedjib.com\/wp-content\/uploads\/2020\/02\/Tribune-alg%C3%A9rienne-janvier-1977.png?resize=392%2C560&#038;ssl=1\" alt=\"\" class=\"wp-image-6926 size-full\" srcset=\"https:\/\/i0.wp.com\/sinedjib.com\/wp-content\/uploads\/2020\/02\/Tribune-alg%C3%A9rienne-janvier-1977.png?w=392&amp;ssl=1 392w, https:\/\/i0.wp.com\/sinedjib.com\/wp-content\/uploads\/2020\/02\/Tribune-alg%C3%A9rienne-janvier-1977.png?resize=210%2C300&amp;ssl=1 210w\" sizes=\"auto, (max-width: 392px) 100vw, 392px\" \/><\/figure><div class=\"wp-block-media-text__content\">\n<p class=\"has-large-font-size\"><strong>Cette page recense les 25 articles de <em>Tribune alg\u00e9rienne<\/em> publi\u00e9s sur ce site depuis le 20 janvier 2019.<\/strong> <strong>Le bulletin du Comit\u00e9 de liaison des trotskystes alg\u00e9riens a paru de 1974 \u00e0 1980. Des num\u00e9ros sont consultables sur le portail <a rel=\"noreferrer noopener\" href=\"http:\/\/odysseo.generiques.org\/ark:\/naan\/a011379940455nvg10q\" target=\"_blank\">Odyss\u00e9o<\/a>.<\/strong><\/p>\n<\/div><\/div>\n\n\n\n<div class=\"wp-block-media-text alignwide has-media-on-the-right is-stacked-on-mobile is-image-fill\"><figure class=\"wp-block-media-text__media\" style=\"background-image:url(https:\/\/i1.wp.com\/sinedjib.com\/wp-content\/uploads\/2019\/01\/Tribune-alg%C3%A9rienne-novembre-1974.png?w=392);background-position:59% 65%\"><img decoding=\"async\" src=\"https:\/\/i1.wp.com\/sinedjib.com\/wp-content\/uploads\/2019\/01\/Tribune-alg%C3%A9rienne-novembre-1974.png?w=392\" alt=\"\"\/><\/figure><div class=\"wp-block-media-text__content\">\n<p>\u00ab\u00a0Le voyage de Marchais en Alg\u00e9rie\u00a0\u00bb, paru dans <em>Tribune alg\u00e9rienne<\/em>, n\u00b0 1, novembre 1974. <a href=\"http:\/\/sinedjib.com\/index.php\/2020\/01\/30\/marchais\/\">Lien<\/a><\/p>\n\n\n\n<p>\u00ab\u00a0Un aspect de la &lsquo;r\u00e9volution culturelle&rsquo; : le ramadhan &lsquo;socialiste&rsquo; \u00ab\u00a0, paru dans <em>Tribune alg\u00e9rienne<\/em>, n\u00b0 1, novembre 1974. <a href=\"http:\/\/sinedjib.com\/index.php\/2019\/01\/20\/ramadan\/\">Lien<\/a><\/p>\n<\/div><\/div>\n\n\n\n<p>\u00ab\u00a0La gr\u00e8ve de l\u2019I.T.E. de Bouzar\u00e9ah\u00a0\u00bb, paru dans&nbsp;<em>Tribune alg\u00e9rienne<\/em>,&nbsp;n\u00b0 2, f\u00e9vrier 1975. <a href=\"https:\/\/sinedjib.com\/index.php\/2020\/06\/26\/greve-2\/\">Lien<\/a><\/p>\n\n\n\n<p>\u00ab\u00a01975 : ann\u00e9e de la femme. Quel avenir pour la femme alg\u00e9rienne ?\u00a0\u00bb, paru dans <em>Tribune alg\u00e9rienne<\/em>, n\u00b0 3, juin 1975. <a href=\"https:\/\/sinedjib.com\/index.php\/2020\/06\/28\/femme-algerienne\/\">Lien<\/a><\/p>\n\n\n\n<div class=\"wp-block-media-text alignwide is-stacked-on-mobile is-image-fill\"><figure class=\"wp-block-media-text__media\" style=\"background-image:url(https:\/\/sinedjib.com\/wp-content\/uploads\/2019\/01\/Tribune-alg\u00e9rienne-juillet-1976.png);background-position:73% 100%\"><img data-recalc-dims=\"1\" loading=\"lazy\" decoding=\"async\" width=\"410\" height=\"591\" data-attachment-id=\"4882\" data-permalink=\"https:\/\/sinedjib.com\/index.php\/2019\/01\/22\/mna\/tribune-algerienne-juillet-1976\/\" data-orig-file=\"https:\/\/i0.wp.com\/sinedjib.com\/wp-content\/uploads\/2019\/01\/Tribune-alg%C3%A9rienne-juillet-1976.png?fit=410%2C591&amp;ssl=1\" data-orig-size=\"410,591\" data-comments-opened=\"1\" data-image-meta=\"{&quot;aperture&quot;:&quot;0&quot;,&quot;credit&quot;:&quot;&quot;,&quot;camera&quot;:&quot;&quot;,&quot;caption&quot;:&quot;&quot;,&quot;created_timestamp&quot;:&quot;0&quot;,&quot;copyright&quot;:&quot;&quot;,&quot;focal_length&quot;:&quot;0&quot;,&quot;iso&quot;:&quot;0&quot;,&quot;shutter_speed&quot;:&quot;0&quot;,&quot;title&quot;:&quot;&quot;,&quot;orientation&quot;:&quot;0&quot;}\" data-image-title=\"Tribune alg\u00e9rienne juillet 1976\" data-image-description=\"\" data-image-caption=\"\" data-large-file=\"https:\/\/i0.wp.com\/sinedjib.com\/wp-content\/uploads\/2019\/01\/Tribune-alg%C3%A9rienne-juillet-1976.png?fit=410%2C591&amp;ssl=1\" src=\"https:\/\/i0.wp.com\/sinedjib.com\/wp-content\/uploads\/2019\/01\/Tribune-alg%C3%A9rienne-juillet-1976.png?resize=410%2C591&#038;ssl=1\" alt=\"\" class=\"wp-image-4882 size-full\" srcset=\"https:\/\/i0.wp.com\/sinedjib.com\/wp-content\/uploads\/2019\/01\/Tribune-alg%C3%A9rienne-juillet-1976.png?w=410&amp;ssl=1 410w, https:\/\/i0.wp.com\/sinedjib.com\/wp-content\/uploads\/2019\/01\/Tribune-alg%C3%A9rienne-juillet-1976.png?resize=208%2C300&amp;ssl=1 208w\" sizes=\"auto, (max-width: 410px) 100vw, 410px\" \/><\/figure><div class=\"wp-block-media-text__content\">\n<p>\u00ab&nbsp;Interview d\u2019un ancien militant du M.N.A., qui fut l\u2019un des cr\u00e9ateurs de l\u2019Union syndicale des travailleurs alg\u00e9riens (USTA), la premi\u00e8re organisation syndicale alg\u00e9rienne&nbsp;\u00bb, parue dans <em>Tribune alg\u00e9rienne<\/em>, n\u00b0 7, juillet 1976. <a href=\"http:\/\/sinedjib.com\/index.php\/2019\/01\/22\/mna\/\">Lien<\/a><\/p>\n\n\n\n<p>\u00ab\u00a0Lettre d\u2019un ancien militant du F.L.N. (F\u00e9d\u00e9ration de France)\u00a0\u00bb, parue dans <em>Tribune alg\u00e9rienne<\/em>, n\u00b0 7, juillet 1976. <a href=\"http:\/\/sinedjib.com\/index.php\/2019\/01\/25\/fln\/\">Lien<\/a><\/p>\n\n\n\n<p>\u00ab\u00a0Les \u00e9tudiants contre Boumedienne\u00a0\u00bb, parus dans&nbsp;<em>Tribune alg\u00e9rienne<\/em>, n\u00b0 7, juillet 1976. <a href=\"https:\/\/sinedjib.com\/index.php\/2020\/06\/30\/etudiants-2\/\">Lien<\/a><\/p>\n<\/div><\/div>\n\n\n\n<div class=\"wp-block-media-text alignwide has-media-on-the-right is-stacked-on-mobile is-image-fill\"><figure class=\"wp-block-media-text__media\" style=\"background-image:url(https:\/\/sinedjib.com\/wp-content\/uploads\/2019\/01\/Tribune-alg\u00e9rienne-novembre-1976.png);background-position:75% 98%\"><img data-recalc-dims=\"1\" loading=\"lazy\" decoding=\"async\" width=\"412\" height=\"600\" data-attachment-id=\"4903\" data-permalink=\"https:\/\/sinedjib.com\/index.php\/2019\/01\/28\/lettre-3\/tribune-algerienne-novembre-1976\/\" data-orig-file=\"https:\/\/i0.wp.com\/sinedjib.com\/wp-content\/uploads\/2019\/01\/Tribune-alg%C3%A9rienne-novembre-1976.png?fit=412%2C600&amp;ssl=1\" data-orig-size=\"412,600\" data-comments-opened=\"1\" data-image-meta=\"{&quot;aperture&quot;:&quot;0&quot;,&quot;credit&quot;:&quot;&quot;,&quot;camera&quot;:&quot;&quot;,&quot;caption&quot;:&quot;&quot;,&quot;created_timestamp&quot;:&quot;0&quot;,&quot;copyright&quot;:&quot;&quot;,&quot;focal_length&quot;:&quot;0&quot;,&quot;iso&quot;:&quot;0&quot;,&quot;shutter_speed&quot;:&quot;0&quot;,&quot;title&quot;:&quot;&quot;,&quot;orientation&quot;:&quot;0&quot;}\" data-image-title=\"Tribune alg\u00e9rienne novembre 1976\" data-image-description=\"\" data-image-caption=\"\" data-large-file=\"https:\/\/i0.wp.com\/sinedjib.com\/wp-content\/uploads\/2019\/01\/Tribune-alg%C3%A9rienne-novembre-1976.png?fit=412%2C600&amp;ssl=1\" src=\"https:\/\/i0.wp.com\/sinedjib.com\/wp-content\/uploads\/2019\/01\/Tribune-alg%C3%A9rienne-novembre-1976.png?resize=412%2C600&#038;ssl=1\" alt=\"\" class=\"wp-image-4903 size-full\" srcset=\"https:\/\/i0.wp.com\/sinedjib.com\/wp-content\/uploads\/2019\/01\/Tribune-alg%C3%A9rienne-novembre-1976.png?w=412&amp;ssl=1 412w, https:\/\/i0.wp.com\/sinedjib.com\/wp-content\/uploads\/2019\/01\/Tribune-alg%C3%A9rienne-novembre-1976.png?resize=206%2C300&amp;ssl=1 206w\" sizes=\"auto, (max-width: 412px) 100vw, 412px\" \/><\/figure><div class=\"wp-block-media-text__content\">\n<p>\u00ab\u00a0Le P.C.F., Robert LAMBOTTE, Francis COHEN, Fran\u00e7ois HINCKER : VIVE BOUMEDIENE ! VIVE LA CHARTE !\u00a0\u00bb, paru dans <em>Tribune alg\u00e9rienne<\/em>, n\u00b0 8, novembre 1976. <a href=\"http:\/\/sinedjib.com\/index.php\/2020\/02\/01\/pcf\/\">Lien<\/a><\/p>\n\n\n\n<p>\u00ab\u00a0Lettre d\u2019un com\u00e9dien alg\u00e9rien \u00e0 &lsquo;Tribune alg\u00e9rienne'\u00a0\u00bb, paru dans <em>Tribune alg\u00e9rienne<\/em>, n\u00b0 8, novembre 1976. <a href=\"http:\/\/sinedjib.com\/index.php\/2019\/01\/28\/lettre-3\/\">Lien<\/a><\/p>\n\n\n\n<p>\u00ab\u00a0Gr\u00e8ve \u00e0 la MITEX-FITEX de Birtouta\u00a0\u00bb, paru dans <em>Tribune alg\u00e9rienne<\/em>, n\u00b0 8, novembre 1976. <a href=\"https:\/\/sinedjib.com\/index.php\/2020\/07\/02\/birtouta\/\">Lien<\/a><\/p>\n<\/div><\/div>\n\n\n\n<p>\u00ab\u00a0Le PAGS : en premi\u00e8re ligne pour d\u00e9fendre le pouvoir\u00a0\u00bb, paru dans <em>Tribune alg\u00e9rienne<\/em>, n\u00b0 9, janvier 1977. <a rel=\"noreferrer noopener\" aria-label=\"Lien (s\u2019ouvre dans un nouvel onglet)\" href=\"http:\/\/sinedjib.com\/index.php\/2020\/02\/03\/pags\/\" target=\"_blank\">Lien<\/a><\/p>\n\n\n\n<p>\u00ab\u00a0Les libert\u00e9s selon le PCF\u00a0\u00bb, paru dans <em>Tribune alg\u00e9rienne<\/em>, n\u00b0 10, juin 1977. <a href=\"http:\/\/sinedjib.com\/index.php\/2020\/02\/05\/libertes-pcf\/\">Lien<\/a><\/p>\n\n\n\n<p>\u00ab\u00a0La gr\u00e8ve des dockers\u00a0\u00bb, paru dans&nbsp;<em>Tribune alg\u00e9rienne<\/em>, suppl\u00e9ment au n\u00b0 11, septembre 1977. <a href=\"https:\/\/sinedjib.com\/index.php\/2020\/07\/04\/dockers-2\/\">Lien<\/a><\/p>\n\n\n\n<p>\u00ab\u00a0Voix des femmes alg\u00e9riennes\u00a0\u00bb, paru dans&nbsp;<em>Tribune alg\u00e9rienne<\/em>,&nbsp;n\u00b0 15, mai 1978. <a href=\"https:\/\/sinedjib.com\/index.php\/2020\/07\/07\/femmes-algeriennes-2\/\">Lien<\/a><\/p>\n\n\n\n<p>\u00ab\u00a0L\u2019affaire Dalila Maschino\u00a0\u00bb, dossier publi\u00e9 dans <em>Tribune alg\u00e9rienne<\/em>, n\u00b0 16, juillet 1978. <a rel=\"noreferrer noopener\" aria-label=\" (s\u2019ouvre dans un nouvel onglet)\" href=\"http:\/\/sinedjib.com\/index.php\/2019\/01\/30\/maschino-2\/\" target=\"_blank\">Lien<\/a><\/p>\n\n\n\n<p>\u00ab\u00a0Arrachons la lib\u00e9ration de Dalila\u00a0\u00bb, paru dans&nbsp;<em>Tribune alg\u00e9rienne<\/em>, n\u00b0 17, octobre-novembre 1978. <a href=\"https:\/\/sinedjib.com\/index.php\/2020\/07\/09\/liberation-de-dalila\/\">Lien<\/a><\/p>\n\n\n\n<p>Khedidja, \u00ab\u00a0Meeting \u00e0 la fac centrale d\u2019Alger, les \u00e9tudiants combattent pour leurs revendications, pour leur organisation\u00a0\u00bb, paru dans&nbsp;<em>Tribune alg\u00e9rienne<\/em>, n\u00b0 18, d\u00e9cembre 1978. <a href=\"https:\/\/sinedjib.com\/index.php\/2020\/07\/11\/khedidja\/\">Lien<\/a><\/p>\n\n\n\n<p>Brahim, \u00ab\u00a0Les dockers d\u2019Alger : &lsquo;nous voulons un vote secret, des candidatures libres et un d\u00e9pouillement public'\u00a0\u00bb, paru dans&nbsp;<em>Tribune alg\u00e9rienne<\/em>,&nbsp;n\u00b0 19, mars 1979. <a href=\"https:\/\/sinedjib.com\/index.php\/2020\/07\/13\/les-dockers-dalger-nous-voulons-un-vote-secret-des-candidatures-libres-et-un-depouillement-public\/\">Lien<\/a><\/p>\n\n\n\n<div class=\"wp-block-media-text alignwide is-stacked-on-mobile is-image-fill\"><figure class=\"wp-block-media-text__media\" style=\"background-image:url(https:\/\/sinedjib.com\/wp-content\/uploads\/2019\/02\/Tribune-alg\u00e9rienne-juin-1979.png);background-position:54% 83%\"><img data-recalc-dims=\"1\" loading=\"lazy\" decoding=\"async\" width=\"419\" height=\"601\" data-attachment-id=\"5062\" data-permalink=\"https:\/\/sinedjib.com\/index.php\/2019\/02\/08\/khomeyni-2\/tribune-algerienne-juin-1979\/\" data-orig-file=\"https:\/\/i0.wp.com\/sinedjib.com\/wp-content\/uploads\/2019\/02\/Tribune-alg%C3%A9rienne-juin-1979.png?fit=419%2C601&amp;ssl=1\" data-orig-size=\"419,601\" data-comments-opened=\"1\" data-image-meta=\"{&quot;aperture&quot;:&quot;0&quot;,&quot;credit&quot;:&quot;&quot;,&quot;camera&quot;:&quot;&quot;,&quot;caption&quot;:&quot;&quot;,&quot;created_timestamp&quot;:&quot;0&quot;,&quot;copyright&quot;:&quot;&quot;,&quot;focal_length&quot;:&quot;0&quot;,&quot;iso&quot;:&quot;0&quot;,&quot;shutter_speed&quot;:&quot;0&quot;,&quot;title&quot;:&quot;&quot;,&quot;orientation&quot;:&quot;0&quot;}\" data-image-title=\"Tribune alg\u00e9rienne juin 1979\" data-image-description=\"\" data-image-caption=\"\" data-large-file=\"https:\/\/i0.wp.com\/sinedjib.com\/wp-content\/uploads\/2019\/02\/Tribune-alg%C3%A9rienne-juin-1979.png?fit=419%2C601&amp;ssl=1\" src=\"https:\/\/i0.wp.com\/sinedjib.com\/wp-content\/uploads\/2019\/02\/Tribune-alg%C3%A9rienne-juin-1979.png?resize=419%2C601&#038;ssl=1\" alt=\"\" class=\"wp-image-5062 size-full\" srcset=\"https:\/\/i0.wp.com\/sinedjib.com\/wp-content\/uploads\/2019\/02\/Tribune-alg%C3%A9rienne-juin-1979.png?w=419&amp;ssl=1 419w, https:\/\/i0.wp.com\/sinedjib.com\/wp-content\/uploads\/2019\/02\/Tribune-alg%C3%A9rienne-juin-1979.png?resize=209%2C300&amp;ssl=1 209w\" sizes=\"auto, (max-width: 419px) 100vw, 419px\" \/><\/figure><div class=\"wp-block-media-text__content\">\n<p class=\"has-normal-font-size\">\u00ab\u00a0Le combat de la classe ouvri\u00e8re\u00a0\u00bb, paru dans <em>Tribune alg\u00e9rienne<\/em>, n\u00b0 20, juin 1979. <a href=\"https:\/\/sinedjib.com\/index.php\/2020\/07\/15\/classe-ouvriere\/\">Lien<\/a><\/p>\n\n\n\n<p>\u00ab\u00a0Les masses iraniennes contre Khomeyni\u00a0\u00bb, paru dans <em>Tribune alg\u00e9rienne<\/em>, n\u00b0 20, juin 1979. <a href=\"http:\/\/sinedjib.com\/index.php\/2019\/02\/08\/khomeyni-2\/\">Lien<\/a><\/p>\n<\/div><\/div>\n\n\n\n<div class=\"wp-block-media-text alignwide has-media-on-the-right is-stacked-on-mobile is-image-fill\"><figure class=\"wp-block-media-text__media\" style=\"background-image:url(https:\/\/sinedjib.com\/wp-content\/uploads\/2020\/07\/Tribune-alg\u00e9rienne-septembre-1979.png);background-position:65% 75%\"><img data-recalc-dims=\"1\" loading=\"lazy\" decoding=\"async\" width=\"389\" height=\"560\" data-attachment-id=\"9233\" data-permalink=\"https:\/\/sinedjib.com\/index.php\/2020\/07\/18\/greve-postiers\/tribune-algerienne-septembre-1979\/\" data-orig-file=\"https:\/\/i0.wp.com\/sinedjib.com\/wp-content\/uploads\/2020\/07\/Tribune-alg%C3%A9rienne-septembre-1979.png?fit=389%2C560&amp;ssl=1\" data-orig-size=\"389,560\" data-comments-opened=\"1\" data-image-meta=\"{&quot;aperture&quot;:&quot;0&quot;,&quot;credit&quot;:&quot;&quot;,&quot;camera&quot;:&quot;&quot;,&quot;caption&quot;:&quot;&quot;,&quot;created_timestamp&quot;:&quot;0&quot;,&quot;copyright&quot;:&quot;&quot;,&quot;focal_length&quot;:&quot;0&quot;,&quot;iso&quot;:&quot;0&quot;,&quot;shutter_speed&quot;:&quot;0&quot;,&quot;title&quot;:&quot;&quot;,&quot;orientation&quot;:&quot;0&quot;}\" data-image-title=\"Tribune-alg\u00e9rienne-septembre-1979\" data-image-description=\"\" data-image-caption=\"\" data-large-file=\"https:\/\/i0.wp.com\/sinedjib.com\/wp-content\/uploads\/2020\/07\/Tribune-alg%C3%A9rienne-septembre-1979.png?fit=389%2C560&amp;ssl=1\" src=\"https:\/\/i0.wp.com\/sinedjib.com\/wp-content\/uploads\/2020\/07\/Tribune-alg%C3%A9rienne-septembre-1979.png?resize=389%2C560&#038;ssl=1\" alt=\"\" class=\"wp-image-9233 size-full\" srcset=\"https:\/\/i0.wp.com\/sinedjib.com\/wp-content\/uploads\/2020\/07\/Tribune-alg%C3%A9rienne-septembre-1979.png?w=389&amp;ssl=1 389w, https:\/\/i0.wp.com\/sinedjib.com\/wp-content\/uploads\/2020\/07\/Tribune-alg%C3%A9rienne-septembre-1979.png?resize=208%2C300&amp;ssl=1 208w\" sizes=\"auto, (max-width: 389px) 100vw, 389px\" \/><\/figure><div class=\"wp-block-media-text__content\">\n<p class=\"has-normal-font-size\">\u00ab\u00a0Gr\u00e8ve g\u00e9n\u00e9rale des postiers\u00a0\u00bb, paru dans <em>Tribune alg\u00e9rienne<\/em>, n\u00b0 21, septembre 1979. <a href=\"https:\/\/sinedjib.com\/index.php\/2020\/07\/18\/greve-postiers\/\">Lien<\/a><\/p>\n\n\n\n<p>\u00ab\u00a0La r\u00e9action khomeyniste contre la r\u00e9volution iranienne\u00a0\u00bb, paru dans <em>Tribune alg\u00e9rienne<\/em>, n\u00b0 21, septembre 1979. <a href=\"http:\/\/sinedjib.com\/index.php\/2019\/02\/14\/khomeyniste\/\">Lien<\/a><\/p>\n<\/div><\/div>\n\n\n\n<p>\u00ab\u00a0Lettre d\u2019un lecteur de Tribune alg\u00e9rienne, 26 septembre 1979\u00a0\u00bb, parue dans <em>Tribune alg\u00e9rienne<\/em>, n\u00b0 22, novembre 1979. <a href=\"https:\/\/sinedjib.com\/index.php\/2020\/07\/20\/lettre-lecteur\/\">Lien<\/a><\/p>\n\n\n\n<p>\u00ab\u00a0Apr\u00e8s les postiers, les \u00e9tudiants, les lyc\u00e9ens montrent la voie\u00a0\u00bb, paru dans <em>Tribune alg\u00e9rienne<\/em>, n\u00b0 23, janvier 1980. <a href=\"https:\/\/sinedjib.com\/index.php\/2020\/07\/23\/etudiants-lyceens\/\">Lien<\/a><\/p>\n\n\n\n<p>\u00ab\u00a0Alg\u00e9rie : gr\u00e8ves de masse contre le pouvoir\u00a0\u00bb, paru dans&nbsp;<em>Tribune alg\u00e9rienne<\/em>, n\u00b0 24, mai 1980. <a href=\"https:\/\/sinedjib.com\/index.php\/2020\/07\/25\/greves-masse\/\">Lien<\/a><\/p>\n","protected":false},"excerpt":{"rendered":"<p>Cette page recense les 25 articles de Tribune alg\u00e9rienne publi\u00e9s sur ce site depuis le 20 janvier 2019. Le bulletin du Comit\u00e9 de liaison des trotskystes alg\u00e9riens a paru de 1974 \u00e0 1980. Des num\u00e9ros sont consultables sur le portail Odyss\u00e9o. \u00ab\u00a0Le voyage de Marchais en Alg\u00e9rie\u00a0\u00bb, paru dans Tribune alg\u00e9rienne, n\u00b0 1, novembre 1974. [&hellip;]<\/p>\n","protected":false},"author":1,"featured_media":0,"parent":5483,"menu_order":0,"comment_status":"closed","ping_status":"closed","template":"","meta":{"jetpack_post_was_ever_published":false,"footnotes":""},"class_list":["post-6837","page","type-page","status-publish","hentry"],"jetpack_sharing_enabled":true,"jetpack_shortlink":"https:\/\/wp.me\/P9lTYU-1Mh","jetpack_likes_enabled":true,"jetpack-related-posts":[{"id":22345,"url":"https:\/\/sinedjib.com\/index.php\/index-des-publications\/","url_meta":{"origin":6837,"position":0},"title":"Index des publications","author":"SiNedjib","date":"17\/03\/2024","format":false,"excerpt":"Cette page pr\u00e9sente un index des publications (bulletins, journaux, revues, etc.) dont cinq textes \u2013 ou plus \u2013 ont \u00e9t\u00e9 retranscrits sur ce site depuis 2012. La liste sera progressivement compl\u00e9t\u00e9e avec l\u2019ensemble des autres r\u00e9f\u00e9rences. A Alarme ; Alger R\u00e9publicain ; Alternative libertaire ; Arguments ; B Le Bolch\u00e9vik\u2026","rel":"","context":"Article similaire","block_context":{"text":"Article similaire","link":""},"img":{"alt_text":"","src":"","width":0,"height":0},"classes":[]},{"id":16671,"url":"https:\/\/sinedjib.com\/index.php\/tribune-ouvriere\/","url_meta":{"origin":6837,"position":1},"title":"Tribune ouvri\u00e8re","author":"SiNedjib","date":"18\/07\/2022","format":false,"excerpt":"Cette page recense les 8 articles de Tribune ouvri\u00e8re publi\u00e9s sur ce site depuis le 6 septembre 2016. Ce journal, anim\u00e9 par Jacques Gautrat dit Daniel Moth\u00e9, a paru de 1954 \u00e0 1962. Ses sommaires sont consultables sur le site Archives Autonomies. \"Retraite ou \u00e9mancipation\", paru dans Tribune ouvri\u00e8re, n\u00b0\u2026","rel":"","context":"Article similaire","block_context":{"text":"Article similaire","link":""},"img":{"alt_text":"","src":"https:\/\/i0.wp.com\/sinedjib.com\/wp-content\/uploads\/2022\/01\/Tribune-ouvriere-janvier-1962.png?resize=350%2C200&ssl=1","width":350,"height":200},"classes":[]},{"id":16968,"url":"https:\/\/sinedjib.com\/index.php\/histoire-algerienne-de-la-france\/","url_meta":{"origin":6837,"position":2},"title":"Histoire alg\u00e9rienne de la France","author":"SiNedjib","date":"29\/08\/2022","format":false,"excerpt":"Cette page est consacr\u00e9e \u00e0 mon cinqui\u00e8me ouvrage, Histoire alg\u00e9rienne de la France. Une centralit\u00e9 refoul\u00e9e, de 1962 \u00e0 nos jours, Presses universitaires de France, 2022.Pour le commander, cliquez sur ce lien Fran\u00e7oise Lorcerie, \"Discuter le postcolonial et le d\u00e9colonial dans les syst\u00e8mes \u00e9ducatifs : le cas de la France\u2026","rel":"","context":"Article similaire","block_context":{"text":"Article similaire","link":""},"img":{"alt_text":"","src":"https:\/\/i0.wp.com\/sinedjib.com\/wp-content\/uploads\/2022\/07\/histoire-algerienne-de-la-france.png?resize=350%2C200&ssl=1","width":350,"height":200},"classes":[]},{"id":16677,"url":"https:\/\/sinedjib.com\/index.php\/la-verite-des-travailleurs\/","url_meta":{"origin":6837,"position":3},"title":"La V\u00e9rit\u00e9 des travailleurs","author":"SiNedjib","date":"18\/07\/2022","format":false,"excerpt":"Cette page recense les 21 articles de La V\u00e9rit\u00e9 des travailleurs publi\u00e9s sur ce site depuis le 5 janvier 2022. Le journal du Parti communiste internationaliste a paru de 1952 \u00e0 1962. Ses sommaires sont consultables sur le site RaDAR. R. Merlin, \"Le livre de Pierre Herv\u00e9, nouvel \u00e9pisode de\u2026","rel":"","context":"Article similaire","block_context":{"text":"Article similaire","link":""},"img":{"alt_text":"","src":"https:\/\/i0.wp.com\/sinedjib.com\/wp-content\/uploads\/2022\/01\/La-Verite-des-travailleurs-janvier-1962.png?resize=350%2C200&ssl=1","width":350,"height":200},"classes":[]},{"id":15214,"url":"https:\/\/sinedjib.com\/index.php\/alternative-libertaire\/","url_meta":{"origin":6837,"position":4},"title":"Alternative libertaire","author":"SiNedjib","date":"06\/01\/2022","format":false,"excerpt":"Cette page recense les 7 articles d'Alternative libertaire publi\u00e9s sur ce site depuis le 8 octobre 2021. Le journal des collectifs pour une Alternative libertaire a \u00e9t\u00e9 lanc\u00e9 en 1991. C'est aujourd'hui le mensuel de l'Union communiste libertaire. \"Entretien avec Cornelius Castoriadis\", paru dans Alternative libertaire, n\u00b0 3, 7 juin\u2026","rel":"","context":"Article similaire","block_context":{"text":"Article similaire","link":""},"img":{"alt_text":"","src":"https:\/\/i0.wp.com\/sinedjib.com\/wp-content\/uploads\/2021\/11\/Alternative-libertaire-7-juin-1991.png?resize=350%2C200&ssl=1","width":350,"height":200},"classes":[]},{"id":16665,"url":"https:\/\/sinedjib.com\/index.php\/realites-algeriennes\/","url_meta":{"origin":6837,"position":5},"title":"R\u00e9alit\u00e9s alg\u00e9riennes","author":"SiNedjib","date":"18\/07\/2022","format":false,"excerpt":"Cette page recense les 5 articles de R\u00e9alit\u00e9s alg\u00e9riennes publi\u00e9s sur ce site depuis le 18 juin 2022. Ce bulletin, \u00e9dit\u00e9 par le Mouvement national alg\u00e9rien, a paru de 1959 \u00e0 1962. \"L\u2019accord F.L.N.-O.A.S. : Il y a d\u2019autres r\u00e9conciliations \u00e0 faire !\", paru dans R\u00e9alit\u00e9s Alg\u00e9riennes, n\u00b0 23, juin\u2026","rel":"","context":"Article similaire","block_context":{"text":"Article similaire","link":""},"img":{"alt_text":"","src":"https:\/\/i0.wp.com\/sinedjib.com\/wp-content\/uploads\/2022\/06\/1962-06-Realites-23_00.jpg?resize=350%2C200&ssl=1","width":350,"height":200,"srcset":"https:\/\/i0.wp.com\/sinedjib.com\/wp-content\/uploads\/2022\/06\/1962-06-Realites-23_00.jpg?resize=350%2C200&ssl=1 1x, https:\/\/i0.wp.com\/sinedjib.com\/wp-content\/uploads\/2022\/06\/1962-06-Realites-23_00.jpg?resize=525%2C300&ssl=1 1.5x, https:\/\/i0.wp.com\/sinedjib.com\/wp-content\/uploads\/2022\/06\/1962-06-Realites-23_00.jpg?resize=700%2C400&ssl=1 2x, https:\/\/i0.wp.com\/sinedjib.com\/wp-content\/uploads\/2022\/06\/1962-06-Realites-23_00.jpg?resize=1050%2C600&ssl=1 3x"},"classes":[]}],"_links":{"self":[{"href":"https:\/\/sinedjib.com\/index.php\/wp-json\/wp\/v2\/pages\/6837","targetHints":{"allow":["GET"]}}],"collection":[{"href":"https:\/\/sinedjib.com\/index.php\/wp-json\/wp\/v2\/pages"}],"about":[{"href":"https:\/\/sinedjib.com\/index.php\/wp-json\/wp\/v2\/types\/page"}],"author":[{"embeddable":true,"href":"https:\/\/sinedjib.com\/index.php\/wp-json\/wp\/v2\/users\/1"}],"replies":[{"embeddable":true,"href":"https:\/\/sinedjib.com\/index.php\/wp-json\/wp\/v2\/comments?post=6837"}],"version-history":[{"count":2,"href":"https:\/\/sinedjib.com\/index.php\/wp-json\/wp\/v2\/pages\/6837\/revisions"}],"predecessor-version":[{"id":16750,"href":"https:\/\/sinedjib.com\/index.php\/wp-json\/wp\/v2\/pages\/6837\/revisions\/16750"}],"up":[{"embeddable":true,"href":"https:\/\/sinedjib.com\/index.php\/wp-json\/wp\/v2\/pages\/5483"}],"wp:attachment":[{"href":"https:\/\/sinedjib.com\/index.php\/wp-json\/wp\/v2\/media?parent=6837"}],"curies":[{"name":"wp","href":"https:\/\/api.w.org\/{rel}","templated":true}]}}