{"id":6860,"date":"2020-01-26T20:09:27","date_gmt":"2020-01-26T19:09:27","guid":{"rendered":"http:\/\/sinedjib.com\/?page_id=6860"},"modified":"2023-05-08T11:58:33","modified_gmt":"2023-05-08T09:58:33","slug":"informations-correspondance-ouvrieres","status":"publish","type":"page","link":"https:\/\/sinedjib.com\/index.php\/ressources\/informations-correspondance-ouvrieres\/","title":{"rendered":"Informations Correspondance Ouvri\u00e8res"},"content":{"rendered":"\n<div class=\"wp-block-media-text alignwide is-stacked-on-mobile is-image-fill\"><figure class=\"wp-block-media-text__media\" style=\"background-image:url(https:\/\/sinedjib.com\/wp-content\/uploads\/2018\/08\/Informations-Correspondance-Ouvri\u00e8res-janvier-1964.png);background-position:47% 0%\"><img data-recalc-dims=\"1\" loading=\"lazy\" decoding=\"async\" width=\"482\" height=\"625\" data-attachment-id=\"4203\" data-permalink=\"https:\/\/sinedjib.com\/index.php\/2018\/08\/24\/lettres-2\/informations-correspondance-ouvrieres-janvier-1964\/\" data-orig-file=\"https:\/\/i0.wp.com\/sinedjib.com\/wp-content\/uploads\/2018\/08\/Informations-Correspondance-Ouvri%C3%A8res-janvier-1964.png?fit=482%2C625&amp;ssl=1\" data-orig-size=\"482,625\" data-comments-opened=\"1\" data-image-meta=\"{&quot;aperture&quot;:&quot;0&quot;,&quot;credit&quot;:&quot;&quot;,&quot;camera&quot;:&quot;&quot;,&quot;caption&quot;:&quot;&quot;,&quot;created_timestamp&quot;:&quot;0&quot;,&quot;copyright&quot;:&quot;&quot;,&quot;focal_length&quot;:&quot;0&quot;,&quot;iso&quot;:&quot;0&quot;,&quot;shutter_speed&quot;:&quot;0&quot;,&quot;title&quot;:&quot;&quot;,&quot;orientation&quot;:&quot;0&quot;}\" data-image-title=\"Informations Correspondance Ouvri\u00e8res janvier 1964\" data-image-description=\"\" data-image-caption=\"\" data-large-file=\"https:\/\/i0.wp.com\/sinedjib.com\/wp-content\/uploads\/2018\/08\/Informations-Correspondance-Ouvri%C3%A8res-janvier-1964.png?fit=482%2C625&amp;ssl=1\" src=\"https:\/\/i0.wp.com\/sinedjib.com\/wp-content\/uploads\/2018\/08\/Informations-Correspondance-Ouvri%C3%A8res-janvier-1964.png?resize=482%2C625&#038;ssl=1\" alt=\"\" class=\"wp-image-4203 size-full\" srcset=\"https:\/\/i0.wp.com\/sinedjib.com\/wp-content\/uploads\/2018\/08\/Informations-Correspondance-Ouvri%C3%A8res-janvier-1964.png?w=482&amp;ssl=1 482w, https:\/\/i0.wp.com\/sinedjib.com\/wp-content\/uploads\/2018\/08\/Informations-Correspondance-Ouvri%C3%A8res-janvier-1964.png?resize=231%2C300&amp;ssl=1 231w\" sizes=\"auto, (max-width: 482px) 100vw, 482px\" \/><\/figure><div class=\"wp-block-media-text__content\">\n<p class=\"has-large-font-size\"><strong>Cette page recense les 27 articles d&rsquo;<em>Informations Correspondance Ouvri\u00e8res<\/em> publi\u00e9s sur ce site depuis le 3 ao\u00fbt 2018.<\/strong> <strong>Le <a rel=\"noreferrer noopener\" href=\"http:\/\/divergences.be\/spip.php?article457&amp;lang=fr\" target=\"_blank\">bulletin<\/a>, \u00e9dit\u00e9 par <a rel=\"noreferrer noopener\" href=\"https:\/\/maitron.fr\/spip.php?article154403\" target=\"_blank\">Pierre Blachier<\/a>, a paru de 1960 \u00e0 1973. Les sommaires sont consultables sur le site <a rel=\"noreferrer noopener\" href=\"https:\/\/archivesautonomies.org\/spip.php?article32\" target=\"_blank\">Archives Autonomies<\/a>.<\/strong><\/p>\n<\/div><\/div>\n\n\n\n<p>\u00ab\u00a0Les \u00e9v\u00e9nements\u00a0\u00bb, paru dans <em>Informations Correspondance Ouvri\u00e8res<\/em>, n\u00b0 1, octobre 1961. <a href=\"https:\/\/sinedjib.com\/index.php\/2021\/10\/02\/les-evenements\/\">Lien<\/a><\/p>\n\n\n\n<div class=\"wp-block-media-text alignwide has-media-on-the-right is-stacked-on-mobile is-image-fill\"><figure class=\"wp-block-media-text__media\" style=\"background-image:url(https:\/\/sinedjib.com\/wp-content\/uploads\/2022\/09\/ICO-janvier-1962.png);background-position:49% 12%\"><img data-recalc-dims=\"1\" loading=\"lazy\" decoding=\"async\" width=\"458\" height=\"593\" data-attachment-id=\"17122\" data-permalink=\"https:\/\/sinedjib.com\/index.php\/ressources\/informations-correspondance-ouvrieres\/ico-janvier-1962\/\" data-orig-file=\"https:\/\/i0.wp.com\/sinedjib.com\/wp-content\/uploads\/2022\/09\/ICO-janvier-1962.png?fit=458%2C593&amp;ssl=1\" data-orig-size=\"458,593\" data-comments-opened=\"1\" data-image-meta=\"{&quot;aperture&quot;:&quot;0&quot;,&quot;credit&quot;:&quot;&quot;,&quot;camera&quot;:&quot;&quot;,&quot;caption&quot;:&quot;&quot;,&quot;created_timestamp&quot;:&quot;0&quot;,&quot;copyright&quot;:&quot;&quot;,&quot;focal_length&quot;:&quot;0&quot;,&quot;iso&quot;:&quot;0&quot;,&quot;shutter_speed&quot;:&quot;0&quot;,&quot;title&quot;:&quot;&quot;,&quot;orientation&quot;:&quot;0&quot;}\" data-image-title=\"ICO-janvier-1962\" data-image-description=\"\" data-image-caption=\"\" data-large-file=\"https:\/\/i0.wp.com\/sinedjib.com\/wp-content\/uploads\/2022\/09\/ICO-janvier-1962.png?fit=458%2C593&amp;ssl=1\" src=\"https:\/\/i0.wp.com\/sinedjib.com\/wp-content\/uploads\/2022\/09\/ICO-janvier-1962.png?resize=458%2C593&#038;ssl=1\" alt=\"\" class=\"wp-image-17122 size-full\" srcset=\"https:\/\/i0.wp.com\/sinedjib.com\/wp-content\/uploads\/2022\/09\/ICO-janvier-1962.png?w=458&amp;ssl=1 458w, https:\/\/i0.wp.com\/sinedjib.com\/wp-content\/uploads\/2022\/09\/ICO-janvier-1962.png?resize=232%2C300&amp;ssl=1 232w\" sizes=\"auto, (max-width: 458px) 100vw, 458px\" \/><\/figure><div class=\"wp-block-media-text__content\">\n<p>\u00ab&nbsp;C\u2019est toujours la guerre d\u2019Alg\u00e9rie et la situation politique en France qui pr\u00e9occupent les travailleurs&nbsp;\u00bb, paru dans <em>Informations Correspondance Ouvri\u00e8res<\/em>, n\u00b0 4, janvier 1962. <a href=\"https:\/\/sinedjib.com\/index.php\/2022\/01\/07\/cest-toujours-la-guerre-dalgerie-et-la-situation-politique-en-france-qui-preoccupent-les-travailleurs\/\">Lien<\/a><\/p>\n\n\n\n<p>\u00ab\u00a0L\u2019\u00e8re de l\u2019opulence (J. K. Galbraith \u2013 Ed. Calmann-L\u00e9vy)\u00a0\u00bb, paru dans <em>Informations Correspondance Ouvri\u00e8res<\/em>, n\u00b0 4, janvier 1962. <a href=\"https:\/\/sinedjib.com\/index.php\/2022\/08\/27\/lere-de-lopulence-j-k-galbraith\/\">Lien<\/a><\/p>\n<\/div><\/div>\n\n\n\n<p>\u00ab&nbsp;Les manifestations des 8 et 13 f\u00e9vrier sont au centre des discussions&nbsp;\u00bb, paru dans <em>Informations Correspondance<\/em><strong><em> <\/em><\/strong><em>Ouvri\u00e8res<\/em>, n\u00b0 5, f\u00e9vrier 1962. <a href=\"https:\/\/sinedjib.com\/index.php\/2022\/02\/12\/les-manifestations-des-8-et-13-fevrier-sont-au-centre-des-discussions\/\">Lien<\/a><\/p>\n\n\n\n<div class=\"wp-block-media-text alignwide is-stacked-on-mobile is-image-fill\"><figure class=\"wp-block-media-text__media\" style=\"background-image:url(https:\/\/sinedjib.com\/wp-content\/uploads\/2022\/09\/ICO-mai-1962.png);background-position:47% 14.000000000000002%\"><img data-recalc-dims=\"1\" loading=\"lazy\" decoding=\"async\" width=\"450\" height=\"583\" data-attachment-id=\"17128\" data-permalink=\"https:\/\/sinedjib.com\/index.php\/ressources\/informations-correspondance-ouvrieres\/ico-mai-1962\/\" data-orig-file=\"https:\/\/i0.wp.com\/sinedjib.com\/wp-content\/uploads\/2022\/09\/ICO-mai-1962.png?fit=450%2C583&amp;ssl=1\" data-orig-size=\"450,583\" data-comments-opened=\"1\" data-image-meta=\"{&quot;aperture&quot;:&quot;0&quot;,&quot;credit&quot;:&quot;&quot;,&quot;camera&quot;:&quot;&quot;,&quot;caption&quot;:&quot;&quot;,&quot;created_timestamp&quot;:&quot;0&quot;,&quot;copyright&quot;:&quot;&quot;,&quot;focal_length&quot;:&quot;0&quot;,&quot;iso&quot;:&quot;0&quot;,&quot;shutter_speed&quot;:&quot;0&quot;,&quot;title&quot;:&quot;&quot;,&quot;orientation&quot;:&quot;0&quot;}\" data-image-title=\"ICO-mai-1962\" data-image-description=\"\" data-image-caption=\"\" data-large-file=\"https:\/\/i0.wp.com\/sinedjib.com\/wp-content\/uploads\/2022\/09\/ICO-mai-1962.png?fit=450%2C583&amp;ssl=1\" src=\"https:\/\/i0.wp.com\/sinedjib.com\/wp-content\/uploads\/2022\/09\/ICO-mai-1962.png?resize=450%2C583&#038;ssl=1\" alt=\"\" class=\"wp-image-17128 size-full\" srcset=\"https:\/\/i0.wp.com\/sinedjib.com\/wp-content\/uploads\/2022\/09\/ICO-mai-1962.png?w=450&amp;ssl=1 450w, https:\/\/i0.wp.com\/sinedjib.com\/wp-content\/uploads\/2022\/09\/ICO-mai-1962.png?resize=232%2C300&amp;ssl=1 232w\" sizes=\"auto, (max-width: 450px) 100vw, 450px\" \/><\/figure><div class=\"wp-block-media-text__content\">\n<p>\u00ab&nbsp;La lutte contre la guerre d\u2019Alg\u00e9rie, la lutte anti-fasciste\u2026&nbsp;\u00bb, paru dans <em>Informations Correspondance Ouvri\u00e8res<\/em>, n\u00b0 8, mai 1962. <a href=\"https:\/\/sinedjib.com\/index.php\/2022\/05\/16\/la-lutte-contre-la-guerre-dalgerie-la-lutte-anti-fasciste\/\">Lien<\/a><\/p>\n\n\n\n<p>\u00ab\u00a0La r\u00e9volution et la guerre d\u2019Espagne\u00a0\u00bb, paru dans <em>Informations Correspondance Ouvri\u00e8res<\/em>, n\u00b0 8, mai 1962. <a href=\"https:\/\/sinedjib.com\/index.php\/2022\/08\/20\/la-revolution-et-la-guerre-despagne\/\">Lien<\/a><\/p>\n<\/div><\/div>\n\n\n\n<p>\u00ab\u00a0Vance Packard : L\u2019art du gaspillage\u00a0\u00bb, paru dans <em>Informations Correspondance Ouvri\u00e8res<\/em>, n\u00b0 19, juin 1963. <a href=\"https:\/\/sinedjib.com\/index.php\/2022\/08\/25\/vance-packard-lart-du-gaspillage\/\">Lien<\/a><\/p>\n\n\n\n<p>\u00ab\u00a0Lettres d\u2019Alg\u00e9rie\u00a0\u00bb, parues dans <em>Informations Correspondance Ouvri\u00e8res<\/em>, n\u00b0 25, janvier 1964. <a rel=\"noreferrer noopener\" aria-label=\" (s\u2019ouvre dans un nouvel onglet)\" href=\"http:\/\/sinedjib.com\/index.php\/2018\/08\/24\/lettres-2\/\" target=\"_blank\">Lien<\/a><\/p>\n\n\n\n<p>\u00ab\u00a0A propos des lettres d\u2019Alg\u00e9rie\u00a0\u00bb, paru dans <em>Informations Correspondance Ouvri\u00e8res<\/em>, n\u00b0 26, f\u00e9vrier 1964. <a href=\"http:\/\/sinedjib.com\/index.php\/2018\/08\/26\/lettres-3\/\" target=\"_blank\" rel=\"noreferrer noopener\" aria-label=\" (s\u2019ouvre dans un nouvel onglet)\">Lien<\/a><\/p>\n\n\n\n<p>\u00ab\u00a0Lettres sur l\u2019Alg\u00e9rie (comit\u00e9s de gestion)\u00a0\u00bb, parues dans <em>Informations Correspondance Ouvri\u00e8res<\/em>, n \u00b0 27, mars 1964. <a href=\"http:\/\/sinedjib.com\/index.php\/2018\/08\/31\/lettres-4\/\" target=\"_blank\" rel=\"noreferrer noopener\" aria-label=\" (s\u2019ouvre dans un nouvel onglet)\">Lien<\/a><\/p>\n\n\n\n<p>\u00ab\u00a0Lettre d\u2019Alg\u00e9rie\u00a0\u00bb, parue dans <em>Informations Correspondance Ouvri\u00e8res<\/em>, n\u00b0 28, avril 1964. <a rel=\"noreferrer noopener\" aria-label=\" (s\u2019ouvre dans un nouvel onglet)\" href=\"http:\/\/sinedjib.com\/index.php\/2018\/08\/03\/lettre\/\" target=\"_blank\">Lien<\/a><\/p>\n\n\n\n<p>\u00ab\u00a0Lettre d\u2019Alg\u00e9rie\u00a0\u00bb, parue dans&nbsp;<em>Informations Correspondance Ouvri\u00e8res<\/em>, n\u00b0 29, mai 1964. <a href=\"https:\/\/sinedjib.com\/index.php\/2021\/06\/02\/lettre-dalgerie\/\">Lien<\/a><\/p>\n\n\n\n<p>\u00ab\u00a0Alg\u00e9rie : des gr\u00e8ves contre la \u201cpatrie socialiste\u201d\u00a0\u00bb, paru dans&nbsp;<em>Informations Correspondance Ouvri\u00e8res<\/em>, n\u00b0 36,&nbsp;f\u00e9vrier 1965. <a href=\"https:\/\/sinedjib.com\/index.php\/2021\/06\/08\/algerie-des-greves-contre-la-patrie-socialiste\/\">Lien<\/a><\/p>\n\n\n\n<p>\u00ab&nbsp;Les vautours de la guerre froide&nbsp;\u00bb Fred J. Cook \u2013 Ed. Julliard, paru dans <em>Informations Correspondance Ouvri\u00e8res<\/em>, n\u00b0 37, mars 1965. <a href=\"https:\/\/sinedjib.com\/index.php\/2022\/08\/26\/les-vautours-de-la-guerre-froide-fred-j-cook\/\">Lien<\/a><\/p>\n\n\n\n<p>\u00ab\u00a0Correspondance d\u2019un camarade d\u2019Alger\u00a0\u00bb, paru dans&nbsp;<em>Informations Correspondance Ouvri\u00e8res<\/em>, n\u00b0 39,&nbsp;mai 1965. <a href=\"https:\/\/sinedjib.com\/index.php\/2021\/06\/12\/correspondance-dun-camarade-dalger\/\">Lien<\/a><\/p>\n\n\n\n<p>\u00ab\u00a0Five O\u2019clock World (le monde d\u2019apr\u00e8s cinq heures du soir)\u00a0\u00bb, paru dans <em><a rel=\"noreferrer noopener\" href=\"https:\/\/archivesautonomies.org\/IMG\/pdf\/ico\/ICO-055.pdf\" target=\"_blank\">Informations Correspondance Ouvri\u00e8res<\/a><\/em>, n\u00b0 55, d\u00e9cembre 1966. <a href=\"https:\/\/sinedjib.com\/index.php\/2022\/09\/02\/five-oclock-world-le-monde-dapres-cinq-heures-du-soir\/\">Lien<\/a><\/p>\n\n\n\n<p>\u00ab\u00a0Les syndicats aux U.S.A.\u00a0\u00bb, paru dans <em>Informations Correspondance Ouvri\u00e8res<\/em>, n\u00b0 58, mars 1967. <a href=\"https:\/\/sinedjib.com\/index.php\/2022\/08\/29\/les-syndicats-aux-u-s-a\/\">Lien<\/a><\/p>\n\n\n\n<p>\u00ab\u00a0Des livres sur la pauvret\u00e9 dans le capitalisme\u00a0\u00bb, paru dans <em>Informations Correspondance Ouvri\u00e8res<\/em>, n\u00b0 61, juin 1967. <a href=\"https:\/\/sinedjib.com\/index.php\/2022\/09\/01\/des-livres-sur-la-pauvrete-dans-le-capitalisme\/\">Lien<\/a><\/p>\n\n\n\n<p>\u00ab\u00a0D\u00e9troit : les jours de juillet\u00a0\u00bb, paru dans&nbsp;<em>Informations<\/em>&nbsp;<em>Correspondance Ouvri\u00e8res<\/em>, n\u00b0 64, octobre 1967. <a href=\"https:\/\/sinedjib.com\/index.php\/2021\/07\/23\/detroit-les-jours-de-juillet\/\">Lien<\/a><\/p>\n\n\n\n<p>\u00ab\u00a0Le d\u00e9fi am\u00e9ricain \u2013 J. J. Servan-Schreiber \u2013 Ed. Deno\u00ebl\u00a0\u00bb, paru dans <em>Informations Correspondance Ouvri\u00e8res<\/em>, n\u00b0 67, janvier 1968. <a href=\"https:\/\/sinedjib.com\/index.php\/2022\/08\/31\/le-defi-americain-j-j-servan-schreiber\/\">Lien<\/a><\/p>\n\n\n\n<p>\u00ab\u00a0Le vertige \u2013 d\u2019Evguenia S. Guinzbourg (Seuil)\u00a0\u00bb, paru dans <em>Informations Correspondance Ouvri\u00e8res<\/em>, n\u00b0 71, mai 1968. <a href=\"https:\/\/sinedjib.com\/index.php\/2022\/08\/28\/le-vertige-devguenia-s-guinzbourg\/\">Lien<\/a><\/p>\n\n\n\n<p>\u00ab\u00a0En occupant la Tch\u00e9coslovaquie, la Russie r\u00e9v\u00e8le, une fois de plus, la nature imp\u00e9rialiste du capitalisme d\u2019\u00c9tat\u00a0\u00bb, paru dans <em>Informations Correspondance Ouvri\u00e8res<\/em>, n\u00b0 75, novembre 1968. <a href=\"https:\/\/sinedjib.com\/index.php\/2023\/05\/05\/en-occupant-la-tchecoslovaquie\/\">Lien<\/a><\/p>\n\n\n\n<p>\u00ab\u00a0Radicalisme, Sectarisme, Volontarisme\u00a0\u00bb, paru dans <em>Informations Correspondance Ouvri\u00e8res<\/em>, suppl\u00e9ment au n\u00b0 97-98, septembre-octobre 1970. <a href=\"https:\/\/sinedjib.com\/index.php\/2023\/02\/06\/radicalisme-sectarisme-volontarisme\/\">Lien<\/a><\/p>\n\n\n\n<p>\u00ab\u00a0L\u00e9nine philosophe \u2013 Anton Pannekoek (J. Harper) \u2013 Ed. Spartacus\u00a0\u00bb, paru dans <em>Informations Correspondance Ouvri\u00e8res<\/em>, n\u00b0 100, d\u00e9cembre 1970. <a href=\"https:\/\/sinedjib.com\/index.php\/2022\/08\/17\/lenine-philosophe-anton-pannekoek\/\">Lien<\/a><\/p>\n\n\n\n<p>\u00ab\u00a0Pologne : Une gr\u00e8ve sauvage g\u00e9n\u00e9rale\u00a0\u00bb, paru dans <em>Informations Correspondance Ouvri\u00e8res<\/em>, n\u00b0 101-102, janvier-f\u00e9vrier 1971. <a href=\"https:\/\/sinedjib.com\/index.php\/2023\/04\/26\/pologne-une-greve-sauvage-generale\/\">Lien<\/a><\/p>\n\n\n\n<p>\u00ab\u00a0De Cronstadt \u00e0 Gda\u0144sk et Szczecin\u00a0\u00bb, article de Gaston Davoust dit Henry Chaz\u00e9 paru dans les <em>Cahiers du Communisme de Conseils<\/em>, n\u00b0 8, mai 1971. <a href=\"https:\/\/sinedjib.com\/index.php\/2023\/04\/25\/gaston-davoust-de-cronstadt-a-gdansk-et-szczecin\/\">Lien<\/a><\/p>\n\n\n\n<p>\u00ab\u00a0L\u2019\u00e9volution des Blacks Panthers\u00a0\u00bb, paru dans <em>Informations Correspondance Ouvri\u00e8res<\/em>, n\u00b0 118, juin 1972. <a href=\"http:\/\/sinedjib.com\/index.php\/2018\/08\/21\/panthers\/\" target=\"_blank\" rel=\"noreferrer noopener\" aria-label=\" (s\u2019ouvre dans un nouvel onglet)\">Lien<\/a><\/p>\n","protected":false},"excerpt":{"rendered":"<p>Cette page recense les 27 articles d&rsquo;Informations Correspondance Ouvri\u00e8res publi\u00e9s sur ce site depuis le 3 ao\u00fbt 2018. Le bulletin, \u00e9dit\u00e9 par Pierre Blachier, a paru de 1960 \u00e0 1973. Les sommaires sont consultables sur le site Archives Autonomies. \u00ab\u00a0Les \u00e9v\u00e9nements\u00a0\u00bb, paru dans Informations Correspondance Ouvri\u00e8res, n\u00b0 1, octobre 1961. Lien \u00ab&nbsp;C\u2019est toujours la guerre [&hellip;]<\/p>\n","protected":false},"author":1,"featured_media":0,"parent":5483,"menu_order":0,"comment_status":"closed","ping_status":"closed","template":"","meta":{"jetpack_post_was_ever_published":false,"footnotes":""},"class_list":["post-6860","page","type-page","status-publish","hentry"],"jetpack_sharing_enabled":true,"jetpack_shortlink":"https:\/\/wp.me\/P9lTYU-1ME","jetpack_likes_enabled":true,"jetpack-related-posts":[{"id":22345,"url":"https:\/\/sinedjib.com\/index.php\/index-des-publications\/","url_meta":{"origin":6860,"position":0},"title":"Index des publications","author":"SiNedjib","date":"17\/03\/2024","format":false,"excerpt":"Cette page pr\u00e9sente un index des publications (bulletins, journaux, revues, etc.) dont cinq textes \u2013 ou plus \u2013 ont \u00e9t\u00e9 retranscrits sur ce site depuis 2012. La liste sera progressivement compl\u00e9t\u00e9e avec l\u2019ensemble des autres r\u00e9f\u00e9rences. A Alarme ; Alger R\u00e9publicain ; Alternative libertaire ; Arguments ; B Le Bolch\u00e9vik\u2026","rel":"","context":"Article similaire","block_context":{"text":"Article similaire","link":""},"img":{"alt_text":"","src":"","width":0,"height":0},"classes":[]},{"id":22302,"url":"https:\/\/sinedjib.com\/index.php\/correspondance-socialiste-internationale\/","url_meta":{"origin":6860,"position":1},"title":"Correspondance Socialiste Internationale","author":"SiNedjib","date":"17\/03\/2024","format":false,"excerpt":"Cette page recense les 6 articles de Correspondance Socialiste Internationale publi\u00e9s sur ce site depuis le 5 janvier 2024. La revue, fond\u00e9e par Marceau Pivert, a paru de 1950 \u00e0 1960. Marceau Pivert, \"Albert Camus, \u00ab\u00a0L\u2019Homme r\u00e9volt\u00e9\u00a0\u00bb (Gallimard)\", paru dans\u00a0Correspondance Socialiste Internationale, mai 1952. Lien Marceau Pivert, \"Assez de crimes\u2026","rel":"","context":"Article similaire","block_context":{"text":"Article similaire","link":""},"img":{"alt_text":"","src":"https:\/\/i0.wp.com\/sinedjib.com\/wp-content\/uploads\/2024\/03\/CSI-novembre-1957.png?resize=350%2C200&ssl=1","width":350,"height":200,"srcset":"https:\/\/i0.wp.com\/sinedjib.com\/wp-content\/uploads\/2024\/03\/CSI-novembre-1957.png?resize=350%2C200&ssl=1 1x, https:\/\/i0.wp.com\/sinedjib.com\/wp-content\/uploads\/2024\/03\/CSI-novembre-1957.png?resize=525%2C300&ssl=1 1.5x"},"classes":[]},{"id":15227,"url":"https:\/\/sinedjib.com\/index.php\/informations-ouvrieres\/","url_meta":{"origin":6860,"position":2},"title":"Informations ouvri\u00e8res","author":"SiNedjib","date":"06\/01\/2022","format":false,"excerpt":"Cette page recense les 6 articles d'Informations ouvri\u00e8res publi\u00e9s sur ce site depuis. Fond\u00e9 en 1958 par Pierre Boussel, ce titre est aujourd'hui l'hebdomadaire du Parti ouvrier ind\u00e9pendant. \"Alg\u00e9rie : Premier bilan de dix ann\u00e9es d\u2019ind\u00e9pendance\", paru dans\u00a0Informations ouvri\u00e8res, n\u00b0 568, du 14 juin au 20 juin 1972. Lien \"La\u2026","rel":"","context":"Article similaire","block_context":{"text":"Article similaire","link":""},"img":{"alt_text":"","src":"https:\/\/i0.wp.com\/sinedjib.com\/wp-content\/uploads\/2021\/06\/Informations-ouvrieres-21-juin-1972.png?resize=350%2C200&ssl=1","width":350,"height":200},"classes":[]},{"id":9586,"url":"https:\/\/sinedjib.com\/index.php\/mes-textes\/","url_meta":{"origin":6860,"position":3},"title":"Mes textes","author":"SiNedjib","date":"17\/08\/2020","format":false,"excerpt":"Voici un aper\u00e7u de mes textes les plus r\u00e9cents : \u00ab\u00a0Quelques r\u00e9flexions sur la S\u00e9paration des \u00c9glises et de l\u2019\u00c9tat\u00a0\u00bb et \u00ab\u00a0Hommage \u00e0 Mohammed Harbi\u00a0\u00bb, n\u00b0 832, La R\u00e9volution prol\u00e9tarienne, mars 2026 \"Socialisme, immigration et racisme\", Courant alternatif, n\u00b0 358, mars 2026. En ligne \u00ab Hypocrisie fran\u00e7aise \u00bb, Cercle des\u2026","rel":"","context":"Article similaire","block_context":{"text":"Article similaire","link":""},"img":{"alt_text":"","src":"https:\/\/i0.wp.com\/sinedjib.com\/wp-content\/uploads\/2026\/03\/Une-de-RP-832-1024x1448-1.jpg?resize=350%2C200&ssl=1","width":350,"height":200,"srcset":"https:\/\/i0.wp.com\/sinedjib.com\/wp-content\/uploads\/2026\/03\/Une-de-RP-832-1024x1448-1.jpg?resize=350%2C200&ssl=1 1x, https:\/\/i0.wp.com\/sinedjib.com\/wp-content\/uploads\/2026\/03\/Une-de-RP-832-1024x1448-1.jpg?resize=525%2C300&ssl=1 1.5x, https:\/\/i0.wp.com\/sinedjib.com\/wp-content\/uploads\/2026\/03\/Une-de-RP-832-1024x1448-1.jpg?resize=700%2C400&ssl=1 2x"},"classes":[]},{"id":21617,"url":"https:\/\/sinedjib.com\/index.php\/index-auteurs\/","url_meta":{"origin":6860,"position":4},"title":"Index des auteurs","author":"SiNedjib","date":"16\/03\/2024","format":false,"excerpt":"Cette page pr\u00e9sente un index des 34 auteurs dont 5 textes - ou plus - ont \u00e9t\u00e9 retranscrits sur ce site depuis 2013. La liste sera progressivement compl\u00e9t\u00e9e avec l'ensemble des contributeurs. AIT AHMED Hocine ; AMAZIT Idir ; BOUNANE Akli ; BOUSSEL Pierre (LAMBERT Pierre) ; BRETON Andr\u00e9 ;\u2026","rel":"","context":"Article similaire","block_context":{"text":"Article similaire","link":""},"img":{"alt_text":"","src":"","width":0,"height":0},"classes":[]},{"id":13930,"url":"https:\/\/sinedjib.com\/index.php\/le-monde\/","url_meta":{"origin":6860,"position":5},"title":"Le Monde","author":"SiNedjib","date":"10\/09\/2021","format":false,"excerpt":"Cette page recense les 23 articles du Monde publi\u00e9s sur ce site depuis le 3 mai 2015. Le quotidien a \u00e9t\u00e9 fond\u00e9 par Hubert Beuve-M\u00e9ry en 1944. \"Une lettre de M. Albert Camus\", parue dans\u00a0Le Monde, 19-20 juillet 1953. Lien \"Les messalistes se pr\u00e9parent \u00e0 une action r\u00e9volutionnaire\", paru dans\u2026","rel":"","context":"Article similaire","block_context":{"text":"Article similaire","link":""},"img":{"alt_text":"","src":"https:\/\/i0.wp.com\/sinedjib.com\/wp-content\/uploads\/2015\/05\/0507201014018.jpg?resize=350%2C200&ssl=1","width":350,"height":200,"srcset":"https:\/\/i0.wp.com\/sinedjib.com\/wp-content\/uploads\/2015\/05\/0507201014018.jpg?resize=350%2C200&ssl=1 1x, https:\/\/i0.wp.com\/sinedjib.com\/wp-content\/uploads\/2015\/05\/0507201014018.jpg?resize=525%2C300&ssl=1 1.5x, https:\/\/i0.wp.com\/sinedjib.com\/wp-content\/uploads\/2015\/05\/0507201014018.jpg?resize=700%2C400&ssl=1 2x, https:\/\/i0.wp.com\/sinedjib.com\/wp-content\/uploads\/2015\/05\/0507201014018.jpg?resize=1050%2C600&ssl=1 3x, https:\/\/i0.wp.com\/sinedjib.com\/wp-content\/uploads\/2015\/05\/0507201014018.jpg?resize=1400%2C800&ssl=1 4x"},"classes":[]}],"_links":{"self":[{"href":"https:\/\/sinedjib.com\/index.php\/wp-json\/wp\/v2\/pages\/6860","targetHints":{"allow":["GET"]}}],"collection":[{"href":"https:\/\/sinedjib.com\/index.php\/wp-json\/wp\/v2\/pages"}],"about":[{"href":"https:\/\/sinedjib.com\/index.php\/wp-json\/wp\/v2\/types\/page"}],"author":[{"embeddable":true,"href":"https:\/\/sinedjib.com\/index.php\/wp-json\/wp\/v2\/users\/1"}],"replies":[{"embeddable":true,"href":"https:\/\/sinedjib.com\/index.php\/wp-json\/wp\/v2\/comments?post=6860"}],"version-history":[{"count":17,"href":"https:\/\/sinedjib.com\/index.php\/wp-json\/wp\/v2\/pages\/6860\/revisions"}],"predecessor-version":[{"id":18687,"href":"https:\/\/sinedjib.com\/index.php\/wp-json\/wp\/v2\/pages\/6860\/revisions\/18687"}],"up":[{"embeddable":true,"href":"https:\/\/sinedjib.com\/index.php\/wp-json\/wp\/v2\/pages\/5483"}],"wp:attachment":[{"href":"https:\/\/sinedjib.com\/index.php\/wp-json\/wp\/v2\/media?parent=6860"}],"curies":[{"name":"wp","href":"https:\/\/api.w.org\/{rel}","templated":true}]}}