{"id":7,"date":"2012-10-28T18:45:18","date_gmt":"2012-10-28T18:45:18","guid":{"rendered":"http:\/\/sinedjib.wordpress.com\/?page_id=2"},"modified":"2026-01-24T15:41:15","modified_gmt":"2026-01-24T14:41:15","slug":"apropos","status":"publish","type":"page","link":"https:\/\/sinedjib.com\/index.php\/apropos\/","title":{"rendered":"Pr\u00e9sentation"},"content":{"rendered":"\n<div class=\"wp-block-media-text alignwide is-stacked-on-mobile is-image-fill-element\" style=\"grid-template-columns:35% auto\"><figure class=\"wp-block-media-text__media\"><img data-recalc-dims=\"1\" loading=\"lazy\" decoding=\"async\" width=\"580\" height=\"387\" data-attachment-id=\"27951\" data-permalink=\"https:\/\/sinedjib.com\/index.php\/apropos\/2026-01-17-alger\/\" data-orig-file=\"https:\/\/i0.wp.com\/sinedjib.com\/wp-content\/uploads\/2026\/01\/2026-01-17-Alger.jpeg?fit=1024%2C683&amp;ssl=1\" data-orig-size=\"1024,683\" data-comments-opened=\"0\" data-image-meta=\"{&quot;aperture&quot;:&quot;0&quot;,&quot;credit&quot;:&quot;&quot;,&quot;camera&quot;:&quot;&quot;,&quot;caption&quot;:&quot;&quot;,&quot;created_timestamp&quot;:&quot;0&quot;,&quot;copyright&quot;:&quot;&quot;,&quot;focal_length&quot;:&quot;0&quot;,&quot;iso&quot;:&quot;0&quot;,&quot;shutter_speed&quot;:&quot;0&quot;,&quot;title&quot;:&quot;&quot;,&quot;orientation&quot;:&quot;1&quot;}\" data-image-title=\"2026-01-17 Alger\" data-image-description=\"\" data-image-caption=\"\" data-large-file=\"https:\/\/i0.wp.com\/sinedjib.com\/wp-content\/uploads\/2026\/01\/2026-01-17-Alger.jpeg?fit=580%2C387&amp;ssl=1\" src=\"https:\/\/i0.wp.com\/sinedjib.com\/wp-content\/uploads\/2026\/01\/2026-01-17-Alger.jpeg?resize=580%2C387&#038;ssl=1\" alt=\"\" class=\"wp-image-27951 size-full\" style=\"object-position:50% 50%\" srcset=\"https:\/\/i0.wp.com\/sinedjib.com\/wp-content\/uploads\/2026\/01\/2026-01-17-Alger.jpeg?w=1024&amp;ssl=1 1024w, https:\/\/i0.wp.com\/sinedjib.com\/wp-content\/uploads\/2026\/01\/2026-01-17-Alger.jpeg?resize=300%2C200&amp;ssl=1 300w, https:\/\/i0.wp.com\/sinedjib.com\/wp-content\/uploads\/2026\/01\/2026-01-17-Alger.jpeg?resize=768%2C512&amp;ssl=1 768w\" sizes=\"auto, (max-width: 580px) 100vw, 580px\" \/><\/figure><div class=\"wp-block-media-text__content\">\n<p class=\"has-drop-cap has-normal-font-size\">Je m&rsquo;appelle Nedjib SIDI MOUSSA et je suis n\u00e9 en 1982 \u00e0 Valenciennes. <a href=\"http:\/\/sinedjib.com\/index.php\/2015\/05\/03\/devenirs-messalistes-1925-2013-sociologie-historique-dune-aristocratie-revolutionnaire\/\">Docteur<\/a> en science politique (Universit\u00e9 Paris 1 Panth\u00e9on-Sorbonne), je me consacre \u00e0 l&rsquo;\u00e9criture et \u00e0 l&rsquo;enseignement en r\u00e9gion parisienne.<\/p>\n<\/div><\/div>\n\n\n\n<div class=\"wp-block-media-text alignwide has-media-on-the-right is-stacked-on-mobile is-image-fill-element\"><div class=\"wp-block-media-text__content\">\n<p class=\"has-drop-cap has-normal-font-size\">Pour de plus amples informations, je vous invite \u00e0 consulter mon <a href=\"https:\/\/sinedjib.com\/index.php\/resume\/\">CV scientifique<\/a>. On trouvera sur ce site des \u00e9l\u00e9ments relatifs \u00e0 <a href=\"http:\/\/sinedjib.com\/index.php\/cv\/livres\/\">mes livres<\/a>, <a href=\"https:\/\/sinedjib.com\/index.php\/mes-textes\/\" data-type=\"page\" data-id=\"9586\">mes textes<\/a>, ainsi que des <a href=\"https:\/\/sinedjib.com\/index.php\/petitions\/\" data-type=\"page\" data-id=\"8296\">initiatives<\/a> soutenues au cours des derni\u00e8res ann\u00e9es&#8230;<\/p>\n<\/div><figure class=\"wp-block-media-text__media\"><img data-recalc-dims=\"1\" loading=\"lazy\" decoding=\"async\" width=\"305\" height=\"497\" data-attachment-id=\"20083\" data-permalink=\"https:\/\/sinedjib.com\/index.php\/2023\/10\/08\/chevilly-larue-besancon\/histoire-algerienne-de-la-france-2\/\" data-orig-file=\"https:\/\/i0.wp.com\/sinedjib.com\/wp-content\/uploads\/2023\/10\/histoire-algerienne-de-la-france.png?fit=305%2C497&amp;ssl=1\" data-orig-size=\"305,497\" data-comments-opened=\"1\" data-image-meta=\"{&quot;aperture&quot;:&quot;0&quot;,&quot;credit&quot;:&quot;&quot;,&quot;camera&quot;:&quot;&quot;,&quot;caption&quot;:&quot;&quot;,&quot;created_timestamp&quot;:&quot;0&quot;,&quot;copyright&quot;:&quot;&quot;,&quot;focal_length&quot;:&quot;0&quot;,&quot;iso&quot;:&quot;0&quot;,&quot;shutter_speed&quot;:&quot;0&quot;,&quot;title&quot;:&quot;&quot;,&quot;orientation&quot;:&quot;0&quot;}\" data-image-title=\"histoire-algerienne-de-la-france\" data-image-description=\"\" data-image-caption=\"\" data-large-file=\"https:\/\/i0.wp.com\/sinedjib.com\/wp-content\/uploads\/2023\/10\/histoire-algerienne-de-la-france.png?fit=305%2C497&amp;ssl=1\" src=\"https:\/\/i0.wp.com\/sinedjib.com\/wp-content\/uploads\/2023\/10\/histoire-algerienne-de-la-france.png?resize=305%2C497&#038;ssl=1\" alt=\"\" class=\"wp-image-20083 size-full\" style=\"object-position:53% 12%\" srcset=\"https:\/\/i0.wp.com\/sinedjib.com\/wp-content\/uploads\/2023\/10\/histoire-algerienne-de-la-france.png?w=305&amp;ssl=1 305w, https:\/\/i0.wp.com\/sinedjib.com\/wp-content\/uploads\/2023\/10\/histoire-algerienne-de-la-france.png?resize=184%2C300&amp;ssl=1 184w\" sizes=\"auto, (max-width: 305px) 100vw, 305px\" \/><\/figure><\/div>\n\n\n\n<div class=\"wp-block-media-text alignwide is-stacked-on-mobile is-image-fill-element\"><figure class=\"wp-block-media-text__media\"><img data-recalc-dims=\"1\" loading=\"lazy\" decoding=\"async\" width=\"382\" height=\"602\" data-attachment-id=\"11852\" data-permalink=\"https:\/\/sinedjib.com\/index.php\/2021\/03\/18\/jean-leger-le-proces-kalandra\/socialisme-ou-barbarie-septembre-1950\/\" data-orig-file=\"https:\/\/i0.wp.com\/sinedjib.com\/wp-content\/uploads\/2021\/03\/Socialisme-ou-Barbarie-septembre-1950.png?fit=382%2C602&amp;ssl=1\" data-orig-size=\"382,602\" data-comments-opened=\"1\" data-image-meta=\"{&quot;aperture&quot;:&quot;0&quot;,&quot;credit&quot;:&quot;&quot;,&quot;camera&quot;:&quot;&quot;,&quot;caption&quot;:&quot;&quot;,&quot;created_timestamp&quot;:&quot;0&quot;,&quot;copyright&quot;:&quot;&quot;,&quot;focal_length&quot;:&quot;0&quot;,&quot;iso&quot;:&quot;0&quot;,&quot;shutter_speed&quot;:&quot;0&quot;,&quot;title&quot;:&quot;&quot;,&quot;orientation&quot;:&quot;0&quot;}\" data-image-title=\"Socialisme-ou-Barbarie-septembre-1950\" data-image-description=\"\" data-image-caption=\"\" data-large-file=\"https:\/\/i0.wp.com\/sinedjib.com\/wp-content\/uploads\/2021\/03\/Socialisme-ou-Barbarie-septembre-1950.png?fit=382%2C602&amp;ssl=1\" src=\"https:\/\/i0.wp.com\/sinedjib.com\/wp-content\/uploads\/2021\/03\/Socialisme-ou-Barbarie-septembre-1950.png?resize=382%2C602&#038;ssl=1\" alt=\"\" class=\"wp-image-11852 size-full\" style=\"object-position:49% 10%\" srcset=\"https:\/\/i0.wp.com\/sinedjib.com\/wp-content\/uploads\/2021\/03\/Socialisme-ou-Barbarie-septembre-1950.png?w=382&amp;ssl=1 382w, https:\/\/i0.wp.com\/sinedjib.com\/wp-content\/uploads\/2021\/03\/Socialisme-ou-Barbarie-septembre-1950.png?resize=190%2C300&amp;ssl=1 190w\" sizes=\"auto, (max-width: 382px) 100vw, 382px\" \/><\/figure><div class=\"wp-block-media-text__content\">\n<p class=\"has-drop-cap\">Ce site a pour vocation de diffuser des textes sur l&rsquo;anticolonialisme, la r\u00e9volution, l&rsquo;\u00e9mancipation&#8230; Si vous souhaitez \u00eatre tenus inform\u00e9s de mon actualit\u00e9 et des publications du site, je vous invite \u00e0 vous <a href=\"https:\/\/sinedjib.com\/index.php\/abonnement\/\">abonner<\/a>.<\/p>\n<\/div><\/div>\n\n\n\n<div class=\"wp-block-media-text alignwide has-media-on-the-right is-stacked-on-mobile is-image-fill-element\"><div class=\"wp-block-media-text__content\">\n<p class=\"has-drop-cap\">Suite \u00e0 une <a href=\"https:\/\/www.politis.fr\/articles\/2025\/01\/les-semeurs-de-haine\/\">campagne de haine<\/a> dont j&rsquo;ai \u00e9t\u00e9 la cible, il n&rsquo;est plus possible de me contacter via ce site ou d&rsquo;en commenter le contenu. Cependant, pour toute proposition s\u00e9rieuse (intervention, entretien, enseignement, recherche, etc.), je reste joignable par l&rsquo;interm\u00e9diaire de mes \u00e9diteurs (<a href=\"https:\/\/www.lechappee.org\/contact\">L&rsquo;\u00e9chapp\u00e9e<\/a> ; <a href=\"https:\/\/www.editionslibertalia.com\/a-propos\/contact\">Libertalia<\/a> ; <a href=\"https:\/\/www.puf.com\/nous-contacter\">PUF<\/a>).<\/p>\n<\/div><figure class=\"wp-block-media-text__media\"><img data-recalc-dims=\"1\" loading=\"lazy\" decoding=\"async\" width=\"580\" height=\"383\" data-attachment-id=\"25690\" data-permalink=\"https:\/\/sinedjib.com\/index.php\/mes-textes\/semeurshaine\/\" data-orig-file=\"https:\/\/i0.wp.com\/sinedjib.com\/wp-content\/uploads\/2025\/01\/semeurshaine.jpg?fit=996%2C658&amp;ssl=1\" data-orig-size=\"996,658\" data-comments-opened=\"0\" data-image-meta=\"{&quot;aperture&quot;:&quot;0&quot;,&quot;credit&quot;:&quot;&quot;,&quot;camera&quot;:&quot;&quot;,&quot;caption&quot;:&quot;&quot;,&quot;created_timestamp&quot;:&quot;0&quot;,&quot;copyright&quot;:&quot;&quot;,&quot;focal_length&quot;:&quot;0&quot;,&quot;iso&quot;:&quot;0&quot;,&quot;shutter_speed&quot;:&quot;0&quot;,&quot;title&quot;:&quot;&quot;,&quot;orientation&quot;:&quot;0&quot;}\" data-image-title=\"semeurshaine\" data-image-description=\"\" data-image-caption=\"\" data-large-file=\"https:\/\/i0.wp.com\/sinedjib.com\/wp-content\/uploads\/2025\/01\/semeurshaine.jpg?fit=580%2C383&amp;ssl=1\" src=\"https:\/\/i0.wp.com\/sinedjib.com\/wp-content\/uploads\/2025\/01\/semeurshaine.jpg?resize=580%2C383&#038;ssl=1\" alt=\"\" class=\"wp-image-25690 size-full\" style=\"object-position:45% 35%\" srcset=\"https:\/\/i0.wp.com\/sinedjib.com\/wp-content\/uploads\/2025\/01\/semeurshaine.jpg?w=996&amp;ssl=1 996w, https:\/\/i0.wp.com\/sinedjib.com\/wp-content\/uploads\/2025\/01\/semeurshaine.jpg?resize=300%2C198&amp;ssl=1 300w, https:\/\/i0.wp.com\/sinedjib.com\/wp-content\/uploads\/2025\/01\/semeurshaine.jpg?resize=768%2C507&amp;ssl=1 768w\" sizes=\"auto, (max-width: 580px) 100vw, 580px\" \/><\/figure><\/div>\n\n\n\n<hr class=\"wp-block-separator has-css-opacity\"\/>\n\n\n\n<blockquote class=\"wp-block-quote is-style-large is-layout-flow wp-block-quote-is-layout-flow\">\n<p>\u201cDe nos jours, un penser critique qui ne s\u2019arr\u00eate pas m\u00eame devant le progr\u00e8s n\u00e9cessite de nouvelles prises de position en faveur de ce qui reste de libert\u00e9, en faveur de tendances pr\u00e9conisant un v\u00e9ritable humanisme, m\u00eame si elles semblent impuissantes \u00e0 arr\u00eater la marche imposante de l\u2019histoire.\u201d<\/p>\n<cite><strong>(Max Horkheimer et Theodor W. Adorno, pr\u00e9face \u00e0&nbsp;<em>La dialectique de la raison<\/em>, 1969)<\/strong><\/cite><\/blockquote>\n","protected":false},"excerpt":{"rendered":"<p>Je m&rsquo;appelle Nedjib SIDI MOUSSA et je suis n\u00e9 en 1982 \u00e0 Valenciennes. Docteur en science politique (Universit\u00e9 Paris 1 Panth\u00e9on-Sorbonne), je me consacre \u00e0 l&rsquo;\u00e9criture et \u00e0 l&rsquo;enseignement en r\u00e9gion parisienne. Pour de plus amples informations, je vous invite \u00e0 consulter mon CV scientifique. On trouvera sur ce site des \u00e9l\u00e9ments relatifs \u00e0 mes [&hellip;]<\/p>\n","protected":false},"author":2,"featured_media":0,"parent":0,"menu_order":0,"comment_status":"closed","ping_status":"open","template":"","meta":{"jetpack_post_was_ever_published":false,"footnotes":""},"class_list":["post-7","page","type-page","status-publish","hentry"],"jetpack_sharing_enabled":true,"jetpack_shortlink":"https:\/\/wp.me\/P9lTYU-7","jetpack_likes_enabled":true,"jetpack-related-posts":[{"id":9596,"url":"https:\/\/sinedjib.com\/index.php\/diffusion-recherche\/","url_meta":{"origin":7,"position":0},"title":"Diffusion de la recherche et autres articles","author":"SiNedjib","date":"17\/08\/2020","format":false,"excerpt":"\"\u00c9crivains alg\u00e9riens d\u2019expression fran\u00e7aise\u00a0: de la conqu\u00eate coloniale aux guerres culturelles\", Moyen-Orient, n\u00b0 69, janvier-mars 2026, p. 60-63 \"In memoriam Mohammed Harbi (1933-2026)\", Histoire coloniale et postcoloniale, 3 janvier 2026. En ligne[traduit en anglais par Adam Novak pour Europe solidaire sans fronti\u00e8res.\u00a0En ligne] \"Comment la d\u00e9colonisation de l'Alg\u00e9rie fa\u00e7onne les\u2026","rel":"","context":"Article similaire","block_context":{"text":"Article similaire","link":""},"img":{"alt_text":"","src":"https:\/\/i0.wp.com\/sinedjib.com\/wp-content\/uploads\/2026\/01\/moyen-Orient-2026.jpg?resize=350%2C200&ssl=1","width":350,"height":200,"srcset":"https:\/\/i0.wp.com\/sinedjib.com\/wp-content\/uploads\/2026\/01\/moyen-Orient-2026.jpg?resize=350%2C200&ssl=1 1x, https:\/\/i0.wp.com\/sinedjib.com\/wp-content\/uploads\/2026\/01\/moyen-Orient-2026.jpg?resize=525%2C300&ssl=1 1.5x"},"classes":[]},{"id":9586,"url":"https:\/\/sinedjib.com\/index.php\/mes-textes\/","url_meta":{"origin":7,"position":1},"title":"Mes textes","author":"SiNedjib","date":"17\/08\/2020","format":false,"excerpt":"Voici un aper\u00e7u de mes textes les plus r\u00e9cents : \u00ab\u00a0Quelques r\u00e9flexions sur la S\u00e9paration des \u00c9glises et de l\u2019\u00c9tat\u00a0\u00bb et \u00ab\u00a0Hommage \u00e0 Mohammed Harbi\u00a0\u00bb, n\u00b0 832, La R\u00e9volution prol\u00e9tarienne, mars 2026 \"Socialisme, immigration et racisme\", Courant alternatif, n\u00b0 358, mars 2026. En ligne \u00ab Hypocrisie fran\u00e7aise \u00bb, Cercle des\u2026","rel":"","context":"Article similaire","block_context":{"text":"Article similaire","link":""},"img":{"alt_text":"","src":"https:\/\/i0.wp.com\/sinedjib.com\/wp-content\/uploads\/2026\/03\/Une-de-RP-832-1024x1448-1.jpg?resize=350%2C200&ssl=1","width":350,"height":200,"srcset":"https:\/\/i0.wp.com\/sinedjib.com\/wp-content\/uploads\/2026\/03\/Une-de-RP-832-1024x1448-1.jpg?resize=350%2C200&ssl=1 1x, https:\/\/i0.wp.com\/sinedjib.com\/wp-content\/uploads\/2026\/03\/Une-de-RP-832-1024x1448-1.jpg?resize=525%2C300&ssl=1 1.5x, https:\/\/i0.wp.com\/sinedjib.com\/wp-content\/uploads\/2026\/03\/Une-de-RP-832-1024x1448-1.jpg?resize=700%2C400&ssl=1 2x"},"classes":[]},{"id":10697,"url":"https:\/\/sinedjib.com\/index.php\/abonnement\/","url_meta":{"origin":7,"position":2},"title":"Abonnement","author":"SiNedjib","date":"18\/11\/2020","format":false,"excerpt":"Si vous souhaitez \u00eatre tenus inform\u00e9s de mon actualit\u00e9 et des publications du site, je vous invite \u00e0 saisir votre adresse \u00e9lectronique ci-dessous.","rel":"","context":"Article similaire","block_context":{"text":"Article similaire","link":""},"img":{"alt_text":"","src":"https:\/\/i0.wp.com\/sinedjib.com\/wp-content\/uploads\/2020\/11\/icone-courriel.png?resize=350%2C200&ssl=1","width":350,"height":200},"classes":[]},{"id":13631,"url":"https:\/\/sinedjib.com\/index.php\/combat\/","url_meta":{"origin":7,"position":3},"title":"Combat","author":"SiNedjib","date":"17\/08\/2021","format":false,"excerpt":"Cette page recense les 28 articles de Combat publi\u00e9s sur ce site depuis le 8 mai 2015. Le journal, initialement organe du Mouvement de Lib\u00e9ration fran\u00e7aise, a paru de 1941 \u00e0 1974. Il est consultable sur le site RetroNews pour la p\u00e9riode 1941-1950. Maurice Nadeau, \"Spartacus par Arthur Koestler\", paru\u2026","rel":"","context":"Article similaire","block_context":{"text":"Article similaire","link":""},"img":{"alt_text":"","src":"https:\/\/i0.wp.com\/sinedjib.com\/wp-content\/uploads\/2021\/07\/Combat-11-mai-1946.png?resize=350%2C200&ssl=1","width":350,"height":200},"classes":[]},{"id":13893,"url":"https:\/\/sinedjib.com\/index.php\/autres-references\/","url_meta":{"origin":7,"position":4},"title":"Autres r\u00e9f\u00e9rences","author":"SiNedjib","date":"10\/09\/2021","format":false,"excerpt":"Cette page recense des textes publi\u00e9s sur ce site depuis le 3 mai 2015 et provenant de 176 bulletins, journaux, magazines, revues... qui ne font pas encore l'objet d'une rubrique sp\u00e9cifique. Action \"Les nouveaux mandarins : lib\u00e9raux et progressistes au service de la carotte\", paru dans Action, n\u00b0 35, 12\u2026","rel":"","context":"Article similaire","block_context":{"text":"Article similaire","link":""},"img":{"alt_text":"","src":"https:\/\/i0.wp.com\/sinedjib.com\/wp-content\/uploads\/2019\/12\/LAnarchie-30-d%C3%A9cembre-1909.png?resize=350%2C200&ssl=1","width":350,"height":200},"classes":[]},{"id":21617,"url":"https:\/\/sinedjib.com\/index.php\/index-auteurs\/","url_meta":{"origin":7,"position":5},"title":"Index des auteurs","author":"SiNedjib","date":"16\/03\/2024","format":false,"excerpt":"Cette page pr\u00e9sente un index des 34 auteurs dont 5 textes - ou plus - ont \u00e9t\u00e9 retranscrits sur ce site depuis 2013. La liste sera progressivement compl\u00e9t\u00e9e avec l'ensemble des contributeurs. AIT AHMED Hocine ; AMAZIT Idir ; BOUNANE Akli ; BOUSSEL Pierre (LAMBERT Pierre) ; BRETON Andr\u00e9 ;\u2026","rel":"","context":"Article similaire","block_context":{"text":"Article similaire","link":""},"img":{"alt_text":"","src":"","width":0,"height":0},"classes":[]}],"_links":{"self":[{"href":"https:\/\/sinedjib.com\/index.php\/wp-json\/wp\/v2\/pages\/7","targetHints":{"allow":["GET"]}}],"collection":[{"href":"https:\/\/sinedjib.com\/index.php\/wp-json\/wp\/v2\/pages"}],"about":[{"href":"https:\/\/sinedjib.com\/index.php\/wp-json\/wp\/v2\/types\/page"}],"author":[{"embeddable":true,"href":"https:\/\/sinedjib.com\/index.php\/wp-json\/wp\/v2\/users\/2"}],"replies":[{"embeddable":true,"href":"https:\/\/sinedjib.com\/index.php\/wp-json\/wp\/v2\/comments?post=7"}],"version-history":[{"count":43,"href":"https:\/\/sinedjib.com\/index.php\/wp-json\/wp\/v2\/pages\/7\/revisions"}],"predecessor-version":[{"id":27954,"href":"https:\/\/sinedjib.com\/index.php\/wp-json\/wp\/v2\/pages\/7\/revisions\/27954"}],"wp:attachment":[{"href":"https:\/\/sinedjib.com\/index.php\/wp-json\/wp\/v2\/media?parent=7"}],"curies":[{"name":"wp","href":"https:\/\/api.w.org\/{rel}","templated":true}]}}