{"id":7023,"date":"2020-02-15T13:05:31","date_gmt":"2020-02-15T12:05:31","guid":{"rendered":"http:\/\/sinedjib.com\/?page_id=7023"},"modified":"2023-05-08T11:51:44","modified_gmt":"2023-05-08T09:51:44","slug":"socialisme-ou-barbarie","status":"publish","type":"page","link":"https:\/\/sinedjib.com\/index.php\/ressources\/socialisme-ou-barbarie\/","title":{"rendered":"Socialisme ou Barbarie"},"content":{"rendered":"\n<div class=\"wp-block-media-text alignwide is-stacked-on-mobile is-image-fill\"><figure class=\"wp-block-media-text__media\" style=\"background-image:url(http:\/\/sinedjib.com\/wp-content\/uploads\/2020\/02\/Socialisme-ou-Barbarie-2-1.png);background-position:49% 0%\"><img data-recalc-dims=\"1\" loading=\"lazy\" decoding=\"async\" width=\"377\" height=\"592\" data-attachment-id=\"7184\" data-permalink=\"https:\/\/sinedjib.com\/index.php\/ressources\/socialisme-ou-barbarie\/socialisme-ou-barbarie-2-1\/\" data-orig-file=\"https:\/\/i0.wp.com\/sinedjib.com\/wp-content\/uploads\/2020\/02\/Socialisme-ou-Barbarie-2-1.png?fit=377%2C592&amp;ssl=1\" data-orig-size=\"377,592\" data-comments-opened=\"1\" data-image-meta=\"{&quot;aperture&quot;:&quot;0&quot;,&quot;credit&quot;:&quot;&quot;,&quot;camera&quot;:&quot;&quot;,&quot;caption&quot;:&quot;&quot;,&quot;created_timestamp&quot;:&quot;0&quot;,&quot;copyright&quot;:&quot;&quot;,&quot;focal_length&quot;:&quot;0&quot;,&quot;iso&quot;:&quot;0&quot;,&quot;shutter_speed&quot;:&quot;0&quot;,&quot;title&quot;:&quot;&quot;,&quot;orientation&quot;:&quot;0&quot;}\" data-image-title=\"Socialisme-ou-Barbarie-2-1\" data-image-description=\"\" data-image-caption=\"\" data-medium-file=\"https:\/\/i0.wp.com\/sinedjib.com\/wp-content\/uploads\/2020\/02\/Socialisme-ou-Barbarie-2-1.png?fit=191%2C300&amp;ssl=1\" data-large-file=\"https:\/\/i0.wp.com\/sinedjib.com\/wp-content\/uploads\/2020\/02\/Socialisme-ou-Barbarie-2-1.png?fit=377%2C592&amp;ssl=1\" src=\"https:\/\/i0.wp.com\/sinedjib.com\/wp-content\/uploads\/2020\/02\/Socialisme-ou-Barbarie-2-1.png?resize=377%2C592\" alt=\"\" class=\"wp-image-7184 size-full\" srcset=\"https:\/\/i0.wp.com\/sinedjib.com\/wp-content\/uploads\/2020\/02\/Socialisme-ou-Barbarie-2-1.png?w=377&amp;ssl=1 377w, https:\/\/i0.wp.com\/sinedjib.com\/wp-content\/uploads\/2020\/02\/Socialisme-ou-Barbarie-2-1.png?resize=191%2C300&amp;ssl=1 191w\" sizes=\"auto, (max-width: 377px) 100vw, 377px\" \/><\/figure><div class=\"wp-block-media-text__content\">\n<p class=\"has-large-font-size\"><strong>Cette page recense les 18 articles de\u00a0<em>Socialisme ou Barbarie<\/em>\u00a0publi\u00e9s sur ce site depuis le<\/strong>\u00a0<strong>20 mai 2016.<\/strong> <strong>La revue fond\u00e9e par <a rel=\"noreferrer noopener\" href=\"https:\/\/maitron.fr\/spip.php?article18972\" target=\"_blank\">Cornelius Castoriadis<\/a> a paru de 1949 \u00e0 1967. Les num\u00e9ros sont consultables et t\u00e9l\u00e9chargeables sur le site <a rel=\"noreferrer noopener\" href=\"http:\/\/archivesautonomies.org\/spip.php?article758\" target=\"_blank\">Archives Autonomies<\/a>.<\/strong><\/p>\n<\/div><\/div>\n\n\n\n<p>Jean Seurel, \u00ab\u00a0Le proc\u00e8s Kravchenko\u00a0\u00bb, paru dans&nbsp;<em>Socialisme ou Barbarie<\/em>, n\u00b0 2, mai-juin 1949. <a rel=\"noreferrer noopener\" aria-label=\"Lien (s\u2019ouvre dans un nouvel onglet)\" href=\"http:\/\/sinedjib.com\/index.php\/2020\/02\/25\/kravchenko\/\" target=\"_blank\">Lien<\/a><\/p>\n\n\n\n<div class=\"wp-block-media-text alignwide has-media-on-the-right is-stacked-on-mobile is-image-fill\"><figure class=\"wp-block-media-text__media\" style=\"background-image:url(https:\/\/sinedjib.com\/wp-content\/uploads\/2021\/10\/Socialisme-ou-Barbarie-aout-septembre-1950.png);background-position:56.99999999999999% 61%\"><img data-recalc-dims=\"1\" loading=\"lazy\" decoding=\"async\" width=\"350\" height=\"557\" data-attachment-id=\"14282\" data-permalink=\"https:\/\/sinedjib.com\/index.php\/2021\/10\/09\/coree-fin-de-la-guerre-froide\/socialisme-ou-barbarie-aout-septembre-1950\/\" data-orig-file=\"https:\/\/i0.wp.com\/sinedjib.com\/wp-content\/uploads\/2021\/10\/Socialisme-ou-Barbarie-aout-septembre-1950.png?fit=350%2C557&amp;ssl=1\" data-orig-size=\"350,557\" data-comments-opened=\"1\" data-image-meta=\"{&quot;aperture&quot;:&quot;0&quot;,&quot;credit&quot;:&quot;&quot;,&quot;camera&quot;:&quot;&quot;,&quot;caption&quot;:&quot;&quot;,&quot;created_timestamp&quot;:&quot;0&quot;,&quot;copyright&quot;:&quot;&quot;,&quot;focal_length&quot;:&quot;0&quot;,&quot;iso&quot;:&quot;0&quot;,&quot;shutter_speed&quot;:&quot;0&quot;,&quot;title&quot;:&quot;&quot;,&quot;orientation&quot;:&quot;0&quot;}\" data-image-title=\"Socialisme-ou-Barbarie-aout-septembre-1950\" data-image-description=\"\" data-image-caption=\"\" data-medium-file=\"https:\/\/i0.wp.com\/sinedjib.com\/wp-content\/uploads\/2021\/10\/Socialisme-ou-Barbarie-aout-septembre-1950.png?fit=189%2C300&amp;ssl=1\" data-large-file=\"https:\/\/i0.wp.com\/sinedjib.com\/wp-content\/uploads\/2021\/10\/Socialisme-ou-Barbarie-aout-septembre-1950.png?fit=350%2C557&amp;ssl=1\" src=\"https:\/\/i0.wp.com\/sinedjib.com\/wp-content\/uploads\/2021\/10\/Socialisme-ou-Barbarie-aout-septembre-1950.png?resize=350%2C557&#038;ssl=1\" alt=\"\" class=\"wp-image-14282 size-full\" srcset=\"https:\/\/i0.wp.com\/sinedjib.com\/wp-content\/uploads\/2021\/10\/Socialisme-ou-Barbarie-aout-septembre-1950.png?w=350&amp;ssl=1 350w, https:\/\/i0.wp.com\/sinedjib.com\/wp-content\/uploads\/2021\/10\/Socialisme-ou-Barbarie-aout-septembre-1950.png?resize=189%2C300&amp;ssl=1 189w\" sizes=\"auto, (max-width: 350px) 100vw, 350px\" \/><\/figure><div class=\"wp-block-media-text__content\">\n<p>Jean L\u00e9ger, \u00ab\u00a0Le proc\u00e8s Kalandra\u00a0\u00bb, paru dans&nbsp;<em>Socialisme ou Barbarie<\/em>,&nbsp;n\u00b0 7, ao\u00fbt-septembre 1950. <a href=\"https:\/\/sinedjib.com\/index.php\/2021\/03\/18\/jean-leger-le-proces-kalandra\/\">Lien<\/a><\/p>\n\n\n\n<p class=\"has-normal-font-size\">\u00ab\u00a0Cor\u00e9e : fin de la \u00ab&nbsp;guerre froide&nbsp;\u00bb\u00a0\u00bb, paru dans <em>Socialisme ou Barbarie<\/em>, n\u00b0 7, ao\u00fbt-septembre 1950. <a href=\"https:\/\/sinedjib.com\/index.php\/2021\/10\/09\/coree-fin-de-la-guerre-froide\/\">Lien<\/a><\/p>\n<\/div><\/div>\n\n\n\n<p>Claude Lefort alias Claude Montal, \u00ab\u00a0Juin 36\u00a0\u00bb, <em>Socialisme ou Barbarie<\/em>, n\u00b0 18, janvier-mars 1956. <a href=\"https:\/\/sinedjib.com\/index.php\/2022\/07\/15\/claude-lefort-juin-36\/\">Lien<\/a><\/p>\n\n\n\n<p>\u00ab\u00a0Pozna\u0144\u00a0\u00bb, paru dans <em>Socialisme ou Barbarie<\/em>, n\u00b0 19, Volume IV (8e ann\u00e9e), juillet-septembre 1956. <a href=\"https:\/\/sinedjib.com\/index.php\/2023\/05\/01\/poznan\/\">Lien<\/a><\/p>\n\n\n\n<p>Jacques Signorelli alias Andr\u00e9 Garros, \u00ab&nbsp;La r\u00e9volution qui vient&nbsp;\u00bb, paru dans <em>Socialisme ou Barbarie<\/em>, n\u00b0 23, janvier-f\u00e9vrier 1958. <a href=\"https:\/\/sinedjib.com\/index.php\/2021\/12\/15\/jacques-signorelli-la-revolution-qui-vient\/\">Lien<\/a><\/p>\n\n\n\n<div class=\"wp-block-media-text alignwide is-stacked-on-mobile is-image-fill\"><figure class=\"wp-block-media-text__media\" style=\"background-image:url(https:\/\/sinedjib.com\/wp-content\/uploads\/2016\/05\/Socialisme-ou-Barbarie-juillet-1959.png);background-position:59% 66%\"><img data-recalc-dims=\"1\" loading=\"lazy\" decoding=\"async\" width=\"390\" height=\"630\" data-attachment-id=\"4020\" data-permalink=\"https:\/\/sinedjib.com\/index.php\/2016\/05\/22\/un-algerien-raconte-sa-vie\/socialisme-ou-barbarie-juillet-1959\/\" data-orig-file=\"https:\/\/i0.wp.com\/sinedjib.com\/wp-content\/uploads\/2016\/05\/Socialisme-ou-Barbarie-juillet-1959.png?fit=390%2C630&amp;ssl=1\" data-orig-size=\"390,630\" data-comments-opened=\"1\" data-image-meta=\"{&quot;aperture&quot;:&quot;0&quot;,&quot;credit&quot;:&quot;&quot;,&quot;camera&quot;:&quot;&quot;,&quot;caption&quot;:&quot;&quot;,&quot;created_timestamp&quot;:&quot;0&quot;,&quot;copyright&quot;:&quot;&quot;,&quot;focal_length&quot;:&quot;0&quot;,&quot;iso&quot;:&quot;0&quot;,&quot;shutter_speed&quot;:&quot;0&quot;,&quot;title&quot;:&quot;&quot;,&quot;orientation&quot;:&quot;0&quot;}\" data-image-title=\"Socialisme ou Barbarie juillet 1959\" data-image-description=\"\" data-image-caption=\"\" data-medium-file=\"https:\/\/i0.wp.com\/sinedjib.com\/wp-content\/uploads\/2016\/05\/Socialisme-ou-Barbarie-juillet-1959.png?fit=186%2C300&amp;ssl=1\" data-large-file=\"https:\/\/i0.wp.com\/sinedjib.com\/wp-content\/uploads\/2016\/05\/Socialisme-ou-Barbarie-juillet-1959.png?fit=390%2C630&amp;ssl=1\" src=\"https:\/\/i0.wp.com\/sinedjib.com\/wp-content\/uploads\/2016\/05\/Socialisme-ou-Barbarie-juillet-1959.png?resize=390%2C630&#038;ssl=1\" alt=\"\" class=\"wp-image-4020 size-full\" srcset=\"https:\/\/i0.wp.com\/sinedjib.com\/wp-content\/uploads\/2016\/05\/Socialisme-ou-Barbarie-juillet-1959.png?w=390&amp;ssl=1 390w, https:\/\/i0.wp.com\/sinedjib.com\/wp-content\/uploads\/2016\/05\/Socialisme-ou-Barbarie-juillet-1959.png?resize=186%2C300&amp;ssl=1 186w\" sizes=\"auto, (max-width: 390px) 100vw, 390px\" \/><\/figure><div class=\"wp-block-media-text__content\">\n<p>Martine Vidal, \u00ab\u00a0La la\u00efcit\u00e9 de l\u2019\u00e9cole publique\u00a0\u00bb, paru dans&nbsp;<em>Socialisme ou Barbarie<\/em>, n\u00b0 28, juillet-ao\u00fbt 1959. <a rel=\"noreferrer noopener\" aria-label=\"Lien (s\u2019ouvre dans un nouvel onglet)\" href=\"http:\/\/sinedjib.com\/index.php\/2018\/11\/26\/laicite\/\" target=\"_blank\">Lien<\/a><\/p>\n\n\n\n<p>\u00ab\u00a0Un alg\u00e9rien raconte sa vie\u00a0\u00bb, paru dans&nbsp;<em>Socialisme ou Barbarie<\/em>, n\u00b0 28, Juillet-Ao\u00fbt 1959. <a rel=\"noreferrer noopener\" aria-label=\"Lien (s\u2019ouvre dans un nouvel onglet)\" href=\"http:\/\/sinedjib.com\/index.php\/2016\/05\/22\/un-algerien-raconte-sa-vie\/\" target=\"_blank\">Lien<\/a><\/p>\n<\/div><\/div>\n\n\n\n<p>\u00ab\u00a0Un alg\u00e9rien raconte sa vie (II)\u00a0\u00bb, paru dans&nbsp;<em>Socialisme ou Barbarie<\/em>, n\u00b0 29, D\u00e9cembre 1959-F\u00e9vrier 1960. <a rel=\"noreferrer noopener\" aria-label=\"Lien (s\u2019ouvre dans un nouvel onglet)\" href=\"http:\/\/sinedjib.com\/index.php\/2016\/05\/20\/un-algerien-raconte-sa-vie-ii\/\" target=\"_blank\">Lien<\/a><\/p>\n\n\n\n<p>S\u00e9bastien de Diesbach alias S. Chatel, \u00ab\u00a0\u201cA bout de souffle\u201d de Jean-Luc Godard\u00a0\u00bb, paru dans&nbsp;<em>Socialisme ou Barbarie<\/em>, n\u00b0 31, d\u00e9cembre 1960-f\u00e9vrier 1961. <a href=\"https:\/\/sinedjib.com\/index.php\/2021\/09\/30\/sebastien-de-diesbach-a-bout-de-souffle-de-jean-luc-godard\/\">Lien<\/a><\/p>\n\n\n\n<p>Jean-Fran\u00e7ois Lyotard, \u00ab\u00a0En Alg\u00e9rie, une vague nouvelle\u00a0\u00bb, paru dans&nbsp;<em>Socialisme ou Barbarie<\/em>, n\u00b0 32, avril-juin 1961. <a href=\"https:\/\/sinedjib.com\/index.php\/2020\/12\/10\/jean-francois-lyotard-en-algerie-une-vague-nouvelle\/\">Lien<\/a><\/p>\n\n\n\n<p>Jean-Fran\u00e7ois Lyotard, \u00ab&nbsp;L\u2019Alg\u00e9rie \u00e9vacu\u00e9e&nbsp;\u00bb,&nbsp;<em>Socialisme ou Barbarie<\/em>, n\u00b0 34, mars-mai 1963. <a rel=\"noreferrer noopener\" aria-label=\"Lien (s\u2019ouvre dans un nouvel onglet)\" href=\"http:\/\/sinedjib.com\/index.php\/2018\/03\/03\/lyotard-algerie\/\" target=\"_blank\">Lien<\/a><\/p>\n\n\n\n<p>Christian Descamps, \u00ab\u00a0Daniel Gu\u00e9rin, Le Front populaire\u00a0\u00bb, paru dans <em>Socialisme ou Barbarie<\/em>, n\u00b0 35, janvier-mars 1964. <a href=\"https:\/\/sinedjib.com\/index.php\/2021\/12\/17\/christian-descamps-daniel-guerin-le-front-populaire\/\">Lien<\/a><\/p>\n\n\n\n<p>H\u00e9l\u00e8ne G\u00e9rard, \u00ab\u00a0Herbert Marcuse : Eros et civilisation\u00a0\u00bb, paru dans&nbsp;<em>Socialisme ou Barbarie<\/em>, n\u00b0 36, avril-juin 1964. <a href=\"http:\/\/sinedjib.com\/index.php\/2020\/02\/15\/marcuse-2\/\" target=\"_blank\" rel=\"noreferrer noopener\" aria-label=\"Lien (s\u2019ouvre dans un nouvel onglet)\">Lien<\/a><\/p>\n\n\n\n<p>Joseph Gabel, \u00ab\u00a0M. Garaudy, Kafka et le probl\u00e8me de l\u2019ali\u00e9nation\u00a0\u00bb, paru dans&nbsp;<em>Socialisme ou Barbarie<\/em>, n\u00b0 37, juillet-ao\u00fbt 1964.<strong> <\/strong><a rel=\"noreferrer noopener\" aria-label=\" (s\u2019ouvre dans un nouvel onglet)\" href=\"http:\/\/sinedjib.com\/index.php\/2020\/02\/02\/gabel\/\" target=\"_blank\">Lien<\/a><\/p>\n\n\n\n<div class=\"wp-block-media-text alignwide has-media-on-the-right is-stacked-on-mobile is-image-fill\"><figure class=\"wp-block-media-text__media\" style=\"background-image:url(https:\/\/sinedjib.com\/wp-content\/uploads\/2021\/04\/Socialisme-ou-Barbarie-octobre-1964.png);background-position:62% 75%\"><img data-recalc-dims=\"1\" loading=\"lazy\" decoding=\"async\" width=\"370\" height=\"587\" data-attachment-id=\"12240\" data-permalink=\"https:\/\/sinedjib.com\/index.php\/2021\/04\/20\/alain-gerard-les-jeux-olympiques-ou-le-ridicule-qui-ne-tue-pas-encore\/socialisme-ou-barbarie-octobre-1964\/\" data-orig-file=\"https:\/\/i0.wp.com\/sinedjib.com\/wp-content\/uploads\/2021\/04\/Socialisme-ou-Barbarie-octobre-1964.png?fit=370%2C587&amp;ssl=1\" data-orig-size=\"370,587\" data-comments-opened=\"1\" data-image-meta=\"{&quot;aperture&quot;:&quot;0&quot;,&quot;credit&quot;:&quot;&quot;,&quot;camera&quot;:&quot;&quot;,&quot;caption&quot;:&quot;&quot;,&quot;created_timestamp&quot;:&quot;0&quot;,&quot;copyright&quot;:&quot;&quot;,&quot;focal_length&quot;:&quot;0&quot;,&quot;iso&quot;:&quot;0&quot;,&quot;shutter_speed&quot;:&quot;0&quot;,&quot;title&quot;:&quot;&quot;,&quot;orientation&quot;:&quot;0&quot;}\" data-image-title=\"Socialisme-ou-Barbarie-octobre-1964\" data-image-description=\"\" data-image-caption=\"\" data-medium-file=\"https:\/\/i0.wp.com\/sinedjib.com\/wp-content\/uploads\/2021\/04\/Socialisme-ou-Barbarie-octobre-1964.png?fit=189%2C300&amp;ssl=1\" data-large-file=\"https:\/\/i0.wp.com\/sinedjib.com\/wp-content\/uploads\/2021\/04\/Socialisme-ou-Barbarie-octobre-1964.png?fit=370%2C587&amp;ssl=1\" src=\"https:\/\/i0.wp.com\/sinedjib.com\/wp-content\/uploads\/2021\/04\/Socialisme-ou-Barbarie-octobre-1964.png?resize=370%2C587&#038;ssl=1\" alt=\"\" class=\"wp-image-12240 size-full\" srcset=\"https:\/\/i0.wp.com\/sinedjib.com\/wp-content\/uploads\/2021\/04\/Socialisme-ou-Barbarie-octobre-1964.png?w=370&amp;ssl=1 370w, https:\/\/i0.wp.com\/sinedjib.com\/wp-content\/uploads\/2021\/04\/Socialisme-ou-Barbarie-octobre-1964.png?resize=189%2C300&amp;ssl=1 189w\" sizes=\"auto, (max-width: 370px) 100vw, 370px\" \/><\/figure><div class=\"wp-block-media-text__content\">\n<p class=\"has-normal-font-size\">Daniel Blanchard, \u00ab\u00a0Les \u00e9lections am\u00e9ricaines et le probl\u00e8me noir\u00a0\u00bb, paru dans&nbsp;<em>Socialisme ou Barbarie<\/em>, n\u00b0 38, octobre-d\u00e9cembre 1964. <a href=\"https:\/\/sinedjib.com\/index.php\/2021\/07\/12\/daniel-blanchard-les-elections-americaines-et-le-probleme-noir\/\">Lien<\/a><\/p>\n\n\n\n<p>Alain G\u00e9rard, \u00ab\u00a0Les jeux olympiques\u2026 ou le ridicule qui ne tue pas encore\u00a0\u00bb, paru dans&nbsp;<em>Socialisme ou Barbarie<\/em>, n\u00b0 38, octobre-d\u00e9cembre 1964. <a href=\"https:\/\/sinedjib.com\/index.php\/2021\/04\/20\/alain-gerard-les-jeux-olympiques-ou-le-ridicule-qui-ne-tue-pas-encore\/\">Lien<\/a><\/p>\n<\/div><\/div>\n\n\n\n<p>S\u00e9bastien de Diesbach, \u00ab\u00a0Pas de manifestation aujourd&rsquo;hui\u00a0\u00bb, paru dans&nbsp;<em>Socialisme ou Barbarie<\/em>, n\u00b0 40,&nbsp;juin-ao\u00fbt 1965. <a href=\"http:\/\/sinedjib.com\/index.php\/2020\/03\/03\/de-diesbach\/\">Lien<\/a><\/p>\n","protected":false},"excerpt":{"rendered":"<p>Cette page recense les 18 articles de\u00a0Socialisme ou Barbarie\u00a0publi\u00e9s sur ce site depuis le\u00a020 mai 2016. La revue fond\u00e9e par Cornelius Castoriadis a paru de 1949 \u00e0 1967. Les num\u00e9ros sont consultables et t\u00e9l\u00e9chargeables sur le site Archives Autonomies. Jean Seurel, \u00ab\u00a0Le proc\u00e8s Kravchenko\u00a0\u00bb, paru dans&nbsp;Socialisme ou Barbarie, n\u00b0 2, mai-juin 1949. Lien Jean L\u00e9ger, [&hellip;]<\/p>\n","protected":false},"author":1,"featured_media":0,"parent":5483,"menu_order":0,"comment_status":"closed","ping_status":"closed","template":"","meta":{"jetpack_post_was_ever_published":false,"footnotes":""},"class_list":["post-7023","page","type-page","status-publish","hentry"],"jetpack_sharing_enabled":true,"jetpack_shortlink":"https:\/\/wp.me\/P9lTYU-1Ph","jetpack_likes_enabled":true,"jetpack-related-posts":[{"id":22345,"url":"https:\/\/sinedjib.com\/index.php\/index-des-publications\/","url_meta":{"origin":7023,"position":0},"title":"Index des publications","author":"SiNedjib","date":"17\/03\/2024","format":false,"excerpt":"Cette page pr\u00e9sente un index des publications (bulletins, journaux, revues, etc.) dont cinq textes \u2013 ou plus \u2013 ont \u00e9t\u00e9 retranscrits sur ce site depuis 2012. La liste sera progressivement compl\u00e9t\u00e9e avec l\u2019ensemble des autres r\u00e9f\u00e9rences. A Alarme ; Alger R\u00e9publicain ; Alternative libertaire ; Arguments ; B Le Bolch\u00e9vik\u2026","rel":"","context":"Article similaire","block_context":{"text":"Article similaire","link":""},"img":{"alt_text":"","src":"","width":0,"height":0},"classes":[]},{"id":22320,"url":"https:\/\/sinedjib.com\/index.php\/la-pensee-socialiste\/","url_meta":{"origin":7023,"position":1},"title":"La Pens\u00e9e socialiste","author":"SiNedjib","date":"17\/03\/2024","format":false,"excerpt":"Cette page recense les 5 articles de La Pens\u00e9e socialiste publi\u00e9s sur ce site depuis le 22 janvier 2024. La revue, fond\u00e9e par Jean Rous, a paru de 1946 \u00e0 1948. Jean Cotereau, \"Socialisme et cl\u00e9ricalisme en 1946\", paru dans\u00a0La Pens\u00e9e socialiste, n\u00b0 6, juillet 1946. Lien Yves Dech\u00e9zelles, \"Les\u2026","rel":"","context":"Article similaire","block_context":{"text":"Article similaire","link":""},"img":{"alt_text":"","src":"https:\/\/i0.wp.com\/sinedjib.com\/wp-content\/uploads\/2024\/01\/La-Pensee-socialiste-juillet-1946-scaled.jpg?resize=350%2C200&ssl=1","width":350,"height":200,"srcset":"https:\/\/i0.wp.com\/sinedjib.com\/wp-content\/uploads\/2024\/01\/La-Pensee-socialiste-juillet-1946-scaled.jpg?resize=350%2C200&ssl=1 1x, https:\/\/i0.wp.com\/sinedjib.com\/wp-content\/uploads\/2024\/01\/La-Pensee-socialiste-juillet-1946-scaled.jpg?resize=525%2C300&ssl=1 1.5x, https:\/\/i0.wp.com\/sinedjib.com\/wp-content\/uploads\/2024\/01\/La-Pensee-socialiste-juillet-1946-scaled.jpg?resize=700%2C400&ssl=1 2x, https:\/\/i0.wp.com\/sinedjib.com\/wp-content\/uploads\/2024\/01\/La-Pensee-socialiste-juillet-1946-scaled.jpg?resize=1050%2C600&ssl=1 3x, https:\/\/i0.wp.com\/sinedjib.com\/wp-content\/uploads\/2024\/01\/La-Pensee-socialiste-juillet-1946-scaled.jpg?resize=1400%2C800&ssl=1 4x"},"classes":[]},{"id":7509,"url":"https:\/\/sinedjib.com\/index.php\/ressources\/courant-alternatif\/","url_meta":{"origin":7023,"position":2},"title":"Courant alternatif","author":"SiNedjib","date":"04\/04\/2020","format":false,"excerpt":"Cette page recense les 45 articles de Courant alternatif publi\u00e9s sur ce site depuis le 23 juillet 2018. Le mensuel de l'Organisation communiste libertaire a \u00e9t\u00e9 lanc\u00e9 en 1980. Les sommaires (jusqu'en 1991) sont consultables sur le site Archives Autonomies. \"Iran : la r\u00e9volution assi\u00e9g\u00e9e\u2026\", paru dans\u00a0Courant alternatif, n\u00b0 23,\u2026","rel":"","context":"Article similaire","block_context":{"text":"Article similaire","link":""},"img":{"alt_text":"","src":"https:\/\/i0.wp.com\/sinedjib.com\/wp-content\/uploads\/2021\/04\/Courant-alternatif-juin-1984.png?resize=350%2C200&ssl=1","width":350,"height":200},"classes":[]},{"id":13795,"url":"https:\/\/sinedjib.com\/index.php\/franc-tireur\/","url_meta":{"origin":7023,"position":3},"title":"Franc-Tireur","author":"SiNedjib","date":"02\/09\/2021","format":false,"excerpt":"Cette page recense les 19 articles de Franc-Tireur publi\u00e9s sur ce site depuis le 7 ao\u00fbt 2021. Le journal, initialement organe des Mouvements unis de r\u00e9sistance, a paru de 1941 \u00e0 1957. Il est consultable sur le site Gallica pour la p\u00e9riode 1944-1953. Marcel P\u00e9ju, \"Noces, d\u2019Albert Camus\", paru\u00a0dans\u00a0Franc-Tireur, 31\u2026","rel":"","context":"Article similaire","block_context":{"text":"Article similaire","link":""},"img":{"alt_text":"","src":"https:\/\/i0.wp.com\/sinedjib.com\/wp-content\/uploads\/2021\/08\/Franc-Tireur-31-aout-1945.png?resize=350%2C200&ssl=1","width":350,"height":200},"classes":[]},{"id":11279,"url":"https:\/\/sinedjib.com\/index.php\/le-bolchevik\/","url_meta":{"origin":7023,"position":4},"title":"Le Bolch\u00e9vik","author":"SiNedjib","date":"18\/01\/2021","format":false,"excerpt":"Cette page recense les 11 articles du Bolch\u00e9vik\u00a0publi\u00e9s sur ce site depuis le 15 d\u00e9cembre 2020. L\u2019organe de la Tendance spartaciste internationale\u00a0a \u00e9t\u00e9 lanc\u00e9 en 1976.\u00a0Les exemplaires du journal (jusqu'en 2011) sont t\u00e9l\u00e9chargeables sur le site\u00a0Marxists Internet Archive. \"Le massacre d\u2019octobre \u00e0 Alger\", paru dans Le Bolch\u00e9vik, n\u00b0 88, novembre\u2026","rel":"","context":"Article similaire","block_context":{"text":"Article similaire","link":""},"img":{"alt_text":"","src":"https:\/\/i0.wp.com\/sinedjib.com\/wp-content\/uploads\/2020\/12\/Le-Bolchevik-mars-1989.png?resize=350%2C200&ssl=1","width":350,"height":200},"classes":[]},{"id":5913,"url":"https:\/\/sinedjib.com\/index.php\/ressources\/pouvoir-ouvrier\/","url_meta":{"origin":7023,"position":5},"title":"Pouvoir ouvrier","author":"SiNedjib","date":"14\/06\/2019","format":false,"excerpt":"Cette page recense les 56 articles de Pouvoir ouvrier publi\u00e9s sur ce site depuis le 10 septembre 2016. Le bulletin, d'abord suppl\u00e9ment \u00e0 la revue Socialisme ou Barbarie, a paru de 1958 \u00e0 1969. Les sommaires sont consultables sur le site Archives Autonomie. \"Doit-on se sacrifier pour la grandeur de\u2026","rel":"","context":"Article similaire","block_context":{"text":"Article similaire","link":""},"img":{"alt_text":"","src":"https:\/\/i0.wp.com\/sinedjib.com\/wp-content\/uploads\/2020\/05\/Pouvoir-ouvrier-septembre-1959-2.png?resize=350%2C200&ssl=1","width":350,"height":200},"classes":[]}],"_links":{"self":[{"href":"https:\/\/sinedjib.com\/index.php\/wp-json\/wp\/v2\/pages\/7023","targetHints":{"allow":["GET"]}}],"collection":[{"href":"https:\/\/sinedjib.com\/index.php\/wp-json\/wp\/v2\/pages"}],"about":[{"href":"https:\/\/sinedjib.com\/index.php\/wp-json\/wp\/v2\/types\/page"}],"author":[{"embeddable":true,"href":"https:\/\/sinedjib.com\/index.php\/wp-json\/wp\/v2\/users\/1"}],"replies":[{"embeddable":true,"href":"https:\/\/sinedjib.com\/index.php\/wp-json\/wp\/v2\/comments?post=7023"}],"version-history":[{"count":14,"href":"https:\/\/sinedjib.com\/index.php\/wp-json\/wp\/v2\/pages\/7023\/revisions"}],"predecessor-version":[{"id":18680,"href":"https:\/\/sinedjib.com\/index.php\/wp-json\/wp\/v2\/pages\/7023\/revisions\/18680"}],"up":[{"embeddable":true,"href":"https:\/\/sinedjib.com\/index.php\/wp-json\/wp\/v2\/pages\/5483"}],"wp:attachment":[{"href":"https:\/\/sinedjib.com\/index.php\/wp-json\/wp\/v2\/media?parent=7023"}],"curies":[{"name":"wp","href":"https:\/\/api.w.org\/{rel}","templated":true}]}}